{"id":62130,"date":"2026-04-02T14:12:50","date_gmt":"2026-04-02T12:12:50","guid":{"rendered":"https:\/\/huntingeurope.be\/product\/vorn-filet-de-charge-10l\/"},"modified":"2026-04-02T14:12:56","modified_gmt":"2026-04-02T12:12:56","slug":"vorn-filet-de-charge-10l","status":"publish","type":"product","link":"https:\/\/huntingeurope.be\/fr\/produit\/vorn-filet-de-charge-10l\/","title":{"rendered":"Vorn &#8211; Filet de charge 10L"},"content":{"rendered":"","protected":false},"excerpt":{"rendered":"<p data-start=\"31\" data-end=\"189\">L\u00e9ger et polyvalent. Con\u00e7u pour une utilisation pratique dans le cadre du syst\u00e8me DLS. <\/p>\n<p data-start=\"191\" data-end=\"209\"><strong data-start=\"191\" data-end=\"209\">Sp\u00e9cificit\u00e9s :<\/strong><\/p>\n<ul data-start=\"210\" data-end=\"304\">\n<li data-section-id=\"68hmpa\" data-start=\"210\" data-end=\"225\">Capacit\u00e9 : 10L<\/li>\n<li data-section-id=\"1so055t\" data-start=\"226\" data-end=\"244\">Poids : 160 g<\/li>\n<li data-section-id=\"1dvi4vg\" data-start=\"245\" data-end=\"276\">Dimensions : 30 x 24 x 14 cm<\/li>\n<li data-section-id=\"1tptewl\" data-start=\"277\" data-end=\"304\">Mati\u00e8re : Cordura 500D<\/li>\n<\/ul>\n<p data-start=\"306\" data-end=\"319\"><strong data-start=\"306\" data-end=\"319\">Caract\u00e9ristiques :<\/strong><\/p>\n<ul data-start=\"320\" data-end=\"387\">\n<li data-section-id=\"1ss7pai\" data-start=\"320\" data-end=\"352\">Fermeture avec des bretelles sur le dessus<\/li>\n<li data-section-id=\"46f50o\" data-start=\"353\" data-end=\"387\">C\u00f4t\u00e9s en maille pour la ventilation<\/li>\n<\/ul>\n","protected":false},"featured_media":62132,"template":"","meta":{"_joinchat":[]},"product_brand":[],"product_cat":[516,530,517],"product_tag":[],"class_list":{"0":"post-62130","1":"product","2":"type-product","3":"status-publish","4":"has-post-thumbnail","6":"product_cat-battue-3","7":"product_cat-houses-sacs-et-malettes","8":"product_cat-pirsh-et-affut","10":"first","11":"instock","12":"taxable","13":"shipping-taxable","14":"purchasable","15":"product-type-simple"},"yoast_head":"<!-- This site is optimized with the Yoast SEO plugin v27.3 - https:\/\/yoast.com\/product\/yoast-seo-wordpress\/ -->\n<title>Vorn - Filet de charge 10L - Hunting Europe<\/title>\n<meta name=\"robots\" content=\"index, follow, max-snippet:-1, max-image-preview:large, max-video-preview:-1\" \/>\n<link rel=\"canonical\" href=\"https:\/\/huntingeurope.be\/fr\/produit\/vorn-filet-de-charge-10l\/\" \/>\n<meta property=\"og:locale\" content=\"fr_FR\" \/>\n<meta property=\"og:type\" content=\"article\" \/>\n<meta property=\"og:title\" content=\"Vorn - Filet de charge 10L - Hunting Europe\" \/>\n<meta property=\"og:description\" content=\"L\u00e9ger et polyvalent. Con\u00e7u pour une utilisation pratique dans le cadre du syst\u00e8me DLS. Sp\u00e9cificit\u00e9s :   Capacit\u00e9 : 10L  Poids : 160 g  Dimensions : 30 x 24 x 14 cm  Mati\u00e8re : Cordura 500D Caract\u00e9ristiques :   Fermeture avec des bretelles sur le dessus  C\u00f4t\u00e9s en maille pour la ventilation\" \/>\n<meta property=\"og:url\" content=\"https:\/\/huntingeurope.be\/fr\/produit\/vorn-filet-de-charge-10l\/\" \/>\n<meta property=\"og:site_name\" content=\"Hunting Europe\" \/>\n<meta property=\"article:publisher\" content=\"https:\/\/www.facebook.com\/jachtwinkel.europe\/\" \/>\n<meta property=\"article:modified_time\" content=\"2026-04-02T12:12:56+00:00\" \/>\n<meta property=\"og:image\" content=\"https:\/\/huntingeurope.be\/wp-content\/uploads\/2026\/04\/l10.jpg\" \/>\n\t<meta property=\"og:image:width\" content=\"1080\" \/>\n\t<meta property=\"og:image:height\" content=\"1080\" \/>\n\t<meta property=\"og:image:type\" content=\"image\/jpeg\" \/>\n<meta name=\"twitter:card\" content=\"summary_large_image\" \/>\n<script type=\"application\/ld+json\" class=\"yoast-schema-graph\">{\"@context\":\"https:\\\/\\\/schema.org\",\"@graph\":[{\"@type\":\"WebPage\",\"@id\":\"https:\\\/\\\/huntingeurope.be\\\/fr\\\/produit\\\/vorn-filet-de-charge-10l\\\/\",\"url\":\"https:\\\/\\\/huntingeurope.be\\\/fr\\\/produit\\\/vorn-filet-de-charge-10l\\\/\",\"name\":\"Vorn - Filet de charge 10L - Hunting Europe\",\"isPartOf\":{\"@id\":\"https:\\\/\\\/huntingeurope.be\\\/fr\\\/?lang=en\\\/#website\"},\"primaryImageOfPage\":{\"@id\":\"https:\\\/\\\/huntingeurope.be\\\/fr\\\/produit\\\/vorn-filet-de-charge-10l\\\/#primaryimage\"},\"image\":{\"@id\":\"https:\\\/\\\/huntingeurope.be\\\/fr\\\/produit\\\/vorn-filet-de-charge-10l\\\/#primaryimage\"},\"thumbnailUrl\":\"https:\\\/\\\/huntingeurope.be\\\/wp-content\\\/uploads\\\/2026\\\/04\\\/l10.jpg\",\"datePublished\":\"2026-04-02T12:12:50+00:00\",\"dateModified\":\"2026-04-02T12:12:56+00:00\",\"breadcrumb\":{\"@id\":\"https:\\\/\\\/huntingeurope.be\\\/fr\\\/produit\\\/vorn-filet-de-charge-10l\\\/#breadcrumb\"},\"inLanguage\":\"fr-FR\",\"potentialAction\":[{\"@type\":\"ReadAction\",\"target\":[\"https:\\\/\\\/huntingeurope.be\\\/fr\\\/produit\\\/vorn-filet-de-charge-10l\\\/\"]}]},{\"@type\":\"ImageObject\",\"inLanguage\":\"fr-FR\",\"@id\":\"https:\\\/\\\/huntingeurope.be\\\/fr\\\/produit\\\/vorn-filet-de-charge-10l\\\/#primaryimage\",\"url\":\"https:\\\/\\\/huntingeurope.be\\\/wp-content\\\/uploads\\\/2026\\\/04\\\/l10.jpg\",\"contentUrl\":\"https:\\\/\\\/huntingeurope.be\\\/wp-content\\\/uploads\\\/2026\\\/04\\\/l10.jpg\",\"width\":1080,\"height\":1080},{\"@type\":\"BreadcrumbList\",\"@id\":\"https:\\\/\\\/huntingeurope.be\\\/fr\\\/produit\\\/vorn-filet-de-charge-10l\\\/#breadcrumb\",\"itemListElement\":[{\"@type\":\"ListItem\",\"position\":1,\"name\":\"Home\",\"item\":\"https:\\\/\\\/huntingeurope.be\\\/fr\\\/\"},{\"@type\":\"ListItem\",\"position\":2,\"name\":\"Produits\",\"item\":\"https:\\\/\\\/huntingeurope.be\\\/fr\\\/shop\\\/\"},{\"@type\":\"ListItem\",\"position\":3,\"name\":\"Vorn &#8211; Filet de charge 10L\"}]},{\"@type\":\"WebSite\",\"@id\":\"https:\\\/\\\/huntingeurope.be\\\/fr\\\/?lang=en\\\/#website\",\"url\":\"https:\\\/\\\/huntingeurope.be\\\/fr\\\/?lang=en\\\/\",\"name\":\"Hunting Europe\",\"description\":\"Alles voor de jacht\",\"publisher\":{\"@id\":\"https:\\\/\\\/huntingeurope.be\\\/fr\\\/?lang=en\\\/#organization\"},\"potentialAction\":[{\"@type\":\"SearchAction\",\"target\":{\"@type\":\"EntryPoint\",\"urlTemplate\":\"https:\\\/\\\/huntingeurope.be\\\/fr\\\/?lang=en\\\/?s={search_term_string}\"},\"query-input\":{\"@type\":\"PropertyValueSpecification\",\"valueRequired\":true,\"valueName\":\"search_term_string\"}}],\"inLanguage\":\"fr-FR\"},{\"@type\":\"Organization\",\"@id\":\"https:\\\/\\\/huntingeurope.be\\\/fr\\\/?lang=en\\\/#organization\",\"name\":\"Hunting Europe\",\"url\":\"https:\\\/\\\/huntingeurope.be\\\/fr\\\/?lang=en\\\/\",\"logo\":{\"@type\":\"ImageObject\",\"inLanguage\":\"fr-FR\",\"@id\":\"https:\\\/\\\/huntingeurope.be\\\/fr\\\/?lang=en\\\/#\\\/schema\\\/logo\\\/image\\\/\",\"url\":\"https:\\\/\\\/huntingeurope.be\\\/wp-content\\\/uploads\\\/2021\\\/10\\\/Huntingeurope-1-1.png\",\"contentUrl\":\"https:\\\/\\\/huntingeurope.be\\\/wp-content\\\/uploads\\\/2021\\\/10\\\/Huntingeurope-1-1.png\",\"width\":280,\"height\":179,\"caption\":\"Hunting Europe\"},\"image\":{\"@id\":\"https:\\\/\\\/huntingeurope.be\\\/fr\\\/?lang=en\\\/#\\\/schema\\\/logo\\\/image\\\/\"},\"sameAs\":[\"https:\\\/\\\/www.facebook.com\\\/jachtwinkel.europe\\\/\",\"https:\\\/\\\/www.instagram.com\\\/huntingeurope\\\/\",\"https:\\\/\\\/www.youtube.com\\\/user\\\/NickolaySmet\\\/videos?view_as=subscriber\"]}]}<\/script>\n<!-- \/ Yoast SEO plugin. -->","yoast_head_json":{"title":"Vorn - Filet de charge 10L - Hunting Europe","robots":{"index":"index","follow":"follow","max-snippet":"max-snippet:-1","max-image-preview":"max-image-preview:large","max-video-preview":"max-video-preview:-1"},"canonical":"https:\/\/huntingeurope.be\/fr\/produit\/vorn-filet-de-charge-10l\/","og_locale":"fr_FR","og_type":"article","og_title":"Vorn - Filet de charge 10L - Hunting Europe","og_description":"L\u00e9ger et polyvalent. Con\u00e7u pour une utilisation pratique dans le cadre du syst\u00e8me DLS. Sp\u00e9cificit\u00e9s :   Capacit\u00e9 : 10L  Poids : 160 g  Dimensions : 30 x 24 x 14 cm  Mati\u00e8re : Cordura 500D Caract\u00e9ristiques :   Fermeture avec des bretelles sur le dessus  C\u00f4t\u00e9s en maille pour la ventilation","og_url":"https:\/\/huntingeurope.be\/fr\/produit\/vorn-filet-de-charge-10l\/","og_site_name":"Hunting Europe","article_publisher":"https:\/\/www.facebook.com\/jachtwinkel.europe\/","article_modified_time":"2026-04-02T12:12:56+00:00","og_image":[{"width":1080,"height":1080,"url":"https:\/\/huntingeurope.be\/wp-content\/uploads\/2026\/04\/l10.jpg","type":"image\/jpeg"}],"twitter_card":"summary_large_image","schema":{"@context":"https:\/\/schema.org","@graph":[{"@type":"WebPage","@id":"https:\/\/huntingeurope.be\/fr\/produit\/vorn-filet-de-charge-10l\/","url":"https:\/\/huntingeurope.be\/fr\/produit\/vorn-filet-de-charge-10l\/","name":"Vorn - Filet de charge 10L - Hunting Europe","isPartOf":{"@id":"https:\/\/huntingeurope.be\/fr\/?lang=en\/#website"},"primaryImageOfPage":{"@id":"https:\/\/huntingeurope.be\/fr\/produit\/vorn-filet-de-charge-10l\/#primaryimage"},"image":{"@id":"https:\/\/huntingeurope.be\/fr\/produit\/vorn-filet-de-charge-10l\/#primaryimage"},"thumbnailUrl":"https:\/\/huntingeurope.be\/wp-content\/uploads\/2026\/04\/l10.jpg","datePublished":"2026-04-02T12:12:50+00:00","dateModified":"2026-04-02T12:12:56+00:00","breadcrumb":{"@id":"https:\/\/huntingeurope.be\/fr\/produit\/vorn-filet-de-charge-10l\/#breadcrumb"},"inLanguage":"fr-FR","potentialAction":[{"@type":"ReadAction","target":["https:\/\/huntingeurope.be\/fr\/produit\/vorn-filet-de-charge-10l\/"]}]},{"@type":"ImageObject","inLanguage":"fr-FR","@id":"https:\/\/huntingeurope.be\/fr\/produit\/vorn-filet-de-charge-10l\/#primaryimage","url":"https:\/\/huntingeurope.be\/wp-content\/uploads\/2026\/04\/l10.jpg","contentUrl":"https:\/\/huntingeurope.be\/wp-content\/uploads\/2026\/04\/l10.jpg","width":1080,"height":1080},{"@type":"BreadcrumbList","@id":"https:\/\/huntingeurope.be\/fr\/produit\/vorn-filet-de-charge-10l\/#breadcrumb","itemListElement":[{"@type":"ListItem","position":1,"name":"Home","item":"https:\/\/huntingeurope.be\/fr\/"},{"@type":"ListItem","position":2,"name":"Produits","item":"https:\/\/huntingeurope.be\/fr\/shop\/"},{"@type":"ListItem","position":3,"name":"Vorn &#8211; Filet de charge 10L"}]},{"@type":"WebSite","@id":"https:\/\/huntingeurope.be\/fr\/?lang=en\/#website","url":"https:\/\/huntingeurope.be\/fr\/?lang=en\/","name":"Hunting Europe","description":"Alles voor de jacht","publisher":{"@id":"https:\/\/huntingeurope.be\/fr\/?lang=en\/#organization"},"potentialAction":[{"@type":"SearchAction","target":{"@type":"EntryPoint","urlTemplate":"https:\/\/huntingeurope.be\/fr\/?lang=en\/?s={search_term_string}"},"query-input":{"@type":"PropertyValueSpecification","valueRequired":true,"valueName":"search_term_string"}}],"inLanguage":"fr-FR"},{"@type":"Organization","@id":"https:\/\/huntingeurope.be\/fr\/?lang=en\/#organization","name":"Hunting Europe","url":"https:\/\/huntingeurope.be\/fr\/?lang=en\/","logo":{"@type":"ImageObject","inLanguage":"fr-FR","@id":"https:\/\/huntingeurope.be\/fr\/?lang=en\/#\/schema\/logo\/image\/","url":"https:\/\/huntingeurope.be\/wp-content\/uploads\/2021\/10\/Huntingeurope-1-1.png","contentUrl":"https:\/\/huntingeurope.be\/wp-content\/uploads\/2021\/10\/Huntingeurope-1-1.png","width":280,"height":179,"caption":"Hunting Europe"},"image":{"@id":"https:\/\/huntingeurope.be\/fr\/?lang=en\/#\/schema\/logo\/image\/"},"sameAs":["https:\/\/www.facebook.com\/jachtwinkel.europe\/","https:\/\/www.instagram.com\/huntingeurope\/","https:\/\/www.youtube.com\/user\/NickolaySmet\/videos?view_as=subscriber"]}]}},"df_price":40,"df_sale_price":"","df_regular_price":40,"df_image_link":"https:\/\/huntingeurope.be\/wp-content\/uploads\/2026\/04\/l10-300x300.jpg","_links":{"self":[{"href":"https:\/\/huntingeurope.be\/fr\/wp-json\/wp\/v2\/product\/62130","targetHints":{"allow":["GET"]}}],"collection":[{"href":"https:\/\/huntingeurope.be\/fr\/wp-json\/wp\/v2\/product"}],"about":[{"href":"https:\/\/huntingeurope.be\/fr\/wp-json\/wp\/v2\/types\/product"}],"wp:featuredmedia":[{"embeddable":true,"href":"https:\/\/huntingeurope.be\/fr\/wp-json\/wp\/v2\/media\/62132"}],"wp:attachment":[{"href":"https:\/\/huntingeurope.be\/fr\/wp-json\/wp\/v2\/media?parent=62130"}],"wp:term":[{"taxonomy":"product_brand","embeddable":true,"href":"https:\/\/huntingeurope.be\/fr\/wp-json\/wp\/v2\/product_brand?post=62130"},{"taxonomy":"product_cat","embeddable":true,"href":"https:\/\/huntingeurope.be\/fr\/wp-json\/wp\/v2\/product_cat?post=62130"},{"taxonomy":"product_tag","embeddable":true,"href":"https:\/\/huntingeurope.be\/fr\/wp-json\/wp\/v2\/product_tag?post=62130"}],"curies":[{"name":"wp","href":"https:\/\/api.w.org\/{rel}","templated":true}]}}