{"id":62117,"date":"2026-04-02T14:05:46","date_gmt":"2026-04-02T12:05:46","guid":{"rendered":"https:\/\/huntingeurope.be\/product\/vorn-housse-de-fusil-100cm\/"},"modified":"2026-04-02T14:05:53","modified_gmt":"2026-04-02T12:05:53","slug":"vorn-housse-de-fusil-100cm","status":"publish","type":"product","link":"https:\/\/huntingeurope.be\/fr\/produit\/vorn-housse-de-fusil-100cm\/","title":{"rendered":"Vorn &#8211; Housse de fusil 100cm"},"content":{"rendered":"","protected":false},"excerpt":{"rendered":"<p data-start=\"35\" data-end=\"152\">L\u00e9g\u00e8re et efficace, cette housse prot\u00e8ge votre fusil et vos optiques de la pluie, de la salet\u00e9 et des rayures pendant la chasse.<\/p>\n<p data-start=\"154\" data-end=\"172\"><strong data-start=\"154\" data-end=\"172\">Sp\u00e9cificit\u00e9s :<\/strong><\/p>\n<ul data-start=\"173\" data-end=\"238\">\n<li data-section-id=\"i4rfbw\" data-start=\"173\" data-end=\"191\">Longueur : 100 cm<\/li>\n<li data-section-id=\"mcr4w5\" data-start=\"192\" data-end=\"210\">Poids : 210 g<\/li>\n<li data-section-id=\"1tptewl\" data-start=\"211\" data-end=\"238\">Mati\u00e8re : Cordura 500D<\/li>\n<\/ul>\n<p data-start=\"240\" data-end=\"253\"><strong data-start=\"240\" data-end=\"253\">Caract\u00e9ristiques :<\/strong><\/p>\n<ul data-start=\"254\" data-end=\"299\">\n<li data-section-id=\"q0487l\" data-start=\"254\" data-end=\"299\">Garde le fusil et les optiques au sec et prot\u00e9g\u00e9s<\/li>\n<\/ul>\n","protected":false},"featured_media":62118,"template":"","meta":{"_joinchat":[]},"product_brand":[],"product_cat":[516,530,517],"product_tag":[],"class_list":{"0":"post-62117","1":"product","2":"type-product","3":"status-publish","4":"has-post-thumbnail","6":"product_cat-battue-3","7":"product_cat-houses-sacs-et-malettes","8":"product_cat-pirsh-et-affut","10":"first","11":"instock","12":"taxable","13":"shipping-taxable","14":"purchasable","15":"product-type-simple"},"yoast_head":"<!-- This site is optimized with the Yoast SEO plugin v27.4 - https:\/\/yoast.com\/product\/yoast-seo-wordpress\/ -->\n<title>Vorn - Housse de fusil 100cm - Hunting Europe<\/title>\n<meta name=\"robots\" content=\"index, follow, max-snippet:-1, max-image-preview:large, max-video-preview:-1\" \/>\n<link rel=\"canonical\" href=\"https:\/\/huntingeurope.be\/fr\/produit\/vorn-housse-de-fusil-100cm\/\" \/>\n<meta property=\"og:locale\" content=\"fr_FR\" \/>\n<meta property=\"og:type\" content=\"article\" \/>\n<meta property=\"og:title\" content=\"Vorn - Housse de fusil 100cm - Hunting Europe\" \/>\n<meta property=\"og:description\" content=\"L\u00e9g\u00e8re et efficace, cette housse prot\u00e8ge votre fusil et vos optiques de la pluie, de la salet\u00e9 et des rayures pendant la chasse. Sp\u00e9cificit\u00e9s :   Longueur : 100 cm  Poids : 210 g  Mati\u00e8re : Cordura 500D Caract\u00e9ristiques :   Garde le fusil et les optiques au sec et prot\u00e9g\u00e9s\" \/>\n<meta property=\"og:url\" content=\"https:\/\/huntingeurope.be\/fr\/produit\/vorn-housse-de-fusil-100cm\/\" \/>\n<meta property=\"og:site_name\" content=\"Hunting Europe\" \/>\n<meta property=\"article:publisher\" content=\"https:\/\/www.facebook.com\/jachtwinkel.europe\/\" \/>\n<meta property=\"article:modified_time\" content=\"2026-04-02T12:05:53+00:00\" \/>\n<meta property=\"og:image\" content=\"https:\/\/huntingeurope.be\/wp-content\/uploads\/2026\/04\/rc.jpg\" \/>\n\t<meta property=\"og:image:width\" content=\"1080\" \/>\n\t<meta property=\"og:image:height\" content=\"1080\" \/>\n\t<meta property=\"og:image:type\" content=\"image\/jpeg\" \/>\n<meta name=\"twitter:card\" content=\"summary_large_image\" \/>\n<script type=\"application\/ld+json\" class=\"yoast-schema-graph\">{\"@context\":\"https:\\\/\\\/schema.org\",\"@graph\":[{\"@type\":\"WebPage\",\"@id\":\"https:\\\/\\\/huntingeurope.be\\\/fr\\\/produit\\\/vorn-housse-de-fusil-100cm\\\/\",\"url\":\"https:\\\/\\\/huntingeurope.be\\\/fr\\\/produit\\\/vorn-housse-de-fusil-100cm\\\/\",\"name\":\"Vorn - Housse de fusil 100cm - Hunting Europe\",\"isPartOf\":{\"@id\":\"https:\\\/\\\/huntingeurope.be\\\/fr\\\/?lang=en\\\/#website\"},\"primaryImageOfPage\":{\"@id\":\"https:\\\/\\\/huntingeurope.be\\\/fr\\\/produit\\\/vorn-housse-de-fusil-100cm\\\/#primaryimage\"},\"image\":{\"@id\":\"https:\\\/\\\/huntingeurope.be\\\/fr\\\/produit\\\/vorn-housse-de-fusil-100cm\\\/#primaryimage\"},\"thumbnailUrl\":\"https:\\\/\\\/huntingeurope.be\\\/wp-content\\\/uploads\\\/2026\\\/04\\\/rc.jpg\",\"datePublished\":\"2026-04-02T12:05:46+00:00\",\"dateModified\":\"2026-04-02T12:05:53+00:00\",\"breadcrumb\":{\"@id\":\"https:\\\/\\\/huntingeurope.be\\\/fr\\\/produit\\\/vorn-housse-de-fusil-100cm\\\/#breadcrumb\"},\"inLanguage\":\"fr-FR\",\"potentialAction\":[{\"@type\":\"ReadAction\",\"target\":[\"https:\\\/\\\/huntingeurope.be\\\/fr\\\/produit\\\/vorn-housse-de-fusil-100cm\\\/\"]}]},{\"@type\":\"ImageObject\",\"inLanguage\":\"fr-FR\",\"@id\":\"https:\\\/\\\/huntingeurope.be\\\/fr\\\/produit\\\/vorn-housse-de-fusil-100cm\\\/#primaryimage\",\"url\":\"https:\\\/\\\/huntingeurope.be\\\/wp-content\\\/uploads\\\/2026\\\/04\\\/rc.jpg\",\"contentUrl\":\"https:\\\/\\\/huntingeurope.be\\\/wp-content\\\/uploads\\\/2026\\\/04\\\/rc.jpg\",\"width\":1080,\"height\":1080},{\"@type\":\"BreadcrumbList\",\"@id\":\"https:\\\/\\\/huntingeurope.be\\\/fr\\\/produit\\\/vorn-housse-de-fusil-100cm\\\/#breadcrumb\",\"itemListElement\":[{\"@type\":\"ListItem\",\"position\":1,\"name\":\"Home\",\"item\":\"https:\\\/\\\/huntingeurope.be\\\/fr\\\/\"},{\"@type\":\"ListItem\",\"position\":2,\"name\":\"Produits\",\"item\":\"https:\\\/\\\/huntingeurope.be\\\/fr\\\/shop\\\/\"},{\"@type\":\"ListItem\",\"position\":3,\"name\":\"Vorn &#8211; Housse de fusil 100cm\"}]},{\"@type\":\"WebSite\",\"@id\":\"https:\\\/\\\/huntingeurope.be\\\/fr\\\/?lang=en\\\/#website\",\"url\":\"https:\\\/\\\/huntingeurope.be\\\/fr\\\/?lang=en\\\/\",\"name\":\"Hunting Europe\",\"description\":\"Alles voor de jacht\",\"publisher\":{\"@id\":\"https:\\\/\\\/huntingeurope.be\\\/fr\\\/?lang=en\\\/#organization\"},\"potentialAction\":[{\"@type\":\"SearchAction\",\"target\":{\"@type\":\"EntryPoint\",\"urlTemplate\":\"https:\\\/\\\/huntingeurope.be\\\/fr\\\/?lang=en\\\/?s={search_term_string}\"},\"query-input\":{\"@type\":\"PropertyValueSpecification\",\"valueRequired\":true,\"valueName\":\"search_term_string\"}}],\"inLanguage\":\"fr-FR\"},{\"@type\":\"Organization\",\"@id\":\"https:\\\/\\\/huntingeurope.be\\\/fr\\\/?lang=en\\\/#organization\",\"name\":\"Hunting Europe\",\"url\":\"https:\\\/\\\/huntingeurope.be\\\/fr\\\/?lang=en\\\/\",\"logo\":{\"@type\":\"ImageObject\",\"inLanguage\":\"fr-FR\",\"@id\":\"https:\\\/\\\/huntingeurope.be\\\/fr\\\/?lang=en\\\/#\\\/schema\\\/logo\\\/image\\\/\",\"url\":\"https:\\\/\\\/huntingeurope.be\\\/wp-content\\\/uploads\\\/2021\\\/10\\\/Huntingeurope-1-1.png\",\"contentUrl\":\"https:\\\/\\\/huntingeurope.be\\\/wp-content\\\/uploads\\\/2021\\\/10\\\/Huntingeurope-1-1.png\",\"width\":280,\"height\":179,\"caption\":\"Hunting Europe\"},\"image\":{\"@id\":\"https:\\\/\\\/huntingeurope.be\\\/fr\\\/?lang=en\\\/#\\\/schema\\\/logo\\\/image\\\/\"},\"sameAs\":[\"https:\\\/\\\/www.facebook.com\\\/jachtwinkel.europe\\\/\",\"https:\\\/\\\/www.instagram.com\\\/huntingeurope\\\/\",\"https:\\\/\\\/www.youtube.com\\\/user\\\/NickolaySmet\\\/videos?view_as=subscriber\"]}]}<\/script>\n<!-- \/ Yoast SEO plugin. -->","yoast_head_json":{"title":"Vorn - Housse de fusil 100cm - Hunting Europe","robots":{"index":"index","follow":"follow","max-snippet":"max-snippet:-1","max-image-preview":"max-image-preview:large","max-video-preview":"max-video-preview:-1"},"canonical":"https:\/\/huntingeurope.be\/fr\/produit\/vorn-housse-de-fusil-100cm\/","og_locale":"fr_FR","og_type":"article","og_title":"Vorn - Housse de fusil 100cm - Hunting Europe","og_description":"L\u00e9g\u00e8re et efficace, cette housse prot\u00e8ge votre fusil et vos optiques de la pluie, de la salet\u00e9 et des rayures pendant la chasse. Sp\u00e9cificit\u00e9s :   Longueur : 100 cm  Poids : 210 g  Mati\u00e8re : Cordura 500D Caract\u00e9ristiques :   Garde le fusil et les optiques au sec et prot\u00e9g\u00e9s","og_url":"https:\/\/huntingeurope.be\/fr\/produit\/vorn-housse-de-fusil-100cm\/","og_site_name":"Hunting Europe","article_publisher":"https:\/\/www.facebook.com\/jachtwinkel.europe\/","article_modified_time":"2026-04-02T12:05:53+00:00","og_image":[{"width":1080,"height":1080,"url":"https:\/\/huntingeurope.be\/wp-content\/uploads\/2026\/04\/rc.jpg","type":"image\/jpeg"}],"twitter_card":"summary_large_image","schema":{"@context":"https:\/\/schema.org","@graph":[{"@type":"WebPage","@id":"https:\/\/huntingeurope.be\/fr\/produit\/vorn-housse-de-fusil-100cm\/","url":"https:\/\/huntingeurope.be\/fr\/produit\/vorn-housse-de-fusil-100cm\/","name":"Vorn - Housse de fusil 100cm - Hunting Europe","isPartOf":{"@id":"https:\/\/huntingeurope.be\/fr\/?lang=en\/#website"},"primaryImageOfPage":{"@id":"https:\/\/huntingeurope.be\/fr\/produit\/vorn-housse-de-fusil-100cm\/#primaryimage"},"image":{"@id":"https:\/\/huntingeurope.be\/fr\/produit\/vorn-housse-de-fusil-100cm\/#primaryimage"},"thumbnailUrl":"https:\/\/huntingeurope.be\/wp-content\/uploads\/2026\/04\/rc.jpg","datePublished":"2026-04-02T12:05:46+00:00","dateModified":"2026-04-02T12:05:53+00:00","breadcrumb":{"@id":"https:\/\/huntingeurope.be\/fr\/produit\/vorn-housse-de-fusil-100cm\/#breadcrumb"},"inLanguage":"fr-FR","potentialAction":[{"@type":"ReadAction","target":["https:\/\/huntingeurope.be\/fr\/produit\/vorn-housse-de-fusil-100cm\/"]}]},{"@type":"ImageObject","inLanguage":"fr-FR","@id":"https:\/\/huntingeurope.be\/fr\/produit\/vorn-housse-de-fusil-100cm\/#primaryimage","url":"https:\/\/huntingeurope.be\/wp-content\/uploads\/2026\/04\/rc.jpg","contentUrl":"https:\/\/huntingeurope.be\/wp-content\/uploads\/2026\/04\/rc.jpg","width":1080,"height":1080},{"@type":"BreadcrumbList","@id":"https:\/\/huntingeurope.be\/fr\/produit\/vorn-housse-de-fusil-100cm\/#breadcrumb","itemListElement":[{"@type":"ListItem","position":1,"name":"Home","item":"https:\/\/huntingeurope.be\/fr\/"},{"@type":"ListItem","position":2,"name":"Produits","item":"https:\/\/huntingeurope.be\/fr\/shop\/"},{"@type":"ListItem","position":3,"name":"Vorn &#8211; Housse de fusil 100cm"}]},{"@type":"WebSite","@id":"https:\/\/huntingeurope.be\/fr\/?lang=en\/#website","url":"https:\/\/huntingeurope.be\/fr\/?lang=en\/","name":"Hunting Europe","description":"Alles voor de jacht","publisher":{"@id":"https:\/\/huntingeurope.be\/fr\/?lang=en\/#organization"},"potentialAction":[{"@type":"SearchAction","target":{"@type":"EntryPoint","urlTemplate":"https:\/\/huntingeurope.be\/fr\/?lang=en\/?s={search_term_string}"},"query-input":{"@type":"PropertyValueSpecification","valueRequired":true,"valueName":"search_term_string"}}],"inLanguage":"fr-FR"},{"@type":"Organization","@id":"https:\/\/huntingeurope.be\/fr\/?lang=en\/#organization","name":"Hunting Europe","url":"https:\/\/huntingeurope.be\/fr\/?lang=en\/","logo":{"@type":"ImageObject","inLanguage":"fr-FR","@id":"https:\/\/huntingeurope.be\/fr\/?lang=en\/#\/schema\/logo\/image\/","url":"https:\/\/huntingeurope.be\/wp-content\/uploads\/2021\/10\/Huntingeurope-1-1.png","contentUrl":"https:\/\/huntingeurope.be\/wp-content\/uploads\/2021\/10\/Huntingeurope-1-1.png","width":280,"height":179,"caption":"Hunting Europe"},"image":{"@id":"https:\/\/huntingeurope.be\/fr\/?lang=en\/#\/schema\/logo\/image\/"},"sameAs":["https:\/\/www.facebook.com\/jachtwinkel.europe\/","https:\/\/www.instagram.com\/huntingeurope\/","https:\/\/www.youtube.com\/user\/NickolaySmet\/videos?view_as=subscriber"]}]}},"df_price":55,"df_sale_price":"","df_regular_price":55,"df_image_link":"https:\/\/huntingeurope.be\/wp-content\/uploads\/2026\/04\/rc-300x300.jpg","_links":{"self":[{"href":"https:\/\/huntingeurope.be\/fr\/wp-json\/wp\/v2\/product\/62117","targetHints":{"allow":["GET"]}}],"collection":[{"href":"https:\/\/huntingeurope.be\/fr\/wp-json\/wp\/v2\/product"}],"about":[{"href":"https:\/\/huntingeurope.be\/fr\/wp-json\/wp\/v2\/types\/product"}],"wp:featuredmedia":[{"embeddable":true,"href":"https:\/\/huntingeurope.be\/fr\/wp-json\/wp\/v2\/media\/62118"}],"wp:attachment":[{"href":"https:\/\/huntingeurope.be\/fr\/wp-json\/wp\/v2\/media?parent=62117"}],"wp:term":[{"taxonomy":"product_brand","embeddable":true,"href":"https:\/\/huntingeurope.be\/fr\/wp-json\/wp\/v2\/product_brand?post=62117"},{"taxonomy":"product_cat","embeddable":true,"href":"https:\/\/huntingeurope.be\/fr\/wp-json\/wp\/v2\/product_cat?post=62117"},{"taxonomy":"product_tag","embeddable":true,"href":"https:\/\/huntingeurope.be\/fr\/wp-json\/wp\/v2\/product_tag?post=62117"}],"curies":[{"name":"wp","href":"https:\/\/api.w.org\/{rel}","templated":true}]}}