{"id":62049,"date":"2026-04-02T13:39:18","date_gmt":"2026-04-02T11:39:18","guid":{"rendered":"https:\/\/huntingeurope.be\/product\/vorn-pochette-4l-2\/"},"modified":"2026-04-02T13:39:58","modified_gmt":"2026-04-02T11:39:58","slug":"vorn-pochette-4l-2","status":"publish","type":"product","link":"https:\/\/huntingeurope.be\/fr\/produit\/vorn-pochette-4l-2\/","title":{"rendered":"Vorn &#8211; Syst\u00e8me de cadre DLF"},"content":{"rendered":"","protected":false},"excerpt":{"rendered":"<p data-start=\"27\" data-end=\"203\">Le c\u0153ur du syst\u00e8me DLS, con\u00e7u pour une stabilit\u00e9 maximale et un confort de portage, m\u00eame avec de lourdes charges. Ce cadre robuste constitue la base parfaite pour tout chasseur s\u00e9rieux. <\/p>\n<p data-start=\"205\" data-end=\"334\">Fabriqu\u00e9 avec des mat\u00e9riaux de haute qualit\u00e9 et compatible avec tous les produits DLS, il vous permet de personnaliser enti\u00e8rement votre installation.<\/p>\n<p data-start=\"336\" data-end=\"354\"><strong data-start=\"336\" data-end=\"354\">Sp\u00e9cificit\u00e9s :<\/strong><\/p>\n<ul data-start=\"355\" data-end=\"555\">\n<li data-section-id=\"1y6735h\" data-start=\"355\" data-end=\"374\">Poids : 1130 g<\/li>\n<li data-section-id=\"8r7si6\" data-start=\"375\" data-end=\"407\">Dimensions du cadre : 57 x 27 cm<\/li>\n<li data-section-id=\"s780sr\" data-start=\"408\" data-end=\"453\">Mat\u00e9riau du cadre : polym\u00e8re renforc\u00e9 de fibres<\/li>\n<li data-section-id=\"18vcymp\" data-start=\"454\" data-end=\"481\">Pi\u00e8ces en Cordura 500D<\/li>\n<li data-section-id=\"qcu6vn\" data-start=\"482\" data-end=\"525\">Hauteur r\u00e9glable (pour 160-200 cm)<\/li>\n<li data-section-id=\"17ie222\" data-start=\"526\" data-end=\"555\">Capacit\u00e9 de charge jusqu&rsquo;\u00e0 50 kg<\/li>\n<\/ul>\n<p data-start=\"557\" data-end=\"570\"><strong data-start=\"557\" data-end=\"570\">Caract\u00e9ristiques :<\/strong><\/p>\n<ul data-start=\"571\" data-end=\"813\">\n<li data-section-id=\"126rdgw\" data-start=\"571\" data-end=\"616\">Cadre stable et rigide pour les charges lourdes<\/li>\n<li data-section-id=\"14oyl1g\" data-start=\"617\" data-end=\"652\">Compatible avec tous les modules DLS<\/li>\n<li data-section-id=\"7gt7gt\" data-start=\"653\" data-end=\"706\">Points d&rsquo;attache multiples pour l&rsquo;\u00e9quipement suppl\u00e9mentaire<\/li>\n<li data-section-id=\"1glo3h7\" data-start=\"707\" data-end=\"748\">Bretelles confortables et rembourr\u00e9es<\/li>\n<li data-section-id=\"yhneny\" data-start=\"749\" data-end=\"784\">Ceinture de hanche robuste avec MOLLE<\/li>\n<li data-section-id=\"sm6e6g\" data-start=\"785\" data-end=\"813\">R\u00e9glage rapide de la hauteur<\/li>\n<\/ul>\n<p data-start=\"815\" data-end=\"882\" data-is-last-node=\"\" data-is-only-node=\"\">La base d&rsquo;un syst\u00e8me de transport modulaire et puissant sur le terrain.<\/p>\n","protected":false},"featured_media":62050,"template":"","meta":{"_joinchat":[]},"product_brand":[],"product_cat":[516,530,517],"product_tag":[],"class_list":{"0":"post-62049","1":"product","2":"type-product","3":"status-publish","4":"has-post-thumbnail","6":"product_cat-battue-3","7":"product_cat-houses-sacs-et-malettes","8":"product_cat-pirsh-et-affut","10":"first","11":"instock","12":"taxable","13":"shipping-taxable","14":"purchasable","15":"product-type-simple"},"yoast_head":"<!-- This site is optimized with the Yoast SEO plugin v27.3 - https:\/\/yoast.com\/product\/yoast-seo-wordpress\/ -->\n<title>Vorn - Syst\u00e8me de cadre DLF - Hunting Europe<\/title>\n<meta name=\"robots\" content=\"index, follow, max-snippet:-1, max-image-preview:large, max-video-preview:-1\" \/>\n<link rel=\"canonical\" href=\"https:\/\/huntingeurope.be\/fr\/produit\/vorn-pochette-4l-2\/\" \/>\n<meta property=\"og:locale\" content=\"fr_FR\" \/>\n<meta property=\"og:type\" content=\"article\" \/>\n<meta property=\"og:title\" content=\"Vorn - Syst\u00e8me de cadre DLF - Hunting Europe\" \/>\n<meta property=\"og:description\" content=\"Le c\u0153ur du syst\u00e8me DLS, con\u00e7u pour une stabilit\u00e9 maximale et un confort de portage, m\u00eame avec de lourdes charges. Ce cadre robuste constitue la base parfaite pour tout chasseur s\u00e9rieux. Fabriqu\u00e9 avec des mat\u00e9riaux de haute qualit\u00e9 et compatible avec tous les produits DLS, il vous permet de personnaliser enti\u00e8rement votre installation. Sp\u00e9cificit\u00e9s :   Poids : 1130 g  Dimensions du cadre : 57 x 27 cm  Mat\u00e9riau du cadre : polym\u00e8re renforc\u00e9 de fibres  Pi\u00e8ces en Cordura 500D  Hauteur r\u00e9glable (pour 160-200 cm)  Capacit\u00e9 de charge jusqu&#039;\u00e0 50 kg Caract\u00e9ristiques :   Cadre stable et rigide pour les charges lourdes  Compatible avec tous les modules DLS  Points d&#039;attache multiples pour l&#039;\u00e9quipement suppl\u00e9mentaire  Bretelles confortables et rembourr\u00e9es  Ceinture de hanche robuste avec MOLLE  R\u00e9glage rapide de la hauteur La base d&#039;un syst\u00e8me de transport modulaire et puissant sur le terrain.\" \/>\n<meta property=\"og:url\" content=\"https:\/\/huntingeurope.be\/fr\/produit\/vorn-pochette-4l-2\/\" \/>\n<meta property=\"og:site_name\" content=\"Hunting Europe\" \/>\n<meta property=\"article:publisher\" content=\"https:\/\/www.facebook.com\/jachtwinkel.europe\/\" \/>\n<meta property=\"article:modified_time\" content=\"2026-04-02T11:39:58+00:00\" \/>\n<meta property=\"og:image\" content=\"https:\/\/huntingeurope.be\/wp-content\/uploads\/2026\/04\/dlf-1.jpg\" \/>\n\t<meta property=\"og:image:width\" content=\"1080\" \/>\n\t<meta property=\"og:image:height\" content=\"1080\" \/>\n\t<meta property=\"og:image:type\" content=\"image\/jpeg\" \/>\n<meta name=\"twitter:card\" content=\"summary_large_image\" \/>\n<script type=\"application\/ld+json\" class=\"yoast-schema-graph\">{\"@context\":\"https:\\\/\\\/schema.org\",\"@graph\":[{\"@type\":\"WebPage\",\"@id\":\"https:\\\/\\\/huntingeurope.be\\\/fr\\\/produit\\\/vorn-pochette-4l-2\\\/\",\"url\":\"https:\\\/\\\/huntingeurope.be\\\/fr\\\/produit\\\/vorn-pochette-4l-2\\\/\",\"name\":\"Vorn - Syst\u00e8me de cadre DLF - Hunting Europe\",\"isPartOf\":{\"@id\":\"https:\\\/\\\/huntingeurope.be\\\/fr\\\/?lang=en\\\/#website\"},\"primaryImageOfPage\":{\"@id\":\"https:\\\/\\\/huntingeurope.be\\\/fr\\\/produit\\\/vorn-pochette-4l-2\\\/#primaryimage\"},\"image\":{\"@id\":\"https:\\\/\\\/huntingeurope.be\\\/fr\\\/produit\\\/vorn-pochette-4l-2\\\/#primaryimage\"},\"thumbnailUrl\":\"https:\\\/\\\/huntingeurope.be\\\/wp-content\\\/uploads\\\/2026\\\/04\\\/dlf-1.jpg\",\"datePublished\":\"2026-04-02T11:39:18+00:00\",\"dateModified\":\"2026-04-02T11:39:58+00:00\",\"breadcrumb\":{\"@id\":\"https:\\\/\\\/huntingeurope.be\\\/fr\\\/produit\\\/vorn-pochette-4l-2\\\/#breadcrumb\"},\"inLanguage\":\"fr-FR\",\"potentialAction\":[{\"@type\":\"ReadAction\",\"target\":[\"https:\\\/\\\/huntingeurope.be\\\/fr\\\/produit\\\/vorn-pochette-4l-2\\\/\"]}]},{\"@type\":\"ImageObject\",\"inLanguage\":\"fr-FR\",\"@id\":\"https:\\\/\\\/huntingeurope.be\\\/fr\\\/produit\\\/vorn-pochette-4l-2\\\/#primaryimage\",\"url\":\"https:\\\/\\\/huntingeurope.be\\\/wp-content\\\/uploads\\\/2026\\\/04\\\/dlf-1.jpg\",\"contentUrl\":\"https:\\\/\\\/huntingeurope.be\\\/wp-content\\\/uploads\\\/2026\\\/04\\\/dlf-1.jpg\",\"width\":1080,\"height\":1080},{\"@type\":\"BreadcrumbList\",\"@id\":\"https:\\\/\\\/huntingeurope.be\\\/fr\\\/produit\\\/vorn-pochette-4l-2\\\/#breadcrumb\",\"itemListElement\":[{\"@type\":\"ListItem\",\"position\":1,\"name\":\"Home\",\"item\":\"https:\\\/\\\/huntingeurope.be\\\/fr\\\/\"},{\"@type\":\"ListItem\",\"position\":2,\"name\":\"Produits\",\"item\":\"https:\\\/\\\/huntingeurope.be\\\/fr\\\/shop\\\/\"},{\"@type\":\"ListItem\",\"position\":3,\"name\":\"Vorn &#8211; Syst\u00e8me de cadre DLF\"}]},{\"@type\":\"WebSite\",\"@id\":\"https:\\\/\\\/huntingeurope.be\\\/fr\\\/?lang=en\\\/#website\",\"url\":\"https:\\\/\\\/huntingeurope.be\\\/fr\\\/?lang=en\\\/\",\"name\":\"Hunting Europe\",\"description\":\"Alles voor de jacht\",\"publisher\":{\"@id\":\"https:\\\/\\\/huntingeurope.be\\\/fr\\\/?lang=en\\\/#organization\"},\"potentialAction\":[{\"@type\":\"SearchAction\",\"target\":{\"@type\":\"EntryPoint\",\"urlTemplate\":\"https:\\\/\\\/huntingeurope.be\\\/fr\\\/?lang=en\\\/?s={search_term_string}\"},\"query-input\":{\"@type\":\"PropertyValueSpecification\",\"valueRequired\":true,\"valueName\":\"search_term_string\"}}],\"inLanguage\":\"fr-FR\"},{\"@type\":\"Organization\",\"@id\":\"https:\\\/\\\/huntingeurope.be\\\/fr\\\/?lang=en\\\/#organization\",\"name\":\"Hunting Europe\",\"url\":\"https:\\\/\\\/huntingeurope.be\\\/fr\\\/?lang=en\\\/\",\"logo\":{\"@type\":\"ImageObject\",\"inLanguage\":\"fr-FR\",\"@id\":\"https:\\\/\\\/huntingeurope.be\\\/fr\\\/?lang=en\\\/#\\\/schema\\\/logo\\\/image\\\/\",\"url\":\"https:\\\/\\\/huntingeurope.be\\\/wp-content\\\/uploads\\\/2021\\\/10\\\/Huntingeurope-1-1.png\",\"contentUrl\":\"https:\\\/\\\/huntingeurope.be\\\/wp-content\\\/uploads\\\/2021\\\/10\\\/Huntingeurope-1-1.png\",\"width\":280,\"height\":179,\"caption\":\"Hunting Europe\"},\"image\":{\"@id\":\"https:\\\/\\\/huntingeurope.be\\\/fr\\\/?lang=en\\\/#\\\/schema\\\/logo\\\/image\\\/\"},\"sameAs\":[\"https:\\\/\\\/www.facebook.com\\\/jachtwinkel.europe\\\/\",\"https:\\\/\\\/www.instagram.com\\\/huntingeurope\\\/\",\"https:\\\/\\\/www.youtube.com\\\/user\\\/NickolaySmet\\\/videos?view_as=subscriber\"]}]}<\/script>\n<!-- \/ Yoast SEO plugin. -->","yoast_head_json":{"title":"Vorn - Syst\u00e8me de cadre DLF - Hunting Europe","robots":{"index":"index","follow":"follow","max-snippet":"max-snippet:-1","max-image-preview":"max-image-preview:large","max-video-preview":"max-video-preview:-1"},"canonical":"https:\/\/huntingeurope.be\/fr\/produit\/vorn-pochette-4l-2\/","og_locale":"fr_FR","og_type":"article","og_title":"Vorn - Syst\u00e8me de cadre DLF - Hunting Europe","og_description":"Le c\u0153ur du syst\u00e8me DLS, con\u00e7u pour une stabilit\u00e9 maximale et un confort de portage, m\u00eame avec de lourdes charges. Ce cadre robuste constitue la base parfaite pour tout chasseur s\u00e9rieux. Fabriqu\u00e9 avec des mat\u00e9riaux de haute qualit\u00e9 et compatible avec tous les produits DLS, il vous permet de personnaliser enti\u00e8rement votre installation. Sp\u00e9cificit\u00e9s :   Poids : 1130 g  Dimensions du cadre : 57 x 27 cm  Mat\u00e9riau du cadre : polym\u00e8re renforc\u00e9 de fibres  Pi\u00e8ces en Cordura 500D  Hauteur r\u00e9glable (pour 160-200 cm)  Capacit\u00e9 de charge jusqu'\u00e0 50 kg Caract\u00e9ristiques :   Cadre stable et rigide pour les charges lourdes  Compatible avec tous les modules DLS  Points d'attache multiples pour l'\u00e9quipement suppl\u00e9mentaire  Bretelles confortables et rembourr\u00e9es  Ceinture de hanche robuste avec MOLLE  R\u00e9glage rapide de la hauteur La base d'un syst\u00e8me de transport modulaire et puissant sur le terrain.","og_url":"https:\/\/huntingeurope.be\/fr\/produit\/vorn-pochette-4l-2\/","og_site_name":"Hunting Europe","article_publisher":"https:\/\/www.facebook.com\/jachtwinkel.europe\/","article_modified_time":"2026-04-02T11:39:58+00:00","og_image":[{"width":1080,"height":1080,"url":"https:\/\/huntingeurope.be\/wp-content\/uploads\/2026\/04\/dlf-1.jpg","type":"image\/jpeg"}],"twitter_card":"summary_large_image","schema":{"@context":"https:\/\/schema.org","@graph":[{"@type":"WebPage","@id":"https:\/\/huntingeurope.be\/fr\/produit\/vorn-pochette-4l-2\/","url":"https:\/\/huntingeurope.be\/fr\/produit\/vorn-pochette-4l-2\/","name":"Vorn - Syst\u00e8me de cadre DLF - Hunting Europe","isPartOf":{"@id":"https:\/\/huntingeurope.be\/fr\/?lang=en\/#website"},"primaryImageOfPage":{"@id":"https:\/\/huntingeurope.be\/fr\/produit\/vorn-pochette-4l-2\/#primaryimage"},"image":{"@id":"https:\/\/huntingeurope.be\/fr\/produit\/vorn-pochette-4l-2\/#primaryimage"},"thumbnailUrl":"https:\/\/huntingeurope.be\/wp-content\/uploads\/2026\/04\/dlf-1.jpg","datePublished":"2026-04-02T11:39:18+00:00","dateModified":"2026-04-02T11:39:58+00:00","breadcrumb":{"@id":"https:\/\/huntingeurope.be\/fr\/produit\/vorn-pochette-4l-2\/#breadcrumb"},"inLanguage":"fr-FR","potentialAction":[{"@type":"ReadAction","target":["https:\/\/huntingeurope.be\/fr\/produit\/vorn-pochette-4l-2\/"]}]},{"@type":"ImageObject","inLanguage":"fr-FR","@id":"https:\/\/huntingeurope.be\/fr\/produit\/vorn-pochette-4l-2\/#primaryimage","url":"https:\/\/huntingeurope.be\/wp-content\/uploads\/2026\/04\/dlf-1.jpg","contentUrl":"https:\/\/huntingeurope.be\/wp-content\/uploads\/2026\/04\/dlf-1.jpg","width":1080,"height":1080},{"@type":"BreadcrumbList","@id":"https:\/\/huntingeurope.be\/fr\/produit\/vorn-pochette-4l-2\/#breadcrumb","itemListElement":[{"@type":"ListItem","position":1,"name":"Home","item":"https:\/\/huntingeurope.be\/fr\/"},{"@type":"ListItem","position":2,"name":"Produits","item":"https:\/\/huntingeurope.be\/fr\/shop\/"},{"@type":"ListItem","position":3,"name":"Vorn &#8211; Syst\u00e8me de cadre DLF"}]},{"@type":"WebSite","@id":"https:\/\/huntingeurope.be\/fr\/?lang=en\/#website","url":"https:\/\/huntingeurope.be\/fr\/?lang=en\/","name":"Hunting Europe","description":"Alles voor de jacht","publisher":{"@id":"https:\/\/huntingeurope.be\/fr\/?lang=en\/#organization"},"potentialAction":[{"@type":"SearchAction","target":{"@type":"EntryPoint","urlTemplate":"https:\/\/huntingeurope.be\/fr\/?lang=en\/?s={search_term_string}"},"query-input":{"@type":"PropertyValueSpecification","valueRequired":true,"valueName":"search_term_string"}}],"inLanguage":"fr-FR"},{"@type":"Organization","@id":"https:\/\/huntingeurope.be\/fr\/?lang=en\/#organization","name":"Hunting Europe","url":"https:\/\/huntingeurope.be\/fr\/?lang=en\/","logo":{"@type":"ImageObject","inLanguage":"fr-FR","@id":"https:\/\/huntingeurope.be\/fr\/?lang=en\/#\/schema\/logo\/image\/","url":"https:\/\/huntingeurope.be\/wp-content\/uploads\/2021\/10\/Huntingeurope-1-1.png","contentUrl":"https:\/\/huntingeurope.be\/wp-content\/uploads\/2021\/10\/Huntingeurope-1-1.png","width":280,"height":179,"caption":"Hunting Europe"},"image":{"@id":"https:\/\/huntingeurope.be\/fr\/?lang=en\/#\/schema\/logo\/image\/"},"sameAs":["https:\/\/www.facebook.com\/jachtwinkel.europe\/","https:\/\/www.instagram.com\/huntingeurope\/","https:\/\/www.youtube.com\/user\/NickolaySmet\/videos?view_as=subscriber"]}]}},"df_price":215,"df_sale_price":"","df_regular_price":215,"df_image_link":"https:\/\/huntingeurope.be\/wp-content\/uploads\/2026\/04\/dlf-1-300x300.jpg","_links":{"self":[{"href":"https:\/\/huntingeurope.be\/fr\/wp-json\/wp\/v2\/product\/62049","targetHints":{"allow":["GET"]}}],"collection":[{"href":"https:\/\/huntingeurope.be\/fr\/wp-json\/wp\/v2\/product"}],"about":[{"href":"https:\/\/huntingeurope.be\/fr\/wp-json\/wp\/v2\/types\/product"}],"wp:featuredmedia":[{"embeddable":true,"href":"https:\/\/huntingeurope.be\/fr\/wp-json\/wp\/v2\/media\/62050"}],"wp:attachment":[{"href":"https:\/\/huntingeurope.be\/fr\/wp-json\/wp\/v2\/media?parent=62049"}],"wp:term":[{"taxonomy":"product_brand","embeddable":true,"href":"https:\/\/huntingeurope.be\/fr\/wp-json\/wp\/v2\/product_brand?post=62049"},{"taxonomy":"product_cat","embeddable":true,"href":"https:\/\/huntingeurope.be\/fr\/wp-json\/wp\/v2\/product_cat?post=62049"},{"taxonomy":"product_tag","embeddable":true,"href":"https:\/\/huntingeurope.be\/fr\/wp-json\/wp\/v2\/product_tag?post=62049"}],"curies":[{"name":"wp","href":"https:\/\/api.w.org\/{rel}","templated":true}]}}