{"id":60866,"date":"2026-02-18T09:06:30","date_gmt":"2026-02-18T08:06:30","guid":{"rendered":"https:\/\/huntingeurope.be\/product\/pinces-a-filet-camouflage-110-mm-lot-de-4-pieces\/"},"modified":"2026-02-18T09:06:36","modified_gmt":"2026-02-18T08:06:36","slug":"pinces-a-filet-camouflage-110-mm-lot-de-4-pieces","status":"publish","type":"product","link":"https:\/\/huntingeurope.be\/fr\/produit\/pinces-a-filet-camouflage-110-mm-lot-de-4-pieces\/","title":{"rendered":"Pinces \u00e0 filet camouflage 110 mm &#8211; lot de 4 pi\u00e8ces"},"content":{"rendered":"","protected":false},"excerpt":{"rendered":"<p>Pratiques et faciles \u00e0 utiliser, ces pinces \u00e0 filet de camouflage de 110 mm sont id\u00e9ales pour fixer solidement les filets de camouflage. Elles permettent une installation stable et soign\u00e9e et conviennent aux tiges t\u00e9lescopiques. Le prix indiqu\u00e9 correspond \u00e0 un jeu de 4 pinces.  <\/p>\n","protected":false},"featured_media":60827,"template":"","meta":{"_joinchat":[]},"product_brand":[],"product_cat":[546],"product_tag":[],"class_list":{"0":"post-60866","1":"product","2":"type-product","3":"status-publish","4":"has-post-thumbnail","6":"product_cat-filets-de-camouflage","8":"first","9":"instock","10":"taxable","11":"shipping-taxable","12":"purchasable","13":"product-type-simple"},"yoast_head":"<!-- This site is optimized with the Yoast SEO plugin v27.6 - https:\/\/yoast.com\/product\/yoast-seo-wordpress\/ -->\n<title>Pinces \u00e0 filet camouflage 110 mm - lot de 4 pi\u00e8ces - Hunting Europe<\/title>\n<meta name=\"robots\" content=\"index, follow, max-snippet:-1, max-image-preview:large, max-video-preview:-1\" \/>\n<link rel=\"canonical\" href=\"https:\/\/huntingeurope.be\/fr\/produit\/pinces-a-filet-camouflage-110-mm-lot-de-4-pieces\/\" \/>\n<meta property=\"og:locale\" content=\"fr_FR\" \/>\n<meta property=\"og:type\" content=\"article\" \/>\n<meta property=\"og:title\" content=\"Pinces \u00e0 filet camouflage 110 mm - lot de 4 pi\u00e8ces - Hunting Europe\" \/>\n<meta property=\"og:description\" content=\"Pratiques et faciles \u00e0 utiliser, ces pinces \u00e0 filet de camouflage de 110 mm sont id\u00e9ales pour fixer solidement les filets de camouflage. Elles permettent une installation stable et soign\u00e9e et conviennent aux tiges t\u00e9lescopiques. Le prix indiqu\u00e9 correspond \u00e0 un jeu de 4 pinces.\" \/>\n<meta property=\"og:url\" content=\"https:\/\/huntingeurope.be\/fr\/produit\/pinces-a-filet-camouflage-110-mm-lot-de-4-pieces\/\" \/>\n<meta property=\"og:site_name\" content=\"Hunting Europe\" \/>\n<meta property=\"article:publisher\" content=\"https:\/\/www.facebook.com\/jachtwinkel.europe\/\" \/>\n<meta property=\"article:modified_time\" content=\"2026-02-18T08:06:36+00:00\" \/>\n<meta property=\"og:image\" content=\"https:\/\/huntingeurope.be\/wp-content\/uploads\/2026\/02\/plcl-clamp90_150x150.jpg\" \/>\n\t<meta property=\"og:image:width\" content=\"600\" \/>\n\t<meta property=\"og:image:height\" content=\"600\" \/>\n\t<meta property=\"og:image:type\" content=\"image\/jpeg\" \/>\n<meta name=\"twitter:card\" content=\"summary_large_image\" \/>\n<script type=\"application\/ld+json\" class=\"yoast-schema-graph\">{\"@context\":\"https:\\\/\\\/schema.org\",\"@graph\":[{\"@type\":\"WebPage\",\"@id\":\"https:\\\/\\\/huntingeurope.be\\\/fr\\\/produit\\\/pinces-a-filet-camouflage-110-mm-lot-de-4-pieces\\\/\",\"url\":\"https:\\\/\\\/huntingeurope.be\\\/fr\\\/produit\\\/pinces-a-filet-camouflage-110-mm-lot-de-4-pieces\\\/\",\"name\":\"Pinces \u00e0 filet camouflage 110 mm - lot de 4 pi\u00e8ces - Hunting Europe\",\"isPartOf\":{\"@id\":\"https:\\\/\\\/huntingeurope.be\\\/fr\\\/?lang=en\\\/#website\"},\"primaryImageOfPage\":{\"@id\":\"https:\\\/\\\/huntingeurope.be\\\/fr\\\/produit\\\/pinces-a-filet-camouflage-110-mm-lot-de-4-pieces\\\/#primaryimage\"},\"image\":{\"@id\":\"https:\\\/\\\/huntingeurope.be\\\/fr\\\/produit\\\/pinces-a-filet-camouflage-110-mm-lot-de-4-pieces\\\/#primaryimage\"},\"thumbnailUrl\":\"https:\\\/\\\/huntingeurope.be\\\/wp-content\\\/uploads\\\/2026\\\/02\\\/plcl-clamp90_150x150.jpg\",\"datePublished\":\"2026-02-18T08:06:30+00:00\",\"dateModified\":\"2026-02-18T08:06:36+00:00\",\"breadcrumb\":{\"@id\":\"https:\\\/\\\/huntingeurope.be\\\/fr\\\/produit\\\/pinces-a-filet-camouflage-110-mm-lot-de-4-pieces\\\/#breadcrumb\"},\"inLanguage\":\"fr-FR\",\"potentialAction\":[{\"@type\":\"ReadAction\",\"target\":[\"https:\\\/\\\/huntingeurope.be\\\/fr\\\/produit\\\/pinces-a-filet-camouflage-110-mm-lot-de-4-pieces\\\/\"]}]},{\"@type\":\"ImageObject\",\"inLanguage\":\"fr-FR\",\"@id\":\"https:\\\/\\\/huntingeurope.be\\\/fr\\\/produit\\\/pinces-a-filet-camouflage-110-mm-lot-de-4-pieces\\\/#primaryimage\",\"url\":\"https:\\\/\\\/huntingeurope.be\\\/wp-content\\\/uploads\\\/2026\\\/02\\\/plcl-clamp90_150x150.jpg\",\"contentUrl\":\"https:\\\/\\\/huntingeurope.be\\\/wp-content\\\/uploads\\\/2026\\\/02\\\/plcl-clamp90_150x150.jpg\",\"width\":600,\"height\":600},{\"@type\":\"BreadcrumbList\",\"@id\":\"https:\\\/\\\/huntingeurope.be\\\/fr\\\/produit\\\/pinces-a-filet-camouflage-110-mm-lot-de-4-pieces\\\/#breadcrumb\",\"itemListElement\":[{\"@type\":\"ListItem\",\"position\":1,\"name\":\"Home\",\"item\":\"https:\\\/\\\/huntingeurope.be\\\/fr\\\/\"},{\"@type\":\"ListItem\",\"position\":2,\"name\":\"Produits\",\"item\":\"https:\\\/\\\/huntingeurope.be\\\/fr\\\/shop\\\/\"},{\"@type\":\"ListItem\",\"position\":3,\"name\":\"Pinces \u00e0 filet camouflage 110 mm &#8211; lot de 4 pi\u00e8ces\"}]},{\"@type\":\"WebSite\",\"@id\":\"https:\\\/\\\/huntingeurope.be\\\/fr\\\/?lang=en\\\/#website\",\"url\":\"https:\\\/\\\/huntingeurope.be\\\/fr\\\/?lang=en\\\/\",\"name\":\"Hunting Europe\",\"description\":\"Alles voor de jacht\",\"publisher\":{\"@id\":\"https:\\\/\\\/huntingeurope.be\\\/fr\\\/?lang=en\\\/#organization\"},\"potentialAction\":[{\"@type\":\"SearchAction\",\"target\":{\"@type\":\"EntryPoint\",\"urlTemplate\":\"https:\\\/\\\/huntingeurope.be\\\/fr\\\/?lang=en\\\/?s={search_term_string}\"},\"query-input\":{\"@type\":\"PropertyValueSpecification\",\"valueRequired\":true,\"valueName\":\"search_term_string\"}}],\"inLanguage\":\"fr-FR\"},{\"@type\":\"Organization\",\"@id\":\"https:\\\/\\\/huntingeurope.be\\\/fr\\\/?lang=en\\\/#organization\",\"name\":\"Hunting Europe\",\"url\":\"https:\\\/\\\/huntingeurope.be\\\/fr\\\/?lang=en\\\/\",\"logo\":{\"@type\":\"ImageObject\",\"inLanguage\":\"fr-FR\",\"@id\":\"https:\\\/\\\/huntingeurope.be\\\/fr\\\/?lang=en\\\/#\\\/schema\\\/logo\\\/image\\\/\",\"url\":\"https:\\\/\\\/huntingeurope.be\\\/wp-content\\\/uploads\\\/2021\\\/10\\\/Huntingeurope-1-1.png\",\"contentUrl\":\"https:\\\/\\\/huntingeurope.be\\\/wp-content\\\/uploads\\\/2021\\\/10\\\/Huntingeurope-1-1.png\",\"width\":280,\"height\":179,\"caption\":\"Hunting Europe\"},\"image\":{\"@id\":\"https:\\\/\\\/huntingeurope.be\\\/fr\\\/?lang=en\\\/#\\\/schema\\\/logo\\\/image\\\/\"},\"sameAs\":[\"https:\\\/\\\/www.facebook.com\\\/jachtwinkel.europe\\\/\",\"https:\\\/\\\/www.instagram.com\\\/huntingeurope\\\/\",\"https:\\\/\\\/www.youtube.com\\\/user\\\/NickolaySmet\\\/videos?view_as=subscriber\"]}]}<\/script>\n<!-- \/ Yoast SEO plugin. -->","yoast_head_json":{"title":"Pinces \u00e0 filet camouflage 110 mm - lot de 4 pi\u00e8ces - Hunting Europe","robots":{"index":"index","follow":"follow","max-snippet":"max-snippet:-1","max-image-preview":"max-image-preview:large","max-video-preview":"max-video-preview:-1"},"canonical":"https:\/\/huntingeurope.be\/fr\/produit\/pinces-a-filet-camouflage-110-mm-lot-de-4-pieces\/","og_locale":"fr_FR","og_type":"article","og_title":"Pinces \u00e0 filet camouflage 110 mm - lot de 4 pi\u00e8ces - Hunting Europe","og_description":"Pratiques et faciles \u00e0 utiliser, ces pinces \u00e0 filet de camouflage de 110 mm sont id\u00e9ales pour fixer solidement les filets de camouflage. Elles permettent une installation stable et soign\u00e9e et conviennent aux tiges t\u00e9lescopiques. Le prix indiqu\u00e9 correspond \u00e0 un jeu de 4 pinces.","og_url":"https:\/\/huntingeurope.be\/fr\/produit\/pinces-a-filet-camouflage-110-mm-lot-de-4-pieces\/","og_site_name":"Hunting Europe","article_publisher":"https:\/\/www.facebook.com\/jachtwinkel.europe\/","article_modified_time":"2026-02-18T08:06:36+00:00","og_image":[{"width":600,"height":600,"url":"https:\/\/huntingeurope.be\/wp-content\/uploads\/2026\/02\/plcl-clamp90_150x150.jpg","type":"image\/jpeg"}],"twitter_card":"summary_large_image","schema":{"@context":"https:\/\/schema.org","@graph":[{"@type":"WebPage","@id":"https:\/\/huntingeurope.be\/fr\/produit\/pinces-a-filet-camouflage-110-mm-lot-de-4-pieces\/","url":"https:\/\/huntingeurope.be\/fr\/produit\/pinces-a-filet-camouflage-110-mm-lot-de-4-pieces\/","name":"Pinces \u00e0 filet camouflage 110 mm - lot de 4 pi\u00e8ces - Hunting Europe","isPartOf":{"@id":"https:\/\/huntingeurope.be\/fr\/?lang=en\/#website"},"primaryImageOfPage":{"@id":"https:\/\/huntingeurope.be\/fr\/produit\/pinces-a-filet-camouflage-110-mm-lot-de-4-pieces\/#primaryimage"},"image":{"@id":"https:\/\/huntingeurope.be\/fr\/produit\/pinces-a-filet-camouflage-110-mm-lot-de-4-pieces\/#primaryimage"},"thumbnailUrl":"https:\/\/huntingeurope.be\/wp-content\/uploads\/2026\/02\/plcl-clamp90_150x150.jpg","datePublished":"2026-02-18T08:06:30+00:00","dateModified":"2026-02-18T08:06:36+00:00","breadcrumb":{"@id":"https:\/\/huntingeurope.be\/fr\/produit\/pinces-a-filet-camouflage-110-mm-lot-de-4-pieces\/#breadcrumb"},"inLanguage":"fr-FR","potentialAction":[{"@type":"ReadAction","target":["https:\/\/huntingeurope.be\/fr\/produit\/pinces-a-filet-camouflage-110-mm-lot-de-4-pieces\/"]}]},{"@type":"ImageObject","inLanguage":"fr-FR","@id":"https:\/\/huntingeurope.be\/fr\/produit\/pinces-a-filet-camouflage-110-mm-lot-de-4-pieces\/#primaryimage","url":"https:\/\/huntingeurope.be\/wp-content\/uploads\/2026\/02\/plcl-clamp90_150x150.jpg","contentUrl":"https:\/\/huntingeurope.be\/wp-content\/uploads\/2026\/02\/plcl-clamp90_150x150.jpg","width":600,"height":600},{"@type":"BreadcrumbList","@id":"https:\/\/huntingeurope.be\/fr\/produit\/pinces-a-filet-camouflage-110-mm-lot-de-4-pieces\/#breadcrumb","itemListElement":[{"@type":"ListItem","position":1,"name":"Home","item":"https:\/\/huntingeurope.be\/fr\/"},{"@type":"ListItem","position":2,"name":"Produits","item":"https:\/\/huntingeurope.be\/fr\/shop\/"},{"@type":"ListItem","position":3,"name":"Pinces \u00e0 filet camouflage 110 mm &#8211; lot de 4 pi\u00e8ces"}]},{"@type":"WebSite","@id":"https:\/\/huntingeurope.be\/fr\/?lang=en\/#website","url":"https:\/\/huntingeurope.be\/fr\/?lang=en\/","name":"Hunting Europe","description":"Alles voor de jacht","publisher":{"@id":"https:\/\/huntingeurope.be\/fr\/?lang=en\/#organization"},"potentialAction":[{"@type":"SearchAction","target":{"@type":"EntryPoint","urlTemplate":"https:\/\/huntingeurope.be\/fr\/?lang=en\/?s={search_term_string}"},"query-input":{"@type":"PropertyValueSpecification","valueRequired":true,"valueName":"search_term_string"}}],"inLanguage":"fr-FR"},{"@type":"Organization","@id":"https:\/\/huntingeurope.be\/fr\/?lang=en\/#organization","name":"Hunting Europe","url":"https:\/\/huntingeurope.be\/fr\/?lang=en\/","logo":{"@type":"ImageObject","inLanguage":"fr-FR","@id":"https:\/\/huntingeurope.be\/fr\/?lang=en\/#\/schema\/logo\/image\/","url":"https:\/\/huntingeurope.be\/wp-content\/uploads\/2021\/10\/Huntingeurope-1-1.png","contentUrl":"https:\/\/huntingeurope.be\/wp-content\/uploads\/2021\/10\/Huntingeurope-1-1.png","width":280,"height":179,"caption":"Hunting Europe"},"image":{"@id":"https:\/\/huntingeurope.be\/fr\/?lang=en\/#\/schema\/logo\/image\/"},"sameAs":["https:\/\/www.facebook.com\/jachtwinkel.europe\/","https:\/\/www.instagram.com\/huntingeurope\/","https:\/\/www.youtube.com\/user\/NickolaySmet\/videos?view_as=subscriber"]}]}},"df_price":4.49,"df_sale_price":"","df_regular_price":4.49,"df_image_link":"https:\/\/huntingeurope.be\/wp-content\/uploads\/2026\/02\/plcl-clamp90_150x150-300x300.jpg","_links":{"self":[{"href":"https:\/\/huntingeurope.be\/fr\/wp-json\/wp\/v2\/product\/60866","targetHints":{"allow":["GET"]}}],"collection":[{"href":"https:\/\/huntingeurope.be\/fr\/wp-json\/wp\/v2\/product"}],"about":[{"href":"https:\/\/huntingeurope.be\/fr\/wp-json\/wp\/v2\/types\/product"}],"wp:featuredmedia":[{"embeddable":true,"href":"https:\/\/huntingeurope.be\/fr\/wp-json\/wp\/v2\/media\/60827"}],"wp:attachment":[{"href":"https:\/\/huntingeurope.be\/fr\/wp-json\/wp\/v2\/media?parent=60866"}],"wp:term":[{"taxonomy":"product_brand","embeddable":true,"href":"https:\/\/huntingeurope.be\/fr\/wp-json\/wp\/v2\/product_brand?post=60866"},{"taxonomy":"product_cat","embeddable":true,"href":"https:\/\/huntingeurope.be\/fr\/wp-json\/wp\/v2\/product_cat?post=60866"},{"taxonomy":"product_tag","embeddable":true,"href":"https:\/\/huntingeurope.be\/fr\/wp-json\/wp\/v2\/product_tag?post=60866"}],"curies":[{"name":"wp","href":"https:\/\/api.w.org\/{rel}","templated":true}]}}