{"id":60533,"date":"2026-02-04T13:26:47","date_gmt":"2026-02-04T12:26:47","guid":{"rendered":"https:\/\/huntingeurope.be\/product\/diotto-evolution-windtex\/"},"modified":"2026-02-04T13:26:48","modified_gmt":"2026-02-04T12:26:48","slug":"diotto-evolution-windtex","status":"publish","type":"product","link":"https:\/\/huntingeurope.be\/fr\/produit\/diotto-evolution-windtex\/","title":{"rendered":"Diotto Evolution WindTex\u00ae"},"content":{"rendered":"[vc_row type=\u00a0\u00bbin_container\u00a0\u00bb full_screen_row_position=\u00a0\u00bbmiddle\u00a0\u00bb column_margin=\u00a0\u00bbdefault\u00a0\u00bb column_direction=\u00a0\u00bbdefault\u00a0\u00bb column_direction_tablet=\u00a0\u00bbdefault\u00a0\u00bb column_direction_phone=\u00a0\u00bbdefault\u00a0\u00bb scene_position=\u00a0\u00bbcenter\u00a0\u00bb text_color=\u00a0\u00bbdark\u00a0\u00bb text_align=\u00a0\u00bbleft\u00a0\u00bb row_border_radius=\u00a0\u00bbnone\u00a0\u00bb row_border_radius_applies=\u00a0\u00bbbg\u00a0\u00bb row_position_desktop=\u00a0\u00bbdefault\u00a0\u00bb row_position_tablet=\u00a0\u00bbinherit\u00a0\u00bb row_position_phone=\u00a0\u00bbinherit\u00a0\u00bb overflow=\u00a0\u00bbvisible\u00a0\u00bb overlay_strength=\u00a0\u00bb0.3&Prime; gradient_direction=\u00a0\u00bbleft_to_right\u00a0\u00bb shape_divider_position=\u00a0\u00bbbottom\u00a0\u00bb bg_image_animation=\u00a0\u00bbnone\u00a0\u00bb][vc_column column_padding=\u00a0\u00bbno-extra-padding\u00a0\u00bb column_padding_tablet=\u00a0\u00bbinherit\u00a0\u00bb column_padding_phone=\u00a0\u00bbinherit\u00a0\u00bb column_padding_position=\u00a0\u00bball\u00a0\u00bb flex_gap_desktop=\u00a0\u00bb10px\u00a0\u00bb column_element_direction_desktop=\u00a0\u00bbdefault\u00a0\u00bb column_element_spacing=\u00a0\u00bbdefault\u00a0\u00bb desktop_text_alignment=\u00a0\u00bbdefault\u00a0\u00bb tablet_text_alignment=\u00a0\u00bbdefault\u00a0\u00bb phone_text_alignment=\u00a0\u00bbdefault\u00a0\u00bb background_color_opacity=\u00a0\u00bb1&Prime; background_hover_color_opacity=\u00a0\u00bb1&Prime; column_backdrop_filter=\u00a0\u00bbnone\u00a0\u00bb column_shadow=\u00a0\u00bbnone\u00a0\u00bb column_border_radius=\u00a0\u00bbnone\u00a0\u00bb column_link_target=\u00a0\u00bb_self\u00a0\u00bb column_position=\u00a0\u00bbdefault\u00a0\u00bb gradient_direction=\u00a0\u00bbleft_to_right\u00a0\u00bb overlay_strength=\u00a0\u00bb0.3&Prime; width=\u00a0\u00bb1\/1&Prime; tablet_width_inherit=\u00a0\u00bbdefault\u00a0\u00bb animation_type=\u00a0\u00bbdefault\u00a0\u00bb bg_image_animation=\u00a0\u00bbnone\u00a0\u00bb border_type=\u00a0\u00bbsimple\u00a0\u00bb column_border_width=\u00a0\u00bbnone\u00a0\u00bb column_border_style=\u00a0\u00bbsolid\u00a0\u00bb][vc_column_text css=\u00a0\u00bb\u00a0\u00bb text_direction=\u00a0\u00bbdefault\u00a0\u00bb]https:\/\/www.youtube.com\/watch?v=cKymzeIUr14[\/vc_column_text][\/vc_column][\/vc_row]\n","protected":false},"excerpt":{"rendered":"<h2>Description<\/h2>\n<p>Bottes de chasse et de trekking robustes en cuir pleine fleur retourn\u00e9, dont la tige est constitu\u00e9e d&rsquo;une seule pi\u00e8ce avec un seul pli superpos\u00e9 (brevet Diotto\u00ae) qui permet l&rsquo;\u00e9vacuation de l&rsquo;eau et des mati\u00e8res foresti\u00e8res et emp\u00eache l&rsquo;accumulation d&rsquo;humidit\u00e9 \u00e0 l&rsquo;int\u00e9rieur de la botte. La botte est dot\u00e9e d&rsquo;une sangle lat\u00e9rale en caoutchouc pour absorber les chocs externes et de petites pi\u00e8ces fix\u00e9es par des poulies en acier. <\/p>\n<p>La semelle interm\u00e9diaire est compos\u00e9e d&rsquo;un mat\u00e9riau microporeux qui offre un excellent amorti pour rendre la marche plus l\u00e9g\u00e8re.<\/p>\n<p>Le col en kevlar pr\u00e9sente des coutures sp\u00e9ciales pour une plus grande flexibilit\u00e9 tout en assurant un excellent maintien de la cheville.<\/p>\n<p>La doublure int\u00e9rieure est en mat\u00e9riau WindTex Pro pour garantir l&rsquo;imperm\u00e9abilit\u00e9 et la respirabilit\u00e9.<\/p>\n<p>La semelle Vibram Four\u00e0 garantit une excellente adh\u00e9rence sur tous les terrains bois\u00e9s, m\u00eame sur les surfaces les plus glissantes.<\/p>\n<p>Chaussure polyvalente et confortable, adapt\u00e9e \u00e0 la randonn\u00e9e et \u00e0 la chasse dans les collines ou les montagnes, m\u00eame dans des environnements hostiles avec des buissons et des \u00e9pines. Parfaite \u00e9galement pour les longs voyages de chasse.  Produit d&rsquo;excellente qualit\u00e9, strictement artisanal et enti\u00e8rement fabriqu\u00e9 en Italie.<\/p>\n","protected":false},"featured_media":60534,"template":"","meta":{"_joinchat":[]},"product_brand":[],"product_cat":[519],"product_tag":[],"class_list":{"0":"post-60533","1":"product","2":"type-product","3":"status-publish","4":"has-post-thumbnail","6":"product_cat-bottes-et-botinnes","8":"first","9":"instock","10":"taxable","11":"shipping-taxable","12":"purchasable","13":"product-type-variable"},"yoast_head":"<!-- This site is optimized with the Yoast SEO plugin v27.4 - https:\/\/yoast.com\/product\/yoast-seo-wordpress\/ -->\n<title>Diotto Evolution WindTex\u00ae - Hunting Europe<\/title>\n<meta name=\"robots\" content=\"index, follow, max-snippet:-1, max-image-preview:large, max-video-preview:-1\" \/>\n<link rel=\"canonical\" href=\"https:\/\/huntingeurope.be\/fr\/produit\/diotto-evolution-windtex\/\" \/>\n<meta property=\"og:locale\" content=\"fr_FR\" \/>\n<meta property=\"og:type\" content=\"article\" \/>\n<meta property=\"og:title\" content=\"Diotto Evolution WindTex\u00ae - Hunting Europe\" \/>\n<meta property=\"og:description\" content=\"Description Bottes de chasse et de trekking robustes en cuir pleine fleur retourn\u00e9, dont la tige est constitu\u00e9e d&#039;une seule pi\u00e8ce avec un seul pli superpos\u00e9 (brevet Diotto\u00ae) qui permet l&#039;\u00e9vacuation de l&#039;eau et des mati\u00e8res foresti\u00e8res et emp\u00eache l&#039;accumulation d&#039;humidit\u00e9 \u00e0 l&#039;int\u00e9rieur de la botte. La botte est dot\u00e9e d&#039;une sangle lat\u00e9rale en caoutchouc pour absorber les chocs externes et de petites pi\u00e8ces fix\u00e9es par des poulies en acier.  La semelle interm\u00e9diaire est compos\u00e9e d&#039;un mat\u00e9riau microporeux qui offre un excellent amorti pour rendre la marche plus l\u00e9g\u00e8re. Le col en kevlar pr\u00e9sente des coutures sp\u00e9ciales pour une plus grande flexibilit\u00e9 tout en assurant un excellent maintien de la cheville. La doublure int\u00e9rieure est en mat\u00e9riau WindTex Pro pour garantir l&#039;imperm\u00e9abilit\u00e9 et la respirabilit\u00e9. La semelle Vibram Four\u00e0 garantit une excellente adh\u00e9rence sur tous les terrains bois\u00e9s, m\u00eame sur les surfaces les plus glissantes. Chaussure polyvalente et confortable, adapt\u00e9e \u00e0 la randonn\u00e9e et \u00e0 la chasse dans les collines ou les montagnes, m\u00eame dans des environnements hostiles avec des buissons et des \u00e9pines. Parfaite \u00e9galement pour les longs voyages de chasse. Produit d&#039;excellente qualit\u00e9, strictement artisanal et enti\u00e8rement fabriqu\u00e9 en Italie.\" \/>\n<meta property=\"og:url\" content=\"https:\/\/huntingeurope.be\/fr\/produit\/diotto-evolution-windtex\/\" \/>\n<meta property=\"og:site_name\" content=\"Hunting Europe\" \/>\n<meta property=\"article:publisher\" content=\"https:\/\/www.facebook.com\/jachtwinkel.europe\/\" \/>\n<meta property=\"article:modified_time\" content=\"2026-02-04T12:26:48+00:00\" \/>\n<meta property=\"og:image\" content=\"https:\/\/huntingeurope.be\/wp-content\/uploads\/2026\/02\/diotto-evolution-windtex.jpg\" \/>\n\t<meta property=\"og:image:width\" content=\"992\" \/>\n\t<meta property=\"og:image:height\" content=\"992\" \/>\n\t<meta property=\"og:image:type\" content=\"image\/jpeg\" \/>\n<meta name=\"twitter:card\" content=\"summary_large_image\" \/>\n<meta name=\"twitter:label1\" content=\"Dur\u00e9e de lecture estim\u00e9e\" \/>\n\t<meta name=\"twitter:data1\" content=\"1 minute\" \/>\n<script type=\"application\/ld+json\" class=\"yoast-schema-graph\">{\"@context\":\"https:\\\/\\\/schema.org\",\"@graph\":[{\"@type\":\"WebPage\",\"@id\":\"https:\\\/\\\/huntingeurope.be\\\/fr\\\/produit\\\/diotto-evolution-windtex\\\/\",\"url\":\"https:\\\/\\\/huntingeurope.be\\\/fr\\\/produit\\\/diotto-evolution-windtex\\\/\",\"name\":\"Diotto Evolution WindTex\u00ae - Hunting Europe\",\"isPartOf\":{\"@id\":\"https:\\\/\\\/huntingeurope.be\\\/fr\\\/?lang=en\\\/#website\"},\"primaryImageOfPage\":{\"@id\":\"https:\\\/\\\/huntingeurope.be\\\/fr\\\/produit\\\/diotto-evolution-windtex\\\/#primaryimage\"},\"image\":{\"@id\":\"https:\\\/\\\/huntingeurope.be\\\/fr\\\/produit\\\/diotto-evolution-windtex\\\/#primaryimage\"},\"thumbnailUrl\":\"https:\\\/\\\/huntingeurope.be\\\/wp-content\\\/uploads\\\/2026\\\/02\\\/diotto-evolution-windtex.jpg\",\"datePublished\":\"2026-02-04T12:26:47+00:00\",\"dateModified\":\"2026-02-04T12:26:48+00:00\",\"breadcrumb\":{\"@id\":\"https:\\\/\\\/huntingeurope.be\\\/fr\\\/produit\\\/diotto-evolution-windtex\\\/#breadcrumb\"},\"inLanguage\":\"fr-FR\",\"potentialAction\":[{\"@type\":\"ReadAction\",\"target\":[\"https:\\\/\\\/huntingeurope.be\\\/fr\\\/produit\\\/diotto-evolution-windtex\\\/\"]}]},{\"@type\":\"ImageObject\",\"inLanguage\":\"fr-FR\",\"@id\":\"https:\\\/\\\/huntingeurope.be\\\/fr\\\/produit\\\/diotto-evolution-windtex\\\/#primaryimage\",\"url\":\"https:\\\/\\\/huntingeurope.be\\\/wp-content\\\/uploads\\\/2026\\\/02\\\/diotto-evolution-windtex.jpg\",\"contentUrl\":\"https:\\\/\\\/huntingeurope.be\\\/wp-content\\\/uploads\\\/2026\\\/02\\\/diotto-evolution-windtex.jpg\",\"width\":992,\"height\":992},{\"@type\":\"BreadcrumbList\",\"@id\":\"https:\\\/\\\/huntingeurope.be\\\/fr\\\/produit\\\/diotto-evolution-windtex\\\/#breadcrumb\",\"itemListElement\":[{\"@type\":\"ListItem\",\"position\":1,\"name\":\"Home\",\"item\":\"https:\\\/\\\/huntingeurope.be\\\/fr\\\/\"},{\"@type\":\"ListItem\",\"position\":2,\"name\":\"Produits\",\"item\":\"https:\\\/\\\/huntingeurope.be\\\/fr\\\/shop\\\/\"},{\"@type\":\"ListItem\",\"position\":3,\"name\":\"Diotto Evolution WindTex\u00ae\"}]},{\"@type\":\"WebSite\",\"@id\":\"https:\\\/\\\/huntingeurope.be\\\/fr\\\/?lang=en\\\/#website\",\"url\":\"https:\\\/\\\/huntingeurope.be\\\/fr\\\/?lang=en\\\/\",\"name\":\"Hunting Europe\",\"description\":\"Alles voor de jacht\",\"publisher\":{\"@id\":\"https:\\\/\\\/huntingeurope.be\\\/fr\\\/?lang=en\\\/#organization\"},\"potentialAction\":[{\"@type\":\"SearchAction\",\"target\":{\"@type\":\"EntryPoint\",\"urlTemplate\":\"https:\\\/\\\/huntingeurope.be\\\/fr\\\/?lang=en\\\/?s={search_term_string}\"},\"query-input\":{\"@type\":\"PropertyValueSpecification\",\"valueRequired\":true,\"valueName\":\"search_term_string\"}}],\"inLanguage\":\"fr-FR\"},{\"@type\":\"Organization\",\"@id\":\"https:\\\/\\\/huntingeurope.be\\\/fr\\\/?lang=en\\\/#organization\",\"name\":\"Hunting Europe\",\"url\":\"https:\\\/\\\/huntingeurope.be\\\/fr\\\/?lang=en\\\/\",\"logo\":{\"@type\":\"ImageObject\",\"inLanguage\":\"fr-FR\",\"@id\":\"https:\\\/\\\/huntingeurope.be\\\/fr\\\/?lang=en\\\/#\\\/schema\\\/logo\\\/image\\\/\",\"url\":\"https:\\\/\\\/huntingeurope.be\\\/wp-content\\\/uploads\\\/2021\\\/10\\\/Huntingeurope-1-1.png\",\"contentUrl\":\"https:\\\/\\\/huntingeurope.be\\\/wp-content\\\/uploads\\\/2021\\\/10\\\/Huntingeurope-1-1.png\",\"width\":280,\"height\":179,\"caption\":\"Hunting Europe\"},\"image\":{\"@id\":\"https:\\\/\\\/huntingeurope.be\\\/fr\\\/?lang=en\\\/#\\\/schema\\\/logo\\\/image\\\/\"},\"sameAs\":[\"https:\\\/\\\/www.facebook.com\\\/jachtwinkel.europe\\\/\",\"https:\\\/\\\/www.instagram.com\\\/huntingeurope\\\/\",\"https:\\\/\\\/www.youtube.com\\\/user\\\/NickolaySmet\\\/videos?view_as=subscriber\"]}]}<\/script>\n<!-- \/ Yoast SEO plugin. -->","yoast_head_json":{"title":"Diotto Evolution WindTex\u00ae - Hunting Europe","robots":{"index":"index","follow":"follow","max-snippet":"max-snippet:-1","max-image-preview":"max-image-preview:large","max-video-preview":"max-video-preview:-1"},"canonical":"https:\/\/huntingeurope.be\/fr\/produit\/diotto-evolution-windtex\/","og_locale":"fr_FR","og_type":"article","og_title":"Diotto Evolution WindTex\u00ae - Hunting Europe","og_description":"Description Bottes de chasse et de trekking robustes en cuir pleine fleur retourn\u00e9, dont la tige est constitu\u00e9e d'une seule pi\u00e8ce avec un seul pli superpos\u00e9 (brevet Diotto\u00ae) qui permet l'\u00e9vacuation de l'eau et des mati\u00e8res foresti\u00e8res et emp\u00eache l'accumulation d'humidit\u00e9 \u00e0 l'int\u00e9rieur de la botte. La botte est dot\u00e9e d'une sangle lat\u00e9rale en caoutchouc pour absorber les chocs externes et de petites pi\u00e8ces fix\u00e9es par des poulies en acier.  La semelle interm\u00e9diaire est compos\u00e9e d'un mat\u00e9riau microporeux qui offre un excellent amorti pour rendre la marche plus l\u00e9g\u00e8re. Le col en kevlar pr\u00e9sente des coutures sp\u00e9ciales pour une plus grande flexibilit\u00e9 tout en assurant un excellent maintien de la cheville. La doublure int\u00e9rieure est en mat\u00e9riau WindTex Pro pour garantir l'imperm\u00e9abilit\u00e9 et la respirabilit\u00e9. La semelle Vibram Four\u00e0 garantit une excellente adh\u00e9rence sur tous les terrains bois\u00e9s, m\u00eame sur les surfaces les plus glissantes. Chaussure polyvalente et confortable, adapt\u00e9e \u00e0 la randonn\u00e9e et \u00e0 la chasse dans les collines ou les montagnes, m\u00eame dans des environnements hostiles avec des buissons et des \u00e9pines. Parfaite \u00e9galement pour les longs voyages de chasse. Produit d'excellente qualit\u00e9, strictement artisanal et enti\u00e8rement fabriqu\u00e9 en Italie.","og_url":"https:\/\/huntingeurope.be\/fr\/produit\/diotto-evolution-windtex\/","og_site_name":"Hunting Europe","article_publisher":"https:\/\/www.facebook.com\/jachtwinkel.europe\/","article_modified_time":"2026-02-04T12:26:48+00:00","og_image":[{"width":992,"height":992,"url":"https:\/\/huntingeurope.be\/wp-content\/uploads\/2026\/02\/diotto-evolution-windtex.jpg","type":"image\/jpeg"}],"twitter_card":"summary_large_image","twitter_misc":{"Dur\u00e9e de lecture estim\u00e9e":"1 minute"},"schema":{"@context":"https:\/\/schema.org","@graph":[{"@type":"WebPage","@id":"https:\/\/huntingeurope.be\/fr\/produit\/diotto-evolution-windtex\/","url":"https:\/\/huntingeurope.be\/fr\/produit\/diotto-evolution-windtex\/","name":"Diotto Evolution WindTex\u00ae - Hunting Europe","isPartOf":{"@id":"https:\/\/huntingeurope.be\/fr\/?lang=en\/#website"},"primaryImageOfPage":{"@id":"https:\/\/huntingeurope.be\/fr\/produit\/diotto-evolution-windtex\/#primaryimage"},"image":{"@id":"https:\/\/huntingeurope.be\/fr\/produit\/diotto-evolution-windtex\/#primaryimage"},"thumbnailUrl":"https:\/\/huntingeurope.be\/wp-content\/uploads\/2026\/02\/diotto-evolution-windtex.jpg","datePublished":"2026-02-04T12:26:47+00:00","dateModified":"2026-02-04T12:26:48+00:00","breadcrumb":{"@id":"https:\/\/huntingeurope.be\/fr\/produit\/diotto-evolution-windtex\/#breadcrumb"},"inLanguage":"fr-FR","potentialAction":[{"@type":"ReadAction","target":["https:\/\/huntingeurope.be\/fr\/produit\/diotto-evolution-windtex\/"]}]},{"@type":"ImageObject","inLanguage":"fr-FR","@id":"https:\/\/huntingeurope.be\/fr\/produit\/diotto-evolution-windtex\/#primaryimage","url":"https:\/\/huntingeurope.be\/wp-content\/uploads\/2026\/02\/diotto-evolution-windtex.jpg","contentUrl":"https:\/\/huntingeurope.be\/wp-content\/uploads\/2026\/02\/diotto-evolution-windtex.jpg","width":992,"height":992},{"@type":"BreadcrumbList","@id":"https:\/\/huntingeurope.be\/fr\/produit\/diotto-evolution-windtex\/#breadcrumb","itemListElement":[{"@type":"ListItem","position":1,"name":"Home","item":"https:\/\/huntingeurope.be\/fr\/"},{"@type":"ListItem","position":2,"name":"Produits","item":"https:\/\/huntingeurope.be\/fr\/shop\/"},{"@type":"ListItem","position":3,"name":"Diotto Evolution WindTex\u00ae"}]},{"@type":"WebSite","@id":"https:\/\/huntingeurope.be\/fr\/?lang=en\/#website","url":"https:\/\/huntingeurope.be\/fr\/?lang=en\/","name":"Hunting Europe","description":"Alles voor de jacht","publisher":{"@id":"https:\/\/huntingeurope.be\/fr\/?lang=en\/#organization"},"potentialAction":[{"@type":"SearchAction","target":{"@type":"EntryPoint","urlTemplate":"https:\/\/huntingeurope.be\/fr\/?lang=en\/?s={search_term_string}"},"query-input":{"@type":"PropertyValueSpecification","valueRequired":true,"valueName":"search_term_string"}}],"inLanguage":"fr-FR"},{"@type":"Organization","@id":"https:\/\/huntingeurope.be\/fr\/?lang=en\/#organization","name":"Hunting Europe","url":"https:\/\/huntingeurope.be\/fr\/?lang=en\/","logo":{"@type":"ImageObject","inLanguage":"fr-FR","@id":"https:\/\/huntingeurope.be\/fr\/?lang=en\/#\/schema\/logo\/image\/","url":"https:\/\/huntingeurope.be\/wp-content\/uploads\/2021\/10\/Huntingeurope-1-1.png","contentUrl":"https:\/\/huntingeurope.be\/wp-content\/uploads\/2021\/10\/Huntingeurope-1-1.png","width":280,"height":179,"caption":"Hunting Europe"},"image":{"@id":"https:\/\/huntingeurope.be\/fr\/?lang=en\/#\/schema\/logo\/image\/"},"sameAs":["https:\/\/www.facebook.com\/jachtwinkel.europe\/","https:\/\/www.instagram.com\/huntingeurope\/","https:\/\/www.youtube.com\/user\/NickolaySmet\/videos?view_as=subscriber"]}]}},"df_price":305,"df_sale_price":"","df_regular_price":305,"df_image_link":"https:\/\/huntingeurope.be\/wp-content\/uploads\/2026\/02\/diotto-evolution-windtex-300x300.jpg","_links":{"self":[{"href":"https:\/\/huntingeurope.be\/fr\/wp-json\/wp\/v2\/product\/60533","targetHints":{"allow":["GET"]}}],"collection":[{"href":"https:\/\/huntingeurope.be\/fr\/wp-json\/wp\/v2\/product"}],"about":[{"href":"https:\/\/huntingeurope.be\/fr\/wp-json\/wp\/v2\/types\/product"}],"wp:featuredmedia":[{"embeddable":true,"href":"https:\/\/huntingeurope.be\/fr\/wp-json\/wp\/v2\/media\/60534"}],"wp:attachment":[{"href":"https:\/\/huntingeurope.be\/fr\/wp-json\/wp\/v2\/media?parent=60533"}],"wp:term":[{"taxonomy":"product_brand","embeddable":true,"href":"https:\/\/huntingeurope.be\/fr\/wp-json\/wp\/v2\/product_brand?post=60533"},{"taxonomy":"product_cat","embeddable":true,"href":"https:\/\/huntingeurope.be\/fr\/wp-json\/wp\/v2\/product_cat?post=60533"},{"taxonomy":"product_tag","embeddable":true,"href":"https:\/\/huntingeurope.be\/fr\/wp-json\/wp\/v2\/product_tag?post=60533"}],"curies":[{"name":"wp","href":"https:\/\/api.w.org\/{rel}","templated":true}]}}