{"id":59951,"date":"2026-01-15T18:12:16","date_gmt":"2026-01-15T17:12:16","guid":{"rendered":"https:\/\/huntingeurope.be\/product\/lunettes-de-tir\/"},"modified":"2026-01-15T18:12:28","modified_gmt":"2026-01-15T17:12:28","slug":"lunettes-de-tir","status":"publish","type":"product","link":"https:\/\/huntingeurope.be\/fr\/produit\/lunettes-de-tir\/","title":{"rendered":"Lunettes de tir"},"content":{"rendered":"","protected":false},"excerpt":{"rendered":"<p class=\"p1\">Soyez pr\u00eat \u00e0 affronter toutes les conditions m\u00e9t\u00e9orologiques et lumineuses avec les <span class=\"s1\">lunettes de tir Jack Pyke Pro Sport GP<\/span>. Ces lunettes de s\u00e9curit\u00e9 essentielles pour le tir sont dot\u00e9es de plusieurs verres r\u00e9sistants aux rayures que vous pouvez changer rapidement en fonction des conditions. Id\u00e9ales pour le tir de comp\u00e9tition, les sports de terrain et la p\u00eache \u00e0 la ligne. Livr\u00e9es avec un \u00e9tui solide pour un transport en toute s\u00e9curit\u00e9.   <\/p>\n<p class=\"p2\">\n<ul>\n<li>\n<p class=\"p1\">Multiples lentilles interchangeables en polycarbonate r\u00e9sistant aux rayures<\/p>\n<\/li>\n<li>\n<p class=\"p1\">Bo\u00eetier rigide<\/p>\n<\/li>\n<li>\n<p class=\"p1\">Clip de fixation<\/p>\n<\/li>\n<li>\n<p class=\"p1\">Bandeau en n\u00e9opr\u00e8ne<\/p>\n<\/li>\n<li>\n<p class=\"p1\">Lentilles et pont de nez facilement amovibles<\/p>\n<\/li>\n<li>\n<p class=\"p1\">Insert pour verres correcteurs<\/p>\n<\/li>\n<li>\n<p class=\"p1\">Couleurs des verres : clair, jaune, fum\u00e9 et rouge<\/p>\n<\/li>\n<li>\n<p class=\"p1\">100% de protection UV400<\/p>\n<\/li>\n<li>\n<p class=\"p1\">Conforme aux normes CE, EN166 et ANSI Z97.1<\/p>\n<\/li>\n<\/ul>\n<p>&nbsp;<\/p>\n","protected":false},"featured_media":59952,"template":"","meta":{"_joinchat":[]},"product_brand":[],"product_cat":[827],"product_tag":[],"class_list":{"0":"post-59951","1":"product","2":"type-product","3":"status-publish","4":"has-post-thumbnail","6":"product_cat-tir-au-clayshooting","8":"first","9":"instock","10":"taxable","11":"shipping-taxable","12":"purchasable","13":"product-type-simple"},"yoast_head":"<!-- This site is optimized with the Yoast SEO plugin v27.6 - https:\/\/yoast.com\/product\/yoast-seo-wordpress\/ -->\n<title>Lunettes de tir - Hunting Europe<\/title>\n<meta name=\"robots\" content=\"index, follow, max-snippet:-1, max-image-preview:large, max-video-preview:-1\" \/>\n<link rel=\"canonical\" href=\"https:\/\/huntingeurope.be\/fr\/produit\/lunettes-de-tir\/\" \/>\n<meta property=\"og:locale\" content=\"fr_FR\" \/>\n<meta property=\"og:type\" content=\"article\" \/>\n<meta property=\"og:title\" content=\"Lunettes de tir - Hunting Europe\" \/>\n<meta property=\"og:description\" content=\"Soyez pr\u00eat \u00e0 affronter toutes les conditions m\u00e9t\u00e9orologiques et lumineuses avec les lunettes de tir Jack Pyke Pro Sport GP. Ces lunettes de s\u00e9curit\u00e9 essentielles pour le tir sont dot\u00e9es de plusieurs verres r\u00e9sistants aux rayures que vous pouvez changer rapidement en fonction des conditions. Id\u00e9ales pour le tir de comp\u00e9tition, les sports de terrain et la p\u00eache \u00e0 la ligne. Livr\u00e9es avec un \u00e9tui solide pour un transport en toute s\u00e9curit\u00e9.     Multiples lentilles interchangeables en polycarbonate r\u00e9sistant aux rayures   Bo\u00eetier rigide   Clip de fixation   Bandeau en n\u00e9opr\u00e8ne   Lentilles et pont de nez facilement amovibles   Insert pour verres correcteurs   Couleurs des verres : clair, jaune, fum\u00e9 et rouge   100% de protection UV400   Conforme aux normes CE, EN166 et ANSI Z97.1  &nbsp;\" \/>\n<meta property=\"og:url\" content=\"https:\/\/huntingeurope.be\/fr\/produit\/lunettes-de-tir\/\" \/>\n<meta property=\"og:site_name\" content=\"Hunting Europe\" \/>\n<meta property=\"article:publisher\" content=\"https:\/\/www.facebook.com\/jachtwinkel.europe\/\" \/>\n<meta property=\"article:modified_time\" content=\"2026-01-15T17:12:28+00:00\" \/>\n<meta property=\"og:image\" content=\"https:\/\/huntingeurope.be\/wp-content\/uploads\/2026\/01\/JP-schietbril.jpg\" \/>\n\t<meta property=\"og:image:width\" content=\"500\" \/>\n\t<meta property=\"og:image:height\" content=\"500\" \/>\n\t<meta property=\"og:image:type\" content=\"image\/jpeg\" \/>\n<meta name=\"twitter:card\" content=\"summary_large_image\" \/>\n<script type=\"application\/ld+json\" class=\"yoast-schema-graph\">{\"@context\":\"https:\\\/\\\/schema.org\",\"@graph\":[{\"@type\":\"WebPage\",\"@id\":\"https:\\\/\\\/huntingeurope.be\\\/fr\\\/produit\\\/lunettes-de-tir\\\/\",\"url\":\"https:\\\/\\\/huntingeurope.be\\\/fr\\\/produit\\\/lunettes-de-tir\\\/\",\"name\":\"Lunettes de tir - Hunting Europe\",\"isPartOf\":{\"@id\":\"https:\\\/\\\/huntingeurope.be\\\/fr\\\/?lang=en\\\/#website\"},\"primaryImageOfPage\":{\"@id\":\"https:\\\/\\\/huntingeurope.be\\\/fr\\\/produit\\\/lunettes-de-tir\\\/#primaryimage\"},\"image\":{\"@id\":\"https:\\\/\\\/huntingeurope.be\\\/fr\\\/produit\\\/lunettes-de-tir\\\/#primaryimage\"},\"thumbnailUrl\":\"https:\\\/\\\/huntingeurope.be\\\/wp-content\\\/uploads\\\/2026\\\/01\\\/JP-schietbril.jpg\",\"datePublished\":\"2026-01-15T17:12:16+00:00\",\"dateModified\":\"2026-01-15T17:12:28+00:00\",\"breadcrumb\":{\"@id\":\"https:\\\/\\\/huntingeurope.be\\\/fr\\\/produit\\\/lunettes-de-tir\\\/#breadcrumb\"},\"inLanguage\":\"fr-FR\",\"potentialAction\":[{\"@type\":\"ReadAction\",\"target\":[\"https:\\\/\\\/huntingeurope.be\\\/fr\\\/produit\\\/lunettes-de-tir\\\/\"]}]},{\"@type\":\"ImageObject\",\"inLanguage\":\"fr-FR\",\"@id\":\"https:\\\/\\\/huntingeurope.be\\\/fr\\\/produit\\\/lunettes-de-tir\\\/#primaryimage\",\"url\":\"https:\\\/\\\/huntingeurope.be\\\/wp-content\\\/uploads\\\/2026\\\/01\\\/JP-schietbril.jpg\",\"contentUrl\":\"https:\\\/\\\/huntingeurope.be\\\/wp-content\\\/uploads\\\/2026\\\/01\\\/JP-schietbril.jpg\",\"width\":500,\"height\":500},{\"@type\":\"BreadcrumbList\",\"@id\":\"https:\\\/\\\/huntingeurope.be\\\/fr\\\/produit\\\/lunettes-de-tir\\\/#breadcrumb\",\"itemListElement\":[{\"@type\":\"ListItem\",\"position\":1,\"name\":\"Home\",\"item\":\"https:\\\/\\\/huntingeurope.be\\\/fr\\\/\"},{\"@type\":\"ListItem\",\"position\":2,\"name\":\"Produits\",\"item\":\"https:\\\/\\\/huntingeurope.be\\\/fr\\\/shop\\\/\"},{\"@type\":\"ListItem\",\"position\":3,\"name\":\"Lunettes de tir\"}]},{\"@type\":\"WebSite\",\"@id\":\"https:\\\/\\\/huntingeurope.be\\\/fr\\\/?lang=en\\\/#website\",\"url\":\"https:\\\/\\\/huntingeurope.be\\\/fr\\\/?lang=en\\\/\",\"name\":\"Hunting Europe\",\"description\":\"Alles voor de jacht\",\"publisher\":{\"@id\":\"https:\\\/\\\/huntingeurope.be\\\/fr\\\/?lang=en\\\/#organization\"},\"potentialAction\":[{\"@type\":\"SearchAction\",\"target\":{\"@type\":\"EntryPoint\",\"urlTemplate\":\"https:\\\/\\\/huntingeurope.be\\\/fr\\\/?lang=en\\\/?s={search_term_string}\"},\"query-input\":{\"@type\":\"PropertyValueSpecification\",\"valueRequired\":true,\"valueName\":\"search_term_string\"}}],\"inLanguage\":\"fr-FR\"},{\"@type\":\"Organization\",\"@id\":\"https:\\\/\\\/huntingeurope.be\\\/fr\\\/?lang=en\\\/#organization\",\"name\":\"Hunting Europe\",\"url\":\"https:\\\/\\\/huntingeurope.be\\\/fr\\\/?lang=en\\\/\",\"logo\":{\"@type\":\"ImageObject\",\"inLanguage\":\"fr-FR\",\"@id\":\"https:\\\/\\\/huntingeurope.be\\\/fr\\\/?lang=en\\\/#\\\/schema\\\/logo\\\/image\\\/\",\"url\":\"https:\\\/\\\/huntingeurope.be\\\/wp-content\\\/uploads\\\/2021\\\/10\\\/Huntingeurope-1-1.png\",\"contentUrl\":\"https:\\\/\\\/huntingeurope.be\\\/wp-content\\\/uploads\\\/2021\\\/10\\\/Huntingeurope-1-1.png\",\"width\":280,\"height\":179,\"caption\":\"Hunting Europe\"},\"image\":{\"@id\":\"https:\\\/\\\/huntingeurope.be\\\/fr\\\/?lang=en\\\/#\\\/schema\\\/logo\\\/image\\\/\"},\"sameAs\":[\"https:\\\/\\\/www.facebook.com\\\/jachtwinkel.europe\\\/\",\"https:\\\/\\\/www.instagram.com\\\/huntingeurope\\\/\",\"https:\\\/\\\/www.youtube.com\\\/user\\\/NickolaySmet\\\/videos?view_as=subscriber\"]}]}<\/script>\n<!-- \/ Yoast SEO plugin. -->","yoast_head_json":{"title":"Lunettes de tir - Hunting Europe","robots":{"index":"index","follow":"follow","max-snippet":"max-snippet:-1","max-image-preview":"max-image-preview:large","max-video-preview":"max-video-preview:-1"},"canonical":"https:\/\/huntingeurope.be\/fr\/produit\/lunettes-de-tir\/","og_locale":"fr_FR","og_type":"article","og_title":"Lunettes de tir - Hunting Europe","og_description":"Soyez pr\u00eat \u00e0 affronter toutes les conditions m\u00e9t\u00e9orologiques et lumineuses avec les lunettes de tir Jack Pyke Pro Sport GP. Ces lunettes de s\u00e9curit\u00e9 essentielles pour le tir sont dot\u00e9es de plusieurs verres r\u00e9sistants aux rayures que vous pouvez changer rapidement en fonction des conditions. Id\u00e9ales pour le tir de comp\u00e9tition, les sports de terrain et la p\u00eache \u00e0 la ligne. Livr\u00e9es avec un \u00e9tui solide pour un transport en toute s\u00e9curit\u00e9.     Multiples lentilles interchangeables en polycarbonate r\u00e9sistant aux rayures   Bo\u00eetier rigide   Clip de fixation   Bandeau en n\u00e9opr\u00e8ne   Lentilles et pont de nez facilement amovibles   Insert pour verres correcteurs   Couleurs des verres : clair, jaune, fum\u00e9 et rouge   100% de protection UV400   Conforme aux normes CE, EN166 et ANSI Z97.1  &nbsp;","og_url":"https:\/\/huntingeurope.be\/fr\/produit\/lunettes-de-tir\/","og_site_name":"Hunting Europe","article_publisher":"https:\/\/www.facebook.com\/jachtwinkel.europe\/","article_modified_time":"2026-01-15T17:12:28+00:00","og_image":[{"width":500,"height":500,"url":"https:\/\/huntingeurope.be\/wp-content\/uploads\/2026\/01\/JP-schietbril.jpg","type":"image\/jpeg"}],"twitter_card":"summary_large_image","schema":{"@context":"https:\/\/schema.org","@graph":[{"@type":"WebPage","@id":"https:\/\/huntingeurope.be\/fr\/produit\/lunettes-de-tir\/","url":"https:\/\/huntingeurope.be\/fr\/produit\/lunettes-de-tir\/","name":"Lunettes de tir - Hunting Europe","isPartOf":{"@id":"https:\/\/huntingeurope.be\/fr\/?lang=en\/#website"},"primaryImageOfPage":{"@id":"https:\/\/huntingeurope.be\/fr\/produit\/lunettes-de-tir\/#primaryimage"},"image":{"@id":"https:\/\/huntingeurope.be\/fr\/produit\/lunettes-de-tir\/#primaryimage"},"thumbnailUrl":"https:\/\/huntingeurope.be\/wp-content\/uploads\/2026\/01\/JP-schietbril.jpg","datePublished":"2026-01-15T17:12:16+00:00","dateModified":"2026-01-15T17:12:28+00:00","breadcrumb":{"@id":"https:\/\/huntingeurope.be\/fr\/produit\/lunettes-de-tir\/#breadcrumb"},"inLanguage":"fr-FR","potentialAction":[{"@type":"ReadAction","target":["https:\/\/huntingeurope.be\/fr\/produit\/lunettes-de-tir\/"]}]},{"@type":"ImageObject","inLanguage":"fr-FR","@id":"https:\/\/huntingeurope.be\/fr\/produit\/lunettes-de-tir\/#primaryimage","url":"https:\/\/huntingeurope.be\/wp-content\/uploads\/2026\/01\/JP-schietbril.jpg","contentUrl":"https:\/\/huntingeurope.be\/wp-content\/uploads\/2026\/01\/JP-schietbril.jpg","width":500,"height":500},{"@type":"BreadcrumbList","@id":"https:\/\/huntingeurope.be\/fr\/produit\/lunettes-de-tir\/#breadcrumb","itemListElement":[{"@type":"ListItem","position":1,"name":"Home","item":"https:\/\/huntingeurope.be\/fr\/"},{"@type":"ListItem","position":2,"name":"Produits","item":"https:\/\/huntingeurope.be\/fr\/shop\/"},{"@type":"ListItem","position":3,"name":"Lunettes de tir"}]},{"@type":"WebSite","@id":"https:\/\/huntingeurope.be\/fr\/?lang=en\/#website","url":"https:\/\/huntingeurope.be\/fr\/?lang=en\/","name":"Hunting Europe","description":"Alles voor de jacht","publisher":{"@id":"https:\/\/huntingeurope.be\/fr\/?lang=en\/#organization"},"potentialAction":[{"@type":"SearchAction","target":{"@type":"EntryPoint","urlTemplate":"https:\/\/huntingeurope.be\/fr\/?lang=en\/?s={search_term_string}"},"query-input":{"@type":"PropertyValueSpecification","valueRequired":true,"valueName":"search_term_string"}}],"inLanguage":"fr-FR"},{"@type":"Organization","@id":"https:\/\/huntingeurope.be\/fr\/?lang=en\/#organization","name":"Hunting Europe","url":"https:\/\/huntingeurope.be\/fr\/?lang=en\/","logo":{"@type":"ImageObject","inLanguage":"fr-FR","@id":"https:\/\/huntingeurope.be\/fr\/?lang=en\/#\/schema\/logo\/image\/","url":"https:\/\/huntingeurope.be\/wp-content\/uploads\/2021\/10\/Huntingeurope-1-1.png","contentUrl":"https:\/\/huntingeurope.be\/wp-content\/uploads\/2021\/10\/Huntingeurope-1-1.png","width":280,"height":179,"caption":"Hunting Europe"},"image":{"@id":"https:\/\/huntingeurope.be\/fr\/?lang=en\/#\/schema\/logo\/image\/"},"sameAs":["https:\/\/www.facebook.com\/jachtwinkel.europe\/","https:\/\/www.instagram.com\/huntingeurope\/","https:\/\/www.youtube.com\/user\/NickolaySmet\/videos?view_as=subscriber"]}]}},"df_price":75,"df_sale_price":"","df_regular_price":75,"df_image_link":"https:\/\/huntingeurope.be\/wp-content\/uploads\/2026\/01\/JP-schietbril-300x300.jpg","_links":{"self":[{"href":"https:\/\/huntingeurope.be\/fr\/wp-json\/wp\/v2\/product\/59951","targetHints":{"allow":["GET"]}}],"collection":[{"href":"https:\/\/huntingeurope.be\/fr\/wp-json\/wp\/v2\/product"}],"about":[{"href":"https:\/\/huntingeurope.be\/fr\/wp-json\/wp\/v2\/types\/product"}],"wp:featuredmedia":[{"embeddable":true,"href":"https:\/\/huntingeurope.be\/fr\/wp-json\/wp\/v2\/media\/59952"}],"wp:attachment":[{"href":"https:\/\/huntingeurope.be\/fr\/wp-json\/wp\/v2\/media?parent=59951"}],"wp:term":[{"taxonomy":"product_brand","embeddable":true,"href":"https:\/\/huntingeurope.be\/fr\/wp-json\/wp\/v2\/product_brand?post=59951"},{"taxonomy":"product_cat","embeddable":true,"href":"https:\/\/huntingeurope.be\/fr\/wp-json\/wp\/v2\/product_cat?post=59951"},{"taxonomy":"product_tag","embeddable":true,"href":"https:\/\/huntingeurope.be\/fr\/wp-json\/wp\/v2\/product_tag?post=59951"}],"curies":[{"name":"wp","href":"https:\/\/api.w.org\/{rel}","templated":true}]}}