{"id":59781,"date":"2025-06-17T18:04:03","date_gmt":"2025-06-17T16:04:03","guid":{"rendered":"https:\/\/huntingeurope.be\/product\/lampe-frontale-curvbeam-600-flex-rechargeable\/"},"modified":"2026-01-03T15:12:58","modified_gmt":"2026-01-03T14:12:58","slug":"lampe-frontale-curvbeam-600-flex-rechargeable","status":"publish","type":"product","link":"https:\/\/huntingeurope.be\/fr\/produit\/lampe-frontale-curvbeam-600-flex-rechargeable\/","title":{"rendered":"Lampe frontale Curvbeam 600 Flex &#8211; Rechargeable"},"content":{"rendered":"","protected":false},"excerpt":{"rendered":"<p><span class=\"\">La lampe frontale CURVBEAM\u2122 600 FLEX associe un puissant spot \u00e0 un faisceau ultra large de 180\u00b0, le tout dans un design confortable et compact. \u00c9quip\u00e9e de notre BackBalance Fit\u2122, la batterie mont\u00e9e \u00e0 l&rsquo;arri\u00e8re permet une meilleure r\u00e9partition du poids pour un maintien plus s\u00fbr lors de vos d\u00e9placements. <\/span><\/p>\n<p><strong>6 MODES D&rsquo;\u00c9CLAIRAGE <\/strong><br \/>\n&#8211; Spot High (500 lumens) : 1,5 heure \/ 96 m\u00e8tres<br \/>\n&#8211; Spot Medium (150 lumens) : 5,5 heures \/ 53 m\u00e8tres<br \/>\n&#8211; Spot Low (30 lumens) : 10 heures \/ 23 m\u00e8tres<br \/>\n&#8211; 180\u00b0 High (300 lumens) : 2 heures \/ 18 m\u00e8tres<br \/>\n&#8211; 180\u00b0 Low (100 lumens) : 4 heures \/ 11 m\u00e8tres<br \/>\n&#8211; 180\u00b0 + Spot (600 lumens) : 1,5 heures \/ 92 m\u00e8tres<\/p>\n<p><strong>DESIGN <\/strong><br \/>\n&#8211; Spot + LED C-O-B flexible<br \/>\n&#8211; Eclairage grand angle 180\u00b0<br \/>\n&#8211; Smart Power Control\u2122 (SPC) &#8211; Direct-to-Low\u2122<br \/>\n&#8211; Fonction d&rsquo;inclinaison int\u00e9gr\u00e9e de 20\u00b0<br \/>\n&#8211; BackBalance Fit\u2122<br \/>\n&#8211; Design l\u00e9ger et confortable<br \/>\n&#8211; Indicateur de charge de la batterie<br \/>\n&#8211; Indicateur de puissance LED<br \/>\n&#8211; Construction en aluminium, TPR et polym\u00e8re ABS<br \/>\n&#8211; R\u00e9sistant \u00e0 l&rsquo;eau et aux chocs (IPX4).<\/p>\n<p><strong><span class=\"\">ACCESSOIRES<\/span><\/strong><br \/>\n<span class=\"\">&#8211; <\/span><span class=\"\">C\u00e2ble de charge USB-A vers USB-C<\/span><br \/>\n<span class=\"\">&#8211; <\/span><span class=\"\">Bandeau r\u00e9fl\u00e9chissant r\u00e9glable ; taille unique<\/span><\/p>\n<p><strong><span class=\"\">DIMENSIONS<\/span><br \/>\n<\/strong><span class=\"\">&#8211; Poids : 124 g <\/span><br \/>\n<span class=\"\">&#8211; (L) 250 mm x (L) 45 mm x (H) 50 mm<\/span><\/p>\n","protected":false},"featured_media":56359,"template":"","meta":{"_joinchat":[]},"product_brand":[],"product_cat":[578],"product_tag":[],"class_list":{"0":"post-59781","1":"product","2":"type-product","3":"status-publish","4":"has-post-thumbnail","6":"product_cat-lampes","8":"first","9":"instock","10":"taxable","11":"shipping-taxable","12":"purchasable","13":"product-type-simple"},"yoast_head":"<!-- This site is optimized with the Yoast SEO plugin v27.5 - https:\/\/yoast.com\/product\/yoast-seo-wordpress\/ -->\n<title>Lampe frontale Curvbeam 600 Flex - Rechargeable - Hunting Europe<\/title>\n<meta name=\"robots\" content=\"index, follow, max-snippet:-1, max-image-preview:large, max-video-preview:-1\" \/>\n<link rel=\"canonical\" href=\"https:\/\/huntingeurope.be\/fr\/produit\/lampe-frontale-curvbeam-600-flex-rechargeable\/\" \/>\n<meta property=\"og:locale\" content=\"fr_FR\" \/>\n<meta property=\"og:type\" content=\"article\" \/>\n<meta property=\"og:title\" content=\"Lampe frontale Curvbeam 600 Flex - Rechargeable - Hunting Europe\" \/>\n<meta property=\"og:description\" content=\"La lampe frontale CURVBEAM\u2122 600 FLEX associe un puissant spot \u00e0 un faisceau ultra large de 180\u00b0, le tout dans un design confortable et compact. \u00c9quip\u00e9e de notre BackBalance Fit\u2122, la batterie mont\u00e9e \u00e0 l&#039;arri\u00e8re permet une meilleure r\u00e9partition du poids pour un maintien plus s\u00fbr lors de vos d\u00e9placements.  6 MODES D&#039;\u00c9CLAIRAGE - Spot High (500 lumens) : 1,5 heure \/ 96 m\u00e8tres - Spot Medium (150 lumens) : 5,5 heures \/ 53 m\u00e8tres - Spot Low (30 lumens) : 10 heures \/ 23 m\u00e8tres - 180\u00b0 High (300 lumens) : 2 heures \/ 18 m\u00e8tres - 180\u00b0 Low (100 lumens) : 4 heures \/ 11 m\u00e8tres - 180\u00b0 + Spot (600 lumens) : 1,5 heures \/ 92 m\u00e8tres DESIGN - Spot + LED C-O-B flexible - Eclairage grand angle 180\u00b0 - Smart Power Control\u2122 (SPC) - Direct-to-Low\u2122 - Fonction d&#039;inclinaison int\u00e9gr\u00e9e de 20\u00b0 - BackBalance Fit\u2122 - Design l\u00e9ger et confortable - Indicateur de charge de la batterie - Indicateur de puissance LED - Construction en aluminium, TPR et polym\u00e8re ABS - R\u00e9sistant \u00e0 l&#039;eau et aux chocs (IPX4). ACCESSOIRES - C\u00e2ble de charge USB-A vers USB-C - Bandeau r\u00e9fl\u00e9chissant r\u00e9glable ; taille unique DIMENSIONS - Poids : 124 g  - (L) 250 mm x (L) 45 mm x (H) 50 mm\" \/>\n<meta property=\"og:url\" content=\"https:\/\/huntingeurope.be\/fr\/produit\/lampe-frontale-curvbeam-600-flex-rechargeable\/\" \/>\n<meta property=\"og:site_name\" content=\"Hunting Europe\" \/>\n<meta property=\"article:publisher\" content=\"https:\/\/www.facebook.com\/jachtwinkel.europe\/\" \/>\n<meta property=\"article:modified_time\" content=\"2026-01-03T14:12:58+00:00\" \/>\n<meta property=\"og:image\" content=\"https:\/\/huntingeurope.be\/wp-content\/uploads\/2025\/06\/nebo1.jpeg\" \/>\n\t<meta property=\"og:image:width\" content=\"1800\" \/>\n\t<meta property=\"og:image:height\" content=\"1800\" \/>\n\t<meta property=\"og:image:type\" content=\"image\/jpeg\" \/>\n<meta name=\"twitter:card\" content=\"summary_large_image\" \/>\n<script type=\"application\/ld+json\" class=\"yoast-schema-graph\">{\"@context\":\"https:\\\/\\\/schema.org\",\"@graph\":[{\"@type\":\"WebPage\",\"@id\":\"https:\\\/\\\/huntingeurope.be\\\/fr\\\/produit\\\/lampe-frontale-curvbeam-600-flex-rechargeable\\\/\",\"url\":\"https:\\\/\\\/huntingeurope.be\\\/fr\\\/produit\\\/lampe-frontale-curvbeam-600-flex-rechargeable\\\/\",\"name\":\"Lampe frontale Curvbeam 600 Flex - Rechargeable - Hunting Europe\",\"isPartOf\":{\"@id\":\"https:\\\/\\\/huntingeurope.be\\\/fr\\\/?lang=en\\\/#website\"},\"primaryImageOfPage\":{\"@id\":\"https:\\\/\\\/huntingeurope.be\\\/fr\\\/produit\\\/lampe-frontale-curvbeam-600-flex-rechargeable\\\/#primaryimage\"},\"image\":{\"@id\":\"https:\\\/\\\/huntingeurope.be\\\/fr\\\/produit\\\/lampe-frontale-curvbeam-600-flex-rechargeable\\\/#primaryimage\"},\"thumbnailUrl\":\"https:\\\/\\\/huntingeurope.be\\\/wp-content\\\/uploads\\\/2025\\\/06\\\/nebo1.jpeg\",\"datePublished\":\"2025-06-17T16:04:03+00:00\",\"dateModified\":\"2026-01-03T14:12:58+00:00\",\"breadcrumb\":{\"@id\":\"https:\\\/\\\/huntingeurope.be\\\/fr\\\/produit\\\/lampe-frontale-curvbeam-600-flex-rechargeable\\\/#breadcrumb\"},\"inLanguage\":\"fr-FR\",\"potentialAction\":[{\"@type\":\"ReadAction\",\"target\":[\"https:\\\/\\\/huntingeurope.be\\\/fr\\\/produit\\\/lampe-frontale-curvbeam-600-flex-rechargeable\\\/\"]}]},{\"@type\":\"ImageObject\",\"inLanguage\":\"fr-FR\",\"@id\":\"https:\\\/\\\/huntingeurope.be\\\/fr\\\/produit\\\/lampe-frontale-curvbeam-600-flex-rechargeable\\\/#primaryimage\",\"url\":\"https:\\\/\\\/huntingeurope.be\\\/wp-content\\\/uploads\\\/2025\\\/06\\\/nebo1.jpeg\",\"contentUrl\":\"https:\\\/\\\/huntingeurope.be\\\/wp-content\\\/uploads\\\/2025\\\/06\\\/nebo1.jpeg\",\"width\":1800,\"height\":1800},{\"@type\":\"BreadcrumbList\",\"@id\":\"https:\\\/\\\/huntingeurope.be\\\/fr\\\/produit\\\/lampe-frontale-curvbeam-600-flex-rechargeable\\\/#breadcrumb\",\"itemListElement\":[{\"@type\":\"ListItem\",\"position\":1,\"name\":\"Home\",\"item\":\"https:\\\/\\\/huntingeurope.be\\\/fr\\\/\"},{\"@type\":\"ListItem\",\"position\":2,\"name\":\"Produits\",\"item\":\"https:\\\/\\\/huntingeurope.be\\\/fr\\\/shop\\\/\"},{\"@type\":\"ListItem\",\"position\":3,\"name\":\"Lampe frontale Curvbeam 600 Flex &#8211; Rechargeable\"}]},{\"@type\":\"WebSite\",\"@id\":\"https:\\\/\\\/huntingeurope.be\\\/fr\\\/?lang=en\\\/#website\",\"url\":\"https:\\\/\\\/huntingeurope.be\\\/fr\\\/?lang=en\\\/\",\"name\":\"Hunting Europe\",\"description\":\"Alles voor de jacht\",\"publisher\":{\"@id\":\"https:\\\/\\\/huntingeurope.be\\\/fr\\\/?lang=en\\\/#organization\"},\"potentialAction\":[{\"@type\":\"SearchAction\",\"target\":{\"@type\":\"EntryPoint\",\"urlTemplate\":\"https:\\\/\\\/huntingeurope.be\\\/fr\\\/?lang=en\\\/?s={search_term_string}\"},\"query-input\":{\"@type\":\"PropertyValueSpecification\",\"valueRequired\":true,\"valueName\":\"search_term_string\"}}],\"inLanguage\":\"fr-FR\"},{\"@type\":\"Organization\",\"@id\":\"https:\\\/\\\/huntingeurope.be\\\/fr\\\/?lang=en\\\/#organization\",\"name\":\"Hunting Europe\",\"url\":\"https:\\\/\\\/huntingeurope.be\\\/fr\\\/?lang=en\\\/\",\"logo\":{\"@type\":\"ImageObject\",\"inLanguage\":\"fr-FR\",\"@id\":\"https:\\\/\\\/huntingeurope.be\\\/fr\\\/?lang=en\\\/#\\\/schema\\\/logo\\\/image\\\/\",\"url\":\"https:\\\/\\\/huntingeurope.be\\\/wp-content\\\/uploads\\\/2021\\\/10\\\/Huntingeurope-1-1.png\",\"contentUrl\":\"https:\\\/\\\/huntingeurope.be\\\/wp-content\\\/uploads\\\/2021\\\/10\\\/Huntingeurope-1-1.png\",\"width\":280,\"height\":179,\"caption\":\"Hunting Europe\"},\"image\":{\"@id\":\"https:\\\/\\\/huntingeurope.be\\\/fr\\\/?lang=en\\\/#\\\/schema\\\/logo\\\/image\\\/\"},\"sameAs\":[\"https:\\\/\\\/www.facebook.com\\\/jachtwinkel.europe\\\/\",\"https:\\\/\\\/www.instagram.com\\\/huntingeurope\\\/\",\"https:\\\/\\\/www.youtube.com\\\/user\\\/NickolaySmet\\\/videos?view_as=subscriber\"]}]}<\/script>\n<!-- \/ Yoast SEO plugin. -->","yoast_head_json":{"title":"Lampe frontale Curvbeam 600 Flex - Rechargeable - Hunting Europe","robots":{"index":"index","follow":"follow","max-snippet":"max-snippet:-1","max-image-preview":"max-image-preview:large","max-video-preview":"max-video-preview:-1"},"canonical":"https:\/\/huntingeurope.be\/fr\/produit\/lampe-frontale-curvbeam-600-flex-rechargeable\/","og_locale":"fr_FR","og_type":"article","og_title":"Lampe frontale Curvbeam 600 Flex - Rechargeable - Hunting Europe","og_description":"La lampe frontale CURVBEAM\u2122 600 FLEX associe un puissant spot \u00e0 un faisceau ultra large de 180\u00b0, le tout dans un design confortable et compact. \u00c9quip\u00e9e de notre BackBalance Fit\u2122, la batterie mont\u00e9e \u00e0 l'arri\u00e8re permet une meilleure r\u00e9partition du poids pour un maintien plus s\u00fbr lors de vos d\u00e9placements.  6 MODES D'\u00c9CLAIRAGE - Spot High (500 lumens) : 1,5 heure \/ 96 m\u00e8tres - Spot Medium (150 lumens) : 5,5 heures \/ 53 m\u00e8tres - Spot Low (30 lumens) : 10 heures \/ 23 m\u00e8tres - 180\u00b0 High (300 lumens) : 2 heures \/ 18 m\u00e8tres - 180\u00b0 Low (100 lumens) : 4 heures \/ 11 m\u00e8tres - 180\u00b0 + Spot (600 lumens) : 1,5 heures \/ 92 m\u00e8tres DESIGN - Spot + LED C-O-B flexible - Eclairage grand angle 180\u00b0 - Smart Power Control\u2122 (SPC) - Direct-to-Low\u2122 - Fonction d'inclinaison int\u00e9gr\u00e9e de 20\u00b0 - BackBalance Fit\u2122 - Design l\u00e9ger et confortable - Indicateur de charge de la batterie - Indicateur de puissance LED - Construction en aluminium, TPR et polym\u00e8re ABS - R\u00e9sistant \u00e0 l'eau et aux chocs (IPX4). ACCESSOIRES - C\u00e2ble de charge USB-A vers USB-C - Bandeau r\u00e9fl\u00e9chissant r\u00e9glable ; taille unique DIMENSIONS - Poids : 124 g  - (L) 250 mm x (L) 45 mm x (H) 50 mm","og_url":"https:\/\/huntingeurope.be\/fr\/produit\/lampe-frontale-curvbeam-600-flex-rechargeable\/","og_site_name":"Hunting Europe","article_publisher":"https:\/\/www.facebook.com\/jachtwinkel.europe\/","article_modified_time":"2026-01-03T14:12:58+00:00","og_image":[{"width":1800,"height":1800,"url":"https:\/\/huntingeurope.be\/wp-content\/uploads\/2025\/06\/nebo1.jpeg","type":"image\/jpeg"}],"twitter_card":"summary_large_image","schema":{"@context":"https:\/\/schema.org","@graph":[{"@type":"WebPage","@id":"https:\/\/huntingeurope.be\/fr\/produit\/lampe-frontale-curvbeam-600-flex-rechargeable\/","url":"https:\/\/huntingeurope.be\/fr\/produit\/lampe-frontale-curvbeam-600-flex-rechargeable\/","name":"Lampe frontale Curvbeam 600 Flex - Rechargeable - Hunting Europe","isPartOf":{"@id":"https:\/\/huntingeurope.be\/fr\/?lang=en\/#website"},"primaryImageOfPage":{"@id":"https:\/\/huntingeurope.be\/fr\/produit\/lampe-frontale-curvbeam-600-flex-rechargeable\/#primaryimage"},"image":{"@id":"https:\/\/huntingeurope.be\/fr\/produit\/lampe-frontale-curvbeam-600-flex-rechargeable\/#primaryimage"},"thumbnailUrl":"https:\/\/huntingeurope.be\/wp-content\/uploads\/2025\/06\/nebo1.jpeg","datePublished":"2025-06-17T16:04:03+00:00","dateModified":"2026-01-03T14:12:58+00:00","breadcrumb":{"@id":"https:\/\/huntingeurope.be\/fr\/produit\/lampe-frontale-curvbeam-600-flex-rechargeable\/#breadcrumb"},"inLanguage":"fr-FR","potentialAction":[{"@type":"ReadAction","target":["https:\/\/huntingeurope.be\/fr\/produit\/lampe-frontale-curvbeam-600-flex-rechargeable\/"]}]},{"@type":"ImageObject","inLanguage":"fr-FR","@id":"https:\/\/huntingeurope.be\/fr\/produit\/lampe-frontale-curvbeam-600-flex-rechargeable\/#primaryimage","url":"https:\/\/huntingeurope.be\/wp-content\/uploads\/2025\/06\/nebo1.jpeg","contentUrl":"https:\/\/huntingeurope.be\/wp-content\/uploads\/2025\/06\/nebo1.jpeg","width":1800,"height":1800},{"@type":"BreadcrumbList","@id":"https:\/\/huntingeurope.be\/fr\/produit\/lampe-frontale-curvbeam-600-flex-rechargeable\/#breadcrumb","itemListElement":[{"@type":"ListItem","position":1,"name":"Home","item":"https:\/\/huntingeurope.be\/fr\/"},{"@type":"ListItem","position":2,"name":"Produits","item":"https:\/\/huntingeurope.be\/fr\/shop\/"},{"@type":"ListItem","position":3,"name":"Lampe frontale Curvbeam 600 Flex &#8211; Rechargeable"}]},{"@type":"WebSite","@id":"https:\/\/huntingeurope.be\/fr\/?lang=en\/#website","url":"https:\/\/huntingeurope.be\/fr\/?lang=en\/","name":"Hunting Europe","description":"Alles voor de jacht","publisher":{"@id":"https:\/\/huntingeurope.be\/fr\/?lang=en\/#organization"},"potentialAction":[{"@type":"SearchAction","target":{"@type":"EntryPoint","urlTemplate":"https:\/\/huntingeurope.be\/fr\/?lang=en\/?s={search_term_string}"},"query-input":{"@type":"PropertyValueSpecification","valueRequired":true,"valueName":"search_term_string"}}],"inLanguage":"fr-FR"},{"@type":"Organization","@id":"https:\/\/huntingeurope.be\/fr\/?lang=en\/#organization","name":"Hunting Europe","url":"https:\/\/huntingeurope.be\/fr\/?lang=en\/","logo":{"@type":"ImageObject","inLanguage":"fr-FR","@id":"https:\/\/huntingeurope.be\/fr\/?lang=en\/#\/schema\/logo\/image\/","url":"https:\/\/huntingeurope.be\/wp-content\/uploads\/2021\/10\/Huntingeurope-1-1.png","contentUrl":"https:\/\/huntingeurope.be\/wp-content\/uploads\/2021\/10\/Huntingeurope-1-1.png","width":280,"height":179,"caption":"Hunting Europe"},"image":{"@id":"https:\/\/huntingeurope.be\/fr\/?lang=en\/#\/schema\/logo\/image\/"},"sameAs":["https:\/\/www.facebook.com\/jachtwinkel.europe\/","https:\/\/www.instagram.com\/huntingeurope\/","https:\/\/www.youtube.com\/user\/NickolaySmet\/videos?view_as=subscriber"]}]}},"df_price":39.99,"df_sale_price":"","df_regular_price":39.99,"df_image_link":"https:\/\/huntingeurope.be\/wp-content\/uploads\/2025\/06\/nebo1-300x300.jpeg","_links":{"self":[{"href":"https:\/\/huntingeurope.be\/fr\/wp-json\/wp\/v2\/product\/59781","targetHints":{"allow":["GET"]}}],"collection":[{"href":"https:\/\/huntingeurope.be\/fr\/wp-json\/wp\/v2\/product"}],"about":[{"href":"https:\/\/huntingeurope.be\/fr\/wp-json\/wp\/v2\/types\/product"}],"wp:featuredmedia":[{"embeddable":true,"href":"https:\/\/huntingeurope.be\/fr\/wp-json\/wp\/v2\/media\/56359"}],"wp:attachment":[{"href":"https:\/\/huntingeurope.be\/fr\/wp-json\/wp\/v2\/media?parent=59781"}],"wp:term":[{"taxonomy":"product_brand","embeddable":true,"href":"https:\/\/huntingeurope.be\/fr\/wp-json\/wp\/v2\/product_brand?post=59781"},{"taxonomy":"product_cat","embeddable":true,"href":"https:\/\/huntingeurope.be\/fr\/wp-json\/wp\/v2\/product_cat?post=59781"},{"taxonomy":"product_tag","embeddable":true,"href":"https:\/\/huntingeurope.be\/fr\/wp-json\/wp\/v2\/product_tag?post=59781"}],"curies":[{"name":"wp","href":"https:\/\/api.w.org\/{rel}","templated":true}]}}