{"id":58875,"date":"2024-01-04T00:34:34","date_gmt":"2024-01-03T23:34:34","guid":{"rendered":"https:\/\/huntingeurope.be\/product\/kudu-co-shooting-fit-rouge-a-carreaux\/"},"modified":"2025-11-24T17:37:33","modified_gmt":"2025-11-24T16:37:33","slug":"kudu-co-shooting-fit-rouge-a-carreaux","status":"publish","type":"product","link":"https:\/\/huntingeurope.be\/fr\/produit\/kudu-co-shooting-fit-rouge-a-carreaux\/","title":{"rendered":"Kudu &amp; co &#8211; Shooting fit rouge \u00e0 carreaux"},"content":{"rendered":"<p>Comme la chemise Kudu &amp; Co \u00ab\u00a0shooting-fit\u00a0\u00bb est plus longue de 7 cm que la normale, elle ne sortira pas de vos jambes de pantalon lorsque vous ferez des mouvements inattendus. Le coton biologique doux offre un confort suppl\u00e9mentaire et vous trouverez sur la poitrine notre broderie modeste mais embl\u00e9matique du chasseur qui attend patiemment. <\/p>\n","protected":false},"excerpt":{"rendered":"<p>\u2713 100% coton biologique<br \/>\n\u2713 200 grammes par m2 &#8211; excellente qualit\u00e9<br \/>\n\u2713 &lsquo;Shooting-fit&rsquo; &#8211; ourlets extra-longs &#8211; ne glissera pas de votre pantalon !<br \/>\n\u2713 Coupe tr\u00e8s confortable<br \/>\n\u2713 Aussi parfait pour porter de fa\u00e7on d\u00e9contract\u00e9e<br \/>\n\u2713 Un beau cadeau<\/p>\n","protected":false},"featured_media":44695,"template":"","meta":{"_joinchat":[]},"product_brand":[],"product_cat":[569,874],"product_tag":[879],"class_list":{"0":"post-58875","1":"product","2":"type-product","3":"status-publish","4":"has-post-thumbnail","6":"product_cat-chemises","7":"product_cat-vendredi-noir","8":"product_tag-koudou","10":"first","11":"instock","12":"sale","13":"taxable","14":"shipping-taxable","15":"purchasable","16":"product-type-variable"},"yoast_head":"<!-- This site is optimized with the Yoast SEO plugin v27.6 - https:\/\/yoast.com\/product\/yoast-seo-wordpress\/ -->\n<title>Kudu &amp; co - Shooting fit rouge \u00e0 carreaux - Hunting Europe<\/title>\n<meta name=\"robots\" content=\"index, follow, max-snippet:-1, max-image-preview:large, max-video-preview:-1\" \/>\n<link rel=\"canonical\" href=\"https:\/\/huntingeurope.be\/fr\/produit\/kudu-co-shooting-fit-rouge-a-carreaux\/\" \/>\n<meta property=\"og:locale\" content=\"fr_FR\" \/>\n<meta property=\"og:type\" content=\"article\" \/>\n<meta property=\"og:title\" content=\"Kudu &amp; co - Shooting fit rouge \u00e0 carreaux - Hunting Europe\" \/>\n<meta property=\"og:description\" content=\"\u2713 100% coton biologique \u2713 200 grammes par m2 - excellente qualit\u00e9 \u2713 &#039;Shooting-fit&#039; - ourlets extra-longs - ne glissera pas de votre pantalon ! \u2713 Coupe tr\u00e8s confortable \u2713 Aussi parfait pour porter de fa\u00e7on d\u00e9contract\u00e9e \u2713 Un beau cadeau\" \/>\n<meta property=\"og:url\" content=\"https:\/\/huntingeurope.be\/fr\/produit\/kudu-co-shooting-fit-rouge-a-carreaux\/\" \/>\n<meta property=\"og:site_name\" content=\"Hunting Europe\" \/>\n<meta property=\"article:publisher\" content=\"https:\/\/www.facebook.com\/jachtwinkel.europe\/\" \/>\n<meta property=\"article:modified_time\" content=\"2025-11-24T16:37:33+00:00\" \/>\n<meta property=\"og:image\" content=\"https:\/\/huntingeurope.be\/wp-content\/uploads\/2024\/01\/Blouse-Orange-Checkered.jpg\" \/>\n\t<meta property=\"og:image:width\" content=\"800\" \/>\n\t<meta property=\"og:image:height\" content=\"800\" \/>\n\t<meta property=\"og:image:type\" content=\"image\/jpeg\" \/>\n<meta name=\"twitter:card\" content=\"summary_large_image\" \/>\n<script type=\"application\/ld+json\" class=\"yoast-schema-graph\">{\"@context\":\"https:\\\/\\\/schema.org\",\"@graph\":[{\"@type\":\"WebPage\",\"@id\":\"https:\\\/\\\/huntingeurope.be\\\/fr\\\/produit\\\/kudu-co-shooting-fit-rouge-a-carreaux\\\/\",\"url\":\"https:\\\/\\\/huntingeurope.be\\\/fr\\\/produit\\\/kudu-co-shooting-fit-rouge-a-carreaux\\\/\",\"name\":\"Kudu &amp; co - Shooting fit rouge \u00e0 carreaux - Hunting Europe\",\"isPartOf\":{\"@id\":\"https:\\\/\\\/huntingeurope.be\\\/fr\\\/?lang=en\\\/#website\"},\"primaryImageOfPage\":{\"@id\":\"https:\\\/\\\/huntingeurope.be\\\/fr\\\/produit\\\/kudu-co-shooting-fit-rouge-a-carreaux\\\/#primaryimage\"},\"image\":{\"@id\":\"https:\\\/\\\/huntingeurope.be\\\/fr\\\/produit\\\/kudu-co-shooting-fit-rouge-a-carreaux\\\/#primaryimage\"},\"thumbnailUrl\":\"https:\\\/\\\/huntingeurope.be\\\/wp-content\\\/uploads\\\/2024\\\/01\\\/Blouse-Orange-Checkered.jpg\",\"datePublished\":\"2024-01-03T23:34:34+00:00\",\"dateModified\":\"2025-11-24T16:37:33+00:00\",\"breadcrumb\":{\"@id\":\"https:\\\/\\\/huntingeurope.be\\\/fr\\\/produit\\\/kudu-co-shooting-fit-rouge-a-carreaux\\\/#breadcrumb\"},\"inLanguage\":\"fr-FR\",\"potentialAction\":[{\"@type\":\"ReadAction\",\"target\":[\"https:\\\/\\\/huntingeurope.be\\\/fr\\\/produit\\\/kudu-co-shooting-fit-rouge-a-carreaux\\\/\"]}]},{\"@type\":\"ImageObject\",\"inLanguage\":\"fr-FR\",\"@id\":\"https:\\\/\\\/huntingeurope.be\\\/fr\\\/produit\\\/kudu-co-shooting-fit-rouge-a-carreaux\\\/#primaryimage\",\"url\":\"https:\\\/\\\/huntingeurope.be\\\/wp-content\\\/uploads\\\/2024\\\/01\\\/Blouse-Orange-Checkered.jpg\",\"contentUrl\":\"https:\\\/\\\/huntingeurope.be\\\/wp-content\\\/uploads\\\/2024\\\/01\\\/Blouse-Orange-Checkered.jpg\",\"width\":800,\"height\":800},{\"@type\":\"BreadcrumbList\",\"@id\":\"https:\\\/\\\/huntingeurope.be\\\/fr\\\/produit\\\/kudu-co-shooting-fit-rouge-a-carreaux\\\/#breadcrumb\",\"itemListElement\":[{\"@type\":\"ListItem\",\"position\":1,\"name\":\"Home\",\"item\":\"https:\\\/\\\/huntingeurope.be\\\/fr\\\/\"},{\"@type\":\"ListItem\",\"position\":2,\"name\":\"Produits\",\"item\":\"https:\\\/\\\/huntingeurope.be\\\/fr\\\/shop\\\/\"},{\"@type\":\"ListItem\",\"position\":3,\"name\":\"Kudu &amp; co &#8211; Shooting fit rouge \u00e0 carreaux\"}]},{\"@type\":\"WebSite\",\"@id\":\"https:\\\/\\\/huntingeurope.be\\\/fr\\\/?lang=en\\\/#website\",\"url\":\"https:\\\/\\\/huntingeurope.be\\\/fr\\\/?lang=en\\\/\",\"name\":\"Hunting Europe\",\"description\":\"Alles voor de jacht\",\"publisher\":{\"@id\":\"https:\\\/\\\/huntingeurope.be\\\/fr\\\/?lang=en\\\/#organization\"},\"potentialAction\":[{\"@type\":\"SearchAction\",\"target\":{\"@type\":\"EntryPoint\",\"urlTemplate\":\"https:\\\/\\\/huntingeurope.be\\\/fr\\\/?lang=en\\\/?s={search_term_string}\"},\"query-input\":{\"@type\":\"PropertyValueSpecification\",\"valueRequired\":true,\"valueName\":\"search_term_string\"}}],\"inLanguage\":\"fr-FR\"},{\"@type\":\"Organization\",\"@id\":\"https:\\\/\\\/huntingeurope.be\\\/fr\\\/?lang=en\\\/#organization\",\"name\":\"Hunting Europe\",\"url\":\"https:\\\/\\\/huntingeurope.be\\\/fr\\\/?lang=en\\\/\",\"logo\":{\"@type\":\"ImageObject\",\"inLanguage\":\"fr-FR\",\"@id\":\"https:\\\/\\\/huntingeurope.be\\\/fr\\\/?lang=en\\\/#\\\/schema\\\/logo\\\/image\\\/\",\"url\":\"https:\\\/\\\/huntingeurope.be\\\/wp-content\\\/uploads\\\/2021\\\/10\\\/Huntingeurope-1-1.png\",\"contentUrl\":\"https:\\\/\\\/huntingeurope.be\\\/wp-content\\\/uploads\\\/2021\\\/10\\\/Huntingeurope-1-1.png\",\"width\":280,\"height\":179,\"caption\":\"Hunting Europe\"},\"image\":{\"@id\":\"https:\\\/\\\/huntingeurope.be\\\/fr\\\/?lang=en\\\/#\\\/schema\\\/logo\\\/image\\\/\"},\"sameAs\":[\"https:\\\/\\\/www.facebook.com\\\/jachtwinkel.europe\\\/\",\"https:\\\/\\\/www.instagram.com\\\/huntingeurope\\\/\",\"https:\\\/\\\/www.youtube.com\\\/user\\\/NickolaySmet\\\/videos?view_as=subscriber\"]}]}<\/script>\n<!-- \/ Yoast SEO plugin. -->","yoast_head_json":{"title":"Kudu &amp; co - Shooting fit rouge \u00e0 carreaux - Hunting Europe","robots":{"index":"index","follow":"follow","max-snippet":"max-snippet:-1","max-image-preview":"max-image-preview:large","max-video-preview":"max-video-preview:-1"},"canonical":"https:\/\/huntingeurope.be\/fr\/produit\/kudu-co-shooting-fit-rouge-a-carreaux\/","og_locale":"fr_FR","og_type":"article","og_title":"Kudu &amp; co - Shooting fit rouge \u00e0 carreaux - Hunting Europe","og_description":"\u2713 100% coton biologique \u2713 200 grammes par m2 - excellente qualit\u00e9 \u2713 'Shooting-fit' - ourlets extra-longs - ne glissera pas de votre pantalon ! \u2713 Coupe tr\u00e8s confortable \u2713 Aussi parfait pour porter de fa\u00e7on d\u00e9contract\u00e9e \u2713 Un beau cadeau","og_url":"https:\/\/huntingeurope.be\/fr\/produit\/kudu-co-shooting-fit-rouge-a-carreaux\/","og_site_name":"Hunting Europe","article_publisher":"https:\/\/www.facebook.com\/jachtwinkel.europe\/","article_modified_time":"2025-11-24T16:37:33+00:00","og_image":[{"width":800,"height":800,"url":"https:\/\/huntingeurope.be\/wp-content\/uploads\/2024\/01\/Blouse-Orange-Checkered.jpg","type":"image\/jpeg"}],"twitter_card":"summary_large_image","schema":{"@context":"https:\/\/schema.org","@graph":[{"@type":"WebPage","@id":"https:\/\/huntingeurope.be\/fr\/produit\/kudu-co-shooting-fit-rouge-a-carreaux\/","url":"https:\/\/huntingeurope.be\/fr\/produit\/kudu-co-shooting-fit-rouge-a-carreaux\/","name":"Kudu &amp; co - Shooting fit rouge \u00e0 carreaux - Hunting Europe","isPartOf":{"@id":"https:\/\/huntingeurope.be\/fr\/?lang=en\/#website"},"primaryImageOfPage":{"@id":"https:\/\/huntingeurope.be\/fr\/produit\/kudu-co-shooting-fit-rouge-a-carreaux\/#primaryimage"},"image":{"@id":"https:\/\/huntingeurope.be\/fr\/produit\/kudu-co-shooting-fit-rouge-a-carreaux\/#primaryimage"},"thumbnailUrl":"https:\/\/huntingeurope.be\/wp-content\/uploads\/2024\/01\/Blouse-Orange-Checkered.jpg","datePublished":"2024-01-03T23:34:34+00:00","dateModified":"2025-11-24T16:37:33+00:00","breadcrumb":{"@id":"https:\/\/huntingeurope.be\/fr\/produit\/kudu-co-shooting-fit-rouge-a-carreaux\/#breadcrumb"},"inLanguage":"fr-FR","potentialAction":[{"@type":"ReadAction","target":["https:\/\/huntingeurope.be\/fr\/produit\/kudu-co-shooting-fit-rouge-a-carreaux\/"]}]},{"@type":"ImageObject","inLanguage":"fr-FR","@id":"https:\/\/huntingeurope.be\/fr\/produit\/kudu-co-shooting-fit-rouge-a-carreaux\/#primaryimage","url":"https:\/\/huntingeurope.be\/wp-content\/uploads\/2024\/01\/Blouse-Orange-Checkered.jpg","contentUrl":"https:\/\/huntingeurope.be\/wp-content\/uploads\/2024\/01\/Blouse-Orange-Checkered.jpg","width":800,"height":800},{"@type":"BreadcrumbList","@id":"https:\/\/huntingeurope.be\/fr\/produit\/kudu-co-shooting-fit-rouge-a-carreaux\/#breadcrumb","itemListElement":[{"@type":"ListItem","position":1,"name":"Home","item":"https:\/\/huntingeurope.be\/fr\/"},{"@type":"ListItem","position":2,"name":"Produits","item":"https:\/\/huntingeurope.be\/fr\/shop\/"},{"@type":"ListItem","position":3,"name":"Kudu &amp; co &#8211; Shooting fit rouge \u00e0 carreaux"}]},{"@type":"WebSite","@id":"https:\/\/huntingeurope.be\/fr\/?lang=en\/#website","url":"https:\/\/huntingeurope.be\/fr\/?lang=en\/","name":"Hunting Europe","description":"Alles voor de jacht","publisher":{"@id":"https:\/\/huntingeurope.be\/fr\/?lang=en\/#organization"},"potentialAction":[{"@type":"SearchAction","target":{"@type":"EntryPoint","urlTemplate":"https:\/\/huntingeurope.be\/fr\/?lang=en\/?s={search_term_string}"},"query-input":{"@type":"PropertyValueSpecification","valueRequired":true,"valueName":"search_term_string"}}],"inLanguage":"fr-FR"},{"@type":"Organization","@id":"https:\/\/huntingeurope.be\/fr\/?lang=en\/#organization","name":"Hunting Europe","url":"https:\/\/huntingeurope.be\/fr\/?lang=en\/","logo":{"@type":"ImageObject","inLanguage":"fr-FR","@id":"https:\/\/huntingeurope.be\/fr\/?lang=en\/#\/schema\/logo\/image\/","url":"https:\/\/huntingeurope.be\/wp-content\/uploads\/2021\/10\/Huntingeurope-1-1.png","contentUrl":"https:\/\/huntingeurope.be\/wp-content\/uploads\/2021\/10\/Huntingeurope-1-1.png","width":280,"height":179,"caption":"Hunting Europe"},"image":{"@id":"https:\/\/huntingeurope.be\/fr\/?lang=en\/#\/schema\/logo\/image\/"},"sameAs":["https:\/\/www.facebook.com\/jachtwinkel.europe\/","https:\/\/www.instagram.com\/huntingeurope\/","https:\/\/www.youtube.com\/user\/NickolaySmet\/videos?view_as=subscriber"]}]}},"df_price":83.99,"df_sale_price":"","df_regular_price":83.99,"df_image_link":"https:\/\/huntingeurope.be\/wp-content\/uploads\/2024\/01\/Blouse-Orange-Checkered-300x300.jpg","_links":{"self":[{"href":"https:\/\/huntingeurope.be\/fr\/wp-json\/wp\/v2\/product\/58875","targetHints":{"allow":["GET"]}}],"collection":[{"href":"https:\/\/huntingeurope.be\/fr\/wp-json\/wp\/v2\/product"}],"about":[{"href":"https:\/\/huntingeurope.be\/fr\/wp-json\/wp\/v2\/types\/product"}],"wp:featuredmedia":[{"embeddable":true,"href":"https:\/\/huntingeurope.be\/fr\/wp-json\/wp\/v2\/media\/44695"}],"wp:attachment":[{"href":"https:\/\/huntingeurope.be\/fr\/wp-json\/wp\/v2\/media?parent=58875"}],"wp:term":[{"taxonomy":"product_brand","embeddable":true,"href":"https:\/\/huntingeurope.be\/fr\/wp-json\/wp\/v2\/product_brand?post=58875"},{"taxonomy":"product_cat","embeddable":true,"href":"https:\/\/huntingeurope.be\/fr\/wp-json\/wp\/v2\/product_cat?post=58875"},{"taxonomy":"product_tag","embeddable":true,"href":"https:\/\/huntingeurope.be\/fr\/wp-json\/wp\/v2\/product_tag?post=58875"}],"curies":[{"name":"wp","href":"https:\/\/api.w.org\/{rel}","templated":true}]}}