{"id":55312,"date":"2025-03-20T10:05:34","date_gmt":"2025-03-20T09:05:34","guid":{"rendered":"https:\/\/huntingeurope.be\/product\/simulateur-de-chasse-gaim\/"},"modified":"2025-12-02T15:58:11","modified_gmt":"2025-12-02T14:58:11","slug":"simulateur-de-chasse-gaim","status":"publish","type":"product","link":"https:\/\/huntingeurope.be\/fr\/produit\/simulateur-de-chasse-gaim\/","title":{"rendered":"Simulateur de chasse GAIM"},"content":{"rendered":"<p>&nbsp;<\/p>\n<p><iframe loading=\"lazy\" title=\"Hunt Bears, Birds, White Tail Deer and more in the GAIM Simulator for Meta Quest\" width=\"1080\" height=\"608\" src=\"https:\/\/www.youtube.com\/embed\/d2O_NNw6_m4?feature=oembed\" frameborder=\"0\" allow=\"accelerometer; autoplay; clipboard-write; encrypted-media; gyroscope; picture-in-picture; web-share\" referrerpolicy=\"strict-origin-when-cross-origin\" allowfullscreen><\/iframe><\/p>\n<p>&nbsp;<\/p>\n<p>&nbsp;<\/p>\n","protected":false},"excerpt":{"rendered":"<p>GAIM Hunting comprend l&rsquo;arme en bois GAIM et 6 sc\u00e9narios de chasse, ce qui en fait le pack de d\u00e9marrage id\u00e9al pour tout chasseur.<\/p>\n<p><b>Contenu de la bo\u00eete<\/b><br \/>\nGAIM Arme en bois OU arme en bois avec m\u00e2choire r\u00e9glable<br \/>\nQuest Holder Gen 3<br \/>\nTrigger<\/p>\n<p><b>Dimensions<\/b><br \/>\nLongueur : 33.07 pouces (84 cm)<br \/>\nLargeur : 1.97 pouces (5 cm)<br \/>\nHauteur : 5.31 pouces (13.5 cm)<\/p>\n<p><b>Garantie<\/b><br \/>\n12 mois<\/p>\n<p><strong>Sc\u00e9narios : <\/strong>For\u00eat d&rsquo;hiver, cerf d&rsquo;automne, vall\u00e9e des ours, \u00e9lan du Nord, canard sauvage et chasse SimPro.<\/p>\n<h3 class=\"typography-headline-5 product-bucket_root__title__IJTzk\">Pour jouer, vous aurez besoin de lunettes VR.<\/h3>\n<p>&nbsp;<\/p>\n<p class=\"typography-headline-5 product-bucket_root__title__IJTzk\">\n","protected":false},"featured_media":56199,"template":"","meta":{"_joinchat":[]},"product_brand":[],"product_cat":[872],"product_tag":[],"class_list":{"0":"post-55312","1":"product","2":"type-product","3":"status-publish","4":"has-post-thumbnail","6":"product_cat-simulateur-gaim","8":"first","9":"instock","10":"taxable","11":"shipping-taxable","12":"purchasable","13":"product-type-variable"},"yoast_head":"<!-- This site is optimized with the Yoast SEO plugin v27.4 - https:\/\/yoast.com\/product\/yoast-seo-wordpress\/ -->\n<title>Simulateur de chasse GAIM - Hunting Europe<\/title>\n<meta name=\"robots\" content=\"index, follow, max-snippet:-1, max-image-preview:large, max-video-preview:-1\" \/>\n<link rel=\"canonical\" href=\"https:\/\/huntingeurope.be\/fr\/produit\/simulateur-de-chasse-gaim\/\" \/>\n<meta property=\"og:locale\" content=\"fr_FR\" \/>\n<meta property=\"og:type\" content=\"article\" \/>\n<meta property=\"og:title\" content=\"Simulateur de chasse GAIM - Hunting Europe\" \/>\n<meta property=\"og:description\" content=\"GAIM Hunting comprend l&#039;arme en bois GAIM et 6 sc\u00e9narios de chasse, ce qui en fait le pack de d\u00e9marrage id\u00e9al pour tout chasseur. Contenu de la bo\u00eete GAIM Arme en bois OU arme en bois avec m\u00e2choire r\u00e9glable Quest Holder Gen 3 Trigger Dimensions Longueur : 33.07 pouces (84 cm) Largeur : 1.97 pouces (5 cm) Hauteur : 5.31 pouces (13.5 cm) Garantie 12 mois Sc\u00e9narios : For\u00eat d&#039;hiver, cerf d&#039;automne, vall\u00e9e des ours, \u00e9lan du Nord, canard sauvage et chasse SimPro. Pour jouer, vous aurez besoin de lunettes VR. &nbsp;\" \/>\n<meta property=\"og:url\" content=\"https:\/\/huntingeurope.be\/fr\/produit\/simulateur-de-chasse-gaim\/\" \/>\n<meta property=\"og:site_name\" content=\"Hunting Europe\" \/>\n<meta property=\"article:publisher\" content=\"https:\/\/www.facebook.com\/jachtwinkel.europe\/\" \/>\n<meta property=\"article:modified_time\" content=\"2025-12-02T14:58:11+00:00\" \/>\n<meta property=\"og:image\" content=\"https:\/\/huntingeurope.be\/wp-content\/uploads\/2025\/03\/filters-quality75-scaled.webp\" \/>\n\t<meta property=\"og:image:width\" content=\"2560\" \/>\n\t<meta property=\"og:image:height\" content=\"2413\" \/>\n\t<meta property=\"og:image:type\" content=\"image\/webp\" \/>\n<meta name=\"twitter:card\" content=\"summary_large_image\" \/>\n<script type=\"application\/ld+json\" class=\"yoast-schema-graph\">{\"@context\":\"https:\\\/\\\/schema.org\",\"@graph\":[{\"@type\":\"WebPage\",\"@id\":\"https:\\\/\\\/huntingeurope.be\\\/fr\\\/produit\\\/simulateur-de-chasse-gaim\\\/\",\"url\":\"https:\\\/\\\/huntingeurope.be\\\/fr\\\/produit\\\/simulateur-de-chasse-gaim\\\/\",\"name\":\"Simulateur de chasse GAIM - Hunting Europe\",\"isPartOf\":{\"@id\":\"https:\\\/\\\/huntingeurope.be\\\/fr\\\/?lang=en\\\/#website\"},\"primaryImageOfPage\":{\"@id\":\"https:\\\/\\\/huntingeurope.be\\\/fr\\\/produit\\\/simulateur-de-chasse-gaim\\\/#primaryimage\"},\"image\":{\"@id\":\"https:\\\/\\\/huntingeurope.be\\\/fr\\\/produit\\\/simulateur-de-chasse-gaim\\\/#primaryimage\"},\"thumbnailUrl\":\"https:\\\/\\\/huntingeurope.be\\\/wp-content\\\/uploads\\\/2025\\\/03\\\/filters-quality75-scaled.webp\",\"datePublished\":\"2025-03-20T09:05:34+00:00\",\"dateModified\":\"2025-12-02T14:58:11+00:00\",\"breadcrumb\":{\"@id\":\"https:\\\/\\\/huntingeurope.be\\\/fr\\\/produit\\\/simulateur-de-chasse-gaim\\\/#breadcrumb\"},\"inLanguage\":\"fr-FR\",\"potentialAction\":[{\"@type\":\"ReadAction\",\"target\":[\"https:\\\/\\\/huntingeurope.be\\\/fr\\\/produit\\\/simulateur-de-chasse-gaim\\\/\"]}]},{\"@type\":\"ImageObject\",\"inLanguage\":\"fr-FR\",\"@id\":\"https:\\\/\\\/huntingeurope.be\\\/fr\\\/produit\\\/simulateur-de-chasse-gaim\\\/#primaryimage\",\"url\":\"https:\\\/\\\/huntingeurope.be\\\/wp-content\\\/uploads\\\/2025\\\/03\\\/filters-quality75-scaled.webp\",\"contentUrl\":\"https:\\\/\\\/huntingeurope.be\\\/wp-content\\\/uploads\\\/2025\\\/03\\\/filters-quality75-scaled.webp\",\"width\":2560,\"height\":2413},{\"@type\":\"BreadcrumbList\",\"@id\":\"https:\\\/\\\/huntingeurope.be\\\/fr\\\/produit\\\/simulateur-de-chasse-gaim\\\/#breadcrumb\",\"itemListElement\":[{\"@type\":\"ListItem\",\"position\":1,\"name\":\"Home\",\"item\":\"https:\\\/\\\/huntingeurope.be\\\/fr\\\/\"},{\"@type\":\"ListItem\",\"position\":2,\"name\":\"Produits\",\"item\":\"https:\\\/\\\/huntingeurope.be\\\/fr\\\/shop\\\/\"},{\"@type\":\"ListItem\",\"position\":3,\"name\":\"Simulateur de chasse GAIM\"}]},{\"@type\":\"WebSite\",\"@id\":\"https:\\\/\\\/huntingeurope.be\\\/fr\\\/?lang=en\\\/#website\",\"url\":\"https:\\\/\\\/huntingeurope.be\\\/fr\\\/?lang=en\\\/\",\"name\":\"Hunting Europe\",\"description\":\"Alles voor de jacht\",\"publisher\":{\"@id\":\"https:\\\/\\\/huntingeurope.be\\\/fr\\\/?lang=en\\\/#organization\"},\"potentialAction\":[{\"@type\":\"SearchAction\",\"target\":{\"@type\":\"EntryPoint\",\"urlTemplate\":\"https:\\\/\\\/huntingeurope.be\\\/fr\\\/?lang=en\\\/?s={search_term_string}\"},\"query-input\":{\"@type\":\"PropertyValueSpecification\",\"valueRequired\":true,\"valueName\":\"search_term_string\"}}],\"inLanguage\":\"fr-FR\"},{\"@type\":\"Organization\",\"@id\":\"https:\\\/\\\/huntingeurope.be\\\/fr\\\/?lang=en\\\/#organization\",\"name\":\"Hunting Europe\",\"url\":\"https:\\\/\\\/huntingeurope.be\\\/fr\\\/?lang=en\\\/\",\"logo\":{\"@type\":\"ImageObject\",\"inLanguage\":\"fr-FR\",\"@id\":\"https:\\\/\\\/huntingeurope.be\\\/fr\\\/?lang=en\\\/#\\\/schema\\\/logo\\\/image\\\/\",\"url\":\"https:\\\/\\\/huntingeurope.be\\\/wp-content\\\/uploads\\\/2021\\\/10\\\/Huntingeurope-1-1.png\",\"contentUrl\":\"https:\\\/\\\/huntingeurope.be\\\/wp-content\\\/uploads\\\/2021\\\/10\\\/Huntingeurope-1-1.png\",\"width\":280,\"height\":179,\"caption\":\"Hunting Europe\"},\"image\":{\"@id\":\"https:\\\/\\\/huntingeurope.be\\\/fr\\\/?lang=en\\\/#\\\/schema\\\/logo\\\/image\\\/\"},\"sameAs\":[\"https:\\\/\\\/www.facebook.com\\\/jachtwinkel.europe\\\/\",\"https:\\\/\\\/www.instagram.com\\\/huntingeurope\\\/\",\"https:\\\/\\\/www.youtube.com\\\/user\\\/NickolaySmet\\\/videos?view_as=subscriber\"]}]}<\/script>\n<!-- \/ Yoast SEO plugin. -->","yoast_head_json":{"title":"Simulateur de chasse GAIM - Hunting Europe","robots":{"index":"index","follow":"follow","max-snippet":"max-snippet:-1","max-image-preview":"max-image-preview:large","max-video-preview":"max-video-preview:-1"},"canonical":"https:\/\/huntingeurope.be\/fr\/produit\/simulateur-de-chasse-gaim\/","og_locale":"fr_FR","og_type":"article","og_title":"Simulateur de chasse GAIM - Hunting Europe","og_description":"GAIM Hunting comprend l'arme en bois GAIM et 6 sc\u00e9narios de chasse, ce qui en fait le pack de d\u00e9marrage id\u00e9al pour tout chasseur. Contenu de la bo\u00eete GAIM Arme en bois OU arme en bois avec m\u00e2choire r\u00e9glable Quest Holder Gen 3 Trigger Dimensions Longueur : 33.07 pouces (84 cm) Largeur : 1.97 pouces (5 cm) Hauteur : 5.31 pouces (13.5 cm) Garantie 12 mois Sc\u00e9narios : For\u00eat d'hiver, cerf d'automne, vall\u00e9e des ours, \u00e9lan du Nord, canard sauvage et chasse SimPro. Pour jouer, vous aurez besoin de lunettes VR. &nbsp;","og_url":"https:\/\/huntingeurope.be\/fr\/produit\/simulateur-de-chasse-gaim\/","og_site_name":"Hunting Europe","article_publisher":"https:\/\/www.facebook.com\/jachtwinkel.europe\/","article_modified_time":"2025-12-02T14:58:11+00:00","og_image":[{"width":2560,"height":2413,"url":"https:\/\/huntingeurope.be\/wp-content\/uploads\/2025\/03\/filters-quality75-scaled.webp","type":"image\/webp"}],"twitter_card":"summary_large_image","schema":{"@context":"https:\/\/schema.org","@graph":[{"@type":"WebPage","@id":"https:\/\/huntingeurope.be\/fr\/produit\/simulateur-de-chasse-gaim\/","url":"https:\/\/huntingeurope.be\/fr\/produit\/simulateur-de-chasse-gaim\/","name":"Simulateur de chasse GAIM - Hunting Europe","isPartOf":{"@id":"https:\/\/huntingeurope.be\/fr\/?lang=en\/#website"},"primaryImageOfPage":{"@id":"https:\/\/huntingeurope.be\/fr\/produit\/simulateur-de-chasse-gaim\/#primaryimage"},"image":{"@id":"https:\/\/huntingeurope.be\/fr\/produit\/simulateur-de-chasse-gaim\/#primaryimage"},"thumbnailUrl":"https:\/\/huntingeurope.be\/wp-content\/uploads\/2025\/03\/filters-quality75-scaled.webp","datePublished":"2025-03-20T09:05:34+00:00","dateModified":"2025-12-02T14:58:11+00:00","breadcrumb":{"@id":"https:\/\/huntingeurope.be\/fr\/produit\/simulateur-de-chasse-gaim\/#breadcrumb"},"inLanguage":"fr-FR","potentialAction":[{"@type":"ReadAction","target":["https:\/\/huntingeurope.be\/fr\/produit\/simulateur-de-chasse-gaim\/"]}]},{"@type":"ImageObject","inLanguage":"fr-FR","@id":"https:\/\/huntingeurope.be\/fr\/produit\/simulateur-de-chasse-gaim\/#primaryimage","url":"https:\/\/huntingeurope.be\/wp-content\/uploads\/2025\/03\/filters-quality75-scaled.webp","contentUrl":"https:\/\/huntingeurope.be\/wp-content\/uploads\/2025\/03\/filters-quality75-scaled.webp","width":2560,"height":2413},{"@type":"BreadcrumbList","@id":"https:\/\/huntingeurope.be\/fr\/produit\/simulateur-de-chasse-gaim\/#breadcrumb","itemListElement":[{"@type":"ListItem","position":1,"name":"Home","item":"https:\/\/huntingeurope.be\/fr\/"},{"@type":"ListItem","position":2,"name":"Produits","item":"https:\/\/huntingeurope.be\/fr\/shop\/"},{"@type":"ListItem","position":3,"name":"Simulateur de chasse GAIM"}]},{"@type":"WebSite","@id":"https:\/\/huntingeurope.be\/fr\/?lang=en\/#website","url":"https:\/\/huntingeurope.be\/fr\/?lang=en\/","name":"Hunting Europe","description":"Alles voor de jacht","publisher":{"@id":"https:\/\/huntingeurope.be\/fr\/?lang=en\/#organization"},"potentialAction":[{"@type":"SearchAction","target":{"@type":"EntryPoint","urlTemplate":"https:\/\/huntingeurope.be\/fr\/?lang=en\/?s={search_term_string}"},"query-input":{"@type":"PropertyValueSpecification","valueRequired":true,"valueName":"search_term_string"}}],"inLanguage":"fr-FR"},{"@type":"Organization","@id":"https:\/\/huntingeurope.be\/fr\/?lang=en\/#organization","name":"Hunting Europe","url":"https:\/\/huntingeurope.be\/fr\/?lang=en\/","logo":{"@type":"ImageObject","inLanguage":"fr-FR","@id":"https:\/\/huntingeurope.be\/fr\/?lang=en\/#\/schema\/logo\/image\/","url":"https:\/\/huntingeurope.be\/wp-content\/uploads\/2021\/10\/Huntingeurope-1-1.png","contentUrl":"https:\/\/huntingeurope.be\/wp-content\/uploads\/2021\/10\/Huntingeurope-1-1.png","width":280,"height":179,"caption":"Hunting Europe"},"image":{"@id":"https:\/\/huntingeurope.be\/fr\/?lang=en\/#\/schema\/logo\/image\/"},"sameAs":["https:\/\/www.facebook.com\/jachtwinkel.europe\/","https:\/\/www.instagram.com\/huntingeurope\/","https:\/\/www.youtube.com\/user\/NickolaySmet\/videos?view_as=subscriber"]}]}},"df_price":590,"df_sale_price":"","df_regular_price":590,"df_image_link":"https:\/\/huntingeurope.be\/wp-content\/uploads\/2025\/03\/filters-quality75-300x283.webp","_links":{"self":[{"href":"https:\/\/huntingeurope.be\/fr\/wp-json\/wp\/v2\/product\/55312","targetHints":{"allow":["GET"]}}],"collection":[{"href":"https:\/\/huntingeurope.be\/fr\/wp-json\/wp\/v2\/product"}],"about":[{"href":"https:\/\/huntingeurope.be\/fr\/wp-json\/wp\/v2\/types\/product"}],"wp:featuredmedia":[{"embeddable":true,"href":"https:\/\/huntingeurope.be\/fr\/wp-json\/wp\/v2\/media\/56199"}],"wp:attachment":[{"href":"https:\/\/huntingeurope.be\/fr\/wp-json\/wp\/v2\/media?parent=55312"}],"wp:term":[{"taxonomy":"product_brand","embeddable":true,"href":"https:\/\/huntingeurope.be\/fr\/wp-json\/wp\/v2\/product_brand?post=55312"},{"taxonomy":"product_cat","embeddable":true,"href":"https:\/\/huntingeurope.be\/fr\/wp-json\/wp\/v2\/product_cat?post=55312"},{"taxonomy":"product_tag","embeddable":true,"href":"https:\/\/huntingeurope.be\/fr\/wp-json\/wp\/v2\/product_tag?post=55312"}],"curies":[{"name":"wp","href":"https:\/\/api.w.org\/{rel}","templated":true}]}}