{"id":55002,"date":"2025-03-01T13:08:17","date_gmt":"2025-03-01T12:08:26","guid":{"rendered":"https:\/\/huntingeurope.be\/product\/coupe-crane-eurohunt-pour-chevreuil\/"},"modified":"2025-03-01T13:08:26","modified_gmt":"2025-03-01T12:08:26","slug":"coupe-crane-eurohunt-pour-chevreuil","status":"publish","type":"product","link":"https:\/\/huntingeurope.be\/fr\/produit\/coupe-crane-eurohunt-pour-chevreuil\/","title":{"rendered":"Coupe-cr\u00e2ne Eurohunt pour chevreuil"},"content":{"rendered":"","protected":false},"excerpt":{"rendered":"<p>Le coupe-cr\u00e2ne EUROHUNT est un outil indispensable pour tout chasseur qui souhaite sculpter lui-m\u00eame son troph\u00e9e. Fabriqu\u00e9 en acier galvanis\u00e9 de haute qualit\u00e9, il est extr\u00eamement robuste et durable. Il est \u00e9quip\u00e9 d&rsquo;un rail de guidage variable et d&rsquo;une scie qui emp\u00eachent les blocages et les accrochages, ce qui permet une coupe r\u00e9guli\u00e8re, lisse et pr\u00e9cise. La coupe est si pr\u00e9cise qu&rsquo;il n&rsquo;est pas n\u00e9cessaire de la retravailler. De plus, l&rsquo;angle de l&rsquo;appareil peut \u00eatre ajust\u00e9 pour une adaptation parfaite au cr\u00e2ne.    <\/p>\n","protected":false},"featured_media":54941,"template":"","meta":{"_joinchat":[]},"product_brand":[],"product_cat":[537],"product_tag":[],"class_list":{"0":"post-55002","1":"product","2":"type-product","3":"status-publish","4":"has-post-thumbnail","6":"product_cat-porte-trophee","8":"first","9":"onbackorder","10":"taxable","11":"shipping-taxable","12":"purchasable","13":"product-type-simple"},"yoast_head":"<!-- This site is optimized with the Yoast SEO plugin v27.4 - https:\/\/yoast.com\/product\/yoast-seo-wordpress\/ -->\n<title>Coupe-cr\u00e2ne Eurohunt pour chevreuil - Hunting Europe<\/title>\n<meta name=\"robots\" content=\"index, follow, max-snippet:-1, max-image-preview:large, max-video-preview:-1\" \/>\n<link rel=\"canonical\" href=\"https:\/\/huntingeurope.be\/fr\/produit\/coupe-crane-eurohunt-pour-chevreuil\/\" \/>\n<meta property=\"og:locale\" content=\"fr_FR\" \/>\n<meta property=\"og:type\" content=\"article\" \/>\n<meta property=\"og:title\" content=\"Coupe-cr\u00e2ne Eurohunt pour chevreuil - Hunting Europe\" \/>\n<meta property=\"og:description\" content=\"Le coupe-cr\u00e2ne EUROHUNT est un outil indispensable pour tout chasseur qui souhaite sculpter lui-m\u00eame son troph\u00e9e. Fabriqu\u00e9 en acier galvanis\u00e9 de haute qualit\u00e9, il est extr\u00eamement robuste et durable. Il est \u00e9quip\u00e9 d&#039;un rail de guidage variable et d&#039;une scie qui emp\u00eachent les blocages et les accrochages, ce qui permet une coupe r\u00e9guli\u00e8re, lisse et pr\u00e9cise. La coupe est si pr\u00e9cise qu&#039;il n&#039;est pas n\u00e9cessaire de la retravailler. De plus, l&#039;angle de l&#039;appareil peut \u00eatre ajust\u00e9 pour une adaptation parfaite au cr\u00e2ne.\" \/>\n<meta property=\"og:url\" content=\"https:\/\/huntingeurope.be\/fr\/produit\/coupe-crane-eurohunt-pour-chevreuil\/\" \/>\n<meta property=\"og:site_name\" content=\"Hunting Europe\" \/>\n<meta property=\"article:publisher\" content=\"https:\/\/www.facebook.com\/jachtwinkel.europe\/\" \/>\n<meta property=\"og:image\" content=\"https:\/\/huntingeurope.be\/wp-content\/uploads\/2025\/03\/560730_1.jpeg\" \/>\n\t<meta property=\"og:image:width\" content=\"1800\" \/>\n\t<meta property=\"og:image:height\" content=\"1800\" \/>\n\t<meta property=\"og:image:type\" content=\"image\/jpeg\" \/>\n<meta name=\"twitter:card\" content=\"summary_large_image\" \/>\n<script type=\"application\/ld+json\" class=\"yoast-schema-graph\">{\"@context\":\"https:\\\/\\\/schema.org\",\"@graph\":[{\"@type\":\"WebPage\",\"@id\":\"https:\\\/\\\/huntingeurope.be\\\/fr\\\/produit\\\/coupe-crane-eurohunt-pour-chevreuil\\\/\",\"url\":\"https:\\\/\\\/huntingeurope.be\\\/fr\\\/produit\\\/coupe-crane-eurohunt-pour-chevreuil\\\/\",\"name\":\"Coupe-cr\u00e2ne Eurohunt pour chevreuil - Hunting Europe\",\"isPartOf\":{\"@id\":\"https:\\\/\\\/huntingeurope.be\\\/fr\\\/?lang=en\\\/#website\"},\"primaryImageOfPage\":{\"@id\":\"https:\\\/\\\/huntingeurope.be\\\/fr\\\/produit\\\/coupe-crane-eurohunt-pour-chevreuil\\\/#primaryimage\"},\"image\":{\"@id\":\"https:\\\/\\\/huntingeurope.be\\\/fr\\\/produit\\\/coupe-crane-eurohunt-pour-chevreuil\\\/#primaryimage\"},\"thumbnailUrl\":\"https:\\\/\\\/huntingeurope.be\\\/wp-content\\\/uploads\\\/2025\\\/03\\\/560730_1.jpeg\",\"datePublished\":\"2025-03-01T12:08:26+00:00\",\"breadcrumb\":{\"@id\":\"https:\\\/\\\/huntingeurope.be\\\/fr\\\/produit\\\/coupe-crane-eurohunt-pour-chevreuil\\\/#breadcrumb\"},\"inLanguage\":\"fr-FR\",\"potentialAction\":[{\"@type\":\"ReadAction\",\"target\":[\"https:\\\/\\\/huntingeurope.be\\\/fr\\\/produit\\\/coupe-crane-eurohunt-pour-chevreuil\\\/\"]}]},{\"@type\":\"ImageObject\",\"inLanguage\":\"fr-FR\",\"@id\":\"https:\\\/\\\/huntingeurope.be\\\/fr\\\/produit\\\/coupe-crane-eurohunt-pour-chevreuil\\\/#primaryimage\",\"url\":\"https:\\\/\\\/huntingeurope.be\\\/wp-content\\\/uploads\\\/2025\\\/03\\\/560730_1.jpeg\",\"contentUrl\":\"https:\\\/\\\/huntingeurope.be\\\/wp-content\\\/uploads\\\/2025\\\/03\\\/560730_1.jpeg\",\"width\":1800,\"height\":1800},{\"@type\":\"BreadcrumbList\",\"@id\":\"https:\\\/\\\/huntingeurope.be\\\/fr\\\/produit\\\/coupe-crane-eurohunt-pour-chevreuil\\\/#breadcrumb\",\"itemListElement\":[{\"@type\":\"ListItem\",\"position\":1,\"name\":\"Home\",\"item\":\"https:\\\/\\\/huntingeurope.be\\\/fr\\\/\"},{\"@type\":\"ListItem\",\"position\":2,\"name\":\"Produits\",\"item\":\"https:\\\/\\\/huntingeurope.be\\\/fr\\\/shop\\\/\"},{\"@type\":\"ListItem\",\"position\":3,\"name\":\"Coupe-cr\u00e2ne Eurohunt pour chevreuil\"}]},{\"@type\":\"WebSite\",\"@id\":\"https:\\\/\\\/huntingeurope.be\\\/fr\\\/?lang=en\\\/#website\",\"url\":\"https:\\\/\\\/huntingeurope.be\\\/fr\\\/?lang=en\\\/\",\"name\":\"Hunting Europe\",\"description\":\"Alles voor de jacht\",\"publisher\":{\"@id\":\"https:\\\/\\\/huntingeurope.be\\\/fr\\\/?lang=en\\\/#organization\"},\"potentialAction\":[{\"@type\":\"SearchAction\",\"target\":{\"@type\":\"EntryPoint\",\"urlTemplate\":\"https:\\\/\\\/huntingeurope.be\\\/fr\\\/?lang=en\\\/?s={search_term_string}\"},\"query-input\":{\"@type\":\"PropertyValueSpecification\",\"valueRequired\":true,\"valueName\":\"search_term_string\"}}],\"inLanguage\":\"fr-FR\"},{\"@type\":\"Organization\",\"@id\":\"https:\\\/\\\/huntingeurope.be\\\/fr\\\/?lang=en\\\/#organization\",\"name\":\"Hunting Europe\",\"url\":\"https:\\\/\\\/huntingeurope.be\\\/fr\\\/?lang=en\\\/\",\"logo\":{\"@type\":\"ImageObject\",\"inLanguage\":\"fr-FR\",\"@id\":\"https:\\\/\\\/huntingeurope.be\\\/fr\\\/?lang=en\\\/#\\\/schema\\\/logo\\\/image\\\/\",\"url\":\"https:\\\/\\\/huntingeurope.be\\\/wp-content\\\/uploads\\\/2021\\\/10\\\/Huntingeurope-1-1.png\",\"contentUrl\":\"https:\\\/\\\/huntingeurope.be\\\/wp-content\\\/uploads\\\/2021\\\/10\\\/Huntingeurope-1-1.png\",\"width\":280,\"height\":179,\"caption\":\"Hunting Europe\"},\"image\":{\"@id\":\"https:\\\/\\\/huntingeurope.be\\\/fr\\\/?lang=en\\\/#\\\/schema\\\/logo\\\/image\\\/\"},\"sameAs\":[\"https:\\\/\\\/www.facebook.com\\\/jachtwinkel.europe\\\/\",\"https:\\\/\\\/www.instagram.com\\\/huntingeurope\\\/\",\"https:\\\/\\\/www.youtube.com\\\/user\\\/NickolaySmet\\\/videos?view_as=subscriber\"]}]}<\/script>\n<!-- \/ Yoast SEO plugin. -->","yoast_head_json":{"title":"Coupe-cr\u00e2ne Eurohunt pour chevreuil - Hunting Europe","robots":{"index":"index","follow":"follow","max-snippet":"max-snippet:-1","max-image-preview":"max-image-preview:large","max-video-preview":"max-video-preview:-1"},"canonical":"https:\/\/huntingeurope.be\/fr\/produit\/coupe-crane-eurohunt-pour-chevreuil\/","og_locale":"fr_FR","og_type":"article","og_title":"Coupe-cr\u00e2ne Eurohunt pour chevreuil - Hunting Europe","og_description":"Le coupe-cr\u00e2ne EUROHUNT est un outil indispensable pour tout chasseur qui souhaite sculpter lui-m\u00eame son troph\u00e9e. Fabriqu\u00e9 en acier galvanis\u00e9 de haute qualit\u00e9, il est extr\u00eamement robuste et durable. Il est \u00e9quip\u00e9 d'un rail de guidage variable et d'une scie qui emp\u00eachent les blocages et les accrochages, ce qui permet une coupe r\u00e9guli\u00e8re, lisse et pr\u00e9cise. La coupe est si pr\u00e9cise qu'il n'est pas n\u00e9cessaire de la retravailler. De plus, l'angle de l'appareil peut \u00eatre ajust\u00e9 pour une adaptation parfaite au cr\u00e2ne.","og_url":"https:\/\/huntingeurope.be\/fr\/produit\/coupe-crane-eurohunt-pour-chevreuil\/","og_site_name":"Hunting Europe","article_publisher":"https:\/\/www.facebook.com\/jachtwinkel.europe\/","og_image":[{"width":1800,"height":1800,"url":"https:\/\/huntingeurope.be\/wp-content\/uploads\/2025\/03\/560730_1.jpeg","type":"image\/jpeg"}],"twitter_card":"summary_large_image","schema":{"@context":"https:\/\/schema.org","@graph":[{"@type":"WebPage","@id":"https:\/\/huntingeurope.be\/fr\/produit\/coupe-crane-eurohunt-pour-chevreuil\/","url":"https:\/\/huntingeurope.be\/fr\/produit\/coupe-crane-eurohunt-pour-chevreuil\/","name":"Coupe-cr\u00e2ne Eurohunt pour chevreuil - Hunting Europe","isPartOf":{"@id":"https:\/\/huntingeurope.be\/fr\/?lang=en\/#website"},"primaryImageOfPage":{"@id":"https:\/\/huntingeurope.be\/fr\/produit\/coupe-crane-eurohunt-pour-chevreuil\/#primaryimage"},"image":{"@id":"https:\/\/huntingeurope.be\/fr\/produit\/coupe-crane-eurohunt-pour-chevreuil\/#primaryimage"},"thumbnailUrl":"https:\/\/huntingeurope.be\/wp-content\/uploads\/2025\/03\/560730_1.jpeg","datePublished":"2025-03-01T12:08:26+00:00","breadcrumb":{"@id":"https:\/\/huntingeurope.be\/fr\/produit\/coupe-crane-eurohunt-pour-chevreuil\/#breadcrumb"},"inLanguage":"fr-FR","potentialAction":[{"@type":"ReadAction","target":["https:\/\/huntingeurope.be\/fr\/produit\/coupe-crane-eurohunt-pour-chevreuil\/"]}]},{"@type":"ImageObject","inLanguage":"fr-FR","@id":"https:\/\/huntingeurope.be\/fr\/produit\/coupe-crane-eurohunt-pour-chevreuil\/#primaryimage","url":"https:\/\/huntingeurope.be\/wp-content\/uploads\/2025\/03\/560730_1.jpeg","contentUrl":"https:\/\/huntingeurope.be\/wp-content\/uploads\/2025\/03\/560730_1.jpeg","width":1800,"height":1800},{"@type":"BreadcrumbList","@id":"https:\/\/huntingeurope.be\/fr\/produit\/coupe-crane-eurohunt-pour-chevreuil\/#breadcrumb","itemListElement":[{"@type":"ListItem","position":1,"name":"Home","item":"https:\/\/huntingeurope.be\/fr\/"},{"@type":"ListItem","position":2,"name":"Produits","item":"https:\/\/huntingeurope.be\/fr\/shop\/"},{"@type":"ListItem","position":3,"name":"Coupe-cr\u00e2ne Eurohunt pour chevreuil"}]},{"@type":"WebSite","@id":"https:\/\/huntingeurope.be\/fr\/?lang=en\/#website","url":"https:\/\/huntingeurope.be\/fr\/?lang=en\/","name":"Hunting Europe","description":"Alles voor de jacht","publisher":{"@id":"https:\/\/huntingeurope.be\/fr\/?lang=en\/#organization"},"potentialAction":[{"@type":"SearchAction","target":{"@type":"EntryPoint","urlTemplate":"https:\/\/huntingeurope.be\/fr\/?lang=en\/?s={search_term_string}"},"query-input":{"@type":"PropertyValueSpecification","valueRequired":true,"valueName":"search_term_string"}}],"inLanguage":"fr-FR"},{"@type":"Organization","@id":"https:\/\/huntingeurope.be\/fr\/?lang=en\/#organization","name":"Hunting Europe","url":"https:\/\/huntingeurope.be\/fr\/?lang=en\/","logo":{"@type":"ImageObject","inLanguage":"fr-FR","@id":"https:\/\/huntingeurope.be\/fr\/?lang=en\/#\/schema\/logo\/image\/","url":"https:\/\/huntingeurope.be\/wp-content\/uploads\/2021\/10\/Huntingeurope-1-1.png","contentUrl":"https:\/\/huntingeurope.be\/wp-content\/uploads\/2021\/10\/Huntingeurope-1-1.png","width":280,"height":179,"caption":"Hunting Europe"},"image":{"@id":"https:\/\/huntingeurope.be\/fr\/?lang=en\/#\/schema\/logo\/image\/"},"sameAs":["https:\/\/www.facebook.com\/jachtwinkel.europe\/","https:\/\/www.instagram.com\/huntingeurope\/","https:\/\/www.youtube.com\/user\/NickolaySmet\/videos?view_as=subscriber"]}]}},"df_price":79.9,"df_sale_price":"","df_regular_price":79.9,"df_image_link":"https:\/\/huntingeurope.be\/wp-content\/uploads\/2025\/03\/560730_1-300x300.jpeg","_links":{"self":[{"href":"https:\/\/huntingeurope.be\/fr\/wp-json\/wp\/v2\/product\/55002","targetHints":{"allow":["GET"]}}],"collection":[{"href":"https:\/\/huntingeurope.be\/fr\/wp-json\/wp\/v2\/product"}],"about":[{"href":"https:\/\/huntingeurope.be\/fr\/wp-json\/wp\/v2\/types\/product"}],"wp:featuredmedia":[{"embeddable":true,"href":"https:\/\/huntingeurope.be\/fr\/wp-json\/wp\/v2\/media\/54941"}],"wp:attachment":[{"href":"https:\/\/huntingeurope.be\/fr\/wp-json\/wp\/v2\/media?parent=55002"}],"wp:term":[{"taxonomy":"product_brand","embeddable":true,"href":"https:\/\/huntingeurope.be\/fr\/wp-json\/wp\/v2\/product_brand?post=55002"},{"taxonomy":"product_cat","embeddable":true,"href":"https:\/\/huntingeurope.be\/fr\/wp-json\/wp\/v2\/product_cat?post=55002"},{"taxonomy":"product_tag","embeddable":true,"href":"https:\/\/huntingeurope.be\/fr\/wp-json\/wp\/v2\/product_tag?post=55002"}],"curies":[{"name":"wp","href":"https:\/\/api.w.org\/{rel}","templated":true}]}}