{"id":53170,"date":"2025-02-05T18:23:33","date_gmt":"2025-02-05T17:23:47","guid":{"rendered":"https:\/\/huntingeurope.be\/product\/swarovski-cl-companion-8x30\/"},"modified":"2025-02-11T18:08:52","modified_gmt":"2025-02-11T17:08:52","slug":"swarovski-cl-companion-8x30","status":"publish","type":"product","link":"https:\/\/huntingeurope.be\/fr\/produit\/swarovski-cl-companion-8x30\/","title":{"rendered":"Swarovski CL Companion 8&#215;30"},"content":{"rendered":"","protected":false},"excerpt":{"rendered":"<p class=\"p1\">Avec la CL Companion, vous ne manquerez plus rien. Cette \u00e9l\u00e9gante jumelle \u00e0 l&rsquo;optique impressionnante tient parfaitement dans la main et vous accompagne en permanence, vous permettant de vivre pleinement chaque instant. La CL Companion 8&#215;30 est votre compagnon pratique pour les aventures dans la nature &#8211; que vous soyez \u00e0 la maison ou en voyage. Avec un grossissement de 8x, vous profiterez toujours d&rsquo;une exp\u00e9rience visuelle confortable et fluide. Pesant seulement 490 g, ces jumelles \u00e9l\u00e9gantes reposent de mani\u00e8re ergonomique dans votre main gr\u00e2ce \u00e0 leur rev\u00eatement caoutchout\u00e9 et vous offrent une vue d&rsquo;ensemble parfaite \u00e0 tout moment. Une sangle de transport et un \u00e9tui garantissent un acc\u00e8s rapide et facile et un stockage en toute s\u00e9curit\u00e9. Appr\u00e9ciez <span class=\"s1\"><b>LA LIBERT\u00c9 D&rsquo;EN SAVOIR PLUS<\/b><\/span>.      <\/p>\n<p>Tout d&rsquo;abord, s\u00e9lectionnez la couleur de vos jumelles (vertes ou anthracites) et votre pr\u00e9f\u00e9rence en mati\u00e8re de support (Nature sauvage, Jungle urbaine ou Aurores bor\u00e9ales).<\/p>\n","protected":false},"featured_media":53160,"template":"","meta":{"_joinchat":[]},"product_brand":[],"product_cat":[673,866],"product_tag":[],"class_list":{"0":"post-53170","1":"product","2":"type-product","3":"status-publish","4":"has-post-thumbnail","6":"product_cat-jumelles","7":"product_cat-swarovski-fr","9":"first","10":"onbackorder","11":"taxable","12":"shipping-taxable","13":"purchasable","14":"product-type-variable"},"yoast_head":"<!-- This site is optimized with the Yoast SEO plugin v27.6 - https:\/\/yoast.com\/product\/yoast-seo-wordpress\/ -->\n<title>Swarovski CL Companion 8x30 - Hunting Europe<\/title>\n<meta name=\"robots\" content=\"index, follow, max-snippet:-1, max-image-preview:large, max-video-preview:-1\" \/>\n<link rel=\"canonical\" href=\"https:\/\/huntingeurope.be\/fr\/produit\/swarovski-cl-companion-8x30\/\" \/>\n<meta property=\"og:locale\" content=\"fr_FR\" \/>\n<meta property=\"og:type\" content=\"article\" \/>\n<meta property=\"og:title\" content=\"Swarovski CL Companion 8x30 - Hunting Europe\" \/>\n<meta property=\"og:description\" content=\"Avec la CL Companion, vous ne manquerez plus rien. Cette \u00e9l\u00e9gante jumelle \u00e0 l&#039;optique impressionnante tient parfaitement dans la main et vous accompagne en permanence, vous permettant de vivre pleinement chaque instant. La CL Companion 8x30 est votre compagnon pratique pour les aventures dans la nature - que vous soyez \u00e0 la maison ou en voyage. Avec un grossissement de 8x, vous profiterez toujours d&#039;une exp\u00e9rience visuelle confortable et fluide. Pesant seulement 490 g, ces jumelles \u00e9l\u00e9gantes reposent de mani\u00e8re ergonomique dans votre main gr\u00e2ce \u00e0 leur rev\u00eatement caoutchout\u00e9 et vous offrent une vue d&#039;ensemble parfaite \u00e0 tout moment. Une sangle de transport et un \u00e9tui garantissent un acc\u00e8s rapide et facile et un stockage en toute s\u00e9curit\u00e9. Appr\u00e9ciez LA LIBERT\u00c9 D&#039;EN SAVOIR PLUS.    Tout d&#039;abord, s\u00e9lectionnez la couleur de vos jumelles (vertes ou anthracites) et votre pr\u00e9f\u00e9rence en mati\u00e8re de support (Nature sauvage, Jungle urbaine ou Aurores bor\u00e9ales).\" \/>\n<meta property=\"og:url\" content=\"https:\/\/huntingeurope.be\/fr\/produit\/swarovski-cl-companion-8x30\/\" \/>\n<meta property=\"og:site_name\" content=\"Hunting Europe\" \/>\n<meta property=\"article:publisher\" content=\"https:\/\/www.facebook.com\/jachtwinkel.europe\/\" \/>\n<meta property=\"article:modified_time\" content=\"2025-02-11T17:08:52+00:00\" \/>\n<meta property=\"og:image\" content=\"https:\/\/huntingeurope.be\/wp-content\/uploads\/2025\/02\/companion1.webp\" \/>\n\t<meta property=\"og:image:width\" content=\"1200\" \/>\n\t<meta property=\"og:image:height\" content=\"1400\" \/>\n\t<meta property=\"og:image:type\" content=\"image\/webp\" \/>\n<meta name=\"twitter:card\" content=\"summary_large_image\" \/>\n<script type=\"application\/ld+json\" class=\"yoast-schema-graph\">{\"@context\":\"https:\\\/\\\/schema.org\",\"@graph\":[{\"@type\":\"WebPage\",\"@id\":\"https:\\\/\\\/huntingeurope.be\\\/fr\\\/produit\\\/swarovski-cl-companion-8x30\\\/\",\"url\":\"https:\\\/\\\/huntingeurope.be\\\/fr\\\/produit\\\/swarovski-cl-companion-8x30\\\/\",\"name\":\"Swarovski CL Companion 8x30 - Hunting Europe\",\"isPartOf\":{\"@id\":\"https:\\\/\\\/huntingeurope.be\\\/fr\\\/?lang=en\\\/#website\"},\"primaryImageOfPage\":{\"@id\":\"https:\\\/\\\/huntingeurope.be\\\/fr\\\/produit\\\/swarovski-cl-companion-8x30\\\/#primaryimage\"},\"image\":{\"@id\":\"https:\\\/\\\/huntingeurope.be\\\/fr\\\/produit\\\/swarovski-cl-companion-8x30\\\/#primaryimage\"},\"thumbnailUrl\":\"https:\\\/\\\/huntingeurope.be\\\/wp-content\\\/uploads\\\/2025\\\/02\\\/companion1.webp\",\"datePublished\":\"2025-02-05T17:23:47+00:00\",\"dateModified\":\"2025-02-11T17:08:52+00:00\",\"breadcrumb\":{\"@id\":\"https:\\\/\\\/huntingeurope.be\\\/fr\\\/produit\\\/swarovski-cl-companion-8x30\\\/#breadcrumb\"},\"inLanguage\":\"fr-FR\",\"potentialAction\":[{\"@type\":\"ReadAction\",\"target\":[\"https:\\\/\\\/huntingeurope.be\\\/fr\\\/produit\\\/swarovski-cl-companion-8x30\\\/\"]}]},{\"@type\":\"ImageObject\",\"inLanguage\":\"fr-FR\",\"@id\":\"https:\\\/\\\/huntingeurope.be\\\/fr\\\/produit\\\/swarovski-cl-companion-8x30\\\/#primaryimage\",\"url\":\"https:\\\/\\\/huntingeurope.be\\\/wp-content\\\/uploads\\\/2025\\\/02\\\/companion1.webp\",\"contentUrl\":\"https:\\\/\\\/huntingeurope.be\\\/wp-content\\\/uploads\\\/2025\\\/02\\\/companion1.webp\",\"width\":1200,\"height\":1400},{\"@type\":\"BreadcrumbList\",\"@id\":\"https:\\\/\\\/huntingeurope.be\\\/fr\\\/produit\\\/swarovski-cl-companion-8x30\\\/#breadcrumb\",\"itemListElement\":[{\"@type\":\"ListItem\",\"position\":1,\"name\":\"Home\",\"item\":\"https:\\\/\\\/huntingeurope.be\\\/fr\\\/\"},{\"@type\":\"ListItem\",\"position\":2,\"name\":\"Produits\",\"item\":\"https:\\\/\\\/huntingeurope.be\\\/fr\\\/shop\\\/\"},{\"@type\":\"ListItem\",\"position\":3,\"name\":\"Swarovski CL Companion 8&#215;30\"}]},{\"@type\":\"WebSite\",\"@id\":\"https:\\\/\\\/huntingeurope.be\\\/fr\\\/?lang=en\\\/#website\",\"url\":\"https:\\\/\\\/huntingeurope.be\\\/fr\\\/?lang=en\\\/\",\"name\":\"Hunting Europe\",\"description\":\"Alles voor de jacht\",\"publisher\":{\"@id\":\"https:\\\/\\\/huntingeurope.be\\\/fr\\\/?lang=en\\\/#organization\"},\"potentialAction\":[{\"@type\":\"SearchAction\",\"target\":{\"@type\":\"EntryPoint\",\"urlTemplate\":\"https:\\\/\\\/huntingeurope.be\\\/fr\\\/?lang=en\\\/?s={search_term_string}\"},\"query-input\":{\"@type\":\"PropertyValueSpecification\",\"valueRequired\":true,\"valueName\":\"search_term_string\"}}],\"inLanguage\":\"fr-FR\"},{\"@type\":\"Organization\",\"@id\":\"https:\\\/\\\/huntingeurope.be\\\/fr\\\/?lang=en\\\/#organization\",\"name\":\"Hunting Europe\",\"url\":\"https:\\\/\\\/huntingeurope.be\\\/fr\\\/?lang=en\\\/\",\"logo\":{\"@type\":\"ImageObject\",\"inLanguage\":\"fr-FR\",\"@id\":\"https:\\\/\\\/huntingeurope.be\\\/fr\\\/?lang=en\\\/#\\\/schema\\\/logo\\\/image\\\/\",\"url\":\"https:\\\/\\\/huntingeurope.be\\\/wp-content\\\/uploads\\\/2021\\\/10\\\/Huntingeurope-1-1.png\",\"contentUrl\":\"https:\\\/\\\/huntingeurope.be\\\/wp-content\\\/uploads\\\/2021\\\/10\\\/Huntingeurope-1-1.png\",\"width\":280,\"height\":179,\"caption\":\"Hunting Europe\"},\"image\":{\"@id\":\"https:\\\/\\\/huntingeurope.be\\\/fr\\\/?lang=en\\\/#\\\/schema\\\/logo\\\/image\\\/\"},\"sameAs\":[\"https:\\\/\\\/www.facebook.com\\\/jachtwinkel.europe\\\/\",\"https:\\\/\\\/www.instagram.com\\\/huntingeurope\\\/\",\"https:\\\/\\\/www.youtube.com\\\/user\\\/NickolaySmet\\\/videos?view_as=subscriber\"]}]}<\/script>\n<!-- \/ Yoast SEO plugin. -->","yoast_head_json":{"title":"Swarovski CL Companion 8x30 - Hunting Europe","robots":{"index":"index","follow":"follow","max-snippet":"max-snippet:-1","max-image-preview":"max-image-preview:large","max-video-preview":"max-video-preview:-1"},"canonical":"https:\/\/huntingeurope.be\/fr\/produit\/swarovski-cl-companion-8x30\/","og_locale":"fr_FR","og_type":"article","og_title":"Swarovski CL Companion 8x30 - Hunting Europe","og_description":"Avec la CL Companion, vous ne manquerez plus rien. Cette \u00e9l\u00e9gante jumelle \u00e0 l'optique impressionnante tient parfaitement dans la main et vous accompagne en permanence, vous permettant de vivre pleinement chaque instant. La CL Companion 8x30 est votre compagnon pratique pour les aventures dans la nature - que vous soyez \u00e0 la maison ou en voyage. Avec un grossissement de 8x, vous profiterez toujours d'une exp\u00e9rience visuelle confortable et fluide. Pesant seulement 490 g, ces jumelles \u00e9l\u00e9gantes reposent de mani\u00e8re ergonomique dans votre main gr\u00e2ce \u00e0 leur rev\u00eatement caoutchout\u00e9 et vous offrent une vue d'ensemble parfaite \u00e0 tout moment. Une sangle de transport et un \u00e9tui garantissent un acc\u00e8s rapide et facile et un stockage en toute s\u00e9curit\u00e9. Appr\u00e9ciez LA LIBERT\u00c9 D'EN SAVOIR PLUS.    Tout d'abord, s\u00e9lectionnez la couleur de vos jumelles (vertes ou anthracites) et votre pr\u00e9f\u00e9rence en mati\u00e8re de support (Nature sauvage, Jungle urbaine ou Aurores bor\u00e9ales).","og_url":"https:\/\/huntingeurope.be\/fr\/produit\/swarovski-cl-companion-8x30\/","og_site_name":"Hunting Europe","article_publisher":"https:\/\/www.facebook.com\/jachtwinkel.europe\/","article_modified_time":"2025-02-11T17:08:52+00:00","og_image":[{"width":1200,"height":1400,"url":"https:\/\/huntingeurope.be\/wp-content\/uploads\/2025\/02\/companion1.webp","type":"image\/webp"}],"twitter_card":"summary_large_image","schema":{"@context":"https:\/\/schema.org","@graph":[{"@type":"WebPage","@id":"https:\/\/huntingeurope.be\/fr\/produit\/swarovski-cl-companion-8x30\/","url":"https:\/\/huntingeurope.be\/fr\/produit\/swarovski-cl-companion-8x30\/","name":"Swarovski CL Companion 8x30 - Hunting Europe","isPartOf":{"@id":"https:\/\/huntingeurope.be\/fr\/?lang=en\/#website"},"primaryImageOfPage":{"@id":"https:\/\/huntingeurope.be\/fr\/produit\/swarovski-cl-companion-8x30\/#primaryimage"},"image":{"@id":"https:\/\/huntingeurope.be\/fr\/produit\/swarovski-cl-companion-8x30\/#primaryimage"},"thumbnailUrl":"https:\/\/huntingeurope.be\/wp-content\/uploads\/2025\/02\/companion1.webp","datePublished":"2025-02-05T17:23:47+00:00","dateModified":"2025-02-11T17:08:52+00:00","breadcrumb":{"@id":"https:\/\/huntingeurope.be\/fr\/produit\/swarovski-cl-companion-8x30\/#breadcrumb"},"inLanguage":"fr-FR","potentialAction":[{"@type":"ReadAction","target":["https:\/\/huntingeurope.be\/fr\/produit\/swarovski-cl-companion-8x30\/"]}]},{"@type":"ImageObject","inLanguage":"fr-FR","@id":"https:\/\/huntingeurope.be\/fr\/produit\/swarovski-cl-companion-8x30\/#primaryimage","url":"https:\/\/huntingeurope.be\/wp-content\/uploads\/2025\/02\/companion1.webp","contentUrl":"https:\/\/huntingeurope.be\/wp-content\/uploads\/2025\/02\/companion1.webp","width":1200,"height":1400},{"@type":"BreadcrumbList","@id":"https:\/\/huntingeurope.be\/fr\/produit\/swarovski-cl-companion-8x30\/#breadcrumb","itemListElement":[{"@type":"ListItem","position":1,"name":"Home","item":"https:\/\/huntingeurope.be\/fr\/"},{"@type":"ListItem","position":2,"name":"Produits","item":"https:\/\/huntingeurope.be\/fr\/shop\/"},{"@type":"ListItem","position":3,"name":"Swarovski CL Companion 8&#215;30"}]},{"@type":"WebSite","@id":"https:\/\/huntingeurope.be\/fr\/?lang=en\/#website","url":"https:\/\/huntingeurope.be\/fr\/?lang=en\/","name":"Hunting Europe","description":"Alles voor de jacht","publisher":{"@id":"https:\/\/huntingeurope.be\/fr\/?lang=en\/#organization"},"potentialAction":[{"@type":"SearchAction","target":{"@type":"EntryPoint","urlTemplate":"https:\/\/huntingeurope.be\/fr\/?lang=en\/?s={search_term_string}"},"query-input":{"@type":"PropertyValueSpecification","valueRequired":true,"valueName":"search_term_string"}}],"inLanguage":"fr-FR"},{"@type":"Organization","@id":"https:\/\/huntingeurope.be\/fr\/?lang=en\/#organization","name":"Hunting Europe","url":"https:\/\/huntingeurope.be\/fr\/?lang=en\/","logo":{"@type":"ImageObject","inLanguage":"fr-FR","@id":"https:\/\/huntingeurope.be\/fr\/?lang=en\/#\/schema\/logo\/image\/","url":"https:\/\/huntingeurope.be\/wp-content\/uploads\/2021\/10\/Huntingeurope-1-1.png","contentUrl":"https:\/\/huntingeurope.be\/wp-content\/uploads\/2021\/10\/Huntingeurope-1-1.png","width":280,"height":179,"caption":"Hunting Europe"},"image":{"@id":"https:\/\/huntingeurope.be\/fr\/?lang=en\/#\/schema\/logo\/image\/"},"sameAs":["https:\/\/www.facebook.com\/jachtwinkel.europe\/","https:\/\/www.instagram.com\/huntingeurope\/","https:\/\/www.youtube.com\/user\/NickolaySmet\/videos?view_as=subscriber"]}]}},"df_price":1360,"df_sale_price":"","df_regular_price":1360,"df_image_link":"https:\/\/huntingeurope.be\/wp-content\/uploads\/2025\/02\/companion1-257x300.webp","_links":{"self":[{"href":"https:\/\/huntingeurope.be\/fr\/wp-json\/wp\/v2\/product\/53170","targetHints":{"allow":["GET"]}}],"collection":[{"href":"https:\/\/huntingeurope.be\/fr\/wp-json\/wp\/v2\/product"}],"about":[{"href":"https:\/\/huntingeurope.be\/fr\/wp-json\/wp\/v2\/types\/product"}],"wp:featuredmedia":[{"embeddable":true,"href":"https:\/\/huntingeurope.be\/fr\/wp-json\/wp\/v2\/media\/53160"}],"wp:attachment":[{"href":"https:\/\/huntingeurope.be\/fr\/wp-json\/wp\/v2\/media?parent=53170"}],"wp:term":[{"taxonomy":"product_brand","embeddable":true,"href":"https:\/\/huntingeurope.be\/fr\/wp-json\/wp\/v2\/product_brand?post=53170"},{"taxonomy":"product_cat","embeddable":true,"href":"https:\/\/huntingeurope.be\/fr\/wp-json\/wp\/v2\/product_cat?post=53170"},{"taxonomy":"product_tag","embeddable":true,"href":"https:\/\/huntingeurope.be\/fr\/wp-json\/wp\/v2\/product_tag?post=53170"}],"curies":[{"name":"wp","href":"https:\/\/api.w.org\/{rel}","templated":true}]}}