{"id":52103,"date":"2025-01-09T21:05:25","date_gmt":"2025-01-09T20:05:25","guid":{"rendered":"https:\/\/huntingeurope.be\/product\/courroie-de-remplacement-en-acier-inoxydable-cerf-elaphe\/"},"modified":"2025-11-25T12:29:54","modified_gmt":"2025-11-25T11:29:54","slug":"courroie-de-remplacement-en-acier-inoxydable-cerf-elaphe","status":"publish","type":"product","link":"https:\/\/huntingeurope.be\/fr\/produit\/courroie-de-remplacement-en-acier-inoxydable-cerf-elaphe\/","title":{"rendered":"Courroie de remplacement en acier inoxydable &#8211; Cerf \u00e9laphe"},"content":{"rendered":"","protected":false},"excerpt":{"rendered":"<p>Courroie de remplacement en acier inoxydable avec image de t\u00eate de cerf<\/p>\n<p>Ne pas utiliser et interdire lors de la participation au trafic routier !<\/p>\n<p>Utile lorsque vous vous promenez en voiture et que vous vous arr\u00eatez pour observer la faune \u00e0 l&rsquo;aide de jumelles. Ainsi, vous n&rsquo;avez pas besoin de d\u00e9boucler votre ceinture de s\u00e9curit\u00e9 en permanence lorsque vous parcourez les champs et les prairies.<\/p>\n<p>50mmx88mmx2mm<\/p>\n<p>d\u00e9sactive le signal d&rsquo;alarme de votre ceinture de s\u00e9curit\u00e9 sans que vous ne la portiez.<\/p>\n","protected":false},"featured_media":52100,"template":"","meta":{"_joinchat":[]},"product_brand":[],"product_cat":[538],"product_tag":[],"class_list":{"0":"post-52103","1":"product","2":"type-product","3":"status-publish","4":"has-post-thumbnail","6":"product_cat-cadeaux","8":"first","9":"instock","10":"taxable","11":"shipping-taxable","12":"purchasable","13":"product-type-simple"},"yoast_head":"<!-- This site is optimized with the Yoast SEO plugin v27.5 - https:\/\/yoast.com\/product\/yoast-seo-wordpress\/ -->\n<title>Courroie de remplacement en acier inoxydable - Cerf \u00e9laphe - Hunting Europe<\/title>\n<meta name=\"robots\" content=\"index, follow, max-snippet:-1, max-image-preview:large, max-video-preview:-1\" \/>\n<link rel=\"canonical\" href=\"https:\/\/huntingeurope.be\/fr\/produit\/courroie-de-remplacement-en-acier-inoxydable-cerf-elaphe\/\" \/>\n<meta property=\"og:locale\" content=\"fr_FR\" \/>\n<meta property=\"og:type\" content=\"article\" \/>\n<meta property=\"og:title\" content=\"Courroie de remplacement en acier inoxydable - Cerf \u00e9laphe - Hunting Europe\" \/>\n<meta property=\"og:description\" content=\"Courroie de remplacement en acier inoxydable avec image de t\u00eate de cerf Ne pas utiliser et interdire lors de la participation au trafic routier ! Utile lorsque vous vous promenez en voiture et que vous vous arr\u00eatez pour observer la faune \u00e0 l&#039;aide de jumelles. Ainsi, vous n&#039;avez pas besoin de d\u00e9boucler votre ceinture de s\u00e9curit\u00e9 en permanence lorsque vous parcourez les champs et les prairies. 50mmx88mmx2mm d\u00e9sactive le signal d&#039;alarme de votre ceinture de s\u00e9curit\u00e9 sans que vous ne la portiez.\" \/>\n<meta property=\"og:url\" content=\"https:\/\/huntingeurope.be\/fr\/produit\/courroie-de-remplacement-en-acier-inoxydable-cerf-elaphe\/\" \/>\n<meta property=\"og:site_name\" content=\"Hunting Europe\" \/>\n<meta property=\"article:publisher\" content=\"https:\/\/www.facebook.com\/jachtwinkel.europe\/\" \/>\n<meta property=\"article:modified_time\" content=\"2025-11-25T11:29:54+00:00\" \/>\n<meta property=\"og:image\" content=\"https:\/\/huntingeurope.be\/wp-content\/uploads\/2025\/01\/gordelvervanger-edelhert.jpeg\" \/>\n\t<meta property=\"og:image:width\" content=\"600\" \/>\n\t<meta property=\"og:image:height\" content=\"600\" \/>\n\t<meta property=\"og:image:type\" content=\"image\/jpeg\" \/>\n<meta name=\"twitter:card\" content=\"summary_large_image\" \/>\n<script type=\"application\/ld+json\" class=\"yoast-schema-graph\">{\"@context\":\"https:\\\/\\\/schema.org\",\"@graph\":[{\"@type\":\"WebPage\",\"@id\":\"https:\\\/\\\/huntingeurope.be\\\/fr\\\/produit\\\/courroie-de-remplacement-en-acier-inoxydable-cerf-elaphe\\\/\",\"url\":\"https:\\\/\\\/huntingeurope.be\\\/fr\\\/produit\\\/courroie-de-remplacement-en-acier-inoxydable-cerf-elaphe\\\/\",\"name\":\"Courroie de remplacement en acier inoxydable - Cerf \u00e9laphe - Hunting Europe\",\"isPartOf\":{\"@id\":\"https:\\\/\\\/huntingeurope.be\\\/fr\\\/?lang=en\\\/#website\"},\"primaryImageOfPage\":{\"@id\":\"https:\\\/\\\/huntingeurope.be\\\/fr\\\/produit\\\/courroie-de-remplacement-en-acier-inoxydable-cerf-elaphe\\\/#primaryimage\"},\"image\":{\"@id\":\"https:\\\/\\\/huntingeurope.be\\\/fr\\\/produit\\\/courroie-de-remplacement-en-acier-inoxydable-cerf-elaphe\\\/#primaryimage\"},\"thumbnailUrl\":\"https:\\\/\\\/huntingeurope.be\\\/wp-content\\\/uploads\\\/2025\\\/01\\\/gordelvervanger-edelhert.jpeg\",\"datePublished\":\"2025-01-09T20:05:25+00:00\",\"dateModified\":\"2025-11-25T11:29:54+00:00\",\"breadcrumb\":{\"@id\":\"https:\\\/\\\/huntingeurope.be\\\/fr\\\/produit\\\/courroie-de-remplacement-en-acier-inoxydable-cerf-elaphe\\\/#breadcrumb\"},\"inLanguage\":\"fr-FR\",\"potentialAction\":[{\"@type\":\"ReadAction\",\"target\":[\"https:\\\/\\\/huntingeurope.be\\\/fr\\\/produit\\\/courroie-de-remplacement-en-acier-inoxydable-cerf-elaphe\\\/\"]}]},{\"@type\":\"ImageObject\",\"inLanguage\":\"fr-FR\",\"@id\":\"https:\\\/\\\/huntingeurope.be\\\/fr\\\/produit\\\/courroie-de-remplacement-en-acier-inoxydable-cerf-elaphe\\\/#primaryimage\",\"url\":\"https:\\\/\\\/huntingeurope.be\\\/wp-content\\\/uploads\\\/2025\\\/01\\\/gordelvervanger-edelhert.jpeg\",\"contentUrl\":\"https:\\\/\\\/huntingeurope.be\\\/wp-content\\\/uploads\\\/2025\\\/01\\\/gordelvervanger-edelhert.jpeg\",\"width\":600,\"height\":600},{\"@type\":\"BreadcrumbList\",\"@id\":\"https:\\\/\\\/huntingeurope.be\\\/fr\\\/produit\\\/courroie-de-remplacement-en-acier-inoxydable-cerf-elaphe\\\/#breadcrumb\",\"itemListElement\":[{\"@type\":\"ListItem\",\"position\":1,\"name\":\"Home\",\"item\":\"https:\\\/\\\/huntingeurope.be\\\/fr\\\/\"},{\"@type\":\"ListItem\",\"position\":2,\"name\":\"Produits\",\"item\":\"https:\\\/\\\/huntingeurope.be\\\/fr\\\/shop\\\/\"},{\"@type\":\"ListItem\",\"position\":3,\"name\":\"Courroie de remplacement en acier inoxydable &#8211; Cerf \u00e9laphe\"}]},{\"@type\":\"WebSite\",\"@id\":\"https:\\\/\\\/huntingeurope.be\\\/fr\\\/?lang=en\\\/#website\",\"url\":\"https:\\\/\\\/huntingeurope.be\\\/fr\\\/?lang=en\\\/\",\"name\":\"Hunting Europe\",\"description\":\"Alles voor de jacht\",\"publisher\":{\"@id\":\"https:\\\/\\\/huntingeurope.be\\\/fr\\\/?lang=en\\\/#organization\"},\"potentialAction\":[{\"@type\":\"SearchAction\",\"target\":{\"@type\":\"EntryPoint\",\"urlTemplate\":\"https:\\\/\\\/huntingeurope.be\\\/fr\\\/?lang=en\\\/?s={search_term_string}\"},\"query-input\":{\"@type\":\"PropertyValueSpecification\",\"valueRequired\":true,\"valueName\":\"search_term_string\"}}],\"inLanguage\":\"fr-FR\"},{\"@type\":\"Organization\",\"@id\":\"https:\\\/\\\/huntingeurope.be\\\/fr\\\/?lang=en\\\/#organization\",\"name\":\"Hunting Europe\",\"url\":\"https:\\\/\\\/huntingeurope.be\\\/fr\\\/?lang=en\\\/\",\"logo\":{\"@type\":\"ImageObject\",\"inLanguage\":\"fr-FR\",\"@id\":\"https:\\\/\\\/huntingeurope.be\\\/fr\\\/?lang=en\\\/#\\\/schema\\\/logo\\\/image\\\/\",\"url\":\"https:\\\/\\\/huntingeurope.be\\\/wp-content\\\/uploads\\\/2021\\\/10\\\/Huntingeurope-1-1.png\",\"contentUrl\":\"https:\\\/\\\/huntingeurope.be\\\/wp-content\\\/uploads\\\/2021\\\/10\\\/Huntingeurope-1-1.png\",\"width\":280,\"height\":179,\"caption\":\"Hunting Europe\"},\"image\":{\"@id\":\"https:\\\/\\\/huntingeurope.be\\\/fr\\\/?lang=en\\\/#\\\/schema\\\/logo\\\/image\\\/\"},\"sameAs\":[\"https:\\\/\\\/www.facebook.com\\\/jachtwinkel.europe\\\/\",\"https:\\\/\\\/www.instagram.com\\\/huntingeurope\\\/\",\"https:\\\/\\\/www.youtube.com\\\/user\\\/NickolaySmet\\\/videos?view_as=subscriber\"]}]}<\/script>\n<!-- \/ Yoast SEO plugin. -->","yoast_head_json":{"title":"Courroie de remplacement en acier inoxydable - Cerf \u00e9laphe - Hunting Europe","robots":{"index":"index","follow":"follow","max-snippet":"max-snippet:-1","max-image-preview":"max-image-preview:large","max-video-preview":"max-video-preview:-1"},"canonical":"https:\/\/huntingeurope.be\/fr\/produit\/courroie-de-remplacement-en-acier-inoxydable-cerf-elaphe\/","og_locale":"fr_FR","og_type":"article","og_title":"Courroie de remplacement en acier inoxydable - Cerf \u00e9laphe - Hunting Europe","og_description":"Courroie de remplacement en acier inoxydable avec image de t\u00eate de cerf Ne pas utiliser et interdire lors de la participation au trafic routier ! Utile lorsque vous vous promenez en voiture et que vous vous arr\u00eatez pour observer la faune \u00e0 l'aide de jumelles. Ainsi, vous n'avez pas besoin de d\u00e9boucler votre ceinture de s\u00e9curit\u00e9 en permanence lorsque vous parcourez les champs et les prairies. 50mmx88mmx2mm d\u00e9sactive le signal d'alarme de votre ceinture de s\u00e9curit\u00e9 sans que vous ne la portiez.","og_url":"https:\/\/huntingeurope.be\/fr\/produit\/courroie-de-remplacement-en-acier-inoxydable-cerf-elaphe\/","og_site_name":"Hunting Europe","article_publisher":"https:\/\/www.facebook.com\/jachtwinkel.europe\/","article_modified_time":"2025-11-25T11:29:54+00:00","og_image":[{"width":600,"height":600,"url":"https:\/\/huntingeurope.be\/wp-content\/uploads\/2025\/01\/gordelvervanger-edelhert.jpeg","type":"image\/jpeg"}],"twitter_card":"summary_large_image","schema":{"@context":"https:\/\/schema.org","@graph":[{"@type":"WebPage","@id":"https:\/\/huntingeurope.be\/fr\/produit\/courroie-de-remplacement-en-acier-inoxydable-cerf-elaphe\/","url":"https:\/\/huntingeurope.be\/fr\/produit\/courroie-de-remplacement-en-acier-inoxydable-cerf-elaphe\/","name":"Courroie de remplacement en acier inoxydable - Cerf \u00e9laphe - Hunting Europe","isPartOf":{"@id":"https:\/\/huntingeurope.be\/fr\/?lang=en\/#website"},"primaryImageOfPage":{"@id":"https:\/\/huntingeurope.be\/fr\/produit\/courroie-de-remplacement-en-acier-inoxydable-cerf-elaphe\/#primaryimage"},"image":{"@id":"https:\/\/huntingeurope.be\/fr\/produit\/courroie-de-remplacement-en-acier-inoxydable-cerf-elaphe\/#primaryimage"},"thumbnailUrl":"https:\/\/huntingeurope.be\/wp-content\/uploads\/2025\/01\/gordelvervanger-edelhert.jpeg","datePublished":"2025-01-09T20:05:25+00:00","dateModified":"2025-11-25T11:29:54+00:00","breadcrumb":{"@id":"https:\/\/huntingeurope.be\/fr\/produit\/courroie-de-remplacement-en-acier-inoxydable-cerf-elaphe\/#breadcrumb"},"inLanguage":"fr-FR","potentialAction":[{"@type":"ReadAction","target":["https:\/\/huntingeurope.be\/fr\/produit\/courroie-de-remplacement-en-acier-inoxydable-cerf-elaphe\/"]}]},{"@type":"ImageObject","inLanguage":"fr-FR","@id":"https:\/\/huntingeurope.be\/fr\/produit\/courroie-de-remplacement-en-acier-inoxydable-cerf-elaphe\/#primaryimage","url":"https:\/\/huntingeurope.be\/wp-content\/uploads\/2025\/01\/gordelvervanger-edelhert.jpeg","contentUrl":"https:\/\/huntingeurope.be\/wp-content\/uploads\/2025\/01\/gordelvervanger-edelhert.jpeg","width":600,"height":600},{"@type":"BreadcrumbList","@id":"https:\/\/huntingeurope.be\/fr\/produit\/courroie-de-remplacement-en-acier-inoxydable-cerf-elaphe\/#breadcrumb","itemListElement":[{"@type":"ListItem","position":1,"name":"Home","item":"https:\/\/huntingeurope.be\/fr\/"},{"@type":"ListItem","position":2,"name":"Produits","item":"https:\/\/huntingeurope.be\/fr\/shop\/"},{"@type":"ListItem","position":3,"name":"Courroie de remplacement en acier inoxydable &#8211; Cerf \u00e9laphe"}]},{"@type":"WebSite","@id":"https:\/\/huntingeurope.be\/fr\/?lang=en\/#website","url":"https:\/\/huntingeurope.be\/fr\/?lang=en\/","name":"Hunting Europe","description":"Alles voor de jacht","publisher":{"@id":"https:\/\/huntingeurope.be\/fr\/?lang=en\/#organization"},"potentialAction":[{"@type":"SearchAction","target":{"@type":"EntryPoint","urlTemplate":"https:\/\/huntingeurope.be\/fr\/?lang=en\/?s={search_term_string}"},"query-input":{"@type":"PropertyValueSpecification","valueRequired":true,"valueName":"search_term_string"}}],"inLanguage":"fr-FR"},{"@type":"Organization","@id":"https:\/\/huntingeurope.be\/fr\/?lang=en\/#organization","name":"Hunting Europe","url":"https:\/\/huntingeurope.be\/fr\/?lang=en\/","logo":{"@type":"ImageObject","inLanguage":"fr-FR","@id":"https:\/\/huntingeurope.be\/fr\/?lang=en\/#\/schema\/logo\/image\/","url":"https:\/\/huntingeurope.be\/wp-content\/uploads\/2021\/10\/Huntingeurope-1-1.png","contentUrl":"https:\/\/huntingeurope.be\/wp-content\/uploads\/2021\/10\/Huntingeurope-1-1.png","width":280,"height":179,"caption":"Hunting Europe"},"image":{"@id":"https:\/\/huntingeurope.be\/fr\/?lang=en\/#\/schema\/logo\/image\/"},"sameAs":["https:\/\/www.facebook.com\/jachtwinkel.europe\/","https:\/\/www.instagram.com\/huntingeurope\/","https:\/\/www.youtube.com\/user\/NickolaySmet\/videos?view_as=subscriber"]}]}},"df_price":12.5,"df_sale_price":"","df_regular_price":12.5,"df_image_link":"https:\/\/huntingeurope.be\/wp-content\/uploads\/2025\/01\/gordelvervanger-edelhert-300x300.jpeg","_links":{"self":[{"href":"https:\/\/huntingeurope.be\/fr\/wp-json\/wp\/v2\/product\/52103","targetHints":{"allow":["GET"]}}],"collection":[{"href":"https:\/\/huntingeurope.be\/fr\/wp-json\/wp\/v2\/product"}],"about":[{"href":"https:\/\/huntingeurope.be\/fr\/wp-json\/wp\/v2\/types\/product"}],"wp:featuredmedia":[{"embeddable":true,"href":"https:\/\/huntingeurope.be\/fr\/wp-json\/wp\/v2\/media\/52100"}],"wp:attachment":[{"href":"https:\/\/huntingeurope.be\/fr\/wp-json\/wp\/v2\/media?parent=52103"}],"wp:term":[{"taxonomy":"product_brand","embeddable":true,"href":"https:\/\/huntingeurope.be\/fr\/wp-json\/wp\/v2\/product_brand?post=52103"},{"taxonomy":"product_cat","embeddable":true,"href":"https:\/\/huntingeurope.be\/fr\/wp-json\/wp\/v2\/product_cat?post=52103"},{"taxonomy":"product_tag","embeddable":true,"href":"https:\/\/huntingeurope.be\/fr\/wp-json\/wp\/v2\/product_tag?post=52103"}],"curies":[{"name":"wp","href":"https:\/\/api.w.org\/{rel}","templated":true}]}}