{"id":51603,"date":"2024-12-03T21:21:24","date_gmt":"2024-12-03T20:21:42","guid":{"rendered":"https:\/\/huntingeurope.be\/product\/progres-en-matiere-declairage\/"},"modified":"2024-12-03T21:21:42","modified_gmt":"2024-12-03T20:21:42","slug":"progres-en-matiere-declairage","status":"publish","type":"product","link":"https:\/\/huntingeurope.be\/fr\/produit\/progres-en-matiere-declairage\/","title":{"rendered":"PROGR\u00c8S EN MATI\u00c8RE D&rsquo;\u00c9CLAIRAGE"},"content":{"rendered":"<p><iframe loading=\"lazy\" title=\"Olight Prowess: More than a Flashlight!!\" width=\"1080\" height=\"608\" src=\"https:\/\/www.youtube.com\/embed\/2gCOwj2RbNw?feature=oembed\" frameborder=\"0\" allow=\"accelerometer; autoplay; clipboard-write; encrypted-media; gyroscope; picture-in-picture; web-share\" referrerpolicy=\"strict-origin-when-cross-origin\" allowfullscreen><\/iframe><\/p>\n","protected":false},"excerpt":{"rendered":"<p>La Prowess est une torche EDC compacte mais puissante avec de grandes performances. \u00c9clairez votre environnement avec la torche frontale ou avec la lanterne \u00e0 360\u00b0 \u00e0 l&rsquo;arri\u00e8re. La torche est fabriqu\u00e9e en aluminium anodis\u00e9 de haute qualit\u00e9, ce qui lui conf\u00e8re non seulement un aspect attrayant, mais aussi une grande robustesse. En outre, son bo\u00eetier festonn\u00e9 offre une meilleure prise en main dans toutes les conditions m\u00e9t\u00e9orologiques, et son anneau de frappe anodis\u00e9 prot\u00e8ge votre objectif. La s\u00e9lection du mode souhait\u00e9 (lampe de poche\/lanterne) s&rsquo;effectue \u00e0 l&rsquo;aide d&rsquo;un interrupteur situ\u00e9 sur le c\u00f4t\u00e9, dont la forme ergonomique permet de l&rsquo;actionner facilement d&rsquo;une seule main. Les 6 puissantes LED situ\u00e9es \u00e0 l&rsquo;avant de la lampe ont une puissance maximale incroyable de 5 000 lumens et une distance de rayonnement de 245 m\u00e8tres. La lanterne situ\u00e9e \u00e0 l&rsquo;arri\u00e8re de la lampe a une puissance maximale de 800 lumens et une distance de rayonnement de 35 m\u00e8tres. La Prowess peut \u00eatre charg\u00e9e \u00e0 l&rsquo;aide d&rsquo;un c\u00e2ble de charge USB-C standard (inclus) ou en utilisant le c\u00e2ble de charge magn\u00e9tique universel d&rsquo;Olight (MCC3). Le chargement via USB-C s&rsquo;effectue \u00e0 l&rsquo;aide de la station d&rsquo;accueil incluse.<br \/>\n &gt;<\/p>\n<p> &lt; Le bouton poussoir contient un indicateur permettant de lire le niveau de batterie en temps r\u00e9el : &#8211; Vert : 60% &#8211; Orange : 60% ~ 10% &#8211; Rouge : 10% ~ 5% &#8211; Rouge clignotant : 5% modes d&rsquo;\u00e9clairage Lampe de poche :<\/p>\n<p>&#8211; Moon \/ 5 lumens \/ 20 jours \/ 9 m\u00e8tres &#8211; Low \/ 50 lumens \/ 50 heures \/ 27 m\u00e8tres &#8211; Medium \/ 300 lumens \/ 10 heures \/ 63 m\u00e8tres &#8211; High \/ 1200~300 lumens \/ 150 + 30 minutes \/ 120 m\u00e8tres &#8211; Turbo \/ 5000~1200 lumens \/ 3 + 140 minutes \/ 245 m\u00e8tres modes d&rsquo;\u00e9clairage Lanterne : &#8211; Low \/ 2 lumens \/ 20 jours \/ 2.<\/p>\n<p>5 m\u00e8tres &#8211; Turbo \/ 800~600~400 lumens \/ 20 + 135 + 55 minutes \/ 35 m\u00e8tres R\u00e9sistante aux chocs et \u00e0 l&rsquo;eau ( IPX7 ) avec une garantie de 5 ans. ATTENTION : en raison de sa puissance lumineuse \u00e9lev\u00e9e et de sa petite taille, cette lampe peut chauffer.<br \/>\nIl est donc recommand\u00e9 d&rsquo;utiliser la fonction de verrouillage. Contient : Prowess (Batterie : ORB-217C50), \u00e9tui, station d&rsquo;accueil de charge, c\u00e2ble USB-C, support de montage pour l&rsquo;\u00e9tui, vis et chevilles, autocollants 3M, ventouse autocollante et manuel d&rsquo;instructions. <\/p>\n","protected":false},"featured_media":51593,"template":"","meta":{"_joinchat":[]},"product_brand":[],"product_cat":[578],"product_tag":[],"class_list":{"0":"post-51603","1":"product","2":"type-product","3":"status-publish","4":"has-post-thumbnail","6":"product_cat-lampes","8":"first","9":"instock","10":"taxable","11":"shipping-taxable","12":"purchasable","13":"product-type-simple"},"yoast_head":"<!-- This site is optimized with the Yoast SEO plugin v27.4 - https:\/\/yoast.com\/product\/yoast-seo-wordpress\/ -->\n<title>PROGR\u00c8S EN MATI\u00c8RE D&#039;\u00c9CLAIRAGE - Hunting Europe<\/title>\n<meta name=\"robots\" content=\"index, follow, max-snippet:-1, max-image-preview:large, max-video-preview:-1\" \/>\n<link rel=\"canonical\" href=\"https:\/\/huntingeurope.be\/fr\/produit\/progres-en-matiere-declairage\/\" \/>\n<meta property=\"og:locale\" content=\"fr_FR\" \/>\n<meta property=\"og:type\" content=\"article\" \/>\n<meta property=\"og:title\" content=\"PROGR\u00c8S EN MATI\u00c8RE D&#039;\u00c9CLAIRAGE - Hunting Europe\" \/>\n<meta property=\"og:description\" content=\"La Prowess est une torche EDC compacte mais puissante avec de grandes performances. \u00c9clairez votre environnement avec la torche frontale ou avec la lanterne \u00e0 360\u00b0 \u00e0 l&#039;arri\u00e8re. La torche est fabriqu\u00e9e en aluminium anodis\u00e9 de haute qualit\u00e9, ce qui lui conf\u00e8re non seulement un aspect attrayant, mais aussi une grande robustesse. En outre, son bo\u00eetier festonn\u00e9 offre une meilleure prise en main dans toutes les conditions m\u00e9t\u00e9orologiques, et son anneau de frappe anodis\u00e9 prot\u00e8ge votre objectif. La s\u00e9lection du mode souhait\u00e9 (lampe de poche\/lanterne) s&#039;effectue \u00e0 l&#039;aide d&#039;un interrupteur situ\u00e9 sur le c\u00f4t\u00e9, dont la forme ergonomique permet de l&#039;actionner facilement d&#039;une seule main. Les 6 puissantes LED situ\u00e9es \u00e0 l&#039;avant de la lampe ont une puissance maximale incroyable de 5 000 lumens et une distance de rayonnement de 245 m\u00e8tres. La lanterne situ\u00e9e \u00e0 l&#039;arri\u00e8re de la lampe a une puissance maximale de 800 lumens et une distance de rayonnement de 35 m\u00e8tres. La Prowess peut \u00eatre charg\u00e9e \u00e0 l&#039;aide d&#039;un c\u00e2ble de charge USB-C standard (inclus) ou en utilisant le c\u00e2ble de charge magn\u00e9tique universel d&#039;Olight (MCC3). Le chargement via USB-C s&#039;effectue \u00e0 l&#039;aide de la station d&#039;accueil incluse. &gt;  &lt; Le bouton poussoir contient un indicateur permettant de lire le niveau de batterie en temps r\u00e9el : - Vert : 60% - Orange : 60% ~ 10% - Rouge : 10% ~ 5% - Rouge clignotant : 5% modes d&#039;\u00e9clairage Lampe de poche :   - Moon \/ 5 lumens \/ 20 jours \/ 9 m\u00e8tres - Low \/ 50 lumens \/ 50 heures \/ 27 m\u00e8tres - Medium \/ 300 lumens \/ 10 heures \/ 63 m\u00e8tres - High \/ 1200~300 lumens \/ 150 + 30 minutes \/ 120 m\u00e8tres - Turbo \/ 5000~1200 lumens \/ 3 + 140 minutes \/ 245 m\u00e8tres modes d&#039;\u00e9clairage Lanterne : - Low \/ 2 lumens \/ 20 jours \/ 2. 5 m\u00e8tres - Turbo \/ 800~600~400 lumens \/ 20 + 135 + 55 minutes \/ 35 m\u00e8tres R\u00e9sistante aux chocs et \u00e0 l&#039;eau ( IPX7 ) avec une garantie de 5 ans. ATTENTION : en raison de sa puissance lumineuse \u00e9lev\u00e9e et de sa petite taille, cette lampe peut chauffer. Il est donc recommand\u00e9 d&#039;utiliser la fonction de verrouillage. Contient : Prowess (Batterie : ORB-217C50), \u00e9tui, station d&#039;accueil de charge, c\u00e2ble USB-C, support de montage pour l&#039;\u00e9tui, vis et chevilles, autocollants 3M, ventouse autocollante et manuel d&#039;instructions.\" \/>\n<meta property=\"og:url\" content=\"https:\/\/huntingeurope.be\/fr\/produit\/progres-en-matiere-declairage\/\" \/>\n<meta property=\"og:site_name\" content=\"Hunting Europe\" \/>\n<meta property=\"article:publisher\" content=\"https:\/\/www.facebook.com\/jachtwinkel.europe\/\" \/>\n<meta property=\"og:image\" content=\"https:\/\/huntingeurope.be\/wp-content\/uploads\/2024\/12\/OL-PROWESS1.jpeg\" \/>\n\t<meta property=\"og:image:width\" content=\"1400\" \/>\n\t<meta property=\"og:image:height\" content=\"1050\" \/>\n\t<meta property=\"og:image:type\" content=\"image\/jpeg\" \/>\n<meta name=\"twitter:card\" content=\"summary_large_image\" \/>\n<script type=\"application\/ld+json\" class=\"yoast-schema-graph\">{\"@context\":\"https:\\\/\\\/schema.org\",\"@graph\":[{\"@type\":\"WebPage\",\"@id\":\"https:\\\/\\\/huntingeurope.be\\\/fr\\\/produit\\\/progres-en-matiere-declairage\\\/\",\"url\":\"https:\\\/\\\/huntingeurope.be\\\/fr\\\/produit\\\/progres-en-matiere-declairage\\\/\",\"name\":\"PROGR\u00c8S EN MATI\u00c8RE D'\u00c9CLAIRAGE - Hunting Europe\",\"isPartOf\":{\"@id\":\"https:\\\/\\\/huntingeurope.be\\\/fr\\\/?lang=en\\\/#website\"},\"primaryImageOfPage\":{\"@id\":\"https:\\\/\\\/huntingeurope.be\\\/fr\\\/produit\\\/progres-en-matiere-declairage\\\/#primaryimage\"},\"image\":{\"@id\":\"https:\\\/\\\/huntingeurope.be\\\/fr\\\/produit\\\/progres-en-matiere-declairage\\\/#primaryimage\"},\"thumbnailUrl\":\"https:\\\/\\\/huntingeurope.be\\\/wp-content\\\/uploads\\\/2024\\\/12\\\/OL-PROWESS1.jpeg\",\"datePublished\":\"2024-12-03T20:21:42+00:00\",\"breadcrumb\":{\"@id\":\"https:\\\/\\\/huntingeurope.be\\\/fr\\\/produit\\\/progres-en-matiere-declairage\\\/#breadcrumb\"},\"inLanguage\":\"fr-FR\",\"potentialAction\":[{\"@type\":\"ReadAction\",\"target\":[\"https:\\\/\\\/huntingeurope.be\\\/fr\\\/produit\\\/progres-en-matiere-declairage\\\/\"]}]},{\"@type\":\"ImageObject\",\"inLanguage\":\"fr-FR\",\"@id\":\"https:\\\/\\\/huntingeurope.be\\\/fr\\\/produit\\\/progres-en-matiere-declairage\\\/#primaryimage\",\"url\":\"https:\\\/\\\/huntingeurope.be\\\/wp-content\\\/uploads\\\/2024\\\/12\\\/OL-PROWESS1.jpeg\",\"contentUrl\":\"https:\\\/\\\/huntingeurope.be\\\/wp-content\\\/uploads\\\/2024\\\/12\\\/OL-PROWESS1.jpeg\",\"width\":1400,\"height\":1050},{\"@type\":\"BreadcrumbList\",\"@id\":\"https:\\\/\\\/huntingeurope.be\\\/fr\\\/produit\\\/progres-en-matiere-declairage\\\/#breadcrumb\",\"itemListElement\":[{\"@type\":\"ListItem\",\"position\":1,\"name\":\"Home\",\"item\":\"https:\\\/\\\/huntingeurope.be\\\/fr\\\/\"},{\"@type\":\"ListItem\",\"position\":2,\"name\":\"Produits\",\"item\":\"https:\\\/\\\/huntingeurope.be\\\/fr\\\/shop\\\/\"},{\"@type\":\"ListItem\",\"position\":3,\"name\":\"PROGR\u00c8S EN MATI\u00c8RE D&#8217;\u00c9CLAIRAGE\"}]},{\"@type\":\"WebSite\",\"@id\":\"https:\\\/\\\/huntingeurope.be\\\/fr\\\/?lang=en\\\/#website\",\"url\":\"https:\\\/\\\/huntingeurope.be\\\/fr\\\/?lang=en\\\/\",\"name\":\"Hunting Europe\",\"description\":\"Alles voor de jacht\",\"publisher\":{\"@id\":\"https:\\\/\\\/huntingeurope.be\\\/fr\\\/?lang=en\\\/#organization\"},\"potentialAction\":[{\"@type\":\"SearchAction\",\"target\":{\"@type\":\"EntryPoint\",\"urlTemplate\":\"https:\\\/\\\/huntingeurope.be\\\/fr\\\/?lang=en\\\/?s={search_term_string}\"},\"query-input\":{\"@type\":\"PropertyValueSpecification\",\"valueRequired\":true,\"valueName\":\"search_term_string\"}}],\"inLanguage\":\"fr-FR\"},{\"@type\":\"Organization\",\"@id\":\"https:\\\/\\\/huntingeurope.be\\\/fr\\\/?lang=en\\\/#organization\",\"name\":\"Hunting Europe\",\"url\":\"https:\\\/\\\/huntingeurope.be\\\/fr\\\/?lang=en\\\/\",\"logo\":{\"@type\":\"ImageObject\",\"inLanguage\":\"fr-FR\",\"@id\":\"https:\\\/\\\/huntingeurope.be\\\/fr\\\/?lang=en\\\/#\\\/schema\\\/logo\\\/image\\\/\",\"url\":\"https:\\\/\\\/huntingeurope.be\\\/wp-content\\\/uploads\\\/2021\\\/10\\\/Huntingeurope-1-1.png\",\"contentUrl\":\"https:\\\/\\\/huntingeurope.be\\\/wp-content\\\/uploads\\\/2021\\\/10\\\/Huntingeurope-1-1.png\",\"width\":280,\"height\":179,\"caption\":\"Hunting Europe\"},\"image\":{\"@id\":\"https:\\\/\\\/huntingeurope.be\\\/fr\\\/?lang=en\\\/#\\\/schema\\\/logo\\\/image\\\/\"},\"sameAs\":[\"https:\\\/\\\/www.facebook.com\\\/jachtwinkel.europe\\\/\",\"https:\\\/\\\/www.instagram.com\\\/huntingeurope\\\/\",\"https:\\\/\\\/www.youtube.com\\\/user\\\/NickolaySmet\\\/videos?view_as=subscriber\"]}]}<\/script>\n<!-- \/ Yoast SEO plugin. -->","yoast_head_json":{"title":"PROGR\u00c8S EN MATI\u00c8RE D'\u00c9CLAIRAGE - Hunting Europe","robots":{"index":"index","follow":"follow","max-snippet":"max-snippet:-1","max-image-preview":"max-image-preview:large","max-video-preview":"max-video-preview:-1"},"canonical":"https:\/\/huntingeurope.be\/fr\/produit\/progres-en-matiere-declairage\/","og_locale":"fr_FR","og_type":"article","og_title":"PROGR\u00c8S EN MATI\u00c8RE D'\u00c9CLAIRAGE - Hunting Europe","og_description":"La Prowess est une torche EDC compacte mais puissante avec de grandes performances. \u00c9clairez votre environnement avec la torche frontale ou avec la lanterne \u00e0 360\u00b0 \u00e0 l'arri\u00e8re. La torche est fabriqu\u00e9e en aluminium anodis\u00e9 de haute qualit\u00e9, ce qui lui conf\u00e8re non seulement un aspect attrayant, mais aussi une grande robustesse. En outre, son bo\u00eetier festonn\u00e9 offre une meilleure prise en main dans toutes les conditions m\u00e9t\u00e9orologiques, et son anneau de frappe anodis\u00e9 prot\u00e8ge votre objectif. La s\u00e9lection du mode souhait\u00e9 (lampe de poche\/lanterne) s'effectue \u00e0 l'aide d'un interrupteur situ\u00e9 sur le c\u00f4t\u00e9, dont la forme ergonomique permet de l'actionner facilement d'une seule main. Les 6 puissantes LED situ\u00e9es \u00e0 l'avant de la lampe ont une puissance maximale incroyable de 5 000 lumens et une distance de rayonnement de 245 m\u00e8tres. La lanterne situ\u00e9e \u00e0 l'arri\u00e8re de la lampe a une puissance maximale de 800 lumens et une distance de rayonnement de 35 m\u00e8tres. La Prowess peut \u00eatre charg\u00e9e \u00e0 l'aide d'un c\u00e2ble de charge USB-C standard (inclus) ou en utilisant le c\u00e2ble de charge magn\u00e9tique universel d'Olight (MCC3). Le chargement via USB-C s'effectue \u00e0 l'aide de la station d'accueil incluse. &gt;  &lt; Le bouton poussoir contient un indicateur permettant de lire le niveau de batterie en temps r\u00e9el : - Vert : 60% - Orange : 60% ~ 10% - Rouge : 10% ~ 5% - Rouge clignotant : 5% modes d'\u00e9clairage Lampe de poche :   - Moon \/ 5 lumens \/ 20 jours \/ 9 m\u00e8tres - Low \/ 50 lumens \/ 50 heures \/ 27 m\u00e8tres - Medium \/ 300 lumens \/ 10 heures \/ 63 m\u00e8tres - High \/ 1200~300 lumens \/ 150 + 30 minutes \/ 120 m\u00e8tres - Turbo \/ 5000~1200 lumens \/ 3 + 140 minutes \/ 245 m\u00e8tres modes d'\u00e9clairage Lanterne : - Low \/ 2 lumens \/ 20 jours \/ 2. 5 m\u00e8tres - Turbo \/ 800~600~400 lumens \/ 20 + 135 + 55 minutes \/ 35 m\u00e8tres R\u00e9sistante aux chocs et \u00e0 l'eau ( IPX7 ) avec une garantie de 5 ans. ATTENTION : en raison de sa puissance lumineuse \u00e9lev\u00e9e et de sa petite taille, cette lampe peut chauffer. Il est donc recommand\u00e9 d'utiliser la fonction de verrouillage. Contient : Prowess (Batterie : ORB-217C50), \u00e9tui, station d'accueil de charge, c\u00e2ble USB-C, support de montage pour l'\u00e9tui, vis et chevilles, autocollants 3M, ventouse autocollante et manuel d'instructions.","og_url":"https:\/\/huntingeurope.be\/fr\/produit\/progres-en-matiere-declairage\/","og_site_name":"Hunting Europe","article_publisher":"https:\/\/www.facebook.com\/jachtwinkel.europe\/","og_image":[{"width":1400,"height":1050,"url":"https:\/\/huntingeurope.be\/wp-content\/uploads\/2024\/12\/OL-PROWESS1.jpeg","type":"image\/jpeg"}],"twitter_card":"summary_large_image","schema":{"@context":"https:\/\/schema.org","@graph":[{"@type":"WebPage","@id":"https:\/\/huntingeurope.be\/fr\/produit\/progres-en-matiere-declairage\/","url":"https:\/\/huntingeurope.be\/fr\/produit\/progres-en-matiere-declairage\/","name":"PROGR\u00c8S EN MATI\u00c8RE D'\u00c9CLAIRAGE - Hunting Europe","isPartOf":{"@id":"https:\/\/huntingeurope.be\/fr\/?lang=en\/#website"},"primaryImageOfPage":{"@id":"https:\/\/huntingeurope.be\/fr\/produit\/progres-en-matiere-declairage\/#primaryimage"},"image":{"@id":"https:\/\/huntingeurope.be\/fr\/produit\/progres-en-matiere-declairage\/#primaryimage"},"thumbnailUrl":"https:\/\/huntingeurope.be\/wp-content\/uploads\/2024\/12\/OL-PROWESS1.jpeg","datePublished":"2024-12-03T20:21:42+00:00","breadcrumb":{"@id":"https:\/\/huntingeurope.be\/fr\/produit\/progres-en-matiere-declairage\/#breadcrumb"},"inLanguage":"fr-FR","potentialAction":[{"@type":"ReadAction","target":["https:\/\/huntingeurope.be\/fr\/produit\/progres-en-matiere-declairage\/"]}]},{"@type":"ImageObject","inLanguage":"fr-FR","@id":"https:\/\/huntingeurope.be\/fr\/produit\/progres-en-matiere-declairage\/#primaryimage","url":"https:\/\/huntingeurope.be\/wp-content\/uploads\/2024\/12\/OL-PROWESS1.jpeg","contentUrl":"https:\/\/huntingeurope.be\/wp-content\/uploads\/2024\/12\/OL-PROWESS1.jpeg","width":1400,"height":1050},{"@type":"BreadcrumbList","@id":"https:\/\/huntingeurope.be\/fr\/produit\/progres-en-matiere-declairage\/#breadcrumb","itemListElement":[{"@type":"ListItem","position":1,"name":"Home","item":"https:\/\/huntingeurope.be\/fr\/"},{"@type":"ListItem","position":2,"name":"Produits","item":"https:\/\/huntingeurope.be\/fr\/shop\/"},{"@type":"ListItem","position":3,"name":"PROGR\u00c8S EN MATI\u00c8RE D&#8217;\u00c9CLAIRAGE"}]},{"@type":"WebSite","@id":"https:\/\/huntingeurope.be\/fr\/?lang=en\/#website","url":"https:\/\/huntingeurope.be\/fr\/?lang=en\/","name":"Hunting Europe","description":"Alles voor de jacht","publisher":{"@id":"https:\/\/huntingeurope.be\/fr\/?lang=en\/#organization"},"potentialAction":[{"@type":"SearchAction","target":{"@type":"EntryPoint","urlTemplate":"https:\/\/huntingeurope.be\/fr\/?lang=en\/?s={search_term_string}"},"query-input":{"@type":"PropertyValueSpecification","valueRequired":true,"valueName":"search_term_string"}}],"inLanguage":"fr-FR"},{"@type":"Organization","@id":"https:\/\/huntingeurope.be\/fr\/?lang=en\/#organization","name":"Hunting Europe","url":"https:\/\/huntingeurope.be\/fr\/?lang=en\/","logo":{"@type":"ImageObject","inLanguage":"fr-FR","@id":"https:\/\/huntingeurope.be\/fr\/?lang=en\/#\/schema\/logo\/image\/","url":"https:\/\/huntingeurope.be\/wp-content\/uploads\/2021\/10\/Huntingeurope-1-1.png","contentUrl":"https:\/\/huntingeurope.be\/wp-content\/uploads\/2021\/10\/Huntingeurope-1-1.png","width":280,"height":179,"caption":"Hunting Europe"},"image":{"@id":"https:\/\/huntingeurope.be\/fr\/?lang=en\/#\/schema\/logo\/image\/"},"sameAs":["https:\/\/www.facebook.com\/jachtwinkel.europe\/","https:\/\/www.instagram.com\/huntingeurope\/","https:\/\/www.youtube.com\/user\/NickolaySmet\/videos?view_as=subscriber"]}]}},"df_price":179.95,"df_sale_price":"","df_regular_price":179.95,"df_image_link":"https:\/\/huntingeurope.be\/wp-content\/uploads\/2024\/12\/OL-PROWESS1-300x225.jpeg","_links":{"self":[{"href":"https:\/\/huntingeurope.be\/fr\/wp-json\/wp\/v2\/product\/51603","targetHints":{"allow":["GET"]}}],"collection":[{"href":"https:\/\/huntingeurope.be\/fr\/wp-json\/wp\/v2\/product"}],"about":[{"href":"https:\/\/huntingeurope.be\/fr\/wp-json\/wp\/v2\/types\/product"}],"wp:featuredmedia":[{"embeddable":true,"href":"https:\/\/huntingeurope.be\/fr\/wp-json\/wp\/v2\/media\/51593"}],"wp:attachment":[{"href":"https:\/\/huntingeurope.be\/fr\/wp-json\/wp\/v2\/media?parent=51603"}],"wp:term":[{"taxonomy":"product_brand","embeddable":true,"href":"https:\/\/huntingeurope.be\/fr\/wp-json\/wp\/v2\/product_brand?post=51603"},{"taxonomy":"product_cat","embeddable":true,"href":"https:\/\/huntingeurope.be\/fr\/wp-json\/wp\/v2\/product_cat?post=51603"},{"taxonomy":"product_tag","embeddable":true,"href":"https:\/\/huntingeurope.be\/fr\/wp-json\/wp\/v2\/product_tag?post=51603"}],"curies":[{"name":"wp","href":"https:\/\/api.w.org\/{rel}","templated":true}]}}