{"id":51294,"date":"2024-10-09T19:08:46","date_gmt":"2024-10-09T17:08:46","guid":{"rendered":"https:\/\/huntingeurope.be\/product\/veste-en-tweed-barbour-beaconsfield\/"},"modified":"2026-02-19T15:42:41","modified_gmt":"2026-02-19T14:42:41","slug":"veste-en-tweed-barbour-beaconsfield","status":"publish","type":"product","link":"https:\/\/huntingeurope.be\/fr\/produit\/veste-en-tweed-barbour-beaconsfield\/","title":{"rendered":"Veste en tweed Barbour beaconsfield"},"content":{"rendered":"<p>100% laine chaude de haute qualit\u00e9 Membrane imperm\u00e9able et doublure matelass\u00e9e \u00c9l\u00e9gant tweed \u00e0 carreaux pour un style britannique Tr\u00e8s fonctionnel et fini en cuir<\/p>\n","protected":false},"excerpt":{"rendered":"<p>Barbour vous propose cette veste en tweed Beaconsfield pour vous prot\u00e9ger du froid et de la pluie et vous donner un look british pour vos promenades ou activit\u00e9s de plein air.<\/p>\n<p>Cette veste est fabriqu\u00e9e dans un \u00e9pais drap de laine tweed marron chin\u00e9 \u00e0 carreaux vert fonc\u00e9 et orange, naturellement isolant et thermor\u00e9gulateur. Vous vous sentirez donc au chaud et \u00e0 l&rsquo;aise d\u00e8s que vous l&rsquo;enfilerez.<\/p>\n<p>Il est dot\u00e9 d&rsquo;une doublure matelass\u00e9e vert olive pour plus de chaleur et d&rsquo;une membrane imperm\u00e9able en polyur\u00e9thane pour une protection optimale lors de vos d\u00e9placements.<\/p>\n<p>Tr\u00e8s fonctionnel, il est dot\u00e9 d&rsquo;une fermeture \u00e0 glissi\u00e8re bidirectionnelle avec rabat-temp\u00eate \u00e0 boutons-pression, de deux poches plaqu\u00e9es pour les mains et de deux grandes poches \u00e0 rabat pour ranger tous vos objets essentiels ou vos patrons. Il y a \u00e9galement une poche int\u00e9rieure. Les poignets sont r\u00e9glables par des boutons-pression et il y a deux fentes dans le dos.<\/p>\n<p>Le col est fini en cuir pour une touche d&rsquo;\u00e9l\u00e9gance suppl\u00e9mentaire. Vous trouverez un badge Barbour en cuir \u00e0 l&rsquo;arri\u00e8re du cou et sur le rabat de la poche gauche.<\/p>\n","protected":false},"featured_media":50881,"template":"","meta":{"_joinchat":[]},"product_brand":[],"product_cat":[808,556],"product_tag":[730],"class_list":{"0":"post-51294","1":"product","2":"type-product","3":"status-publish","4":"has-post-thumbnail","6":"product_cat-outlet-fr","7":"product_cat-vestes","8":"product_tag-barbour-fr","10":"first","11":"instock","12":"sale","13":"taxable","14":"shipping-taxable","15":"purchasable","16":"product-type-variable"},"yoast_head":"<!-- This site is optimized with the Yoast SEO plugin v27.4 - https:\/\/yoast.com\/product\/yoast-seo-wordpress\/ -->\n<title>Veste en tweed Barbour beaconsfield - Hunting Europe<\/title>\n<meta name=\"robots\" content=\"index, follow, max-snippet:-1, max-image-preview:large, max-video-preview:-1\" \/>\n<link rel=\"canonical\" href=\"https:\/\/huntingeurope.be\/fr\/produit\/veste-en-tweed-barbour-beaconsfield\/\" \/>\n<meta property=\"og:locale\" content=\"fr_FR\" \/>\n<meta property=\"og:type\" content=\"article\" \/>\n<meta property=\"og:title\" content=\"Veste en tweed Barbour beaconsfield - Hunting Europe\" \/>\n<meta property=\"og:description\" content=\"Barbour vous propose cette veste en tweed Beaconsfield pour vous prot\u00e9ger du froid et de la pluie et vous donner un look british pour vos promenades ou activit\u00e9s de plein air. Cette veste est fabriqu\u00e9e dans un \u00e9pais drap de laine tweed marron chin\u00e9 \u00e0 carreaux vert fonc\u00e9 et orange, naturellement isolant et thermor\u00e9gulateur. Vous vous sentirez donc au chaud et \u00e0 l&#039;aise d\u00e8s que vous l&#039;enfilerez. Il est dot\u00e9 d&#039;une doublure matelass\u00e9e vert olive pour plus de chaleur et d&#039;une membrane imperm\u00e9able en polyur\u00e9thane pour une protection optimale lors de vos d\u00e9placements. Tr\u00e8s fonctionnel, il est dot\u00e9 d&#039;une fermeture \u00e0 glissi\u00e8re bidirectionnelle avec rabat-temp\u00eate \u00e0 boutons-pression, de deux poches plaqu\u00e9es pour les mains et de deux grandes poches \u00e0 rabat pour ranger tous vos objets essentiels ou vos patrons. Il y a \u00e9galement une poche int\u00e9rieure. Les poignets sont r\u00e9glables par des boutons-pression et il y a deux fentes dans le dos. Le col est fini en cuir pour une touche d&#039;\u00e9l\u00e9gance suppl\u00e9mentaire. Vous trouverez un badge Barbour en cuir \u00e0 l&#039;arri\u00e8re du cou et sur le rabat de la poche gauche.\" \/>\n<meta property=\"og:url\" content=\"https:\/\/huntingeurope.be\/fr\/produit\/veste-en-tweed-barbour-beaconsfield\/\" \/>\n<meta property=\"og:site_name\" content=\"Hunting Europe\" \/>\n<meta property=\"article:publisher\" content=\"https:\/\/www.facebook.com\/jachtwinkel.europe\/\" \/>\n<meta property=\"article:modified_time\" content=\"2026-02-19T14:42:41+00:00\" \/>\n<meta property=\"og:image\" content=\"https:\/\/huntingeurope.be\/wp-content\/uploads\/2024\/10\/MWO0278_BR54_1-210984.jpg\" \/>\n\t<meta property=\"og:image:width\" content=\"1004\" \/>\n\t<meta property=\"og:image:height\" content=\"992\" \/>\n\t<meta property=\"og:image:type\" content=\"image\/jpeg\" \/>\n<meta name=\"twitter:card\" content=\"summary_large_image\" \/>\n<script type=\"application\/ld+json\" class=\"yoast-schema-graph\">{\"@context\":\"https:\\\/\\\/schema.org\",\"@graph\":[{\"@type\":\"WebPage\",\"@id\":\"https:\\\/\\\/huntingeurope.be\\\/fr\\\/produit\\\/veste-en-tweed-barbour-beaconsfield\\\/\",\"url\":\"https:\\\/\\\/huntingeurope.be\\\/fr\\\/produit\\\/veste-en-tweed-barbour-beaconsfield\\\/\",\"name\":\"Veste en tweed Barbour beaconsfield - Hunting Europe\",\"isPartOf\":{\"@id\":\"https:\\\/\\\/huntingeurope.be\\\/fr\\\/?lang=en\\\/#website\"},\"primaryImageOfPage\":{\"@id\":\"https:\\\/\\\/huntingeurope.be\\\/fr\\\/produit\\\/veste-en-tweed-barbour-beaconsfield\\\/#primaryimage\"},\"image\":{\"@id\":\"https:\\\/\\\/huntingeurope.be\\\/fr\\\/produit\\\/veste-en-tweed-barbour-beaconsfield\\\/#primaryimage\"},\"thumbnailUrl\":\"https:\\\/\\\/huntingeurope.be\\\/wp-content\\\/uploads\\\/2024\\\/10\\\/MWO0278_BR54_1-210984.jpg\",\"datePublished\":\"2024-10-09T17:08:46+00:00\",\"dateModified\":\"2026-02-19T14:42:41+00:00\",\"breadcrumb\":{\"@id\":\"https:\\\/\\\/huntingeurope.be\\\/fr\\\/produit\\\/veste-en-tweed-barbour-beaconsfield\\\/#breadcrumb\"},\"inLanguage\":\"fr-FR\",\"potentialAction\":[{\"@type\":\"ReadAction\",\"target\":[\"https:\\\/\\\/huntingeurope.be\\\/fr\\\/produit\\\/veste-en-tweed-barbour-beaconsfield\\\/\"]}]},{\"@type\":\"ImageObject\",\"inLanguage\":\"fr-FR\",\"@id\":\"https:\\\/\\\/huntingeurope.be\\\/fr\\\/produit\\\/veste-en-tweed-barbour-beaconsfield\\\/#primaryimage\",\"url\":\"https:\\\/\\\/huntingeurope.be\\\/wp-content\\\/uploads\\\/2024\\\/10\\\/MWO0278_BR54_1-210984.jpg\",\"contentUrl\":\"https:\\\/\\\/huntingeurope.be\\\/wp-content\\\/uploads\\\/2024\\\/10\\\/MWO0278_BR54_1-210984.jpg\",\"width\":1004,\"height\":992},{\"@type\":\"BreadcrumbList\",\"@id\":\"https:\\\/\\\/huntingeurope.be\\\/fr\\\/produit\\\/veste-en-tweed-barbour-beaconsfield\\\/#breadcrumb\",\"itemListElement\":[{\"@type\":\"ListItem\",\"position\":1,\"name\":\"Home\",\"item\":\"https:\\\/\\\/huntingeurope.be\\\/fr\\\/\"},{\"@type\":\"ListItem\",\"position\":2,\"name\":\"Produits\",\"item\":\"https:\\\/\\\/huntingeurope.be\\\/fr\\\/shop\\\/\"},{\"@type\":\"ListItem\",\"position\":3,\"name\":\"Veste en tweed Barbour beaconsfield\"}]},{\"@type\":\"WebSite\",\"@id\":\"https:\\\/\\\/huntingeurope.be\\\/fr\\\/?lang=en\\\/#website\",\"url\":\"https:\\\/\\\/huntingeurope.be\\\/fr\\\/?lang=en\\\/\",\"name\":\"Hunting Europe\",\"description\":\"Alles voor de jacht\",\"publisher\":{\"@id\":\"https:\\\/\\\/huntingeurope.be\\\/fr\\\/?lang=en\\\/#organization\"},\"potentialAction\":[{\"@type\":\"SearchAction\",\"target\":{\"@type\":\"EntryPoint\",\"urlTemplate\":\"https:\\\/\\\/huntingeurope.be\\\/fr\\\/?lang=en\\\/?s={search_term_string}\"},\"query-input\":{\"@type\":\"PropertyValueSpecification\",\"valueRequired\":true,\"valueName\":\"search_term_string\"}}],\"inLanguage\":\"fr-FR\"},{\"@type\":\"Organization\",\"@id\":\"https:\\\/\\\/huntingeurope.be\\\/fr\\\/?lang=en\\\/#organization\",\"name\":\"Hunting Europe\",\"url\":\"https:\\\/\\\/huntingeurope.be\\\/fr\\\/?lang=en\\\/\",\"logo\":{\"@type\":\"ImageObject\",\"inLanguage\":\"fr-FR\",\"@id\":\"https:\\\/\\\/huntingeurope.be\\\/fr\\\/?lang=en\\\/#\\\/schema\\\/logo\\\/image\\\/\",\"url\":\"https:\\\/\\\/huntingeurope.be\\\/wp-content\\\/uploads\\\/2021\\\/10\\\/Huntingeurope-1-1.png\",\"contentUrl\":\"https:\\\/\\\/huntingeurope.be\\\/wp-content\\\/uploads\\\/2021\\\/10\\\/Huntingeurope-1-1.png\",\"width\":280,\"height\":179,\"caption\":\"Hunting Europe\"},\"image\":{\"@id\":\"https:\\\/\\\/huntingeurope.be\\\/fr\\\/?lang=en\\\/#\\\/schema\\\/logo\\\/image\\\/\"},\"sameAs\":[\"https:\\\/\\\/www.facebook.com\\\/jachtwinkel.europe\\\/\",\"https:\\\/\\\/www.instagram.com\\\/huntingeurope\\\/\",\"https:\\\/\\\/www.youtube.com\\\/user\\\/NickolaySmet\\\/videos?view_as=subscriber\"]}]}<\/script>\n<!-- \/ Yoast SEO plugin. -->","yoast_head_json":{"title":"Veste en tweed Barbour beaconsfield - Hunting Europe","robots":{"index":"index","follow":"follow","max-snippet":"max-snippet:-1","max-image-preview":"max-image-preview:large","max-video-preview":"max-video-preview:-1"},"canonical":"https:\/\/huntingeurope.be\/fr\/produit\/veste-en-tweed-barbour-beaconsfield\/","og_locale":"fr_FR","og_type":"article","og_title":"Veste en tweed Barbour beaconsfield - Hunting Europe","og_description":"Barbour vous propose cette veste en tweed Beaconsfield pour vous prot\u00e9ger du froid et de la pluie et vous donner un look british pour vos promenades ou activit\u00e9s de plein air. Cette veste est fabriqu\u00e9e dans un \u00e9pais drap de laine tweed marron chin\u00e9 \u00e0 carreaux vert fonc\u00e9 et orange, naturellement isolant et thermor\u00e9gulateur. Vous vous sentirez donc au chaud et \u00e0 l'aise d\u00e8s que vous l'enfilerez. Il est dot\u00e9 d'une doublure matelass\u00e9e vert olive pour plus de chaleur et d'une membrane imperm\u00e9able en polyur\u00e9thane pour une protection optimale lors de vos d\u00e9placements. Tr\u00e8s fonctionnel, il est dot\u00e9 d'une fermeture \u00e0 glissi\u00e8re bidirectionnelle avec rabat-temp\u00eate \u00e0 boutons-pression, de deux poches plaqu\u00e9es pour les mains et de deux grandes poches \u00e0 rabat pour ranger tous vos objets essentiels ou vos patrons. Il y a \u00e9galement une poche int\u00e9rieure. Les poignets sont r\u00e9glables par des boutons-pression et il y a deux fentes dans le dos. Le col est fini en cuir pour une touche d'\u00e9l\u00e9gance suppl\u00e9mentaire. Vous trouverez un badge Barbour en cuir \u00e0 l'arri\u00e8re du cou et sur le rabat de la poche gauche.","og_url":"https:\/\/huntingeurope.be\/fr\/produit\/veste-en-tweed-barbour-beaconsfield\/","og_site_name":"Hunting Europe","article_publisher":"https:\/\/www.facebook.com\/jachtwinkel.europe\/","article_modified_time":"2026-02-19T14:42:41+00:00","og_image":[{"width":1004,"height":992,"url":"https:\/\/huntingeurope.be\/wp-content\/uploads\/2024\/10\/MWO0278_BR54_1-210984.jpg","type":"image\/jpeg"}],"twitter_card":"summary_large_image","schema":{"@context":"https:\/\/schema.org","@graph":[{"@type":"WebPage","@id":"https:\/\/huntingeurope.be\/fr\/produit\/veste-en-tweed-barbour-beaconsfield\/","url":"https:\/\/huntingeurope.be\/fr\/produit\/veste-en-tweed-barbour-beaconsfield\/","name":"Veste en tweed Barbour beaconsfield - Hunting Europe","isPartOf":{"@id":"https:\/\/huntingeurope.be\/fr\/?lang=en\/#website"},"primaryImageOfPage":{"@id":"https:\/\/huntingeurope.be\/fr\/produit\/veste-en-tweed-barbour-beaconsfield\/#primaryimage"},"image":{"@id":"https:\/\/huntingeurope.be\/fr\/produit\/veste-en-tweed-barbour-beaconsfield\/#primaryimage"},"thumbnailUrl":"https:\/\/huntingeurope.be\/wp-content\/uploads\/2024\/10\/MWO0278_BR54_1-210984.jpg","datePublished":"2024-10-09T17:08:46+00:00","dateModified":"2026-02-19T14:42:41+00:00","breadcrumb":{"@id":"https:\/\/huntingeurope.be\/fr\/produit\/veste-en-tweed-barbour-beaconsfield\/#breadcrumb"},"inLanguage":"fr-FR","potentialAction":[{"@type":"ReadAction","target":["https:\/\/huntingeurope.be\/fr\/produit\/veste-en-tweed-barbour-beaconsfield\/"]}]},{"@type":"ImageObject","inLanguage":"fr-FR","@id":"https:\/\/huntingeurope.be\/fr\/produit\/veste-en-tweed-barbour-beaconsfield\/#primaryimage","url":"https:\/\/huntingeurope.be\/wp-content\/uploads\/2024\/10\/MWO0278_BR54_1-210984.jpg","contentUrl":"https:\/\/huntingeurope.be\/wp-content\/uploads\/2024\/10\/MWO0278_BR54_1-210984.jpg","width":1004,"height":992},{"@type":"BreadcrumbList","@id":"https:\/\/huntingeurope.be\/fr\/produit\/veste-en-tweed-barbour-beaconsfield\/#breadcrumb","itemListElement":[{"@type":"ListItem","position":1,"name":"Home","item":"https:\/\/huntingeurope.be\/fr\/"},{"@type":"ListItem","position":2,"name":"Produits","item":"https:\/\/huntingeurope.be\/fr\/shop\/"},{"@type":"ListItem","position":3,"name":"Veste en tweed Barbour beaconsfield"}]},{"@type":"WebSite","@id":"https:\/\/huntingeurope.be\/fr\/?lang=en\/#website","url":"https:\/\/huntingeurope.be\/fr\/?lang=en\/","name":"Hunting Europe","description":"Alles voor de jacht","publisher":{"@id":"https:\/\/huntingeurope.be\/fr\/?lang=en\/#organization"},"potentialAction":[{"@type":"SearchAction","target":{"@type":"EntryPoint","urlTemplate":"https:\/\/huntingeurope.be\/fr\/?lang=en\/?s={search_term_string}"},"query-input":{"@type":"PropertyValueSpecification","valueRequired":true,"valueName":"search_term_string"}}],"inLanguage":"fr-FR"},{"@type":"Organization","@id":"https:\/\/huntingeurope.be\/fr\/?lang=en\/#organization","name":"Hunting Europe","url":"https:\/\/huntingeurope.be\/fr\/?lang=en\/","logo":{"@type":"ImageObject","inLanguage":"fr-FR","@id":"https:\/\/huntingeurope.be\/fr\/?lang=en\/#\/schema\/logo\/image\/","url":"https:\/\/huntingeurope.be\/wp-content\/uploads\/2021\/10\/Huntingeurope-1-1.png","contentUrl":"https:\/\/huntingeurope.be\/wp-content\/uploads\/2021\/10\/Huntingeurope-1-1.png","width":280,"height":179,"caption":"Hunting Europe"},"image":{"@id":"https:\/\/huntingeurope.be\/fr\/?lang=en\/#\/schema\/logo\/image\/"},"sameAs":["https:\/\/www.facebook.com\/jachtwinkel.europe\/","https:\/\/www.instagram.com\/huntingeurope\/","https:\/\/www.youtube.com\/user\/NickolaySmet\/videos?view_as=subscriber"]}]}},"df_price":499.99,"df_sale_price":"","df_regular_price":499.99,"df_image_link":"https:\/\/huntingeurope.be\/wp-content\/uploads\/2024\/10\/MWO0278_BR54_1-210984-300x296.jpg","_links":{"self":[{"href":"https:\/\/huntingeurope.be\/fr\/wp-json\/wp\/v2\/product\/51294","targetHints":{"allow":["GET"]}}],"collection":[{"href":"https:\/\/huntingeurope.be\/fr\/wp-json\/wp\/v2\/product"}],"about":[{"href":"https:\/\/huntingeurope.be\/fr\/wp-json\/wp\/v2\/types\/product"}],"wp:featuredmedia":[{"embeddable":true,"href":"https:\/\/huntingeurope.be\/fr\/wp-json\/wp\/v2\/media\/50881"}],"wp:attachment":[{"href":"https:\/\/huntingeurope.be\/fr\/wp-json\/wp\/v2\/media?parent=51294"}],"wp:term":[{"taxonomy":"product_brand","embeddable":true,"href":"https:\/\/huntingeurope.be\/fr\/wp-json\/wp\/v2\/product_brand?post=51294"},{"taxonomy":"product_cat","embeddable":true,"href":"https:\/\/huntingeurope.be\/fr\/wp-json\/wp\/v2\/product_cat?post=51294"},{"taxonomy":"product_tag","embeddable":true,"href":"https:\/\/huntingeurope.be\/fr\/wp-json\/wp\/v2\/product_tag?post=51294"}],"curies":[{"name":"wp","href":"https:\/\/api.w.org\/{rel}","templated":true}]}}