{"id":51008,"date":"2024-10-09T21:09:17","date_gmt":"2024-10-09T19:09:17","guid":{"rendered":"https:\/\/huntingeurope.be\/product\/blazer-de-sport-en-tweed-pour-hommes-combrook-thyme\/"},"modified":"2025-12-17T15:46:58","modified_gmt":"2025-12-17T14:46:58","slug":"blazer-de-sport-en-tweed-pour-hommes-combrook-thyme","status":"publish","type":"product","link":"https:\/\/huntingeurope.be\/fr\/produit\/blazer-de-sport-en-tweed-pour-hommes-combrook-thyme\/","title":{"rendered":"Blazer de sport en tweed pour hommes Combrook &#8211; Thyme"},"content":{"rendered":"","protected":false},"excerpt":{"rendered":"<p>Si l&rsquo;occasion exige quelque chose d&rsquo;\u00e9l\u00e9gant, notre blazer en tweed pour homme Combrook est s\u00fbr de faire l&rsquo;affaire. Rappelez-vous : \u00ab\u00a0On n&rsquo;est jamais trop bien habill\u00e9 ni trop instruit.\u00a0\u00bb &#8211; Oscar Wilde.<\/p>\n<p>&#8211; 100% laine tweed &#8211; Notre tissu le plus doux, garanti sans d\u00e9mangeaison.<br \/>\n&#8211; Ext\u00e9rieur d\u00e9perlant &#8211; On ne sait jamais.<br \/>\n&#8211; Double pli arri\u00e8re &#8211; Pour une plus grande libert\u00e9 de mouvement.<br \/>\n&#8211; Pochette de billets.<br \/>\n&#8211; Poche int\u00e9rieure s\u00e9curis\u00e9e.<br \/>\n&#8211; Doublure contrast\u00e9e assortie au pare-brise.<br \/>\n&#8211; Fermeture par 2 boutons.<\/p>\n","protected":false},"featured_media":50996,"template":"","meta":{"_joinchat":[]},"product_brand":[],"product_cat":[625],"product_tag":[],"class_list":{"0":"post-51008","1":"product","2":"type-product","3":"status-publish","4":"has-post-thumbnail","6":"product_cat-pas-de-categorie","8":"first","9":"instock","10":"taxable","11":"shipping-taxable","12":"purchasable","13":"product-type-variable"},"yoast_head":"<!-- This site is optimized with the Yoast SEO plugin v27.4 - https:\/\/yoast.com\/product\/yoast-seo-wordpress\/ -->\n<title>Blazer de sport en tweed pour hommes Combrook - Thyme - Hunting Europe<\/title>\n<meta name=\"robots\" content=\"index, follow, max-snippet:-1, max-image-preview:large, max-video-preview:-1\" \/>\n<link rel=\"canonical\" href=\"https:\/\/huntingeurope.be\/fr\/produit\/blazer-de-sport-en-tweed-pour-hommes-combrook-thyme\/\" \/>\n<meta property=\"og:locale\" content=\"fr_FR\" \/>\n<meta property=\"og:type\" content=\"article\" \/>\n<meta property=\"og:title\" content=\"Blazer de sport en tweed pour hommes Combrook - Thyme - Hunting Europe\" \/>\n<meta property=\"og:description\" content=\"Si l&#039;occasion exige quelque chose d&#039;\u00e9l\u00e9gant, notre blazer en tweed pour homme Combrook est s\u00fbr de faire l&#039;affaire. Rappelez-vous : &quot;On n&#039;est jamais trop bien habill\u00e9 ni trop instruit.&quot; - Oscar Wilde. - 100% laine tweed - Notre tissu le plus doux, garanti sans d\u00e9mangeaison. - Ext\u00e9rieur d\u00e9perlant - On ne sait jamais. - Double pli arri\u00e8re - Pour une plus grande libert\u00e9 de mouvement. - Pochette de billets. - Poche int\u00e9rieure s\u00e9curis\u00e9e. - Doublure contrast\u00e9e assortie au pare-brise. - Fermeture par 2 boutons.\" \/>\n<meta property=\"og:url\" content=\"https:\/\/huntingeurope.be\/fr\/produit\/blazer-de-sport-en-tweed-pour-hommes-combrook-thyme\/\" \/>\n<meta property=\"og:site_name\" content=\"Hunting Europe\" \/>\n<meta property=\"article:publisher\" content=\"https:\/\/www.facebook.com\/jachtwinkel.europe\/\" \/>\n<meta property=\"article:modified_time\" content=\"2025-12-17T14:46:58+00:00\" \/>\n<meta property=\"og:image\" content=\"https:\/\/huntingeurope.be\/wp-content\/uploads\/2024\/10\/combrook-mens-tweed-two-button-blazer-thyme-1.jpg\" \/>\n\t<meta property=\"og:image:width\" content=\"1463\" \/>\n\t<meta property=\"og:image:height\" content=\"2048\" \/>\n\t<meta property=\"og:image:type\" content=\"image\/jpeg\" \/>\n<meta name=\"twitter:card\" content=\"summary_large_image\" \/>\n<script type=\"application\/ld+json\" class=\"yoast-schema-graph\">{\"@context\":\"https:\\\/\\\/schema.org\",\"@graph\":[{\"@type\":\"WebPage\",\"@id\":\"https:\\\/\\\/huntingeurope.be\\\/fr\\\/produit\\\/blazer-de-sport-en-tweed-pour-hommes-combrook-thyme\\\/\",\"url\":\"https:\\\/\\\/huntingeurope.be\\\/fr\\\/produit\\\/blazer-de-sport-en-tweed-pour-hommes-combrook-thyme\\\/\",\"name\":\"Blazer de sport en tweed pour hommes Combrook - Thyme - Hunting Europe\",\"isPartOf\":{\"@id\":\"https:\\\/\\\/huntingeurope.be\\\/fr\\\/?lang=en\\\/#website\"},\"primaryImageOfPage\":{\"@id\":\"https:\\\/\\\/huntingeurope.be\\\/fr\\\/produit\\\/blazer-de-sport-en-tweed-pour-hommes-combrook-thyme\\\/#primaryimage\"},\"image\":{\"@id\":\"https:\\\/\\\/huntingeurope.be\\\/fr\\\/produit\\\/blazer-de-sport-en-tweed-pour-hommes-combrook-thyme\\\/#primaryimage\"},\"thumbnailUrl\":\"https:\\\/\\\/huntingeurope.be\\\/wp-content\\\/uploads\\\/2024\\\/10\\\/combrook-mens-tweed-two-button-blazer-thyme-1.jpg\",\"datePublished\":\"2024-10-09T19:09:17+00:00\",\"dateModified\":\"2025-12-17T14:46:58+00:00\",\"breadcrumb\":{\"@id\":\"https:\\\/\\\/huntingeurope.be\\\/fr\\\/produit\\\/blazer-de-sport-en-tweed-pour-hommes-combrook-thyme\\\/#breadcrumb\"},\"inLanguage\":\"fr-FR\",\"potentialAction\":[{\"@type\":\"ReadAction\",\"target\":[\"https:\\\/\\\/huntingeurope.be\\\/fr\\\/produit\\\/blazer-de-sport-en-tweed-pour-hommes-combrook-thyme\\\/\"]}]},{\"@type\":\"ImageObject\",\"inLanguage\":\"fr-FR\",\"@id\":\"https:\\\/\\\/huntingeurope.be\\\/fr\\\/produit\\\/blazer-de-sport-en-tweed-pour-hommes-combrook-thyme\\\/#primaryimage\",\"url\":\"https:\\\/\\\/huntingeurope.be\\\/wp-content\\\/uploads\\\/2024\\\/10\\\/combrook-mens-tweed-two-button-blazer-thyme-1.jpg\",\"contentUrl\":\"https:\\\/\\\/huntingeurope.be\\\/wp-content\\\/uploads\\\/2024\\\/10\\\/combrook-mens-tweed-two-button-blazer-thyme-1.jpg\",\"width\":1463,\"height\":2048},{\"@type\":\"BreadcrumbList\",\"@id\":\"https:\\\/\\\/huntingeurope.be\\\/fr\\\/produit\\\/blazer-de-sport-en-tweed-pour-hommes-combrook-thyme\\\/#breadcrumb\",\"itemListElement\":[{\"@type\":\"ListItem\",\"position\":1,\"name\":\"Home\",\"item\":\"https:\\\/\\\/huntingeurope.be\\\/fr\\\/\"},{\"@type\":\"ListItem\",\"position\":2,\"name\":\"Produits\",\"item\":\"https:\\\/\\\/huntingeurope.be\\\/fr\\\/shop\\\/\"},{\"@type\":\"ListItem\",\"position\":3,\"name\":\"Blazer de sport en tweed pour hommes Combrook &#8211; Thyme\"}]},{\"@type\":\"WebSite\",\"@id\":\"https:\\\/\\\/huntingeurope.be\\\/fr\\\/?lang=en\\\/#website\",\"url\":\"https:\\\/\\\/huntingeurope.be\\\/fr\\\/?lang=en\\\/\",\"name\":\"Hunting Europe\",\"description\":\"Alles voor de jacht\",\"publisher\":{\"@id\":\"https:\\\/\\\/huntingeurope.be\\\/fr\\\/?lang=en\\\/#organization\"},\"potentialAction\":[{\"@type\":\"SearchAction\",\"target\":{\"@type\":\"EntryPoint\",\"urlTemplate\":\"https:\\\/\\\/huntingeurope.be\\\/fr\\\/?lang=en\\\/?s={search_term_string}\"},\"query-input\":{\"@type\":\"PropertyValueSpecification\",\"valueRequired\":true,\"valueName\":\"search_term_string\"}}],\"inLanguage\":\"fr-FR\"},{\"@type\":\"Organization\",\"@id\":\"https:\\\/\\\/huntingeurope.be\\\/fr\\\/?lang=en\\\/#organization\",\"name\":\"Hunting Europe\",\"url\":\"https:\\\/\\\/huntingeurope.be\\\/fr\\\/?lang=en\\\/\",\"logo\":{\"@type\":\"ImageObject\",\"inLanguage\":\"fr-FR\",\"@id\":\"https:\\\/\\\/huntingeurope.be\\\/fr\\\/?lang=en\\\/#\\\/schema\\\/logo\\\/image\\\/\",\"url\":\"https:\\\/\\\/huntingeurope.be\\\/wp-content\\\/uploads\\\/2021\\\/10\\\/Huntingeurope-1-1.png\",\"contentUrl\":\"https:\\\/\\\/huntingeurope.be\\\/wp-content\\\/uploads\\\/2021\\\/10\\\/Huntingeurope-1-1.png\",\"width\":280,\"height\":179,\"caption\":\"Hunting Europe\"},\"image\":{\"@id\":\"https:\\\/\\\/huntingeurope.be\\\/fr\\\/?lang=en\\\/#\\\/schema\\\/logo\\\/image\\\/\"},\"sameAs\":[\"https:\\\/\\\/www.facebook.com\\\/jachtwinkel.europe\\\/\",\"https:\\\/\\\/www.instagram.com\\\/huntingeurope\\\/\",\"https:\\\/\\\/www.youtube.com\\\/user\\\/NickolaySmet\\\/videos?view_as=subscriber\"]}]}<\/script>\n<!-- \/ Yoast SEO plugin. -->","yoast_head_json":{"title":"Blazer de sport en tweed pour hommes Combrook - Thyme - Hunting Europe","robots":{"index":"index","follow":"follow","max-snippet":"max-snippet:-1","max-image-preview":"max-image-preview:large","max-video-preview":"max-video-preview:-1"},"canonical":"https:\/\/huntingeurope.be\/fr\/produit\/blazer-de-sport-en-tweed-pour-hommes-combrook-thyme\/","og_locale":"fr_FR","og_type":"article","og_title":"Blazer de sport en tweed pour hommes Combrook - Thyme - Hunting Europe","og_description":"Si l'occasion exige quelque chose d'\u00e9l\u00e9gant, notre blazer en tweed pour homme Combrook est s\u00fbr de faire l'affaire. Rappelez-vous : \"On n'est jamais trop bien habill\u00e9 ni trop instruit.\" - Oscar Wilde. - 100% laine tweed - Notre tissu le plus doux, garanti sans d\u00e9mangeaison. - Ext\u00e9rieur d\u00e9perlant - On ne sait jamais. - Double pli arri\u00e8re - Pour une plus grande libert\u00e9 de mouvement. - Pochette de billets. - Poche int\u00e9rieure s\u00e9curis\u00e9e. - Doublure contrast\u00e9e assortie au pare-brise. - Fermeture par 2 boutons.","og_url":"https:\/\/huntingeurope.be\/fr\/produit\/blazer-de-sport-en-tweed-pour-hommes-combrook-thyme\/","og_site_name":"Hunting Europe","article_publisher":"https:\/\/www.facebook.com\/jachtwinkel.europe\/","article_modified_time":"2025-12-17T14:46:58+00:00","og_image":[{"width":1463,"height":2048,"url":"https:\/\/huntingeurope.be\/wp-content\/uploads\/2024\/10\/combrook-mens-tweed-two-button-blazer-thyme-1.jpg","type":"image\/jpeg"}],"twitter_card":"summary_large_image","schema":{"@context":"https:\/\/schema.org","@graph":[{"@type":"WebPage","@id":"https:\/\/huntingeurope.be\/fr\/produit\/blazer-de-sport-en-tweed-pour-hommes-combrook-thyme\/","url":"https:\/\/huntingeurope.be\/fr\/produit\/blazer-de-sport-en-tweed-pour-hommes-combrook-thyme\/","name":"Blazer de sport en tweed pour hommes Combrook - Thyme - Hunting Europe","isPartOf":{"@id":"https:\/\/huntingeurope.be\/fr\/?lang=en\/#website"},"primaryImageOfPage":{"@id":"https:\/\/huntingeurope.be\/fr\/produit\/blazer-de-sport-en-tweed-pour-hommes-combrook-thyme\/#primaryimage"},"image":{"@id":"https:\/\/huntingeurope.be\/fr\/produit\/blazer-de-sport-en-tweed-pour-hommes-combrook-thyme\/#primaryimage"},"thumbnailUrl":"https:\/\/huntingeurope.be\/wp-content\/uploads\/2024\/10\/combrook-mens-tweed-two-button-blazer-thyme-1.jpg","datePublished":"2024-10-09T19:09:17+00:00","dateModified":"2025-12-17T14:46:58+00:00","breadcrumb":{"@id":"https:\/\/huntingeurope.be\/fr\/produit\/blazer-de-sport-en-tweed-pour-hommes-combrook-thyme\/#breadcrumb"},"inLanguage":"fr-FR","potentialAction":[{"@type":"ReadAction","target":["https:\/\/huntingeurope.be\/fr\/produit\/blazer-de-sport-en-tweed-pour-hommes-combrook-thyme\/"]}]},{"@type":"ImageObject","inLanguage":"fr-FR","@id":"https:\/\/huntingeurope.be\/fr\/produit\/blazer-de-sport-en-tweed-pour-hommes-combrook-thyme\/#primaryimage","url":"https:\/\/huntingeurope.be\/wp-content\/uploads\/2024\/10\/combrook-mens-tweed-two-button-blazer-thyme-1.jpg","contentUrl":"https:\/\/huntingeurope.be\/wp-content\/uploads\/2024\/10\/combrook-mens-tweed-two-button-blazer-thyme-1.jpg","width":1463,"height":2048},{"@type":"BreadcrumbList","@id":"https:\/\/huntingeurope.be\/fr\/produit\/blazer-de-sport-en-tweed-pour-hommes-combrook-thyme\/#breadcrumb","itemListElement":[{"@type":"ListItem","position":1,"name":"Home","item":"https:\/\/huntingeurope.be\/fr\/"},{"@type":"ListItem","position":2,"name":"Produits","item":"https:\/\/huntingeurope.be\/fr\/shop\/"},{"@type":"ListItem","position":3,"name":"Blazer de sport en tweed pour hommes Combrook &#8211; Thyme"}]},{"@type":"WebSite","@id":"https:\/\/huntingeurope.be\/fr\/?lang=en\/#website","url":"https:\/\/huntingeurope.be\/fr\/?lang=en\/","name":"Hunting Europe","description":"Alles voor de jacht","publisher":{"@id":"https:\/\/huntingeurope.be\/fr\/?lang=en\/#organization"},"potentialAction":[{"@type":"SearchAction","target":{"@type":"EntryPoint","urlTemplate":"https:\/\/huntingeurope.be\/fr\/?lang=en\/?s={search_term_string}"},"query-input":{"@type":"PropertyValueSpecification","valueRequired":true,"valueName":"search_term_string"}}],"inLanguage":"fr-FR"},{"@type":"Organization","@id":"https:\/\/huntingeurope.be\/fr\/?lang=en\/#organization","name":"Hunting Europe","url":"https:\/\/huntingeurope.be\/fr\/?lang=en\/","logo":{"@type":"ImageObject","inLanguage":"fr-FR","@id":"https:\/\/huntingeurope.be\/fr\/?lang=en\/#\/schema\/logo\/image\/","url":"https:\/\/huntingeurope.be\/wp-content\/uploads\/2021\/10\/Huntingeurope-1-1.png","contentUrl":"https:\/\/huntingeurope.be\/wp-content\/uploads\/2021\/10\/Huntingeurope-1-1.png","width":280,"height":179,"caption":"Hunting Europe"},"image":{"@id":"https:\/\/huntingeurope.be\/fr\/?lang=en\/#\/schema\/logo\/image\/"},"sameAs":["https:\/\/www.facebook.com\/jachtwinkel.europe\/","https:\/\/www.instagram.com\/huntingeurope\/","https:\/\/www.youtube.com\/user\/NickolaySmet\/videos?view_as=subscriber"]}]}},"df_price":374.95,"df_sale_price":"","df_regular_price":374.95,"df_image_link":"https:\/\/huntingeurope.be\/wp-content\/uploads\/2024\/10\/combrook-mens-tweed-two-button-blazer-thyme-1-214x300.jpg","_links":{"self":[{"href":"https:\/\/huntingeurope.be\/fr\/wp-json\/wp\/v2\/product\/51008","targetHints":{"allow":["GET"]}}],"collection":[{"href":"https:\/\/huntingeurope.be\/fr\/wp-json\/wp\/v2\/product"}],"about":[{"href":"https:\/\/huntingeurope.be\/fr\/wp-json\/wp\/v2\/types\/product"}],"wp:featuredmedia":[{"embeddable":true,"href":"https:\/\/huntingeurope.be\/fr\/wp-json\/wp\/v2\/media\/50996"}],"wp:attachment":[{"href":"https:\/\/huntingeurope.be\/fr\/wp-json\/wp\/v2\/media?parent=51008"}],"wp:term":[{"taxonomy":"product_brand","embeddable":true,"href":"https:\/\/huntingeurope.be\/fr\/wp-json\/wp\/v2\/product_brand?post=51008"},{"taxonomy":"product_cat","embeddable":true,"href":"https:\/\/huntingeurope.be\/fr\/wp-json\/wp\/v2\/product_cat?post=51008"},{"taxonomy":"product_tag","embeddable":true,"href":"https:\/\/huntingeurope.be\/fr\/wp-json\/wp\/v2\/product_tag?post=51008"}],"curies":[{"name":"wp","href":"https:\/\/api.w.org\/{rel}","templated":true}]}}