{"id":50961,"date":"2024-10-09T20:49:25","date_gmt":"2024-10-09T18:49:25","guid":{"rendered":"https:\/\/huntingeurope.be\/product\/chemise-hommes-alan-paine-aylesburgy-wine\/"},"modified":"2025-12-16T09:12:53","modified_gmt":"2025-12-16T08:12:53","slug":"chemise-hommes-alan-paine-aylesburgy-wine","status":"publish","type":"product","link":"https:\/\/huntingeurope.be\/fr\/produit\/chemise-hommes-alan-paine-aylesburgy-wine\/","title":{"rendered":"Chemise Hommes Alan Paine Aylesburgy &#8211; Wine"},"content":{"rendered":"","protected":false},"excerpt":{"rendered":"<p>Une chemise classique en coton \u00e0 carreaux est indispensable, sur le terrain comme en dehors, et nous avons la chemise qu&rsquo;il vous faut !<\/p>\n<p>En raison de la forte demande pour nos \u00ab\u00a0Aylesburgy men&rsquo;s shooting fit country shirts\u00a0\u00bb, nous avons introduit un v\u00eatement plus ajust\u00e9 pour ceux qui aiment une coupe plus moderne. Id\u00e9al \u00e0 porter sous un gilet ou un pull de campagne.<\/p>\n<p>&#8211; Tissu de coton doux n\u00e9cessitant un repassage minimal<br \/>\n&#8211; Coupe en 4 pi\u00e8ces aux \u00e9paules avec plis dans le dos pour plus de confort<br \/>\n&#8211; Col classique avec raidisseurs int\u00e9gr\u00e9s<br \/>\n&#8211; Col fusionn\u00e9 en douceur pour une forme plus souple<br \/>\n&#8211; Coupe large pour une plus grande libert\u00e9 de mouvement<br \/>\n&#8211; Longueur plus longue pour plus de confort<br \/>\n&#8211; Poche poitrine sur le c\u00f4t\u00e9 gauche avec broderie Alan Paine<br \/>\n&#8211; Poignet simple avec boutonni\u00e8re suppl\u00e9mentaire pour les boutons de manchette<br \/>\n&#8211; Coupe r\u00e9guli\u00e8re<br \/>\n&#8211; 100 % coton<\/p>\n","protected":false},"featured_media":50953,"template":"","meta":{"_joinchat":[]},"product_brand":[],"product_cat":[569,874],"product_tag":[],"class_list":{"0":"post-50961","1":"product","2":"type-product","3":"status-publish","4":"has-post-thumbnail","6":"product_cat-chemises","7":"product_cat-vendredi-noir","9":"first","10":"instock","11":"sale","12":"taxable","13":"shipping-taxable","14":"purchasable","15":"product-type-variable"},"yoast_head":"<!-- This site is optimized with the Yoast SEO plugin v27.6 - https:\/\/yoast.com\/product\/yoast-seo-wordpress\/ -->\n<title>Chemise Hommes Alan Paine Aylesburgy - Wine - Hunting Europe<\/title>\n<meta name=\"robots\" content=\"index, follow, max-snippet:-1, max-image-preview:large, max-video-preview:-1\" \/>\n<link rel=\"canonical\" href=\"https:\/\/huntingeurope.be\/fr\/produit\/chemise-hommes-alan-paine-aylesburgy-wine\/\" \/>\n<meta property=\"og:locale\" content=\"fr_FR\" \/>\n<meta property=\"og:type\" content=\"article\" \/>\n<meta property=\"og:title\" content=\"Chemise Hommes Alan Paine Aylesburgy - Wine - Hunting Europe\" \/>\n<meta property=\"og:description\" content=\"Une chemise classique en coton \u00e0 carreaux est indispensable, sur le terrain comme en dehors, et nous avons la chemise qu&#039;il vous faut ! En raison de la forte demande pour nos &quot;Aylesburgy men&#039;s shooting fit country shirts&quot;, nous avons introduit un v\u00eatement plus ajust\u00e9 pour ceux qui aiment une coupe plus moderne. Id\u00e9al \u00e0 porter sous un gilet ou un pull de campagne. - Tissu de coton doux n\u00e9cessitant un repassage minimal - Coupe en 4 pi\u00e8ces aux \u00e9paules avec plis dans le dos pour plus de confort - Col classique avec raidisseurs int\u00e9gr\u00e9s - Col fusionn\u00e9 en douceur pour une forme plus souple - Coupe large pour une plus grande libert\u00e9 de mouvement - Longueur plus longue pour plus de confort - Poche poitrine sur le c\u00f4t\u00e9 gauche avec broderie Alan Paine - Poignet simple avec boutonni\u00e8re suppl\u00e9mentaire pour les boutons de manchette - Coupe r\u00e9guli\u00e8re - 100 % coton\" \/>\n<meta property=\"og:url\" content=\"https:\/\/huntingeurope.be\/fr\/produit\/chemise-hommes-alan-paine-aylesburgy-wine\/\" \/>\n<meta property=\"og:site_name\" content=\"Hunting Europe\" \/>\n<meta property=\"article:publisher\" content=\"https:\/\/www.facebook.com\/jachtwinkel.europe\/\" \/>\n<meta property=\"article:modified_time\" content=\"2025-12-16T08:12:53+00:00\" \/>\n<meta property=\"og:image\" content=\"https:\/\/huntingeurope.be\/wp-content\/uploads\/2024\/10\/ap-mens-aylesbury-shirt-chk54-wine.jpg\" \/>\n\t<meta property=\"og:image:width\" content=\"1463\" \/>\n\t<meta property=\"og:image:height\" content=\"2048\" \/>\n\t<meta property=\"og:image:type\" content=\"image\/jpeg\" \/>\n<meta name=\"twitter:card\" content=\"summary_large_image\" \/>\n<script type=\"application\/ld+json\" class=\"yoast-schema-graph\">{\"@context\":\"https:\\\/\\\/schema.org\",\"@graph\":[{\"@type\":\"WebPage\",\"@id\":\"https:\\\/\\\/huntingeurope.be\\\/fr\\\/produit\\\/chemise-hommes-alan-paine-aylesburgy-wine\\\/\",\"url\":\"https:\\\/\\\/huntingeurope.be\\\/fr\\\/produit\\\/chemise-hommes-alan-paine-aylesburgy-wine\\\/\",\"name\":\"Chemise Hommes Alan Paine Aylesburgy - Wine - Hunting Europe\",\"isPartOf\":{\"@id\":\"https:\\\/\\\/huntingeurope.be\\\/fr\\\/?lang=en\\\/#website\"},\"primaryImageOfPage\":{\"@id\":\"https:\\\/\\\/huntingeurope.be\\\/fr\\\/produit\\\/chemise-hommes-alan-paine-aylesburgy-wine\\\/#primaryimage\"},\"image\":{\"@id\":\"https:\\\/\\\/huntingeurope.be\\\/fr\\\/produit\\\/chemise-hommes-alan-paine-aylesburgy-wine\\\/#primaryimage\"},\"thumbnailUrl\":\"https:\\\/\\\/huntingeurope.be\\\/wp-content\\\/uploads\\\/2024\\\/10\\\/ap-mens-aylesbury-shirt-chk54-wine.jpg\",\"datePublished\":\"2024-10-09T18:49:25+00:00\",\"dateModified\":\"2025-12-16T08:12:53+00:00\",\"breadcrumb\":{\"@id\":\"https:\\\/\\\/huntingeurope.be\\\/fr\\\/produit\\\/chemise-hommes-alan-paine-aylesburgy-wine\\\/#breadcrumb\"},\"inLanguage\":\"fr-FR\",\"potentialAction\":[{\"@type\":\"ReadAction\",\"target\":[\"https:\\\/\\\/huntingeurope.be\\\/fr\\\/produit\\\/chemise-hommes-alan-paine-aylesburgy-wine\\\/\"]}]},{\"@type\":\"ImageObject\",\"inLanguage\":\"fr-FR\",\"@id\":\"https:\\\/\\\/huntingeurope.be\\\/fr\\\/produit\\\/chemise-hommes-alan-paine-aylesburgy-wine\\\/#primaryimage\",\"url\":\"https:\\\/\\\/huntingeurope.be\\\/wp-content\\\/uploads\\\/2024\\\/10\\\/ap-mens-aylesbury-shirt-chk54-wine.jpg\",\"contentUrl\":\"https:\\\/\\\/huntingeurope.be\\\/wp-content\\\/uploads\\\/2024\\\/10\\\/ap-mens-aylesbury-shirt-chk54-wine.jpg\",\"width\":1463,\"height\":2048},{\"@type\":\"BreadcrumbList\",\"@id\":\"https:\\\/\\\/huntingeurope.be\\\/fr\\\/produit\\\/chemise-hommes-alan-paine-aylesburgy-wine\\\/#breadcrumb\",\"itemListElement\":[{\"@type\":\"ListItem\",\"position\":1,\"name\":\"Home\",\"item\":\"https:\\\/\\\/huntingeurope.be\\\/fr\\\/\"},{\"@type\":\"ListItem\",\"position\":2,\"name\":\"Produits\",\"item\":\"https:\\\/\\\/huntingeurope.be\\\/fr\\\/shop\\\/\"},{\"@type\":\"ListItem\",\"position\":3,\"name\":\"Chemise Hommes Alan Paine Aylesburgy &#8211; Wine\"}]},{\"@type\":\"WebSite\",\"@id\":\"https:\\\/\\\/huntingeurope.be\\\/fr\\\/?lang=en\\\/#website\",\"url\":\"https:\\\/\\\/huntingeurope.be\\\/fr\\\/?lang=en\\\/\",\"name\":\"Hunting Europe\",\"description\":\"Alles voor de jacht\",\"publisher\":{\"@id\":\"https:\\\/\\\/huntingeurope.be\\\/fr\\\/?lang=en\\\/#organization\"},\"potentialAction\":[{\"@type\":\"SearchAction\",\"target\":{\"@type\":\"EntryPoint\",\"urlTemplate\":\"https:\\\/\\\/huntingeurope.be\\\/fr\\\/?lang=en\\\/?s={search_term_string}\"},\"query-input\":{\"@type\":\"PropertyValueSpecification\",\"valueRequired\":true,\"valueName\":\"search_term_string\"}}],\"inLanguage\":\"fr-FR\"},{\"@type\":\"Organization\",\"@id\":\"https:\\\/\\\/huntingeurope.be\\\/fr\\\/?lang=en\\\/#organization\",\"name\":\"Hunting Europe\",\"url\":\"https:\\\/\\\/huntingeurope.be\\\/fr\\\/?lang=en\\\/\",\"logo\":{\"@type\":\"ImageObject\",\"inLanguage\":\"fr-FR\",\"@id\":\"https:\\\/\\\/huntingeurope.be\\\/fr\\\/?lang=en\\\/#\\\/schema\\\/logo\\\/image\\\/\",\"url\":\"https:\\\/\\\/huntingeurope.be\\\/wp-content\\\/uploads\\\/2021\\\/10\\\/Huntingeurope-1-1.png\",\"contentUrl\":\"https:\\\/\\\/huntingeurope.be\\\/wp-content\\\/uploads\\\/2021\\\/10\\\/Huntingeurope-1-1.png\",\"width\":280,\"height\":179,\"caption\":\"Hunting Europe\"},\"image\":{\"@id\":\"https:\\\/\\\/huntingeurope.be\\\/fr\\\/?lang=en\\\/#\\\/schema\\\/logo\\\/image\\\/\"},\"sameAs\":[\"https:\\\/\\\/www.facebook.com\\\/jachtwinkel.europe\\\/\",\"https:\\\/\\\/www.instagram.com\\\/huntingeurope\\\/\",\"https:\\\/\\\/www.youtube.com\\\/user\\\/NickolaySmet\\\/videos?view_as=subscriber\"]}]}<\/script>\n<!-- \/ Yoast SEO plugin. -->","yoast_head_json":{"title":"Chemise Hommes Alan Paine Aylesburgy - Wine - Hunting Europe","robots":{"index":"index","follow":"follow","max-snippet":"max-snippet:-1","max-image-preview":"max-image-preview:large","max-video-preview":"max-video-preview:-1"},"canonical":"https:\/\/huntingeurope.be\/fr\/produit\/chemise-hommes-alan-paine-aylesburgy-wine\/","og_locale":"fr_FR","og_type":"article","og_title":"Chemise Hommes Alan Paine Aylesburgy - Wine - Hunting Europe","og_description":"Une chemise classique en coton \u00e0 carreaux est indispensable, sur le terrain comme en dehors, et nous avons la chemise qu'il vous faut ! En raison de la forte demande pour nos \"Aylesburgy men's shooting fit country shirts\", nous avons introduit un v\u00eatement plus ajust\u00e9 pour ceux qui aiment une coupe plus moderne. Id\u00e9al \u00e0 porter sous un gilet ou un pull de campagne. - Tissu de coton doux n\u00e9cessitant un repassage minimal - Coupe en 4 pi\u00e8ces aux \u00e9paules avec plis dans le dos pour plus de confort - Col classique avec raidisseurs int\u00e9gr\u00e9s - Col fusionn\u00e9 en douceur pour une forme plus souple - Coupe large pour une plus grande libert\u00e9 de mouvement - Longueur plus longue pour plus de confort - Poche poitrine sur le c\u00f4t\u00e9 gauche avec broderie Alan Paine - Poignet simple avec boutonni\u00e8re suppl\u00e9mentaire pour les boutons de manchette - Coupe r\u00e9guli\u00e8re - 100 % coton","og_url":"https:\/\/huntingeurope.be\/fr\/produit\/chemise-hommes-alan-paine-aylesburgy-wine\/","og_site_name":"Hunting Europe","article_publisher":"https:\/\/www.facebook.com\/jachtwinkel.europe\/","article_modified_time":"2025-12-16T08:12:53+00:00","og_image":[{"width":1463,"height":2048,"url":"https:\/\/huntingeurope.be\/wp-content\/uploads\/2024\/10\/ap-mens-aylesbury-shirt-chk54-wine.jpg","type":"image\/jpeg"}],"twitter_card":"summary_large_image","schema":{"@context":"https:\/\/schema.org","@graph":[{"@type":"WebPage","@id":"https:\/\/huntingeurope.be\/fr\/produit\/chemise-hommes-alan-paine-aylesburgy-wine\/","url":"https:\/\/huntingeurope.be\/fr\/produit\/chemise-hommes-alan-paine-aylesburgy-wine\/","name":"Chemise Hommes Alan Paine Aylesburgy - Wine - Hunting Europe","isPartOf":{"@id":"https:\/\/huntingeurope.be\/fr\/?lang=en\/#website"},"primaryImageOfPage":{"@id":"https:\/\/huntingeurope.be\/fr\/produit\/chemise-hommes-alan-paine-aylesburgy-wine\/#primaryimage"},"image":{"@id":"https:\/\/huntingeurope.be\/fr\/produit\/chemise-hommes-alan-paine-aylesburgy-wine\/#primaryimage"},"thumbnailUrl":"https:\/\/huntingeurope.be\/wp-content\/uploads\/2024\/10\/ap-mens-aylesbury-shirt-chk54-wine.jpg","datePublished":"2024-10-09T18:49:25+00:00","dateModified":"2025-12-16T08:12:53+00:00","breadcrumb":{"@id":"https:\/\/huntingeurope.be\/fr\/produit\/chemise-hommes-alan-paine-aylesburgy-wine\/#breadcrumb"},"inLanguage":"fr-FR","potentialAction":[{"@type":"ReadAction","target":["https:\/\/huntingeurope.be\/fr\/produit\/chemise-hommes-alan-paine-aylesburgy-wine\/"]}]},{"@type":"ImageObject","inLanguage":"fr-FR","@id":"https:\/\/huntingeurope.be\/fr\/produit\/chemise-hommes-alan-paine-aylesburgy-wine\/#primaryimage","url":"https:\/\/huntingeurope.be\/wp-content\/uploads\/2024\/10\/ap-mens-aylesbury-shirt-chk54-wine.jpg","contentUrl":"https:\/\/huntingeurope.be\/wp-content\/uploads\/2024\/10\/ap-mens-aylesbury-shirt-chk54-wine.jpg","width":1463,"height":2048},{"@type":"BreadcrumbList","@id":"https:\/\/huntingeurope.be\/fr\/produit\/chemise-hommes-alan-paine-aylesburgy-wine\/#breadcrumb","itemListElement":[{"@type":"ListItem","position":1,"name":"Home","item":"https:\/\/huntingeurope.be\/fr\/"},{"@type":"ListItem","position":2,"name":"Produits","item":"https:\/\/huntingeurope.be\/fr\/shop\/"},{"@type":"ListItem","position":3,"name":"Chemise Hommes Alan Paine Aylesburgy &#8211; Wine"}]},{"@type":"WebSite","@id":"https:\/\/huntingeurope.be\/fr\/?lang=en\/#website","url":"https:\/\/huntingeurope.be\/fr\/?lang=en\/","name":"Hunting Europe","description":"Alles voor de jacht","publisher":{"@id":"https:\/\/huntingeurope.be\/fr\/?lang=en\/#organization"},"potentialAction":[{"@type":"SearchAction","target":{"@type":"EntryPoint","urlTemplate":"https:\/\/huntingeurope.be\/fr\/?lang=en\/?s={search_term_string}"},"query-input":{"@type":"PropertyValueSpecification","valueRequired":true,"valueName":"search_term_string"}}],"inLanguage":"fr-FR"},{"@type":"Organization","@id":"https:\/\/huntingeurope.be\/fr\/?lang=en\/#organization","name":"Hunting Europe","url":"https:\/\/huntingeurope.be\/fr\/?lang=en\/","logo":{"@type":"ImageObject","inLanguage":"fr-FR","@id":"https:\/\/huntingeurope.be\/fr\/?lang=en\/#\/schema\/logo\/image\/","url":"https:\/\/huntingeurope.be\/wp-content\/uploads\/2021\/10\/Huntingeurope-1-1.png","contentUrl":"https:\/\/huntingeurope.be\/wp-content\/uploads\/2021\/10\/Huntingeurope-1-1.png","width":280,"height":179,"caption":"Hunting Europe"},"image":{"@id":"https:\/\/huntingeurope.be\/fr\/?lang=en\/#\/schema\/logo\/image\/"},"sameAs":["https:\/\/www.facebook.com\/jachtwinkel.europe\/","https:\/\/www.instagram.com\/huntingeurope\/","https:\/\/www.youtube.com\/user\/NickolaySmet\/videos?view_as=subscriber"]}]}},"df_price":59.49,"df_sale_price":"","df_regular_price":59.49,"df_image_link":"https:\/\/huntingeurope.be\/wp-content\/uploads\/2024\/10\/ap-mens-aylesbury-shirt-chk54-wine-214x300.jpg","_links":{"self":[{"href":"https:\/\/huntingeurope.be\/fr\/wp-json\/wp\/v2\/product\/50961","targetHints":{"allow":["GET"]}}],"collection":[{"href":"https:\/\/huntingeurope.be\/fr\/wp-json\/wp\/v2\/product"}],"about":[{"href":"https:\/\/huntingeurope.be\/fr\/wp-json\/wp\/v2\/types\/product"}],"wp:featuredmedia":[{"embeddable":true,"href":"https:\/\/huntingeurope.be\/fr\/wp-json\/wp\/v2\/media\/50953"}],"wp:attachment":[{"href":"https:\/\/huntingeurope.be\/fr\/wp-json\/wp\/v2\/media?parent=50961"}],"wp:term":[{"taxonomy":"product_brand","embeddable":true,"href":"https:\/\/huntingeurope.be\/fr\/wp-json\/wp\/v2\/product_brand?post=50961"},{"taxonomy":"product_cat","embeddable":true,"href":"https:\/\/huntingeurope.be\/fr\/wp-json\/wp\/v2\/product_cat?post=50961"},{"taxonomy":"product_tag","embeddable":true,"href":"https:\/\/huntingeurope.be\/fr\/wp-json\/wp\/v2\/product_tag?post=50961"}],"curies":[{"name":"wp","href":"https:\/\/api.w.org\/{rel}","templated":true}]}}