{"id":50948,"date":"2024-10-09T20:41:54","date_gmt":"2024-10-09T18:41:54","guid":{"rendered":"https:\/\/huntingeurope.be\/product\/alan-paine-combrook-tweed-baseball-cap-thyme\/"},"modified":"2025-12-17T15:24:28","modified_gmt":"2025-12-17T14:24:28","slug":"alan-paine-combrook-tweed-baseball-cap-thyme","status":"publish","type":"product","link":"https:\/\/huntingeurope.be\/fr\/produit\/alan-paine-combrook-tweed-baseball-cap-thyme\/","title":{"rendered":"Alan Paine Combrook Tweed Baseball Cap &#8211; Thyme"},"content":{"rendered":"","protected":false},"excerpt":{"rendered":"<p>La casquette de baseball Combrook en tweed est id\u00e9ale pour l&rsquo;homme moderne qui passe son temps \u00e0 la campagne. La casquette est doubl\u00e9e de coton et dot\u00e9e d&rsquo;une fermeture velcro \u00e0 l&rsquo;arri\u00e8re de la t\u00eate pour plus de commodit\u00e9. <\/p>\n<p>Taille unique.<\/p>\n<p>&#8211; Style classique de casquette de baseball.<br \/>\n&#8211; Ext\u00e9rieur 100% laine tweed.<br \/>\n&#8211; Doublure 100% coton.<br \/>\n&#8211; Pic en su\u00e9dine.<br \/>\n&#8211; Bloc de couleur contrast\u00e9e sur le sommet de la casquette.<br \/>\n&#8211; Fermeture velcro \u00e0 l&rsquo;arri\u00e8re.<br \/>\n&#8211; Taille unique.<\/p>\n","protected":false},"featured_media":50947,"template":"","meta":{"_joinchat":[]},"product_brand":[],"product_cat":[625],"product_tag":[],"class_list":{"0":"post-50948","1":"product","2":"type-product","3":"status-publish","4":"has-post-thumbnail","6":"product_cat-pas-de-categorie","8":"first","9":"outofstock","10":"taxable","11":"shipping-taxable","12":"purchasable","13":"product-type-simple"},"yoast_head":"<!-- This site is optimized with the Yoast SEO plugin v27.5 - https:\/\/yoast.com\/product\/yoast-seo-wordpress\/ -->\n<title>Alan Paine Combrook Tweed Baseball Cap - Thyme - Hunting Europe<\/title>\n<meta name=\"robots\" content=\"index, follow, max-snippet:-1, max-image-preview:large, max-video-preview:-1\" \/>\n<link rel=\"canonical\" href=\"https:\/\/huntingeurope.be\/fr\/produit\/alan-paine-combrook-tweed-baseball-cap-thyme\/\" \/>\n<meta property=\"og:locale\" content=\"fr_FR\" \/>\n<meta property=\"og:type\" content=\"article\" \/>\n<meta property=\"og:title\" content=\"Alan Paine Combrook Tweed Baseball Cap - Thyme - Hunting Europe\" \/>\n<meta property=\"og:description\" content=\"La casquette de baseball Combrook en tweed est id\u00e9ale pour l&#039;homme moderne qui passe son temps \u00e0 la campagne. La casquette est doubl\u00e9e de coton et dot\u00e9e d&#039;une fermeture velcro \u00e0 l&#039;arri\u00e8re de la t\u00eate pour plus de commodit\u00e9.  Taille unique. - Style classique de casquette de baseball. - Ext\u00e9rieur 100% laine tweed. - Doublure 100% coton. - Pic en su\u00e9dine. - Bloc de couleur contrast\u00e9e sur le sommet de la casquette. - Fermeture velcro \u00e0 l&#039;arri\u00e8re. - Taille unique.\" \/>\n<meta property=\"og:url\" content=\"https:\/\/huntingeurope.be\/fr\/produit\/alan-paine-combrook-tweed-baseball-cap-thyme\/\" \/>\n<meta property=\"og:site_name\" content=\"Hunting Europe\" \/>\n<meta property=\"article:publisher\" content=\"https:\/\/www.facebook.com\/jachtwinkel.europe\/\" \/>\n<meta property=\"article:modified_time\" content=\"2025-12-17T14:24:28+00:00\" \/>\n<meta property=\"og:image\" content=\"https:\/\/huntingeurope.be\/wp-content\/uploads\/2024\/10\/combrook-mens-baseball-cap-thyme.jpg\" \/>\n\t<meta property=\"og:image:width\" content=\"1463\" \/>\n\t<meta property=\"og:image:height\" content=\"2048\" \/>\n\t<meta property=\"og:image:type\" content=\"image\/jpeg\" \/>\n<meta name=\"twitter:card\" content=\"summary_large_image\" \/>\n<script type=\"application\/ld+json\" class=\"yoast-schema-graph\">{\"@context\":\"https:\\\/\\\/schema.org\",\"@graph\":[{\"@type\":\"WebPage\",\"@id\":\"https:\\\/\\\/huntingeurope.be\\\/fr\\\/produit\\\/alan-paine-combrook-tweed-baseball-cap-thyme\\\/\",\"url\":\"https:\\\/\\\/huntingeurope.be\\\/fr\\\/produit\\\/alan-paine-combrook-tweed-baseball-cap-thyme\\\/\",\"name\":\"Alan Paine Combrook Tweed Baseball Cap - Thyme - Hunting Europe\",\"isPartOf\":{\"@id\":\"https:\\\/\\\/huntingeurope.be\\\/fr\\\/?lang=en\\\/#website\"},\"primaryImageOfPage\":{\"@id\":\"https:\\\/\\\/huntingeurope.be\\\/fr\\\/produit\\\/alan-paine-combrook-tweed-baseball-cap-thyme\\\/#primaryimage\"},\"image\":{\"@id\":\"https:\\\/\\\/huntingeurope.be\\\/fr\\\/produit\\\/alan-paine-combrook-tweed-baseball-cap-thyme\\\/#primaryimage\"},\"thumbnailUrl\":\"https:\\\/\\\/huntingeurope.be\\\/wp-content\\\/uploads\\\/2024\\\/10\\\/combrook-mens-baseball-cap-thyme.jpg\",\"datePublished\":\"2024-10-09T18:41:54+00:00\",\"dateModified\":\"2025-12-17T14:24:28+00:00\",\"breadcrumb\":{\"@id\":\"https:\\\/\\\/huntingeurope.be\\\/fr\\\/produit\\\/alan-paine-combrook-tweed-baseball-cap-thyme\\\/#breadcrumb\"},\"inLanguage\":\"fr-FR\",\"potentialAction\":[{\"@type\":\"ReadAction\",\"target\":[\"https:\\\/\\\/huntingeurope.be\\\/fr\\\/produit\\\/alan-paine-combrook-tweed-baseball-cap-thyme\\\/\"]}]},{\"@type\":\"ImageObject\",\"inLanguage\":\"fr-FR\",\"@id\":\"https:\\\/\\\/huntingeurope.be\\\/fr\\\/produit\\\/alan-paine-combrook-tweed-baseball-cap-thyme\\\/#primaryimage\",\"url\":\"https:\\\/\\\/huntingeurope.be\\\/wp-content\\\/uploads\\\/2024\\\/10\\\/combrook-mens-baseball-cap-thyme.jpg\",\"contentUrl\":\"https:\\\/\\\/huntingeurope.be\\\/wp-content\\\/uploads\\\/2024\\\/10\\\/combrook-mens-baseball-cap-thyme.jpg\",\"width\":1463,\"height\":2048},{\"@type\":\"BreadcrumbList\",\"@id\":\"https:\\\/\\\/huntingeurope.be\\\/fr\\\/produit\\\/alan-paine-combrook-tweed-baseball-cap-thyme\\\/#breadcrumb\",\"itemListElement\":[{\"@type\":\"ListItem\",\"position\":1,\"name\":\"Home\",\"item\":\"https:\\\/\\\/huntingeurope.be\\\/fr\\\/\"},{\"@type\":\"ListItem\",\"position\":2,\"name\":\"Produits\",\"item\":\"https:\\\/\\\/huntingeurope.be\\\/fr\\\/shop\\\/\"},{\"@type\":\"ListItem\",\"position\":3,\"name\":\"Alan Paine Combrook Tweed Baseball Cap &#8211; Thyme\"}]},{\"@type\":\"WebSite\",\"@id\":\"https:\\\/\\\/huntingeurope.be\\\/fr\\\/?lang=en\\\/#website\",\"url\":\"https:\\\/\\\/huntingeurope.be\\\/fr\\\/?lang=en\\\/\",\"name\":\"Hunting Europe\",\"description\":\"Alles voor de jacht\",\"publisher\":{\"@id\":\"https:\\\/\\\/huntingeurope.be\\\/fr\\\/?lang=en\\\/#organization\"},\"potentialAction\":[{\"@type\":\"SearchAction\",\"target\":{\"@type\":\"EntryPoint\",\"urlTemplate\":\"https:\\\/\\\/huntingeurope.be\\\/fr\\\/?lang=en\\\/?s={search_term_string}\"},\"query-input\":{\"@type\":\"PropertyValueSpecification\",\"valueRequired\":true,\"valueName\":\"search_term_string\"}}],\"inLanguage\":\"fr-FR\"},{\"@type\":\"Organization\",\"@id\":\"https:\\\/\\\/huntingeurope.be\\\/fr\\\/?lang=en\\\/#organization\",\"name\":\"Hunting Europe\",\"url\":\"https:\\\/\\\/huntingeurope.be\\\/fr\\\/?lang=en\\\/\",\"logo\":{\"@type\":\"ImageObject\",\"inLanguage\":\"fr-FR\",\"@id\":\"https:\\\/\\\/huntingeurope.be\\\/fr\\\/?lang=en\\\/#\\\/schema\\\/logo\\\/image\\\/\",\"url\":\"https:\\\/\\\/huntingeurope.be\\\/wp-content\\\/uploads\\\/2021\\\/10\\\/Huntingeurope-1-1.png\",\"contentUrl\":\"https:\\\/\\\/huntingeurope.be\\\/wp-content\\\/uploads\\\/2021\\\/10\\\/Huntingeurope-1-1.png\",\"width\":280,\"height\":179,\"caption\":\"Hunting Europe\"},\"image\":{\"@id\":\"https:\\\/\\\/huntingeurope.be\\\/fr\\\/?lang=en\\\/#\\\/schema\\\/logo\\\/image\\\/\"},\"sameAs\":[\"https:\\\/\\\/www.facebook.com\\\/jachtwinkel.europe\\\/\",\"https:\\\/\\\/www.instagram.com\\\/huntingeurope\\\/\",\"https:\\\/\\\/www.youtube.com\\\/user\\\/NickolaySmet\\\/videos?view_as=subscriber\"]}]}<\/script>\n<!-- \/ Yoast SEO plugin. -->","yoast_head_json":{"title":"Alan Paine Combrook Tweed Baseball Cap - Thyme - Hunting Europe","robots":{"index":"index","follow":"follow","max-snippet":"max-snippet:-1","max-image-preview":"max-image-preview:large","max-video-preview":"max-video-preview:-1"},"canonical":"https:\/\/huntingeurope.be\/fr\/produit\/alan-paine-combrook-tweed-baseball-cap-thyme\/","og_locale":"fr_FR","og_type":"article","og_title":"Alan Paine Combrook Tweed Baseball Cap - Thyme - Hunting Europe","og_description":"La casquette de baseball Combrook en tweed est id\u00e9ale pour l'homme moderne qui passe son temps \u00e0 la campagne. La casquette est doubl\u00e9e de coton et dot\u00e9e d'une fermeture velcro \u00e0 l'arri\u00e8re de la t\u00eate pour plus de commodit\u00e9.  Taille unique. - Style classique de casquette de baseball. - Ext\u00e9rieur 100% laine tweed. - Doublure 100% coton. - Pic en su\u00e9dine. - Bloc de couleur contrast\u00e9e sur le sommet de la casquette. - Fermeture velcro \u00e0 l'arri\u00e8re. - Taille unique.","og_url":"https:\/\/huntingeurope.be\/fr\/produit\/alan-paine-combrook-tweed-baseball-cap-thyme\/","og_site_name":"Hunting Europe","article_publisher":"https:\/\/www.facebook.com\/jachtwinkel.europe\/","article_modified_time":"2025-12-17T14:24:28+00:00","og_image":[{"width":1463,"height":2048,"url":"https:\/\/huntingeurope.be\/wp-content\/uploads\/2024\/10\/combrook-mens-baseball-cap-thyme.jpg","type":"image\/jpeg"}],"twitter_card":"summary_large_image","schema":{"@context":"https:\/\/schema.org","@graph":[{"@type":"WebPage","@id":"https:\/\/huntingeurope.be\/fr\/produit\/alan-paine-combrook-tweed-baseball-cap-thyme\/","url":"https:\/\/huntingeurope.be\/fr\/produit\/alan-paine-combrook-tweed-baseball-cap-thyme\/","name":"Alan Paine Combrook Tweed Baseball Cap - Thyme - Hunting Europe","isPartOf":{"@id":"https:\/\/huntingeurope.be\/fr\/?lang=en\/#website"},"primaryImageOfPage":{"@id":"https:\/\/huntingeurope.be\/fr\/produit\/alan-paine-combrook-tweed-baseball-cap-thyme\/#primaryimage"},"image":{"@id":"https:\/\/huntingeurope.be\/fr\/produit\/alan-paine-combrook-tweed-baseball-cap-thyme\/#primaryimage"},"thumbnailUrl":"https:\/\/huntingeurope.be\/wp-content\/uploads\/2024\/10\/combrook-mens-baseball-cap-thyme.jpg","datePublished":"2024-10-09T18:41:54+00:00","dateModified":"2025-12-17T14:24:28+00:00","breadcrumb":{"@id":"https:\/\/huntingeurope.be\/fr\/produit\/alan-paine-combrook-tweed-baseball-cap-thyme\/#breadcrumb"},"inLanguage":"fr-FR","potentialAction":[{"@type":"ReadAction","target":["https:\/\/huntingeurope.be\/fr\/produit\/alan-paine-combrook-tweed-baseball-cap-thyme\/"]}]},{"@type":"ImageObject","inLanguage":"fr-FR","@id":"https:\/\/huntingeurope.be\/fr\/produit\/alan-paine-combrook-tweed-baseball-cap-thyme\/#primaryimage","url":"https:\/\/huntingeurope.be\/wp-content\/uploads\/2024\/10\/combrook-mens-baseball-cap-thyme.jpg","contentUrl":"https:\/\/huntingeurope.be\/wp-content\/uploads\/2024\/10\/combrook-mens-baseball-cap-thyme.jpg","width":1463,"height":2048},{"@type":"BreadcrumbList","@id":"https:\/\/huntingeurope.be\/fr\/produit\/alan-paine-combrook-tweed-baseball-cap-thyme\/#breadcrumb","itemListElement":[{"@type":"ListItem","position":1,"name":"Home","item":"https:\/\/huntingeurope.be\/fr\/"},{"@type":"ListItem","position":2,"name":"Produits","item":"https:\/\/huntingeurope.be\/fr\/shop\/"},{"@type":"ListItem","position":3,"name":"Alan Paine Combrook Tweed Baseball Cap &#8211; Thyme"}]},{"@type":"WebSite","@id":"https:\/\/huntingeurope.be\/fr\/?lang=en\/#website","url":"https:\/\/huntingeurope.be\/fr\/?lang=en\/","name":"Hunting Europe","description":"Alles voor de jacht","publisher":{"@id":"https:\/\/huntingeurope.be\/fr\/?lang=en\/#organization"},"potentialAction":[{"@type":"SearchAction","target":{"@type":"EntryPoint","urlTemplate":"https:\/\/huntingeurope.be\/fr\/?lang=en\/?s={search_term_string}"},"query-input":{"@type":"PropertyValueSpecification","valueRequired":true,"valueName":"search_term_string"}}],"inLanguage":"fr-FR"},{"@type":"Organization","@id":"https:\/\/huntingeurope.be\/fr\/?lang=en\/#organization","name":"Hunting Europe","url":"https:\/\/huntingeurope.be\/fr\/?lang=en\/","logo":{"@type":"ImageObject","inLanguage":"fr-FR","@id":"https:\/\/huntingeurope.be\/fr\/?lang=en\/#\/schema\/logo\/image\/","url":"https:\/\/huntingeurope.be\/wp-content\/uploads\/2021\/10\/Huntingeurope-1-1.png","contentUrl":"https:\/\/huntingeurope.be\/wp-content\/uploads\/2021\/10\/Huntingeurope-1-1.png","width":280,"height":179,"caption":"Hunting Europe"},"image":{"@id":"https:\/\/huntingeurope.be\/fr\/?lang=en\/#\/schema\/logo\/image\/"},"sameAs":["https:\/\/www.facebook.com\/jachtwinkel.europe\/","https:\/\/www.instagram.com\/huntingeurope\/","https:\/\/www.youtube.com\/user\/NickolaySmet\/videos?view_as=subscriber"]}]}},"df_price":69.95,"df_sale_price":"","df_regular_price":69.95,"df_image_link":"https:\/\/huntingeurope.be\/wp-content\/uploads\/2024\/10\/combrook-mens-baseball-cap-thyme-214x300.jpg","_links":{"self":[{"href":"https:\/\/huntingeurope.be\/fr\/wp-json\/wp\/v2\/product\/50948","targetHints":{"allow":["GET"]}}],"collection":[{"href":"https:\/\/huntingeurope.be\/fr\/wp-json\/wp\/v2\/product"}],"about":[{"href":"https:\/\/huntingeurope.be\/fr\/wp-json\/wp\/v2\/types\/product"}],"wp:featuredmedia":[{"embeddable":true,"href":"https:\/\/huntingeurope.be\/fr\/wp-json\/wp\/v2\/media\/50947"}],"wp:attachment":[{"href":"https:\/\/huntingeurope.be\/fr\/wp-json\/wp\/v2\/media?parent=50948"}],"wp:term":[{"taxonomy":"product_brand","embeddable":true,"href":"https:\/\/huntingeurope.be\/fr\/wp-json\/wp\/v2\/product_brand?post=50948"},{"taxonomy":"product_cat","embeddable":true,"href":"https:\/\/huntingeurope.be\/fr\/wp-json\/wp\/v2\/product_cat?post=50948"},{"taxonomy":"product_tag","embeddable":true,"href":"https:\/\/huntingeurope.be\/fr\/wp-json\/wp\/v2\/product_tag?post=50948"}],"curies":[{"name":"wp","href":"https:\/\/api.w.org\/{rel}","templated":true}]}}