{"id":50298,"date":"2024-09-26T14:44:30","date_gmt":"2024-09-26T12:44:55","guid":{"rendered":"https:\/\/huntingeurope.be\/product\/set-de-couteaux-outdoor-edge-game-pro\/"},"modified":"2024-09-26T14:44:55","modified_gmt":"2024-09-26T12:44:55","slug":"set-de-couteaux-outdoor-edge-game-pro","status":"publish","type":"product","link":"https:\/\/huntingeurope.be\/fr\/produit\/set-de-couteaux-outdoor-edge-game-pro\/","title":{"rendered":"Set de couteaux Outdoor Edge Game Pro"},"content":{"rendered":"","protected":false},"excerpt":{"rendered":"<p>Tous les outils pour g\u00e9rer les jeux comme un professionnel Les lames en acier inoxydable trait\u00e9es thermiquement garantissent un excellent tranchant Les bords sont aff\u00fbt\u00e9s \u00e0 la main Les poign\u00e9es sont faciles \u00e0 rep\u00e9rer et la texture offre une meilleure prise Les lames sont parfaitement \u00e9quilibr\u00e9es<\/p>\n","protected":false},"featured_media":50297,"template":"","meta":{"_joinchat":[]},"product_brand":[],"product_cat":[526],"product_tag":[],"class_list":{"0":"post-50298","1":"product","2":"type-product","3":"status-publish","4":"has-post-thumbnail","6":"product_cat-couteaux","8":"first","9":"instock","10":"taxable","11":"shipping-taxable","12":"purchasable","13":"product-type-simple"},"yoast_head":"<!-- This site is optimized with the Yoast SEO plugin v27.6 - https:\/\/yoast.com\/product\/yoast-seo-wordpress\/ -->\n<title>Set de couteaux Outdoor Edge Game Pro - Hunting Europe<\/title>\n<meta name=\"robots\" content=\"index, follow, max-snippet:-1, max-image-preview:large, max-video-preview:-1\" \/>\n<link rel=\"canonical\" href=\"https:\/\/huntingeurope.be\/fr\/produit\/set-de-couteaux-outdoor-edge-game-pro\/\" \/>\n<meta property=\"og:locale\" content=\"fr_FR\" \/>\n<meta property=\"og:type\" content=\"article\" \/>\n<meta property=\"og:title\" content=\"Set de couteaux Outdoor Edge Game Pro - Hunting Europe\" \/>\n<meta property=\"og:description\" content=\"Tous les outils pour g\u00e9rer les jeux comme un professionnel Les lames en acier inoxydable trait\u00e9es thermiquement garantissent un excellent tranchant Les bords sont aff\u00fbt\u00e9s \u00e0 la main Les poign\u00e9es sont faciles \u00e0 rep\u00e9rer et la texture offre une meilleure prise Les lames sont parfaitement \u00e9quilibr\u00e9es\" \/>\n<meta property=\"og:url\" content=\"https:\/\/huntingeurope.be\/fr\/produit\/set-de-couteaux-outdoor-edge-game-pro\/\" \/>\n<meta property=\"og:site_name\" content=\"Hunting Europe\" \/>\n<meta property=\"article:publisher\" content=\"https:\/\/www.facebook.com\/jachtwinkel.europe\/\" \/>\n<meta property=\"og:image\" content=\"https:\/\/huntingeurope.be\/wp-content\/uploads\/2024\/09\/outdoor-edge-knife-set-game-pro.jpg\" \/>\n\t<meta property=\"og:image:width\" content=\"600\" \/>\n\t<meta property=\"og:image:height\" content=\"600\" \/>\n\t<meta property=\"og:image:type\" content=\"image\/jpeg\" \/>\n<meta name=\"twitter:card\" content=\"summary_large_image\" \/>\n<script type=\"application\/ld+json\" class=\"yoast-schema-graph\">{\"@context\":\"https:\\\/\\\/schema.org\",\"@graph\":[{\"@type\":\"WebPage\",\"@id\":\"https:\\\/\\\/huntingeurope.be\\\/fr\\\/produit\\\/set-de-couteaux-outdoor-edge-game-pro\\\/\",\"url\":\"https:\\\/\\\/huntingeurope.be\\\/fr\\\/produit\\\/set-de-couteaux-outdoor-edge-game-pro\\\/\",\"name\":\"Set de couteaux Outdoor Edge Game Pro - Hunting Europe\",\"isPartOf\":{\"@id\":\"https:\\\/\\\/huntingeurope.be\\\/fr\\\/?lang=en\\\/#website\"},\"primaryImageOfPage\":{\"@id\":\"https:\\\/\\\/huntingeurope.be\\\/fr\\\/produit\\\/set-de-couteaux-outdoor-edge-game-pro\\\/#primaryimage\"},\"image\":{\"@id\":\"https:\\\/\\\/huntingeurope.be\\\/fr\\\/produit\\\/set-de-couteaux-outdoor-edge-game-pro\\\/#primaryimage\"},\"thumbnailUrl\":\"https:\\\/\\\/huntingeurope.be\\\/wp-content\\\/uploads\\\/2024\\\/09\\\/outdoor-edge-knife-set-game-pro.jpg\",\"datePublished\":\"2024-09-26T12:44:55+00:00\",\"breadcrumb\":{\"@id\":\"https:\\\/\\\/huntingeurope.be\\\/fr\\\/produit\\\/set-de-couteaux-outdoor-edge-game-pro\\\/#breadcrumb\"},\"inLanguage\":\"fr-FR\",\"potentialAction\":[{\"@type\":\"ReadAction\",\"target\":[\"https:\\\/\\\/huntingeurope.be\\\/fr\\\/produit\\\/set-de-couteaux-outdoor-edge-game-pro\\\/\"]}]},{\"@type\":\"ImageObject\",\"inLanguage\":\"fr-FR\",\"@id\":\"https:\\\/\\\/huntingeurope.be\\\/fr\\\/produit\\\/set-de-couteaux-outdoor-edge-game-pro\\\/#primaryimage\",\"url\":\"https:\\\/\\\/huntingeurope.be\\\/wp-content\\\/uploads\\\/2024\\\/09\\\/outdoor-edge-knife-set-game-pro.jpg\",\"contentUrl\":\"https:\\\/\\\/huntingeurope.be\\\/wp-content\\\/uploads\\\/2024\\\/09\\\/outdoor-edge-knife-set-game-pro.jpg\",\"width\":600,\"height\":600},{\"@type\":\"BreadcrumbList\",\"@id\":\"https:\\\/\\\/huntingeurope.be\\\/fr\\\/produit\\\/set-de-couteaux-outdoor-edge-game-pro\\\/#breadcrumb\",\"itemListElement\":[{\"@type\":\"ListItem\",\"position\":1,\"name\":\"Home\",\"item\":\"https:\\\/\\\/huntingeurope.be\\\/fr\\\/\"},{\"@type\":\"ListItem\",\"position\":2,\"name\":\"Produits\",\"item\":\"https:\\\/\\\/huntingeurope.be\\\/fr\\\/shop\\\/\"},{\"@type\":\"ListItem\",\"position\":3,\"name\":\"Set de couteaux Outdoor Edge Game Pro\"}]},{\"@type\":\"WebSite\",\"@id\":\"https:\\\/\\\/huntingeurope.be\\\/fr\\\/?lang=en\\\/#website\",\"url\":\"https:\\\/\\\/huntingeurope.be\\\/fr\\\/?lang=en\\\/\",\"name\":\"Hunting Europe\",\"description\":\"Alles voor de jacht\",\"publisher\":{\"@id\":\"https:\\\/\\\/huntingeurope.be\\\/fr\\\/?lang=en\\\/#organization\"},\"potentialAction\":[{\"@type\":\"SearchAction\",\"target\":{\"@type\":\"EntryPoint\",\"urlTemplate\":\"https:\\\/\\\/huntingeurope.be\\\/fr\\\/?lang=en\\\/?s={search_term_string}\"},\"query-input\":{\"@type\":\"PropertyValueSpecification\",\"valueRequired\":true,\"valueName\":\"search_term_string\"}}],\"inLanguage\":\"fr-FR\"},{\"@type\":\"Organization\",\"@id\":\"https:\\\/\\\/huntingeurope.be\\\/fr\\\/?lang=en\\\/#organization\",\"name\":\"Hunting Europe\",\"url\":\"https:\\\/\\\/huntingeurope.be\\\/fr\\\/?lang=en\\\/\",\"logo\":{\"@type\":\"ImageObject\",\"inLanguage\":\"fr-FR\",\"@id\":\"https:\\\/\\\/huntingeurope.be\\\/fr\\\/?lang=en\\\/#\\\/schema\\\/logo\\\/image\\\/\",\"url\":\"https:\\\/\\\/huntingeurope.be\\\/wp-content\\\/uploads\\\/2021\\\/10\\\/Huntingeurope-1-1.png\",\"contentUrl\":\"https:\\\/\\\/huntingeurope.be\\\/wp-content\\\/uploads\\\/2021\\\/10\\\/Huntingeurope-1-1.png\",\"width\":280,\"height\":179,\"caption\":\"Hunting Europe\"},\"image\":{\"@id\":\"https:\\\/\\\/huntingeurope.be\\\/fr\\\/?lang=en\\\/#\\\/schema\\\/logo\\\/image\\\/\"},\"sameAs\":[\"https:\\\/\\\/www.facebook.com\\\/jachtwinkel.europe\\\/\",\"https:\\\/\\\/www.instagram.com\\\/huntingeurope\\\/\",\"https:\\\/\\\/www.youtube.com\\\/user\\\/NickolaySmet\\\/videos?view_as=subscriber\"]}]}<\/script>\n<!-- \/ Yoast SEO plugin. -->","yoast_head_json":{"title":"Set de couteaux Outdoor Edge Game Pro - Hunting Europe","robots":{"index":"index","follow":"follow","max-snippet":"max-snippet:-1","max-image-preview":"max-image-preview:large","max-video-preview":"max-video-preview:-1"},"canonical":"https:\/\/huntingeurope.be\/fr\/produit\/set-de-couteaux-outdoor-edge-game-pro\/","og_locale":"fr_FR","og_type":"article","og_title":"Set de couteaux Outdoor Edge Game Pro - Hunting Europe","og_description":"Tous les outils pour g\u00e9rer les jeux comme un professionnel Les lames en acier inoxydable trait\u00e9es thermiquement garantissent un excellent tranchant Les bords sont aff\u00fbt\u00e9s \u00e0 la main Les poign\u00e9es sont faciles \u00e0 rep\u00e9rer et la texture offre une meilleure prise Les lames sont parfaitement \u00e9quilibr\u00e9es","og_url":"https:\/\/huntingeurope.be\/fr\/produit\/set-de-couteaux-outdoor-edge-game-pro\/","og_site_name":"Hunting Europe","article_publisher":"https:\/\/www.facebook.com\/jachtwinkel.europe\/","og_image":[{"width":600,"height":600,"url":"https:\/\/huntingeurope.be\/wp-content\/uploads\/2024\/09\/outdoor-edge-knife-set-game-pro.jpg","type":"image\/jpeg"}],"twitter_card":"summary_large_image","schema":{"@context":"https:\/\/schema.org","@graph":[{"@type":"WebPage","@id":"https:\/\/huntingeurope.be\/fr\/produit\/set-de-couteaux-outdoor-edge-game-pro\/","url":"https:\/\/huntingeurope.be\/fr\/produit\/set-de-couteaux-outdoor-edge-game-pro\/","name":"Set de couteaux Outdoor Edge Game Pro - Hunting Europe","isPartOf":{"@id":"https:\/\/huntingeurope.be\/fr\/?lang=en\/#website"},"primaryImageOfPage":{"@id":"https:\/\/huntingeurope.be\/fr\/produit\/set-de-couteaux-outdoor-edge-game-pro\/#primaryimage"},"image":{"@id":"https:\/\/huntingeurope.be\/fr\/produit\/set-de-couteaux-outdoor-edge-game-pro\/#primaryimage"},"thumbnailUrl":"https:\/\/huntingeurope.be\/wp-content\/uploads\/2024\/09\/outdoor-edge-knife-set-game-pro.jpg","datePublished":"2024-09-26T12:44:55+00:00","breadcrumb":{"@id":"https:\/\/huntingeurope.be\/fr\/produit\/set-de-couteaux-outdoor-edge-game-pro\/#breadcrumb"},"inLanguage":"fr-FR","potentialAction":[{"@type":"ReadAction","target":["https:\/\/huntingeurope.be\/fr\/produit\/set-de-couteaux-outdoor-edge-game-pro\/"]}]},{"@type":"ImageObject","inLanguage":"fr-FR","@id":"https:\/\/huntingeurope.be\/fr\/produit\/set-de-couteaux-outdoor-edge-game-pro\/#primaryimage","url":"https:\/\/huntingeurope.be\/wp-content\/uploads\/2024\/09\/outdoor-edge-knife-set-game-pro.jpg","contentUrl":"https:\/\/huntingeurope.be\/wp-content\/uploads\/2024\/09\/outdoor-edge-knife-set-game-pro.jpg","width":600,"height":600},{"@type":"BreadcrumbList","@id":"https:\/\/huntingeurope.be\/fr\/produit\/set-de-couteaux-outdoor-edge-game-pro\/#breadcrumb","itemListElement":[{"@type":"ListItem","position":1,"name":"Home","item":"https:\/\/huntingeurope.be\/fr\/"},{"@type":"ListItem","position":2,"name":"Produits","item":"https:\/\/huntingeurope.be\/fr\/shop\/"},{"@type":"ListItem","position":3,"name":"Set de couteaux Outdoor Edge Game Pro"}]},{"@type":"WebSite","@id":"https:\/\/huntingeurope.be\/fr\/?lang=en\/#website","url":"https:\/\/huntingeurope.be\/fr\/?lang=en\/","name":"Hunting Europe","description":"Alles voor de jacht","publisher":{"@id":"https:\/\/huntingeurope.be\/fr\/?lang=en\/#organization"},"potentialAction":[{"@type":"SearchAction","target":{"@type":"EntryPoint","urlTemplate":"https:\/\/huntingeurope.be\/fr\/?lang=en\/?s={search_term_string}"},"query-input":{"@type":"PropertyValueSpecification","valueRequired":true,"valueName":"search_term_string"}}],"inLanguage":"fr-FR"},{"@type":"Organization","@id":"https:\/\/huntingeurope.be\/fr\/?lang=en\/#organization","name":"Hunting Europe","url":"https:\/\/huntingeurope.be\/fr\/?lang=en\/","logo":{"@type":"ImageObject","inLanguage":"fr-FR","@id":"https:\/\/huntingeurope.be\/fr\/?lang=en\/#\/schema\/logo\/image\/","url":"https:\/\/huntingeurope.be\/wp-content\/uploads\/2021\/10\/Huntingeurope-1-1.png","contentUrl":"https:\/\/huntingeurope.be\/wp-content\/uploads\/2021\/10\/Huntingeurope-1-1.png","width":280,"height":179,"caption":"Hunting Europe"},"image":{"@id":"https:\/\/huntingeurope.be\/fr\/?lang=en\/#\/schema\/logo\/image\/"},"sameAs":["https:\/\/www.facebook.com\/jachtwinkel.europe\/","https:\/\/www.instagram.com\/huntingeurope\/","https:\/\/www.youtube.com\/user\/NickolaySmet\/videos?view_as=subscriber"]}]}},"df_price":117.95,"df_sale_price":"","df_regular_price":117.95,"df_image_link":"https:\/\/huntingeurope.be\/wp-content\/uploads\/2024\/09\/outdoor-edge-knife-set-game-pro-300x300.jpg","_links":{"self":[{"href":"https:\/\/huntingeurope.be\/fr\/wp-json\/wp\/v2\/product\/50298","targetHints":{"allow":["GET"]}}],"collection":[{"href":"https:\/\/huntingeurope.be\/fr\/wp-json\/wp\/v2\/product"}],"about":[{"href":"https:\/\/huntingeurope.be\/fr\/wp-json\/wp\/v2\/types\/product"}],"wp:featuredmedia":[{"embeddable":true,"href":"https:\/\/huntingeurope.be\/fr\/wp-json\/wp\/v2\/media\/50297"}],"wp:attachment":[{"href":"https:\/\/huntingeurope.be\/fr\/wp-json\/wp\/v2\/media?parent=50298"}],"wp:term":[{"taxonomy":"product_brand","embeddable":true,"href":"https:\/\/huntingeurope.be\/fr\/wp-json\/wp\/v2\/product_brand?post=50298"},{"taxonomy":"product_cat","embeddable":true,"href":"https:\/\/huntingeurope.be\/fr\/wp-json\/wp\/v2\/product_cat?post=50298"},{"taxonomy":"product_tag","embeddable":true,"href":"https:\/\/huntingeurope.be\/fr\/wp-json\/wp\/v2\/product_tag?post=50298"}],"curies":[{"name":"wp","href":"https:\/\/api.w.org\/{rel}","templated":true}]}}