{"id":48601,"date":"2024-09-12T13:01:02","date_gmt":"2024-09-12T11:01:02","guid":{"rendered":"https:\/\/huntingeurope.be\/product\/sauer-weekender-cuir\/"},"modified":"2026-02-21T16:41:41","modified_gmt":"2026-02-21T15:41:41","slug":"sauer-weekender-cuir","status":"publish","type":"product","link":"https:\/\/huntingeurope.be\/fr\/produit\/sauer-weekender-cuir\/","title":{"rendered":"SAUER Weekender cuir"},"content":{"rendered":"","protected":false},"excerpt":{"rendered":"<p>Le compagnon id\u00e9al pour votre voyage de fin de semaine &#8211; et pas seulement pour la chasse. Le weekender est fabriqu\u00e9 en cuir de veau nubuck particuli\u00e8rement \u00e9l\u00e9gant et robuste et offre un grand espace d&rsquo;environ 50 litres. L&rsquo;int\u00e9rieur est rev\u00eatu d&rsquo;une doublure en tissu de haute qualit\u00e9 et extr\u00eamement chic, dans le design individuel de Sauer. Ce sac de voyage pratique s&rsquo;ouvre par deux fermetures \u00e0 glissi\u00e8re, qui peuvent \u00eatre ferm\u00e9es par un rabat en cuir. Une bandouli\u00e8re amovible et deux boucles de transport offrent une grande flexibilit\u00e9 lors du transport de vos bagages.<\/p>\n<p>Dimensions du produit :<\/p>\n<p>Longueur : 60cm<br \/>\nLargeur : 32cm<br \/>\nHauteur : 28cm<\/p>\n","protected":false},"featured_media":48585,"template":"","meta":{"_joinchat":[]},"product_brand":[],"product_cat":[516,582],"product_tag":[842],"class_list":{"0":"post-48601","1":"product","2":"type-product","3":"status-publish","4":"has-post-thumbnail","6":"product_cat-battue-3","7":"product_cat-produits-en-cuir-de-luxe","8":"product_tag-sauer-fr","10":"first","11":"instock","12":"taxable","13":"shipping-taxable","14":"purchasable","15":"product-type-simple"},"yoast_head":"<!-- This site is optimized with the Yoast SEO plugin v27.5 - https:\/\/yoast.com\/product\/yoast-seo-wordpress\/ -->\n<title>SAUER Weekender cuir - Hunting Europe<\/title>\n<meta name=\"robots\" content=\"index, follow, max-snippet:-1, max-image-preview:large, max-video-preview:-1\" \/>\n<link rel=\"canonical\" href=\"https:\/\/huntingeurope.be\/fr\/produit\/sauer-weekender-cuir\/\" \/>\n<meta property=\"og:locale\" content=\"fr_FR\" \/>\n<meta property=\"og:type\" content=\"article\" \/>\n<meta property=\"og:title\" content=\"SAUER Weekender cuir - Hunting Europe\" \/>\n<meta property=\"og:description\" content=\"Le compagnon id\u00e9al pour votre voyage de fin de semaine - et pas seulement pour la chasse. Le weekender est fabriqu\u00e9 en cuir de veau nubuck particuli\u00e8rement \u00e9l\u00e9gant et robuste et offre un grand espace d&#039;environ 50 litres. L&#039;int\u00e9rieur est rev\u00eatu d&#039;une doublure en tissu de haute qualit\u00e9 et extr\u00eamement chic, dans le design individuel de Sauer. Ce sac de voyage pratique s&#039;ouvre par deux fermetures \u00e0 glissi\u00e8re, qui peuvent \u00eatre ferm\u00e9es par un rabat en cuir. Une bandouli\u00e8re amovible et deux boucles de transport offrent une grande flexibilit\u00e9 lors du transport de vos bagages. Dimensions du produit : Longueur : 60cm Largeur : 32cm Hauteur : 28cm\" \/>\n<meta property=\"og:url\" content=\"https:\/\/huntingeurope.be\/fr\/produit\/sauer-weekender-cuir\/\" \/>\n<meta property=\"og:site_name\" content=\"Hunting Europe\" \/>\n<meta property=\"article:publisher\" content=\"https:\/\/www.facebook.com\/jachtwinkel.europe\/\" \/>\n<meta property=\"article:modified_time\" content=\"2026-02-21T15:41:41+00:00\" \/>\n<meta property=\"og:image\" content=\"https:\/\/huntingeurope.be\/wp-content\/uploads\/2024\/09\/Sauer_Weekender.webp\" \/>\n\t<meta property=\"og:image:width\" content=\"800\" \/>\n\t<meta property=\"og:image:height\" content=\"621\" \/>\n\t<meta property=\"og:image:type\" content=\"image\/webp\" \/>\n<meta name=\"twitter:card\" content=\"summary_large_image\" \/>\n<script type=\"application\/ld+json\" class=\"yoast-schema-graph\">{\"@context\":\"https:\\\/\\\/schema.org\",\"@graph\":[{\"@type\":\"WebPage\",\"@id\":\"https:\\\/\\\/huntingeurope.be\\\/fr\\\/produit\\\/sauer-weekender-cuir\\\/\",\"url\":\"https:\\\/\\\/huntingeurope.be\\\/fr\\\/produit\\\/sauer-weekender-cuir\\\/\",\"name\":\"SAUER Weekender cuir - Hunting Europe\",\"isPartOf\":{\"@id\":\"https:\\\/\\\/huntingeurope.be\\\/fr\\\/?lang=en\\\/#website\"},\"primaryImageOfPage\":{\"@id\":\"https:\\\/\\\/huntingeurope.be\\\/fr\\\/produit\\\/sauer-weekender-cuir\\\/#primaryimage\"},\"image\":{\"@id\":\"https:\\\/\\\/huntingeurope.be\\\/fr\\\/produit\\\/sauer-weekender-cuir\\\/#primaryimage\"},\"thumbnailUrl\":\"https:\\\/\\\/huntingeurope.be\\\/wp-content\\\/uploads\\\/2024\\\/09\\\/Sauer_Weekender.webp\",\"datePublished\":\"2024-09-12T11:01:02+00:00\",\"dateModified\":\"2026-02-21T15:41:41+00:00\",\"breadcrumb\":{\"@id\":\"https:\\\/\\\/huntingeurope.be\\\/fr\\\/produit\\\/sauer-weekender-cuir\\\/#breadcrumb\"},\"inLanguage\":\"fr-FR\",\"potentialAction\":[{\"@type\":\"ReadAction\",\"target\":[\"https:\\\/\\\/huntingeurope.be\\\/fr\\\/produit\\\/sauer-weekender-cuir\\\/\"]}]},{\"@type\":\"ImageObject\",\"inLanguage\":\"fr-FR\",\"@id\":\"https:\\\/\\\/huntingeurope.be\\\/fr\\\/produit\\\/sauer-weekender-cuir\\\/#primaryimage\",\"url\":\"https:\\\/\\\/huntingeurope.be\\\/wp-content\\\/uploads\\\/2024\\\/09\\\/Sauer_Weekender.webp\",\"contentUrl\":\"https:\\\/\\\/huntingeurope.be\\\/wp-content\\\/uploads\\\/2024\\\/09\\\/Sauer_Weekender.webp\",\"width\":800,\"height\":621},{\"@type\":\"BreadcrumbList\",\"@id\":\"https:\\\/\\\/huntingeurope.be\\\/fr\\\/produit\\\/sauer-weekender-cuir\\\/#breadcrumb\",\"itemListElement\":[{\"@type\":\"ListItem\",\"position\":1,\"name\":\"Home\",\"item\":\"https:\\\/\\\/huntingeurope.be\\\/fr\\\/\"},{\"@type\":\"ListItem\",\"position\":2,\"name\":\"Produits\",\"item\":\"https:\\\/\\\/huntingeurope.be\\\/fr\\\/shop\\\/\"},{\"@type\":\"ListItem\",\"position\":3,\"name\":\"SAUER Weekender cuir\"}]},{\"@type\":\"WebSite\",\"@id\":\"https:\\\/\\\/huntingeurope.be\\\/fr\\\/?lang=en\\\/#website\",\"url\":\"https:\\\/\\\/huntingeurope.be\\\/fr\\\/?lang=en\\\/\",\"name\":\"Hunting Europe\",\"description\":\"Alles voor de jacht\",\"publisher\":{\"@id\":\"https:\\\/\\\/huntingeurope.be\\\/fr\\\/?lang=en\\\/#organization\"},\"potentialAction\":[{\"@type\":\"SearchAction\",\"target\":{\"@type\":\"EntryPoint\",\"urlTemplate\":\"https:\\\/\\\/huntingeurope.be\\\/fr\\\/?lang=en\\\/?s={search_term_string}\"},\"query-input\":{\"@type\":\"PropertyValueSpecification\",\"valueRequired\":true,\"valueName\":\"search_term_string\"}}],\"inLanguage\":\"fr-FR\"},{\"@type\":\"Organization\",\"@id\":\"https:\\\/\\\/huntingeurope.be\\\/fr\\\/?lang=en\\\/#organization\",\"name\":\"Hunting Europe\",\"url\":\"https:\\\/\\\/huntingeurope.be\\\/fr\\\/?lang=en\\\/\",\"logo\":{\"@type\":\"ImageObject\",\"inLanguage\":\"fr-FR\",\"@id\":\"https:\\\/\\\/huntingeurope.be\\\/fr\\\/?lang=en\\\/#\\\/schema\\\/logo\\\/image\\\/\",\"url\":\"https:\\\/\\\/huntingeurope.be\\\/wp-content\\\/uploads\\\/2021\\\/10\\\/Huntingeurope-1-1.png\",\"contentUrl\":\"https:\\\/\\\/huntingeurope.be\\\/wp-content\\\/uploads\\\/2021\\\/10\\\/Huntingeurope-1-1.png\",\"width\":280,\"height\":179,\"caption\":\"Hunting Europe\"},\"image\":{\"@id\":\"https:\\\/\\\/huntingeurope.be\\\/fr\\\/?lang=en\\\/#\\\/schema\\\/logo\\\/image\\\/\"},\"sameAs\":[\"https:\\\/\\\/www.facebook.com\\\/jachtwinkel.europe\\\/\",\"https:\\\/\\\/www.instagram.com\\\/huntingeurope\\\/\",\"https:\\\/\\\/www.youtube.com\\\/user\\\/NickolaySmet\\\/videos?view_as=subscriber\"]}]}<\/script>\n<!-- \/ Yoast SEO plugin. -->","yoast_head_json":{"title":"SAUER Weekender cuir - Hunting Europe","robots":{"index":"index","follow":"follow","max-snippet":"max-snippet:-1","max-image-preview":"max-image-preview:large","max-video-preview":"max-video-preview:-1"},"canonical":"https:\/\/huntingeurope.be\/fr\/produit\/sauer-weekender-cuir\/","og_locale":"fr_FR","og_type":"article","og_title":"SAUER Weekender cuir - Hunting Europe","og_description":"Le compagnon id\u00e9al pour votre voyage de fin de semaine - et pas seulement pour la chasse. Le weekender est fabriqu\u00e9 en cuir de veau nubuck particuli\u00e8rement \u00e9l\u00e9gant et robuste et offre un grand espace d'environ 50 litres. L'int\u00e9rieur est rev\u00eatu d'une doublure en tissu de haute qualit\u00e9 et extr\u00eamement chic, dans le design individuel de Sauer. Ce sac de voyage pratique s'ouvre par deux fermetures \u00e0 glissi\u00e8re, qui peuvent \u00eatre ferm\u00e9es par un rabat en cuir. Une bandouli\u00e8re amovible et deux boucles de transport offrent une grande flexibilit\u00e9 lors du transport de vos bagages. Dimensions du produit : Longueur : 60cm Largeur : 32cm Hauteur : 28cm","og_url":"https:\/\/huntingeurope.be\/fr\/produit\/sauer-weekender-cuir\/","og_site_name":"Hunting Europe","article_publisher":"https:\/\/www.facebook.com\/jachtwinkel.europe\/","article_modified_time":"2026-02-21T15:41:41+00:00","og_image":[{"width":800,"height":621,"url":"https:\/\/huntingeurope.be\/wp-content\/uploads\/2024\/09\/Sauer_Weekender.webp","type":"image\/webp"}],"twitter_card":"summary_large_image","schema":{"@context":"https:\/\/schema.org","@graph":[{"@type":"WebPage","@id":"https:\/\/huntingeurope.be\/fr\/produit\/sauer-weekender-cuir\/","url":"https:\/\/huntingeurope.be\/fr\/produit\/sauer-weekender-cuir\/","name":"SAUER Weekender cuir - Hunting Europe","isPartOf":{"@id":"https:\/\/huntingeurope.be\/fr\/?lang=en\/#website"},"primaryImageOfPage":{"@id":"https:\/\/huntingeurope.be\/fr\/produit\/sauer-weekender-cuir\/#primaryimage"},"image":{"@id":"https:\/\/huntingeurope.be\/fr\/produit\/sauer-weekender-cuir\/#primaryimage"},"thumbnailUrl":"https:\/\/huntingeurope.be\/wp-content\/uploads\/2024\/09\/Sauer_Weekender.webp","datePublished":"2024-09-12T11:01:02+00:00","dateModified":"2026-02-21T15:41:41+00:00","breadcrumb":{"@id":"https:\/\/huntingeurope.be\/fr\/produit\/sauer-weekender-cuir\/#breadcrumb"},"inLanguage":"fr-FR","potentialAction":[{"@type":"ReadAction","target":["https:\/\/huntingeurope.be\/fr\/produit\/sauer-weekender-cuir\/"]}]},{"@type":"ImageObject","inLanguage":"fr-FR","@id":"https:\/\/huntingeurope.be\/fr\/produit\/sauer-weekender-cuir\/#primaryimage","url":"https:\/\/huntingeurope.be\/wp-content\/uploads\/2024\/09\/Sauer_Weekender.webp","contentUrl":"https:\/\/huntingeurope.be\/wp-content\/uploads\/2024\/09\/Sauer_Weekender.webp","width":800,"height":621},{"@type":"BreadcrumbList","@id":"https:\/\/huntingeurope.be\/fr\/produit\/sauer-weekender-cuir\/#breadcrumb","itemListElement":[{"@type":"ListItem","position":1,"name":"Home","item":"https:\/\/huntingeurope.be\/fr\/"},{"@type":"ListItem","position":2,"name":"Produits","item":"https:\/\/huntingeurope.be\/fr\/shop\/"},{"@type":"ListItem","position":3,"name":"SAUER Weekender cuir"}]},{"@type":"WebSite","@id":"https:\/\/huntingeurope.be\/fr\/?lang=en\/#website","url":"https:\/\/huntingeurope.be\/fr\/?lang=en\/","name":"Hunting Europe","description":"Alles voor de jacht","publisher":{"@id":"https:\/\/huntingeurope.be\/fr\/?lang=en\/#organization"},"potentialAction":[{"@type":"SearchAction","target":{"@type":"EntryPoint","urlTemplate":"https:\/\/huntingeurope.be\/fr\/?lang=en\/?s={search_term_string}"},"query-input":{"@type":"PropertyValueSpecification","valueRequired":true,"valueName":"search_term_string"}}],"inLanguage":"fr-FR"},{"@type":"Organization","@id":"https:\/\/huntingeurope.be\/fr\/?lang=en\/#organization","name":"Hunting Europe","url":"https:\/\/huntingeurope.be\/fr\/?lang=en\/","logo":{"@type":"ImageObject","inLanguage":"fr-FR","@id":"https:\/\/huntingeurope.be\/fr\/?lang=en\/#\/schema\/logo\/image\/","url":"https:\/\/huntingeurope.be\/wp-content\/uploads\/2021\/10\/Huntingeurope-1-1.png","contentUrl":"https:\/\/huntingeurope.be\/wp-content\/uploads\/2021\/10\/Huntingeurope-1-1.png","width":280,"height":179,"caption":"Hunting Europe"},"image":{"@id":"https:\/\/huntingeurope.be\/fr\/?lang=en\/#\/schema\/logo\/image\/"},"sameAs":["https:\/\/www.facebook.com\/jachtwinkel.europe\/","https:\/\/www.instagram.com\/huntingeurope\/","https:\/\/www.youtube.com\/user\/NickolaySmet\/videos?view_as=subscriber"]}]}},"df_price":495,"df_sale_price":"","df_regular_price":495,"df_image_link":"https:\/\/huntingeurope.be\/wp-content\/uploads\/2024\/09\/Sauer_Weekender-300x233.webp","_links":{"self":[{"href":"https:\/\/huntingeurope.be\/fr\/wp-json\/wp\/v2\/product\/48601","targetHints":{"allow":["GET"]}}],"collection":[{"href":"https:\/\/huntingeurope.be\/fr\/wp-json\/wp\/v2\/product"}],"about":[{"href":"https:\/\/huntingeurope.be\/fr\/wp-json\/wp\/v2\/types\/product"}],"wp:featuredmedia":[{"embeddable":true,"href":"https:\/\/huntingeurope.be\/fr\/wp-json\/wp\/v2\/media\/48585"}],"wp:attachment":[{"href":"https:\/\/huntingeurope.be\/fr\/wp-json\/wp\/v2\/media?parent=48601"}],"wp:term":[{"taxonomy":"product_brand","embeddable":true,"href":"https:\/\/huntingeurope.be\/fr\/wp-json\/wp\/v2\/product_brand?post=48601"},{"taxonomy":"product_cat","embeddable":true,"href":"https:\/\/huntingeurope.be\/fr\/wp-json\/wp\/v2\/product_cat?post=48601"},{"taxonomy":"product_tag","embeddable":true,"href":"https:\/\/huntingeurope.be\/fr\/wp-json\/wp\/v2\/product_tag?post=48601"}],"curies":[{"name":"wp","href":"https:\/\/api.w.org\/{rel}","templated":true}]}}