{"id":48325,"date":"2024-09-05T20:05:49","date_gmt":"2024-09-05T18:06:19","guid":{"rendered":"https:\/\/huntingeurope.be\/product\/kenwood-baleno-gilet-de-tir-en-tweed-imprime-pour-femme-kaki\/"},"modified":"2024-09-05T20:06:19","modified_gmt":"2024-09-05T18:06:19","slug":"kenwood-baleno-gilet-de-tir-en-tweed-imprime-pour-femme-kaki","status":"publish","type":"product","link":"https:\/\/huntingeurope.be\/fr\/produit\/kenwood-baleno-gilet-de-tir-en-tweed-imprime-pour-femme-kaki\/","title":{"rendered":"Kenwood &#8211; Baleno &#8211; Gilet de tir en tweed imprim\u00e9 pour femme &#8211; Kaki"},"content":{"rendered":"","protected":false},"excerpt":{"rendered":"<p>M\u00eame si nous le disons nous-m\u00eames, l&rsquo;imprim\u00e9 tweed de cet article est superbe.<br \/>\nBeaut\u00e9 et fonctionnalit\u00e9 vont de pair avec ce v\u00eatement.<br \/>\nIl est dot\u00e9 de deux grandes poches inf\u00e9rieures \u00e0 rabat magn\u00e9tique, d&rsquo;une poche \u00e0 bouton-pression amovible et d&rsquo;une tr\u00e8s grande poche ouverte pour le jeu.<br \/>\nLongueur du dos en taille M : 66 cm.   <\/p>\n","protected":false},"featured_media":48318,"template":"","meta":{"_joinchat":[]},"product_brand":[],"product_cat":[837],"product_tag":[],"class_list":{"0":"post-48325","1":"product","2":"type-product","3":"status-publish","4":"has-post-thumbnail","6":"product_cat-femmes","8":"first","9":"instock","10":"taxable","11":"shipping-taxable","12":"purchasable","13":"product-type-variable"},"yoast_head":"<!-- This site is optimized with the Yoast SEO plugin v27.4 - https:\/\/yoast.com\/product\/yoast-seo-wordpress\/ -->\n<title>Kenwood - Baleno - Gilet de tir en tweed imprim\u00e9 pour femme - Kaki - Hunting Europe<\/title>\n<meta name=\"robots\" content=\"index, follow, max-snippet:-1, max-image-preview:large, max-video-preview:-1\" \/>\n<link rel=\"canonical\" href=\"https:\/\/huntingeurope.be\/fr\/produit\/kenwood-baleno-gilet-de-tir-en-tweed-imprime-pour-femme-kaki\/\" \/>\n<meta property=\"og:locale\" content=\"fr_FR\" \/>\n<meta property=\"og:type\" content=\"article\" \/>\n<meta property=\"og:title\" content=\"Kenwood - Baleno - Gilet de tir en tweed imprim\u00e9 pour femme - Kaki - Hunting Europe\" \/>\n<meta property=\"og:description\" content=\"M\u00eame si nous le disons nous-m\u00eames, l&#039;imprim\u00e9 tweed de cet article est superbe. Beaut\u00e9 et fonctionnalit\u00e9 vont de pair avec ce v\u00eatement. Il est dot\u00e9 de deux grandes poches inf\u00e9rieures \u00e0 rabat magn\u00e9tique, d&#039;une poche \u00e0 bouton-pression amovible et d&#039;une tr\u00e8s grande poche ouverte pour le jeu. Longueur du dos en taille M : 66 cm.\" \/>\n<meta property=\"og:url\" content=\"https:\/\/huntingeurope.be\/fr\/produit\/kenwood-baleno-gilet-de-tir-en-tweed-imprime-pour-femme-kaki\/\" \/>\n<meta property=\"og:site_name\" content=\"Hunting Europe\" \/>\n<meta property=\"article:publisher\" content=\"https:\/\/www.facebook.com\/jachtwinkel.europe\/\" \/>\n<meta property=\"og:image\" content=\"https:\/\/huntingeurope.be\/wp-content\/uploads\/2024\/09\/Kenwood-khaki.png\" \/>\n\t<meta property=\"og:image:width\" content=\"507\" \/>\n\t<meta property=\"og:image:height\" content=\"760\" \/>\n\t<meta property=\"og:image:type\" content=\"image\/png\" \/>\n<meta name=\"twitter:card\" content=\"summary_large_image\" \/>\n<script type=\"application\/ld+json\" class=\"yoast-schema-graph\">{\"@context\":\"https:\\\/\\\/schema.org\",\"@graph\":[{\"@type\":\"WebPage\",\"@id\":\"https:\\\/\\\/huntingeurope.be\\\/fr\\\/produit\\\/kenwood-baleno-gilet-de-tir-en-tweed-imprime-pour-femme-kaki\\\/\",\"url\":\"https:\\\/\\\/huntingeurope.be\\\/fr\\\/produit\\\/kenwood-baleno-gilet-de-tir-en-tweed-imprime-pour-femme-kaki\\\/\",\"name\":\"Kenwood - Baleno - Gilet de tir en tweed imprim\u00e9 pour femme - Kaki - Hunting Europe\",\"isPartOf\":{\"@id\":\"https:\\\/\\\/huntingeurope.be\\\/fr\\\/?lang=en\\\/#website\"},\"primaryImageOfPage\":{\"@id\":\"https:\\\/\\\/huntingeurope.be\\\/fr\\\/produit\\\/kenwood-baleno-gilet-de-tir-en-tweed-imprime-pour-femme-kaki\\\/#primaryimage\"},\"image\":{\"@id\":\"https:\\\/\\\/huntingeurope.be\\\/fr\\\/produit\\\/kenwood-baleno-gilet-de-tir-en-tweed-imprime-pour-femme-kaki\\\/#primaryimage\"},\"thumbnailUrl\":\"https:\\\/\\\/huntingeurope.be\\\/wp-content\\\/uploads\\\/2024\\\/09\\\/Kenwood-khaki.png\",\"datePublished\":\"2024-09-05T18:06:19+00:00\",\"breadcrumb\":{\"@id\":\"https:\\\/\\\/huntingeurope.be\\\/fr\\\/produit\\\/kenwood-baleno-gilet-de-tir-en-tweed-imprime-pour-femme-kaki\\\/#breadcrumb\"},\"inLanguage\":\"fr-FR\",\"potentialAction\":[{\"@type\":\"ReadAction\",\"target\":[\"https:\\\/\\\/huntingeurope.be\\\/fr\\\/produit\\\/kenwood-baleno-gilet-de-tir-en-tweed-imprime-pour-femme-kaki\\\/\"]}]},{\"@type\":\"ImageObject\",\"inLanguage\":\"fr-FR\",\"@id\":\"https:\\\/\\\/huntingeurope.be\\\/fr\\\/produit\\\/kenwood-baleno-gilet-de-tir-en-tweed-imprime-pour-femme-kaki\\\/#primaryimage\",\"url\":\"https:\\\/\\\/huntingeurope.be\\\/wp-content\\\/uploads\\\/2024\\\/09\\\/Kenwood-khaki.png\",\"contentUrl\":\"https:\\\/\\\/huntingeurope.be\\\/wp-content\\\/uploads\\\/2024\\\/09\\\/Kenwood-khaki.png\",\"width\":507,\"height\":760},{\"@type\":\"BreadcrumbList\",\"@id\":\"https:\\\/\\\/huntingeurope.be\\\/fr\\\/produit\\\/kenwood-baleno-gilet-de-tir-en-tweed-imprime-pour-femme-kaki\\\/#breadcrumb\",\"itemListElement\":[{\"@type\":\"ListItem\",\"position\":1,\"name\":\"Home\",\"item\":\"https:\\\/\\\/huntingeurope.be\\\/fr\\\/\"},{\"@type\":\"ListItem\",\"position\":2,\"name\":\"Produits\",\"item\":\"https:\\\/\\\/huntingeurope.be\\\/fr\\\/shop\\\/\"},{\"@type\":\"ListItem\",\"position\":3,\"name\":\"Kenwood &#8211; Baleno &#8211; Gilet de tir en tweed imprim\u00e9 pour femme &#8211; Kaki\"}]},{\"@type\":\"WebSite\",\"@id\":\"https:\\\/\\\/huntingeurope.be\\\/fr\\\/?lang=en\\\/#website\",\"url\":\"https:\\\/\\\/huntingeurope.be\\\/fr\\\/?lang=en\\\/\",\"name\":\"Hunting Europe\",\"description\":\"Alles voor de jacht\",\"publisher\":{\"@id\":\"https:\\\/\\\/huntingeurope.be\\\/fr\\\/?lang=en\\\/#organization\"},\"potentialAction\":[{\"@type\":\"SearchAction\",\"target\":{\"@type\":\"EntryPoint\",\"urlTemplate\":\"https:\\\/\\\/huntingeurope.be\\\/fr\\\/?lang=en\\\/?s={search_term_string}\"},\"query-input\":{\"@type\":\"PropertyValueSpecification\",\"valueRequired\":true,\"valueName\":\"search_term_string\"}}],\"inLanguage\":\"fr-FR\"},{\"@type\":\"Organization\",\"@id\":\"https:\\\/\\\/huntingeurope.be\\\/fr\\\/?lang=en\\\/#organization\",\"name\":\"Hunting Europe\",\"url\":\"https:\\\/\\\/huntingeurope.be\\\/fr\\\/?lang=en\\\/\",\"logo\":{\"@type\":\"ImageObject\",\"inLanguage\":\"fr-FR\",\"@id\":\"https:\\\/\\\/huntingeurope.be\\\/fr\\\/?lang=en\\\/#\\\/schema\\\/logo\\\/image\\\/\",\"url\":\"https:\\\/\\\/huntingeurope.be\\\/wp-content\\\/uploads\\\/2021\\\/10\\\/Huntingeurope-1-1.png\",\"contentUrl\":\"https:\\\/\\\/huntingeurope.be\\\/wp-content\\\/uploads\\\/2021\\\/10\\\/Huntingeurope-1-1.png\",\"width\":280,\"height\":179,\"caption\":\"Hunting Europe\"},\"image\":{\"@id\":\"https:\\\/\\\/huntingeurope.be\\\/fr\\\/?lang=en\\\/#\\\/schema\\\/logo\\\/image\\\/\"},\"sameAs\":[\"https:\\\/\\\/www.facebook.com\\\/jachtwinkel.europe\\\/\",\"https:\\\/\\\/www.instagram.com\\\/huntingeurope\\\/\",\"https:\\\/\\\/www.youtube.com\\\/user\\\/NickolaySmet\\\/videos?view_as=subscriber\"]}]}<\/script>\n<!-- \/ Yoast SEO plugin. -->","yoast_head_json":{"title":"Kenwood - Baleno - Gilet de tir en tweed imprim\u00e9 pour femme - Kaki - Hunting Europe","robots":{"index":"index","follow":"follow","max-snippet":"max-snippet:-1","max-image-preview":"max-image-preview:large","max-video-preview":"max-video-preview:-1"},"canonical":"https:\/\/huntingeurope.be\/fr\/produit\/kenwood-baleno-gilet-de-tir-en-tweed-imprime-pour-femme-kaki\/","og_locale":"fr_FR","og_type":"article","og_title":"Kenwood - Baleno - Gilet de tir en tweed imprim\u00e9 pour femme - Kaki - Hunting Europe","og_description":"M\u00eame si nous le disons nous-m\u00eames, l'imprim\u00e9 tweed de cet article est superbe. Beaut\u00e9 et fonctionnalit\u00e9 vont de pair avec ce v\u00eatement. Il est dot\u00e9 de deux grandes poches inf\u00e9rieures \u00e0 rabat magn\u00e9tique, d'une poche \u00e0 bouton-pression amovible et d'une tr\u00e8s grande poche ouverte pour le jeu. Longueur du dos en taille M : 66 cm.","og_url":"https:\/\/huntingeurope.be\/fr\/produit\/kenwood-baleno-gilet-de-tir-en-tweed-imprime-pour-femme-kaki\/","og_site_name":"Hunting Europe","article_publisher":"https:\/\/www.facebook.com\/jachtwinkel.europe\/","og_image":[{"width":507,"height":760,"url":"https:\/\/huntingeurope.be\/wp-content\/uploads\/2024\/09\/Kenwood-khaki.png","type":"image\/png"}],"twitter_card":"summary_large_image","schema":{"@context":"https:\/\/schema.org","@graph":[{"@type":"WebPage","@id":"https:\/\/huntingeurope.be\/fr\/produit\/kenwood-baleno-gilet-de-tir-en-tweed-imprime-pour-femme-kaki\/","url":"https:\/\/huntingeurope.be\/fr\/produit\/kenwood-baleno-gilet-de-tir-en-tweed-imprime-pour-femme-kaki\/","name":"Kenwood - Baleno - Gilet de tir en tweed imprim\u00e9 pour femme - Kaki - Hunting Europe","isPartOf":{"@id":"https:\/\/huntingeurope.be\/fr\/?lang=en\/#website"},"primaryImageOfPage":{"@id":"https:\/\/huntingeurope.be\/fr\/produit\/kenwood-baleno-gilet-de-tir-en-tweed-imprime-pour-femme-kaki\/#primaryimage"},"image":{"@id":"https:\/\/huntingeurope.be\/fr\/produit\/kenwood-baleno-gilet-de-tir-en-tweed-imprime-pour-femme-kaki\/#primaryimage"},"thumbnailUrl":"https:\/\/huntingeurope.be\/wp-content\/uploads\/2024\/09\/Kenwood-khaki.png","datePublished":"2024-09-05T18:06:19+00:00","breadcrumb":{"@id":"https:\/\/huntingeurope.be\/fr\/produit\/kenwood-baleno-gilet-de-tir-en-tweed-imprime-pour-femme-kaki\/#breadcrumb"},"inLanguage":"fr-FR","potentialAction":[{"@type":"ReadAction","target":["https:\/\/huntingeurope.be\/fr\/produit\/kenwood-baleno-gilet-de-tir-en-tweed-imprime-pour-femme-kaki\/"]}]},{"@type":"ImageObject","inLanguage":"fr-FR","@id":"https:\/\/huntingeurope.be\/fr\/produit\/kenwood-baleno-gilet-de-tir-en-tweed-imprime-pour-femme-kaki\/#primaryimage","url":"https:\/\/huntingeurope.be\/wp-content\/uploads\/2024\/09\/Kenwood-khaki.png","contentUrl":"https:\/\/huntingeurope.be\/wp-content\/uploads\/2024\/09\/Kenwood-khaki.png","width":507,"height":760},{"@type":"BreadcrumbList","@id":"https:\/\/huntingeurope.be\/fr\/produit\/kenwood-baleno-gilet-de-tir-en-tweed-imprime-pour-femme-kaki\/#breadcrumb","itemListElement":[{"@type":"ListItem","position":1,"name":"Home","item":"https:\/\/huntingeurope.be\/fr\/"},{"@type":"ListItem","position":2,"name":"Produits","item":"https:\/\/huntingeurope.be\/fr\/shop\/"},{"@type":"ListItem","position":3,"name":"Kenwood &#8211; Baleno &#8211; Gilet de tir en tweed imprim\u00e9 pour femme &#8211; Kaki"}]},{"@type":"WebSite","@id":"https:\/\/huntingeurope.be\/fr\/?lang=en\/#website","url":"https:\/\/huntingeurope.be\/fr\/?lang=en\/","name":"Hunting Europe","description":"Alles voor de jacht","publisher":{"@id":"https:\/\/huntingeurope.be\/fr\/?lang=en\/#organization"},"potentialAction":[{"@type":"SearchAction","target":{"@type":"EntryPoint","urlTemplate":"https:\/\/huntingeurope.be\/fr\/?lang=en\/?s={search_term_string}"},"query-input":{"@type":"PropertyValueSpecification","valueRequired":true,"valueName":"search_term_string"}}],"inLanguage":"fr-FR"},{"@type":"Organization","@id":"https:\/\/huntingeurope.be\/fr\/?lang=en\/#organization","name":"Hunting Europe","url":"https:\/\/huntingeurope.be\/fr\/?lang=en\/","logo":{"@type":"ImageObject","inLanguage":"fr-FR","@id":"https:\/\/huntingeurope.be\/fr\/?lang=en\/#\/schema\/logo\/image\/","url":"https:\/\/huntingeurope.be\/wp-content\/uploads\/2021\/10\/Huntingeurope-1-1.png","contentUrl":"https:\/\/huntingeurope.be\/wp-content\/uploads\/2021\/10\/Huntingeurope-1-1.png","width":280,"height":179,"caption":"Hunting Europe"},"image":{"@id":"https:\/\/huntingeurope.be\/fr\/?lang=en\/#\/schema\/logo\/image\/"},"sameAs":["https:\/\/www.facebook.com\/jachtwinkel.europe\/","https:\/\/www.instagram.com\/huntingeurope\/","https:\/\/www.youtube.com\/user\/NickolaySmet\/videos?view_as=subscriber"]}]}},"df_price":145,"df_sale_price":"","df_regular_price":145,"df_image_link":"https:\/\/huntingeurope.be\/wp-content\/uploads\/2024\/09\/Kenwood-khaki-200x300.png","_links":{"self":[{"href":"https:\/\/huntingeurope.be\/fr\/wp-json\/wp\/v2\/product\/48325","targetHints":{"allow":["GET"]}}],"collection":[{"href":"https:\/\/huntingeurope.be\/fr\/wp-json\/wp\/v2\/product"}],"about":[{"href":"https:\/\/huntingeurope.be\/fr\/wp-json\/wp\/v2\/types\/product"}],"wp:featuredmedia":[{"embeddable":true,"href":"https:\/\/huntingeurope.be\/fr\/wp-json\/wp\/v2\/media\/48318"}],"wp:attachment":[{"href":"https:\/\/huntingeurope.be\/fr\/wp-json\/wp\/v2\/media?parent=48325"}],"wp:term":[{"taxonomy":"product_brand","embeddable":true,"href":"https:\/\/huntingeurope.be\/fr\/wp-json\/wp\/v2\/product_brand?post=48325"},{"taxonomy":"product_cat","embeddable":true,"href":"https:\/\/huntingeurope.be\/fr\/wp-json\/wp\/v2\/product_cat?post=48325"},{"taxonomy":"product_tag","embeddable":true,"href":"https:\/\/huntingeurope.be\/fr\/wp-json\/wp\/v2\/product_tag?post=48325"}],"curies":[{"name":"wp","href":"https:\/\/api.w.org\/{rel}","templated":true}]}}