{"id":48223,"date":"2024-09-05T18:54:18","date_gmt":"2024-09-05T16:54:18","guid":{"rendered":"https:\/\/huntingeurope.be\/product\/halifax-veste-matelassee-moderne-pour-femmes\/"},"modified":"2026-01-14T14:58:58","modified_gmt":"2026-01-14T13:58:58","slug":"halifax-veste-matelassee-moderne-pour-femmes","status":"publish","type":"product","link":"https:\/\/huntingeurope.be\/fr\/produit\/halifax-veste-matelassee-moderne-pour-femmes\/","title":{"rendered":"Halifax Veste matelass\u00e9e moderne pour femmes"},"content":{"rendered":"","protected":false},"excerpt":{"rendered":"<p>Suite au succ\u00e8s de notre Hepburn, nous avons con\u00e7u une nouvelle veste matelass\u00e9e \u00e0 la mode, avec des touches d&rsquo;imprim\u00e9 tweed. La Halifax est fabriqu\u00e9e dans le m\u00eame tissu subtil bicolore, doux et imperm\u00e9able. Le bas du dos est muni de boutons-pression pour plus de confort. Les poignets sont munis de sangles r\u00e9glables.   <\/p>\n","protected":false},"featured_media":48165,"template":"","meta":{"_joinchat":[]},"product_brand":[],"product_cat":[837],"product_tag":[],"class_list":{"0":"post-48223","1":"product","2":"type-product","3":"status-publish","4":"has-post-thumbnail","6":"product_cat-femmes","8":"first","9":"instock","10":"taxable","11":"shipping-taxable","12":"purchasable","13":"product-type-variable"},"yoast_head":"<!-- This site is optimized with the Yoast SEO plugin v27.6 - https:\/\/yoast.com\/product\/yoast-seo-wordpress\/ -->\n<title>Halifax Veste matelass\u00e9e moderne pour femmes - Hunting Europe<\/title>\n<meta name=\"robots\" content=\"index, follow, max-snippet:-1, max-image-preview:large, max-video-preview:-1\" \/>\n<link rel=\"canonical\" href=\"https:\/\/huntingeurope.be\/fr\/produit\/halifax-veste-matelassee-moderne-pour-femmes\/\" \/>\n<meta property=\"og:locale\" content=\"fr_FR\" \/>\n<meta property=\"og:type\" content=\"article\" \/>\n<meta property=\"og:title\" content=\"Halifax Veste matelass\u00e9e moderne pour femmes - Hunting Europe\" \/>\n<meta property=\"og:description\" content=\"Suite au succ\u00e8s de notre Hepburn, nous avons con\u00e7u une nouvelle veste matelass\u00e9e \u00e0 la mode, avec des touches d&#039;imprim\u00e9 tweed. La Halifax est fabriqu\u00e9e dans le m\u00eame tissu subtil bicolore, doux et imperm\u00e9able. Le bas du dos est muni de boutons-pression pour plus de confort. Les poignets sont munis de sangles r\u00e9glables.\" \/>\n<meta property=\"og:url\" content=\"https:\/\/huntingeurope.be\/fr\/produit\/halifax-veste-matelassee-moderne-pour-femmes\/\" \/>\n<meta property=\"og:site_name\" content=\"Hunting Europe\" \/>\n<meta property=\"article:publisher\" content=\"https:\/\/www.facebook.com\/jachtwinkel.europe\/\" \/>\n<meta property=\"article:modified_time\" content=\"2026-01-14T13:58:58+00:00\" \/>\n<meta property=\"og:image\" content=\"https:\/\/huntingeurope.be\/wp-content\/uploads\/2024\/09\/Halifax-dames-baleno-683x1024.png\" \/>\n\t<meta property=\"og:image:width\" content=\"683\" \/>\n\t<meta property=\"og:image:height\" content=\"1024\" \/>\n\t<meta property=\"og:image:type\" content=\"image\/png\" \/>\n<meta name=\"twitter:card\" content=\"summary_large_image\" \/>\n<script type=\"application\/ld+json\" class=\"yoast-schema-graph\">{\"@context\":\"https:\\\/\\\/schema.org\",\"@graph\":[{\"@type\":\"WebPage\",\"@id\":\"https:\\\/\\\/huntingeurope.be\\\/fr\\\/produit\\\/halifax-veste-matelassee-moderne-pour-femmes\\\/\",\"url\":\"https:\\\/\\\/huntingeurope.be\\\/fr\\\/produit\\\/halifax-veste-matelassee-moderne-pour-femmes\\\/\",\"name\":\"Halifax Veste matelass\u00e9e moderne pour femmes - Hunting Europe\",\"isPartOf\":{\"@id\":\"https:\\\/\\\/huntingeurope.be\\\/fr\\\/?lang=en\\\/#website\"},\"primaryImageOfPage\":{\"@id\":\"https:\\\/\\\/huntingeurope.be\\\/fr\\\/produit\\\/halifax-veste-matelassee-moderne-pour-femmes\\\/#primaryimage\"},\"image\":{\"@id\":\"https:\\\/\\\/huntingeurope.be\\\/fr\\\/produit\\\/halifax-veste-matelassee-moderne-pour-femmes\\\/#primaryimage\"},\"thumbnailUrl\":\"https:\\\/\\\/huntingeurope.be\\\/wp-content\\\/uploads\\\/2024\\\/09\\\/Halifax-dames-baleno.png\",\"datePublished\":\"2024-09-05T16:54:18+00:00\",\"dateModified\":\"2026-01-14T13:58:58+00:00\",\"breadcrumb\":{\"@id\":\"https:\\\/\\\/huntingeurope.be\\\/fr\\\/produit\\\/halifax-veste-matelassee-moderne-pour-femmes\\\/#breadcrumb\"},\"inLanguage\":\"fr-FR\",\"potentialAction\":[{\"@type\":\"ReadAction\",\"target\":[\"https:\\\/\\\/huntingeurope.be\\\/fr\\\/produit\\\/halifax-veste-matelassee-moderne-pour-femmes\\\/\"]}]},{\"@type\":\"ImageObject\",\"inLanguage\":\"fr-FR\",\"@id\":\"https:\\\/\\\/huntingeurope.be\\\/fr\\\/produit\\\/halifax-veste-matelassee-moderne-pour-femmes\\\/#primaryimage\",\"url\":\"https:\\\/\\\/huntingeurope.be\\\/wp-content\\\/uploads\\\/2024\\\/09\\\/Halifax-dames-baleno.png\",\"contentUrl\":\"https:\\\/\\\/huntingeurope.be\\\/wp-content\\\/uploads\\\/2024\\\/09\\\/Halifax-dames-baleno.png\",\"width\":1417,\"height\":2126},{\"@type\":\"BreadcrumbList\",\"@id\":\"https:\\\/\\\/huntingeurope.be\\\/fr\\\/produit\\\/halifax-veste-matelassee-moderne-pour-femmes\\\/#breadcrumb\",\"itemListElement\":[{\"@type\":\"ListItem\",\"position\":1,\"name\":\"Home\",\"item\":\"https:\\\/\\\/huntingeurope.be\\\/fr\\\/\"},{\"@type\":\"ListItem\",\"position\":2,\"name\":\"Produits\",\"item\":\"https:\\\/\\\/huntingeurope.be\\\/fr\\\/shop\\\/\"},{\"@type\":\"ListItem\",\"position\":3,\"name\":\"Halifax Veste matelass\u00e9e moderne pour femmes\"}]},{\"@type\":\"WebSite\",\"@id\":\"https:\\\/\\\/huntingeurope.be\\\/fr\\\/?lang=en\\\/#website\",\"url\":\"https:\\\/\\\/huntingeurope.be\\\/fr\\\/?lang=en\\\/\",\"name\":\"Hunting Europe\",\"description\":\"Alles voor de jacht\",\"publisher\":{\"@id\":\"https:\\\/\\\/huntingeurope.be\\\/fr\\\/?lang=en\\\/#organization\"},\"potentialAction\":[{\"@type\":\"SearchAction\",\"target\":{\"@type\":\"EntryPoint\",\"urlTemplate\":\"https:\\\/\\\/huntingeurope.be\\\/fr\\\/?lang=en\\\/?s={search_term_string}\"},\"query-input\":{\"@type\":\"PropertyValueSpecification\",\"valueRequired\":true,\"valueName\":\"search_term_string\"}}],\"inLanguage\":\"fr-FR\"},{\"@type\":\"Organization\",\"@id\":\"https:\\\/\\\/huntingeurope.be\\\/fr\\\/?lang=en\\\/#organization\",\"name\":\"Hunting Europe\",\"url\":\"https:\\\/\\\/huntingeurope.be\\\/fr\\\/?lang=en\\\/\",\"logo\":{\"@type\":\"ImageObject\",\"inLanguage\":\"fr-FR\",\"@id\":\"https:\\\/\\\/huntingeurope.be\\\/fr\\\/?lang=en\\\/#\\\/schema\\\/logo\\\/image\\\/\",\"url\":\"https:\\\/\\\/huntingeurope.be\\\/wp-content\\\/uploads\\\/2021\\\/10\\\/Huntingeurope-1-1.png\",\"contentUrl\":\"https:\\\/\\\/huntingeurope.be\\\/wp-content\\\/uploads\\\/2021\\\/10\\\/Huntingeurope-1-1.png\",\"width\":280,\"height\":179,\"caption\":\"Hunting Europe\"},\"image\":{\"@id\":\"https:\\\/\\\/huntingeurope.be\\\/fr\\\/?lang=en\\\/#\\\/schema\\\/logo\\\/image\\\/\"},\"sameAs\":[\"https:\\\/\\\/www.facebook.com\\\/jachtwinkel.europe\\\/\",\"https:\\\/\\\/www.instagram.com\\\/huntingeurope\\\/\",\"https:\\\/\\\/www.youtube.com\\\/user\\\/NickolaySmet\\\/videos?view_as=subscriber\"]}]}<\/script>\n<!-- \/ Yoast SEO plugin. -->","yoast_head_json":{"title":"Halifax Veste matelass\u00e9e moderne pour femmes - Hunting Europe","robots":{"index":"index","follow":"follow","max-snippet":"max-snippet:-1","max-image-preview":"max-image-preview:large","max-video-preview":"max-video-preview:-1"},"canonical":"https:\/\/huntingeurope.be\/fr\/produit\/halifax-veste-matelassee-moderne-pour-femmes\/","og_locale":"fr_FR","og_type":"article","og_title":"Halifax Veste matelass\u00e9e moderne pour femmes - Hunting Europe","og_description":"Suite au succ\u00e8s de notre Hepburn, nous avons con\u00e7u une nouvelle veste matelass\u00e9e \u00e0 la mode, avec des touches d'imprim\u00e9 tweed. La Halifax est fabriqu\u00e9e dans le m\u00eame tissu subtil bicolore, doux et imperm\u00e9able. Le bas du dos est muni de boutons-pression pour plus de confort. Les poignets sont munis de sangles r\u00e9glables.","og_url":"https:\/\/huntingeurope.be\/fr\/produit\/halifax-veste-matelassee-moderne-pour-femmes\/","og_site_name":"Hunting Europe","article_publisher":"https:\/\/www.facebook.com\/jachtwinkel.europe\/","article_modified_time":"2026-01-14T13:58:58+00:00","og_image":[{"width":683,"height":1024,"url":"https:\/\/huntingeurope.be\/wp-content\/uploads\/2024\/09\/Halifax-dames-baleno-683x1024.png","type":"image\/png"}],"twitter_card":"summary_large_image","schema":{"@context":"https:\/\/schema.org","@graph":[{"@type":"WebPage","@id":"https:\/\/huntingeurope.be\/fr\/produit\/halifax-veste-matelassee-moderne-pour-femmes\/","url":"https:\/\/huntingeurope.be\/fr\/produit\/halifax-veste-matelassee-moderne-pour-femmes\/","name":"Halifax Veste matelass\u00e9e moderne pour femmes - Hunting Europe","isPartOf":{"@id":"https:\/\/huntingeurope.be\/fr\/?lang=en\/#website"},"primaryImageOfPage":{"@id":"https:\/\/huntingeurope.be\/fr\/produit\/halifax-veste-matelassee-moderne-pour-femmes\/#primaryimage"},"image":{"@id":"https:\/\/huntingeurope.be\/fr\/produit\/halifax-veste-matelassee-moderne-pour-femmes\/#primaryimage"},"thumbnailUrl":"https:\/\/huntingeurope.be\/wp-content\/uploads\/2024\/09\/Halifax-dames-baleno.png","datePublished":"2024-09-05T16:54:18+00:00","dateModified":"2026-01-14T13:58:58+00:00","breadcrumb":{"@id":"https:\/\/huntingeurope.be\/fr\/produit\/halifax-veste-matelassee-moderne-pour-femmes\/#breadcrumb"},"inLanguage":"fr-FR","potentialAction":[{"@type":"ReadAction","target":["https:\/\/huntingeurope.be\/fr\/produit\/halifax-veste-matelassee-moderne-pour-femmes\/"]}]},{"@type":"ImageObject","inLanguage":"fr-FR","@id":"https:\/\/huntingeurope.be\/fr\/produit\/halifax-veste-matelassee-moderne-pour-femmes\/#primaryimage","url":"https:\/\/huntingeurope.be\/wp-content\/uploads\/2024\/09\/Halifax-dames-baleno.png","contentUrl":"https:\/\/huntingeurope.be\/wp-content\/uploads\/2024\/09\/Halifax-dames-baleno.png","width":1417,"height":2126},{"@type":"BreadcrumbList","@id":"https:\/\/huntingeurope.be\/fr\/produit\/halifax-veste-matelassee-moderne-pour-femmes\/#breadcrumb","itemListElement":[{"@type":"ListItem","position":1,"name":"Home","item":"https:\/\/huntingeurope.be\/fr\/"},{"@type":"ListItem","position":2,"name":"Produits","item":"https:\/\/huntingeurope.be\/fr\/shop\/"},{"@type":"ListItem","position":3,"name":"Halifax Veste matelass\u00e9e moderne pour femmes"}]},{"@type":"WebSite","@id":"https:\/\/huntingeurope.be\/fr\/?lang=en\/#website","url":"https:\/\/huntingeurope.be\/fr\/?lang=en\/","name":"Hunting Europe","description":"Alles voor de jacht","publisher":{"@id":"https:\/\/huntingeurope.be\/fr\/?lang=en\/#organization"},"potentialAction":[{"@type":"SearchAction","target":{"@type":"EntryPoint","urlTemplate":"https:\/\/huntingeurope.be\/fr\/?lang=en\/?s={search_term_string}"},"query-input":{"@type":"PropertyValueSpecification","valueRequired":true,"valueName":"search_term_string"}}],"inLanguage":"fr-FR"},{"@type":"Organization","@id":"https:\/\/huntingeurope.be\/fr\/?lang=en\/#organization","name":"Hunting Europe","url":"https:\/\/huntingeurope.be\/fr\/?lang=en\/","logo":{"@type":"ImageObject","inLanguage":"fr-FR","@id":"https:\/\/huntingeurope.be\/fr\/?lang=en\/#\/schema\/logo\/image\/","url":"https:\/\/huntingeurope.be\/wp-content\/uploads\/2021\/10\/Huntingeurope-1-1.png","contentUrl":"https:\/\/huntingeurope.be\/wp-content\/uploads\/2021\/10\/Huntingeurope-1-1.png","width":280,"height":179,"caption":"Hunting Europe"},"image":{"@id":"https:\/\/huntingeurope.be\/fr\/?lang=en\/#\/schema\/logo\/image\/"},"sameAs":["https:\/\/www.facebook.com\/jachtwinkel.europe\/","https:\/\/www.instagram.com\/huntingeurope\/","https:\/\/www.youtube.com\/user\/NickolaySmet\/videos?view_as=subscriber"]}]}},"df_price":170,"df_sale_price":"","df_regular_price":170,"df_image_link":"https:\/\/huntingeurope.be\/wp-content\/uploads\/2024\/09\/Halifax-dames-baleno-200x300.png","_links":{"self":[{"href":"https:\/\/huntingeurope.be\/fr\/wp-json\/wp\/v2\/product\/48223","targetHints":{"allow":["GET"]}}],"collection":[{"href":"https:\/\/huntingeurope.be\/fr\/wp-json\/wp\/v2\/product"}],"about":[{"href":"https:\/\/huntingeurope.be\/fr\/wp-json\/wp\/v2\/types\/product"}],"wp:featuredmedia":[{"embeddable":true,"href":"https:\/\/huntingeurope.be\/fr\/wp-json\/wp\/v2\/media\/48165"}],"wp:attachment":[{"href":"https:\/\/huntingeurope.be\/fr\/wp-json\/wp\/v2\/media?parent=48223"}],"wp:term":[{"taxonomy":"product_brand","embeddable":true,"href":"https:\/\/huntingeurope.be\/fr\/wp-json\/wp\/v2\/product_brand?post=48223"},{"taxonomy":"product_cat","embeddable":true,"href":"https:\/\/huntingeurope.be\/fr\/wp-json\/wp\/v2\/product_cat?post=48223"},{"taxonomy":"product_tag","embeddable":true,"href":"https:\/\/huntingeurope.be\/fr\/wp-json\/wp\/v2\/product_tag?post=48223"}],"curies":[{"name":"wp","href":"https:\/\/api.w.org\/{rel}","templated":true}]}}