{"id":47971,"date":"2023-12-27T11:29:30","date_gmt":"2023-12-27T10:29:30","guid":{"rendered":"https:\/\/huntingeurope.be\/product\/overbroek-keiler\/"},"modified":"2026-01-03T15:51:39","modified_gmt":"2026-01-03T14:51:39","slug":"overbroek-keiler","status":"publish","type":"product","link":"https:\/\/huntingeurope.be\/fr\/produit\/overbroek-keiler\/","title":{"rendered":"Overbroek Keiler"},"content":{"rendered":"","protected":false},"excerpt":{"rendered":"<p>Description d\u00e9taill\u00e9e du produit : Short d&rsquo;approche ProHunt Keiler &#8211; ProHunt<br \/>\nShort d&rsquo;approche ProHunt Keiler :<\/p>\n<p>&#8211; 100% polyester Cordura tr\u00e8s haute r\u00e9sistance avec renforts Armortex<br \/>\n&#8211; Tissus enduits de polyur\u00e9thane<br \/>\n&#8211; Coutures \u00e9tanch\u00e9es<br \/>\n&#8211; Doublure 100% polyester<br \/>\n&#8211; Bretelles \u00e9lastiques Orange r\u00e9glables et amovibles<br \/>\n&#8211; Ceinture \u00e9lastique antid\u00e9rapante<br \/>\n&#8211; Fermeture par boucle trois points<br \/>\n&#8211; 1 poche arri\u00e8re \u00e9tanche et 2 fentes lat\u00e9rales pour les mains<br \/>\n&#8211; Genoux pr\u00e9form\u00e9s pour une meilleure ergonomie<br \/>\n&#8211; Passant de ceinture int\u00e9rieur<br \/>\n&#8211; Coloris kaki<\/p>\n","protected":false},"featured_media":44559,"template":"","meta":{"_joinchat":[]},"product_brand":[],"product_cat":[525],"product_tag":[],"class_list":{"0":"post-47971","1":"product","2":"type-product","3":"status-publish","4":"has-post-thumbnail","6":"product_cat-pantalons","8":"first","9":"instock","10":"taxable","11":"shipping-taxable","12":"purchasable","13":"product-type-variable"},"yoast_head":"<!-- This site is optimized with the Yoast SEO plugin v27.6 - https:\/\/yoast.com\/product\/yoast-seo-wordpress\/ -->\n<title>Overbroek Keiler - Hunting Europe<\/title>\n<meta name=\"robots\" content=\"index, follow, max-snippet:-1, max-image-preview:large, max-video-preview:-1\" \/>\n<link rel=\"canonical\" href=\"https:\/\/huntingeurope.be\/fr\/produit\/overbroek-keiler\/\" \/>\n<meta property=\"og:locale\" content=\"fr_FR\" \/>\n<meta property=\"og:type\" content=\"article\" \/>\n<meta property=\"og:title\" content=\"Overbroek Keiler - Hunting Europe\" \/>\n<meta property=\"og:description\" content=\"Description d\u00e9taill\u00e9e du produit : Short d&#039;approche ProHunt Keiler - ProHunt Short d&#039;approche ProHunt Keiler : - 100% polyester Cordura tr\u00e8s haute r\u00e9sistance avec renforts Armortex - Tissus enduits de polyur\u00e9thane - Coutures \u00e9tanch\u00e9es - Doublure 100% polyester - Bretelles \u00e9lastiques Orange r\u00e9glables et amovibles - Ceinture \u00e9lastique antid\u00e9rapante - Fermeture par boucle trois points - 1 poche arri\u00e8re \u00e9tanche et 2 fentes lat\u00e9rales pour les mains - Genoux pr\u00e9form\u00e9s pour une meilleure ergonomie - Passant de ceinture int\u00e9rieur - Coloris kaki\" \/>\n<meta property=\"og:url\" content=\"https:\/\/huntingeurope.be\/fr\/produit\/overbroek-keiler\/\" \/>\n<meta property=\"og:site_name\" content=\"Hunting Europe\" \/>\n<meta property=\"article:publisher\" content=\"https:\/\/www.facebook.com\/jachtwinkel.europe\/\" \/>\n<meta property=\"article:modified_time\" content=\"2026-01-03T14:51:39+00:00\" \/>\n<meta property=\"og:image\" content=\"https:\/\/huntingeurope.be\/wp-content\/uploads\/2023\/12\/phcu004-cuissard_keiler-kaki-34-2022.jpg\" \/>\n\t<meta property=\"og:image:width\" content=\"458\" \/>\n\t<meta property=\"og:image:height\" content=\"458\" \/>\n\t<meta property=\"og:image:type\" content=\"image\/jpeg\" \/>\n<meta name=\"twitter:card\" content=\"summary_large_image\" \/>\n<script type=\"application\/ld+json\" class=\"yoast-schema-graph\">{\"@context\":\"https:\\\/\\\/schema.org\",\"@graph\":[{\"@type\":\"WebPage\",\"@id\":\"https:\\\/\\\/huntingeurope.be\\\/fr\\\/produit\\\/overbroek-keiler\\\/\",\"url\":\"https:\\\/\\\/huntingeurope.be\\\/fr\\\/produit\\\/overbroek-keiler\\\/\",\"name\":\"Overbroek Keiler - Hunting Europe\",\"isPartOf\":{\"@id\":\"https:\\\/\\\/huntingeurope.be\\\/fr\\\/?lang=en\\\/#website\"},\"primaryImageOfPage\":{\"@id\":\"https:\\\/\\\/huntingeurope.be\\\/fr\\\/produit\\\/overbroek-keiler\\\/#primaryimage\"},\"image\":{\"@id\":\"https:\\\/\\\/huntingeurope.be\\\/fr\\\/produit\\\/overbroek-keiler\\\/#primaryimage\"},\"thumbnailUrl\":\"https:\\\/\\\/huntingeurope.be\\\/wp-content\\\/uploads\\\/2023\\\/12\\\/phcu004-cuissard_keiler-kaki-34-2022.jpg\",\"datePublished\":\"2023-12-27T10:29:30+00:00\",\"dateModified\":\"2026-01-03T14:51:39+00:00\",\"breadcrumb\":{\"@id\":\"https:\\\/\\\/huntingeurope.be\\\/fr\\\/produit\\\/overbroek-keiler\\\/#breadcrumb\"},\"inLanguage\":\"fr-FR\",\"potentialAction\":[{\"@type\":\"ReadAction\",\"target\":[\"https:\\\/\\\/huntingeurope.be\\\/fr\\\/produit\\\/overbroek-keiler\\\/\"]}]},{\"@type\":\"ImageObject\",\"inLanguage\":\"fr-FR\",\"@id\":\"https:\\\/\\\/huntingeurope.be\\\/fr\\\/produit\\\/overbroek-keiler\\\/#primaryimage\",\"url\":\"https:\\\/\\\/huntingeurope.be\\\/wp-content\\\/uploads\\\/2023\\\/12\\\/phcu004-cuissard_keiler-kaki-34-2022.jpg\",\"contentUrl\":\"https:\\\/\\\/huntingeurope.be\\\/wp-content\\\/uploads\\\/2023\\\/12\\\/phcu004-cuissard_keiler-kaki-34-2022.jpg\",\"width\":458,\"height\":458},{\"@type\":\"BreadcrumbList\",\"@id\":\"https:\\\/\\\/huntingeurope.be\\\/fr\\\/produit\\\/overbroek-keiler\\\/#breadcrumb\",\"itemListElement\":[{\"@type\":\"ListItem\",\"position\":1,\"name\":\"Home\",\"item\":\"https:\\\/\\\/huntingeurope.be\\\/fr\\\/\"},{\"@type\":\"ListItem\",\"position\":2,\"name\":\"Produits\",\"item\":\"https:\\\/\\\/huntingeurope.be\\\/fr\\\/shop\\\/\"},{\"@type\":\"ListItem\",\"position\":3,\"name\":\"Overbroek Keiler\"}]},{\"@type\":\"WebSite\",\"@id\":\"https:\\\/\\\/huntingeurope.be\\\/fr\\\/?lang=en\\\/#website\",\"url\":\"https:\\\/\\\/huntingeurope.be\\\/fr\\\/?lang=en\\\/\",\"name\":\"Hunting Europe\",\"description\":\"Alles voor de jacht\",\"publisher\":{\"@id\":\"https:\\\/\\\/huntingeurope.be\\\/fr\\\/?lang=en\\\/#organization\"},\"potentialAction\":[{\"@type\":\"SearchAction\",\"target\":{\"@type\":\"EntryPoint\",\"urlTemplate\":\"https:\\\/\\\/huntingeurope.be\\\/fr\\\/?lang=en\\\/?s={search_term_string}\"},\"query-input\":{\"@type\":\"PropertyValueSpecification\",\"valueRequired\":true,\"valueName\":\"search_term_string\"}}],\"inLanguage\":\"fr-FR\"},{\"@type\":\"Organization\",\"@id\":\"https:\\\/\\\/huntingeurope.be\\\/fr\\\/?lang=en\\\/#organization\",\"name\":\"Hunting Europe\",\"url\":\"https:\\\/\\\/huntingeurope.be\\\/fr\\\/?lang=en\\\/\",\"logo\":{\"@type\":\"ImageObject\",\"inLanguage\":\"fr-FR\",\"@id\":\"https:\\\/\\\/huntingeurope.be\\\/fr\\\/?lang=en\\\/#\\\/schema\\\/logo\\\/image\\\/\",\"url\":\"https:\\\/\\\/huntingeurope.be\\\/wp-content\\\/uploads\\\/2021\\\/10\\\/Huntingeurope-1-1.png\",\"contentUrl\":\"https:\\\/\\\/huntingeurope.be\\\/wp-content\\\/uploads\\\/2021\\\/10\\\/Huntingeurope-1-1.png\",\"width\":280,\"height\":179,\"caption\":\"Hunting Europe\"},\"image\":{\"@id\":\"https:\\\/\\\/huntingeurope.be\\\/fr\\\/?lang=en\\\/#\\\/schema\\\/logo\\\/image\\\/\"},\"sameAs\":[\"https:\\\/\\\/www.facebook.com\\\/jachtwinkel.europe\\\/\",\"https:\\\/\\\/www.instagram.com\\\/huntingeurope\\\/\",\"https:\\\/\\\/www.youtube.com\\\/user\\\/NickolaySmet\\\/videos?view_as=subscriber\"]}]}<\/script>\n<!-- \/ Yoast SEO plugin. -->","yoast_head_json":{"title":"Overbroek Keiler - Hunting Europe","robots":{"index":"index","follow":"follow","max-snippet":"max-snippet:-1","max-image-preview":"max-image-preview:large","max-video-preview":"max-video-preview:-1"},"canonical":"https:\/\/huntingeurope.be\/fr\/produit\/overbroek-keiler\/","og_locale":"fr_FR","og_type":"article","og_title":"Overbroek Keiler - Hunting Europe","og_description":"Description d\u00e9taill\u00e9e du produit : Short d'approche ProHunt Keiler - ProHunt Short d'approche ProHunt Keiler : - 100% polyester Cordura tr\u00e8s haute r\u00e9sistance avec renforts Armortex - Tissus enduits de polyur\u00e9thane - Coutures \u00e9tanch\u00e9es - Doublure 100% polyester - Bretelles \u00e9lastiques Orange r\u00e9glables et amovibles - Ceinture \u00e9lastique antid\u00e9rapante - Fermeture par boucle trois points - 1 poche arri\u00e8re \u00e9tanche et 2 fentes lat\u00e9rales pour les mains - Genoux pr\u00e9form\u00e9s pour une meilleure ergonomie - Passant de ceinture int\u00e9rieur - Coloris kaki","og_url":"https:\/\/huntingeurope.be\/fr\/produit\/overbroek-keiler\/","og_site_name":"Hunting Europe","article_publisher":"https:\/\/www.facebook.com\/jachtwinkel.europe\/","article_modified_time":"2026-01-03T14:51:39+00:00","og_image":[{"width":458,"height":458,"url":"https:\/\/huntingeurope.be\/wp-content\/uploads\/2023\/12\/phcu004-cuissard_keiler-kaki-34-2022.jpg","type":"image\/jpeg"}],"twitter_card":"summary_large_image","schema":{"@context":"https:\/\/schema.org","@graph":[{"@type":"WebPage","@id":"https:\/\/huntingeurope.be\/fr\/produit\/overbroek-keiler\/","url":"https:\/\/huntingeurope.be\/fr\/produit\/overbroek-keiler\/","name":"Overbroek Keiler - Hunting Europe","isPartOf":{"@id":"https:\/\/huntingeurope.be\/fr\/?lang=en\/#website"},"primaryImageOfPage":{"@id":"https:\/\/huntingeurope.be\/fr\/produit\/overbroek-keiler\/#primaryimage"},"image":{"@id":"https:\/\/huntingeurope.be\/fr\/produit\/overbroek-keiler\/#primaryimage"},"thumbnailUrl":"https:\/\/huntingeurope.be\/wp-content\/uploads\/2023\/12\/phcu004-cuissard_keiler-kaki-34-2022.jpg","datePublished":"2023-12-27T10:29:30+00:00","dateModified":"2026-01-03T14:51:39+00:00","breadcrumb":{"@id":"https:\/\/huntingeurope.be\/fr\/produit\/overbroek-keiler\/#breadcrumb"},"inLanguage":"fr-FR","potentialAction":[{"@type":"ReadAction","target":["https:\/\/huntingeurope.be\/fr\/produit\/overbroek-keiler\/"]}]},{"@type":"ImageObject","inLanguage":"fr-FR","@id":"https:\/\/huntingeurope.be\/fr\/produit\/overbroek-keiler\/#primaryimage","url":"https:\/\/huntingeurope.be\/wp-content\/uploads\/2023\/12\/phcu004-cuissard_keiler-kaki-34-2022.jpg","contentUrl":"https:\/\/huntingeurope.be\/wp-content\/uploads\/2023\/12\/phcu004-cuissard_keiler-kaki-34-2022.jpg","width":458,"height":458},{"@type":"BreadcrumbList","@id":"https:\/\/huntingeurope.be\/fr\/produit\/overbroek-keiler\/#breadcrumb","itemListElement":[{"@type":"ListItem","position":1,"name":"Home","item":"https:\/\/huntingeurope.be\/fr\/"},{"@type":"ListItem","position":2,"name":"Produits","item":"https:\/\/huntingeurope.be\/fr\/shop\/"},{"@type":"ListItem","position":3,"name":"Overbroek Keiler"}]},{"@type":"WebSite","@id":"https:\/\/huntingeurope.be\/fr\/?lang=en\/#website","url":"https:\/\/huntingeurope.be\/fr\/?lang=en\/","name":"Hunting Europe","description":"Alles voor de jacht","publisher":{"@id":"https:\/\/huntingeurope.be\/fr\/?lang=en\/#organization"},"potentialAction":[{"@type":"SearchAction","target":{"@type":"EntryPoint","urlTemplate":"https:\/\/huntingeurope.be\/fr\/?lang=en\/?s={search_term_string}"},"query-input":{"@type":"PropertyValueSpecification","valueRequired":true,"valueName":"search_term_string"}}],"inLanguage":"fr-FR"},{"@type":"Organization","@id":"https:\/\/huntingeurope.be\/fr\/?lang=en\/#organization","name":"Hunting Europe","url":"https:\/\/huntingeurope.be\/fr\/?lang=en\/","logo":{"@type":"ImageObject","inLanguage":"fr-FR","@id":"https:\/\/huntingeurope.be\/fr\/?lang=en\/#\/schema\/logo\/image\/","url":"https:\/\/huntingeurope.be\/wp-content\/uploads\/2021\/10\/Huntingeurope-1-1.png","contentUrl":"https:\/\/huntingeurope.be\/wp-content\/uploads\/2021\/10\/Huntingeurope-1-1.png","width":280,"height":179,"caption":"Hunting Europe"},"image":{"@id":"https:\/\/huntingeurope.be\/fr\/?lang=en\/#\/schema\/logo\/image\/"},"sameAs":["https:\/\/www.facebook.com\/jachtwinkel.europe\/","https:\/\/www.instagram.com\/huntingeurope\/","https:\/\/www.youtube.com\/user\/NickolaySmet\/videos?view_as=subscriber"]}]}},"df_price":115,"df_sale_price":"","df_regular_price":115,"df_image_link":"https:\/\/huntingeurope.be\/wp-content\/uploads\/2023\/12\/phcu004-cuissard_keiler-kaki-34-2022-300x300.jpg","_links":{"self":[{"href":"https:\/\/huntingeurope.be\/fr\/wp-json\/wp\/v2\/product\/47971","targetHints":{"allow":["GET"]}}],"collection":[{"href":"https:\/\/huntingeurope.be\/fr\/wp-json\/wp\/v2\/product"}],"about":[{"href":"https:\/\/huntingeurope.be\/fr\/wp-json\/wp\/v2\/types\/product"}],"wp:featuredmedia":[{"embeddable":true,"href":"https:\/\/huntingeurope.be\/fr\/wp-json\/wp\/v2\/media\/44559"}],"wp:attachment":[{"href":"https:\/\/huntingeurope.be\/fr\/wp-json\/wp\/v2\/media?parent=47971"}],"wp:term":[{"taxonomy":"product_brand","embeddable":true,"href":"https:\/\/huntingeurope.be\/fr\/wp-json\/wp\/v2\/product_brand?post=47971"},{"taxonomy":"product_cat","embeddable":true,"href":"https:\/\/huntingeurope.be\/fr\/wp-json\/wp\/v2\/product_cat?post=47971"},{"taxonomy":"product_tag","embeddable":true,"href":"https:\/\/huntingeurope.be\/fr\/wp-json\/wp\/v2\/product_tag?post=47971"}],"curies":[{"name":"wp","href":"https:\/\/api.w.org\/{rel}","templated":true}]}}