{"id":47841,"date":"2022-12-07T19:34:06","date_gmt":"2022-12-07T18:34:07","guid":{"rendered":"https:\/\/huntingeurope.be\/product\/camera-pour-armes-a-feu-shotkam-gen-4\/"},"modified":"2026-03-27T21:33:51","modified_gmt":"2026-03-27T20:33:51","slug":"camera-pour-armes-a-feu-shotkam-gen-4","status":"publish","type":"product","link":"https:\/\/huntingeurope.be\/fr\/produit\/camera-pour-armes-a-feu-shotkam-gen-4\/","title":{"rendered":"Cam\u00e9ra pour armes \u00e0 feu ShotKam &#8211; Gen 4"},"content":{"rendered":"<p>La <strong>Shotkam<\/strong> est une cam\u00e9ra qui vous permet de capturer chaque tir sur le terrain ou sur le stand de tir. Vous pouvez visionner ces images directement sur votre smartphone ou votre tablette gr\u00e2ce \u00e0 l&rsquo;application. Il s&rsquo;agit d&rsquo;une connaissance extr\u00eamement pr\u00e9cieuse qui vous aide \u00e0 devenir un meilleur tireur. C&rsquo;est aussi un gadget incroyablement amusant qui vous permet d&rsquo;immortaliser des moments inoubliables !   <\/p>\n<p>Le tir est une technique. Se rendre plus souvent au stand de tir vous aidera \u00e0 vous am\u00e9liorer, mais le Shotkam est le moyen de remarquer les points d&rsquo;am\u00e9lioration, un cours rapide d&rsquo;adresse au tir en quelque sorte. Le ShotKam vous indique exactement o\u00f9 se trouve votre tir. Si vous ratez votre coup, il vous indique exactement ce que vous devez corriger la prochaine fois pour atteindre le pigeon (d&rsquo;argile) ou le sanglier.   <\/p>\n<p>D&rsquo;ailleurs, la cam\u00e9ra vous permet \u00e9galement d&rsquo;enregistrer vos moments passionnants de chasse en battue, comme vous pouvez le voir dans la vid\u00e9o ci-dessus. Pour monter la ShotKam sur une carabine, vous aurez besoin d&rsquo;une monture de <a href=\"https:\/\/huntingeurope.be\/fr\/produit\/peigne-de-tir-differents-supports\/\" target=\"_blank\" rel=\"noopener\"><strong>support de calibre 20<\/strong><\/a>. <\/p>\n<p>Fabriqu\u00e9 en aluminium de qualit\u00e9 militaire, cet appareil photo est enti\u00e8rement \u00e9tanche. Votre achat est assorti d&rsquo;une garantie de 2 ans. <\/p>\n<p>Comprend : monture calibre 12, c\u00e2ble de chargement USB-c, carte m\u00e9moire int\u00e9gr\u00e9e de 64 Go, cl\u00e9, bouchon et diverses pi\u00e8ces de rechange.<\/p>\n<p>Si vous le souhaitez, nous pouvons assembler et installer votre ShotKam sur votre arme.<\/p>\n<p><strong>Les principales diff\u00e9rences par rapport \u00e0 la g\u00e9n\u00e9ration 3 sont les suivantes :<\/strong><\/p>\n<ul>\n<li>Vid\u00e9o 4K (gen 3 : vid\u00e9o 1080P)<\/li>\n<li>La batterie dure 15 heures (gen 3 : 4-5 heures)<\/li>\n<li>128GB de m\u00e9moire (gen 3 : 64GB de m\u00e9moire)<\/li>\n<li>Zoom 2-8x (gen 3 : 4x zoom)<\/li>\n<li>Wifi plus rapide : 6 Mbps (gen 3 : 3Mbps)<\/li>\n<\/ul>\n","protected":false},"excerpt":{"rendered":"<p>https:\/\/www.youtube.com\/watch?v=k7F-pnsbpSU&amp;t=5s<\/p>\n<p>https:\/\/www.youtube.com\/watch?v=4sDo_MTxpkM&amp;t=94s<\/p>\n<p>https:\/\/www.youtube.com\/shorts\/Cx_P5Nv9S8g<\/p>\n","protected":false},"featured_media":49773,"template":"","meta":{"_joinchat":[]},"product_brand":[],"product_cat":[538,520,860],"product_tag":[],"class_list":{"0":"post-47841","1":"product","2":"type-product","3":"status-publish","4":"has-post-thumbnail","6":"product_cat-cadeaux","7":"product_cat-chasse-aux-ramiers-corneilles","8":"product_cat-peigne-de-tir","10":"first","11":"instock","12":"taxable","13":"shipping-taxable","14":"purchasable","15":"product-type-simple"},"yoast_head":"<!-- This site is optimized with the Yoast SEO plugin v27.6 - https:\/\/yoast.com\/product\/yoast-seo-wordpress\/ -->\n<title>Cam\u00e9ra pour armes \u00e0 feu ShotKam - Gen 4 - Hunting Europe<\/title>\n<meta name=\"robots\" content=\"index, follow, max-snippet:-1, max-image-preview:large, max-video-preview:-1\" \/>\n<link rel=\"canonical\" href=\"https:\/\/huntingeurope.be\/fr\/produit\/camera-pour-armes-a-feu-shotkam-gen-4\/\" \/>\n<meta property=\"og:locale\" content=\"fr_FR\" \/>\n<meta property=\"og:type\" content=\"article\" \/>\n<meta property=\"og:title\" content=\"Cam\u00e9ra pour armes \u00e0 feu ShotKam - Gen 4 - Hunting Europe\" \/>\n<meta property=\"og:description\" content=\"https:\/\/www.youtube.com\/watch?v=k7F-pnsbpSU&amp;t=5s https:\/\/www.youtube.com\/watch?v=4sDo_MTxpkM&amp;t=94s https:\/\/www.youtube.com\/shorts\/Cx_P5Nv9S8g\" \/>\n<meta property=\"og:url\" content=\"https:\/\/huntingeurope.be\/fr\/produit\/camera-pour-armes-a-feu-shotkam-gen-4\/\" \/>\n<meta property=\"og:site_name\" content=\"Hunting Europe\" \/>\n<meta property=\"article:publisher\" content=\"https:\/\/www.facebook.com\/jachtwinkel.europe\/\" \/>\n<meta property=\"article:modified_time\" content=\"2026-03-27T20:33:51+00:00\" \/>\n<meta property=\"og:image\" content=\"https:\/\/huntingeurope.be\/wp-content\/uploads\/2022\/12\/ShotKam-Geweer-Camera-Gen-4.jpg\" \/>\n\t<meta property=\"og:image:width\" content=\"1000\" \/>\n\t<meta property=\"og:image:height\" content=\"1000\" \/>\n\t<meta property=\"og:image:type\" content=\"image\/jpeg\" \/>\n<meta name=\"twitter:card\" content=\"summary_large_image\" \/>\n<meta name=\"twitter:label1\" content=\"Dur\u00e9e de lecture estim\u00e9e\" \/>\n\t<meta name=\"twitter:data1\" content=\"1 minute\" \/>\n<script type=\"application\/ld+json\" class=\"yoast-schema-graph\">{\"@context\":\"https:\\\/\\\/schema.org\",\"@graph\":[{\"@type\":\"WebPage\",\"@id\":\"https:\\\/\\\/huntingeurope.be\\\/fr\\\/produit\\\/camera-pour-armes-a-feu-shotkam-gen-4\\\/\",\"url\":\"https:\\\/\\\/huntingeurope.be\\\/fr\\\/produit\\\/camera-pour-armes-a-feu-shotkam-gen-4\\\/\",\"name\":\"Cam\u00e9ra pour armes \u00e0 feu ShotKam - Gen 4 - Hunting Europe\",\"isPartOf\":{\"@id\":\"https:\\\/\\\/huntingeurope.be\\\/fr\\\/?lang=en\\\/#website\"},\"primaryImageOfPage\":{\"@id\":\"https:\\\/\\\/huntingeurope.be\\\/fr\\\/produit\\\/camera-pour-armes-a-feu-shotkam-gen-4\\\/#primaryimage\"},\"image\":{\"@id\":\"https:\\\/\\\/huntingeurope.be\\\/fr\\\/produit\\\/camera-pour-armes-a-feu-shotkam-gen-4\\\/#primaryimage\"},\"thumbnailUrl\":\"https:\\\/\\\/huntingeurope.be\\\/wp-content\\\/uploads\\\/2022\\\/12\\\/ShotKam-Geweer-Camera-Gen-4.jpg\",\"datePublished\":\"2022-12-07T18:34:07+00:00\",\"dateModified\":\"2026-03-27T20:33:51+00:00\",\"breadcrumb\":{\"@id\":\"https:\\\/\\\/huntingeurope.be\\\/fr\\\/produit\\\/camera-pour-armes-a-feu-shotkam-gen-4\\\/#breadcrumb\"},\"inLanguage\":\"fr-FR\",\"potentialAction\":[{\"@type\":\"ReadAction\",\"target\":[\"https:\\\/\\\/huntingeurope.be\\\/fr\\\/produit\\\/camera-pour-armes-a-feu-shotkam-gen-4\\\/\"]}]},{\"@type\":\"ImageObject\",\"inLanguage\":\"fr-FR\",\"@id\":\"https:\\\/\\\/huntingeurope.be\\\/fr\\\/produit\\\/camera-pour-armes-a-feu-shotkam-gen-4\\\/#primaryimage\",\"url\":\"https:\\\/\\\/huntingeurope.be\\\/wp-content\\\/uploads\\\/2022\\\/12\\\/ShotKam-Geweer-Camera-Gen-4.jpg\",\"contentUrl\":\"https:\\\/\\\/huntingeurope.be\\\/wp-content\\\/uploads\\\/2022\\\/12\\\/ShotKam-Geweer-Camera-Gen-4.jpg\",\"width\":1000,\"height\":1000},{\"@type\":\"BreadcrumbList\",\"@id\":\"https:\\\/\\\/huntingeurope.be\\\/fr\\\/produit\\\/camera-pour-armes-a-feu-shotkam-gen-4\\\/#breadcrumb\",\"itemListElement\":[{\"@type\":\"ListItem\",\"position\":1,\"name\":\"Home\",\"item\":\"https:\\\/\\\/huntingeurope.be\\\/fr\\\/\"},{\"@type\":\"ListItem\",\"position\":2,\"name\":\"Produits\",\"item\":\"https:\\\/\\\/huntingeurope.be\\\/fr\\\/shop\\\/\"},{\"@type\":\"ListItem\",\"position\":3,\"name\":\"Cam\u00e9ra pour armes \u00e0 feu ShotKam &#8211; Gen 4\"}]},{\"@type\":\"WebSite\",\"@id\":\"https:\\\/\\\/huntingeurope.be\\\/fr\\\/?lang=en\\\/#website\",\"url\":\"https:\\\/\\\/huntingeurope.be\\\/fr\\\/?lang=en\\\/\",\"name\":\"Hunting Europe\",\"description\":\"Alles voor de jacht\",\"publisher\":{\"@id\":\"https:\\\/\\\/huntingeurope.be\\\/fr\\\/?lang=en\\\/#organization\"},\"potentialAction\":[{\"@type\":\"SearchAction\",\"target\":{\"@type\":\"EntryPoint\",\"urlTemplate\":\"https:\\\/\\\/huntingeurope.be\\\/fr\\\/?lang=en\\\/?s={search_term_string}\"},\"query-input\":{\"@type\":\"PropertyValueSpecification\",\"valueRequired\":true,\"valueName\":\"search_term_string\"}}],\"inLanguage\":\"fr-FR\"},{\"@type\":\"Organization\",\"@id\":\"https:\\\/\\\/huntingeurope.be\\\/fr\\\/?lang=en\\\/#organization\",\"name\":\"Hunting Europe\",\"url\":\"https:\\\/\\\/huntingeurope.be\\\/fr\\\/?lang=en\\\/\",\"logo\":{\"@type\":\"ImageObject\",\"inLanguage\":\"fr-FR\",\"@id\":\"https:\\\/\\\/huntingeurope.be\\\/fr\\\/?lang=en\\\/#\\\/schema\\\/logo\\\/image\\\/\",\"url\":\"https:\\\/\\\/huntingeurope.be\\\/wp-content\\\/uploads\\\/2021\\\/10\\\/Huntingeurope-1-1.png\",\"contentUrl\":\"https:\\\/\\\/huntingeurope.be\\\/wp-content\\\/uploads\\\/2021\\\/10\\\/Huntingeurope-1-1.png\",\"width\":280,\"height\":179,\"caption\":\"Hunting Europe\"},\"image\":{\"@id\":\"https:\\\/\\\/huntingeurope.be\\\/fr\\\/?lang=en\\\/#\\\/schema\\\/logo\\\/image\\\/\"},\"sameAs\":[\"https:\\\/\\\/www.facebook.com\\\/jachtwinkel.europe\\\/\",\"https:\\\/\\\/www.instagram.com\\\/huntingeurope\\\/\",\"https:\\\/\\\/www.youtube.com\\\/user\\\/NickolaySmet\\\/videos?view_as=subscriber\"]}]}<\/script>\n<!-- \/ Yoast SEO plugin. -->","yoast_head_json":{"title":"Cam\u00e9ra pour armes \u00e0 feu ShotKam - Gen 4 - Hunting Europe","robots":{"index":"index","follow":"follow","max-snippet":"max-snippet:-1","max-image-preview":"max-image-preview:large","max-video-preview":"max-video-preview:-1"},"canonical":"https:\/\/huntingeurope.be\/fr\/produit\/camera-pour-armes-a-feu-shotkam-gen-4\/","og_locale":"fr_FR","og_type":"article","og_title":"Cam\u00e9ra pour armes \u00e0 feu ShotKam - Gen 4 - Hunting Europe","og_description":"https:\/\/www.youtube.com\/watch?v=k7F-pnsbpSU&amp;t=5s https:\/\/www.youtube.com\/watch?v=4sDo_MTxpkM&amp;t=94s https:\/\/www.youtube.com\/shorts\/Cx_P5Nv9S8g","og_url":"https:\/\/huntingeurope.be\/fr\/produit\/camera-pour-armes-a-feu-shotkam-gen-4\/","og_site_name":"Hunting Europe","article_publisher":"https:\/\/www.facebook.com\/jachtwinkel.europe\/","article_modified_time":"2026-03-27T20:33:51+00:00","og_image":[{"width":1000,"height":1000,"url":"https:\/\/huntingeurope.be\/wp-content\/uploads\/2022\/12\/ShotKam-Geweer-Camera-Gen-4.jpg","type":"image\/jpeg"}],"twitter_card":"summary_large_image","twitter_misc":{"Dur\u00e9e de lecture estim\u00e9e":"1 minute"},"schema":{"@context":"https:\/\/schema.org","@graph":[{"@type":"WebPage","@id":"https:\/\/huntingeurope.be\/fr\/produit\/camera-pour-armes-a-feu-shotkam-gen-4\/","url":"https:\/\/huntingeurope.be\/fr\/produit\/camera-pour-armes-a-feu-shotkam-gen-4\/","name":"Cam\u00e9ra pour armes \u00e0 feu ShotKam - Gen 4 - Hunting Europe","isPartOf":{"@id":"https:\/\/huntingeurope.be\/fr\/?lang=en\/#website"},"primaryImageOfPage":{"@id":"https:\/\/huntingeurope.be\/fr\/produit\/camera-pour-armes-a-feu-shotkam-gen-4\/#primaryimage"},"image":{"@id":"https:\/\/huntingeurope.be\/fr\/produit\/camera-pour-armes-a-feu-shotkam-gen-4\/#primaryimage"},"thumbnailUrl":"https:\/\/huntingeurope.be\/wp-content\/uploads\/2022\/12\/ShotKam-Geweer-Camera-Gen-4.jpg","datePublished":"2022-12-07T18:34:07+00:00","dateModified":"2026-03-27T20:33:51+00:00","breadcrumb":{"@id":"https:\/\/huntingeurope.be\/fr\/produit\/camera-pour-armes-a-feu-shotkam-gen-4\/#breadcrumb"},"inLanguage":"fr-FR","potentialAction":[{"@type":"ReadAction","target":["https:\/\/huntingeurope.be\/fr\/produit\/camera-pour-armes-a-feu-shotkam-gen-4\/"]}]},{"@type":"ImageObject","inLanguage":"fr-FR","@id":"https:\/\/huntingeurope.be\/fr\/produit\/camera-pour-armes-a-feu-shotkam-gen-4\/#primaryimage","url":"https:\/\/huntingeurope.be\/wp-content\/uploads\/2022\/12\/ShotKam-Geweer-Camera-Gen-4.jpg","contentUrl":"https:\/\/huntingeurope.be\/wp-content\/uploads\/2022\/12\/ShotKam-Geweer-Camera-Gen-4.jpg","width":1000,"height":1000},{"@type":"BreadcrumbList","@id":"https:\/\/huntingeurope.be\/fr\/produit\/camera-pour-armes-a-feu-shotkam-gen-4\/#breadcrumb","itemListElement":[{"@type":"ListItem","position":1,"name":"Home","item":"https:\/\/huntingeurope.be\/fr\/"},{"@type":"ListItem","position":2,"name":"Produits","item":"https:\/\/huntingeurope.be\/fr\/shop\/"},{"@type":"ListItem","position":3,"name":"Cam\u00e9ra pour armes \u00e0 feu ShotKam &#8211; Gen 4"}]},{"@type":"WebSite","@id":"https:\/\/huntingeurope.be\/fr\/?lang=en\/#website","url":"https:\/\/huntingeurope.be\/fr\/?lang=en\/","name":"Hunting Europe","description":"Alles voor de jacht","publisher":{"@id":"https:\/\/huntingeurope.be\/fr\/?lang=en\/#organization"},"potentialAction":[{"@type":"SearchAction","target":{"@type":"EntryPoint","urlTemplate":"https:\/\/huntingeurope.be\/fr\/?lang=en\/?s={search_term_string}"},"query-input":{"@type":"PropertyValueSpecification","valueRequired":true,"valueName":"search_term_string"}}],"inLanguage":"fr-FR"},{"@type":"Organization","@id":"https:\/\/huntingeurope.be\/fr\/?lang=en\/#organization","name":"Hunting Europe","url":"https:\/\/huntingeurope.be\/fr\/?lang=en\/","logo":{"@type":"ImageObject","inLanguage":"fr-FR","@id":"https:\/\/huntingeurope.be\/fr\/?lang=en\/#\/schema\/logo\/image\/","url":"https:\/\/huntingeurope.be\/wp-content\/uploads\/2021\/10\/Huntingeurope-1-1.png","contentUrl":"https:\/\/huntingeurope.be\/wp-content\/uploads\/2021\/10\/Huntingeurope-1-1.png","width":280,"height":179,"caption":"Hunting Europe"},"image":{"@id":"https:\/\/huntingeurope.be\/fr\/?lang=en\/#\/schema\/logo\/image\/"},"sameAs":["https:\/\/www.facebook.com\/jachtwinkel.europe\/","https:\/\/www.instagram.com\/huntingeurope\/","https:\/\/www.youtube.com\/user\/NickolaySmet\/videos?view_as=subscriber"]}]}},"df_price":799,"df_sale_price":"","df_regular_price":799,"df_image_link":"https:\/\/huntingeurope.be\/wp-content\/uploads\/2022\/12\/ShotKam-Geweer-Camera-Gen-4-300x300.jpg","_links":{"self":[{"href":"https:\/\/huntingeurope.be\/fr\/wp-json\/wp\/v2\/product\/47841","targetHints":{"allow":["GET"]}}],"collection":[{"href":"https:\/\/huntingeurope.be\/fr\/wp-json\/wp\/v2\/product"}],"about":[{"href":"https:\/\/huntingeurope.be\/fr\/wp-json\/wp\/v2\/types\/product"}],"wp:featuredmedia":[{"embeddable":true,"href":"https:\/\/huntingeurope.be\/fr\/wp-json\/wp\/v2\/media\/49773"}],"wp:attachment":[{"href":"https:\/\/huntingeurope.be\/fr\/wp-json\/wp\/v2\/media?parent=47841"}],"wp:term":[{"taxonomy":"product_brand","embeddable":true,"href":"https:\/\/huntingeurope.be\/fr\/wp-json\/wp\/v2\/product_brand?post=47841"},{"taxonomy":"product_cat","embeddable":true,"href":"https:\/\/huntingeurope.be\/fr\/wp-json\/wp\/v2\/product_cat?post=47841"},{"taxonomy":"product_tag","embeddable":true,"href":"https:\/\/huntingeurope.be\/fr\/wp-json\/wp\/v2\/product_tag?post=47841"}],"curies":[{"name":"wp","href":"https:\/\/api.w.org\/{rel}","templated":true}]}}