{"id":47790,"date":"2024-08-26T12:22:00","date_gmt":"2024-08-26T10:22:00","guid":{"rendered":"https:\/\/huntingeurope.be\/product\/shotkam-gen-4-mini\/"},"modified":"2025-12-22T12:34:18","modified_gmt":"2025-12-22T11:34:18","slug":"shotkam-gen-4-mini","status":"publish","type":"product","link":"https:\/\/huntingeurope.be\/fr\/produit\/shotkam-gen-4-mini\/","title":{"rendered":"ShotKam Gen 4 Mini"},"content":{"rendered":"<div style=\"width: 1080px;\" class=\"wp-video\"><video class=\"wp-video-shortcode\" id=\"video-47790-1\" width=\"1080\" height=\"608\" preload=\"metadata\" controls=\"controls\"><source type=\"video\/mp4\" src=\"https:\/\/huntingeurope.be\/wp-content\/uploads\/2024\/08\/UK-Pheasant-Shooting.mp4?_=1\" \/><a href=\"https:\/\/huntingeurope.be\/wp-content\/uploads\/2024\/08\/UK-Pheasant-Shooting.mp4\">https:\/\/huntingeurope.be\/wp-content\/uploads\/2024\/08\/UK-Pheasant-Shooting.mp4<\/a><\/video><\/div>\n<p>\u25cf 33 % plus petit et plus l\u00e9ger : Pesant seulement 148 grammes, il s&rsquo;agit de notre mod\u00e8le le plus compact \u00e0 ce jour. \u25cf Vid\u00e9o 4K :<\/p>\n<p>M\u00eame qualit\u00e9 vid\u00e9o 4K \u00e9poustouflante que la Gen 4. \u25cf Autonomie de la batterie : Offre une autonomie d&rsquo;enregistrement de 6 heures (par rapport \u00e0 l&rsquo;autonomie de 12 heures de la Gen 4).<\/p>\n","protected":false},"excerpt":{"rendered":"<p>La <strong>Shotkam<\/strong> est une cam\u00e9ra qui vous permet de capturer chaque tir sur le terrain ou sur le stand de tir. Vous pouvez visionner ces images directement sur votre smartphone ou votre tablette gr\u00e2ce \u00e0 l&rsquo;application. Il s&rsquo;agit d&rsquo;une connaissance extr\u00eamement pr\u00e9cieuse qui vous aide \u00e0 devenir un meilleur tireur. C&rsquo;est aussi un gadget incroyablement amusant qui vous permet d&rsquo;immortaliser des moments inoubliables !   <\/p>\n<p>Le tir est une technique. Se rendre plus souvent au stand de tir vous aidera \u00e0 vous am\u00e9liorer, mais le Shotkam est le moyen de remarquer les points d&rsquo;am\u00e9lioration, un cours rapide d&rsquo;adresse au tir en quelque sorte. Le ShotKam vous indique exactement o\u00f9 se trouve votre tir. Si vous ratez votre coup, il vous indique exactement ce que vous devez corriger la prochaine fois pour atteindre le pigeon (d&rsquo;argile) ou le sanglier.   <\/p>\n","protected":false},"featured_media":47677,"template":"","meta":{"_joinchat":[]},"product_brand":[],"product_cat":[538,860],"product_tag":[],"class_list":{"0":"post-47790","1":"product","2":"type-product","3":"status-publish","4":"has-post-thumbnail","6":"product_cat-cadeaux","7":"product_cat-peigne-de-tir","9":"first","10":"instock","11":"taxable","12":"shipping-taxable","13":"purchasable","14":"product-type-simple"},"yoast_head":"<!-- This site is optimized with the Yoast SEO plugin v27.6 - https:\/\/yoast.com\/product\/yoast-seo-wordpress\/ -->\n<title>ShotKam Gen 4 Mini - Hunting Europe<\/title>\n<meta name=\"robots\" content=\"index, follow, max-snippet:-1, max-image-preview:large, max-video-preview:-1\" \/>\n<link rel=\"canonical\" href=\"https:\/\/huntingeurope.be\/fr\/produit\/shotkam-gen-4-mini\/\" \/>\n<meta property=\"og:locale\" content=\"fr_FR\" \/>\n<meta property=\"og:type\" content=\"article\" \/>\n<meta property=\"og:title\" content=\"ShotKam Gen 4 Mini - Hunting Europe\" \/>\n<meta property=\"og:description\" content=\"La Shotkam est une cam\u00e9ra qui vous permet de capturer chaque tir sur le terrain ou sur le stand de tir. Vous pouvez visionner ces images directement sur votre smartphone ou votre tablette gr\u00e2ce \u00e0 l&#039;application. Il s&#039;agit d&#039;une connaissance extr\u00eamement pr\u00e9cieuse qui vous aide \u00e0 devenir un meilleur tireur. C&#039;est aussi un gadget incroyablement amusant qui vous permet d&#039;immortaliser des moments inoubliables !   Le tir est une technique. Se rendre plus souvent au stand de tir vous aidera \u00e0 vous am\u00e9liorer, mais le Shotkam est le moyen de remarquer les points d&#039;am\u00e9lioration, un cours rapide d&#039;adresse au tir en quelque sorte. Le ShotKam vous indique exactement o\u00f9 se trouve votre tir. Si vous ratez votre coup, il vous indique exactement ce que vous devez corriger la prochaine fois pour atteindre le pigeon (d&#039;argile) ou le sanglier.\" \/>\n<meta property=\"og:url\" content=\"https:\/\/huntingeurope.be\/fr\/produit\/shotkam-gen-4-mini\/\" \/>\n<meta property=\"og:site_name\" content=\"Hunting Europe\" \/>\n<meta property=\"article:publisher\" content=\"https:\/\/www.facebook.com\/jachtwinkel.europe\/\" \/>\n<meta property=\"article:modified_time\" content=\"2025-12-22T11:34:18+00:00\" \/>\n<meta property=\"og:image\" content=\"https:\/\/huntingeurope.be\/wp-content\/uploads\/2024\/08\/SHOTKAM-2024-0002.jpg\" \/>\n\t<meta property=\"og:image:width\" content=\"1638\" \/>\n\t<meta property=\"og:image:height\" content=\"2048\" \/>\n\t<meta property=\"og:image:type\" content=\"image\/jpeg\" \/>\n<meta name=\"twitter:card\" content=\"summary_large_image\" \/>\n<script type=\"application\/ld+json\" class=\"yoast-schema-graph\">{\"@context\":\"https:\\\/\\\/schema.org\",\"@graph\":[{\"@type\":\"WebPage\",\"@id\":\"https:\\\/\\\/huntingeurope.be\\\/fr\\\/produit\\\/shotkam-gen-4-mini\\\/\",\"url\":\"https:\\\/\\\/huntingeurope.be\\\/fr\\\/produit\\\/shotkam-gen-4-mini\\\/\",\"name\":\"ShotKam Gen 4 Mini - Hunting Europe\",\"isPartOf\":{\"@id\":\"https:\\\/\\\/huntingeurope.be\\\/fr\\\/?lang=en\\\/#website\"},\"primaryImageOfPage\":{\"@id\":\"https:\\\/\\\/huntingeurope.be\\\/fr\\\/produit\\\/shotkam-gen-4-mini\\\/#primaryimage\"},\"image\":{\"@id\":\"https:\\\/\\\/huntingeurope.be\\\/fr\\\/produit\\\/shotkam-gen-4-mini\\\/#primaryimage\"},\"thumbnailUrl\":\"https:\\\/\\\/huntingeurope.be\\\/wp-content\\\/uploads\\\/2024\\\/08\\\/SHOTKAM-2024-0002.jpg\",\"datePublished\":\"2024-08-26T10:22:00+00:00\",\"dateModified\":\"2025-12-22T11:34:18+00:00\",\"breadcrumb\":{\"@id\":\"https:\\\/\\\/huntingeurope.be\\\/fr\\\/produit\\\/shotkam-gen-4-mini\\\/#breadcrumb\"},\"inLanguage\":\"fr-FR\",\"potentialAction\":[{\"@type\":\"ReadAction\",\"target\":[\"https:\\\/\\\/huntingeurope.be\\\/fr\\\/produit\\\/shotkam-gen-4-mini\\\/\"]}]},{\"@type\":\"ImageObject\",\"inLanguage\":\"fr-FR\",\"@id\":\"https:\\\/\\\/huntingeurope.be\\\/fr\\\/produit\\\/shotkam-gen-4-mini\\\/#primaryimage\",\"url\":\"https:\\\/\\\/huntingeurope.be\\\/wp-content\\\/uploads\\\/2024\\\/08\\\/SHOTKAM-2024-0002.jpg\",\"contentUrl\":\"https:\\\/\\\/huntingeurope.be\\\/wp-content\\\/uploads\\\/2024\\\/08\\\/SHOTKAM-2024-0002.jpg\",\"width\":1638,\"height\":2048},{\"@type\":\"BreadcrumbList\",\"@id\":\"https:\\\/\\\/huntingeurope.be\\\/fr\\\/produit\\\/shotkam-gen-4-mini\\\/#breadcrumb\",\"itemListElement\":[{\"@type\":\"ListItem\",\"position\":1,\"name\":\"Home\",\"item\":\"https:\\\/\\\/huntingeurope.be\\\/fr\\\/\"},{\"@type\":\"ListItem\",\"position\":2,\"name\":\"Produits\",\"item\":\"https:\\\/\\\/huntingeurope.be\\\/fr\\\/shop\\\/\"},{\"@type\":\"ListItem\",\"position\":3,\"name\":\"ShotKam Gen 4 Mini\"}]},{\"@type\":\"WebSite\",\"@id\":\"https:\\\/\\\/huntingeurope.be\\\/fr\\\/?lang=en\\\/#website\",\"url\":\"https:\\\/\\\/huntingeurope.be\\\/fr\\\/?lang=en\\\/\",\"name\":\"Hunting Europe\",\"description\":\"Alles voor de jacht\",\"publisher\":{\"@id\":\"https:\\\/\\\/huntingeurope.be\\\/fr\\\/?lang=en\\\/#organization\"},\"potentialAction\":[{\"@type\":\"SearchAction\",\"target\":{\"@type\":\"EntryPoint\",\"urlTemplate\":\"https:\\\/\\\/huntingeurope.be\\\/fr\\\/?lang=en\\\/?s={search_term_string}\"},\"query-input\":{\"@type\":\"PropertyValueSpecification\",\"valueRequired\":true,\"valueName\":\"search_term_string\"}}],\"inLanguage\":\"fr-FR\"},{\"@type\":\"Organization\",\"@id\":\"https:\\\/\\\/huntingeurope.be\\\/fr\\\/?lang=en\\\/#organization\",\"name\":\"Hunting Europe\",\"url\":\"https:\\\/\\\/huntingeurope.be\\\/fr\\\/?lang=en\\\/\",\"logo\":{\"@type\":\"ImageObject\",\"inLanguage\":\"fr-FR\",\"@id\":\"https:\\\/\\\/huntingeurope.be\\\/fr\\\/?lang=en\\\/#\\\/schema\\\/logo\\\/image\\\/\",\"url\":\"https:\\\/\\\/huntingeurope.be\\\/wp-content\\\/uploads\\\/2021\\\/10\\\/Huntingeurope-1-1.png\",\"contentUrl\":\"https:\\\/\\\/huntingeurope.be\\\/wp-content\\\/uploads\\\/2021\\\/10\\\/Huntingeurope-1-1.png\",\"width\":280,\"height\":179,\"caption\":\"Hunting Europe\"},\"image\":{\"@id\":\"https:\\\/\\\/huntingeurope.be\\\/fr\\\/?lang=en\\\/#\\\/schema\\\/logo\\\/image\\\/\"},\"sameAs\":[\"https:\\\/\\\/www.facebook.com\\\/jachtwinkel.europe\\\/\",\"https:\\\/\\\/www.instagram.com\\\/huntingeurope\\\/\",\"https:\\\/\\\/www.youtube.com\\\/user\\\/NickolaySmet\\\/videos?view_as=subscriber\"]}]}<\/script>\n<!-- \/ Yoast SEO plugin. -->","yoast_head_json":{"title":"ShotKam Gen 4 Mini - Hunting Europe","robots":{"index":"index","follow":"follow","max-snippet":"max-snippet:-1","max-image-preview":"max-image-preview:large","max-video-preview":"max-video-preview:-1"},"canonical":"https:\/\/huntingeurope.be\/fr\/produit\/shotkam-gen-4-mini\/","og_locale":"fr_FR","og_type":"article","og_title":"ShotKam Gen 4 Mini - Hunting Europe","og_description":"La Shotkam est une cam\u00e9ra qui vous permet de capturer chaque tir sur le terrain ou sur le stand de tir. Vous pouvez visionner ces images directement sur votre smartphone ou votre tablette gr\u00e2ce \u00e0 l'application. Il s'agit d'une connaissance extr\u00eamement pr\u00e9cieuse qui vous aide \u00e0 devenir un meilleur tireur. C'est aussi un gadget incroyablement amusant qui vous permet d'immortaliser des moments inoubliables !   Le tir est une technique. Se rendre plus souvent au stand de tir vous aidera \u00e0 vous am\u00e9liorer, mais le Shotkam est le moyen de remarquer les points d'am\u00e9lioration, un cours rapide d'adresse au tir en quelque sorte. Le ShotKam vous indique exactement o\u00f9 se trouve votre tir. Si vous ratez votre coup, il vous indique exactement ce que vous devez corriger la prochaine fois pour atteindre le pigeon (d'argile) ou le sanglier.","og_url":"https:\/\/huntingeurope.be\/fr\/produit\/shotkam-gen-4-mini\/","og_site_name":"Hunting Europe","article_publisher":"https:\/\/www.facebook.com\/jachtwinkel.europe\/","article_modified_time":"2025-12-22T11:34:18+00:00","og_image":[{"width":1638,"height":2048,"url":"https:\/\/huntingeurope.be\/wp-content\/uploads\/2024\/08\/SHOTKAM-2024-0002.jpg","type":"image\/jpeg"}],"twitter_card":"summary_large_image","schema":{"@context":"https:\/\/schema.org","@graph":[{"@type":"WebPage","@id":"https:\/\/huntingeurope.be\/fr\/produit\/shotkam-gen-4-mini\/","url":"https:\/\/huntingeurope.be\/fr\/produit\/shotkam-gen-4-mini\/","name":"ShotKam Gen 4 Mini - Hunting Europe","isPartOf":{"@id":"https:\/\/huntingeurope.be\/fr\/?lang=en\/#website"},"primaryImageOfPage":{"@id":"https:\/\/huntingeurope.be\/fr\/produit\/shotkam-gen-4-mini\/#primaryimage"},"image":{"@id":"https:\/\/huntingeurope.be\/fr\/produit\/shotkam-gen-4-mini\/#primaryimage"},"thumbnailUrl":"https:\/\/huntingeurope.be\/wp-content\/uploads\/2024\/08\/SHOTKAM-2024-0002.jpg","datePublished":"2024-08-26T10:22:00+00:00","dateModified":"2025-12-22T11:34:18+00:00","breadcrumb":{"@id":"https:\/\/huntingeurope.be\/fr\/produit\/shotkam-gen-4-mini\/#breadcrumb"},"inLanguage":"fr-FR","potentialAction":[{"@type":"ReadAction","target":["https:\/\/huntingeurope.be\/fr\/produit\/shotkam-gen-4-mini\/"]}]},{"@type":"ImageObject","inLanguage":"fr-FR","@id":"https:\/\/huntingeurope.be\/fr\/produit\/shotkam-gen-4-mini\/#primaryimage","url":"https:\/\/huntingeurope.be\/wp-content\/uploads\/2024\/08\/SHOTKAM-2024-0002.jpg","contentUrl":"https:\/\/huntingeurope.be\/wp-content\/uploads\/2024\/08\/SHOTKAM-2024-0002.jpg","width":1638,"height":2048},{"@type":"BreadcrumbList","@id":"https:\/\/huntingeurope.be\/fr\/produit\/shotkam-gen-4-mini\/#breadcrumb","itemListElement":[{"@type":"ListItem","position":1,"name":"Home","item":"https:\/\/huntingeurope.be\/fr\/"},{"@type":"ListItem","position":2,"name":"Produits","item":"https:\/\/huntingeurope.be\/fr\/shop\/"},{"@type":"ListItem","position":3,"name":"ShotKam Gen 4 Mini"}]},{"@type":"WebSite","@id":"https:\/\/huntingeurope.be\/fr\/?lang=en\/#website","url":"https:\/\/huntingeurope.be\/fr\/?lang=en\/","name":"Hunting Europe","description":"Alles voor de jacht","publisher":{"@id":"https:\/\/huntingeurope.be\/fr\/?lang=en\/#organization"},"potentialAction":[{"@type":"SearchAction","target":{"@type":"EntryPoint","urlTemplate":"https:\/\/huntingeurope.be\/fr\/?lang=en\/?s={search_term_string}"},"query-input":{"@type":"PropertyValueSpecification","valueRequired":true,"valueName":"search_term_string"}}],"inLanguage":"fr-FR"},{"@type":"Organization","@id":"https:\/\/huntingeurope.be\/fr\/?lang=en\/#organization","name":"Hunting Europe","url":"https:\/\/huntingeurope.be\/fr\/?lang=en\/","logo":{"@type":"ImageObject","inLanguage":"fr-FR","@id":"https:\/\/huntingeurope.be\/fr\/?lang=en\/#\/schema\/logo\/image\/","url":"https:\/\/huntingeurope.be\/wp-content\/uploads\/2021\/10\/Huntingeurope-1-1.png","contentUrl":"https:\/\/huntingeurope.be\/wp-content\/uploads\/2021\/10\/Huntingeurope-1-1.png","width":280,"height":179,"caption":"Hunting Europe"},"image":{"@id":"https:\/\/huntingeurope.be\/fr\/?lang=en\/#\/schema\/logo\/image\/"},"sameAs":["https:\/\/www.facebook.com\/jachtwinkel.europe\/","https:\/\/www.instagram.com\/huntingeurope\/","https:\/\/www.youtube.com\/user\/NickolaySmet\/videos?view_as=subscriber"]}]}},"df_price":799,"df_sale_price":"","df_regular_price":799,"df_image_link":"https:\/\/huntingeurope.be\/wp-content\/uploads\/2024\/08\/SHOTKAM-2024-0002-240x300.jpg","_links":{"self":[{"href":"https:\/\/huntingeurope.be\/fr\/wp-json\/wp\/v2\/product\/47790","targetHints":{"allow":["GET"]}}],"collection":[{"href":"https:\/\/huntingeurope.be\/fr\/wp-json\/wp\/v2\/product"}],"about":[{"href":"https:\/\/huntingeurope.be\/fr\/wp-json\/wp\/v2\/types\/product"}],"wp:featuredmedia":[{"embeddable":true,"href":"https:\/\/huntingeurope.be\/fr\/wp-json\/wp\/v2\/media\/47677"}],"wp:attachment":[{"href":"https:\/\/huntingeurope.be\/fr\/wp-json\/wp\/v2\/media?parent=47790"}],"wp:term":[{"taxonomy":"product_brand","embeddable":true,"href":"https:\/\/huntingeurope.be\/fr\/wp-json\/wp\/v2\/product_brand?post=47790"},{"taxonomy":"product_cat","embeddable":true,"href":"https:\/\/huntingeurope.be\/fr\/wp-json\/wp\/v2\/product_cat?post=47790"},{"taxonomy":"product_tag","embeddable":true,"href":"https:\/\/huntingeurope.be\/fr\/wp-json\/wp\/v2\/product_tag?post=47790"}],"curies":[{"name":"wp","href":"https:\/\/api.w.org\/{rel}","templated":true}]}}