{"id":47789,"date":"2024-08-26T09:26:37","date_gmt":"2024-08-26T13:32:11","guid":{"rendered":"https:\/\/huntingeurope.be\/product\/collier-dogtrace-supplementaire-x30tb\/"},"modified":"2024-08-26T15:32:11","modified_gmt":"2024-08-26T13:32:11","slug":"collier-dogtrace-supplementaire-x30tb","status":"publish","type":"product","link":"https:\/\/huntingeurope.be\/fr\/produit\/collier-dogtrace-supplementaire-x30tb\/","title":{"rendered":"Collier Dogtrace suppl\u00e9mentaire X30TB"},"content":{"rendered":"<p><iframe loading=\"lazy\" title=\"GPS tracking devices for dogs | Dogtrace\" width=\"1080\" height=\"608\" src=\"https:\/\/www.youtube.com\/embed\/BAuQq1Qlm_A?feature=oembed\" frameborder=\"0\" allow=\"accelerometer; autoplay; clipboard-write; encrypted-media; gyroscope; picture-in-picture; web-share\" referrerpolicy=\"strict-origin-when-cross-origin\" allowfullscreen><\/iframe><\/p>\n","protected":false},"excerpt":{"rendered":"<p>Collier suppl\u00e9mentaire pour le traceur GPS Dogtrace X30TB Le collier GPS X30TB contient un module de dressage suppl\u00e9mentaire qui est \u00e9galement \u00e9quip\u00e9 de puissantes LED pour une signalisation lumineuse dans l&rsquo;obscurit\u00e9, ainsi que d&rsquo;un avertisseur sonore externe pour un suivi audible \u00e0 longue distance jusqu&rsquo;\u00e0 300m.<br \/>\nCollier sous-marin avec une autonomie de batterie d&rsquo;env.<br \/>\n40 \u00e0 50 heures en fonction de l&rsquo;utilisation (temps de charge de la batterie : environ 3 heures).<br \/>\nId\u00e9al pour les chiens \u00e0 partir d&rsquo;un tour de cou de 30 cm.<br \/>\nCompatible avec les t\u00e9l\u00e9commandes DOGTRACE GPS X30.<br \/>\nNon compatible avec les t\u00e9l\u00e9commandes DOGTRACE GPS X20.<br \/>\nLe collier peut \u00eatre facilement coupl\u00e9 \u00e0 plusieurs t\u00e9l\u00e9commandes en m\u00eame temps.<br \/>\nLivr\u00e9 avec chargeur et \u00e9tui pour le collier.<br \/>\nLivr\u00e9 avec une sangle orange.<br \/>\nSi vous souhaitez remplacer la laisse par une couleur diff\u00e9rente, vous pouvez acheter nos laisses en polyur\u00e9thane POLYTEC de 25 mm de large, disponibles dans une large gamme de couleurs (vendues s\u00e9par\u00e9ment).<br \/>\nDimensions du collier : 77 x 45 x 49 mm.<br \/>\nTaille du collier : 30 cm Poids : 172 g (sans laisse) Garantie : 2 ans             &nbsp;<\/p>\n","protected":false},"featured_media":47663,"template":"","meta":{"_joinchat":[]},"product_brand":[],"product_cat":[539],"product_tag":[],"class_list":{"0":"post-47789","1":"product","2":"type-product","3":"status-publish","4":"has-post-thumbnail","6":"product_cat-chien","8":"first","9":"onbackorder","10":"taxable","11":"shipping-taxable","12":"purchasable","13":"product-type-simple"},"yoast_head":"<!-- This site is optimized with the Yoast SEO plugin v27.6 - https:\/\/yoast.com\/product\/yoast-seo-wordpress\/ -->\n<title>Collier Dogtrace suppl\u00e9mentaire X30TB - Hunting Europe<\/title>\n<meta name=\"robots\" content=\"index, follow, max-snippet:-1, max-image-preview:large, max-video-preview:-1\" \/>\n<link rel=\"canonical\" href=\"https:\/\/huntingeurope.be\/fr\/produit\/collier-dogtrace-supplementaire-x30tb\/\" \/>\n<meta property=\"og:locale\" content=\"fr_FR\" \/>\n<meta property=\"og:type\" content=\"article\" \/>\n<meta property=\"og:title\" content=\"Collier Dogtrace suppl\u00e9mentaire X30TB - Hunting Europe\" \/>\n<meta property=\"og:description\" content=\"Collier suppl\u00e9mentaire pour le traceur GPS Dogtrace X30TB Le collier GPS X30TB contient un module de dressage suppl\u00e9mentaire qui est \u00e9galement \u00e9quip\u00e9 de puissantes LED pour une signalisation lumineuse dans l&#039;obscurit\u00e9, ainsi que d&#039;un avertisseur sonore externe pour un suivi audible \u00e0 longue distance jusqu&#039;\u00e0 300m. Collier sous-marin avec une autonomie de batterie d&#039;env. 40 \u00e0 50 heures en fonction de l&#039;utilisation (temps de charge de la batterie : environ 3 heures). Id\u00e9al pour les chiens \u00e0 partir d&#039;un tour de cou de 30 cm. Compatible avec les t\u00e9l\u00e9commandes DOGTRACE GPS X30. Non compatible avec les t\u00e9l\u00e9commandes DOGTRACE GPS X20. Le collier peut \u00eatre facilement coupl\u00e9 \u00e0 plusieurs t\u00e9l\u00e9commandes en m\u00eame temps. Livr\u00e9 avec chargeur et \u00e9tui pour le collier. Livr\u00e9 avec une sangle orange. Si vous souhaitez remplacer la laisse par une couleur diff\u00e9rente, vous pouvez acheter nos laisses en polyur\u00e9thane POLYTEC de 25 mm de large, disponibles dans une large gamme de couleurs (vendues s\u00e9par\u00e9ment). Dimensions du collier : 77 x 45 x 49 mm. Taille du collier : 30 cm Poids : 172 g (sans laisse) Garantie : 2 ans       &nbsp;\" \/>\n<meta property=\"og:url\" content=\"https:\/\/huntingeurope.be\/fr\/produit\/collier-dogtrace-supplementaire-x30tb\/\" \/>\n<meta property=\"og:site_name\" content=\"Hunting Europe\" \/>\n<meta property=\"article:publisher\" content=\"https:\/\/www.facebook.com\/jachtwinkel.europe\/\" \/>\n<meta property=\"og:image\" content=\"https:\/\/huntingeurope.be\/wp-content\/uploads\/2024\/08\/collar-adicional-dogtrace-x30-tb.jpg\" \/>\n\t<meta property=\"og:image:width\" content=\"1100\" \/>\n\t<meta property=\"og:image:height\" content=\"1100\" \/>\n\t<meta property=\"og:image:type\" content=\"image\/jpeg\" \/>\n<meta name=\"twitter:card\" content=\"summary_large_image\" \/>\n<script type=\"application\/ld+json\" class=\"yoast-schema-graph\">{\"@context\":\"https:\\\/\\\/schema.org\",\"@graph\":[{\"@type\":\"WebPage\",\"@id\":\"https:\\\/\\\/huntingeurope.be\\\/fr\\\/produit\\\/collier-dogtrace-supplementaire-x30tb\\\/\",\"url\":\"https:\\\/\\\/huntingeurope.be\\\/fr\\\/produit\\\/collier-dogtrace-supplementaire-x30tb\\\/\",\"name\":\"Collier Dogtrace suppl\u00e9mentaire X30TB - Hunting Europe\",\"isPartOf\":{\"@id\":\"https:\\\/\\\/huntingeurope.be\\\/fr\\\/?lang=en\\\/#website\"},\"primaryImageOfPage\":{\"@id\":\"https:\\\/\\\/huntingeurope.be\\\/fr\\\/produit\\\/collier-dogtrace-supplementaire-x30tb\\\/#primaryimage\"},\"image\":{\"@id\":\"https:\\\/\\\/huntingeurope.be\\\/fr\\\/produit\\\/collier-dogtrace-supplementaire-x30tb\\\/#primaryimage\"},\"thumbnailUrl\":\"https:\\\/\\\/huntingeurope.be\\\/wp-content\\\/uploads\\\/2024\\\/08\\\/collar-adicional-dogtrace-x30-tb.jpg\",\"datePublished\":\"2024-08-26T13:32:11+00:00\",\"breadcrumb\":{\"@id\":\"https:\\\/\\\/huntingeurope.be\\\/fr\\\/produit\\\/collier-dogtrace-supplementaire-x30tb\\\/#breadcrumb\"},\"inLanguage\":\"fr-FR\",\"potentialAction\":[{\"@type\":\"ReadAction\",\"target\":[\"https:\\\/\\\/huntingeurope.be\\\/fr\\\/produit\\\/collier-dogtrace-supplementaire-x30tb\\\/\"]}]},{\"@type\":\"ImageObject\",\"inLanguage\":\"fr-FR\",\"@id\":\"https:\\\/\\\/huntingeurope.be\\\/fr\\\/produit\\\/collier-dogtrace-supplementaire-x30tb\\\/#primaryimage\",\"url\":\"https:\\\/\\\/huntingeurope.be\\\/wp-content\\\/uploads\\\/2024\\\/08\\\/collar-adicional-dogtrace-x30-tb.jpg\",\"contentUrl\":\"https:\\\/\\\/huntingeurope.be\\\/wp-content\\\/uploads\\\/2024\\\/08\\\/collar-adicional-dogtrace-x30-tb.jpg\",\"width\":1100,\"height\":1100},{\"@type\":\"BreadcrumbList\",\"@id\":\"https:\\\/\\\/huntingeurope.be\\\/fr\\\/produit\\\/collier-dogtrace-supplementaire-x30tb\\\/#breadcrumb\",\"itemListElement\":[{\"@type\":\"ListItem\",\"position\":1,\"name\":\"Home\",\"item\":\"https:\\\/\\\/huntingeurope.be\\\/fr\\\/\"},{\"@type\":\"ListItem\",\"position\":2,\"name\":\"Produits\",\"item\":\"https:\\\/\\\/huntingeurope.be\\\/fr\\\/shop\\\/\"},{\"@type\":\"ListItem\",\"position\":3,\"name\":\"Collier Dogtrace suppl\u00e9mentaire X30TB\"}]},{\"@type\":\"WebSite\",\"@id\":\"https:\\\/\\\/huntingeurope.be\\\/fr\\\/?lang=en\\\/#website\",\"url\":\"https:\\\/\\\/huntingeurope.be\\\/fr\\\/?lang=en\\\/\",\"name\":\"Hunting Europe\",\"description\":\"Alles voor de jacht\",\"publisher\":{\"@id\":\"https:\\\/\\\/huntingeurope.be\\\/fr\\\/?lang=en\\\/#organization\"},\"potentialAction\":[{\"@type\":\"SearchAction\",\"target\":{\"@type\":\"EntryPoint\",\"urlTemplate\":\"https:\\\/\\\/huntingeurope.be\\\/fr\\\/?lang=en\\\/?s={search_term_string}\"},\"query-input\":{\"@type\":\"PropertyValueSpecification\",\"valueRequired\":true,\"valueName\":\"search_term_string\"}}],\"inLanguage\":\"fr-FR\"},{\"@type\":\"Organization\",\"@id\":\"https:\\\/\\\/huntingeurope.be\\\/fr\\\/?lang=en\\\/#organization\",\"name\":\"Hunting Europe\",\"url\":\"https:\\\/\\\/huntingeurope.be\\\/fr\\\/?lang=en\\\/\",\"logo\":{\"@type\":\"ImageObject\",\"inLanguage\":\"fr-FR\",\"@id\":\"https:\\\/\\\/huntingeurope.be\\\/fr\\\/?lang=en\\\/#\\\/schema\\\/logo\\\/image\\\/\",\"url\":\"https:\\\/\\\/huntingeurope.be\\\/wp-content\\\/uploads\\\/2021\\\/10\\\/Huntingeurope-1-1.png\",\"contentUrl\":\"https:\\\/\\\/huntingeurope.be\\\/wp-content\\\/uploads\\\/2021\\\/10\\\/Huntingeurope-1-1.png\",\"width\":280,\"height\":179,\"caption\":\"Hunting Europe\"},\"image\":{\"@id\":\"https:\\\/\\\/huntingeurope.be\\\/fr\\\/?lang=en\\\/#\\\/schema\\\/logo\\\/image\\\/\"},\"sameAs\":[\"https:\\\/\\\/www.facebook.com\\\/jachtwinkel.europe\\\/\",\"https:\\\/\\\/www.instagram.com\\\/huntingeurope\\\/\",\"https:\\\/\\\/www.youtube.com\\\/user\\\/NickolaySmet\\\/videos?view_as=subscriber\"]}]}<\/script>\n<!-- \/ Yoast SEO plugin. -->","yoast_head_json":{"title":"Collier Dogtrace suppl\u00e9mentaire X30TB - Hunting Europe","robots":{"index":"index","follow":"follow","max-snippet":"max-snippet:-1","max-image-preview":"max-image-preview:large","max-video-preview":"max-video-preview:-1"},"canonical":"https:\/\/huntingeurope.be\/fr\/produit\/collier-dogtrace-supplementaire-x30tb\/","og_locale":"fr_FR","og_type":"article","og_title":"Collier Dogtrace suppl\u00e9mentaire X30TB - Hunting Europe","og_description":"Collier suppl\u00e9mentaire pour le traceur GPS Dogtrace X30TB Le collier GPS X30TB contient un module de dressage suppl\u00e9mentaire qui est \u00e9galement \u00e9quip\u00e9 de puissantes LED pour une signalisation lumineuse dans l'obscurit\u00e9, ainsi que d'un avertisseur sonore externe pour un suivi audible \u00e0 longue distance jusqu'\u00e0 300m. Collier sous-marin avec une autonomie de batterie d'env. 40 \u00e0 50 heures en fonction de l'utilisation (temps de charge de la batterie : environ 3 heures). Id\u00e9al pour les chiens \u00e0 partir d'un tour de cou de 30 cm. Compatible avec les t\u00e9l\u00e9commandes DOGTRACE GPS X30. Non compatible avec les t\u00e9l\u00e9commandes DOGTRACE GPS X20. Le collier peut \u00eatre facilement coupl\u00e9 \u00e0 plusieurs t\u00e9l\u00e9commandes en m\u00eame temps. Livr\u00e9 avec chargeur et \u00e9tui pour le collier. Livr\u00e9 avec une sangle orange. Si vous souhaitez remplacer la laisse par une couleur diff\u00e9rente, vous pouvez acheter nos laisses en polyur\u00e9thane POLYTEC de 25 mm de large, disponibles dans une large gamme de couleurs (vendues s\u00e9par\u00e9ment). Dimensions du collier : 77 x 45 x 49 mm. Taille du collier : 30 cm Poids : 172 g (sans laisse) Garantie : 2 ans       &nbsp;","og_url":"https:\/\/huntingeurope.be\/fr\/produit\/collier-dogtrace-supplementaire-x30tb\/","og_site_name":"Hunting Europe","article_publisher":"https:\/\/www.facebook.com\/jachtwinkel.europe\/","og_image":[{"width":1100,"height":1100,"url":"https:\/\/huntingeurope.be\/wp-content\/uploads\/2024\/08\/collar-adicional-dogtrace-x30-tb.jpg","type":"image\/jpeg"}],"twitter_card":"summary_large_image","schema":{"@context":"https:\/\/schema.org","@graph":[{"@type":"WebPage","@id":"https:\/\/huntingeurope.be\/fr\/produit\/collier-dogtrace-supplementaire-x30tb\/","url":"https:\/\/huntingeurope.be\/fr\/produit\/collier-dogtrace-supplementaire-x30tb\/","name":"Collier Dogtrace suppl\u00e9mentaire X30TB - Hunting Europe","isPartOf":{"@id":"https:\/\/huntingeurope.be\/fr\/?lang=en\/#website"},"primaryImageOfPage":{"@id":"https:\/\/huntingeurope.be\/fr\/produit\/collier-dogtrace-supplementaire-x30tb\/#primaryimage"},"image":{"@id":"https:\/\/huntingeurope.be\/fr\/produit\/collier-dogtrace-supplementaire-x30tb\/#primaryimage"},"thumbnailUrl":"https:\/\/huntingeurope.be\/wp-content\/uploads\/2024\/08\/collar-adicional-dogtrace-x30-tb.jpg","datePublished":"2024-08-26T13:32:11+00:00","breadcrumb":{"@id":"https:\/\/huntingeurope.be\/fr\/produit\/collier-dogtrace-supplementaire-x30tb\/#breadcrumb"},"inLanguage":"fr-FR","potentialAction":[{"@type":"ReadAction","target":["https:\/\/huntingeurope.be\/fr\/produit\/collier-dogtrace-supplementaire-x30tb\/"]}]},{"@type":"ImageObject","inLanguage":"fr-FR","@id":"https:\/\/huntingeurope.be\/fr\/produit\/collier-dogtrace-supplementaire-x30tb\/#primaryimage","url":"https:\/\/huntingeurope.be\/wp-content\/uploads\/2024\/08\/collar-adicional-dogtrace-x30-tb.jpg","contentUrl":"https:\/\/huntingeurope.be\/wp-content\/uploads\/2024\/08\/collar-adicional-dogtrace-x30-tb.jpg","width":1100,"height":1100},{"@type":"BreadcrumbList","@id":"https:\/\/huntingeurope.be\/fr\/produit\/collier-dogtrace-supplementaire-x30tb\/#breadcrumb","itemListElement":[{"@type":"ListItem","position":1,"name":"Home","item":"https:\/\/huntingeurope.be\/fr\/"},{"@type":"ListItem","position":2,"name":"Produits","item":"https:\/\/huntingeurope.be\/fr\/shop\/"},{"@type":"ListItem","position":3,"name":"Collier Dogtrace suppl\u00e9mentaire X30TB"}]},{"@type":"WebSite","@id":"https:\/\/huntingeurope.be\/fr\/?lang=en\/#website","url":"https:\/\/huntingeurope.be\/fr\/?lang=en\/","name":"Hunting Europe","description":"Alles voor de jacht","publisher":{"@id":"https:\/\/huntingeurope.be\/fr\/?lang=en\/#organization"},"potentialAction":[{"@type":"SearchAction","target":{"@type":"EntryPoint","urlTemplate":"https:\/\/huntingeurope.be\/fr\/?lang=en\/?s={search_term_string}"},"query-input":{"@type":"PropertyValueSpecification","valueRequired":true,"valueName":"search_term_string"}}],"inLanguage":"fr-FR"},{"@type":"Organization","@id":"https:\/\/huntingeurope.be\/fr\/?lang=en\/#organization","name":"Hunting Europe","url":"https:\/\/huntingeurope.be\/fr\/?lang=en\/","logo":{"@type":"ImageObject","inLanguage":"fr-FR","@id":"https:\/\/huntingeurope.be\/fr\/?lang=en\/#\/schema\/logo\/image\/","url":"https:\/\/huntingeurope.be\/wp-content\/uploads\/2021\/10\/Huntingeurope-1-1.png","contentUrl":"https:\/\/huntingeurope.be\/wp-content\/uploads\/2021\/10\/Huntingeurope-1-1.png","width":280,"height":179,"caption":"Hunting Europe"},"image":{"@id":"https:\/\/huntingeurope.be\/fr\/?lang=en\/#\/schema\/logo\/image\/"},"sameAs":["https:\/\/www.facebook.com\/jachtwinkel.europe\/","https:\/\/www.instagram.com\/huntingeurope\/","https:\/\/www.youtube.com\/user\/NickolaySmet\/videos?view_as=subscriber"]}]}},"df_price":399,"df_sale_price":"","df_regular_price":399,"df_image_link":"https:\/\/huntingeurope.be\/wp-content\/uploads\/2024\/08\/collar-adicional-dogtrace-x30-tb-300x300.jpg","_links":{"self":[{"href":"https:\/\/huntingeurope.be\/fr\/wp-json\/wp\/v2\/product\/47789","targetHints":{"allow":["GET"]}}],"collection":[{"href":"https:\/\/huntingeurope.be\/fr\/wp-json\/wp\/v2\/product"}],"about":[{"href":"https:\/\/huntingeurope.be\/fr\/wp-json\/wp\/v2\/types\/product"}],"wp:featuredmedia":[{"embeddable":true,"href":"https:\/\/huntingeurope.be\/fr\/wp-json\/wp\/v2\/media\/47663"}],"wp:attachment":[{"href":"https:\/\/huntingeurope.be\/fr\/wp-json\/wp\/v2\/media?parent=47789"}],"wp:term":[{"taxonomy":"product_brand","embeddable":true,"href":"https:\/\/huntingeurope.be\/fr\/wp-json\/wp\/v2\/product_brand?post=47789"},{"taxonomy":"product_cat","embeddable":true,"href":"https:\/\/huntingeurope.be\/fr\/wp-json\/wp\/v2\/product_cat?post=47789"},{"taxonomy":"product_tag","embeddable":true,"href":"https:\/\/huntingeurope.be\/fr\/wp-json\/wp\/v2\/product_tag?post=47789"}],"curies":[{"name":"wp","href":"https:\/\/api.w.org\/{rel}","templated":true}]}}