{"id":47595,"date":"2024-08-20T15:41:13","date_gmt":"2024-08-20T13:41:13","guid":{"rendered":"https:\/\/huntingeurope.be\/product\/gilet-westmorland-wax-archive-olive\/"},"modified":"2026-01-21T10:59:59","modified_gmt":"2026-01-21T09:59:59","slug":"gilet-westmorland-wax-archive-olive","status":"publish","type":"product","link":"https:\/\/huntingeurope.be\/fr\/produit\/gilet-westmorland-wax-archive-olive\/","title":{"rendered":"Gilet Westmorland Wax &#8211; Archive Olive"},"content":{"rendered":"<p>Ext\u00e9rieur : 100% coton (cir\u00e9)<br \/>\nDoublure : 100% coton<br \/>\nBordure : 100% cuir<br \/>\nCoton cir\u00e9 6oz<br \/>\nBroderie Barbour sur le rabat de la poche avant.<br \/>\nLongueur du dos : 77,5cm<br \/>\nNe pas laver<br \/>\nNettoyage \u00e0 l&rsquo;\u00e9ponge uniquement<\/p>\n","protected":false},"excerpt":{"rendered":"<p>Issu de la collection Country, le Westmorland actualise le gilet classique pour homme de Barbour en coton cir\u00e9 Sylkoil. Cette version moderne du gilet de base offre la m\u00eame protection robuste que ses pr\u00e9d\u00e9cesseurs, mais la cire Sylkoil offre une sensation plus souple et un toucher plus sec que la finition traditionnelle \u00ab\u00a0Thornproof\u00a0\u00bb. L\u00e9g\u00e8rement ouat\u00e9 pour plus de chaleur, il se ferme \u00e0 l&rsquo;aide d&rsquo;une fermeture \u00e0 glissi\u00e8re bidirectionnelle et d&rsquo;une braguette clout\u00e9e pour emp\u00eacher le vent et la pluie de p\u00e9n\u00e9trer. Le Westmorland est truff\u00e9 de caract\u00e9ristiques Barbour qui allient style et praticit\u00e9. Les poches chauffe-mains doubl\u00e9es de moleskine sont indispensables les jours de grand froid, deux poches \u00e0 soufflet g\u00e9n\u00e9reuses permettent de garder les objets essentiels \u00e0 port\u00e9e de main sans les encombrer, le col doubl\u00e9 de velours c\u00f4tel\u00e9 est merveilleusement doux contre la peau, et la doublure en coton est l\u00e9g\u00e8re, confortable et habill\u00e9e du tartan embl\u00e9matique de Barbour.    <\/p>\n","protected":false},"featured_media":47306,"template":"","meta":{"_joinchat":[]},"product_brand":[],"product_cat":[563],"product_tag":[],"class_list":{"0":"post-47595","1":"product","2":"type-product","3":"status-publish","4":"has-post-thumbnail","6":"product_cat-gilets-vetements","8":"first","9":"instock","10":"taxable","11":"shipping-taxable","12":"purchasable","13":"product-type-variable"},"yoast_head":"<!-- This site is optimized with the Yoast SEO plugin v27.4 - https:\/\/yoast.com\/product\/yoast-seo-wordpress\/ -->\n<title>Gilet Westmorland Wax - Archive Olive - Hunting Europe<\/title>\n<meta name=\"robots\" content=\"index, follow, max-snippet:-1, max-image-preview:large, max-video-preview:-1\" \/>\n<link rel=\"canonical\" href=\"https:\/\/huntingeurope.be\/fr\/produit\/gilet-westmorland-wax-archive-olive\/\" \/>\n<meta property=\"og:locale\" content=\"fr_FR\" \/>\n<meta property=\"og:type\" content=\"article\" \/>\n<meta property=\"og:title\" content=\"Gilet Westmorland Wax - Archive Olive - Hunting Europe\" \/>\n<meta property=\"og:description\" content=\"Issu de la collection Country, le Westmorland actualise le gilet classique pour homme de Barbour en coton cir\u00e9 Sylkoil. Cette version moderne du gilet de base offre la m\u00eame protection robuste que ses pr\u00e9d\u00e9cesseurs, mais la cire Sylkoil offre une sensation plus souple et un toucher plus sec que la finition traditionnelle &quot;Thornproof&quot;. L\u00e9g\u00e8rement ouat\u00e9 pour plus de chaleur, il se ferme \u00e0 l&#039;aide d&#039;une fermeture \u00e0 glissi\u00e8re bidirectionnelle et d&#039;une braguette clout\u00e9e pour emp\u00eacher le vent et la pluie de p\u00e9n\u00e9trer. Le Westmorland est truff\u00e9 de caract\u00e9ristiques Barbour qui allient style et praticit\u00e9. Les poches chauffe-mains doubl\u00e9es de moleskine sont indispensables les jours de grand froid, deux poches \u00e0 soufflet g\u00e9n\u00e9reuses permettent de garder les objets essentiels \u00e0 port\u00e9e de main sans les encombrer, le col doubl\u00e9 de velours c\u00f4tel\u00e9 est merveilleusement doux contre la peau, et la doublure en coton est l\u00e9g\u00e8re, confortable et habill\u00e9e du tartan embl\u00e9matique de Barbour.\" \/>\n<meta property=\"og:url\" content=\"https:\/\/huntingeurope.be\/fr\/produit\/gilet-westmorland-wax-archive-olive\/\" \/>\n<meta property=\"og:site_name\" content=\"Hunting Europe\" \/>\n<meta property=\"article:publisher\" content=\"https:\/\/www.facebook.com\/jachtwinkel.europe\/\" \/>\n<meta property=\"article:modified_time\" content=\"2026-01-21T09:59:59+00:00\" \/>\n<meta property=\"og:image\" content=\"https:\/\/huntingeurope.be\/wp-content\/uploads\/2024\/08\/westmorland-jacket.jpg\" \/>\n\t<meta property=\"og:image:width\" content=\"1500\" \/>\n\t<meta property=\"og:image:height\" content=\"1836\" \/>\n\t<meta property=\"og:image:type\" content=\"image\/jpeg\" \/>\n<meta name=\"twitter:card\" content=\"summary_large_image\" \/>\n<script type=\"application\/ld+json\" class=\"yoast-schema-graph\">{\"@context\":\"https:\\\/\\\/schema.org\",\"@graph\":[{\"@type\":\"WebPage\",\"@id\":\"https:\\\/\\\/huntingeurope.be\\\/fr\\\/produit\\\/gilet-westmorland-wax-archive-olive\\\/\",\"url\":\"https:\\\/\\\/huntingeurope.be\\\/fr\\\/produit\\\/gilet-westmorland-wax-archive-olive\\\/\",\"name\":\"Gilet Westmorland Wax - Archive Olive - Hunting Europe\",\"isPartOf\":{\"@id\":\"https:\\\/\\\/huntingeurope.be\\\/fr\\\/?lang=en\\\/#website\"},\"primaryImageOfPage\":{\"@id\":\"https:\\\/\\\/huntingeurope.be\\\/fr\\\/produit\\\/gilet-westmorland-wax-archive-olive\\\/#primaryimage\"},\"image\":{\"@id\":\"https:\\\/\\\/huntingeurope.be\\\/fr\\\/produit\\\/gilet-westmorland-wax-archive-olive\\\/#primaryimage\"},\"thumbnailUrl\":\"https:\\\/\\\/huntingeurope.be\\\/wp-content\\\/uploads\\\/2024\\\/08\\\/westmorland-jacket.jpg\",\"datePublished\":\"2024-08-20T13:41:13+00:00\",\"dateModified\":\"2026-01-21T09:59:59+00:00\",\"breadcrumb\":{\"@id\":\"https:\\\/\\\/huntingeurope.be\\\/fr\\\/produit\\\/gilet-westmorland-wax-archive-olive\\\/#breadcrumb\"},\"inLanguage\":\"fr-FR\",\"potentialAction\":[{\"@type\":\"ReadAction\",\"target\":[\"https:\\\/\\\/huntingeurope.be\\\/fr\\\/produit\\\/gilet-westmorland-wax-archive-olive\\\/\"]}]},{\"@type\":\"ImageObject\",\"inLanguage\":\"fr-FR\",\"@id\":\"https:\\\/\\\/huntingeurope.be\\\/fr\\\/produit\\\/gilet-westmorland-wax-archive-olive\\\/#primaryimage\",\"url\":\"https:\\\/\\\/huntingeurope.be\\\/wp-content\\\/uploads\\\/2024\\\/08\\\/westmorland-jacket.jpg\",\"contentUrl\":\"https:\\\/\\\/huntingeurope.be\\\/wp-content\\\/uploads\\\/2024\\\/08\\\/westmorland-jacket.jpg\",\"width\":1500,\"height\":1836},{\"@type\":\"BreadcrumbList\",\"@id\":\"https:\\\/\\\/huntingeurope.be\\\/fr\\\/produit\\\/gilet-westmorland-wax-archive-olive\\\/#breadcrumb\",\"itemListElement\":[{\"@type\":\"ListItem\",\"position\":1,\"name\":\"Home\",\"item\":\"https:\\\/\\\/huntingeurope.be\\\/fr\\\/\"},{\"@type\":\"ListItem\",\"position\":2,\"name\":\"Produits\",\"item\":\"https:\\\/\\\/huntingeurope.be\\\/fr\\\/shop\\\/\"},{\"@type\":\"ListItem\",\"position\":3,\"name\":\"Gilet Westmorland Wax &#8211; Archive Olive\"}]},{\"@type\":\"WebSite\",\"@id\":\"https:\\\/\\\/huntingeurope.be\\\/fr\\\/?lang=en\\\/#website\",\"url\":\"https:\\\/\\\/huntingeurope.be\\\/fr\\\/?lang=en\\\/\",\"name\":\"Hunting Europe\",\"description\":\"Alles voor de jacht\",\"publisher\":{\"@id\":\"https:\\\/\\\/huntingeurope.be\\\/fr\\\/?lang=en\\\/#organization\"},\"potentialAction\":[{\"@type\":\"SearchAction\",\"target\":{\"@type\":\"EntryPoint\",\"urlTemplate\":\"https:\\\/\\\/huntingeurope.be\\\/fr\\\/?lang=en\\\/?s={search_term_string}\"},\"query-input\":{\"@type\":\"PropertyValueSpecification\",\"valueRequired\":true,\"valueName\":\"search_term_string\"}}],\"inLanguage\":\"fr-FR\"},{\"@type\":\"Organization\",\"@id\":\"https:\\\/\\\/huntingeurope.be\\\/fr\\\/?lang=en\\\/#organization\",\"name\":\"Hunting Europe\",\"url\":\"https:\\\/\\\/huntingeurope.be\\\/fr\\\/?lang=en\\\/\",\"logo\":{\"@type\":\"ImageObject\",\"inLanguage\":\"fr-FR\",\"@id\":\"https:\\\/\\\/huntingeurope.be\\\/fr\\\/?lang=en\\\/#\\\/schema\\\/logo\\\/image\\\/\",\"url\":\"https:\\\/\\\/huntingeurope.be\\\/wp-content\\\/uploads\\\/2021\\\/10\\\/Huntingeurope-1-1.png\",\"contentUrl\":\"https:\\\/\\\/huntingeurope.be\\\/wp-content\\\/uploads\\\/2021\\\/10\\\/Huntingeurope-1-1.png\",\"width\":280,\"height\":179,\"caption\":\"Hunting Europe\"},\"image\":{\"@id\":\"https:\\\/\\\/huntingeurope.be\\\/fr\\\/?lang=en\\\/#\\\/schema\\\/logo\\\/image\\\/\"},\"sameAs\":[\"https:\\\/\\\/www.facebook.com\\\/jachtwinkel.europe\\\/\",\"https:\\\/\\\/www.instagram.com\\\/huntingeurope\\\/\",\"https:\\\/\\\/www.youtube.com\\\/user\\\/NickolaySmet\\\/videos?view_as=subscriber\"]}]}<\/script>\n<!-- \/ Yoast SEO plugin. -->","yoast_head_json":{"title":"Gilet Westmorland Wax - Archive Olive - Hunting Europe","robots":{"index":"index","follow":"follow","max-snippet":"max-snippet:-1","max-image-preview":"max-image-preview:large","max-video-preview":"max-video-preview:-1"},"canonical":"https:\/\/huntingeurope.be\/fr\/produit\/gilet-westmorland-wax-archive-olive\/","og_locale":"fr_FR","og_type":"article","og_title":"Gilet Westmorland Wax - Archive Olive - Hunting Europe","og_description":"Issu de la collection Country, le Westmorland actualise le gilet classique pour homme de Barbour en coton cir\u00e9 Sylkoil. Cette version moderne du gilet de base offre la m\u00eame protection robuste que ses pr\u00e9d\u00e9cesseurs, mais la cire Sylkoil offre une sensation plus souple et un toucher plus sec que la finition traditionnelle \"Thornproof\". L\u00e9g\u00e8rement ouat\u00e9 pour plus de chaleur, il se ferme \u00e0 l'aide d'une fermeture \u00e0 glissi\u00e8re bidirectionnelle et d'une braguette clout\u00e9e pour emp\u00eacher le vent et la pluie de p\u00e9n\u00e9trer. Le Westmorland est truff\u00e9 de caract\u00e9ristiques Barbour qui allient style et praticit\u00e9. Les poches chauffe-mains doubl\u00e9es de moleskine sont indispensables les jours de grand froid, deux poches \u00e0 soufflet g\u00e9n\u00e9reuses permettent de garder les objets essentiels \u00e0 port\u00e9e de main sans les encombrer, le col doubl\u00e9 de velours c\u00f4tel\u00e9 est merveilleusement doux contre la peau, et la doublure en coton est l\u00e9g\u00e8re, confortable et habill\u00e9e du tartan embl\u00e9matique de Barbour.","og_url":"https:\/\/huntingeurope.be\/fr\/produit\/gilet-westmorland-wax-archive-olive\/","og_site_name":"Hunting Europe","article_publisher":"https:\/\/www.facebook.com\/jachtwinkel.europe\/","article_modified_time":"2026-01-21T09:59:59+00:00","og_image":[{"width":1500,"height":1836,"url":"https:\/\/huntingeurope.be\/wp-content\/uploads\/2024\/08\/westmorland-jacket.jpg","type":"image\/jpeg"}],"twitter_card":"summary_large_image","schema":{"@context":"https:\/\/schema.org","@graph":[{"@type":"WebPage","@id":"https:\/\/huntingeurope.be\/fr\/produit\/gilet-westmorland-wax-archive-olive\/","url":"https:\/\/huntingeurope.be\/fr\/produit\/gilet-westmorland-wax-archive-olive\/","name":"Gilet Westmorland Wax - Archive Olive - Hunting Europe","isPartOf":{"@id":"https:\/\/huntingeurope.be\/fr\/?lang=en\/#website"},"primaryImageOfPage":{"@id":"https:\/\/huntingeurope.be\/fr\/produit\/gilet-westmorland-wax-archive-olive\/#primaryimage"},"image":{"@id":"https:\/\/huntingeurope.be\/fr\/produit\/gilet-westmorland-wax-archive-olive\/#primaryimage"},"thumbnailUrl":"https:\/\/huntingeurope.be\/wp-content\/uploads\/2024\/08\/westmorland-jacket.jpg","datePublished":"2024-08-20T13:41:13+00:00","dateModified":"2026-01-21T09:59:59+00:00","breadcrumb":{"@id":"https:\/\/huntingeurope.be\/fr\/produit\/gilet-westmorland-wax-archive-olive\/#breadcrumb"},"inLanguage":"fr-FR","potentialAction":[{"@type":"ReadAction","target":["https:\/\/huntingeurope.be\/fr\/produit\/gilet-westmorland-wax-archive-olive\/"]}]},{"@type":"ImageObject","inLanguage":"fr-FR","@id":"https:\/\/huntingeurope.be\/fr\/produit\/gilet-westmorland-wax-archive-olive\/#primaryimage","url":"https:\/\/huntingeurope.be\/wp-content\/uploads\/2024\/08\/westmorland-jacket.jpg","contentUrl":"https:\/\/huntingeurope.be\/wp-content\/uploads\/2024\/08\/westmorland-jacket.jpg","width":1500,"height":1836},{"@type":"BreadcrumbList","@id":"https:\/\/huntingeurope.be\/fr\/produit\/gilet-westmorland-wax-archive-olive\/#breadcrumb","itemListElement":[{"@type":"ListItem","position":1,"name":"Home","item":"https:\/\/huntingeurope.be\/fr\/"},{"@type":"ListItem","position":2,"name":"Produits","item":"https:\/\/huntingeurope.be\/fr\/shop\/"},{"@type":"ListItem","position":3,"name":"Gilet Westmorland Wax &#8211; Archive Olive"}]},{"@type":"WebSite","@id":"https:\/\/huntingeurope.be\/fr\/?lang=en\/#website","url":"https:\/\/huntingeurope.be\/fr\/?lang=en\/","name":"Hunting Europe","description":"Alles voor de jacht","publisher":{"@id":"https:\/\/huntingeurope.be\/fr\/?lang=en\/#organization"},"potentialAction":[{"@type":"SearchAction","target":{"@type":"EntryPoint","urlTemplate":"https:\/\/huntingeurope.be\/fr\/?lang=en\/?s={search_term_string}"},"query-input":{"@type":"PropertyValueSpecification","valueRequired":true,"valueName":"search_term_string"}}],"inLanguage":"fr-FR"},{"@type":"Organization","@id":"https:\/\/huntingeurope.be\/fr\/?lang=en\/#organization","name":"Hunting Europe","url":"https:\/\/huntingeurope.be\/fr\/?lang=en\/","logo":{"@type":"ImageObject","inLanguage":"fr-FR","@id":"https:\/\/huntingeurope.be\/fr\/?lang=en\/#\/schema\/logo\/image\/","url":"https:\/\/huntingeurope.be\/wp-content\/uploads\/2021\/10\/Huntingeurope-1-1.png","contentUrl":"https:\/\/huntingeurope.be\/wp-content\/uploads\/2021\/10\/Huntingeurope-1-1.png","width":280,"height":179,"caption":"Hunting Europe"},"image":{"@id":"https:\/\/huntingeurope.be\/fr\/?lang=en\/#\/schema\/logo\/image\/"},"sameAs":["https:\/\/www.facebook.com\/jachtwinkel.europe\/","https:\/\/www.instagram.com\/huntingeurope\/","https:\/\/www.youtube.com\/user\/NickolaySmet\/videos?view_as=subscriber"]}]}},"df_price":259.95,"df_sale_price":"","df_regular_price":259.95,"df_image_link":"https:\/\/huntingeurope.be\/wp-content\/uploads\/2024\/08\/westmorland-jacket-245x300.jpg","_links":{"self":[{"href":"https:\/\/huntingeurope.be\/fr\/wp-json\/wp\/v2\/product\/47595","targetHints":{"allow":["GET"]}}],"collection":[{"href":"https:\/\/huntingeurope.be\/fr\/wp-json\/wp\/v2\/product"}],"about":[{"href":"https:\/\/huntingeurope.be\/fr\/wp-json\/wp\/v2\/types\/product"}],"wp:featuredmedia":[{"embeddable":true,"href":"https:\/\/huntingeurope.be\/fr\/wp-json\/wp\/v2\/media\/47306"}],"wp:attachment":[{"href":"https:\/\/huntingeurope.be\/fr\/wp-json\/wp\/v2\/media?parent=47595"}],"wp:term":[{"taxonomy":"product_brand","embeddable":true,"href":"https:\/\/huntingeurope.be\/fr\/wp-json\/wp\/v2\/product_brand?post=47595"},{"taxonomy":"product_cat","embeddable":true,"href":"https:\/\/huntingeurope.be\/fr\/wp-json\/wp\/v2\/product_cat?post=47595"},{"taxonomy":"product_tag","embeddable":true,"href":"https:\/\/huntingeurope.be\/fr\/wp-json\/wp\/v2\/product_tag?post=47595"}],"curies":[{"name":"wp","href":"https:\/\/api.w.org\/{rel}","templated":true}]}}