{"id":45938,"date":"2024-03-29T14:05:16","date_gmt":"2024-03-29T16:23:32","guid":{"rendered":"https:\/\/huntingeurope.be\/product\/mora-basic-546-edition-limitee\/"},"modified":"2024-03-29T17:31:16","modified_gmt":"2024-03-29T16:31:16","slug":"mora-basic-546-edition-limitee","status":"publish","type":"product","link":"https:\/\/huntingeurope.be\/fr\/produit\/mora-basic-546-edition-limitee\/","title":{"rendered":"Mora Basic 546 \u00e9dition limit\u00e9e"},"content":{"rendered":"<p>La <strong>Mora Basic 546 Limited Edition 2023 Stainless<\/strong> est une montre de qualit\u00e9 sup\u00e9rieure et polyvalente. Chaque ann\u00e9e, Morakniv sort une nouvelle \u00e9dition limit\u00e9e. La m\u00eame qualit\u00e9 et la m\u00eame facilit\u00e9 d&rsquo;utilisation, mais avec des couleurs diff\u00e9rentes. Cette ann\u00e9e, il s&rsquo;agit d&rsquo;une combinaison du rouge Dala et du jaune Zorng\u00e5rden : Rouge Dala et Jaune Zorng\u00e5rden. Inspir\u00e9 par le jaune chatoyant de Zorng\u00e5rden au c\u0153ur de Mora, ainsi que par la magnifique couleur rouge qui donne du caract\u00e8re aux couteaux de Morakniv depuis des d\u00e9cennies.<\/p>\n","protected":false},"excerpt":{"rendered":"<p>La Mora Basic 546 Limited Edition 2023 Stainless est une montre de qualit\u00e9 sup\u00e9rieure et polyvalente. Chaque ann\u00e9e, Morakniv sort une nouvelle \u00e9dition limit\u00e9e. La&#8230;<\/p>\n","protected":false},"featured_media":45796,"template":"","meta":{"_joinchat":[]},"product_brand":[],"product_cat":[526],"product_tag":[],"class_list":{"0":"post-45938","1":"product","2":"type-product","3":"status-publish","4":"has-post-thumbnail","6":"product_cat-couteaux","8":"first","9":"instock","10":"taxable","11":"shipping-taxable","12":"purchasable","13":"product-type-simple"},"yoast_head":"<!-- This site is optimized with the Yoast SEO plugin v27.5 - https:\/\/yoast.com\/product\/yoast-seo-wordpress\/ -->\n<title>Mora Basic 546 \u00e9dition limit\u00e9e - Hunting Europe<\/title>\n<meta name=\"robots\" content=\"index, follow, max-snippet:-1, max-image-preview:large, max-video-preview:-1\" \/>\n<link rel=\"canonical\" href=\"https:\/\/huntingeurope.be\/fr\/produit\/mora-basic-546-edition-limitee\/\" \/>\n<meta property=\"og:locale\" content=\"fr_FR\" \/>\n<meta property=\"og:type\" content=\"article\" \/>\n<meta property=\"og:title\" content=\"Mora Basic 546 \u00e9dition limit\u00e9e - Hunting Europe\" \/>\n<meta property=\"og:description\" content=\"La Mora Basic 546 Limited Edition 2023 Stainless est une montre de qualit\u00e9 sup\u00e9rieure et polyvalente. Chaque ann\u00e9e, Morakniv sort une nouvelle \u00e9dition limit\u00e9e. La...\" \/>\n<meta property=\"og:url\" content=\"https:\/\/huntingeurope.be\/fr\/produit\/mora-basic-546-edition-limitee\/\" \/>\n<meta property=\"og:site_name\" content=\"Hunting Europe\" \/>\n<meta property=\"article:publisher\" content=\"https:\/\/www.facebook.com\/jachtwinkel.europe\/\" \/>\n<meta property=\"article:modified_time\" content=\"2024-03-29T16:31:16+00:00\" \/>\n<meta property=\"og:image\" content=\"https:\/\/huntingeurope.be\/wp-content\/uploads\/2024\/03\/MO14148_01_morakniv-scaled.webp\" \/>\n\t<meta property=\"og:image:width\" content=\"2560\" \/>\n\t<meta property=\"og:image:height\" content=\"1707\" \/>\n\t<meta property=\"og:image:type\" content=\"image\/webp\" \/>\n<meta name=\"twitter:card\" content=\"summary_large_image\" \/>\n<script type=\"application\/ld+json\" class=\"yoast-schema-graph\">{\"@context\":\"https:\\\/\\\/schema.org\",\"@graph\":[{\"@type\":\"WebPage\",\"@id\":\"https:\\\/\\\/huntingeurope.be\\\/fr\\\/produit\\\/mora-basic-546-edition-limitee\\\/\",\"url\":\"https:\\\/\\\/huntingeurope.be\\\/fr\\\/produit\\\/mora-basic-546-edition-limitee\\\/\",\"name\":\"Mora Basic 546 \u00e9dition limit\u00e9e - Hunting Europe\",\"isPartOf\":{\"@id\":\"https:\\\/\\\/huntingeurope.be\\\/fr\\\/?lang=en\\\/#website\"},\"primaryImageOfPage\":{\"@id\":\"https:\\\/\\\/huntingeurope.be\\\/fr\\\/produit\\\/mora-basic-546-edition-limitee\\\/#primaryimage\"},\"image\":{\"@id\":\"https:\\\/\\\/huntingeurope.be\\\/fr\\\/produit\\\/mora-basic-546-edition-limitee\\\/#primaryimage\"},\"thumbnailUrl\":\"https:\\\/\\\/huntingeurope.be\\\/wp-content\\\/uploads\\\/2024\\\/03\\\/MO14148_01_morakniv-scaled.webp\",\"datePublished\":\"2024-03-29T16:23:32+00:00\",\"dateModified\":\"2024-03-29T16:31:16+00:00\",\"breadcrumb\":{\"@id\":\"https:\\\/\\\/huntingeurope.be\\\/fr\\\/produit\\\/mora-basic-546-edition-limitee\\\/#breadcrumb\"},\"inLanguage\":\"fr-FR\",\"potentialAction\":[{\"@type\":\"ReadAction\",\"target\":[\"https:\\\/\\\/huntingeurope.be\\\/fr\\\/produit\\\/mora-basic-546-edition-limitee\\\/\"]}]},{\"@type\":\"ImageObject\",\"inLanguage\":\"fr-FR\",\"@id\":\"https:\\\/\\\/huntingeurope.be\\\/fr\\\/produit\\\/mora-basic-546-edition-limitee\\\/#primaryimage\",\"url\":\"https:\\\/\\\/huntingeurope.be\\\/wp-content\\\/uploads\\\/2024\\\/03\\\/MO14148_01_morakniv-scaled.webp\",\"contentUrl\":\"https:\\\/\\\/huntingeurope.be\\\/wp-content\\\/uploads\\\/2024\\\/03\\\/MO14148_01_morakniv-scaled.webp\",\"width\":2560,\"height\":1707},{\"@type\":\"BreadcrumbList\",\"@id\":\"https:\\\/\\\/huntingeurope.be\\\/fr\\\/produit\\\/mora-basic-546-edition-limitee\\\/#breadcrumb\",\"itemListElement\":[{\"@type\":\"ListItem\",\"position\":1,\"name\":\"Home\",\"item\":\"https:\\\/\\\/huntingeurope.be\\\/fr\\\/\"},{\"@type\":\"ListItem\",\"position\":2,\"name\":\"Produits\",\"item\":\"https:\\\/\\\/huntingeurope.be\\\/fr\\\/shop\\\/\"},{\"@type\":\"ListItem\",\"position\":3,\"name\":\"Mora Basic 546 \u00e9dition limit\u00e9e\"}]},{\"@type\":\"WebSite\",\"@id\":\"https:\\\/\\\/huntingeurope.be\\\/fr\\\/?lang=en\\\/#website\",\"url\":\"https:\\\/\\\/huntingeurope.be\\\/fr\\\/?lang=en\\\/\",\"name\":\"Hunting Europe\",\"description\":\"Alles voor de jacht\",\"publisher\":{\"@id\":\"https:\\\/\\\/huntingeurope.be\\\/fr\\\/?lang=en\\\/#organization\"},\"potentialAction\":[{\"@type\":\"SearchAction\",\"target\":{\"@type\":\"EntryPoint\",\"urlTemplate\":\"https:\\\/\\\/huntingeurope.be\\\/fr\\\/?lang=en\\\/?s={search_term_string}\"},\"query-input\":{\"@type\":\"PropertyValueSpecification\",\"valueRequired\":true,\"valueName\":\"search_term_string\"}}],\"inLanguage\":\"fr-FR\"},{\"@type\":\"Organization\",\"@id\":\"https:\\\/\\\/huntingeurope.be\\\/fr\\\/?lang=en\\\/#organization\",\"name\":\"Hunting Europe\",\"url\":\"https:\\\/\\\/huntingeurope.be\\\/fr\\\/?lang=en\\\/\",\"logo\":{\"@type\":\"ImageObject\",\"inLanguage\":\"fr-FR\",\"@id\":\"https:\\\/\\\/huntingeurope.be\\\/fr\\\/?lang=en\\\/#\\\/schema\\\/logo\\\/image\\\/\",\"url\":\"https:\\\/\\\/huntingeurope.be\\\/wp-content\\\/uploads\\\/2021\\\/10\\\/Huntingeurope-1-1.png\",\"contentUrl\":\"https:\\\/\\\/huntingeurope.be\\\/wp-content\\\/uploads\\\/2021\\\/10\\\/Huntingeurope-1-1.png\",\"width\":280,\"height\":179,\"caption\":\"Hunting Europe\"},\"image\":{\"@id\":\"https:\\\/\\\/huntingeurope.be\\\/fr\\\/?lang=en\\\/#\\\/schema\\\/logo\\\/image\\\/\"},\"sameAs\":[\"https:\\\/\\\/www.facebook.com\\\/jachtwinkel.europe\\\/\",\"https:\\\/\\\/www.instagram.com\\\/huntingeurope\\\/\",\"https:\\\/\\\/www.youtube.com\\\/user\\\/NickolaySmet\\\/videos?view_as=subscriber\"]}]}<\/script>\n<!-- \/ Yoast SEO plugin. -->","yoast_head_json":{"title":"Mora Basic 546 \u00e9dition limit\u00e9e - Hunting Europe","robots":{"index":"index","follow":"follow","max-snippet":"max-snippet:-1","max-image-preview":"max-image-preview:large","max-video-preview":"max-video-preview:-1"},"canonical":"https:\/\/huntingeurope.be\/fr\/produit\/mora-basic-546-edition-limitee\/","og_locale":"fr_FR","og_type":"article","og_title":"Mora Basic 546 \u00e9dition limit\u00e9e - Hunting Europe","og_description":"La Mora Basic 546 Limited Edition 2023 Stainless est une montre de qualit\u00e9 sup\u00e9rieure et polyvalente. Chaque ann\u00e9e, Morakniv sort une nouvelle \u00e9dition limit\u00e9e. La...","og_url":"https:\/\/huntingeurope.be\/fr\/produit\/mora-basic-546-edition-limitee\/","og_site_name":"Hunting Europe","article_publisher":"https:\/\/www.facebook.com\/jachtwinkel.europe\/","article_modified_time":"2024-03-29T16:31:16+00:00","og_image":[{"width":2560,"height":1707,"url":"https:\/\/huntingeurope.be\/wp-content\/uploads\/2024\/03\/MO14148_01_morakniv-scaled.webp","type":"image\/webp"}],"twitter_card":"summary_large_image","schema":{"@context":"https:\/\/schema.org","@graph":[{"@type":"WebPage","@id":"https:\/\/huntingeurope.be\/fr\/produit\/mora-basic-546-edition-limitee\/","url":"https:\/\/huntingeurope.be\/fr\/produit\/mora-basic-546-edition-limitee\/","name":"Mora Basic 546 \u00e9dition limit\u00e9e - Hunting Europe","isPartOf":{"@id":"https:\/\/huntingeurope.be\/fr\/?lang=en\/#website"},"primaryImageOfPage":{"@id":"https:\/\/huntingeurope.be\/fr\/produit\/mora-basic-546-edition-limitee\/#primaryimage"},"image":{"@id":"https:\/\/huntingeurope.be\/fr\/produit\/mora-basic-546-edition-limitee\/#primaryimage"},"thumbnailUrl":"https:\/\/huntingeurope.be\/wp-content\/uploads\/2024\/03\/MO14148_01_morakniv-scaled.webp","datePublished":"2024-03-29T16:23:32+00:00","dateModified":"2024-03-29T16:31:16+00:00","breadcrumb":{"@id":"https:\/\/huntingeurope.be\/fr\/produit\/mora-basic-546-edition-limitee\/#breadcrumb"},"inLanguage":"fr-FR","potentialAction":[{"@type":"ReadAction","target":["https:\/\/huntingeurope.be\/fr\/produit\/mora-basic-546-edition-limitee\/"]}]},{"@type":"ImageObject","inLanguage":"fr-FR","@id":"https:\/\/huntingeurope.be\/fr\/produit\/mora-basic-546-edition-limitee\/#primaryimage","url":"https:\/\/huntingeurope.be\/wp-content\/uploads\/2024\/03\/MO14148_01_morakniv-scaled.webp","contentUrl":"https:\/\/huntingeurope.be\/wp-content\/uploads\/2024\/03\/MO14148_01_morakniv-scaled.webp","width":2560,"height":1707},{"@type":"BreadcrumbList","@id":"https:\/\/huntingeurope.be\/fr\/produit\/mora-basic-546-edition-limitee\/#breadcrumb","itemListElement":[{"@type":"ListItem","position":1,"name":"Home","item":"https:\/\/huntingeurope.be\/fr\/"},{"@type":"ListItem","position":2,"name":"Produits","item":"https:\/\/huntingeurope.be\/fr\/shop\/"},{"@type":"ListItem","position":3,"name":"Mora Basic 546 \u00e9dition limit\u00e9e"}]},{"@type":"WebSite","@id":"https:\/\/huntingeurope.be\/fr\/?lang=en\/#website","url":"https:\/\/huntingeurope.be\/fr\/?lang=en\/","name":"Hunting Europe","description":"Alles voor de jacht","publisher":{"@id":"https:\/\/huntingeurope.be\/fr\/?lang=en\/#organization"},"potentialAction":[{"@type":"SearchAction","target":{"@type":"EntryPoint","urlTemplate":"https:\/\/huntingeurope.be\/fr\/?lang=en\/?s={search_term_string}"},"query-input":{"@type":"PropertyValueSpecification","valueRequired":true,"valueName":"search_term_string"}}],"inLanguage":"fr-FR"},{"@type":"Organization","@id":"https:\/\/huntingeurope.be\/fr\/?lang=en\/#organization","name":"Hunting Europe","url":"https:\/\/huntingeurope.be\/fr\/?lang=en\/","logo":{"@type":"ImageObject","inLanguage":"fr-FR","@id":"https:\/\/huntingeurope.be\/fr\/?lang=en\/#\/schema\/logo\/image\/","url":"https:\/\/huntingeurope.be\/wp-content\/uploads\/2021\/10\/Huntingeurope-1-1.png","contentUrl":"https:\/\/huntingeurope.be\/wp-content\/uploads\/2021\/10\/Huntingeurope-1-1.png","width":280,"height":179,"caption":"Hunting Europe"},"image":{"@id":"https:\/\/huntingeurope.be\/fr\/?lang=en\/#\/schema\/logo\/image\/"},"sameAs":["https:\/\/www.facebook.com\/jachtwinkel.europe\/","https:\/\/www.instagram.com\/huntingeurope\/","https:\/\/www.youtube.com\/user\/NickolaySmet\/videos?view_as=subscriber"]}]}},"df_price":19.95,"df_sale_price":"","df_regular_price":19.95,"df_image_link":"https:\/\/huntingeurope.be\/wp-content\/uploads\/2024\/03\/MO14148_01_morakniv-300x200.webp","_links":{"self":[{"href":"https:\/\/huntingeurope.be\/fr\/wp-json\/wp\/v2\/product\/45938","targetHints":{"allow":["GET"]}}],"collection":[{"href":"https:\/\/huntingeurope.be\/fr\/wp-json\/wp\/v2\/product"}],"about":[{"href":"https:\/\/huntingeurope.be\/fr\/wp-json\/wp\/v2\/types\/product"}],"wp:featuredmedia":[{"embeddable":true,"href":"https:\/\/huntingeurope.be\/fr\/wp-json\/wp\/v2\/media\/45796"}],"wp:attachment":[{"href":"https:\/\/huntingeurope.be\/fr\/wp-json\/wp\/v2\/media?parent=45938"}],"wp:term":[{"taxonomy":"product_brand","embeddable":true,"href":"https:\/\/huntingeurope.be\/fr\/wp-json\/wp\/v2\/product_brand?post=45938"},{"taxonomy":"product_cat","embeddable":true,"href":"https:\/\/huntingeurope.be\/fr\/wp-json\/wp\/v2\/product_cat?post=45938"},{"taxonomy":"product_tag","embeddable":true,"href":"https:\/\/huntingeurope.be\/fr\/wp-json\/wp\/v2\/product_tag?post=45938"}],"curies":[{"name":"wp","href":"https:\/\/api.w.org\/{rel}","templated":true}]}}