{"id":45915,"date":"2024-03-29T10:27:07","date_gmt":"2024-03-29T09:27:07","guid":{"rendered":"https:\/\/huntingeurope.be\/product\/blaser-t-shirt-tech-manches-longues\/"},"modified":"2025-11-25T13:29:34","modified_gmt":"2025-11-25T12:29:34","slug":"blaser-t-shirt-tech-manches-longues","status":"publish","type":"product","link":"https:\/\/huntingeurope.be\/fr\/produit\/blaser-t-shirt-tech-manches-longues\/","title":{"rendered":"Blaser t-shirt tech Manches longues"},"content":{"rendered":"<p>&#8211; s\u00e9chage rapide<br \/>\n&#8211; encolure ronde<\/p>\n<p>Superbe T-shirt \u00e0 col rond avec une grande fonctionnalit\u00e9 ! La structure 3D de l&rsquo;int\u00e9rieur absorbe l&rsquo;humidit\u00e9 et l&rsquo;\u00e9vacue rapidement vers l&rsquo;ext\u00e9rieur. Sur la surface lisse de la couche de base technique, l&rsquo;humidit\u00e9 s\u00e8che extr\u00eamement rapidement, cr\u00e9ant un effet de refroidissement agr\u00e9able.<br \/>\nLa chemise est disponible en olive fonc\u00e9e et en HunTec Camo. Dans la version monochrome, le fil est teint\u00e9 dans la masse, ce qui donne un aspect m\u00e9lang\u00e9 attrayant. Le HunTec Camo, quant \u00e0 lui, a \u00e9t\u00e9 imprim\u00e9 apr\u00e8s coup. Le r\u00e9sultat : une sensation l\u00e9g\u00e8rement plus lisse et une brillance subtile. Doux et confortable \u00e0 porter &#8211; indispensable !<\/p>\n","protected":false},"excerpt":{"rendered":"<p>&#8211; s\u00e9chage rapide &#8211; encolure ronde Superbe T-shirt \u00e0 col rond avec une grande fonctionnalit\u00e9 ! La structure 3D de l&rsquo;int\u00e9rieur absorbe l&rsquo;humidit\u00e9 et l&rsquo;\u00e9vacue&#8230;<\/p>\n","protected":false},"featured_media":45735,"template":"","meta":{"_joinchat":[]},"product_brand":[],"product_cat":[531,874],"product_tag":[],"class_list":{"0":"post-45915","1":"product","2":"type-product","3":"status-publish","4":"has-post-thumbnail","6":"product_cat-shirts-vetements","7":"product_cat-vendredi-noir","9":"first","10":"instock","11":"sale","12":"taxable","13":"shipping-taxable","14":"purchasable","15":"product-type-variable"},"yoast_head":"<!-- This site is optimized with the Yoast SEO plugin v27.4 - https:\/\/yoast.com\/product\/yoast-seo-wordpress\/ -->\n<title>Blaser t-shirt tech Manches longues - Hunting Europe<\/title>\n<meta name=\"robots\" content=\"index, follow, max-snippet:-1, max-image-preview:large, max-video-preview:-1\" \/>\n<link rel=\"canonical\" href=\"https:\/\/huntingeurope.be\/fr\/produit\/blaser-t-shirt-tech-manches-longues\/\" \/>\n<meta property=\"og:locale\" content=\"fr_FR\" \/>\n<meta property=\"og:type\" content=\"article\" \/>\n<meta property=\"og:title\" content=\"Blaser t-shirt tech Manches longues - Hunting Europe\" \/>\n<meta property=\"og:description\" content=\"&#8211; s\u00e9chage rapide &#8211; encolure ronde Superbe T-shirt \u00e0 col rond avec une grande fonctionnalit\u00e9 ! La structure 3D de l&rsquo;int\u00e9rieur absorbe l&rsquo;humidit\u00e9 et l&rsquo;\u00e9vacue...\" \/>\n<meta property=\"og:url\" content=\"https:\/\/huntingeurope.be\/fr\/produit\/blaser-t-shirt-tech-manches-longues\/\" \/>\n<meta property=\"og:site_name\" content=\"Hunting Europe\" \/>\n<meta property=\"article:publisher\" content=\"https:\/\/www.facebook.com\/jachtwinkel.europe\/\" \/>\n<meta property=\"article:modified_time\" content=\"2025-11-25T12:29:34+00:00\" \/>\n<meta property=\"og:image\" content=\"https:\/\/huntingeurope.be\/wp-content\/uploads\/2024\/03\/231002-113-566_Herren-Tech-LS-Shirt-dkl-oliv_Produktbild_4000x4000px_01-scaled.webp\" \/>\n\t<meta property=\"og:image:width\" content=\"2560\" \/>\n\t<meta property=\"og:image:height\" content=\"2560\" \/>\n\t<meta property=\"og:image:type\" content=\"image\/webp\" \/>\n<meta name=\"twitter:card\" content=\"summary_large_image\" \/>\n<meta name=\"twitter:label1\" content=\"Dur\u00e9e de lecture estim\u00e9e\" \/>\n\t<meta name=\"twitter:data1\" content=\"1 minute\" \/>\n<script type=\"application\/ld+json\" class=\"yoast-schema-graph\">{\"@context\":\"https:\\\/\\\/schema.org\",\"@graph\":[{\"@type\":\"WebPage\",\"@id\":\"https:\\\/\\\/huntingeurope.be\\\/fr\\\/produit\\\/blaser-t-shirt-tech-manches-longues\\\/\",\"url\":\"https:\\\/\\\/huntingeurope.be\\\/fr\\\/produit\\\/blaser-t-shirt-tech-manches-longues\\\/\",\"name\":\"Blaser t-shirt tech Manches longues - Hunting Europe\",\"isPartOf\":{\"@id\":\"https:\\\/\\\/huntingeurope.be\\\/fr\\\/?lang=en\\\/#website\"},\"primaryImageOfPage\":{\"@id\":\"https:\\\/\\\/huntingeurope.be\\\/fr\\\/produit\\\/blaser-t-shirt-tech-manches-longues\\\/#primaryimage\"},\"image\":{\"@id\":\"https:\\\/\\\/huntingeurope.be\\\/fr\\\/produit\\\/blaser-t-shirt-tech-manches-longues\\\/#primaryimage\"},\"thumbnailUrl\":\"https:\\\/\\\/huntingeurope.be\\\/wp-content\\\/uploads\\\/2024\\\/03\\\/231002-113-566_Herren-Tech-LS-Shirt-dkl-oliv_Produktbild_4000x4000px_01-scaled.webp\",\"datePublished\":\"2024-03-29T09:27:07+00:00\",\"dateModified\":\"2025-11-25T12:29:34+00:00\",\"breadcrumb\":{\"@id\":\"https:\\\/\\\/huntingeurope.be\\\/fr\\\/produit\\\/blaser-t-shirt-tech-manches-longues\\\/#breadcrumb\"},\"inLanguage\":\"fr-FR\",\"potentialAction\":[{\"@type\":\"ReadAction\",\"target\":[\"https:\\\/\\\/huntingeurope.be\\\/fr\\\/produit\\\/blaser-t-shirt-tech-manches-longues\\\/\"]}]},{\"@type\":\"ImageObject\",\"inLanguage\":\"fr-FR\",\"@id\":\"https:\\\/\\\/huntingeurope.be\\\/fr\\\/produit\\\/blaser-t-shirt-tech-manches-longues\\\/#primaryimage\",\"url\":\"https:\\\/\\\/huntingeurope.be\\\/wp-content\\\/uploads\\\/2024\\\/03\\\/231002-113-566_Herren-Tech-LS-Shirt-dkl-oliv_Produktbild_4000x4000px_01-scaled.webp\",\"contentUrl\":\"https:\\\/\\\/huntingeurope.be\\\/wp-content\\\/uploads\\\/2024\\\/03\\\/231002-113-566_Herren-Tech-LS-Shirt-dkl-oliv_Produktbild_4000x4000px_01-scaled.webp\",\"width\":2560,\"height\":2560},{\"@type\":\"BreadcrumbList\",\"@id\":\"https:\\\/\\\/huntingeurope.be\\\/fr\\\/produit\\\/blaser-t-shirt-tech-manches-longues\\\/#breadcrumb\",\"itemListElement\":[{\"@type\":\"ListItem\",\"position\":1,\"name\":\"Home\",\"item\":\"https:\\\/\\\/huntingeurope.be\\\/fr\\\/\"},{\"@type\":\"ListItem\",\"position\":2,\"name\":\"Produits\",\"item\":\"https:\\\/\\\/huntingeurope.be\\\/fr\\\/shop\\\/\"},{\"@type\":\"ListItem\",\"position\":3,\"name\":\"Blaser t-shirt tech Manches longues\"}]},{\"@type\":\"WebSite\",\"@id\":\"https:\\\/\\\/huntingeurope.be\\\/fr\\\/?lang=en\\\/#website\",\"url\":\"https:\\\/\\\/huntingeurope.be\\\/fr\\\/?lang=en\\\/\",\"name\":\"Hunting Europe\",\"description\":\"Alles voor de jacht\",\"publisher\":{\"@id\":\"https:\\\/\\\/huntingeurope.be\\\/fr\\\/?lang=en\\\/#organization\"},\"potentialAction\":[{\"@type\":\"SearchAction\",\"target\":{\"@type\":\"EntryPoint\",\"urlTemplate\":\"https:\\\/\\\/huntingeurope.be\\\/fr\\\/?lang=en\\\/?s={search_term_string}\"},\"query-input\":{\"@type\":\"PropertyValueSpecification\",\"valueRequired\":true,\"valueName\":\"search_term_string\"}}],\"inLanguage\":\"fr-FR\"},{\"@type\":\"Organization\",\"@id\":\"https:\\\/\\\/huntingeurope.be\\\/fr\\\/?lang=en\\\/#organization\",\"name\":\"Hunting Europe\",\"url\":\"https:\\\/\\\/huntingeurope.be\\\/fr\\\/?lang=en\\\/\",\"logo\":{\"@type\":\"ImageObject\",\"inLanguage\":\"fr-FR\",\"@id\":\"https:\\\/\\\/huntingeurope.be\\\/fr\\\/?lang=en\\\/#\\\/schema\\\/logo\\\/image\\\/\",\"url\":\"https:\\\/\\\/huntingeurope.be\\\/wp-content\\\/uploads\\\/2021\\\/10\\\/Huntingeurope-1-1.png\",\"contentUrl\":\"https:\\\/\\\/huntingeurope.be\\\/wp-content\\\/uploads\\\/2021\\\/10\\\/Huntingeurope-1-1.png\",\"width\":280,\"height\":179,\"caption\":\"Hunting Europe\"},\"image\":{\"@id\":\"https:\\\/\\\/huntingeurope.be\\\/fr\\\/?lang=en\\\/#\\\/schema\\\/logo\\\/image\\\/\"},\"sameAs\":[\"https:\\\/\\\/www.facebook.com\\\/jachtwinkel.europe\\\/\",\"https:\\\/\\\/www.instagram.com\\\/huntingeurope\\\/\",\"https:\\\/\\\/www.youtube.com\\\/user\\\/NickolaySmet\\\/videos?view_as=subscriber\"]}]}<\/script>\n<!-- \/ Yoast SEO plugin. -->","yoast_head_json":{"title":"Blaser t-shirt tech Manches longues - Hunting Europe","robots":{"index":"index","follow":"follow","max-snippet":"max-snippet:-1","max-image-preview":"max-image-preview:large","max-video-preview":"max-video-preview:-1"},"canonical":"https:\/\/huntingeurope.be\/fr\/produit\/blaser-t-shirt-tech-manches-longues\/","og_locale":"fr_FR","og_type":"article","og_title":"Blaser t-shirt tech Manches longues - Hunting Europe","og_description":"&#8211; s\u00e9chage rapide &#8211; encolure ronde Superbe T-shirt \u00e0 col rond avec une grande fonctionnalit\u00e9 ! La structure 3D de l&rsquo;int\u00e9rieur absorbe l&rsquo;humidit\u00e9 et l&rsquo;\u00e9vacue...","og_url":"https:\/\/huntingeurope.be\/fr\/produit\/blaser-t-shirt-tech-manches-longues\/","og_site_name":"Hunting Europe","article_publisher":"https:\/\/www.facebook.com\/jachtwinkel.europe\/","article_modified_time":"2025-11-25T12:29:34+00:00","og_image":[{"width":2560,"height":2560,"url":"https:\/\/huntingeurope.be\/wp-content\/uploads\/2024\/03\/231002-113-566_Herren-Tech-LS-Shirt-dkl-oliv_Produktbild_4000x4000px_01-scaled.webp","type":"image\/webp"}],"twitter_card":"summary_large_image","twitter_misc":{"Dur\u00e9e de lecture estim\u00e9e":"1 minute"},"schema":{"@context":"https:\/\/schema.org","@graph":[{"@type":"WebPage","@id":"https:\/\/huntingeurope.be\/fr\/produit\/blaser-t-shirt-tech-manches-longues\/","url":"https:\/\/huntingeurope.be\/fr\/produit\/blaser-t-shirt-tech-manches-longues\/","name":"Blaser t-shirt tech Manches longues - Hunting Europe","isPartOf":{"@id":"https:\/\/huntingeurope.be\/fr\/?lang=en\/#website"},"primaryImageOfPage":{"@id":"https:\/\/huntingeurope.be\/fr\/produit\/blaser-t-shirt-tech-manches-longues\/#primaryimage"},"image":{"@id":"https:\/\/huntingeurope.be\/fr\/produit\/blaser-t-shirt-tech-manches-longues\/#primaryimage"},"thumbnailUrl":"https:\/\/huntingeurope.be\/wp-content\/uploads\/2024\/03\/231002-113-566_Herren-Tech-LS-Shirt-dkl-oliv_Produktbild_4000x4000px_01-scaled.webp","datePublished":"2024-03-29T09:27:07+00:00","dateModified":"2025-11-25T12:29:34+00:00","breadcrumb":{"@id":"https:\/\/huntingeurope.be\/fr\/produit\/blaser-t-shirt-tech-manches-longues\/#breadcrumb"},"inLanguage":"fr-FR","potentialAction":[{"@type":"ReadAction","target":["https:\/\/huntingeurope.be\/fr\/produit\/blaser-t-shirt-tech-manches-longues\/"]}]},{"@type":"ImageObject","inLanguage":"fr-FR","@id":"https:\/\/huntingeurope.be\/fr\/produit\/blaser-t-shirt-tech-manches-longues\/#primaryimage","url":"https:\/\/huntingeurope.be\/wp-content\/uploads\/2024\/03\/231002-113-566_Herren-Tech-LS-Shirt-dkl-oliv_Produktbild_4000x4000px_01-scaled.webp","contentUrl":"https:\/\/huntingeurope.be\/wp-content\/uploads\/2024\/03\/231002-113-566_Herren-Tech-LS-Shirt-dkl-oliv_Produktbild_4000x4000px_01-scaled.webp","width":2560,"height":2560},{"@type":"BreadcrumbList","@id":"https:\/\/huntingeurope.be\/fr\/produit\/blaser-t-shirt-tech-manches-longues\/#breadcrumb","itemListElement":[{"@type":"ListItem","position":1,"name":"Home","item":"https:\/\/huntingeurope.be\/fr\/"},{"@type":"ListItem","position":2,"name":"Produits","item":"https:\/\/huntingeurope.be\/fr\/shop\/"},{"@type":"ListItem","position":3,"name":"Blaser t-shirt tech Manches longues"}]},{"@type":"WebSite","@id":"https:\/\/huntingeurope.be\/fr\/?lang=en\/#website","url":"https:\/\/huntingeurope.be\/fr\/?lang=en\/","name":"Hunting Europe","description":"Alles voor de jacht","publisher":{"@id":"https:\/\/huntingeurope.be\/fr\/?lang=en\/#organization"},"potentialAction":[{"@type":"SearchAction","target":{"@type":"EntryPoint","urlTemplate":"https:\/\/huntingeurope.be\/fr\/?lang=en\/?s={search_term_string}"},"query-input":{"@type":"PropertyValueSpecification","valueRequired":true,"valueName":"search_term_string"}}],"inLanguage":"fr-FR"},{"@type":"Organization","@id":"https:\/\/huntingeurope.be\/fr\/?lang=en\/#organization","name":"Hunting Europe","url":"https:\/\/huntingeurope.be\/fr\/?lang=en\/","logo":{"@type":"ImageObject","inLanguage":"fr-FR","@id":"https:\/\/huntingeurope.be\/fr\/?lang=en\/#\/schema\/logo\/image\/","url":"https:\/\/huntingeurope.be\/wp-content\/uploads\/2021\/10\/Huntingeurope-1-1.png","contentUrl":"https:\/\/huntingeurope.be\/wp-content\/uploads\/2021\/10\/Huntingeurope-1-1.png","width":280,"height":179,"caption":"Hunting Europe"},"image":{"@id":"https:\/\/huntingeurope.be\/fr\/?lang=en\/#\/schema\/logo\/image\/"},"sameAs":["https:\/\/www.facebook.com\/jachtwinkel.europe\/","https:\/\/www.instagram.com\/huntingeurope\/","https:\/\/www.youtube.com\/user\/NickolaySmet\/videos?view_as=subscriber"]}]}},"df_price":65,"df_sale_price":"","df_regular_price":65,"df_image_link":"https:\/\/huntingeurope.be\/wp-content\/uploads\/2024\/03\/231002-113-566_Herren-Tech-LS-Shirt-dkl-oliv_Produktbild_4000x4000px_01-300x300.webp","_links":{"self":[{"href":"https:\/\/huntingeurope.be\/fr\/wp-json\/wp\/v2\/product\/45915","targetHints":{"allow":["GET"]}}],"collection":[{"href":"https:\/\/huntingeurope.be\/fr\/wp-json\/wp\/v2\/product"}],"about":[{"href":"https:\/\/huntingeurope.be\/fr\/wp-json\/wp\/v2\/types\/product"}],"wp:featuredmedia":[{"embeddable":true,"href":"https:\/\/huntingeurope.be\/fr\/wp-json\/wp\/v2\/media\/45735"}],"wp:attachment":[{"href":"https:\/\/huntingeurope.be\/fr\/wp-json\/wp\/v2\/media?parent=45915"}],"wp:term":[{"taxonomy":"product_brand","embeddable":true,"href":"https:\/\/huntingeurope.be\/fr\/wp-json\/wp\/v2\/product_brand?post=45915"},{"taxonomy":"product_cat","embeddable":true,"href":"https:\/\/huntingeurope.be\/fr\/wp-json\/wp\/v2\/product_cat?post=45915"},{"taxonomy":"product_tag","embeddable":true,"href":"https:\/\/huntingeurope.be\/fr\/wp-json\/wp\/v2\/product_tag?post=45915"}],"curies":[{"name":"wp","href":"https:\/\/api.w.org\/{rel}","templated":true}]}}