{"id":45885,"date":"2024-03-29T10:00:45","date_gmt":"2024-03-29T09:00:45","guid":{"rendered":"https:\/\/huntingeurope.be\/product\/chemise-en-lin-blaser-levin\/"},"modified":"2025-11-25T18:22:10","modified_gmt":"2025-11-25T17:22:10","slug":"chemise-en-lin-blaser-levin","status":"publish","type":"product","link":"https:\/\/huntingeurope.be\/fr\/produit\/chemise-en-lin-blaser-levin\/","title":{"rendered":"Chemise en lin Blaser &#8211; Levin"},"content":{"rendered":"<p>Une chemise pratique avec un motif \u00e0 carreaux tr\u00e8s attrayant qui peut \u00eatre combin\u00e9e dans la vie de tous les jours ou lors de la chasse. Avec la veste d&rsquo;\u00e9t\u00e9 pour homme Eddy, vous disposez d&rsquo;un duo imbattable, pr\u00eat \u00e0 affronter le printemps ou l&rsquo;\u00e9t\u00e9. Fabriqu\u00e9e \u00e0 partir d&rsquo;un m\u00e9lange de lin agr\u00e9ablement frais, la chemise a une coupe d\u00e9contract\u00e9e et relaxante pour un confort naturel. Le Coolmax \u00e0 s\u00e9chage rapide assure le confort dans des conditions chaudes.   <\/p>\n","protected":false},"excerpt":{"rendered":"<p>Une chemise pratique avec un motif \u00e0 carreaux tr\u00e8s attrayant qui peut \u00eatre combin\u00e9e dans la vie de tous les jours ou lors de la&#8230;<\/p>\n","protected":false},"featured_media":45710,"template":"","meta":{"_joinchat":[]},"product_brand":[],"product_cat":[569,874],"product_tag":[],"class_list":{"0":"post-45885","1":"product","2":"type-product","3":"status-publish","4":"has-post-thumbnail","6":"product_cat-chemises","7":"product_cat-vendredi-noir","9":"first","10":"instock","11":"sale","12":"taxable","13":"shipping-taxable","14":"purchasable","15":"product-type-variable"},"yoast_head":"<!-- This site is optimized with the Yoast SEO plugin v27.6 - https:\/\/yoast.com\/product\/yoast-seo-wordpress\/ -->\n<title>Chemise en lin Blaser - Levin - Hunting Europe<\/title>\n<meta name=\"robots\" content=\"index, follow, max-snippet:-1, max-image-preview:large, max-video-preview:-1\" \/>\n<link rel=\"canonical\" href=\"https:\/\/huntingeurope.be\/fr\/produit\/chemise-en-lin-blaser-levin\/\" \/>\n<meta property=\"og:locale\" content=\"fr_FR\" \/>\n<meta property=\"og:type\" content=\"article\" \/>\n<meta property=\"og:title\" content=\"Chemise en lin Blaser - Levin - Hunting Europe\" \/>\n<meta property=\"og:description\" content=\"Une chemise pratique avec un motif \u00e0 carreaux tr\u00e8s attrayant qui peut \u00eatre combin\u00e9e dans la vie de tous les jours ou lors de la...\" \/>\n<meta property=\"og:url\" content=\"https:\/\/huntingeurope.be\/fr\/produit\/chemise-en-lin-blaser-levin\/\" \/>\n<meta property=\"og:site_name\" content=\"Hunting Europe\" \/>\n<meta property=\"article:publisher\" content=\"https:\/\/www.facebook.com\/jachtwinkel.europe\/\" \/>\n<meta property=\"article:modified_time\" content=\"2025-11-25T17:22:10+00:00\" \/>\n<meta property=\"og:image\" content=\"https:\/\/huntingeurope.be\/wp-content\/uploads\/2024\/03\/122005-087-634-Herren-Leinen-Shirt-Levin_Produktbild_01_4000x4000px-1024x1024.png\" \/>\n\t<meta property=\"og:image:width\" content=\"1024\" \/>\n\t<meta property=\"og:image:height\" content=\"1024\" \/>\n\t<meta property=\"og:image:type\" content=\"image\/png\" \/>\n<meta name=\"twitter:card\" content=\"summary_large_image\" \/>\n<script type=\"application\/ld+json\" class=\"yoast-schema-graph\">{\"@context\":\"https:\\\/\\\/schema.org\",\"@graph\":[{\"@type\":\"WebPage\",\"@id\":\"https:\\\/\\\/huntingeurope.be\\\/fr\\\/produit\\\/chemise-en-lin-blaser-levin\\\/\",\"url\":\"https:\\\/\\\/huntingeurope.be\\\/fr\\\/produit\\\/chemise-en-lin-blaser-levin\\\/\",\"name\":\"Chemise en lin Blaser - Levin - Hunting Europe\",\"isPartOf\":{\"@id\":\"https:\\\/\\\/huntingeurope.be\\\/fr\\\/?lang=en\\\/#website\"},\"primaryImageOfPage\":{\"@id\":\"https:\\\/\\\/huntingeurope.be\\\/fr\\\/produit\\\/chemise-en-lin-blaser-levin\\\/#primaryimage\"},\"image\":{\"@id\":\"https:\\\/\\\/huntingeurope.be\\\/fr\\\/produit\\\/chemise-en-lin-blaser-levin\\\/#primaryimage\"},\"thumbnailUrl\":\"https:\\\/\\\/huntingeurope.be\\\/wp-content\\\/uploads\\\/2024\\\/03\\\/122005-087-634-Herren-Leinen-Shirt-Levin_Produktbild_01_4000x4000px.png\",\"datePublished\":\"2024-03-29T09:00:45+00:00\",\"dateModified\":\"2025-11-25T17:22:10+00:00\",\"breadcrumb\":{\"@id\":\"https:\\\/\\\/huntingeurope.be\\\/fr\\\/produit\\\/chemise-en-lin-blaser-levin\\\/#breadcrumb\"},\"inLanguage\":\"fr-FR\",\"potentialAction\":[{\"@type\":\"ReadAction\",\"target\":[\"https:\\\/\\\/huntingeurope.be\\\/fr\\\/produit\\\/chemise-en-lin-blaser-levin\\\/\"]}]},{\"@type\":\"ImageObject\",\"inLanguage\":\"fr-FR\",\"@id\":\"https:\\\/\\\/huntingeurope.be\\\/fr\\\/produit\\\/chemise-en-lin-blaser-levin\\\/#primaryimage\",\"url\":\"https:\\\/\\\/huntingeurope.be\\\/wp-content\\\/uploads\\\/2024\\\/03\\\/122005-087-634-Herren-Leinen-Shirt-Levin_Produktbild_01_4000x4000px.png\",\"contentUrl\":\"https:\\\/\\\/huntingeurope.be\\\/wp-content\\\/uploads\\\/2024\\\/03\\\/122005-087-634-Herren-Leinen-Shirt-Levin_Produktbild_01_4000x4000px.png\",\"width\":4000,\"height\":4000},{\"@type\":\"BreadcrumbList\",\"@id\":\"https:\\\/\\\/huntingeurope.be\\\/fr\\\/produit\\\/chemise-en-lin-blaser-levin\\\/#breadcrumb\",\"itemListElement\":[{\"@type\":\"ListItem\",\"position\":1,\"name\":\"Home\",\"item\":\"https:\\\/\\\/huntingeurope.be\\\/fr\\\/\"},{\"@type\":\"ListItem\",\"position\":2,\"name\":\"Produits\",\"item\":\"https:\\\/\\\/huntingeurope.be\\\/fr\\\/shop\\\/\"},{\"@type\":\"ListItem\",\"position\":3,\"name\":\"Chemise en lin Blaser &#8211; Levin\"}]},{\"@type\":\"WebSite\",\"@id\":\"https:\\\/\\\/huntingeurope.be\\\/fr\\\/?lang=en\\\/#website\",\"url\":\"https:\\\/\\\/huntingeurope.be\\\/fr\\\/?lang=en\\\/\",\"name\":\"Hunting Europe\",\"description\":\"Alles voor de jacht\",\"publisher\":{\"@id\":\"https:\\\/\\\/huntingeurope.be\\\/fr\\\/?lang=en\\\/#organization\"},\"potentialAction\":[{\"@type\":\"SearchAction\",\"target\":{\"@type\":\"EntryPoint\",\"urlTemplate\":\"https:\\\/\\\/huntingeurope.be\\\/fr\\\/?lang=en\\\/?s={search_term_string}\"},\"query-input\":{\"@type\":\"PropertyValueSpecification\",\"valueRequired\":true,\"valueName\":\"search_term_string\"}}],\"inLanguage\":\"fr-FR\"},{\"@type\":\"Organization\",\"@id\":\"https:\\\/\\\/huntingeurope.be\\\/fr\\\/?lang=en\\\/#organization\",\"name\":\"Hunting Europe\",\"url\":\"https:\\\/\\\/huntingeurope.be\\\/fr\\\/?lang=en\\\/\",\"logo\":{\"@type\":\"ImageObject\",\"inLanguage\":\"fr-FR\",\"@id\":\"https:\\\/\\\/huntingeurope.be\\\/fr\\\/?lang=en\\\/#\\\/schema\\\/logo\\\/image\\\/\",\"url\":\"https:\\\/\\\/huntingeurope.be\\\/wp-content\\\/uploads\\\/2021\\\/10\\\/Huntingeurope-1-1.png\",\"contentUrl\":\"https:\\\/\\\/huntingeurope.be\\\/wp-content\\\/uploads\\\/2021\\\/10\\\/Huntingeurope-1-1.png\",\"width\":280,\"height\":179,\"caption\":\"Hunting Europe\"},\"image\":{\"@id\":\"https:\\\/\\\/huntingeurope.be\\\/fr\\\/?lang=en\\\/#\\\/schema\\\/logo\\\/image\\\/\"},\"sameAs\":[\"https:\\\/\\\/www.facebook.com\\\/jachtwinkel.europe\\\/\",\"https:\\\/\\\/www.instagram.com\\\/huntingeurope\\\/\",\"https:\\\/\\\/www.youtube.com\\\/user\\\/NickolaySmet\\\/videos?view_as=subscriber\"]}]}<\/script>\n<!-- \/ Yoast SEO plugin. -->","yoast_head_json":{"title":"Chemise en lin Blaser - Levin - Hunting Europe","robots":{"index":"index","follow":"follow","max-snippet":"max-snippet:-1","max-image-preview":"max-image-preview:large","max-video-preview":"max-video-preview:-1"},"canonical":"https:\/\/huntingeurope.be\/fr\/produit\/chemise-en-lin-blaser-levin\/","og_locale":"fr_FR","og_type":"article","og_title":"Chemise en lin Blaser - Levin - Hunting Europe","og_description":"Une chemise pratique avec un motif \u00e0 carreaux tr\u00e8s attrayant qui peut \u00eatre combin\u00e9e dans la vie de tous les jours ou lors de la...","og_url":"https:\/\/huntingeurope.be\/fr\/produit\/chemise-en-lin-blaser-levin\/","og_site_name":"Hunting Europe","article_publisher":"https:\/\/www.facebook.com\/jachtwinkel.europe\/","article_modified_time":"2025-11-25T17:22:10+00:00","og_image":[{"width":1024,"height":1024,"url":"https:\/\/huntingeurope.be\/wp-content\/uploads\/2024\/03\/122005-087-634-Herren-Leinen-Shirt-Levin_Produktbild_01_4000x4000px-1024x1024.png","type":"image\/png"}],"twitter_card":"summary_large_image","schema":{"@context":"https:\/\/schema.org","@graph":[{"@type":"WebPage","@id":"https:\/\/huntingeurope.be\/fr\/produit\/chemise-en-lin-blaser-levin\/","url":"https:\/\/huntingeurope.be\/fr\/produit\/chemise-en-lin-blaser-levin\/","name":"Chemise en lin Blaser - Levin - Hunting Europe","isPartOf":{"@id":"https:\/\/huntingeurope.be\/fr\/?lang=en\/#website"},"primaryImageOfPage":{"@id":"https:\/\/huntingeurope.be\/fr\/produit\/chemise-en-lin-blaser-levin\/#primaryimage"},"image":{"@id":"https:\/\/huntingeurope.be\/fr\/produit\/chemise-en-lin-blaser-levin\/#primaryimage"},"thumbnailUrl":"https:\/\/huntingeurope.be\/wp-content\/uploads\/2024\/03\/122005-087-634-Herren-Leinen-Shirt-Levin_Produktbild_01_4000x4000px.png","datePublished":"2024-03-29T09:00:45+00:00","dateModified":"2025-11-25T17:22:10+00:00","breadcrumb":{"@id":"https:\/\/huntingeurope.be\/fr\/produit\/chemise-en-lin-blaser-levin\/#breadcrumb"},"inLanguage":"fr-FR","potentialAction":[{"@type":"ReadAction","target":["https:\/\/huntingeurope.be\/fr\/produit\/chemise-en-lin-blaser-levin\/"]}]},{"@type":"ImageObject","inLanguage":"fr-FR","@id":"https:\/\/huntingeurope.be\/fr\/produit\/chemise-en-lin-blaser-levin\/#primaryimage","url":"https:\/\/huntingeurope.be\/wp-content\/uploads\/2024\/03\/122005-087-634-Herren-Leinen-Shirt-Levin_Produktbild_01_4000x4000px.png","contentUrl":"https:\/\/huntingeurope.be\/wp-content\/uploads\/2024\/03\/122005-087-634-Herren-Leinen-Shirt-Levin_Produktbild_01_4000x4000px.png","width":4000,"height":4000},{"@type":"BreadcrumbList","@id":"https:\/\/huntingeurope.be\/fr\/produit\/chemise-en-lin-blaser-levin\/#breadcrumb","itemListElement":[{"@type":"ListItem","position":1,"name":"Home","item":"https:\/\/huntingeurope.be\/fr\/"},{"@type":"ListItem","position":2,"name":"Produits","item":"https:\/\/huntingeurope.be\/fr\/shop\/"},{"@type":"ListItem","position":3,"name":"Chemise en lin Blaser &#8211; Levin"}]},{"@type":"WebSite","@id":"https:\/\/huntingeurope.be\/fr\/?lang=en\/#website","url":"https:\/\/huntingeurope.be\/fr\/?lang=en\/","name":"Hunting Europe","description":"Alles voor de jacht","publisher":{"@id":"https:\/\/huntingeurope.be\/fr\/?lang=en\/#organization"},"potentialAction":[{"@type":"SearchAction","target":{"@type":"EntryPoint","urlTemplate":"https:\/\/huntingeurope.be\/fr\/?lang=en\/?s={search_term_string}"},"query-input":{"@type":"PropertyValueSpecification","valueRequired":true,"valueName":"search_term_string"}}],"inLanguage":"fr-FR"},{"@type":"Organization","@id":"https:\/\/huntingeurope.be\/fr\/?lang=en\/#organization","name":"Hunting Europe","url":"https:\/\/huntingeurope.be\/fr\/?lang=en\/","logo":{"@type":"ImageObject","inLanguage":"fr-FR","@id":"https:\/\/huntingeurope.be\/fr\/?lang=en\/#\/schema\/logo\/image\/","url":"https:\/\/huntingeurope.be\/wp-content\/uploads\/2021\/10\/Huntingeurope-1-1.png","contentUrl":"https:\/\/huntingeurope.be\/wp-content\/uploads\/2021\/10\/Huntingeurope-1-1.png","width":280,"height":179,"caption":"Hunting Europe"},"image":{"@id":"https:\/\/huntingeurope.be\/fr\/?lang=en\/#\/schema\/logo\/image\/"},"sameAs":["https:\/\/www.facebook.com\/jachtwinkel.europe\/","https:\/\/www.instagram.com\/huntingeurope\/","https:\/\/www.youtube.com\/user\/NickolaySmet\/videos?view_as=subscriber"]}]}},"df_price":67.5,"df_sale_price":"","df_regular_price":67.5,"df_image_link":"https:\/\/huntingeurope.be\/wp-content\/uploads\/2024\/03\/122005-087-634-Herren-Leinen-Shirt-Levin_Produktbild_01_4000x4000px-300x300.png","_links":{"self":[{"href":"https:\/\/huntingeurope.be\/fr\/wp-json\/wp\/v2\/product\/45885","targetHints":{"allow":["GET"]}}],"collection":[{"href":"https:\/\/huntingeurope.be\/fr\/wp-json\/wp\/v2\/product"}],"about":[{"href":"https:\/\/huntingeurope.be\/fr\/wp-json\/wp\/v2\/types\/product"}],"wp:featuredmedia":[{"embeddable":true,"href":"https:\/\/huntingeurope.be\/fr\/wp-json\/wp\/v2\/media\/45710"}],"wp:attachment":[{"href":"https:\/\/huntingeurope.be\/fr\/wp-json\/wp\/v2\/media?parent=45885"}],"wp:term":[{"taxonomy":"product_brand","embeddable":true,"href":"https:\/\/huntingeurope.be\/fr\/wp-json\/wp\/v2\/product_brand?post=45885"},{"taxonomy":"product_cat","embeddable":true,"href":"https:\/\/huntingeurope.be\/fr\/wp-json\/wp\/v2\/product_cat?post=45885"},{"taxonomy":"product_tag","embeddable":true,"href":"https:\/\/huntingeurope.be\/fr\/wp-json\/wp\/v2\/product_tag?post=45885"}],"curies":[{"name":"wp","href":"https:\/\/api.w.org\/{rel}","templated":true}]}}