{"id":43775,"date":"2023-10-21T18:47:08","date_gmt":"2023-10-21T16:51:58","guid":{"rendered":"https:\/\/huntingeurope.be\/product\/scrogoud-goudron-vegetal-55-kg\/"},"modified":"2023-10-21T18:51:58","modified_gmt":"2023-10-21T16:51:58","slug":"scrogoud-goudron-vegetal-55-kg","status":"publish","type":"product","link":"https:\/\/huntingeurope.be\/fr\/produit\/scrogoud-goudron-vegetal-55-kg\/","title":{"rendered":"SCROGOUD goudron v\u00e9g\u00e9tal (5,5 kg)"},"content":{"rendered":"","protected":false},"excerpt":{"rendered":"<p>Outre le \u00ab\u00a0GOUDRON SP\u00c9CIAL SANGLIER\u00a0\u00bb conditionn\u00e9 dans un seau m\u00e9tallique, Vitex propose une nouvelle version du GOUDRON Scrogoud, l\u00e9g\u00e8rement plus fluide et aux propri\u00e9t\u00e9s attractives similaires.<\/p>\n<p>Propos\u00e9 en jerricans plastiques de 5 kg avec un mode d&#8217;emploi identique.<\/p>\n<p>Plus liquide, donc plus facile \u00e0 utiliser en hiver.<\/p>\n","protected":false},"featured_media":43773,"template":"","meta":{"_joinchat":[]},"product_brand":[],"product_cat":[527],"product_tag":[796],"class_list":{"0":"post-43775","1":"product","2":"type-product","3":"status-publish","4":"has-post-thumbnail","6":"product_cat-travail-de-terrain","7":"product_tag-vitex-fr","9":"first","10":"instock","11":"taxable","12":"shipping-taxable","13":"purchasable","14":"product-type-simple"},"yoast_head":"<!-- This site is optimized with the Yoast SEO plugin v27.6 - https:\/\/yoast.com\/product\/yoast-seo-wordpress\/ -->\n<title>SCROGOUD goudron v\u00e9g\u00e9tal (5,5 kg) - Hunting Europe<\/title>\n<meta name=\"robots\" content=\"index, follow, max-snippet:-1, max-image-preview:large, max-video-preview:-1\" \/>\n<link rel=\"canonical\" href=\"https:\/\/huntingeurope.be\/fr\/produit\/scrogoud-goudron-vegetal-55-kg\/\" \/>\n<meta property=\"og:locale\" content=\"fr_FR\" \/>\n<meta property=\"og:type\" content=\"article\" \/>\n<meta property=\"og:title\" content=\"SCROGOUD goudron v\u00e9g\u00e9tal (5,5 kg) - Hunting Europe\" \/>\n<meta property=\"og:description\" content=\"Outre le &quot;GOUDRON SP\u00c9CIAL SANGLIER&quot; conditionn\u00e9 dans un seau m\u00e9tallique, Vitex propose une nouvelle version du GOUDRON Scrogoud, l\u00e9g\u00e8rement plus fluide et aux propri\u00e9t\u00e9s attractives similaires. Propos\u00e9 en jerricans plastiques de 5 kg avec un mode d&#039;emploi identique. Plus liquide, donc plus facile \u00e0 utiliser en hiver.\" \/>\n<meta property=\"og:url\" content=\"https:\/\/huntingeurope.be\/fr\/produit\/scrogoud-goudron-vegetal-55-kg\/\" \/>\n<meta property=\"og:site_name\" content=\"Hunting Europe\" \/>\n<meta property=\"article:publisher\" content=\"https:\/\/www.facebook.com\/jachtwinkel.europe\/\" \/>\n<meta property=\"og:image\" content=\"https:\/\/huntingeurope.be\/wp-content\/uploads\/2023\/10\/goudron-vegetal-dit-de-norvege.jpg\" \/>\n\t<meta property=\"og:image:width\" content=\"1200\" \/>\n\t<meta property=\"og:image:height\" content=\"1372\" \/>\n\t<meta property=\"og:image:type\" content=\"image\/jpeg\" \/>\n<meta name=\"twitter:card\" content=\"summary_large_image\" \/>\n<script type=\"application\/ld+json\" class=\"yoast-schema-graph\">{\"@context\":\"https:\\\/\\\/schema.org\",\"@graph\":[{\"@type\":\"WebPage\",\"@id\":\"https:\\\/\\\/huntingeurope.be\\\/fr\\\/produit\\\/scrogoud-goudron-vegetal-55-kg\\\/\",\"url\":\"https:\\\/\\\/huntingeurope.be\\\/fr\\\/produit\\\/scrogoud-goudron-vegetal-55-kg\\\/\",\"name\":\"SCROGOUD goudron v\u00e9g\u00e9tal (5,5 kg) - Hunting Europe\",\"isPartOf\":{\"@id\":\"https:\\\/\\\/huntingeurope.be\\\/fr\\\/?lang=en\\\/#website\"},\"primaryImageOfPage\":{\"@id\":\"https:\\\/\\\/huntingeurope.be\\\/fr\\\/produit\\\/scrogoud-goudron-vegetal-55-kg\\\/#primaryimage\"},\"image\":{\"@id\":\"https:\\\/\\\/huntingeurope.be\\\/fr\\\/produit\\\/scrogoud-goudron-vegetal-55-kg\\\/#primaryimage\"},\"thumbnailUrl\":\"https:\\\/\\\/huntingeurope.be\\\/wp-content\\\/uploads\\\/2023\\\/10\\\/goudron-vegetal-dit-de-norvege.jpg\",\"datePublished\":\"2023-10-21T16:51:58+00:00\",\"breadcrumb\":{\"@id\":\"https:\\\/\\\/huntingeurope.be\\\/fr\\\/produit\\\/scrogoud-goudron-vegetal-55-kg\\\/#breadcrumb\"},\"inLanguage\":\"fr-FR\",\"potentialAction\":[{\"@type\":\"ReadAction\",\"target\":[\"https:\\\/\\\/huntingeurope.be\\\/fr\\\/produit\\\/scrogoud-goudron-vegetal-55-kg\\\/\"]}]},{\"@type\":\"ImageObject\",\"inLanguage\":\"fr-FR\",\"@id\":\"https:\\\/\\\/huntingeurope.be\\\/fr\\\/produit\\\/scrogoud-goudron-vegetal-55-kg\\\/#primaryimage\",\"url\":\"https:\\\/\\\/huntingeurope.be\\\/wp-content\\\/uploads\\\/2023\\\/10\\\/goudron-vegetal-dit-de-norvege.jpg\",\"contentUrl\":\"https:\\\/\\\/huntingeurope.be\\\/wp-content\\\/uploads\\\/2023\\\/10\\\/goudron-vegetal-dit-de-norvege.jpg\",\"width\":1200,\"height\":1372},{\"@type\":\"BreadcrumbList\",\"@id\":\"https:\\\/\\\/huntingeurope.be\\\/fr\\\/produit\\\/scrogoud-goudron-vegetal-55-kg\\\/#breadcrumb\",\"itemListElement\":[{\"@type\":\"ListItem\",\"position\":1,\"name\":\"Home\",\"item\":\"https:\\\/\\\/huntingeurope.be\\\/fr\\\/\"},{\"@type\":\"ListItem\",\"position\":2,\"name\":\"Produits\",\"item\":\"https:\\\/\\\/huntingeurope.be\\\/fr\\\/shop\\\/\"},{\"@type\":\"ListItem\",\"position\":3,\"name\":\"SCROGOUD goudron v\u00e9g\u00e9tal (5,5 kg)\"}]},{\"@type\":\"WebSite\",\"@id\":\"https:\\\/\\\/huntingeurope.be\\\/fr\\\/?lang=en\\\/#website\",\"url\":\"https:\\\/\\\/huntingeurope.be\\\/fr\\\/?lang=en\\\/\",\"name\":\"Hunting Europe\",\"description\":\"Alles voor de jacht\",\"publisher\":{\"@id\":\"https:\\\/\\\/huntingeurope.be\\\/fr\\\/?lang=en\\\/#organization\"},\"potentialAction\":[{\"@type\":\"SearchAction\",\"target\":{\"@type\":\"EntryPoint\",\"urlTemplate\":\"https:\\\/\\\/huntingeurope.be\\\/fr\\\/?lang=en\\\/?s={search_term_string}\"},\"query-input\":{\"@type\":\"PropertyValueSpecification\",\"valueRequired\":true,\"valueName\":\"search_term_string\"}}],\"inLanguage\":\"fr-FR\"},{\"@type\":\"Organization\",\"@id\":\"https:\\\/\\\/huntingeurope.be\\\/fr\\\/?lang=en\\\/#organization\",\"name\":\"Hunting Europe\",\"url\":\"https:\\\/\\\/huntingeurope.be\\\/fr\\\/?lang=en\\\/\",\"logo\":{\"@type\":\"ImageObject\",\"inLanguage\":\"fr-FR\",\"@id\":\"https:\\\/\\\/huntingeurope.be\\\/fr\\\/?lang=en\\\/#\\\/schema\\\/logo\\\/image\\\/\",\"url\":\"https:\\\/\\\/huntingeurope.be\\\/wp-content\\\/uploads\\\/2021\\\/10\\\/Huntingeurope-1-1.png\",\"contentUrl\":\"https:\\\/\\\/huntingeurope.be\\\/wp-content\\\/uploads\\\/2021\\\/10\\\/Huntingeurope-1-1.png\",\"width\":280,\"height\":179,\"caption\":\"Hunting Europe\"},\"image\":{\"@id\":\"https:\\\/\\\/huntingeurope.be\\\/fr\\\/?lang=en\\\/#\\\/schema\\\/logo\\\/image\\\/\"},\"sameAs\":[\"https:\\\/\\\/www.facebook.com\\\/jachtwinkel.europe\\\/\",\"https:\\\/\\\/www.instagram.com\\\/huntingeurope\\\/\",\"https:\\\/\\\/www.youtube.com\\\/user\\\/NickolaySmet\\\/videos?view_as=subscriber\"]}]}<\/script>\n<!-- \/ Yoast SEO plugin. -->","yoast_head_json":{"title":"SCROGOUD goudron v\u00e9g\u00e9tal (5,5 kg) - Hunting Europe","robots":{"index":"index","follow":"follow","max-snippet":"max-snippet:-1","max-image-preview":"max-image-preview:large","max-video-preview":"max-video-preview:-1"},"canonical":"https:\/\/huntingeurope.be\/fr\/produit\/scrogoud-goudron-vegetal-55-kg\/","og_locale":"fr_FR","og_type":"article","og_title":"SCROGOUD goudron v\u00e9g\u00e9tal (5,5 kg) - Hunting Europe","og_description":"Outre le \"GOUDRON SP\u00c9CIAL SANGLIER\" conditionn\u00e9 dans un seau m\u00e9tallique, Vitex propose une nouvelle version du GOUDRON Scrogoud, l\u00e9g\u00e8rement plus fluide et aux propri\u00e9t\u00e9s attractives similaires. Propos\u00e9 en jerricans plastiques de 5 kg avec un mode d'emploi identique. Plus liquide, donc plus facile \u00e0 utiliser en hiver.","og_url":"https:\/\/huntingeurope.be\/fr\/produit\/scrogoud-goudron-vegetal-55-kg\/","og_site_name":"Hunting Europe","article_publisher":"https:\/\/www.facebook.com\/jachtwinkel.europe\/","og_image":[{"width":1200,"height":1372,"url":"https:\/\/huntingeurope.be\/wp-content\/uploads\/2023\/10\/goudron-vegetal-dit-de-norvege.jpg","type":"image\/jpeg"}],"twitter_card":"summary_large_image","schema":{"@context":"https:\/\/schema.org","@graph":[{"@type":"WebPage","@id":"https:\/\/huntingeurope.be\/fr\/produit\/scrogoud-goudron-vegetal-55-kg\/","url":"https:\/\/huntingeurope.be\/fr\/produit\/scrogoud-goudron-vegetal-55-kg\/","name":"SCROGOUD goudron v\u00e9g\u00e9tal (5,5 kg) - Hunting Europe","isPartOf":{"@id":"https:\/\/huntingeurope.be\/fr\/?lang=en\/#website"},"primaryImageOfPage":{"@id":"https:\/\/huntingeurope.be\/fr\/produit\/scrogoud-goudron-vegetal-55-kg\/#primaryimage"},"image":{"@id":"https:\/\/huntingeurope.be\/fr\/produit\/scrogoud-goudron-vegetal-55-kg\/#primaryimage"},"thumbnailUrl":"https:\/\/huntingeurope.be\/wp-content\/uploads\/2023\/10\/goudron-vegetal-dit-de-norvege.jpg","datePublished":"2023-10-21T16:51:58+00:00","breadcrumb":{"@id":"https:\/\/huntingeurope.be\/fr\/produit\/scrogoud-goudron-vegetal-55-kg\/#breadcrumb"},"inLanguage":"fr-FR","potentialAction":[{"@type":"ReadAction","target":["https:\/\/huntingeurope.be\/fr\/produit\/scrogoud-goudron-vegetal-55-kg\/"]}]},{"@type":"ImageObject","inLanguage":"fr-FR","@id":"https:\/\/huntingeurope.be\/fr\/produit\/scrogoud-goudron-vegetal-55-kg\/#primaryimage","url":"https:\/\/huntingeurope.be\/wp-content\/uploads\/2023\/10\/goudron-vegetal-dit-de-norvege.jpg","contentUrl":"https:\/\/huntingeurope.be\/wp-content\/uploads\/2023\/10\/goudron-vegetal-dit-de-norvege.jpg","width":1200,"height":1372},{"@type":"BreadcrumbList","@id":"https:\/\/huntingeurope.be\/fr\/produit\/scrogoud-goudron-vegetal-55-kg\/#breadcrumb","itemListElement":[{"@type":"ListItem","position":1,"name":"Home","item":"https:\/\/huntingeurope.be\/fr\/"},{"@type":"ListItem","position":2,"name":"Produits","item":"https:\/\/huntingeurope.be\/fr\/shop\/"},{"@type":"ListItem","position":3,"name":"SCROGOUD goudron v\u00e9g\u00e9tal (5,5 kg)"}]},{"@type":"WebSite","@id":"https:\/\/huntingeurope.be\/fr\/?lang=en\/#website","url":"https:\/\/huntingeurope.be\/fr\/?lang=en\/","name":"Hunting Europe","description":"Alles voor de jacht","publisher":{"@id":"https:\/\/huntingeurope.be\/fr\/?lang=en\/#organization"},"potentialAction":[{"@type":"SearchAction","target":{"@type":"EntryPoint","urlTemplate":"https:\/\/huntingeurope.be\/fr\/?lang=en\/?s={search_term_string}"},"query-input":{"@type":"PropertyValueSpecification","valueRequired":true,"valueName":"search_term_string"}}],"inLanguage":"fr-FR"},{"@type":"Organization","@id":"https:\/\/huntingeurope.be\/fr\/?lang=en\/#organization","name":"Hunting Europe","url":"https:\/\/huntingeurope.be\/fr\/?lang=en\/","logo":{"@type":"ImageObject","inLanguage":"fr-FR","@id":"https:\/\/huntingeurope.be\/fr\/?lang=en\/#\/schema\/logo\/image\/","url":"https:\/\/huntingeurope.be\/wp-content\/uploads\/2021\/10\/Huntingeurope-1-1.png","contentUrl":"https:\/\/huntingeurope.be\/wp-content\/uploads\/2021\/10\/Huntingeurope-1-1.png","width":280,"height":179,"caption":"Hunting Europe"},"image":{"@id":"https:\/\/huntingeurope.be\/fr\/?lang=en\/#\/schema\/logo\/image\/"},"sameAs":["https:\/\/www.facebook.com\/jachtwinkel.europe\/","https:\/\/www.instagram.com\/huntingeurope\/","https:\/\/www.youtube.com\/user\/NickolaySmet\/videos?view_as=subscriber"]}]}},"df_price":37.95,"df_sale_price":"","df_regular_price":37.95,"df_image_link":"https:\/\/huntingeurope.be\/wp-content\/uploads\/2023\/10\/goudron-vegetal-dit-de-norvege-262x300.jpg","_links":{"self":[{"href":"https:\/\/huntingeurope.be\/fr\/wp-json\/wp\/v2\/product\/43775","targetHints":{"allow":["GET"]}}],"collection":[{"href":"https:\/\/huntingeurope.be\/fr\/wp-json\/wp\/v2\/product"}],"about":[{"href":"https:\/\/huntingeurope.be\/fr\/wp-json\/wp\/v2\/types\/product"}],"wp:featuredmedia":[{"embeddable":true,"href":"https:\/\/huntingeurope.be\/fr\/wp-json\/wp\/v2\/media\/43773"}],"wp:attachment":[{"href":"https:\/\/huntingeurope.be\/fr\/wp-json\/wp\/v2\/media?parent=43775"}],"wp:term":[{"taxonomy":"product_brand","embeddable":true,"href":"https:\/\/huntingeurope.be\/fr\/wp-json\/wp\/v2\/product_brand?post=43775"},{"taxonomy":"product_cat","embeddable":true,"href":"https:\/\/huntingeurope.be\/fr\/wp-json\/wp\/v2\/product_cat?post=43775"},{"taxonomy":"product_tag","embeddable":true,"href":"https:\/\/huntingeurope.be\/fr\/wp-json\/wp\/v2\/product_tag?post=43775"}],"curies":[{"name":"wp","href":"https:\/\/api.w.org\/{rel}","templated":true}]}}