{"id":43685,"date":"2023-10-11T20:30:15","date_gmt":"2023-10-11T18:30:15","guid":{"rendered":"https:\/\/huntingeurope.be\/product\/vorn-lt12\/"},"modified":"2025-11-04T16:58:15","modified_gmt":"2025-11-04T15:58:15","slug":"vorn-lt12","status":"publish","type":"product","link":"https:\/\/huntingeurope.be\/fr\/produit\/vorn-lt12\/","title":{"rendered":"VORN LT12"},"content":{"rendered":"<p><iframe loading=\"lazy\" title=\"VORN HUNTING BACKPACK\" width=\"1080\" height=\"608\" src=\"https:\/\/www.youtube.com\/embed\/FpbLiffbrx4?feature=oembed\" frameborder=\"0\" allow=\"accelerometer; autoplay; clipboard-write; encrypted-media; gyroscope; picture-in-picture; web-share\" allowfullscreen><\/iframe><\/p>\n","protected":false},"excerpt":{"rendered":"<p>Les sacs \u00e0 dos de chasse de Vorn sont tr\u00e8s appr\u00e9ci\u00e9s des chasseurs du monde entier. Votre arme \u00e0 feu \u00e9tant bien prot\u00e9g\u00e9e dans votre sac \u00e0 dos, vous pouvez vous concentrer sur la chasse. Le syst\u00e8me Quick Rifle Release vous permet d&rsquo;acc\u00e9der rapidement et de mani\u00e8re fiable \u00e0 votre arme \u00e0 feu lorsque vous \u00eates pr\u00eat \u00e0 tirer.<\/p>\n<p>L&rsquo;attention port\u00e9e aux d\u00e9tails, combin\u00e9e \u00e0 des mat\u00e9riaux de qualit\u00e9, garantit qu&rsquo;un sac \u00e0 dos Vorn sera confortablement install\u00e9 sur votre dos pendant des ann\u00e9es !<\/p>\n<p>Le VORN LT12, avec sa capacit\u00e9 de 12 litres, est le sac \u00e0 dos le plus petit et le plus l\u00e9ger de Vorn. Parfait pour une chasse o\u00f9 vous n&rsquo;avez pas besoin de beaucoup d&rsquo;\u00e9quipement et o\u00f9 vous voulez que votre sac \u00e0 dos soit aussi l\u00e9ger que possible.<\/p>\n<p>&nbsp;<\/p>\n<p>Syst\u00e8me QRR brevet\u00e9 pour un acc\u00e8s rapide et fiable \u00e0 votre carabine ou fusil de chasse<br \/>\nBarres composites horizontales internes pour une meilleure stabilit\u00e9<br \/>\nCompartiment \u00e0 armes \u00e0 feu spacieux et r\u00e9glable<br \/>\nBretelles confortables avec sangle de poitrine<br \/>\nCeinture de hanche amovible pour un transport l\u00e9ger<br \/>\nCompatible avec un syst\u00e8me d&rsquo;hydratation (jusqu&rsquo;\u00e0 3 litres).<br \/>\nPoche int\u00e9rieure et ext\u00e9rieure en filet<br \/>\nPoign\u00e9es multiples, sangles de compression et points d&rsquo;attache<br \/>\nComprend une housse de canon pour la protection de la carabine pendant le transport.<br \/>\nVolume : 12 litres<br \/>\nPoids : 1,40 kg<br \/>\nCaract\u00e9ristiques techniques<br \/>\n&#8211; Syst\u00e8me de largage en acier inoxydable<br \/>\n&#8211; Tissu 3 couches V-Tex durable, silencieux et r\u00e9sistant \u00e0 l&rsquo;eau<br \/>\n&#8211; Fermetures \u00e0 glissi\u00e8re YKK\u2122 r\u00e9sistantes \u00e0 l&rsquo;eau avec rev\u00eatement PU dans la taille #8.<br \/>\n&#8211; Boucles Duraflex\u2122<br \/>\n&#8211; Ceinture en nylon de haute qualit\u00e9<\/p>\n","protected":false},"featured_media":43674,"template":"","meta":{"_joinchat":[]},"product_brand":[],"product_cat":[530],"product_tag":[787],"class_list":{"0":"post-43685","1":"product","2":"type-product","3":"status-publish","4":"has-post-thumbnail","6":"product_cat-houses-sacs-et-malettes","7":"product_tag-vorn-fr","9":"first","10":"instock","11":"taxable","12":"shipping-taxable","13":"purchasable","14":"product-type-simple"},"yoast_head":"<!-- This site is optimized with the Yoast SEO plugin v27.4 - https:\/\/yoast.com\/product\/yoast-seo-wordpress\/ -->\n<title>VORN LT12 - Hunting Europe<\/title>\n<meta name=\"robots\" content=\"index, follow, max-snippet:-1, max-image-preview:large, max-video-preview:-1\" \/>\n<link rel=\"canonical\" href=\"https:\/\/huntingeurope.be\/fr\/produit\/vorn-lt12\/\" \/>\n<meta property=\"og:locale\" content=\"fr_FR\" \/>\n<meta property=\"og:type\" content=\"article\" \/>\n<meta property=\"og:title\" content=\"VORN LT12 - Hunting Europe\" \/>\n<meta property=\"og:description\" content=\"Les sacs \u00e0 dos de chasse de Vorn sont tr\u00e8s appr\u00e9ci\u00e9s des chasseurs du monde entier. Votre arme \u00e0 feu \u00e9tant bien prot\u00e9g\u00e9e dans votre sac \u00e0 dos, vous pouvez vous concentrer sur la chasse. Le syst\u00e8me Quick Rifle Release vous permet d&#039;acc\u00e9der rapidement et de mani\u00e8re fiable \u00e0 votre arme \u00e0 feu lorsque vous \u00eates pr\u00eat \u00e0 tirer. L&#039;attention port\u00e9e aux d\u00e9tails, combin\u00e9e \u00e0 des mat\u00e9riaux de qualit\u00e9, garantit qu&#039;un sac \u00e0 dos Vorn sera confortablement install\u00e9 sur votre dos pendant des ann\u00e9es ! Le VORN LT12, avec sa capacit\u00e9 de 12 litres, est le sac \u00e0 dos le plus petit et le plus l\u00e9ger de Vorn. Parfait pour une chasse o\u00f9 vous n&#039;avez pas besoin de beaucoup d&#039;\u00e9quipement et o\u00f9 vous voulez que votre sac \u00e0 dos soit aussi l\u00e9ger que possible. &nbsp; Syst\u00e8me QRR brevet\u00e9 pour un acc\u00e8s rapide et fiable \u00e0 votre carabine ou fusil de chasse Barres composites horizontales internes pour une meilleure stabilit\u00e9 Compartiment \u00e0 armes \u00e0 feu spacieux et r\u00e9glable Bretelles confortables avec sangle de poitrine Ceinture de hanche amovible pour un transport l\u00e9ger Compatible avec un syst\u00e8me d&#039;hydratation (jusqu&#039;\u00e0 3 litres). Poche int\u00e9rieure et ext\u00e9rieure en filet Poign\u00e9es multiples, sangles de compression et points d&#039;attache Comprend une housse de canon pour la protection de la carabine pendant le transport. Volume : 12 litres Poids : 1,40 kg Caract\u00e9ristiques techniques - Syst\u00e8me de largage en acier inoxydable - Tissu 3 couches V-Tex durable, silencieux et r\u00e9sistant \u00e0 l&#039;eau - Fermetures \u00e0 glissi\u00e8re YKK\u2122 r\u00e9sistantes \u00e0 l&#039;eau avec rev\u00eatement PU dans la taille #8. - Boucles Duraflex\u2122 - Ceinture en nylon de haute qualit\u00e9\" \/>\n<meta property=\"og:url\" content=\"https:\/\/huntingeurope.be\/fr\/produit\/vorn-lt12\/\" \/>\n<meta property=\"og:site_name\" content=\"Hunting Europe\" \/>\n<meta property=\"article:publisher\" content=\"https:\/\/www.facebook.com\/jachtwinkel.europe\/\" \/>\n<meta property=\"article:modified_time\" content=\"2025-11-04T15:58:15+00:00\" \/>\n<meta property=\"og:image\" content=\"https:\/\/huntingeurope.be\/wp-content\/uploads\/2023\/10\/0201-VORN-LT12-2-1-1024x1024.png\" \/>\n\t<meta property=\"og:image:width\" content=\"1024\" \/>\n\t<meta property=\"og:image:height\" content=\"1024\" \/>\n\t<meta property=\"og:image:type\" content=\"image\/png\" \/>\n<meta name=\"twitter:card\" content=\"summary_large_image\" \/>\n<script type=\"application\/ld+json\" class=\"yoast-schema-graph\">{\"@context\":\"https:\\\/\\\/schema.org\",\"@graph\":[{\"@type\":\"WebPage\",\"@id\":\"https:\\\/\\\/huntingeurope.be\\\/fr\\\/produit\\\/vorn-lt12\\\/\",\"url\":\"https:\\\/\\\/huntingeurope.be\\\/fr\\\/produit\\\/vorn-lt12\\\/\",\"name\":\"VORN LT12 - Hunting Europe\",\"isPartOf\":{\"@id\":\"https:\\\/\\\/huntingeurope.be\\\/fr\\\/?lang=en\\\/#website\"},\"primaryImageOfPage\":{\"@id\":\"https:\\\/\\\/huntingeurope.be\\\/fr\\\/produit\\\/vorn-lt12\\\/#primaryimage\"},\"image\":{\"@id\":\"https:\\\/\\\/huntingeurope.be\\\/fr\\\/produit\\\/vorn-lt12\\\/#primaryimage\"},\"thumbnailUrl\":\"https:\\\/\\\/huntingeurope.be\\\/wp-content\\\/uploads\\\/2023\\\/10\\\/0201-VORN-LT12-2-1.png\",\"datePublished\":\"2023-10-11T18:30:15+00:00\",\"dateModified\":\"2025-11-04T15:58:15+00:00\",\"breadcrumb\":{\"@id\":\"https:\\\/\\\/huntingeurope.be\\\/fr\\\/produit\\\/vorn-lt12\\\/#breadcrumb\"},\"inLanguage\":\"fr-FR\",\"potentialAction\":[{\"@type\":\"ReadAction\",\"target\":[\"https:\\\/\\\/huntingeurope.be\\\/fr\\\/produit\\\/vorn-lt12\\\/\"]}]},{\"@type\":\"ImageObject\",\"inLanguage\":\"fr-FR\",\"@id\":\"https:\\\/\\\/huntingeurope.be\\\/fr\\\/produit\\\/vorn-lt12\\\/#primaryimage\",\"url\":\"https:\\\/\\\/huntingeurope.be\\\/wp-content\\\/uploads\\\/2023\\\/10\\\/0201-VORN-LT12-2-1.png\",\"contentUrl\":\"https:\\\/\\\/huntingeurope.be\\\/wp-content\\\/uploads\\\/2023\\\/10\\\/0201-VORN-LT12-2-1.png\",\"width\":2000,\"height\":2000},{\"@type\":\"BreadcrumbList\",\"@id\":\"https:\\\/\\\/huntingeurope.be\\\/fr\\\/produit\\\/vorn-lt12\\\/#breadcrumb\",\"itemListElement\":[{\"@type\":\"ListItem\",\"position\":1,\"name\":\"Home\",\"item\":\"https:\\\/\\\/huntingeurope.be\\\/fr\\\/\"},{\"@type\":\"ListItem\",\"position\":2,\"name\":\"Produits\",\"item\":\"https:\\\/\\\/huntingeurope.be\\\/fr\\\/shop\\\/\"},{\"@type\":\"ListItem\",\"position\":3,\"name\":\"VORN LT12\"}]},{\"@type\":\"WebSite\",\"@id\":\"https:\\\/\\\/huntingeurope.be\\\/fr\\\/?lang=en\\\/#website\",\"url\":\"https:\\\/\\\/huntingeurope.be\\\/fr\\\/?lang=en\\\/\",\"name\":\"Hunting Europe\",\"description\":\"Alles voor de jacht\",\"publisher\":{\"@id\":\"https:\\\/\\\/huntingeurope.be\\\/fr\\\/?lang=en\\\/#organization\"},\"potentialAction\":[{\"@type\":\"SearchAction\",\"target\":{\"@type\":\"EntryPoint\",\"urlTemplate\":\"https:\\\/\\\/huntingeurope.be\\\/fr\\\/?lang=en\\\/?s={search_term_string}\"},\"query-input\":{\"@type\":\"PropertyValueSpecification\",\"valueRequired\":true,\"valueName\":\"search_term_string\"}}],\"inLanguage\":\"fr-FR\"},{\"@type\":\"Organization\",\"@id\":\"https:\\\/\\\/huntingeurope.be\\\/fr\\\/?lang=en\\\/#organization\",\"name\":\"Hunting Europe\",\"url\":\"https:\\\/\\\/huntingeurope.be\\\/fr\\\/?lang=en\\\/\",\"logo\":{\"@type\":\"ImageObject\",\"inLanguage\":\"fr-FR\",\"@id\":\"https:\\\/\\\/huntingeurope.be\\\/fr\\\/?lang=en\\\/#\\\/schema\\\/logo\\\/image\\\/\",\"url\":\"https:\\\/\\\/huntingeurope.be\\\/wp-content\\\/uploads\\\/2021\\\/10\\\/Huntingeurope-1-1.png\",\"contentUrl\":\"https:\\\/\\\/huntingeurope.be\\\/wp-content\\\/uploads\\\/2021\\\/10\\\/Huntingeurope-1-1.png\",\"width\":280,\"height\":179,\"caption\":\"Hunting Europe\"},\"image\":{\"@id\":\"https:\\\/\\\/huntingeurope.be\\\/fr\\\/?lang=en\\\/#\\\/schema\\\/logo\\\/image\\\/\"},\"sameAs\":[\"https:\\\/\\\/www.facebook.com\\\/jachtwinkel.europe\\\/\",\"https:\\\/\\\/www.instagram.com\\\/huntingeurope\\\/\",\"https:\\\/\\\/www.youtube.com\\\/user\\\/NickolaySmet\\\/videos?view_as=subscriber\"]}]}<\/script>\n<!-- \/ Yoast SEO plugin. -->","yoast_head_json":{"title":"VORN LT12 - Hunting Europe","robots":{"index":"index","follow":"follow","max-snippet":"max-snippet:-1","max-image-preview":"max-image-preview:large","max-video-preview":"max-video-preview:-1"},"canonical":"https:\/\/huntingeurope.be\/fr\/produit\/vorn-lt12\/","og_locale":"fr_FR","og_type":"article","og_title":"VORN LT12 - Hunting Europe","og_description":"Les sacs \u00e0 dos de chasse de Vorn sont tr\u00e8s appr\u00e9ci\u00e9s des chasseurs du monde entier. Votre arme \u00e0 feu \u00e9tant bien prot\u00e9g\u00e9e dans votre sac \u00e0 dos, vous pouvez vous concentrer sur la chasse. Le syst\u00e8me Quick Rifle Release vous permet d'acc\u00e9der rapidement et de mani\u00e8re fiable \u00e0 votre arme \u00e0 feu lorsque vous \u00eates pr\u00eat \u00e0 tirer. L'attention port\u00e9e aux d\u00e9tails, combin\u00e9e \u00e0 des mat\u00e9riaux de qualit\u00e9, garantit qu'un sac \u00e0 dos Vorn sera confortablement install\u00e9 sur votre dos pendant des ann\u00e9es ! Le VORN LT12, avec sa capacit\u00e9 de 12 litres, est le sac \u00e0 dos le plus petit et le plus l\u00e9ger de Vorn. Parfait pour une chasse o\u00f9 vous n'avez pas besoin de beaucoup d'\u00e9quipement et o\u00f9 vous voulez que votre sac \u00e0 dos soit aussi l\u00e9ger que possible. &nbsp; Syst\u00e8me QRR brevet\u00e9 pour un acc\u00e8s rapide et fiable \u00e0 votre carabine ou fusil de chasse Barres composites horizontales internes pour une meilleure stabilit\u00e9 Compartiment \u00e0 armes \u00e0 feu spacieux et r\u00e9glable Bretelles confortables avec sangle de poitrine Ceinture de hanche amovible pour un transport l\u00e9ger Compatible avec un syst\u00e8me d'hydratation (jusqu'\u00e0 3 litres). Poche int\u00e9rieure et ext\u00e9rieure en filet Poign\u00e9es multiples, sangles de compression et points d'attache Comprend une housse de canon pour la protection de la carabine pendant le transport. Volume : 12 litres Poids : 1,40 kg Caract\u00e9ristiques techniques - Syst\u00e8me de largage en acier inoxydable - Tissu 3 couches V-Tex durable, silencieux et r\u00e9sistant \u00e0 l'eau - Fermetures \u00e0 glissi\u00e8re YKK\u2122 r\u00e9sistantes \u00e0 l'eau avec rev\u00eatement PU dans la taille #8. - Boucles Duraflex\u2122 - Ceinture en nylon de haute qualit\u00e9","og_url":"https:\/\/huntingeurope.be\/fr\/produit\/vorn-lt12\/","og_site_name":"Hunting Europe","article_publisher":"https:\/\/www.facebook.com\/jachtwinkel.europe\/","article_modified_time":"2025-11-04T15:58:15+00:00","og_image":[{"width":1024,"height":1024,"url":"https:\/\/huntingeurope.be\/wp-content\/uploads\/2023\/10\/0201-VORN-LT12-2-1-1024x1024.png","type":"image\/png"}],"twitter_card":"summary_large_image","schema":{"@context":"https:\/\/schema.org","@graph":[{"@type":"WebPage","@id":"https:\/\/huntingeurope.be\/fr\/produit\/vorn-lt12\/","url":"https:\/\/huntingeurope.be\/fr\/produit\/vorn-lt12\/","name":"VORN LT12 - Hunting Europe","isPartOf":{"@id":"https:\/\/huntingeurope.be\/fr\/?lang=en\/#website"},"primaryImageOfPage":{"@id":"https:\/\/huntingeurope.be\/fr\/produit\/vorn-lt12\/#primaryimage"},"image":{"@id":"https:\/\/huntingeurope.be\/fr\/produit\/vorn-lt12\/#primaryimage"},"thumbnailUrl":"https:\/\/huntingeurope.be\/wp-content\/uploads\/2023\/10\/0201-VORN-LT12-2-1.png","datePublished":"2023-10-11T18:30:15+00:00","dateModified":"2025-11-04T15:58:15+00:00","breadcrumb":{"@id":"https:\/\/huntingeurope.be\/fr\/produit\/vorn-lt12\/#breadcrumb"},"inLanguage":"fr-FR","potentialAction":[{"@type":"ReadAction","target":["https:\/\/huntingeurope.be\/fr\/produit\/vorn-lt12\/"]}]},{"@type":"ImageObject","inLanguage":"fr-FR","@id":"https:\/\/huntingeurope.be\/fr\/produit\/vorn-lt12\/#primaryimage","url":"https:\/\/huntingeurope.be\/wp-content\/uploads\/2023\/10\/0201-VORN-LT12-2-1.png","contentUrl":"https:\/\/huntingeurope.be\/wp-content\/uploads\/2023\/10\/0201-VORN-LT12-2-1.png","width":2000,"height":2000},{"@type":"BreadcrumbList","@id":"https:\/\/huntingeurope.be\/fr\/produit\/vorn-lt12\/#breadcrumb","itemListElement":[{"@type":"ListItem","position":1,"name":"Home","item":"https:\/\/huntingeurope.be\/fr\/"},{"@type":"ListItem","position":2,"name":"Produits","item":"https:\/\/huntingeurope.be\/fr\/shop\/"},{"@type":"ListItem","position":3,"name":"VORN LT12"}]},{"@type":"WebSite","@id":"https:\/\/huntingeurope.be\/fr\/?lang=en\/#website","url":"https:\/\/huntingeurope.be\/fr\/?lang=en\/","name":"Hunting Europe","description":"Alles voor de jacht","publisher":{"@id":"https:\/\/huntingeurope.be\/fr\/?lang=en\/#organization"},"potentialAction":[{"@type":"SearchAction","target":{"@type":"EntryPoint","urlTemplate":"https:\/\/huntingeurope.be\/fr\/?lang=en\/?s={search_term_string}"},"query-input":{"@type":"PropertyValueSpecification","valueRequired":true,"valueName":"search_term_string"}}],"inLanguage":"fr-FR"},{"@type":"Organization","@id":"https:\/\/huntingeurope.be\/fr\/?lang=en\/#organization","name":"Hunting Europe","url":"https:\/\/huntingeurope.be\/fr\/?lang=en\/","logo":{"@type":"ImageObject","inLanguage":"fr-FR","@id":"https:\/\/huntingeurope.be\/fr\/?lang=en\/#\/schema\/logo\/image\/","url":"https:\/\/huntingeurope.be\/wp-content\/uploads\/2021\/10\/Huntingeurope-1-1.png","contentUrl":"https:\/\/huntingeurope.be\/wp-content\/uploads\/2021\/10\/Huntingeurope-1-1.png","width":280,"height":179,"caption":"Hunting Europe"},"image":{"@id":"https:\/\/huntingeurope.be\/fr\/?lang=en\/#\/schema\/logo\/image\/"},"sameAs":["https:\/\/www.facebook.com\/jachtwinkel.europe\/","https:\/\/www.instagram.com\/huntingeurope\/","https:\/\/www.youtube.com\/user\/NickolaySmet\/videos?view_as=subscriber"]}]}},"df_price":299,"df_sale_price":"","df_regular_price":299,"df_image_link":"https:\/\/huntingeurope.be\/wp-content\/uploads\/2023\/10\/0201-VORN-LT12-2-1-300x300.png","_links":{"self":[{"href":"https:\/\/huntingeurope.be\/fr\/wp-json\/wp\/v2\/product\/43685","targetHints":{"allow":["GET"]}}],"collection":[{"href":"https:\/\/huntingeurope.be\/fr\/wp-json\/wp\/v2\/product"}],"about":[{"href":"https:\/\/huntingeurope.be\/fr\/wp-json\/wp\/v2\/types\/product"}],"wp:featuredmedia":[{"embeddable":true,"href":"https:\/\/huntingeurope.be\/fr\/wp-json\/wp\/v2\/media\/43674"}],"wp:attachment":[{"href":"https:\/\/huntingeurope.be\/fr\/wp-json\/wp\/v2\/media?parent=43685"}],"wp:term":[{"taxonomy":"product_brand","embeddable":true,"href":"https:\/\/huntingeurope.be\/fr\/wp-json\/wp\/v2\/product_brand?post=43685"},{"taxonomy":"product_cat","embeddable":true,"href":"https:\/\/huntingeurope.be\/fr\/wp-json\/wp\/v2\/product_cat?post=43685"},{"taxonomy":"product_tag","embeddable":true,"href":"https:\/\/huntingeurope.be\/fr\/wp-json\/wp\/v2\/product_tag?post=43685"}],"curies":[{"name":"wp","href":"https:\/\/api.w.org\/{rel}","templated":true}]}}