{"id":42881,"date":"2023-08-01T06:51:25","date_gmt":"2023-08-01T05:00:42","guid":{"rendered":"https:\/\/huntingeurope.be\/product\/camera-thermique-portable-hikmicro-falcon-fh-35\/"},"modified":"2024-11-28T00:00:06","modified_gmt":"2024-11-27T23:00:06","slug":"hikmicro-falcon-fh-35-handheld-thermal-camera","status":"publish","type":"product","link":"https:\/\/huntingeurope.be\/fr\/produit\/hikmicro-falcon-fh-35-handheld-thermal-camera\/","title":{"rendered":"Cam\u00e9ra thermique portable Hikmicro falcon FH 35"},"content":{"rendered":"<p><iframe loading=\"lazy\" title=\"Hikmicro falcon FH35 review Thermal scope\" width=\"1080\" height=\"608\" src=\"https:\/\/www.youtube.com\/embed\/4mFFBP6J_eo?feature=oembed\" frameborder=\"0\" allow=\"accelerometer; autoplay; clipboard-write; encrypted-media; gyroscope; picture-in-picture; web-share\" allowfullscreen><\/iframe><\/p>\n","protected":false},"excerpt":{"rendered":"<p>La FH35 est une cam\u00e9ra thermique portable compacte de la s\u00e9rie Falcon de HikMicro. Cet appareil compact et facile \u00e0 utiliser est id\u00e9al pour le suivi, l&rsquo;observation et l&rsquo;identification de la faune. Les commandes judicieusement plac\u00e9es peuvent \u00eatre actionn\u00e9es au toucher par les gauchers comme par les droitiers, et le bo\u00eetier en magn\u00e9sium offre une coque r\u00e9sistante aux chocs et \u00e0 la corrosion. L&rsquo;imageur thermique est \u00e9galement certifi\u00e9 IP67, ce qui signifie que le Falcon est prot\u00e9g\u00e9 contre l&rsquo;humidit\u00e9, notamment les fortes pr\u00e9cipitations et la neige, et qu&rsquo;il peut \u00eatre immerg\u00e9 dans l&rsquo;eau pendant 30 minutes jusqu&rsquo;\u00e0 une profondeur maximale de 1 m\u00e8tre.<\/p>\n<p>Une grande ouverture F1.0 avec une lentille asph\u00e9rique en germanium permet de capturer une grande quantit\u00e9 de rayonnement infrarouge et d&rsquo;obtenir une port\u00e9e de d\u00e9tection de 1800 m\u00e8tres. Le module d&rsquo;imagerie thermique \u226420 NETD mK et un capteur de 12 \u00b5m de r\u00e9solution 384&#215;288 permettent d&rsquo;obtenir des vues d\u00e9taill\u00e9es et tr\u00e8s contrast\u00e9es. De plus, l&rsquo;algorithme Image Pro permet de mieux distinguer les objets et les arri\u00e8re-plans en rendant les bords plus visibles.<\/p>\n<p>Les images thermiques sont affich\u00e9es sur un \u00e9cran couleur OLED d&rsquo;une r\u00e9solution de 1024&#215;768 (haute d\u00e9finition) et vous pouvez choisir entre quatre sch\u00e9mas de couleurs : Noir chaud, Blanc chaud, Rouge chaud et Fusion. Le zoom num\u00e9rique 1 \u00e0 8x permet d&rsquo;atteindre un grossissement maximal de 24x, ce qui permet de s&rsquo;approcher au plus pr\u00e8s des objets.<\/p>\n<p>La m\u00e9moire interne de 64 Go permet de stocker des heures de vid\u00e9o et des dizaines de milliers de photos. En outre, l&rsquo;application HikMicro Sight pour Android et iOS assure la connectivit\u00e9 avec un smartphone ou une tablette pour les vues en direct, la prise de photos et de vid\u00e9os, le partage de fichiers sur les m\u00e9dias sociaux, la commande \u00e0 distance et les mises \u00e0 jour du micrologiciel, via le module Wi-Fi de la lunette de vis\u00e9e thermique FH35. Deux piles sont incluses, chacune fournissant suffisamment d&rsquo;\u00e9nergie pour 7 heures d&rsquo;utilisation continue. Via le port USB-C, en plus de la charge et du transfert de donn\u00e9es, une banque d&rsquo;\u00e9nergie peut \u00eatre connect\u00e9e pour alimenter le Falcon.<\/p>\n","protected":false},"featured_media":46310,"template":"","meta":{"_joinchat":[]},"product_brand":[],"product_cat":[583],"product_tag":[776,777],"class_list":{"0":"post-42881","1":"product","2":"type-product","3":"status-publish","4":"has-post-thumbnail","6":"product_cat-cameras-dimagerie-thermique","7":"product_tag-hikmicro-fr","8":"product_tag-image-thermique","10":"first","11":"instock","12":"taxable","13":"shipping-taxable","14":"purchasable","15":"product-type-simple"},"yoast_head":"<!-- This site is optimized with the Yoast SEO plugin v27.4 - https:\/\/yoast.com\/product\/yoast-seo-wordpress\/ -->\n<title>Cam\u00e9ra thermique portable Hikmicro falcon FH 35 - Hunting Europe<\/title>\n<meta name=\"robots\" content=\"index, follow, max-snippet:-1, max-image-preview:large, max-video-preview:-1\" \/>\n<link rel=\"canonical\" href=\"https:\/\/huntingeurope.be\/fr\/produit\/hikmicro-falcon-fh-35-handheld-thermal-camera\/\" \/>\n<meta property=\"og:locale\" content=\"fr_FR\" \/>\n<meta property=\"og:type\" content=\"article\" \/>\n<meta property=\"og:title\" content=\"Cam\u00e9ra thermique portable Hikmicro falcon FH 35 - Hunting Europe\" \/>\n<meta property=\"og:description\" content=\"La FH35 est une cam\u00e9ra thermique portable compacte de la s\u00e9rie Falcon de HikMicro. Cet appareil compact et facile \u00e0 utiliser est id\u00e9al pour le suivi, l&#039;observation et l&#039;identification de la faune. Les commandes judicieusement plac\u00e9es peuvent \u00eatre actionn\u00e9es au toucher par les gauchers comme par les droitiers, et le bo\u00eetier en magn\u00e9sium offre une coque r\u00e9sistante aux chocs et \u00e0 la corrosion. L&#039;imageur thermique est \u00e9galement certifi\u00e9 IP67, ce qui signifie que le Falcon est prot\u00e9g\u00e9 contre l&#039;humidit\u00e9, notamment les fortes pr\u00e9cipitations et la neige, et qu&#039;il peut \u00eatre immerg\u00e9 dans l&#039;eau pendant 30 minutes jusqu&#039;\u00e0 une profondeur maximale de 1 m\u00e8tre. Une grande ouverture F1.0 avec une lentille asph\u00e9rique en germanium permet de capturer une grande quantit\u00e9 de rayonnement infrarouge et d&#039;obtenir une port\u00e9e de d\u00e9tection de 1800 m\u00e8tres. Le module d&#039;imagerie thermique \u226420 NETD mK et un capteur de 12 \u00b5m de r\u00e9solution 384x288 permettent d&#039;obtenir des vues d\u00e9taill\u00e9es et tr\u00e8s contrast\u00e9es. De plus, l&#039;algorithme Image Pro permet de mieux distinguer les objets et les arri\u00e8re-plans en rendant les bords plus visibles. Les images thermiques sont affich\u00e9es sur un \u00e9cran couleur OLED d&#039;une r\u00e9solution de 1024x768 (haute d\u00e9finition) et vous pouvez choisir entre quatre sch\u00e9mas de couleurs : Noir chaud, Blanc chaud, Rouge chaud et Fusion. Le zoom num\u00e9rique 1 \u00e0 8x permet d&#039;atteindre un grossissement maximal de 24x, ce qui permet de s&#039;approcher au plus pr\u00e8s des objets. La m\u00e9moire interne de 64 Go permet de stocker des heures de vid\u00e9o et des dizaines de milliers de photos. En outre, l&#039;application HikMicro Sight pour Android et iOS assure la connectivit\u00e9 avec un smartphone ou une tablette pour les vues en direct, la prise de photos et de vid\u00e9os, le partage de fichiers sur les m\u00e9dias sociaux, la commande \u00e0 distance et les mises \u00e0 jour du micrologiciel, via le module Wi-Fi de la lunette de vis\u00e9e thermique FH35. Deux piles sont incluses, chacune fournissant suffisamment d&#039;\u00e9nergie pour 7 heures d&#039;utilisation continue. Via le port USB-C, en plus de la charge et du transfert de donn\u00e9es, une banque d&#039;\u00e9nergie peut \u00eatre connect\u00e9e pour alimenter le Falcon.\" \/>\n<meta property=\"og:url\" content=\"https:\/\/huntingeurope.be\/fr\/produit\/hikmicro-falcon-fh-35-handheld-thermal-camera\/\" \/>\n<meta property=\"og:site_name\" content=\"Hunting Europe\" \/>\n<meta property=\"article:publisher\" content=\"https:\/\/www.facebook.com\/jachtwinkel.europe\/\" \/>\n<meta property=\"article:modified_time\" content=\"2024-11-27T23:00:06+00:00\" \/>\n<meta property=\"og:image\" content=\"https:\/\/huntingeurope.be\/wp-content\/uploads\/2023\/08\/thermal-imaging-camera-hikmicro-falcon-fh35-_1_-1.webp\" \/>\n\t<meta property=\"og:image:width\" content=\"630\" \/>\n\t<meta property=\"og:image:height\" content=\"672\" \/>\n\t<meta property=\"og:image:type\" content=\"image\/webp\" \/>\n<meta name=\"twitter:card\" content=\"summary_large_image\" \/>\n<script type=\"application\/ld+json\" class=\"yoast-schema-graph\">{\"@context\":\"https:\\\/\\\/schema.org\",\"@graph\":[{\"@type\":\"WebPage\",\"@id\":\"https:\\\/\\\/huntingeurope.be\\\/fr\\\/produit\\\/hikmicro-falcon-fh-35-handheld-thermal-camera\\\/\",\"url\":\"https:\\\/\\\/huntingeurope.be\\\/fr\\\/produit\\\/hikmicro-falcon-fh-35-handheld-thermal-camera\\\/\",\"name\":\"Cam\u00e9ra thermique portable Hikmicro falcon FH 35 - Hunting Europe\",\"isPartOf\":{\"@id\":\"https:\\\/\\\/huntingeurope.be\\\/fr\\\/?lang=en\\\/#website\"},\"primaryImageOfPage\":{\"@id\":\"https:\\\/\\\/huntingeurope.be\\\/fr\\\/produit\\\/hikmicro-falcon-fh-35-handheld-thermal-camera\\\/#primaryimage\"},\"image\":{\"@id\":\"https:\\\/\\\/huntingeurope.be\\\/fr\\\/produit\\\/hikmicro-falcon-fh-35-handheld-thermal-camera\\\/#primaryimage\"},\"thumbnailUrl\":\"https:\\\/\\\/huntingeurope.be\\\/wp-content\\\/uploads\\\/2023\\\/08\\\/thermal-imaging-camera-hikmicro-falcon-fh35-_1_-1.webp\",\"datePublished\":\"2023-08-01T05:00:42+00:00\",\"dateModified\":\"2024-11-27T23:00:06+00:00\",\"breadcrumb\":{\"@id\":\"https:\\\/\\\/huntingeurope.be\\\/fr\\\/produit\\\/hikmicro-falcon-fh-35-handheld-thermal-camera\\\/#breadcrumb\"},\"inLanguage\":\"fr-FR\",\"potentialAction\":[{\"@type\":\"ReadAction\",\"target\":[\"https:\\\/\\\/huntingeurope.be\\\/fr\\\/produit\\\/hikmicro-falcon-fh-35-handheld-thermal-camera\\\/\"]}]},{\"@type\":\"ImageObject\",\"inLanguage\":\"fr-FR\",\"@id\":\"https:\\\/\\\/huntingeurope.be\\\/fr\\\/produit\\\/hikmicro-falcon-fh-35-handheld-thermal-camera\\\/#primaryimage\",\"url\":\"https:\\\/\\\/huntingeurope.be\\\/wp-content\\\/uploads\\\/2023\\\/08\\\/thermal-imaging-camera-hikmicro-falcon-fh35-_1_-1.webp\",\"contentUrl\":\"https:\\\/\\\/huntingeurope.be\\\/wp-content\\\/uploads\\\/2023\\\/08\\\/thermal-imaging-camera-hikmicro-falcon-fh35-_1_-1.webp\",\"width\":630,\"height\":672},{\"@type\":\"BreadcrumbList\",\"@id\":\"https:\\\/\\\/huntingeurope.be\\\/fr\\\/produit\\\/hikmicro-falcon-fh-35-handheld-thermal-camera\\\/#breadcrumb\",\"itemListElement\":[{\"@type\":\"ListItem\",\"position\":1,\"name\":\"Home\",\"item\":\"https:\\\/\\\/huntingeurope.be\\\/fr\\\/\"},{\"@type\":\"ListItem\",\"position\":2,\"name\":\"Produits\",\"item\":\"https:\\\/\\\/huntingeurope.be\\\/fr\\\/shop\\\/\"},{\"@type\":\"ListItem\",\"position\":3,\"name\":\"Cam\u00e9ra thermique portable Hikmicro falcon FH 35\"}]},{\"@type\":\"WebSite\",\"@id\":\"https:\\\/\\\/huntingeurope.be\\\/fr\\\/?lang=en\\\/#website\",\"url\":\"https:\\\/\\\/huntingeurope.be\\\/fr\\\/?lang=en\\\/\",\"name\":\"Hunting Europe\",\"description\":\"Alles voor de jacht\",\"publisher\":{\"@id\":\"https:\\\/\\\/huntingeurope.be\\\/fr\\\/?lang=en\\\/#organization\"},\"potentialAction\":[{\"@type\":\"SearchAction\",\"target\":{\"@type\":\"EntryPoint\",\"urlTemplate\":\"https:\\\/\\\/huntingeurope.be\\\/fr\\\/?lang=en\\\/?s={search_term_string}\"},\"query-input\":{\"@type\":\"PropertyValueSpecification\",\"valueRequired\":true,\"valueName\":\"search_term_string\"}}],\"inLanguage\":\"fr-FR\"},{\"@type\":\"Organization\",\"@id\":\"https:\\\/\\\/huntingeurope.be\\\/fr\\\/?lang=en\\\/#organization\",\"name\":\"Hunting Europe\",\"url\":\"https:\\\/\\\/huntingeurope.be\\\/fr\\\/?lang=en\\\/\",\"logo\":{\"@type\":\"ImageObject\",\"inLanguage\":\"fr-FR\",\"@id\":\"https:\\\/\\\/huntingeurope.be\\\/fr\\\/?lang=en\\\/#\\\/schema\\\/logo\\\/image\\\/\",\"url\":\"https:\\\/\\\/huntingeurope.be\\\/wp-content\\\/uploads\\\/2021\\\/10\\\/Huntingeurope-1-1.png\",\"contentUrl\":\"https:\\\/\\\/huntingeurope.be\\\/wp-content\\\/uploads\\\/2021\\\/10\\\/Huntingeurope-1-1.png\",\"width\":280,\"height\":179,\"caption\":\"Hunting Europe\"},\"image\":{\"@id\":\"https:\\\/\\\/huntingeurope.be\\\/fr\\\/?lang=en\\\/#\\\/schema\\\/logo\\\/image\\\/\"},\"sameAs\":[\"https:\\\/\\\/www.facebook.com\\\/jachtwinkel.europe\\\/\",\"https:\\\/\\\/www.instagram.com\\\/huntingeurope\\\/\",\"https:\\\/\\\/www.youtube.com\\\/user\\\/NickolaySmet\\\/videos?view_as=subscriber\"]}]}<\/script>\n<!-- \/ Yoast SEO plugin. -->","yoast_head_json":{"title":"Cam\u00e9ra thermique portable Hikmicro falcon FH 35 - Hunting Europe","robots":{"index":"index","follow":"follow","max-snippet":"max-snippet:-1","max-image-preview":"max-image-preview:large","max-video-preview":"max-video-preview:-1"},"canonical":"https:\/\/huntingeurope.be\/fr\/produit\/hikmicro-falcon-fh-35-handheld-thermal-camera\/","og_locale":"fr_FR","og_type":"article","og_title":"Cam\u00e9ra thermique portable Hikmicro falcon FH 35 - Hunting Europe","og_description":"La FH35 est une cam\u00e9ra thermique portable compacte de la s\u00e9rie Falcon de HikMicro. Cet appareil compact et facile \u00e0 utiliser est id\u00e9al pour le suivi, l'observation et l'identification de la faune. Les commandes judicieusement plac\u00e9es peuvent \u00eatre actionn\u00e9es au toucher par les gauchers comme par les droitiers, et le bo\u00eetier en magn\u00e9sium offre une coque r\u00e9sistante aux chocs et \u00e0 la corrosion. L'imageur thermique est \u00e9galement certifi\u00e9 IP67, ce qui signifie que le Falcon est prot\u00e9g\u00e9 contre l'humidit\u00e9, notamment les fortes pr\u00e9cipitations et la neige, et qu'il peut \u00eatre immerg\u00e9 dans l'eau pendant 30 minutes jusqu'\u00e0 une profondeur maximale de 1 m\u00e8tre. Une grande ouverture F1.0 avec une lentille asph\u00e9rique en germanium permet de capturer une grande quantit\u00e9 de rayonnement infrarouge et d'obtenir une port\u00e9e de d\u00e9tection de 1800 m\u00e8tres. Le module d'imagerie thermique \u226420 NETD mK et un capteur de 12 \u00b5m de r\u00e9solution 384x288 permettent d'obtenir des vues d\u00e9taill\u00e9es et tr\u00e8s contrast\u00e9es. De plus, l'algorithme Image Pro permet de mieux distinguer les objets et les arri\u00e8re-plans en rendant les bords plus visibles. Les images thermiques sont affich\u00e9es sur un \u00e9cran couleur OLED d'une r\u00e9solution de 1024x768 (haute d\u00e9finition) et vous pouvez choisir entre quatre sch\u00e9mas de couleurs : Noir chaud, Blanc chaud, Rouge chaud et Fusion. Le zoom num\u00e9rique 1 \u00e0 8x permet d'atteindre un grossissement maximal de 24x, ce qui permet de s'approcher au plus pr\u00e8s des objets. La m\u00e9moire interne de 64 Go permet de stocker des heures de vid\u00e9o et des dizaines de milliers de photos. En outre, l'application HikMicro Sight pour Android et iOS assure la connectivit\u00e9 avec un smartphone ou une tablette pour les vues en direct, la prise de photos et de vid\u00e9os, le partage de fichiers sur les m\u00e9dias sociaux, la commande \u00e0 distance et les mises \u00e0 jour du micrologiciel, via le module Wi-Fi de la lunette de vis\u00e9e thermique FH35. Deux piles sont incluses, chacune fournissant suffisamment d'\u00e9nergie pour 7 heures d'utilisation continue. Via le port USB-C, en plus de la charge et du transfert de donn\u00e9es, une banque d'\u00e9nergie peut \u00eatre connect\u00e9e pour alimenter le Falcon.","og_url":"https:\/\/huntingeurope.be\/fr\/produit\/hikmicro-falcon-fh-35-handheld-thermal-camera\/","og_site_name":"Hunting Europe","article_publisher":"https:\/\/www.facebook.com\/jachtwinkel.europe\/","article_modified_time":"2024-11-27T23:00:06+00:00","og_image":[{"width":630,"height":672,"url":"https:\/\/huntingeurope.be\/wp-content\/uploads\/2023\/08\/thermal-imaging-camera-hikmicro-falcon-fh35-_1_-1.webp","type":"image\/webp"}],"twitter_card":"summary_large_image","schema":{"@context":"https:\/\/schema.org","@graph":[{"@type":"WebPage","@id":"https:\/\/huntingeurope.be\/fr\/produit\/hikmicro-falcon-fh-35-handheld-thermal-camera\/","url":"https:\/\/huntingeurope.be\/fr\/produit\/hikmicro-falcon-fh-35-handheld-thermal-camera\/","name":"Cam\u00e9ra thermique portable Hikmicro falcon FH 35 - Hunting Europe","isPartOf":{"@id":"https:\/\/huntingeurope.be\/fr\/?lang=en\/#website"},"primaryImageOfPage":{"@id":"https:\/\/huntingeurope.be\/fr\/produit\/hikmicro-falcon-fh-35-handheld-thermal-camera\/#primaryimage"},"image":{"@id":"https:\/\/huntingeurope.be\/fr\/produit\/hikmicro-falcon-fh-35-handheld-thermal-camera\/#primaryimage"},"thumbnailUrl":"https:\/\/huntingeurope.be\/wp-content\/uploads\/2023\/08\/thermal-imaging-camera-hikmicro-falcon-fh35-_1_-1.webp","datePublished":"2023-08-01T05:00:42+00:00","dateModified":"2024-11-27T23:00:06+00:00","breadcrumb":{"@id":"https:\/\/huntingeurope.be\/fr\/produit\/hikmicro-falcon-fh-35-handheld-thermal-camera\/#breadcrumb"},"inLanguage":"fr-FR","potentialAction":[{"@type":"ReadAction","target":["https:\/\/huntingeurope.be\/fr\/produit\/hikmicro-falcon-fh-35-handheld-thermal-camera\/"]}]},{"@type":"ImageObject","inLanguage":"fr-FR","@id":"https:\/\/huntingeurope.be\/fr\/produit\/hikmicro-falcon-fh-35-handheld-thermal-camera\/#primaryimage","url":"https:\/\/huntingeurope.be\/wp-content\/uploads\/2023\/08\/thermal-imaging-camera-hikmicro-falcon-fh35-_1_-1.webp","contentUrl":"https:\/\/huntingeurope.be\/wp-content\/uploads\/2023\/08\/thermal-imaging-camera-hikmicro-falcon-fh35-_1_-1.webp","width":630,"height":672},{"@type":"BreadcrumbList","@id":"https:\/\/huntingeurope.be\/fr\/produit\/hikmicro-falcon-fh-35-handheld-thermal-camera\/#breadcrumb","itemListElement":[{"@type":"ListItem","position":1,"name":"Home","item":"https:\/\/huntingeurope.be\/fr\/"},{"@type":"ListItem","position":2,"name":"Produits","item":"https:\/\/huntingeurope.be\/fr\/shop\/"},{"@type":"ListItem","position":3,"name":"Cam\u00e9ra thermique portable Hikmicro falcon FH 35"}]},{"@type":"WebSite","@id":"https:\/\/huntingeurope.be\/fr\/?lang=en\/#website","url":"https:\/\/huntingeurope.be\/fr\/?lang=en\/","name":"Hunting Europe","description":"Alles voor de jacht","publisher":{"@id":"https:\/\/huntingeurope.be\/fr\/?lang=en\/#organization"},"potentialAction":[{"@type":"SearchAction","target":{"@type":"EntryPoint","urlTemplate":"https:\/\/huntingeurope.be\/fr\/?lang=en\/?s={search_term_string}"},"query-input":{"@type":"PropertyValueSpecification","valueRequired":true,"valueName":"search_term_string"}}],"inLanguage":"fr-FR"},{"@type":"Organization","@id":"https:\/\/huntingeurope.be\/fr\/?lang=en\/#organization","name":"Hunting Europe","url":"https:\/\/huntingeurope.be\/fr\/?lang=en\/","logo":{"@type":"ImageObject","inLanguage":"fr-FR","@id":"https:\/\/huntingeurope.be\/fr\/?lang=en\/#\/schema\/logo\/image\/","url":"https:\/\/huntingeurope.be\/wp-content\/uploads\/2021\/10\/Huntingeurope-1-1.png","contentUrl":"https:\/\/huntingeurope.be\/wp-content\/uploads\/2021\/10\/Huntingeurope-1-1.png","width":280,"height":179,"caption":"Hunting Europe"},"image":{"@id":"https:\/\/huntingeurope.be\/fr\/?lang=en\/#\/schema\/logo\/image\/"},"sameAs":["https:\/\/www.facebook.com\/jachtwinkel.europe\/","https:\/\/www.instagram.com\/huntingeurope\/","https:\/\/www.youtube.com\/user\/NickolaySmet\/videos?view_as=subscriber"]}]}},"df_price":1899,"df_sale_price":"","df_regular_price":1899,"df_image_link":"https:\/\/huntingeurope.be\/wp-content\/uploads\/2023\/08\/thermal-imaging-camera-hikmicro-falcon-fh35-_1_-1-281x300.webp","_links":{"self":[{"href":"https:\/\/huntingeurope.be\/fr\/wp-json\/wp\/v2\/product\/42881","targetHints":{"allow":["GET"]}}],"collection":[{"href":"https:\/\/huntingeurope.be\/fr\/wp-json\/wp\/v2\/product"}],"about":[{"href":"https:\/\/huntingeurope.be\/fr\/wp-json\/wp\/v2\/types\/product"}],"wp:featuredmedia":[{"embeddable":true,"href":"https:\/\/huntingeurope.be\/fr\/wp-json\/wp\/v2\/media\/46310"}],"wp:attachment":[{"href":"https:\/\/huntingeurope.be\/fr\/wp-json\/wp\/v2\/media?parent=42881"}],"wp:term":[{"taxonomy":"product_brand","embeddable":true,"href":"https:\/\/huntingeurope.be\/fr\/wp-json\/wp\/v2\/product_brand?post=42881"},{"taxonomy":"product_cat","embeddable":true,"href":"https:\/\/huntingeurope.be\/fr\/wp-json\/wp\/v2\/product_cat?post=42881"},{"taxonomy":"product_tag","embeddable":true,"href":"https:\/\/huntingeurope.be\/fr\/wp-json\/wp\/v2\/product_tag?post=42881"}],"curies":[{"name":"wp","href":"https:\/\/api.w.org\/{rel}","templated":true}]}}