{"id":42612,"date":"2023-06-05T17:20:57","date_gmt":"2023-06-05T15:30:00","guid":{"rendered":"https:\/\/huntingeurope.be\/product\/viper-flex-pro-to-go\/"},"modified":"2025-09-20T09:36:03","modified_gmt":"2025-09-20T07:36:03","slug":"viper-flex-pro-to-go","status":"publish","type":"product","link":"https:\/\/huntingeurope.be\/fr\/produit\/viper-flex-pro-to-go\/","title":{"rendered":"Viper flex pro to go"},"content":{"rendered":"<p>Le berserstick Viper-Flex Styx Pro To Go en d\u00e9tail<br \/>\nFabricant : Viper-Flex<br \/>\nNum\u00e9ro d&rsquo;article du fabricant : VX010401<br \/>\nLongueur de la base : 91 cm<br \/>\nLongueur de transport : 65 cm<br \/>\nt\u00e9lescopique<br \/>\npoids : 950 g<br \/>\nen carbone et aluminium anodis\u00e9<br \/>\nr\u00e9glage presque silencieux<br \/>\npeut \u00eatre utilis\u00e9 en position debout, \u00e0 genoux et assise<br \/>\nr\u00e9duit les vibrations<br \/>\ntir plus pr\u00e9cis<br \/>\nplus grande pr\u00e9cision<br \/>\ntr\u00e8s compact<br \/>\nid\u00e9al pour les voyages et les longues distances<br \/>\nPoids : 0,95 kg<\/p>\n","protected":false},"excerpt":{"rendered":"<p>Le Styx Pro To Go, le b\u00e2ton berserker de voyage de Viper-Flex, est optimis\u00e9 pour un poids et une compacit\u00e9 r\u00e9duits, ce qui le rend id\u00e9al pour les voyages de chasse et les exp\u00e9ditions de chasse de tr\u00e8s longue dur\u00e9e. Il p\u00e8se 950 g et a une taille de 65 cm lorsqu&rsquo;il est d\u00e9mont\u00e9.<\/p>\n<p>Le fait de placer le fusil sur la canne de tir r\u00e9duit consid\u00e9rablement les tremblements et rend la vis\u00e9e et le tir plus pr\u00e9cis.<\/p>\n<p>Il peut \u00eatre utilis\u00e9 en position assise, \u00e0 genoux ou debout. La hauteur minimale du Styx Pro To Go est de 91 cm, et les chasseurs peuvent l&rsquo;utiliser jusqu&rsquo;\u00e0 une hauteur de 210 cm.<\/p>\n","protected":false},"featured_media":42638,"template":"","meta":{"_joinchat":[]},"product_brand":[],"product_cat":[517],"product_tag":[767],"class_list":{"0":"post-42612","1":"product","2":"type-product","3":"status-publish","4":"has-post-thumbnail","6":"product_cat-pirsh-et-affut","7":"product_tag-viperflex-fr","9":"first","10":"outofstock","11":"taxable","12":"shipping-taxable","13":"purchasable","14":"product-type-simple"},"yoast_head":"<!-- This site is optimized with the Yoast SEO plugin v27.6 - https:\/\/yoast.com\/product\/yoast-seo-wordpress\/ -->\n<title>Viper flex pro to go - Hunting Europe<\/title>\n<meta name=\"robots\" content=\"index, follow, max-snippet:-1, max-image-preview:large, max-video-preview:-1\" \/>\n<link rel=\"canonical\" href=\"https:\/\/huntingeurope.be\/fr\/produit\/viper-flex-pro-to-go\/\" \/>\n<meta property=\"og:locale\" content=\"fr_FR\" \/>\n<meta property=\"og:type\" content=\"article\" \/>\n<meta property=\"og:title\" content=\"Viper flex pro to go - Hunting Europe\" \/>\n<meta property=\"og:description\" content=\"Le Styx Pro To Go, le b\u00e2ton berserker de voyage de Viper-Flex, est optimis\u00e9 pour un poids et une compacit\u00e9 r\u00e9duits, ce qui le rend id\u00e9al pour les voyages de chasse et les exp\u00e9ditions de chasse de tr\u00e8s longue dur\u00e9e. Il p\u00e8se 950 g et a une taille de 65 cm lorsqu&#039;il est d\u00e9mont\u00e9. Le fait de placer le fusil sur la canne de tir r\u00e9duit consid\u00e9rablement les tremblements et rend la vis\u00e9e et le tir plus pr\u00e9cis. Il peut \u00eatre utilis\u00e9 en position assise, \u00e0 genoux ou debout. La hauteur minimale du Styx Pro To Go est de 91 cm, et les chasseurs peuvent l&#039;utiliser jusqu&#039;\u00e0 une hauteur de 210 cm.\" \/>\n<meta property=\"og:url\" content=\"https:\/\/huntingeurope.be\/fr\/produit\/viper-flex-pro-to-go\/\" \/>\n<meta property=\"og:site_name\" content=\"Hunting Europe\" \/>\n<meta property=\"article:publisher\" content=\"https:\/\/www.facebook.com\/jachtwinkel.europe\/\" \/>\n<meta property=\"article:modified_time\" content=\"2025-09-20T07:36:03+00:00\" \/>\n<meta property=\"og:image\" content=\"https:\/\/huntingeurope.be\/wp-content\/uploads\/2023\/06\/viper-flex-styx-pro-to-go-reisezielstock-VX010401_600x600-e1686134670860.jpg\" \/>\n\t<meta property=\"og:image:width\" content=\"601\" \/>\n\t<meta property=\"og:image:height\" content=\"600\" \/>\n\t<meta property=\"og:image:type\" content=\"image\/jpeg\" \/>\n<meta name=\"twitter:card\" content=\"summary_large_image\" \/>\n<script type=\"application\/ld+json\" class=\"yoast-schema-graph\">{\"@context\":\"https:\\\/\\\/schema.org\",\"@graph\":[{\"@type\":\"WebPage\",\"@id\":\"https:\\\/\\\/huntingeurope.be\\\/fr\\\/produit\\\/viper-flex-pro-to-go\\\/\",\"url\":\"https:\\\/\\\/huntingeurope.be\\\/fr\\\/produit\\\/viper-flex-pro-to-go\\\/\",\"name\":\"Viper flex pro to go - Hunting Europe\",\"isPartOf\":{\"@id\":\"https:\\\/\\\/huntingeurope.be\\\/fr\\\/?lang=en\\\/#website\"},\"primaryImageOfPage\":{\"@id\":\"https:\\\/\\\/huntingeurope.be\\\/fr\\\/produit\\\/viper-flex-pro-to-go\\\/#primaryimage\"},\"image\":{\"@id\":\"https:\\\/\\\/huntingeurope.be\\\/fr\\\/produit\\\/viper-flex-pro-to-go\\\/#primaryimage\"},\"thumbnailUrl\":\"https:\\\/\\\/huntingeurope.be\\\/wp-content\\\/uploads\\\/2023\\\/06\\\/viper-flex-styx-pro-to-go-reisezielstock-VX010401_600x600-e1686134670860.jpg\",\"datePublished\":\"2023-06-05T15:30:00+00:00\",\"dateModified\":\"2025-09-20T07:36:03+00:00\",\"breadcrumb\":{\"@id\":\"https:\\\/\\\/huntingeurope.be\\\/fr\\\/produit\\\/viper-flex-pro-to-go\\\/#breadcrumb\"},\"inLanguage\":\"fr-FR\",\"potentialAction\":[{\"@type\":\"ReadAction\",\"target\":[\"https:\\\/\\\/huntingeurope.be\\\/fr\\\/produit\\\/viper-flex-pro-to-go\\\/\"]}]},{\"@type\":\"ImageObject\",\"inLanguage\":\"fr-FR\",\"@id\":\"https:\\\/\\\/huntingeurope.be\\\/fr\\\/produit\\\/viper-flex-pro-to-go\\\/#primaryimage\",\"url\":\"https:\\\/\\\/huntingeurope.be\\\/wp-content\\\/uploads\\\/2023\\\/06\\\/viper-flex-styx-pro-to-go-reisezielstock-VX010401_600x600-e1686134670860.jpg\",\"contentUrl\":\"https:\\\/\\\/huntingeurope.be\\\/wp-content\\\/uploads\\\/2023\\\/06\\\/viper-flex-styx-pro-to-go-reisezielstock-VX010401_600x600-e1686134670860.jpg\",\"width\":601,\"height\":600},{\"@type\":\"BreadcrumbList\",\"@id\":\"https:\\\/\\\/huntingeurope.be\\\/fr\\\/produit\\\/viper-flex-pro-to-go\\\/#breadcrumb\",\"itemListElement\":[{\"@type\":\"ListItem\",\"position\":1,\"name\":\"Home\",\"item\":\"https:\\\/\\\/huntingeurope.be\\\/fr\\\/\"},{\"@type\":\"ListItem\",\"position\":2,\"name\":\"Produits\",\"item\":\"https:\\\/\\\/huntingeurope.be\\\/fr\\\/shop\\\/\"},{\"@type\":\"ListItem\",\"position\":3,\"name\":\"Viper flex pro to go\"}]},{\"@type\":\"WebSite\",\"@id\":\"https:\\\/\\\/huntingeurope.be\\\/fr\\\/?lang=en\\\/#website\",\"url\":\"https:\\\/\\\/huntingeurope.be\\\/fr\\\/?lang=en\\\/\",\"name\":\"Hunting Europe\",\"description\":\"Alles voor de jacht\",\"publisher\":{\"@id\":\"https:\\\/\\\/huntingeurope.be\\\/fr\\\/?lang=en\\\/#organization\"},\"potentialAction\":[{\"@type\":\"SearchAction\",\"target\":{\"@type\":\"EntryPoint\",\"urlTemplate\":\"https:\\\/\\\/huntingeurope.be\\\/fr\\\/?lang=en\\\/?s={search_term_string}\"},\"query-input\":{\"@type\":\"PropertyValueSpecification\",\"valueRequired\":true,\"valueName\":\"search_term_string\"}}],\"inLanguage\":\"fr-FR\"},{\"@type\":\"Organization\",\"@id\":\"https:\\\/\\\/huntingeurope.be\\\/fr\\\/?lang=en\\\/#organization\",\"name\":\"Hunting Europe\",\"url\":\"https:\\\/\\\/huntingeurope.be\\\/fr\\\/?lang=en\\\/\",\"logo\":{\"@type\":\"ImageObject\",\"inLanguage\":\"fr-FR\",\"@id\":\"https:\\\/\\\/huntingeurope.be\\\/fr\\\/?lang=en\\\/#\\\/schema\\\/logo\\\/image\\\/\",\"url\":\"https:\\\/\\\/huntingeurope.be\\\/wp-content\\\/uploads\\\/2021\\\/10\\\/Huntingeurope-1-1.png\",\"contentUrl\":\"https:\\\/\\\/huntingeurope.be\\\/wp-content\\\/uploads\\\/2021\\\/10\\\/Huntingeurope-1-1.png\",\"width\":280,\"height\":179,\"caption\":\"Hunting Europe\"},\"image\":{\"@id\":\"https:\\\/\\\/huntingeurope.be\\\/fr\\\/?lang=en\\\/#\\\/schema\\\/logo\\\/image\\\/\"},\"sameAs\":[\"https:\\\/\\\/www.facebook.com\\\/jachtwinkel.europe\\\/\",\"https:\\\/\\\/www.instagram.com\\\/huntingeurope\\\/\",\"https:\\\/\\\/www.youtube.com\\\/user\\\/NickolaySmet\\\/videos?view_as=subscriber\"]}]}<\/script>\n<!-- \/ Yoast SEO plugin. -->","yoast_head_json":{"title":"Viper flex pro to go - Hunting Europe","robots":{"index":"index","follow":"follow","max-snippet":"max-snippet:-1","max-image-preview":"max-image-preview:large","max-video-preview":"max-video-preview:-1"},"canonical":"https:\/\/huntingeurope.be\/fr\/produit\/viper-flex-pro-to-go\/","og_locale":"fr_FR","og_type":"article","og_title":"Viper flex pro to go - Hunting Europe","og_description":"Le Styx Pro To Go, le b\u00e2ton berserker de voyage de Viper-Flex, est optimis\u00e9 pour un poids et une compacit\u00e9 r\u00e9duits, ce qui le rend id\u00e9al pour les voyages de chasse et les exp\u00e9ditions de chasse de tr\u00e8s longue dur\u00e9e. Il p\u00e8se 950 g et a une taille de 65 cm lorsqu'il est d\u00e9mont\u00e9. Le fait de placer le fusil sur la canne de tir r\u00e9duit consid\u00e9rablement les tremblements et rend la vis\u00e9e et le tir plus pr\u00e9cis. Il peut \u00eatre utilis\u00e9 en position assise, \u00e0 genoux ou debout. La hauteur minimale du Styx Pro To Go est de 91 cm, et les chasseurs peuvent l'utiliser jusqu'\u00e0 une hauteur de 210 cm.","og_url":"https:\/\/huntingeurope.be\/fr\/produit\/viper-flex-pro-to-go\/","og_site_name":"Hunting Europe","article_publisher":"https:\/\/www.facebook.com\/jachtwinkel.europe\/","article_modified_time":"2025-09-20T07:36:03+00:00","og_image":[{"width":601,"height":600,"url":"https:\/\/huntingeurope.be\/wp-content\/uploads\/2023\/06\/viper-flex-styx-pro-to-go-reisezielstock-VX010401_600x600-e1686134670860.jpg","type":"image\/jpeg"}],"twitter_card":"summary_large_image","schema":{"@context":"https:\/\/schema.org","@graph":[{"@type":"WebPage","@id":"https:\/\/huntingeurope.be\/fr\/produit\/viper-flex-pro-to-go\/","url":"https:\/\/huntingeurope.be\/fr\/produit\/viper-flex-pro-to-go\/","name":"Viper flex pro to go - Hunting Europe","isPartOf":{"@id":"https:\/\/huntingeurope.be\/fr\/?lang=en\/#website"},"primaryImageOfPage":{"@id":"https:\/\/huntingeurope.be\/fr\/produit\/viper-flex-pro-to-go\/#primaryimage"},"image":{"@id":"https:\/\/huntingeurope.be\/fr\/produit\/viper-flex-pro-to-go\/#primaryimage"},"thumbnailUrl":"https:\/\/huntingeurope.be\/wp-content\/uploads\/2023\/06\/viper-flex-styx-pro-to-go-reisezielstock-VX010401_600x600-e1686134670860.jpg","datePublished":"2023-06-05T15:30:00+00:00","dateModified":"2025-09-20T07:36:03+00:00","breadcrumb":{"@id":"https:\/\/huntingeurope.be\/fr\/produit\/viper-flex-pro-to-go\/#breadcrumb"},"inLanguage":"fr-FR","potentialAction":[{"@type":"ReadAction","target":["https:\/\/huntingeurope.be\/fr\/produit\/viper-flex-pro-to-go\/"]}]},{"@type":"ImageObject","inLanguage":"fr-FR","@id":"https:\/\/huntingeurope.be\/fr\/produit\/viper-flex-pro-to-go\/#primaryimage","url":"https:\/\/huntingeurope.be\/wp-content\/uploads\/2023\/06\/viper-flex-styx-pro-to-go-reisezielstock-VX010401_600x600-e1686134670860.jpg","contentUrl":"https:\/\/huntingeurope.be\/wp-content\/uploads\/2023\/06\/viper-flex-styx-pro-to-go-reisezielstock-VX010401_600x600-e1686134670860.jpg","width":601,"height":600},{"@type":"BreadcrumbList","@id":"https:\/\/huntingeurope.be\/fr\/produit\/viper-flex-pro-to-go\/#breadcrumb","itemListElement":[{"@type":"ListItem","position":1,"name":"Home","item":"https:\/\/huntingeurope.be\/fr\/"},{"@type":"ListItem","position":2,"name":"Produits","item":"https:\/\/huntingeurope.be\/fr\/shop\/"},{"@type":"ListItem","position":3,"name":"Viper flex pro to go"}]},{"@type":"WebSite","@id":"https:\/\/huntingeurope.be\/fr\/?lang=en\/#website","url":"https:\/\/huntingeurope.be\/fr\/?lang=en\/","name":"Hunting Europe","description":"Alles voor de jacht","publisher":{"@id":"https:\/\/huntingeurope.be\/fr\/?lang=en\/#organization"},"potentialAction":[{"@type":"SearchAction","target":{"@type":"EntryPoint","urlTemplate":"https:\/\/huntingeurope.be\/fr\/?lang=en\/?s={search_term_string}"},"query-input":{"@type":"PropertyValueSpecification","valueRequired":true,"valueName":"search_term_string"}}],"inLanguage":"fr-FR"},{"@type":"Organization","@id":"https:\/\/huntingeurope.be\/fr\/?lang=en\/#organization","name":"Hunting Europe","url":"https:\/\/huntingeurope.be\/fr\/?lang=en\/","logo":{"@type":"ImageObject","inLanguage":"fr-FR","@id":"https:\/\/huntingeurope.be\/fr\/?lang=en\/#\/schema\/logo\/image\/","url":"https:\/\/huntingeurope.be\/wp-content\/uploads\/2021\/10\/Huntingeurope-1-1.png","contentUrl":"https:\/\/huntingeurope.be\/wp-content\/uploads\/2021\/10\/Huntingeurope-1-1.png","width":280,"height":179,"caption":"Hunting Europe"},"image":{"@id":"https:\/\/huntingeurope.be\/fr\/?lang=en\/#\/schema\/logo\/image\/"},"sameAs":["https:\/\/www.facebook.com\/jachtwinkel.europe\/","https:\/\/www.instagram.com\/huntingeurope\/","https:\/\/www.youtube.com\/user\/NickolaySmet\/videos?view_as=subscriber"]}]}},"df_price":499,"df_sale_price":"","df_regular_price":499,"df_image_link":"https:\/\/huntingeurope.be\/wp-content\/uploads\/2023\/06\/viper-flex-styx-pro-to-go-reisezielstock-VX010401_600x600-300x300.jpg","_links":{"self":[{"href":"https:\/\/huntingeurope.be\/fr\/wp-json\/wp\/v2\/product\/42612","targetHints":{"allow":["GET"]}}],"collection":[{"href":"https:\/\/huntingeurope.be\/fr\/wp-json\/wp\/v2\/product"}],"about":[{"href":"https:\/\/huntingeurope.be\/fr\/wp-json\/wp\/v2\/types\/product"}],"wp:featuredmedia":[{"embeddable":true,"href":"https:\/\/huntingeurope.be\/fr\/wp-json\/wp\/v2\/media\/42638"}],"wp:attachment":[{"href":"https:\/\/huntingeurope.be\/fr\/wp-json\/wp\/v2\/media?parent=42612"}],"wp:term":[{"taxonomy":"product_brand","embeddable":true,"href":"https:\/\/huntingeurope.be\/fr\/wp-json\/wp\/v2\/product_brand?post=42612"},{"taxonomy":"product_cat","embeddable":true,"href":"https:\/\/huntingeurope.be\/fr\/wp-json\/wp\/v2\/product_cat?post=42612"},{"taxonomy":"product_tag","embeddable":true,"href":"https:\/\/huntingeurope.be\/fr\/wp-json\/wp\/v2\/product_tag?post=42612"}],"curies":[{"name":"wp","href":"https:\/\/api.w.org\/{rel}","templated":true}]}}