{"id":42095,"date":"2023-03-28T06:35:31","date_gmt":"2023-03-28T04:35:31","guid":{"rendered":"https:\/\/huntingeurope.be\/product\/veste-polaire-homme-kylar\/"},"modified":"2025-11-06T14:16:08","modified_gmt":"2025-11-06T13:16:08","slug":"heren-fleece-jas-kylar","status":"publish","type":"product","link":"https:\/\/huntingeurope.be\/fr\/produit\/heren-fleece-jas-kylar\/","title":{"rendered":"Veste polaire homme Kylar"},"content":{"rendered":"<p>Veste polyvalente tr\u00e8s confortable<br \/>\nTissu polaire tr\u00e8s \u00e9lastique<br \/>\nAvec empi\u00e8cements en daim<\/p>\n","protected":false},"excerpt":{"rendered":"<p>Cette veste polaire est le compagnon id\u00e9al pour toutes les saisons et toutes les occasions ! Sportif et \u00e9l\u00e9gant \u00e0 la fois, il conf\u00e8re \u00e0 toute tenue un look sport-classique et r\u00e9pond \u00e0 toutes les exigences techniques de la chasse. La veste Kylar est fabriqu\u00e9e dans une mati\u00e8re polaire tr\u00e8s \u00e9lastique qui enveloppe parfaitement le corps et garantit une libert\u00e9 de mouvement maximale, \u00e0 l&rsquo;approche, au d\u00e9collage et \u00e0 la r\u00e9cup\u00e9ration.<br \/>\nLes empi\u00e8cements en daim sur la veste polaire marron fonc\u00e9 lui conf\u00e8rent une plus-value visuelle, tout comme le l\u00e9ger col montant qui se termine au niveau du cou et les imprim\u00e9s Argali sur la poitrine et le cou.<br \/>\nLa veste polaire id\u00e9ale pour un look Blaser simple mais toujours \u00e9l\u00e9gant, pour la chasse et les loisirs !<\/p>\n","protected":false},"featured_media":42075,"template":"","meta":{"_joinchat":[]},"product_brand":[],"product_cat":[874,556],"product_tag":[711,749],"class_list":{"0":"post-42095","1":"product","2":"type-product","3":"status-publish","4":"has-post-thumbnail","6":"product_cat-vendredi-noir","7":"product_cat-vestes","8":"product_tag-blaser-fr","9":"product_tag-fleece-fr","11":"first","12":"outofstock","13":"sale","14":"taxable","15":"shipping-taxable","16":"purchasable","17":"product-type-variable"},"yoast_head":"<!-- This site is optimized with the Yoast SEO plugin v27.4 - https:\/\/yoast.com\/product\/yoast-seo-wordpress\/ -->\n<title>Veste polaire homme Kylar - Hunting Europe<\/title>\n<meta name=\"robots\" content=\"index, follow, max-snippet:-1, max-image-preview:large, max-video-preview:-1\" \/>\n<link rel=\"canonical\" href=\"https:\/\/huntingeurope.be\/fr\/produit\/heren-fleece-jas-kylar\/\" \/>\n<meta property=\"og:locale\" content=\"fr_FR\" \/>\n<meta property=\"og:type\" content=\"article\" \/>\n<meta property=\"og:title\" content=\"Veste polaire homme Kylar - Hunting Europe\" \/>\n<meta property=\"og:description\" content=\"Cette veste polaire est le compagnon id\u00e9al pour toutes les saisons et toutes les occasions ! Sportif et \u00e9l\u00e9gant \u00e0 la fois, il conf\u00e8re \u00e0 toute tenue un look sport-classique et r\u00e9pond \u00e0 toutes les exigences techniques de la chasse. La veste Kylar est fabriqu\u00e9e dans une mati\u00e8re polaire tr\u00e8s \u00e9lastique qui enveloppe parfaitement le corps et garantit une libert\u00e9 de mouvement maximale, \u00e0 l&#039;approche, au d\u00e9collage et \u00e0 la r\u00e9cup\u00e9ration. Les empi\u00e8cements en daim sur la veste polaire marron fonc\u00e9 lui conf\u00e8rent une plus-value visuelle, tout comme le l\u00e9ger col montant qui se termine au niveau du cou et les imprim\u00e9s Argali sur la poitrine et le cou. La veste polaire id\u00e9ale pour un look Blaser simple mais toujours \u00e9l\u00e9gant, pour la chasse et les loisirs !\" \/>\n<meta property=\"og:url\" content=\"https:\/\/huntingeurope.be\/fr\/produit\/heren-fleece-jas-kylar\/\" \/>\n<meta property=\"og:site_name\" content=\"Hunting Europe\" \/>\n<meta property=\"article:publisher\" content=\"https:\/\/www.facebook.com\/jachtwinkel.europe\/\" \/>\n<meta property=\"article:modified_time\" content=\"2025-11-06T13:16:08+00:00\" \/>\n<meta property=\"og:image\" content=\"https:\/\/huntingeurope.be\/wp-content\/uploads\/2023\/03\/231009-112-657_Herren-Fleece-Jacke-Kylar_Produktbild_4000x4000px_01_1920x1920.jpeg\" \/>\n\t<meta property=\"og:image:width\" content=\"1920\" \/>\n\t<meta property=\"og:image:height\" content=\"1920\" \/>\n\t<meta property=\"og:image:type\" content=\"image\/jpeg\" \/>\n<meta name=\"twitter:card\" content=\"summary_large_image\" \/>\n<script type=\"application\/ld+json\" class=\"yoast-schema-graph\">{\"@context\":\"https:\\\/\\\/schema.org\",\"@graph\":[{\"@type\":\"WebPage\",\"@id\":\"https:\\\/\\\/huntingeurope.be\\\/fr\\\/produit\\\/heren-fleece-jas-kylar\\\/\",\"url\":\"https:\\\/\\\/huntingeurope.be\\\/fr\\\/produit\\\/heren-fleece-jas-kylar\\\/\",\"name\":\"Veste polaire homme Kylar - Hunting Europe\",\"isPartOf\":{\"@id\":\"https:\\\/\\\/huntingeurope.be\\\/fr\\\/?lang=en\\\/#website\"},\"primaryImageOfPage\":{\"@id\":\"https:\\\/\\\/huntingeurope.be\\\/fr\\\/produit\\\/heren-fleece-jas-kylar\\\/#primaryimage\"},\"image\":{\"@id\":\"https:\\\/\\\/huntingeurope.be\\\/fr\\\/produit\\\/heren-fleece-jas-kylar\\\/#primaryimage\"},\"thumbnailUrl\":\"https:\\\/\\\/huntingeurope.be\\\/wp-content\\\/uploads\\\/2023\\\/03\\\/231009-112-657_Herren-Fleece-Jacke-Kylar_Produktbild_4000x4000px_01_1920x1920.jpeg\",\"datePublished\":\"2023-03-28T04:35:31+00:00\",\"dateModified\":\"2025-11-06T13:16:08+00:00\",\"breadcrumb\":{\"@id\":\"https:\\\/\\\/huntingeurope.be\\\/fr\\\/produit\\\/heren-fleece-jas-kylar\\\/#breadcrumb\"},\"inLanguage\":\"fr-FR\",\"potentialAction\":[{\"@type\":\"ReadAction\",\"target\":[\"https:\\\/\\\/huntingeurope.be\\\/fr\\\/produit\\\/heren-fleece-jas-kylar\\\/\"]}]},{\"@type\":\"ImageObject\",\"inLanguage\":\"fr-FR\",\"@id\":\"https:\\\/\\\/huntingeurope.be\\\/fr\\\/produit\\\/heren-fleece-jas-kylar\\\/#primaryimage\",\"url\":\"https:\\\/\\\/huntingeurope.be\\\/wp-content\\\/uploads\\\/2023\\\/03\\\/231009-112-657_Herren-Fleece-Jacke-Kylar_Produktbild_4000x4000px_01_1920x1920.jpeg\",\"contentUrl\":\"https:\\\/\\\/huntingeurope.be\\\/wp-content\\\/uploads\\\/2023\\\/03\\\/231009-112-657_Herren-Fleece-Jacke-Kylar_Produktbild_4000x4000px_01_1920x1920.jpeg\",\"width\":1920,\"height\":1920},{\"@type\":\"BreadcrumbList\",\"@id\":\"https:\\\/\\\/huntingeurope.be\\\/fr\\\/produit\\\/heren-fleece-jas-kylar\\\/#breadcrumb\",\"itemListElement\":[{\"@type\":\"ListItem\",\"position\":1,\"name\":\"Home\",\"item\":\"https:\\\/\\\/huntingeurope.be\\\/fr\\\/\"},{\"@type\":\"ListItem\",\"position\":2,\"name\":\"Produits\",\"item\":\"https:\\\/\\\/huntingeurope.be\\\/fr\\\/shop\\\/\"},{\"@type\":\"ListItem\",\"position\":3,\"name\":\"Veste polaire homme Kylar\"}]},{\"@type\":\"WebSite\",\"@id\":\"https:\\\/\\\/huntingeurope.be\\\/fr\\\/?lang=en\\\/#website\",\"url\":\"https:\\\/\\\/huntingeurope.be\\\/fr\\\/?lang=en\\\/\",\"name\":\"Hunting Europe\",\"description\":\"Alles voor de jacht\",\"publisher\":{\"@id\":\"https:\\\/\\\/huntingeurope.be\\\/fr\\\/?lang=en\\\/#organization\"},\"potentialAction\":[{\"@type\":\"SearchAction\",\"target\":{\"@type\":\"EntryPoint\",\"urlTemplate\":\"https:\\\/\\\/huntingeurope.be\\\/fr\\\/?lang=en\\\/?s={search_term_string}\"},\"query-input\":{\"@type\":\"PropertyValueSpecification\",\"valueRequired\":true,\"valueName\":\"search_term_string\"}}],\"inLanguage\":\"fr-FR\"},{\"@type\":\"Organization\",\"@id\":\"https:\\\/\\\/huntingeurope.be\\\/fr\\\/?lang=en\\\/#organization\",\"name\":\"Hunting Europe\",\"url\":\"https:\\\/\\\/huntingeurope.be\\\/fr\\\/?lang=en\\\/\",\"logo\":{\"@type\":\"ImageObject\",\"inLanguage\":\"fr-FR\",\"@id\":\"https:\\\/\\\/huntingeurope.be\\\/fr\\\/?lang=en\\\/#\\\/schema\\\/logo\\\/image\\\/\",\"url\":\"https:\\\/\\\/huntingeurope.be\\\/wp-content\\\/uploads\\\/2021\\\/10\\\/Huntingeurope-1-1.png\",\"contentUrl\":\"https:\\\/\\\/huntingeurope.be\\\/wp-content\\\/uploads\\\/2021\\\/10\\\/Huntingeurope-1-1.png\",\"width\":280,\"height\":179,\"caption\":\"Hunting Europe\"},\"image\":{\"@id\":\"https:\\\/\\\/huntingeurope.be\\\/fr\\\/?lang=en\\\/#\\\/schema\\\/logo\\\/image\\\/\"},\"sameAs\":[\"https:\\\/\\\/www.facebook.com\\\/jachtwinkel.europe\\\/\",\"https:\\\/\\\/www.instagram.com\\\/huntingeurope\\\/\",\"https:\\\/\\\/www.youtube.com\\\/user\\\/NickolaySmet\\\/videos?view_as=subscriber\"]}]}<\/script>\n<!-- \/ Yoast SEO plugin. -->","yoast_head_json":{"title":"Veste polaire homme Kylar - Hunting Europe","robots":{"index":"index","follow":"follow","max-snippet":"max-snippet:-1","max-image-preview":"max-image-preview:large","max-video-preview":"max-video-preview:-1"},"canonical":"https:\/\/huntingeurope.be\/fr\/produit\/heren-fleece-jas-kylar\/","og_locale":"fr_FR","og_type":"article","og_title":"Veste polaire homme Kylar - Hunting Europe","og_description":"Cette veste polaire est le compagnon id\u00e9al pour toutes les saisons et toutes les occasions ! Sportif et \u00e9l\u00e9gant \u00e0 la fois, il conf\u00e8re \u00e0 toute tenue un look sport-classique et r\u00e9pond \u00e0 toutes les exigences techniques de la chasse. La veste Kylar est fabriqu\u00e9e dans une mati\u00e8re polaire tr\u00e8s \u00e9lastique qui enveloppe parfaitement le corps et garantit une libert\u00e9 de mouvement maximale, \u00e0 l'approche, au d\u00e9collage et \u00e0 la r\u00e9cup\u00e9ration. Les empi\u00e8cements en daim sur la veste polaire marron fonc\u00e9 lui conf\u00e8rent une plus-value visuelle, tout comme le l\u00e9ger col montant qui se termine au niveau du cou et les imprim\u00e9s Argali sur la poitrine et le cou. La veste polaire id\u00e9ale pour un look Blaser simple mais toujours \u00e9l\u00e9gant, pour la chasse et les loisirs !","og_url":"https:\/\/huntingeurope.be\/fr\/produit\/heren-fleece-jas-kylar\/","og_site_name":"Hunting Europe","article_publisher":"https:\/\/www.facebook.com\/jachtwinkel.europe\/","article_modified_time":"2025-11-06T13:16:08+00:00","og_image":[{"width":1920,"height":1920,"url":"https:\/\/huntingeurope.be\/wp-content\/uploads\/2023\/03\/231009-112-657_Herren-Fleece-Jacke-Kylar_Produktbild_4000x4000px_01_1920x1920.jpeg","type":"image\/jpeg"}],"twitter_card":"summary_large_image","schema":{"@context":"https:\/\/schema.org","@graph":[{"@type":"WebPage","@id":"https:\/\/huntingeurope.be\/fr\/produit\/heren-fleece-jas-kylar\/","url":"https:\/\/huntingeurope.be\/fr\/produit\/heren-fleece-jas-kylar\/","name":"Veste polaire homme Kylar - Hunting Europe","isPartOf":{"@id":"https:\/\/huntingeurope.be\/fr\/?lang=en\/#website"},"primaryImageOfPage":{"@id":"https:\/\/huntingeurope.be\/fr\/produit\/heren-fleece-jas-kylar\/#primaryimage"},"image":{"@id":"https:\/\/huntingeurope.be\/fr\/produit\/heren-fleece-jas-kylar\/#primaryimage"},"thumbnailUrl":"https:\/\/huntingeurope.be\/wp-content\/uploads\/2023\/03\/231009-112-657_Herren-Fleece-Jacke-Kylar_Produktbild_4000x4000px_01_1920x1920.jpeg","datePublished":"2023-03-28T04:35:31+00:00","dateModified":"2025-11-06T13:16:08+00:00","breadcrumb":{"@id":"https:\/\/huntingeurope.be\/fr\/produit\/heren-fleece-jas-kylar\/#breadcrumb"},"inLanguage":"fr-FR","potentialAction":[{"@type":"ReadAction","target":["https:\/\/huntingeurope.be\/fr\/produit\/heren-fleece-jas-kylar\/"]}]},{"@type":"ImageObject","inLanguage":"fr-FR","@id":"https:\/\/huntingeurope.be\/fr\/produit\/heren-fleece-jas-kylar\/#primaryimage","url":"https:\/\/huntingeurope.be\/wp-content\/uploads\/2023\/03\/231009-112-657_Herren-Fleece-Jacke-Kylar_Produktbild_4000x4000px_01_1920x1920.jpeg","contentUrl":"https:\/\/huntingeurope.be\/wp-content\/uploads\/2023\/03\/231009-112-657_Herren-Fleece-Jacke-Kylar_Produktbild_4000x4000px_01_1920x1920.jpeg","width":1920,"height":1920},{"@type":"BreadcrumbList","@id":"https:\/\/huntingeurope.be\/fr\/produit\/heren-fleece-jas-kylar\/#breadcrumb","itemListElement":[{"@type":"ListItem","position":1,"name":"Home","item":"https:\/\/huntingeurope.be\/fr\/"},{"@type":"ListItem","position":2,"name":"Produits","item":"https:\/\/huntingeurope.be\/fr\/shop\/"},{"@type":"ListItem","position":3,"name":"Veste polaire homme Kylar"}]},{"@type":"WebSite","@id":"https:\/\/huntingeurope.be\/fr\/?lang=en\/#website","url":"https:\/\/huntingeurope.be\/fr\/?lang=en\/","name":"Hunting Europe","description":"Alles voor de jacht","publisher":{"@id":"https:\/\/huntingeurope.be\/fr\/?lang=en\/#organization"},"potentialAction":[{"@type":"SearchAction","target":{"@type":"EntryPoint","urlTemplate":"https:\/\/huntingeurope.be\/fr\/?lang=en\/?s={search_term_string}"},"query-input":{"@type":"PropertyValueSpecification","valueRequired":true,"valueName":"search_term_string"}}],"inLanguage":"fr-FR"},{"@type":"Organization","@id":"https:\/\/huntingeurope.be\/fr\/?lang=en\/#organization","name":"Hunting Europe","url":"https:\/\/huntingeurope.be\/fr\/?lang=en\/","logo":{"@type":"ImageObject","inLanguage":"fr-FR","@id":"https:\/\/huntingeurope.be\/fr\/?lang=en\/#\/schema\/logo\/image\/","url":"https:\/\/huntingeurope.be\/wp-content\/uploads\/2021\/10\/Huntingeurope-1-1.png","contentUrl":"https:\/\/huntingeurope.be\/wp-content\/uploads\/2021\/10\/Huntingeurope-1-1.png","width":280,"height":179,"caption":"Hunting Europe"},"image":{"@id":"https:\/\/huntingeurope.be\/fr\/?lang=en\/#\/schema\/logo\/image\/"},"sameAs":["https:\/\/www.facebook.com\/jachtwinkel.europe\/","https:\/\/www.instagram.com\/huntingeurope\/","https:\/\/www.youtube.com\/user\/NickolaySmet\/videos?view_as=subscriber"]}]}},"df_price":145,"df_sale_price":"","df_regular_price":145,"df_image_link":"https:\/\/huntingeurope.be\/wp-content\/uploads\/2023\/03\/231009-112-657_Herren-Fleece-Jacke-Kylar_Produktbild_4000x4000px_01_1920x1920-300x300.jpeg","_links":{"self":[{"href":"https:\/\/huntingeurope.be\/fr\/wp-json\/wp\/v2\/product\/42095","targetHints":{"allow":["GET"]}}],"collection":[{"href":"https:\/\/huntingeurope.be\/fr\/wp-json\/wp\/v2\/product"}],"about":[{"href":"https:\/\/huntingeurope.be\/fr\/wp-json\/wp\/v2\/types\/product"}],"wp:featuredmedia":[{"embeddable":true,"href":"https:\/\/huntingeurope.be\/fr\/wp-json\/wp\/v2\/media\/42075"}],"wp:attachment":[{"href":"https:\/\/huntingeurope.be\/fr\/wp-json\/wp\/v2\/media?parent=42095"}],"wp:term":[{"taxonomy":"product_brand","embeddable":true,"href":"https:\/\/huntingeurope.be\/fr\/wp-json\/wp\/v2\/product_brand?post=42095"},{"taxonomy":"product_cat","embeddable":true,"href":"https:\/\/huntingeurope.be\/fr\/wp-json\/wp\/v2\/product_cat?post=42095"},{"taxonomy":"product_tag","embeddable":true,"href":"https:\/\/huntingeurope.be\/fr\/wp-json\/wp\/v2\/product_tag?post=42095"}],"curies":[{"name":"wp","href":"https:\/\/api.w.org\/{rel}","templated":true}]}}