{"id":42019,"date":"2023-03-24T15:59:22","date_gmt":"2023-03-24T14:59:22","guid":{"rendered":"https:\/\/huntingeurope.be\/product\/meopta-meostar-b1-plus-10x42-hd\/"},"modified":"2025-11-05T17:04:48","modified_gmt":"2025-11-05T16:04:48","slug":"meopta-meostar-b1-plus-10x42-hd","status":"publish","type":"product","link":"https:\/\/huntingeurope.be\/fr\/produit\/meopta-meostar-b1-plus-10x42-hd\/","title":{"rendered":"Meopta MeoStar B1 Plus 10&#215;42 HD"},"content":{"rendered":"<div class=\"container\">\n<div id=\"product-detail\">\n<div class=\"row\">\n<div class=\"col-md-6 col-lg-5 col-md-offset-1\">\n<div class=\"panel-group\">\n<div class=\"product-specifications panel panel-default\">\n<div class=\"panel-body\">\n<table class=\"table\">\n<tbody>\n<tr>\n<td>Grossissement<\/td>\n<td>10 x<\/td>\n<\/tr>\n<tr>\n<td>Type de produit<\/td>\n<td>visionneuse de bord de toit<\/td>\n<\/tr>\n<tr>\n<td>Diam\u00e8tre de l&rsquo;objectif<\/td>\n<td>42 mm<\/td>\n<\/tr>\n<tr>\n<td>Poids<\/td>\n<td>945 gr<\/td>\n<\/tr>\n<tr>\n<td>Pupille de sortie<\/td>\n<td>4,2 mm<\/td>\n<\/tr>\n<\/tbody>\n<\/table>\n<\/div>\n<div id=\"collapseDetailSpecifications\" class=\"collapse in\" role=\"tabpanel\" aria-expanded=\"true\">\n<table class=\"table\">\n<tbody>\n<tr>\n<td>Distance entre les yeux<\/td>\n<td>15 mm<\/td>\n<\/tr>\n<tr>\n<td>Imperm\u00e9able \u00e0 l&rsquo;eau<\/td>\n<td>oui<\/td>\n<\/tr>\n<tr>\n<td>Couleur du corps<\/td>\n<td>vert<\/td>\n<\/tr>\n<tr>\n<td>Distance de mise au point la plus courte<\/td>\n<td>2,6 m<\/td>\n<\/tr>\n<tr>\n<td>Champ de vision<\/td>\n<td>6,3 degr\u00e9s<\/td>\n<\/tr>\n<tr>\n<td>Imperm\u00e9able \u00e0 l&rsquo;eau<\/td>\n<td>oui<\/td>\n<\/tr>\n<tr>\n<td>Champ de vision \u00e0 1000m<\/td>\n<td>111 m<\/td>\n<\/tr>\n<tr>\n<td>T\u00e9l\u00e9m\u00e8tre laser<\/td>\n<td>non<\/td>\n<\/tr>\n<tr>\n<td>Pare-soleil<\/td>\n<td>oui<\/td>\n<\/tr>\n<tr>\n<td>Boussole<\/td>\n<td>non<\/td>\n<\/tr>\n<tr>\n<td>Couvercle d&rsquo;oculaire<\/td>\n<td>oui<\/td>\n<\/tr>\n<tr>\n<td>Lunettes de vision nocturne<\/td>\n<td>non<\/td>\n<\/tr>\n<tr>\n<td>Ceinture<\/td>\n<td>oui<\/td>\n<\/tr>\n<tr>\n<td>Contr\u00f4le dioptrique<\/td>\n<td>oui<\/td>\n<\/tr>\n<tr>\n<td>Rempli d&rsquo;azote<\/td>\n<td>oui<\/td>\n<\/tr>\n<tr>\n<td>Connecteur de tr\u00e9pied<\/td>\n<td>oui<\/td>\n<\/tr>\n<tr>\n<td>Stabilisation d&rsquo;image<\/td>\n<td>non<\/td>\n<\/tr>\n<tr>\n<td>Sac<\/td>\n<td>oui<\/td>\n<\/tr>\n<\/tbody>\n<\/table>\n<\/div>\n<\/div>\n<\/div>\n<\/div>\n<\/div>\n<\/div>\n<\/div>\n<div class=\"section no-related-products\">\n<div class=\"container\">\n<div class=\"eq-row-flex\">\n<div class=\"col-xs-12\"><\/div>\n<\/div>\n<\/div>\n<\/div>\n","protected":false},"excerpt":{"rendered":"<p>Les jumelles MeoStar B1 Plus 10&#215;42 HD repr\u00e9sentent le summum de l&rsquo;optique europ\u00e9enne haut de gamme de Meopta. Construit sur le l\u00e9gendaire ch\u00e2ssis B1\/B1.1 avec dioptrie verrouillable, le B1 Plus pr\u00e9sente des tol\u00e9rances optiques am\u00e9lior\u00e9es pour des images encore plus nettes et de meilleures performances optiques. L&rsquo;armure ext\u00e9rieure en caoutchouc redessin\u00e9e offre \u00e0 l&rsquo;utilisateur une prise en main plus ferme, mieux adapt\u00e9e \u00e0 la main pour une utilisation confortable sur le terrain. &#8211; Optique europ\u00e9enne de qualit\u00e9 sup\u00e9rieure &#8211; Corps en alliage d&rsquo;aluminium &#8211; Traitements MeoBright pour une collecte optimale de la lumi\u00e8re &#8211; \u00c9l\u00e9ments de lentille Fluoride HD en 10&#215;42, 12&#215;50 et 15&#215;56 &#8211; Verrouillage du r\u00e9glage de la dioptrie &#8211; Armure en caoutchouc de conception ergonomique<\/p>\n","protected":false},"featured_media":42010,"template":"","meta":{"_joinchat":[]},"product_brand":[],"product_cat":[808],"product_tag":[679,740],"class_list":{"0":"post-42019","1":"product","2":"type-product","3":"status-publish","4":"has-post-thumbnail","6":"product_cat-outlet-fr","7":"product_tag-jumelles","8":"product_tag-meopta-fr","10":"first","11":"outofstock","12":"taxable","13":"shipping-taxable","14":"purchasable","15":"product-type-simple"},"yoast_head":"<!-- This site is optimized with the Yoast SEO plugin v27.6 - https:\/\/yoast.com\/product\/yoast-seo-wordpress\/ -->\n<title>Meopta MeoStar B1 Plus 10x42 HD - Hunting Europe<\/title>\n<meta name=\"robots\" content=\"index, follow, max-snippet:-1, max-image-preview:large, max-video-preview:-1\" \/>\n<link rel=\"canonical\" href=\"https:\/\/huntingeurope.be\/fr\/produit\/meopta-meostar-b1-plus-10x42-hd\/\" \/>\n<meta property=\"og:locale\" content=\"fr_FR\" \/>\n<meta property=\"og:type\" content=\"article\" \/>\n<meta property=\"og:title\" content=\"Meopta MeoStar B1 Plus 10x42 HD - Hunting Europe\" \/>\n<meta property=\"og:description\" content=\"Les jumelles MeoStar B1 Plus 10x42 HD repr\u00e9sentent le summum de l&#039;optique europ\u00e9enne haut de gamme de Meopta. Construit sur le l\u00e9gendaire ch\u00e2ssis B1\/B1.1 avec dioptrie verrouillable, le B1 Plus pr\u00e9sente des tol\u00e9rances optiques am\u00e9lior\u00e9es pour des images encore plus nettes et de meilleures performances optiques. L&#039;armure ext\u00e9rieure en caoutchouc redessin\u00e9e offre \u00e0 l&#039;utilisateur une prise en main plus ferme, mieux adapt\u00e9e \u00e0 la main pour une utilisation confortable sur le terrain. - Optique europ\u00e9enne de qualit\u00e9 sup\u00e9rieure - Corps en alliage d&#039;aluminium - Traitements MeoBright pour une collecte optimale de la lumi\u00e8re - \u00c9l\u00e9ments de lentille Fluoride HD en 10x42, 12x50 et 15x56 - Verrouillage du r\u00e9glage de la dioptrie - Armure en caoutchouc de conception ergonomique\" \/>\n<meta property=\"og:url\" content=\"https:\/\/huntingeurope.be\/fr\/produit\/meopta-meostar-b1-plus-10x42-hd\/\" \/>\n<meta property=\"og:site_name\" content=\"Hunting Europe\" \/>\n<meta property=\"article:publisher\" content=\"https:\/\/www.facebook.com\/jachtwinkel.europe\/\" \/>\n<meta property=\"article:modified_time\" content=\"2025-11-05T16:04:48+00:00\" \/>\n<meta property=\"og:image\" content=\"https:\/\/huntingeurope.be\/wp-content\/uploads\/2023\/03\/meopta_meostar_b1_plus_10x421.jpg\" \/>\n\t<meta property=\"og:image:width\" content=\"590\" \/>\n\t<meta property=\"og:image:height\" content=\"510\" \/>\n\t<meta property=\"og:image:type\" content=\"image\/jpeg\" \/>\n<meta name=\"twitter:card\" content=\"summary_large_image\" \/>\n<script type=\"application\/ld+json\" class=\"yoast-schema-graph\">{\"@context\":\"https:\\\/\\\/schema.org\",\"@graph\":[{\"@type\":\"WebPage\",\"@id\":\"https:\\\/\\\/huntingeurope.be\\\/fr\\\/produit\\\/meopta-meostar-b1-plus-10x42-hd\\\/\",\"url\":\"https:\\\/\\\/huntingeurope.be\\\/fr\\\/produit\\\/meopta-meostar-b1-plus-10x42-hd\\\/\",\"name\":\"Meopta MeoStar B1 Plus 10x42 HD - Hunting Europe\",\"isPartOf\":{\"@id\":\"https:\\\/\\\/huntingeurope.be\\\/fr\\\/?lang=en\\\/#website\"},\"primaryImageOfPage\":{\"@id\":\"https:\\\/\\\/huntingeurope.be\\\/fr\\\/produit\\\/meopta-meostar-b1-plus-10x42-hd\\\/#primaryimage\"},\"image\":{\"@id\":\"https:\\\/\\\/huntingeurope.be\\\/fr\\\/produit\\\/meopta-meostar-b1-plus-10x42-hd\\\/#primaryimage\"},\"thumbnailUrl\":\"https:\\\/\\\/huntingeurope.be\\\/wp-content\\\/uploads\\\/2023\\\/03\\\/meopta_meostar_b1_plus_10x421.jpg\",\"datePublished\":\"2023-03-24T14:59:22+00:00\",\"dateModified\":\"2025-11-05T16:04:48+00:00\",\"breadcrumb\":{\"@id\":\"https:\\\/\\\/huntingeurope.be\\\/fr\\\/produit\\\/meopta-meostar-b1-plus-10x42-hd\\\/#breadcrumb\"},\"inLanguage\":\"fr-FR\",\"potentialAction\":[{\"@type\":\"ReadAction\",\"target\":[\"https:\\\/\\\/huntingeurope.be\\\/fr\\\/produit\\\/meopta-meostar-b1-plus-10x42-hd\\\/\"]}]},{\"@type\":\"ImageObject\",\"inLanguage\":\"fr-FR\",\"@id\":\"https:\\\/\\\/huntingeurope.be\\\/fr\\\/produit\\\/meopta-meostar-b1-plus-10x42-hd\\\/#primaryimage\",\"url\":\"https:\\\/\\\/huntingeurope.be\\\/wp-content\\\/uploads\\\/2023\\\/03\\\/meopta_meostar_b1_plus_10x421.jpg\",\"contentUrl\":\"https:\\\/\\\/huntingeurope.be\\\/wp-content\\\/uploads\\\/2023\\\/03\\\/meopta_meostar_b1_plus_10x421.jpg\",\"width\":590,\"height\":510},{\"@type\":\"BreadcrumbList\",\"@id\":\"https:\\\/\\\/huntingeurope.be\\\/fr\\\/produit\\\/meopta-meostar-b1-plus-10x42-hd\\\/#breadcrumb\",\"itemListElement\":[{\"@type\":\"ListItem\",\"position\":1,\"name\":\"Home\",\"item\":\"https:\\\/\\\/huntingeurope.be\\\/fr\\\/\"},{\"@type\":\"ListItem\",\"position\":2,\"name\":\"Produits\",\"item\":\"https:\\\/\\\/huntingeurope.be\\\/fr\\\/shop\\\/\"},{\"@type\":\"ListItem\",\"position\":3,\"name\":\"Meopta MeoStar B1 Plus 10&#215;42 HD\"}]},{\"@type\":\"WebSite\",\"@id\":\"https:\\\/\\\/huntingeurope.be\\\/fr\\\/?lang=en\\\/#website\",\"url\":\"https:\\\/\\\/huntingeurope.be\\\/fr\\\/?lang=en\\\/\",\"name\":\"Hunting Europe\",\"description\":\"Alles voor de jacht\",\"publisher\":{\"@id\":\"https:\\\/\\\/huntingeurope.be\\\/fr\\\/?lang=en\\\/#organization\"},\"potentialAction\":[{\"@type\":\"SearchAction\",\"target\":{\"@type\":\"EntryPoint\",\"urlTemplate\":\"https:\\\/\\\/huntingeurope.be\\\/fr\\\/?lang=en\\\/?s={search_term_string}\"},\"query-input\":{\"@type\":\"PropertyValueSpecification\",\"valueRequired\":true,\"valueName\":\"search_term_string\"}}],\"inLanguage\":\"fr-FR\"},{\"@type\":\"Organization\",\"@id\":\"https:\\\/\\\/huntingeurope.be\\\/fr\\\/?lang=en\\\/#organization\",\"name\":\"Hunting Europe\",\"url\":\"https:\\\/\\\/huntingeurope.be\\\/fr\\\/?lang=en\\\/\",\"logo\":{\"@type\":\"ImageObject\",\"inLanguage\":\"fr-FR\",\"@id\":\"https:\\\/\\\/huntingeurope.be\\\/fr\\\/?lang=en\\\/#\\\/schema\\\/logo\\\/image\\\/\",\"url\":\"https:\\\/\\\/huntingeurope.be\\\/wp-content\\\/uploads\\\/2021\\\/10\\\/Huntingeurope-1-1.png\",\"contentUrl\":\"https:\\\/\\\/huntingeurope.be\\\/wp-content\\\/uploads\\\/2021\\\/10\\\/Huntingeurope-1-1.png\",\"width\":280,\"height\":179,\"caption\":\"Hunting Europe\"},\"image\":{\"@id\":\"https:\\\/\\\/huntingeurope.be\\\/fr\\\/?lang=en\\\/#\\\/schema\\\/logo\\\/image\\\/\"},\"sameAs\":[\"https:\\\/\\\/www.facebook.com\\\/jachtwinkel.europe\\\/\",\"https:\\\/\\\/www.instagram.com\\\/huntingeurope\\\/\",\"https:\\\/\\\/www.youtube.com\\\/user\\\/NickolaySmet\\\/videos?view_as=subscriber\"]}]}<\/script>\n<!-- \/ Yoast SEO plugin. -->","yoast_head_json":{"title":"Meopta MeoStar B1 Plus 10x42 HD - Hunting Europe","robots":{"index":"index","follow":"follow","max-snippet":"max-snippet:-1","max-image-preview":"max-image-preview:large","max-video-preview":"max-video-preview:-1"},"canonical":"https:\/\/huntingeurope.be\/fr\/produit\/meopta-meostar-b1-plus-10x42-hd\/","og_locale":"fr_FR","og_type":"article","og_title":"Meopta MeoStar B1 Plus 10x42 HD - Hunting Europe","og_description":"Les jumelles MeoStar B1 Plus 10x42 HD repr\u00e9sentent le summum de l'optique europ\u00e9enne haut de gamme de Meopta. Construit sur le l\u00e9gendaire ch\u00e2ssis B1\/B1.1 avec dioptrie verrouillable, le B1 Plus pr\u00e9sente des tol\u00e9rances optiques am\u00e9lior\u00e9es pour des images encore plus nettes et de meilleures performances optiques. L'armure ext\u00e9rieure en caoutchouc redessin\u00e9e offre \u00e0 l'utilisateur une prise en main plus ferme, mieux adapt\u00e9e \u00e0 la main pour une utilisation confortable sur le terrain. - Optique europ\u00e9enne de qualit\u00e9 sup\u00e9rieure - Corps en alliage d'aluminium - Traitements MeoBright pour une collecte optimale de la lumi\u00e8re - \u00c9l\u00e9ments de lentille Fluoride HD en 10x42, 12x50 et 15x56 - Verrouillage du r\u00e9glage de la dioptrie - Armure en caoutchouc de conception ergonomique","og_url":"https:\/\/huntingeurope.be\/fr\/produit\/meopta-meostar-b1-plus-10x42-hd\/","og_site_name":"Hunting Europe","article_publisher":"https:\/\/www.facebook.com\/jachtwinkel.europe\/","article_modified_time":"2025-11-05T16:04:48+00:00","og_image":[{"width":590,"height":510,"url":"https:\/\/huntingeurope.be\/wp-content\/uploads\/2023\/03\/meopta_meostar_b1_plus_10x421.jpg","type":"image\/jpeg"}],"twitter_card":"summary_large_image","schema":{"@context":"https:\/\/schema.org","@graph":[{"@type":"WebPage","@id":"https:\/\/huntingeurope.be\/fr\/produit\/meopta-meostar-b1-plus-10x42-hd\/","url":"https:\/\/huntingeurope.be\/fr\/produit\/meopta-meostar-b1-plus-10x42-hd\/","name":"Meopta MeoStar B1 Plus 10x42 HD - Hunting Europe","isPartOf":{"@id":"https:\/\/huntingeurope.be\/fr\/?lang=en\/#website"},"primaryImageOfPage":{"@id":"https:\/\/huntingeurope.be\/fr\/produit\/meopta-meostar-b1-plus-10x42-hd\/#primaryimage"},"image":{"@id":"https:\/\/huntingeurope.be\/fr\/produit\/meopta-meostar-b1-plus-10x42-hd\/#primaryimage"},"thumbnailUrl":"https:\/\/huntingeurope.be\/wp-content\/uploads\/2023\/03\/meopta_meostar_b1_plus_10x421.jpg","datePublished":"2023-03-24T14:59:22+00:00","dateModified":"2025-11-05T16:04:48+00:00","breadcrumb":{"@id":"https:\/\/huntingeurope.be\/fr\/produit\/meopta-meostar-b1-plus-10x42-hd\/#breadcrumb"},"inLanguage":"fr-FR","potentialAction":[{"@type":"ReadAction","target":["https:\/\/huntingeurope.be\/fr\/produit\/meopta-meostar-b1-plus-10x42-hd\/"]}]},{"@type":"ImageObject","inLanguage":"fr-FR","@id":"https:\/\/huntingeurope.be\/fr\/produit\/meopta-meostar-b1-plus-10x42-hd\/#primaryimage","url":"https:\/\/huntingeurope.be\/wp-content\/uploads\/2023\/03\/meopta_meostar_b1_plus_10x421.jpg","contentUrl":"https:\/\/huntingeurope.be\/wp-content\/uploads\/2023\/03\/meopta_meostar_b1_plus_10x421.jpg","width":590,"height":510},{"@type":"BreadcrumbList","@id":"https:\/\/huntingeurope.be\/fr\/produit\/meopta-meostar-b1-plus-10x42-hd\/#breadcrumb","itemListElement":[{"@type":"ListItem","position":1,"name":"Home","item":"https:\/\/huntingeurope.be\/fr\/"},{"@type":"ListItem","position":2,"name":"Produits","item":"https:\/\/huntingeurope.be\/fr\/shop\/"},{"@type":"ListItem","position":3,"name":"Meopta MeoStar B1 Plus 10&#215;42 HD"}]},{"@type":"WebSite","@id":"https:\/\/huntingeurope.be\/fr\/?lang=en\/#website","url":"https:\/\/huntingeurope.be\/fr\/?lang=en\/","name":"Hunting Europe","description":"Alles voor de jacht","publisher":{"@id":"https:\/\/huntingeurope.be\/fr\/?lang=en\/#organization"},"potentialAction":[{"@type":"SearchAction","target":{"@type":"EntryPoint","urlTemplate":"https:\/\/huntingeurope.be\/fr\/?lang=en\/?s={search_term_string}"},"query-input":{"@type":"PropertyValueSpecification","valueRequired":true,"valueName":"search_term_string"}}],"inLanguage":"fr-FR"},{"@type":"Organization","@id":"https:\/\/huntingeurope.be\/fr\/?lang=en\/#organization","name":"Hunting Europe","url":"https:\/\/huntingeurope.be\/fr\/?lang=en\/","logo":{"@type":"ImageObject","inLanguage":"fr-FR","@id":"https:\/\/huntingeurope.be\/fr\/?lang=en\/#\/schema\/logo\/image\/","url":"https:\/\/huntingeurope.be\/wp-content\/uploads\/2021\/10\/Huntingeurope-1-1.png","contentUrl":"https:\/\/huntingeurope.be\/wp-content\/uploads\/2021\/10\/Huntingeurope-1-1.png","width":280,"height":179,"caption":"Hunting Europe"},"image":{"@id":"https:\/\/huntingeurope.be\/fr\/?lang=en\/#\/schema\/logo\/image\/"},"sameAs":["https:\/\/www.facebook.com\/jachtwinkel.europe\/","https:\/\/www.instagram.com\/huntingeurope\/","https:\/\/www.youtube.com\/user\/NickolaySmet\/videos?view_as=subscriber"]}]}},"df_price":1510,"df_sale_price":"","df_regular_price":1510,"df_image_link":"https:\/\/huntingeurope.be\/wp-content\/uploads\/2023\/03\/meopta_meostar_b1_plus_10x421-300x259.jpg","_links":{"self":[{"href":"https:\/\/huntingeurope.be\/fr\/wp-json\/wp\/v2\/product\/42019","targetHints":{"allow":["GET"]}}],"collection":[{"href":"https:\/\/huntingeurope.be\/fr\/wp-json\/wp\/v2\/product"}],"about":[{"href":"https:\/\/huntingeurope.be\/fr\/wp-json\/wp\/v2\/types\/product"}],"wp:featuredmedia":[{"embeddable":true,"href":"https:\/\/huntingeurope.be\/fr\/wp-json\/wp\/v2\/media\/42010"}],"wp:attachment":[{"href":"https:\/\/huntingeurope.be\/fr\/wp-json\/wp\/v2\/media?parent=42019"}],"wp:term":[{"taxonomy":"product_brand","embeddable":true,"href":"https:\/\/huntingeurope.be\/fr\/wp-json\/wp\/v2\/product_brand?post=42019"},{"taxonomy":"product_cat","embeddable":true,"href":"https:\/\/huntingeurope.be\/fr\/wp-json\/wp\/v2\/product_cat?post=42019"},{"taxonomy":"product_tag","embeddable":true,"href":"https:\/\/huntingeurope.be\/fr\/wp-json\/wp\/v2\/product_tag?post=42019"}],"curies":[{"name":"wp","href":"https:\/\/api.w.org\/{rel}","templated":true}]}}