{"id":41943,"date":"2023-03-22T11:24:43","date_gmt":"2023-03-22T10:34:36","guid":{"rendered":"https:\/\/huntingeurope.be\/product\/barbour-tartan-pique-polo-shirt-rifle-green\/"},"modified":"2023-03-22T11:34:36","modified_gmt":"2023-03-22T10:34:36","slug":"barbour-tartan-pique-polo-shirt-rifle-green","status":"publish","type":"product","link":"https:\/\/huntingeurope.be\/fr\/produit\/barbour-tartan-pique-polo-shirt-rifle-green\/","title":{"rendered":"BARBOUR Tartan pique polo shirt \u2013 rifle green"},"content":{"rendered":"<p>Coupe \u00e9troite (en cas de doute, prendre une taille au-dessus)<\/p>\n<p>Cet article a un design plus serr\u00e9 que le polo moyen et est donc un peu plus petit. Vous avez des doutes sur votre taille ? Dans ce cas, commandez une taille au-dessus.<\/p>\n","protected":false},"excerpt":{"rendered":"<p>Ce Barbour est un incontournable de votre garde-robe. Ce polo porte le c\u00e9l\u00e8bre logo Barbour sur la poitrine et l&rsquo;imprim\u00e9 \u00e9cossais familier sous les boutons. Comme nous nous y attendons de la part de Barbour, le polo est d&rsquo;excellente qualit\u00e9. Le polo est de couleur grise et est fabriqu\u00e9 en 100% coton.<\/p>\n","protected":false},"featured_media":41926,"template":"","meta":{"_joinchat":[]},"product_brand":[],"product_cat":[531],"product_tag":[730,736],"class_list":{"0":"post-41943","1":"product","2":"type-product","3":"status-publish","4":"has-post-thumbnail","6":"product_cat-shirts-vetements","7":"product_tag-barbour-fr","8":"product_tag-polo-fr","10":"first","11":"instock","12":"taxable","13":"shipping-taxable","14":"purchasable","15":"product-type-variable"},"yoast_head":"<!-- This site is optimized with the Yoast SEO plugin v27.4 - https:\/\/yoast.com\/product\/yoast-seo-wordpress\/ -->\n<title>BARBOUR Tartan pique polo shirt \u2013 rifle green - Hunting Europe<\/title>\n<meta name=\"robots\" content=\"index, follow, max-snippet:-1, max-image-preview:large, max-video-preview:-1\" \/>\n<link rel=\"canonical\" href=\"https:\/\/huntingeurope.be\/fr\/produit\/barbour-tartan-pique-polo-shirt-rifle-green\/\" \/>\n<meta property=\"og:locale\" content=\"fr_FR\" \/>\n<meta property=\"og:type\" content=\"article\" \/>\n<meta property=\"og:title\" content=\"BARBOUR Tartan pique polo shirt \u2013 rifle green - Hunting Europe\" \/>\n<meta property=\"og:description\" content=\"Ce Barbour est un incontournable de votre garde-robe. Ce polo porte le c\u00e9l\u00e8bre logo Barbour sur la poitrine et l&#039;imprim\u00e9 \u00e9cossais familier sous les boutons. Comme nous nous y attendons de la part de Barbour, le polo est d&#039;excellente qualit\u00e9. Le polo est de couleur grise et est fabriqu\u00e9 en 100% coton.\" \/>\n<meta property=\"og:url\" content=\"https:\/\/huntingeurope.be\/fr\/produit\/barbour-tartan-pique-polo-shirt-rifle-green\/\" \/>\n<meta property=\"og:site_name\" content=\"Hunting Europe\" \/>\n<meta property=\"article:publisher\" content=\"https:\/\/www.facebook.com\/jachtwinkel.europe\/\" \/>\n<meta property=\"og:image\" content=\"https:\/\/huntingeurope.be\/wp-content\/uploads\/2023\/03\/Barbour-polo-rifle-green.jpg\" \/>\n\t<meta property=\"og:image:width\" content=\"1500\" \/>\n\t<meta property=\"og:image:height\" content=\"1836\" \/>\n\t<meta property=\"og:image:type\" content=\"image\/jpeg\" \/>\n<meta name=\"twitter:card\" content=\"summary_large_image\" \/>\n<script type=\"application\/ld+json\" class=\"yoast-schema-graph\">{\"@context\":\"https:\\\/\\\/schema.org\",\"@graph\":[{\"@type\":\"WebPage\",\"@id\":\"https:\\\/\\\/huntingeurope.be\\\/fr\\\/produit\\\/barbour-tartan-pique-polo-shirt-rifle-green\\\/\",\"url\":\"https:\\\/\\\/huntingeurope.be\\\/fr\\\/produit\\\/barbour-tartan-pique-polo-shirt-rifle-green\\\/\",\"name\":\"BARBOUR Tartan pique polo shirt \u2013 rifle green - Hunting Europe\",\"isPartOf\":{\"@id\":\"https:\\\/\\\/huntingeurope.be\\\/fr\\\/?lang=en\\\/#website\"},\"primaryImageOfPage\":{\"@id\":\"https:\\\/\\\/huntingeurope.be\\\/fr\\\/produit\\\/barbour-tartan-pique-polo-shirt-rifle-green\\\/#primaryimage\"},\"image\":{\"@id\":\"https:\\\/\\\/huntingeurope.be\\\/fr\\\/produit\\\/barbour-tartan-pique-polo-shirt-rifle-green\\\/#primaryimage\"},\"thumbnailUrl\":\"https:\\\/\\\/huntingeurope.be\\\/wp-content\\\/uploads\\\/2023\\\/03\\\/Barbour-polo-rifle-green.jpg\",\"datePublished\":\"2023-03-22T10:34:36+00:00\",\"breadcrumb\":{\"@id\":\"https:\\\/\\\/huntingeurope.be\\\/fr\\\/produit\\\/barbour-tartan-pique-polo-shirt-rifle-green\\\/#breadcrumb\"},\"inLanguage\":\"fr-FR\",\"potentialAction\":[{\"@type\":\"ReadAction\",\"target\":[\"https:\\\/\\\/huntingeurope.be\\\/fr\\\/produit\\\/barbour-tartan-pique-polo-shirt-rifle-green\\\/\"]}]},{\"@type\":\"ImageObject\",\"inLanguage\":\"fr-FR\",\"@id\":\"https:\\\/\\\/huntingeurope.be\\\/fr\\\/produit\\\/barbour-tartan-pique-polo-shirt-rifle-green\\\/#primaryimage\",\"url\":\"https:\\\/\\\/huntingeurope.be\\\/wp-content\\\/uploads\\\/2023\\\/03\\\/Barbour-polo-rifle-green.jpg\",\"contentUrl\":\"https:\\\/\\\/huntingeurope.be\\\/wp-content\\\/uploads\\\/2023\\\/03\\\/Barbour-polo-rifle-green.jpg\",\"width\":1500,\"height\":1836},{\"@type\":\"BreadcrumbList\",\"@id\":\"https:\\\/\\\/huntingeurope.be\\\/fr\\\/produit\\\/barbour-tartan-pique-polo-shirt-rifle-green\\\/#breadcrumb\",\"itemListElement\":[{\"@type\":\"ListItem\",\"position\":1,\"name\":\"Home\",\"item\":\"https:\\\/\\\/huntingeurope.be\\\/fr\\\/\"},{\"@type\":\"ListItem\",\"position\":2,\"name\":\"Produits\",\"item\":\"https:\\\/\\\/huntingeurope.be\\\/fr\\\/shop\\\/\"},{\"@type\":\"ListItem\",\"position\":3,\"name\":\"BARBOUR Tartan pique polo shirt \u2013 rifle green\"}]},{\"@type\":\"WebSite\",\"@id\":\"https:\\\/\\\/huntingeurope.be\\\/fr\\\/?lang=en\\\/#website\",\"url\":\"https:\\\/\\\/huntingeurope.be\\\/fr\\\/?lang=en\\\/\",\"name\":\"Hunting Europe\",\"description\":\"Alles voor de jacht\",\"publisher\":{\"@id\":\"https:\\\/\\\/huntingeurope.be\\\/fr\\\/?lang=en\\\/#organization\"},\"potentialAction\":[{\"@type\":\"SearchAction\",\"target\":{\"@type\":\"EntryPoint\",\"urlTemplate\":\"https:\\\/\\\/huntingeurope.be\\\/fr\\\/?lang=en\\\/?s={search_term_string}\"},\"query-input\":{\"@type\":\"PropertyValueSpecification\",\"valueRequired\":true,\"valueName\":\"search_term_string\"}}],\"inLanguage\":\"fr-FR\"},{\"@type\":\"Organization\",\"@id\":\"https:\\\/\\\/huntingeurope.be\\\/fr\\\/?lang=en\\\/#organization\",\"name\":\"Hunting Europe\",\"url\":\"https:\\\/\\\/huntingeurope.be\\\/fr\\\/?lang=en\\\/\",\"logo\":{\"@type\":\"ImageObject\",\"inLanguage\":\"fr-FR\",\"@id\":\"https:\\\/\\\/huntingeurope.be\\\/fr\\\/?lang=en\\\/#\\\/schema\\\/logo\\\/image\\\/\",\"url\":\"https:\\\/\\\/huntingeurope.be\\\/wp-content\\\/uploads\\\/2021\\\/10\\\/Huntingeurope-1-1.png\",\"contentUrl\":\"https:\\\/\\\/huntingeurope.be\\\/wp-content\\\/uploads\\\/2021\\\/10\\\/Huntingeurope-1-1.png\",\"width\":280,\"height\":179,\"caption\":\"Hunting Europe\"},\"image\":{\"@id\":\"https:\\\/\\\/huntingeurope.be\\\/fr\\\/?lang=en\\\/#\\\/schema\\\/logo\\\/image\\\/\"},\"sameAs\":[\"https:\\\/\\\/www.facebook.com\\\/jachtwinkel.europe\\\/\",\"https:\\\/\\\/www.instagram.com\\\/huntingeurope\\\/\",\"https:\\\/\\\/www.youtube.com\\\/user\\\/NickolaySmet\\\/videos?view_as=subscriber\"]}]}<\/script>\n<!-- \/ Yoast SEO plugin. -->","yoast_head_json":{"title":"BARBOUR Tartan pique polo shirt \u2013 rifle green - Hunting Europe","robots":{"index":"index","follow":"follow","max-snippet":"max-snippet:-1","max-image-preview":"max-image-preview:large","max-video-preview":"max-video-preview:-1"},"canonical":"https:\/\/huntingeurope.be\/fr\/produit\/barbour-tartan-pique-polo-shirt-rifle-green\/","og_locale":"fr_FR","og_type":"article","og_title":"BARBOUR Tartan pique polo shirt \u2013 rifle green - Hunting Europe","og_description":"Ce Barbour est un incontournable de votre garde-robe. Ce polo porte le c\u00e9l\u00e8bre logo Barbour sur la poitrine et l'imprim\u00e9 \u00e9cossais familier sous les boutons. Comme nous nous y attendons de la part de Barbour, le polo est d'excellente qualit\u00e9. Le polo est de couleur grise et est fabriqu\u00e9 en 100% coton.","og_url":"https:\/\/huntingeurope.be\/fr\/produit\/barbour-tartan-pique-polo-shirt-rifle-green\/","og_site_name":"Hunting Europe","article_publisher":"https:\/\/www.facebook.com\/jachtwinkel.europe\/","og_image":[{"width":1500,"height":1836,"url":"https:\/\/huntingeurope.be\/wp-content\/uploads\/2023\/03\/Barbour-polo-rifle-green.jpg","type":"image\/jpeg"}],"twitter_card":"summary_large_image","schema":{"@context":"https:\/\/schema.org","@graph":[{"@type":"WebPage","@id":"https:\/\/huntingeurope.be\/fr\/produit\/barbour-tartan-pique-polo-shirt-rifle-green\/","url":"https:\/\/huntingeurope.be\/fr\/produit\/barbour-tartan-pique-polo-shirt-rifle-green\/","name":"BARBOUR Tartan pique polo shirt \u2013 rifle green - Hunting Europe","isPartOf":{"@id":"https:\/\/huntingeurope.be\/fr\/?lang=en\/#website"},"primaryImageOfPage":{"@id":"https:\/\/huntingeurope.be\/fr\/produit\/barbour-tartan-pique-polo-shirt-rifle-green\/#primaryimage"},"image":{"@id":"https:\/\/huntingeurope.be\/fr\/produit\/barbour-tartan-pique-polo-shirt-rifle-green\/#primaryimage"},"thumbnailUrl":"https:\/\/huntingeurope.be\/wp-content\/uploads\/2023\/03\/Barbour-polo-rifle-green.jpg","datePublished":"2023-03-22T10:34:36+00:00","breadcrumb":{"@id":"https:\/\/huntingeurope.be\/fr\/produit\/barbour-tartan-pique-polo-shirt-rifle-green\/#breadcrumb"},"inLanguage":"fr-FR","potentialAction":[{"@type":"ReadAction","target":["https:\/\/huntingeurope.be\/fr\/produit\/barbour-tartan-pique-polo-shirt-rifle-green\/"]}]},{"@type":"ImageObject","inLanguage":"fr-FR","@id":"https:\/\/huntingeurope.be\/fr\/produit\/barbour-tartan-pique-polo-shirt-rifle-green\/#primaryimage","url":"https:\/\/huntingeurope.be\/wp-content\/uploads\/2023\/03\/Barbour-polo-rifle-green.jpg","contentUrl":"https:\/\/huntingeurope.be\/wp-content\/uploads\/2023\/03\/Barbour-polo-rifle-green.jpg","width":1500,"height":1836},{"@type":"BreadcrumbList","@id":"https:\/\/huntingeurope.be\/fr\/produit\/barbour-tartan-pique-polo-shirt-rifle-green\/#breadcrumb","itemListElement":[{"@type":"ListItem","position":1,"name":"Home","item":"https:\/\/huntingeurope.be\/fr\/"},{"@type":"ListItem","position":2,"name":"Produits","item":"https:\/\/huntingeurope.be\/fr\/shop\/"},{"@type":"ListItem","position":3,"name":"BARBOUR Tartan pique polo shirt \u2013 rifle green"}]},{"@type":"WebSite","@id":"https:\/\/huntingeurope.be\/fr\/?lang=en\/#website","url":"https:\/\/huntingeurope.be\/fr\/?lang=en\/","name":"Hunting Europe","description":"Alles voor de jacht","publisher":{"@id":"https:\/\/huntingeurope.be\/fr\/?lang=en\/#organization"},"potentialAction":[{"@type":"SearchAction","target":{"@type":"EntryPoint","urlTemplate":"https:\/\/huntingeurope.be\/fr\/?lang=en\/?s={search_term_string}"},"query-input":{"@type":"PropertyValueSpecification","valueRequired":true,"valueName":"search_term_string"}}],"inLanguage":"fr-FR"},{"@type":"Organization","@id":"https:\/\/huntingeurope.be\/fr\/?lang=en\/#organization","name":"Hunting Europe","url":"https:\/\/huntingeurope.be\/fr\/?lang=en\/","logo":{"@type":"ImageObject","inLanguage":"fr-FR","@id":"https:\/\/huntingeurope.be\/fr\/?lang=en\/#\/schema\/logo\/image\/","url":"https:\/\/huntingeurope.be\/wp-content\/uploads\/2021\/10\/Huntingeurope-1-1.png","contentUrl":"https:\/\/huntingeurope.be\/wp-content\/uploads\/2021\/10\/Huntingeurope-1-1.png","width":280,"height":179,"caption":"Hunting Europe"},"image":{"@id":"https:\/\/huntingeurope.be\/fr\/?lang=en\/#\/schema\/logo\/image\/"},"sameAs":["https:\/\/www.facebook.com\/jachtwinkel.europe\/","https:\/\/www.instagram.com\/huntingeurope\/","https:\/\/www.youtube.com\/user\/NickolaySmet\/videos?view_as=subscriber"]}]}},"df_price":79.95,"df_sale_price":"","df_regular_price":79.95,"df_image_link":"https:\/\/huntingeurope.be\/wp-content\/uploads\/2023\/03\/Barbour-polo-rifle-green-245x300.jpg","_links":{"self":[{"href":"https:\/\/huntingeurope.be\/fr\/wp-json\/wp\/v2\/product\/41943","targetHints":{"allow":["GET"]}}],"collection":[{"href":"https:\/\/huntingeurope.be\/fr\/wp-json\/wp\/v2\/product"}],"about":[{"href":"https:\/\/huntingeurope.be\/fr\/wp-json\/wp\/v2\/types\/product"}],"wp:featuredmedia":[{"embeddable":true,"href":"https:\/\/huntingeurope.be\/fr\/wp-json\/wp\/v2\/media\/41926"}],"wp:attachment":[{"href":"https:\/\/huntingeurope.be\/fr\/wp-json\/wp\/v2\/media?parent=41943"}],"wp:term":[{"taxonomy":"product_brand","embeddable":true,"href":"https:\/\/huntingeurope.be\/fr\/wp-json\/wp\/v2\/product_brand?post=41943"},{"taxonomy":"product_cat","embeddable":true,"href":"https:\/\/huntingeurope.be\/fr\/wp-json\/wp\/v2\/product_cat?post=41943"},{"taxonomy":"product_tag","embeddable":true,"href":"https:\/\/huntingeurope.be\/fr\/wp-json\/wp\/v2\/product_tag?post=41943"}],"curies":[{"name":"wp","href":"https:\/\/api.w.org\/{rel}","templated":true}]}}