{"id":41858,"date":"2023-03-22T09:34:27","date_gmt":"2023-03-22T09:09:19","guid":{"rendered":"https:\/\/huntingeurope.be\/product\/chemise-de-tailleur-barbour-vichy-oxtown-pour-hommes\/"},"modified":"2023-03-22T10:09:19","modified_gmt":"2023-03-22T09:09:19","slug":"herenhemd-barbour-gingham-oxtown-tailored-shirt","status":"publish","type":"product","link":"https:\/\/huntingeurope.be\/fr\/produit\/herenhemd-barbour-gingham-oxtown-tailored-shirt\/","title":{"rendered":"Chemise de tailleur Barbour vichy Oxtown pour hommes"},"content":{"rendered":"<p>Confectionn\u00e9e en 100 % coton, cette chemise Barbour Oxford sophistiqu\u00e9e est dot\u00e9e d&rsquo;un devant boutonn\u00e9 et d&rsquo;une broderie embl\u00e9matique sur la poitrine pour une finition \u00e9l\u00e9gante. Couleur : bleu<\/p>\n","protected":false},"excerpt":{"rendered":"<p>La chemise Barbour Gingham Oxtown Tailored Shirt pour homme est une chemise classique \u00e0 manches longues dans un design \u00e0 carreaux traditionnel, avec un contour ajust\u00e9 pour cr\u00e9er une forme flatteuse et assurer un ajustement confortable. Le confort est renforc\u00e9 par la construction 100% coton en tissage Oxford qui offre une finition douce. Cette chemise est orn\u00e9e d&rsquo;une broderie tonale Barbour and Shield sur la poitrine gauche pour une touche finale de qualit\u00e9. L&rsquo;Oxtown est la pi\u00e8ce de superposition parfaite pour toutes les situations, chic ou d\u00e9contract\u00e9es.<\/p>\n","protected":false},"featured_media":41849,"template":"","meta":{"_joinchat":[]},"product_brand":[],"product_cat":[569],"product_tag":[730,732],"class_list":{"0":"post-41858","1":"product","2":"type-product","3":"status-publish","4":"has-post-thumbnail","6":"product_cat-chemises","7":"product_tag-barbour-fr","8":"product_tag-chemise-fr","10":"first","11":"outofstock","12":"taxable","13":"shipping-taxable","14":"purchasable","15":"product-type-variable"},"yoast_head":"<!-- This site is optimized with the Yoast SEO plugin v27.6 - https:\/\/yoast.com\/product\/yoast-seo-wordpress\/ -->\n<title>Chemise de tailleur Barbour vichy Oxtown pour hommes - Hunting Europe<\/title>\n<meta name=\"robots\" content=\"index, follow, max-snippet:-1, max-image-preview:large, max-video-preview:-1\" \/>\n<link rel=\"canonical\" href=\"https:\/\/huntingeurope.be\/fr\/produit\/herenhemd-barbour-gingham-oxtown-tailored-shirt\/\" \/>\n<meta property=\"og:locale\" content=\"fr_FR\" \/>\n<meta property=\"og:type\" content=\"article\" \/>\n<meta property=\"og:title\" content=\"Chemise de tailleur Barbour vichy Oxtown pour hommes - Hunting Europe\" \/>\n<meta property=\"og:description\" content=\"La chemise Barbour Gingham Oxtown Tailored Shirt pour homme est une chemise classique \u00e0 manches longues dans un design \u00e0 carreaux traditionnel, avec un contour ajust\u00e9 pour cr\u00e9er une forme flatteuse et assurer un ajustement confortable. Le confort est renforc\u00e9 par la construction 100% coton en tissage Oxford qui offre une finition douce. Cette chemise est orn\u00e9e d&#039;une broderie tonale Barbour and Shield sur la poitrine gauche pour une touche finale de qualit\u00e9. L&#039;Oxtown est la pi\u00e8ce de superposition parfaite pour toutes les situations, chic ou d\u00e9contract\u00e9es.\" \/>\n<meta property=\"og:url\" content=\"https:\/\/huntingeurope.be\/fr\/produit\/herenhemd-barbour-gingham-oxtown-tailored-shirt\/\" \/>\n<meta property=\"og:site_name\" content=\"Hunting Europe\" \/>\n<meta property=\"article:publisher\" content=\"https:\/\/www.facebook.com\/jachtwinkel.europe\/\" \/>\n<meta property=\"og:image\" content=\"https:\/\/huntingeurope.be\/wp-content\/uploads\/2023\/03\/barbour-Sky-Blue-Gingham-Oxtown-Tailored-Shirt.jpeg\" \/>\n\t<meta property=\"og:image:width\" content=\"520\" \/>\n\t<meta property=\"og:image:height\" content=\"650\" \/>\n\t<meta property=\"og:image:type\" content=\"image\/jpeg\" \/>\n<meta name=\"twitter:card\" content=\"summary_large_image\" \/>\n<script type=\"application\/ld+json\" class=\"yoast-schema-graph\">{\"@context\":\"https:\\\/\\\/schema.org\",\"@graph\":[{\"@type\":\"WebPage\",\"@id\":\"https:\\\/\\\/huntingeurope.be\\\/fr\\\/produit\\\/herenhemd-barbour-gingham-oxtown-tailored-shirt\\\/\",\"url\":\"https:\\\/\\\/huntingeurope.be\\\/fr\\\/produit\\\/herenhemd-barbour-gingham-oxtown-tailored-shirt\\\/\",\"name\":\"Chemise de tailleur Barbour vichy Oxtown pour hommes - Hunting Europe\",\"isPartOf\":{\"@id\":\"https:\\\/\\\/huntingeurope.be\\\/fr\\\/?lang=en\\\/#website\"},\"primaryImageOfPage\":{\"@id\":\"https:\\\/\\\/huntingeurope.be\\\/fr\\\/produit\\\/herenhemd-barbour-gingham-oxtown-tailored-shirt\\\/#primaryimage\"},\"image\":{\"@id\":\"https:\\\/\\\/huntingeurope.be\\\/fr\\\/produit\\\/herenhemd-barbour-gingham-oxtown-tailored-shirt\\\/#primaryimage\"},\"thumbnailUrl\":\"https:\\\/\\\/huntingeurope.be\\\/wp-content\\\/uploads\\\/2023\\\/03\\\/barbour-Sky-Blue-Gingham-Oxtown-Tailored-Shirt.jpeg\",\"datePublished\":\"2023-03-22T09:09:19+00:00\",\"breadcrumb\":{\"@id\":\"https:\\\/\\\/huntingeurope.be\\\/fr\\\/produit\\\/herenhemd-barbour-gingham-oxtown-tailored-shirt\\\/#breadcrumb\"},\"inLanguage\":\"fr-FR\",\"potentialAction\":[{\"@type\":\"ReadAction\",\"target\":[\"https:\\\/\\\/huntingeurope.be\\\/fr\\\/produit\\\/herenhemd-barbour-gingham-oxtown-tailored-shirt\\\/\"]}]},{\"@type\":\"ImageObject\",\"inLanguage\":\"fr-FR\",\"@id\":\"https:\\\/\\\/huntingeurope.be\\\/fr\\\/produit\\\/herenhemd-barbour-gingham-oxtown-tailored-shirt\\\/#primaryimage\",\"url\":\"https:\\\/\\\/huntingeurope.be\\\/wp-content\\\/uploads\\\/2023\\\/03\\\/barbour-Sky-Blue-Gingham-Oxtown-Tailored-Shirt.jpeg\",\"contentUrl\":\"https:\\\/\\\/huntingeurope.be\\\/wp-content\\\/uploads\\\/2023\\\/03\\\/barbour-Sky-Blue-Gingham-Oxtown-Tailored-Shirt.jpeg\",\"width\":520,\"height\":650},{\"@type\":\"BreadcrumbList\",\"@id\":\"https:\\\/\\\/huntingeurope.be\\\/fr\\\/produit\\\/herenhemd-barbour-gingham-oxtown-tailored-shirt\\\/#breadcrumb\",\"itemListElement\":[{\"@type\":\"ListItem\",\"position\":1,\"name\":\"Home\",\"item\":\"https:\\\/\\\/huntingeurope.be\\\/fr\\\/\"},{\"@type\":\"ListItem\",\"position\":2,\"name\":\"Produits\",\"item\":\"https:\\\/\\\/huntingeurope.be\\\/fr\\\/shop\\\/\"},{\"@type\":\"ListItem\",\"position\":3,\"name\":\"Chemise de tailleur Barbour vichy Oxtown pour hommes\"}]},{\"@type\":\"WebSite\",\"@id\":\"https:\\\/\\\/huntingeurope.be\\\/fr\\\/?lang=en\\\/#website\",\"url\":\"https:\\\/\\\/huntingeurope.be\\\/fr\\\/?lang=en\\\/\",\"name\":\"Hunting Europe\",\"description\":\"Alles voor de jacht\",\"publisher\":{\"@id\":\"https:\\\/\\\/huntingeurope.be\\\/fr\\\/?lang=en\\\/#organization\"},\"potentialAction\":[{\"@type\":\"SearchAction\",\"target\":{\"@type\":\"EntryPoint\",\"urlTemplate\":\"https:\\\/\\\/huntingeurope.be\\\/fr\\\/?lang=en\\\/?s={search_term_string}\"},\"query-input\":{\"@type\":\"PropertyValueSpecification\",\"valueRequired\":true,\"valueName\":\"search_term_string\"}}],\"inLanguage\":\"fr-FR\"},{\"@type\":\"Organization\",\"@id\":\"https:\\\/\\\/huntingeurope.be\\\/fr\\\/?lang=en\\\/#organization\",\"name\":\"Hunting Europe\",\"url\":\"https:\\\/\\\/huntingeurope.be\\\/fr\\\/?lang=en\\\/\",\"logo\":{\"@type\":\"ImageObject\",\"inLanguage\":\"fr-FR\",\"@id\":\"https:\\\/\\\/huntingeurope.be\\\/fr\\\/?lang=en\\\/#\\\/schema\\\/logo\\\/image\\\/\",\"url\":\"https:\\\/\\\/huntingeurope.be\\\/wp-content\\\/uploads\\\/2021\\\/10\\\/Huntingeurope-1-1.png\",\"contentUrl\":\"https:\\\/\\\/huntingeurope.be\\\/wp-content\\\/uploads\\\/2021\\\/10\\\/Huntingeurope-1-1.png\",\"width\":280,\"height\":179,\"caption\":\"Hunting Europe\"},\"image\":{\"@id\":\"https:\\\/\\\/huntingeurope.be\\\/fr\\\/?lang=en\\\/#\\\/schema\\\/logo\\\/image\\\/\"},\"sameAs\":[\"https:\\\/\\\/www.facebook.com\\\/jachtwinkel.europe\\\/\",\"https:\\\/\\\/www.instagram.com\\\/huntingeurope\\\/\",\"https:\\\/\\\/www.youtube.com\\\/user\\\/NickolaySmet\\\/videos?view_as=subscriber\"]}]}<\/script>\n<!-- \/ Yoast SEO plugin. -->","yoast_head_json":{"title":"Chemise de tailleur Barbour vichy Oxtown pour hommes - Hunting Europe","robots":{"index":"index","follow":"follow","max-snippet":"max-snippet:-1","max-image-preview":"max-image-preview:large","max-video-preview":"max-video-preview:-1"},"canonical":"https:\/\/huntingeurope.be\/fr\/produit\/herenhemd-barbour-gingham-oxtown-tailored-shirt\/","og_locale":"fr_FR","og_type":"article","og_title":"Chemise de tailleur Barbour vichy Oxtown pour hommes - Hunting Europe","og_description":"La chemise Barbour Gingham Oxtown Tailored Shirt pour homme est une chemise classique \u00e0 manches longues dans un design \u00e0 carreaux traditionnel, avec un contour ajust\u00e9 pour cr\u00e9er une forme flatteuse et assurer un ajustement confortable. Le confort est renforc\u00e9 par la construction 100% coton en tissage Oxford qui offre une finition douce. Cette chemise est orn\u00e9e d'une broderie tonale Barbour and Shield sur la poitrine gauche pour une touche finale de qualit\u00e9. L'Oxtown est la pi\u00e8ce de superposition parfaite pour toutes les situations, chic ou d\u00e9contract\u00e9es.","og_url":"https:\/\/huntingeurope.be\/fr\/produit\/herenhemd-barbour-gingham-oxtown-tailored-shirt\/","og_site_name":"Hunting Europe","article_publisher":"https:\/\/www.facebook.com\/jachtwinkel.europe\/","og_image":[{"width":520,"height":650,"url":"https:\/\/huntingeurope.be\/wp-content\/uploads\/2023\/03\/barbour-Sky-Blue-Gingham-Oxtown-Tailored-Shirt.jpeg","type":"image\/jpeg"}],"twitter_card":"summary_large_image","schema":{"@context":"https:\/\/schema.org","@graph":[{"@type":"WebPage","@id":"https:\/\/huntingeurope.be\/fr\/produit\/herenhemd-barbour-gingham-oxtown-tailored-shirt\/","url":"https:\/\/huntingeurope.be\/fr\/produit\/herenhemd-barbour-gingham-oxtown-tailored-shirt\/","name":"Chemise de tailleur Barbour vichy Oxtown pour hommes - Hunting Europe","isPartOf":{"@id":"https:\/\/huntingeurope.be\/fr\/?lang=en\/#website"},"primaryImageOfPage":{"@id":"https:\/\/huntingeurope.be\/fr\/produit\/herenhemd-barbour-gingham-oxtown-tailored-shirt\/#primaryimage"},"image":{"@id":"https:\/\/huntingeurope.be\/fr\/produit\/herenhemd-barbour-gingham-oxtown-tailored-shirt\/#primaryimage"},"thumbnailUrl":"https:\/\/huntingeurope.be\/wp-content\/uploads\/2023\/03\/barbour-Sky-Blue-Gingham-Oxtown-Tailored-Shirt.jpeg","datePublished":"2023-03-22T09:09:19+00:00","breadcrumb":{"@id":"https:\/\/huntingeurope.be\/fr\/produit\/herenhemd-barbour-gingham-oxtown-tailored-shirt\/#breadcrumb"},"inLanguage":"fr-FR","potentialAction":[{"@type":"ReadAction","target":["https:\/\/huntingeurope.be\/fr\/produit\/herenhemd-barbour-gingham-oxtown-tailored-shirt\/"]}]},{"@type":"ImageObject","inLanguage":"fr-FR","@id":"https:\/\/huntingeurope.be\/fr\/produit\/herenhemd-barbour-gingham-oxtown-tailored-shirt\/#primaryimage","url":"https:\/\/huntingeurope.be\/wp-content\/uploads\/2023\/03\/barbour-Sky-Blue-Gingham-Oxtown-Tailored-Shirt.jpeg","contentUrl":"https:\/\/huntingeurope.be\/wp-content\/uploads\/2023\/03\/barbour-Sky-Blue-Gingham-Oxtown-Tailored-Shirt.jpeg","width":520,"height":650},{"@type":"BreadcrumbList","@id":"https:\/\/huntingeurope.be\/fr\/produit\/herenhemd-barbour-gingham-oxtown-tailored-shirt\/#breadcrumb","itemListElement":[{"@type":"ListItem","position":1,"name":"Home","item":"https:\/\/huntingeurope.be\/fr\/"},{"@type":"ListItem","position":2,"name":"Produits","item":"https:\/\/huntingeurope.be\/fr\/shop\/"},{"@type":"ListItem","position":3,"name":"Chemise de tailleur Barbour vichy Oxtown pour hommes"}]},{"@type":"WebSite","@id":"https:\/\/huntingeurope.be\/fr\/?lang=en\/#website","url":"https:\/\/huntingeurope.be\/fr\/?lang=en\/","name":"Hunting Europe","description":"Alles voor de jacht","publisher":{"@id":"https:\/\/huntingeurope.be\/fr\/?lang=en\/#organization"},"potentialAction":[{"@type":"SearchAction","target":{"@type":"EntryPoint","urlTemplate":"https:\/\/huntingeurope.be\/fr\/?lang=en\/?s={search_term_string}"},"query-input":{"@type":"PropertyValueSpecification","valueRequired":true,"valueName":"search_term_string"}}],"inLanguage":"fr-FR"},{"@type":"Organization","@id":"https:\/\/huntingeurope.be\/fr\/?lang=en\/#organization","name":"Hunting Europe","url":"https:\/\/huntingeurope.be\/fr\/?lang=en\/","logo":{"@type":"ImageObject","inLanguage":"fr-FR","@id":"https:\/\/huntingeurope.be\/fr\/?lang=en\/#\/schema\/logo\/image\/","url":"https:\/\/huntingeurope.be\/wp-content\/uploads\/2021\/10\/Huntingeurope-1-1.png","contentUrl":"https:\/\/huntingeurope.be\/wp-content\/uploads\/2021\/10\/Huntingeurope-1-1.png","width":280,"height":179,"caption":"Hunting Europe"},"image":{"@id":"https:\/\/huntingeurope.be\/fr\/?lang=en\/#\/schema\/logo\/image\/"},"sameAs":["https:\/\/www.facebook.com\/jachtwinkel.europe\/","https:\/\/www.instagram.com\/huntingeurope\/","https:\/\/www.youtube.com\/user\/NickolaySmet\/videos?view_as=subscriber"]}]}},"df_price":89.95,"df_sale_price":"","df_regular_price":89.95,"df_image_link":"https:\/\/huntingeurope.be\/wp-content\/uploads\/2023\/03\/barbour-Sky-Blue-Gingham-Oxtown-Tailored-Shirt-240x300.jpeg","_links":{"self":[{"href":"https:\/\/huntingeurope.be\/fr\/wp-json\/wp\/v2\/product\/41858","targetHints":{"allow":["GET"]}}],"collection":[{"href":"https:\/\/huntingeurope.be\/fr\/wp-json\/wp\/v2\/product"}],"about":[{"href":"https:\/\/huntingeurope.be\/fr\/wp-json\/wp\/v2\/types\/product"}],"wp:featuredmedia":[{"embeddable":true,"href":"https:\/\/huntingeurope.be\/fr\/wp-json\/wp\/v2\/media\/41849"}],"wp:attachment":[{"href":"https:\/\/huntingeurope.be\/fr\/wp-json\/wp\/v2\/media?parent=41858"}],"wp:term":[{"taxonomy":"product_brand","embeddable":true,"href":"https:\/\/huntingeurope.be\/fr\/wp-json\/wp\/v2\/product_brand?post=41858"},{"taxonomy":"product_cat","embeddable":true,"href":"https:\/\/huntingeurope.be\/fr\/wp-json\/wp\/v2\/product_cat?post=41858"},{"taxonomy":"product_tag","embeddable":true,"href":"https:\/\/huntingeurope.be\/fr\/wp-json\/wp\/v2\/product_tag?post=41858"}],"curies":[{"name":"wp","href":"https:\/\/api.w.org\/{rel}","templated":true}]}}