{"id":41729,"date":"2023-03-17T12:24:14","date_gmt":"2023-03-17T11:24:14","guid":{"rendered":"https:\/\/huntingeurope.be\/product\/chemise-blaser-air-flow-verte\/"},"modified":"2025-03-27T18:32:28","modified_gmt":"2025-03-27T17:32:28","slug":"blaser-air-flow-hemd-groen","status":"publish","type":"product","link":"https:\/\/huntingeurope.be\/fr\/produit\/blaser-air-flow-hemd-groen\/","title":{"rendered":"Chemise Blaser Air Flow verte"},"content":{"rendered":"<p>ABSORBE RAPIDEMENT L&rsquo;HUMIDIT\u00c9 ET DONNE UNE SENSATION DE S\u00c9CHERESSE \u00c0 L&rsquo;INT\u00c9RIEUR DE LA CHEMISE, M\u00caME EN CAS D&rsquo;EFFORT INTENSE.<\/p>\n","protected":false},"excerpt":{"rendered":"<p>La chemise fonctionnelle hautement respirante pour une sensation de s\u00e9cheresse sur la peau &#8211; m\u00eame lors d&rsquo;efforts intenses.<br \/>\nQu&rsquo;il s&rsquo;agisse de randonn\u00e9es intenses sous des temp\u00e9ratures chaudes ou d&rsquo;escalades \u00e9puisantes &#8211; la chemise Airflow \u00e0 s\u00e9chage rapide absorbe et \u00e9vacue l&rsquo;humidit\u00e9. L&rsquo;int\u00e9rieur utilise une structure de grille 3D pour cr\u00e9er un espace entre la peau et la partie sup\u00e9rieure du tissu, cr\u00e9ant ainsi un climat corporel optimal, tandis que l&rsquo;avant du tissu doublement tiss\u00e9 est lisse et durable.<\/p>\n<p>Avec col boutonn\u00e9 et poche poitrine zipp\u00e9e.<\/p>\n","protected":false},"featured_media":41708,"template":"","meta":{"_joinchat":[]},"product_brand":[],"product_cat":[569],"product_tag":[718,711],"class_list":{"0":"post-41729","1":"product","2":"type-product","3":"status-publish","4":"has-post-thumbnail","6":"product_cat-chemises","7":"product_tag-air-flow-fr","8":"product_tag-blaser-fr","10":"first","11":"outofstock","12":"taxable","13":"shipping-taxable","14":"purchasable","15":"product-type-variable"},"yoast_head":"<!-- This site is optimized with the Yoast SEO plugin v27.6 - https:\/\/yoast.com\/product\/yoast-seo-wordpress\/ -->\n<title>Chemise Blaser Air Flow verte - Hunting Europe<\/title>\n<meta name=\"robots\" content=\"index, follow, max-snippet:-1, max-image-preview:large, max-video-preview:-1\" \/>\n<link rel=\"canonical\" href=\"https:\/\/huntingeurope.be\/fr\/produit\/blaser-air-flow-hemd-groen\/\" \/>\n<meta property=\"og:locale\" content=\"fr_FR\" \/>\n<meta property=\"og:type\" content=\"article\" \/>\n<meta property=\"og:title\" content=\"Chemise Blaser Air Flow verte - Hunting Europe\" \/>\n<meta property=\"og:description\" content=\"La chemise fonctionnelle hautement respirante pour une sensation de s\u00e9cheresse sur la peau - m\u00eame lors d&#039;efforts intenses. Qu&#039;il s&#039;agisse de randonn\u00e9es intenses sous des temp\u00e9ratures chaudes ou d&#039;escalades \u00e9puisantes - la chemise Airflow \u00e0 s\u00e9chage rapide absorbe et \u00e9vacue l&#039;humidit\u00e9. L&#039;int\u00e9rieur utilise une structure de grille 3D pour cr\u00e9er un espace entre la peau et la partie sup\u00e9rieure du tissu, cr\u00e9ant ainsi un climat corporel optimal, tandis que l&#039;avant du tissu doublement tiss\u00e9 est lisse et durable. Avec col boutonn\u00e9 et poche poitrine zipp\u00e9e.\" \/>\n<meta property=\"og:url\" content=\"https:\/\/huntingeurope.be\/fr\/produit\/blaser-air-flow-hemd-groen\/\" \/>\n<meta property=\"og:site_name\" content=\"Hunting Europe\" \/>\n<meta property=\"article:publisher\" content=\"https:\/\/www.facebook.com\/jachtwinkel.europe\/\" \/>\n<meta property=\"article:modified_time\" content=\"2025-03-27T17:32:28+00:00\" \/>\n<meta property=\"og:image\" content=\"https:\/\/huntingeurope.be\/wp-content\/uploads\/2023\/03\/122013-113-Herren-Air-Flow-Hemd_Produktbild_01_4000x4000px_dark_olive_1920x1920.webp\" \/>\n\t<meta property=\"og:image:width\" content=\"1920\" \/>\n\t<meta property=\"og:image:height\" content=\"1920\" \/>\n\t<meta property=\"og:image:type\" content=\"image\/webp\" \/>\n<meta name=\"twitter:card\" content=\"summary_large_image\" \/>\n<script type=\"application\/ld+json\" class=\"yoast-schema-graph\">{\"@context\":\"https:\\\/\\\/schema.org\",\"@graph\":[{\"@type\":\"WebPage\",\"@id\":\"https:\\\/\\\/huntingeurope.be\\\/fr\\\/produit\\\/blaser-air-flow-hemd-groen\\\/\",\"url\":\"https:\\\/\\\/huntingeurope.be\\\/fr\\\/produit\\\/blaser-air-flow-hemd-groen\\\/\",\"name\":\"Chemise Blaser Air Flow verte - Hunting Europe\",\"isPartOf\":{\"@id\":\"https:\\\/\\\/huntingeurope.be\\\/fr\\\/?lang=en\\\/#website\"},\"primaryImageOfPage\":{\"@id\":\"https:\\\/\\\/huntingeurope.be\\\/fr\\\/produit\\\/blaser-air-flow-hemd-groen\\\/#primaryimage\"},\"image\":{\"@id\":\"https:\\\/\\\/huntingeurope.be\\\/fr\\\/produit\\\/blaser-air-flow-hemd-groen\\\/#primaryimage\"},\"thumbnailUrl\":\"https:\\\/\\\/huntingeurope.be\\\/wp-content\\\/uploads\\\/2023\\\/03\\\/122013-113-Herren-Air-Flow-Hemd_Produktbild_01_4000x4000px_dark_olive_1920x1920.webp\",\"datePublished\":\"2023-03-17T11:24:14+00:00\",\"dateModified\":\"2025-03-27T17:32:28+00:00\",\"breadcrumb\":{\"@id\":\"https:\\\/\\\/huntingeurope.be\\\/fr\\\/produit\\\/blaser-air-flow-hemd-groen\\\/#breadcrumb\"},\"inLanguage\":\"fr-FR\",\"potentialAction\":[{\"@type\":\"ReadAction\",\"target\":[\"https:\\\/\\\/huntingeurope.be\\\/fr\\\/produit\\\/blaser-air-flow-hemd-groen\\\/\"]}]},{\"@type\":\"ImageObject\",\"inLanguage\":\"fr-FR\",\"@id\":\"https:\\\/\\\/huntingeurope.be\\\/fr\\\/produit\\\/blaser-air-flow-hemd-groen\\\/#primaryimage\",\"url\":\"https:\\\/\\\/huntingeurope.be\\\/wp-content\\\/uploads\\\/2023\\\/03\\\/122013-113-Herren-Air-Flow-Hemd_Produktbild_01_4000x4000px_dark_olive_1920x1920.webp\",\"contentUrl\":\"https:\\\/\\\/huntingeurope.be\\\/wp-content\\\/uploads\\\/2023\\\/03\\\/122013-113-Herren-Air-Flow-Hemd_Produktbild_01_4000x4000px_dark_olive_1920x1920.webp\",\"width\":1920,\"height\":1920},{\"@type\":\"BreadcrumbList\",\"@id\":\"https:\\\/\\\/huntingeurope.be\\\/fr\\\/produit\\\/blaser-air-flow-hemd-groen\\\/#breadcrumb\",\"itemListElement\":[{\"@type\":\"ListItem\",\"position\":1,\"name\":\"Home\",\"item\":\"https:\\\/\\\/huntingeurope.be\\\/fr\\\/\"},{\"@type\":\"ListItem\",\"position\":2,\"name\":\"Produits\",\"item\":\"https:\\\/\\\/huntingeurope.be\\\/fr\\\/shop\\\/\"},{\"@type\":\"ListItem\",\"position\":3,\"name\":\"Chemise Blaser Air Flow verte\"}]},{\"@type\":\"WebSite\",\"@id\":\"https:\\\/\\\/huntingeurope.be\\\/fr\\\/?lang=en\\\/#website\",\"url\":\"https:\\\/\\\/huntingeurope.be\\\/fr\\\/?lang=en\\\/\",\"name\":\"Hunting Europe\",\"description\":\"Alles voor de jacht\",\"publisher\":{\"@id\":\"https:\\\/\\\/huntingeurope.be\\\/fr\\\/?lang=en\\\/#organization\"},\"potentialAction\":[{\"@type\":\"SearchAction\",\"target\":{\"@type\":\"EntryPoint\",\"urlTemplate\":\"https:\\\/\\\/huntingeurope.be\\\/fr\\\/?lang=en\\\/?s={search_term_string}\"},\"query-input\":{\"@type\":\"PropertyValueSpecification\",\"valueRequired\":true,\"valueName\":\"search_term_string\"}}],\"inLanguage\":\"fr-FR\"},{\"@type\":\"Organization\",\"@id\":\"https:\\\/\\\/huntingeurope.be\\\/fr\\\/?lang=en\\\/#organization\",\"name\":\"Hunting Europe\",\"url\":\"https:\\\/\\\/huntingeurope.be\\\/fr\\\/?lang=en\\\/\",\"logo\":{\"@type\":\"ImageObject\",\"inLanguage\":\"fr-FR\",\"@id\":\"https:\\\/\\\/huntingeurope.be\\\/fr\\\/?lang=en\\\/#\\\/schema\\\/logo\\\/image\\\/\",\"url\":\"https:\\\/\\\/huntingeurope.be\\\/wp-content\\\/uploads\\\/2021\\\/10\\\/Huntingeurope-1-1.png\",\"contentUrl\":\"https:\\\/\\\/huntingeurope.be\\\/wp-content\\\/uploads\\\/2021\\\/10\\\/Huntingeurope-1-1.png\",\"width\":280,\"height\":179,\"caption\":\"Hunting Europe\"},\"image\":{\"@id\":\"https:\\\/\\\/huntingeurope.be\\\/fr\\\/?lang=en\\\/#\\\/schema\\\/logo\\\/image\\\/\"},\"sameAs\":[\"https:\\\/\\\/www.facebook.com\\\/jachtwinkel.europe\\\/\",\"https:\\\/\\\/www.instagram.com\\\/huntingeurope\\\/\",\"https:\\\/\\\/www.youtube.com\\\/user\\\/NickolaySmet\\\/videos?view_as=subscriber\"]}]}<\/script>\n<!-- \/ Yoast SEO plugin. -->","yoast_head_json":{"title":"Chemise Blaser Air Flow verte - Hunting Europe","robots":{"index":"index","follow":"follow","max-snippet":"max-snippet:-1","max-image-preview":"max-image-preview:large","max-video-preview":"max-video-preview:-1"},"canonical":"https:\/\/huntingeurope.be\/fr\/produit\/blaser-air-flow-hemd-groen\/","og_locale":"fr_FR","og_type":"article","og_title":"Chemise Blaser Air Flow verte - Hunting Europe","og_description":"La chemise fonctionnelle hautement respirante pour une sensation de s\u00e9cheresse sur la peau - m\u00eame lors d'efforts intenses. Qu'il s'agisse de randonn\u00e9es intenses sous des temp\u00e9ratures chaudes ou d'escalades \u00e9puisantes - la chemise Airflow \u00e0 s\u00e9chage rapide absorbe et \u00e9vacue l'humidit\u00e9. L'int\u00e9rieur utilise une structure de grille 3D pour cr\u00e9er un espace entre la peau et la partie sup\u00e9rieure du tissu, cr\u00e9ant ainsi un climat corporel optimal, tandis que l'avant du tissu doublement tiss\u00e9 est lisse et durable. Avec col boutonn\u00e9 et poche poitrine zipp\u00e9e.","og_url":"https:\/\/huntingeurope.be\/fr\/produit\/blaser-air-flow-hemd-groen\/","og_site_name":"Hunting Europe","article_publisher":"https:\/\/www.facebook.com\/jachtwinkel.europe\/","article_modified_time":"2025-03-27T17:32:28+00:00","og_image":[{"width":1920,"height":1920,"url":"https:\/\/huntingeurope.be\/wp-content\/uploads\/2023\/03\/122013-113-Herren-Air-Flow-Hemd_Produktbild_01_4000x4000px_dark_olive_1920x1920.webp","type":"image\/webp"}],"twitter_card":"summary_large_image","schema":{"@context":"https:\/\/schema.org","@graph":[{"@type":"WebPage","@id":"https:\/\/huntingeurope.be\/fr\/produit\/blaser-air-flow-hemd-groen\/","url":"https:\/\/huntingeurope.be\/fr\/produit\/blaser-air-flow-hemd-groen\/","name":"Chemise Blaser Air Flow verte - Hunting Europe","isPartOf":{"@id":"https:\/\/huntingeurope.be\/fr\/?lang=en\/#website"},"primaryImageOfPage":{"@id":"https:\/\/huntingeurope.be\/fr\/produit\/blaser-air-flow-hemd-groen\/#primaryimage"},"image":{"@id":"https:\/\/huntingeurope.be\/fr\/produit\/blaser-air-flow-hemd-groen\/#primaryimage"},"thumbnailUrl":"https:\/\/huntingeurope.be\/wp-content\/uploads\/2023\/03\/122013-113-Herren-Air-Flow-Hemd_Produktbild_01_4000x4000px_dark_olive_1920x1920.webp","datePublished":"2023-03-17T11:24:14+00:00","dateModified":"2025-03-27T17:32:28+00:00","breadcrumb":{"@id":"https:\/\/huntingeurope.be\/fr\/produit\/blaser-air-flow-hemd-groen\/#breadcrumb"},"inLanguage":"fr-FR","potentialAction":[{"@type":"ReadAction","target":["https:\/\/huntingeurope.be\/fr\/produit\/blaser-air-flow-hemd-groen\/"]}]},{"@type":"ImageObject","inLanguage":"fr-FR","@id":"https:\/\/huntingeurope.be\/fr\/produit\/blaser-air-flow-hemd-groen\/#primaryimage","url":"https:\/\/huntingeurope.be\/wp-content\/uploads\/2023\/03\/122013-113-Herren-Air-Flow-Hemd_Produktbild_01_4000x4000px_dark_olive_1920x1920.webp","contentUrl":"https:\/\/huntingeurope.be\/wp-content\/uploads\/2023\/03\/122013-113-Herren-Air-Flow-Hemd_Produktbild_01_4000x4000px_dark_olive_1920x1920.webp","width":1920,"height":1920},{"@type":"BreadcrumbList","@id":"https:\/\/huntingeurope.be\/fr\/produit\/blaser-air-flow-hemd-groen\/#breadcrumb","itemListElement":[{"@type":"ListItem","position":1,"name":"Home","item":"https:\/\/huntingeurope.be\/fr\/"},{"@type":"ListItem","position":2,"name":"Produits","item":"https:\/\/huntingeurope.be\/fr\/shop\/"},{"@type":"ListItem","position":3,"name":"Chemise Blaser Air Flow verte"}]},{"@type":"WebSite","@id":"https:\/\/huntingeurope.be\/fr\/?lang=en\/#website","url":"https:\/\/huntingeurope.be\/fr\/?lang=en\/","name":"Hunting Europe","description":"Alles voor de jacht","publisher":{"@id":"https:\/\/huntingeurope.be\/fr\/?lang=en\/#organization"},"potentialAction":[{"@type":"SearchAction","target":{"@type":"EntryPoint","urlTemplate":"https:\/\/huntingeurope.be\/fr\/?lang=en\/?s={search_term_string}"},"query-input":{"@type":"PropertyValueSpecification","valueRequired":true,"valueName":"search_term_string"}}],"inLanguage":"fr-FR"},{"@type":"Organization","@id":"https:\/\/huntingeurope.be\/fr\/?lang=en\/#organization","name":"Hunting Europe","url":"https:\/\/huntingeurope.be\/fr\/?lang=en\/","logo":{"@type":"ImageObject","inLanguage":"fr-FR","@id":"https:\/\/huntingeurope.be\/fr\/?lang=en\/#\/schema\/logo\/image\/","url":"https:\/\/huntingeurope.be\/wp-content\/uploads\/2021\/10\/Huntingeurope-1-1.png","contentUrl":"https:\/\/huntingeurope.be\/wp-content\/uploads\/2021\/10\/Huntingeurope-1-1.png","width":280,"height":179,"caption":"Hunting Europe"},"image":{"@id":"https:\/\/huntingeurope.be\/fr\/?lang=en\/#\/schema\/logo\/image\/"},"sameAs":["https:\/\/www.facebook.com\/jachtwinkel.europe\/","https:\/\/www.instagram.com\/huntingeurope\/","https:\/\/www.youtube.com\/user\/NickolaySmet\/videos?view_as=subscriber"]}]}},"df_price":99.95,"df_sale_price":"","df_regular_price":99.95,"df_image_link":"https:\/\/huntingeurope.be\/wp-content\/uploads\/2023\/03\/122013-113-Herren-Air-Flow-Hemd_Produktbild_01_4000x4000px_dark_olive_1920x1920-300x300.webp","_links":{"self":[{"href":"https:\/\/huntingeurope.be\/fr\/wp-json\/wp\/v2\/product\/41729","targetHints":{"allow":["GET"]}}],"collection":[{"href":"https:\/\/huntingeurope.be\/fr\/wp-json\/wp\/v2\/product"}],"about":[{"href":"https:\/\/huntingeurope.be\/fr\/wp-json\/wp\/v2\/types\/product"}],"wp:featuredmedia":[{"embeddable":true,"href":"https:\/\/huntingeurope.be\/fr\/wp-json\/wp\/v2\/media\/41708"}],"wp:attachment":[{"href":"https:\/\/huntingeurope.be\/fr\/wp-json\/wp\/v2\/media?parent=41729"}],"wp:term":[{"taxonomy":"product_brand","embeddable":true,"href":"https:\/\/huntingeurope.be\/fr\/wp-json\/wp\/v2\/product_brand?post=41729"},{"taxonomy":"product_cat","embeddable":true,"href":"https:\/\/huntingeurope.be\/fr\/wp-json\/wp\/v2\/product_cat?post=41729"},{"taxonomy":"product_tag","embeddable":true,"href":"https:\/\/huntingeurope.be\/fr\/wp-json\/wp\/v2\/product_tag?post=41729"}],"curies":[{"name":"wp","href":"https:\/\/api.w.org\/{rel}","templated":true}]}}