{"id":41694,"date":"2023-03-17T09:21:35","date_gmt":"2023-03-17T08:29:57","guid":{"rendered":"https:\/\/huntingeurope.be\/product\/huntec-trucker-cap\/"},"modified":"2023-03-17T09:29:57","modified_gmt":"2023-03-17T08:29:57","slug":"huntec-trucker-cap","status":"publish","type":"product","link":"https:\/\/huntingeurope.be\/fr\/produit\/huntec-trucker-cap\/","title":{"rendered":"Huntec Trucker Cap"},"content":{"rendered":"<p>Mat\u00e9riau sup\u00e9rieur 1 : 100% coton<br \/>\nTissu sup\u00e9rieur 2 : 100% polyester<br \/>\nDoublure 1 : 90% polyester 10% coton<br \/>\nInstructions d&rsquo;entretien : Ne pas laver<br \/>\nNe pas blanchir<br \/>\nNe pas s\u00e9cher au s\u00e8che-linge<br \/>\nNe pas repasser<br \/>\nNe pas nettoyer \u00e0 sec<br \/>\nTenir \u00e0 l&rsquo;\u00e9cart du feu<\/p>\n<p>Poids : 0,2 kg<\/p>\n","protected":false},"excerpt":{"rendered":"<h4>Casquette de chasse facile pour la saison estivale<\/h4>\n<p>Cette casquette d\u00e9contract\u00e9e de style camionneur attire l&rsquo;attention lors de la chasse ou des activit\u00e9s de plein air. La casquette avec doublure en maille est id\u00e9ale pour les journ\u00e9es chaudes et la taille est ajustable gr\u00e2ce \u00e0 un bouton-pression. Disponible en olive fonc\u00e9e et en HunTec Camo.<\/p>\n","protected":false},"featured_media":41688,"template":"","meta":{"_joinchat":[]},"product_brand":[],"product_cat":[532],"product_tag":[711,715],"class_list":{"0":"post-41694","1":"product","2":"type-product","3":"status-publish","4":"has-post-thumbnail","6":"product_cat-casquettes-et-chapeaus","7":"product_tag-blaser-fr","8":"product_tag-cap-fr","10":"first","11":"instock","12":"taxable","13":"shipping-taxable","14":"purchasable","15":"product-type-simple"},"yoast_head":"<!-- This site is optimized with the Yoast SEO plugin v27.4 - https:\/\/yoast.com\/product\/yoast-seo-wordpress\/ -->\n<title>Huntec Trucker Cap - Hunting Europe<\/title>\n<meta name=\"robots\" content=\"index, follow, max-snippet:-1, max-image-preview:large, max-video-preview:-1\" \/>\n<link rel=\"canonical\" href=\"https:\/\/huntingeurope.be\/fr\/produit\/huntec-trucker-cap\/\" \/>\n<meta property=\"og:locale\" content=\"fr_FR\" \/>\n<meta property=\"og:type\" content=\"article\" \/>\n<meta property=\"og:title\" content=\"Huntec Trucker Cap - Hunting Europe\" \/>\n<meta property=\"og:description\" content=\"Casquette de chasse facile pour la saison estivale Cette casquette d\u00e9contract\u00e9e de style camionneur attire l&#039;attention lors de la chasse ou des activit\u00e9s de plein air. La casquette avec doublure en maille est id\u00e9ale pour les journ\u00e9es chaudes et la taille est ajustable gr\u00e2ce \u00e0 un bouton-pression. Disponible en olive fonc\u00e9e et en HunTec Camo.\" \/>\n<meta property=\"og:url\" content=\"https:\/\/huntingeurope.be\/fr\/produit\/huntec-trucker-cap\/\" \/>\n<meta property=\"og:site_name\" content=\"Hunting Europe\" \/>\n<meta property=\"article:publisher\" content=\"https:\/\/www.facebook.com\/jachtwinkel.europe\/\" \/>\n<meta property=\"og:image\" content=\"https:\/\/huntingeurope.be\/wp-content\/uploads\/2023\/03\/122077-140-566_HunTec-Trucker-Kappe_frontal_800x800.jpg\" \/>\n\t<meta property=\"og:image:width\" content=\"800\" \/>\n\t<meta property=\"og:image:height\" content=\"800\" \/>\n\t<meta property=\"og:image:type\" content=\"image\/jpeg\" \/>\n<meta name=\"twitter:card\" content=\"summary_large_image\" \/>\n<script type=\"application\/ld+json\" class=\"yoast-schema-graph\">{\"@context\":\"https:\\\/\\\/schema.org\",\"@graph\":[{\"@type\":\"WebPage\",\"@id\":\"https:\\\/\\\/huntingeurope.be\\\/fr\\\/produit\\\/huntec-trucker-cap\\\/\",\"url\":\"https:\\\/\\\/huntingeurope.be\\\/fr\\\/produit\\\/huntec-trucker-cap\\\/\",\"name\":\"Huntec Trucker Cap - Hunting Europe\",\"isPartOf\":{\"@id\":\"https:\\\/\\\/huntingeurope.be\\\/fr\\\/?lang=en\\\/#website\"},\"primaryImageOfPage\":{\"@id\":\"https:\\\/\\\/huntingeurope.be\\\/fr\\\/produit\\\/huntec-trucker-cap\\\/#primaryimage\"},\"image\":{\"@id\":\"https:\\\/\\\/huntingeurope.be\\\/fr\\\/produit\\\/huntec-trucker-cap\\\/#primaryimage\"},\"thumbnailUrl\":\"https:\\\/\\\/huntingeurope.be\\\/wp-content\\\/uploads\\\/2023\\\/03\\\/122077-140-566_HunTec-Trucker-Kappe_frontal_800x800.jpg\",\"datePublished\":\"2023-03-17T08:29:57+00:00\",\"breadcrumb\":{\"@id\":\"https:\\\/\\\/huntingeurope.be\\\/fr\\\/produit\\\/huntec-trucker-cap\\\/#breadcrumb\"},\"inLanguage\":\"fr-FR\",\"potentialAction\":[{\"@type\":\"ReadAction\",\"target\":[\"https:\\\/\\\/huntingeurope.be\\\/fr\\\/produit\\\/huntec-trucker-cap\\\/\"]}]},{\"@type\":\"ImageObject\",\"inLanguage\":\"fr-FR\",\"@id\":\"https:\\\/\\\/huntingeurope.be\\\/fr\\\/produit\\\/huntec-trucker-cap\\\/#primaryimage\",\"url\":\"https:\\\/\\\/huntingeurope.be\\\/wp-content\\\/uploads\\\/2023\\\/03\\\/122077-140-566_HunTec-Trucker-Kappe_frontal_800x800.jpg\",\"contentUrl\":\"https:\\\/\\\/huntingeurope.be\\\/wp-content\\\/uploads\\\/2023\\\/03\\\/122077-140-566_HunTec-Trucker-Kappe_frontal_800x800.jpg\",\"width\":800,\"height\":800},{\"@type\":\"BreadcrumbList\",\"@id\":\"https:\\\/\\\/huntingeurope.be\\\/fr\\\/produit\\\/huntec-trucker-cap\\\/#breadcrumb\",\"itemListElement\":[{\"@type\":\"ListItem\",\"position\":1,\"name\":\"Home\",\"item\":\"https:\\\/\\\/huntingeurope.be\\\/fr\\\/\"},{\"@type\":\"ListItem\",\"position\":2,\"name\":\"Produits\",\"item\":\"https:\\\/\\\/huntingeurope.be\\\/fr\\\/shop\\\/\"},{\"@type\":\"ListItem\",\"position\":3,\"name\":\"Huntec Trucker Cap\"}]},{\"@type\":\"WebSite\",\"@id\":\"https:\\\/\\\/huntingeurope.be\\\/fr\\\/?lang=en\\\/#website\",\"url\":\"https:\\\/\\\/huntingeurope.be\\\/fr\\\/?lang=en\\\/\",\"name\":\"Hunting Europe\",\"description\":\"Alles voor de jacht\",\"publisher\":{\"@id\":\"https:\\\/\\\/huntingeurope.be\\\/fr\\\/?lang=en\\\/#organization\"},\"potentialAction\":[{\"@type\":\"SearchAction\",\"target\":{\"@type\":\"EntryPoint\",\"urlTemplate\":\"https:\\\/\\\/huntingeurope.be\\\/fr\\\/?lang=en\\\/?s={search_term_string}\"},\"query-input\":{\"@type\":\"PropertyValueSpecification\",\"valueRequired\":true,\"valueName\":\"search_term_string\"}}],\"inLanguage\":\"fr-FR\"},{\"@type\":\"Organization\",\"@id\":\"https:\\\/\\\/huntingeurope.be\\\/fr\\\/?lang=en\\\/#organization\",\"name\":\"Hunting Europe\",\"url\":\"https:\\\/\\\/huntingeurope.be\\\/fr\\\/?lang=en\\\/\",\"logo\":{\"@type\":\"ImageObject\",\"inLanguage\":\"fr-FR\",\"@id\":\"https:\\\/\\\/huntingeurope.be\\\/fr\\\/?lang=en\\\/#\\\/schema\\\/logo\\\/image\\\/\",\"url\":\"https:\\\/\\\/huntingeurope.be\\\/wp-content\\\/uploads\\\/2021\\\/10\\\/Huntingeurope-1-1.png\",\"contentUrl\":\"https:\\\/\\\/huntingeurope.be\\\/wp-content\\\/uploads\\\/2021\\\/10\\\/Huntingeurope-1-1.png\",\"width\":280,\"height\":179,\"caption\":\"Hunting Europe\"},\"image\":{\"@id\":\"https:\\\/\\\/huntingeurope.be\\\/fr\\\/?lang=en\\\/#\\\/schema\\\/logo\\\/image\\\/\"},\"sameAs\":[\"https:\\\/\\\/www.facebook.com\\\/jachtwinkel.europe\\\/\",\"https:\\\/\\\/www.instagram.com\\\/huntingeurope\\\/\",\"https:\\\/\\\/www.youtube.com\\\/user\\\/NickolaySmet\\\/videos?view_as=subscriber\"]}]}<\/script>\n<!-- \/ Yoast SEO plugin. -->","yoast_head_json":{"title":"Huntec Trucker Cap - Hunting Europe","robots":{"index":"index","follow":"follow","max-snippet":"max-snippet:-1","max-image-preview":"max-image-preview:large","max-video-preview":"max-video-preview:-1"},"canonical":"https:\/\/huntingeurope.be\/fr\/produit\/huntec-trucker-cap\/","og_locale":"fr_FR","og_type":"article","og_title":"Huntec Trucker Cap - Hunting Europe","og_description":"Casquette de chasse facile pour la saison estivale Cette casquette d\u00e9contract\u00e9e de style camionneur attire l'attention lors de la chasse ou des activit\u00e9s de plein air. La casquette avec doublure en maille est id\u00e9ale pour les journ\u00e9es chaudes et la taille est ajustable gr\u00e2ce \u00e0 un bouton-pression. Disponible en olive fonc\u00e9e et en HunTec Camo.","og_url":"https:\/\/huntingeurope.be\/fr\/produit\/huntec-trucker-cap\/","og_site_name":"Hunting Europe","article_publisher":"https:\/\/www.facebook.com\/jachtwinkel.europe\/","og_image":[{"width":800,"height":800,"url":"https:\/\/huntingeurope.be\/wp-content\/uploads\/2023\/03\/122077-140-566_HunTec-Trucker-Kappe_frontal_800x800.jpg","type":"image\/jpeg"}],"twitter_card":"summary_large_image","schema":{"@context":"https:\/\/schema.org","@graph":[{"@type":"WebPage","@id":"https:\/\/huntingeurope.be\/fr\/produit\/huntec-trucker-cap\/","url":"https:\/\/huntingeurope.be\/fr\/produit\/huntec-trucker-cap\/","name":"Huntec Trucker Cap - Hunting Europe","isPartOf":{"@id":"https:\/\/huntingeurope.be\/fr\/?lang=en\/#website"},"primaryImageOfPage":{"@id":"https:\/\/huntingeurope.be\/fr\/produit\/huntec-trucker-cap\/#primaryimage"},"image":{"@id":"https:\/\/huntingeurope.be\/fr\/produit\/huntec-trucker-cap\/#primaryimage"},"thumbnailUrl":"https:\/\/huntingeurope.be\/wp-content\/uploads\/2023\/03\/122077-140-566_HunTec-Trucker-Kappe_frontal_800x800.jpg","datePublished":"2023-03-17T08:29:57+00:00","breadcrumb":{"@id":"https:\/\/huntingeurope.be\/fr\/produit\/huntec-trucker-cap\/#breadcrumb"},"inLanguage":"fr-FR","potentialAction":[{"@type":"ReadAction","target":["https:\/\/huntingeurope.be\/fr\/produit\/huntec-trucker-cap\/"]}]},{"@type":"ImageObject","inLanguage":"fr-FR","@id":"https:\/\/huntingeurope.be\/fr\/produit\/huntec-trucker-cap\/#primaryimage","url":"https:\/\/huntingeurope.be\/wp-content\/uploads\/2023\/03\/122077-140-566_HunTec-Trucker-Kappe_frontal_800x800.jpg","contentUrl":"https:\/\/huntingeurope.be\/wp-content\/uploads\/2023\/03\/122077-140-566_HunTec-Trucker-Kappe_frontal_800x800.jpg","width":800,"height":800},{"@type":"BreadcrumbList","@id":"https:\/\/huntingeurope.be\/fr\/produit\/huntec-trucker-cap\/#breadcrumb","itemListElement":[{"@type":"ListItem","position":1,"name":"Home","item":"https:\/\/huntingeurope.be\/fr\/"},{"@type":"ListItem","position":2,"name":"Produits","item":"https:\/\/huntingeurope.be\/fr\/shop\/"},{"@type":"ListItem","position":3,"name":"Huntec Trucker Cap"}]},{"@type":"WebSite","@id":"https:\/\/huntingeurope.be\/fr\/?lang=en\/#website","url":"https:\/\/huntingeurope.be\/fr\/?lang=en\/","name":"Hunting Europe","description":"Alles voor de jacht","publisher":{"@id":"https:\/\/huntingeurope.be\/fr\/?lang=en\/#organization"},"potentialAction":[{"@type":"SearchAction","target":{"@type":"EntryPoint","urlTemplate":"https:\/\/huntingeurope.be\/fr\/?lang=en\/?s={search_term_string}"},"query-input":{"@type":"PropertyValueSpecification","valueRequired":true,"valueName":"search_term_string"}}],"inLanguage":"fr-FR"},{"@type":"Organization","@id":"https:\/\/huntingeurope.be\/fr\/?lang=en\/#organization","name":"Hunting Europe","url":"https:\/\/huntingeurope.be\/fr\/?lang=en\/","logo":{"@type":"ImageObject","inLanguage":"fr-FR","@id":"https:\/\/huntingeurope.be\/fr\/?lang=en\/#\/schema\/logo\/image\/","url":"https:\/\/huntingeurope.be\/wp-content\/uploads\/2021\/10\/Huntingeurope-1-1.png","contentUrl":"https:\/\/huntingeurope.be\/wp-content\/uploads\/2021\/10\/Huntingeurope-1-1.png","width":280,"height":179,"caption":"Hunting Europe"},"image":{"@id":"https:\/\/huntingeurope.be\/fr\/?lang=en\/#\/schema\/logo\/image\/"},"sameAs":["https:\/\/www.facebook.com\/jachtwinkel.europe\/","https:\/\/www.instagram.com\/huntingeurope\/","https:\/\/www.youtube.com\/user\/NickolaySmet\/videos?view_as=subscriber"]}]}},"df_price":39.95,"df_sale_price":"","df_regular_price":39.95,"df_image_link":"https:\/\/huntingeurope.be\/wp-content\/uploads\/2023\/03\/122077-140-566_HunTec-Trucker-Kappe_frontal_800x800-300x300.jpg","_links":{"self":[{"href":"https:\/\/huntingeurope.be\/fr\/wp-json\/wp\/v2\/product\/41694","targetHints":{"allow":["GET"]}}],"collection":[{"href":"https:\/\/huntingeurope.be\/fr\/wp-json\/wp\/v2\/product"}],"about":[{"href":"https:\/\/huntingeurope.be\/fr\/wp-json\/wp\/v2\/types\/product"}],"wp:featuredmedia":[{"embeddable":true,"href":"https:\/\/huntingeurope.be\/fr\/wp-json\/wp\/v2\/media\/41688"}],"wp:attachment":[{"href":"https:\/\/huntingeurope.be\/fr\/wp-json\/wp\/v2\/media?parent=41694"}],"wp:term":[{"taxonomy":"product_brand","embeddable":true,"href":"https:\/\/huntingeurope.be\/fr\/wp-json\/wp\/v2\/product_brand?post=41694"},{"taxonomy":"product_cat","embeddable":true,"href":"https:\/\/huntingeurope.be\/fr\/wp-json\/wp\/v2\/product_cat?post=41694"},{"taxonomy":"product_tag","embeddable":true,"href":"https:\/\/huntingeurope.be\/fr\/wp-json\/wp\/v2\/product_tag?post=41694"}],"curies":[{"name":"wp","href":"https:\/\/api.w.org\/{rel}","templated":true}]}}