{"id":41539,"date":"2023-03-08T16:31:20","date_gmt":"2023-03-08T15:50:40","guid":{"rendered":"https:\/\/huntingeurope.be\/product\/zeiss-rf-8x42\/"},"modified":"2023-03-08T16:50:40","modified_gmt":"2023-03-08T15:50:40","slug":"zeiss-rf-8x42","status":"publish","type":"product","link":"https:\/\/huntingeurope.be\/fr\/produit\/zeiss-rf-8x42\/","title":{"rendered":"Zeiss RF 8&#215;42"},"content":{"rendered":"<div id=\"headingDetailSpecifications\" class=\"panel-heading\" role=\"tab\">\n<p class=\"panel-title\">Sp\u00e9cifications de ces jumelles<\/p>\n<\/div>\n<div class=\"panel-body\">\n<table class=\"table\">\n<tbody>\n<tr>\n<td>\u00c9largissement<\/td>\n<td>8 x<\/td>\n<\/tr>\n<tr>\n<td>Type<\/td>\n<td>visionneuse de bord de toit<\/td>\n<\/tr>\n<tr>\n<td>Diam\u00e8tre de l&rsquo;objectif<\/td>\n<td>42 mm<\/td>\n<\/tr>\n<tr>\n<td>Poids<\/td>\n<td>895 gr<\/td>\n<\/tr>\n<tr>\n<td>Sortie de l&rsquo;\u00e9l\u00e8ve<\/td>\n<td>5,3 mm<\/td>\n<\/tr>\n<\/tbody>\n<\/table>\n<\/div>\n<div id=\"collapseDetailSpecifications\" class=\"collapse in\" role=\"tabpanel\" aria-expanded=\"true\">\n<table class=\"table\">\n<tbody>\n<tr>\n<td>Distance entre les yeux<\/td>\n<td>17 mm<\/td>\n<\/tr>\n<tr>\n<td>Imperm\u00e9able \u00e0 l&rsquo;eau<\/td>\n<td>oui<\/td>\n<\/tr>\n<tr>\n<td>Couleur de la carrosserie<\/td>\n<td>gris<\/td>\n<\/tr>\n<tr>\n<td>Num\u00e9ro du cr\u00e9puscule<\/td>\n<td>18,3<\/td>\n<\/tr>\n<tr>\n<td>Distance de mise au point la plus courte<\/td>\n<td>2,5 m<\/td>\n<\/tr>\n<tr>\n<td>Type de batterie<\/td>\n<td>3V Type CR2<\/td>\n<\/tr>\n<tr>\n<td>Champ de vision<\/td>\n<td>7,7 degr\u00e9s<\/td>\n<\/tr>\n<tr>\n<td>Imperm\u00e9able \u00e0 l&rsquo;eau<\/td>\n<td>oui<\/td>\n<\/tr>\n<tr>\n<td>Champ de vision \u00e0 1000m<\/td>\n<td>135 m<\/td>\n<\/tr>\n<tr>\n<td>Coating<\/td>\n<td>LotuTec coating<\/td>\n<\/tr>\n<tr>\n<td>Compteur de distance \u00e0 laser<\/td>\n<td>oui<\/td>\n<\/tr>\n<tr>\n<td>Capuchon d&rsquo;objectif protecteur<\/td>\n<td>oui<\/td>\n<\/tr>\n<tr>\n<td>Compas<\/td>\n<td>non<\/td>\n<\/tr>\n<tr>\n<td>Capuchon de protection oculaire<\/td>\n<td>oui<\/td>\n<\/tr>\n<tr>\n<td>Lunettes de vision nocturne<\/td>\n<td>non<\/td>\n<\/tr>\n<tr>\n<td>Ceinture<\/td>\n<td>oui<\/td>\n<\/tr>\n<tr>\n<td>Contr\u00f4le dioptrique<\/td>\n<td>oui<\/td>\n<\/tr>\n<tr>\n<td>Rempli d&rsquo;azote<\/td>\n<td>oui<\/td>\n<\/tr>\n<tr>\n<td>Connexion au tr\u00e9pied<\/td>\n<td>oui<\/td>\n<\/tr>\n<tr>\n<td>Stabilisation d&rsquo;image<\/td>\n<td>non<\/td>\n<\/tr>\n<tr>\n<td>Sac<\/td>\n<td>oui<\/td>\n<\/tr>\n<tr>\n<td>Dur\u00e9e de vie de la batterie<\/td>\n<td>2500<\/td>\n<\/tr>\n<tr>\n<td>Mesures<\/td>\n<td>2300 m<\/td>\n<\/tr>\n<tr>\n<td>La r\u00e9gularit\u00e9<\/td>\n<td>1 m<\/td>\n<\/tr>\n<\/tbody>\n<\/table>\n<\/div>\n","protected":false},"excerpt":{"rendered":"<h4 id=\"webshop-purchase-section\">A propos de ces jumelles de la marque Zeiss<\/h4>\n<div class=\"cms-text\">Le t\u00e9l\u00e9m\u00e8tre du Zeiss RF 8&#215;42 fonctionne avec une grande pr\u00e9cision jusqu&rsquo;\u00e0 2300m. La mesure est effectu\u00e9e en 0,3 seconde. En un seul enregistrement, on obtient des donn\u00e9es pertinentes telles que la distance, la temp\u00e9rature et la pression atmosph\u00e9rique. Il est possible de personnaliser 9 donn\u00e9es balistiques qui peuvent \u00eatre r\u00e9gl\u00e9es via l&rsquo;application de chasse Zeiss et transport\u00e9es par Bluetooth. Les jumelles Zeiss RF sont \u00e9galement disponibles en 10&#215;42, 8&#215;54 et 10&#215;54. Garantie de 10 ans. Garantie de 2 ans sur les composants \u00e9lectroniques.      <\/div>\n","protected":false},"featured_media":41530,"template":"","meta":{"_joinchat":[]},"product_brand":[],"product_cat":[673],"product_tag":[],"class_list":{"0":"post-41539","1":"product","2":"type-product","3":"status-publish","4":"has-post-thumbnail","6":"product_cat-jumelles","8":"first","9":"onbackorder","10":"taxable","11":"shipping-taxable","12":"purchasable","13":"product-type-simple"},"yoast_head":"<!-- This site is optimized with the Yoast SEO plugin v27.4 - https:\/\/yoast.com\/product\/yoast-seo-wordpress\/ -->\n<title>Zeiss RF 8x42 - Hunting Europe<\/title>\n<meta name=\"robots\" content=\"index, follow, max-snippet:-1, max-image-preview:large, max-video-preview:-1\" \/>\n<link rel=\"canonical\" href=\"https:\/\/huntingeurope.be\/fr\/produit\/zeiss-rf-8x42\/\" \/>\n<meta property=\"og:locale\" content=\"fr_FR\" \/>\n<meta property=\"og:type\" content=\"article\" \/>\n<meta property=\"og:title\" content=\"Zeiss RF 8x42 - Hunting Europe\" \/>\n<meta property=\"og:description\" content=\"A propos de ces jumelles de la marque Zeiss Le t\u00e9l\u00e9m\u00e8tre du Zeiss RF 8x42 fonctionne avec une grande pr\u00e9cision jusqu&#039;\u00e0 2300m. La mesure est effectu\u00e9e en 0,3 seconde. En un seul enregistrement, on obtient des donn\u00e9es pertinentes telles que la distance, la temp\u00e9rature et la pression atmosph\u00e9rique. Il est possible de personnaliser 9 donn\u00e9es balistiques qui peuvent \u00eatre r\u00e9gl\u00e9es via l&#039;application de chasse Zeiss et transport\u00e9es par Bluetooth. Les jumelles Zeiss RF sont \u00e9galement disponibles en 10x42, 8x54 et 10x54. Garantie de 10 ans. Garantie de 2 ans sur les composants \u00e9lectroniques.\" \/>\n<meta property=\"og:url\" content=\"https:\/\/huntingeurope.be\/fr\/produit\/zeiss-rf-8x42\/\" \/>\n<meta property=\"og:site_name\" content=\"Hunting Europe\" \/>\n<meta property=\"article:publisher\" content=\"https:\/\/www.facebook.com\/jachtwinkel.europe\/\" \/>\n<meta property=\"og:image\" content=\"https:\/\/huntingeurope.be\/wp-content\/uploads\/2023\/03\/zeiss_victory_rf_8x421.jpg\" \/>\n\t<meta property=\"og:image:width\" content=\"590\" \/>\n\t<meta property=\"og:image:height\" content=\"510\" \/>\n\t<meta property=\"og:image:type\" content=\"image\/jpeg\" \/>\n<meta name=\"twitter:card\" content=\"summary_large_image\" \/>\n<meta name=\"twitter:label1\" content=\"Dur\u00e9e de lecture estim\u00e9e\" \/>\n\t<meta name=\"twitter:data1\" content=\"1 minute\" \/>\n<script type=\"application\/ld+json\" class=\"yoast-schema-graph\">{\"@context\":\"https:\\\/\\\/schema.org\",\"@graph\":[{\"@type\":\"WebPage\",\"@id\":\"https:\\\/\\\/huntingeurope.be\\\/fr\\\/produit\\\/zeiss-rf-8x42\\\/\",\"url\":\"https:\\\/\\\/huntingeurope.be\\\/fr\\\/produit\\\/zeiss-rf-8x42\\\/\",\"name\":\"Zeiss RF 8x42 - Hunting Europe\",\"isPartOf\":{\"@id\":\"https:\\\/\\\/huntingeurope.be\\\/fr\\\/?lang=en\\\/#website\"},\"primaryImageOfPage\":{\"@id\":\"https:\\\/\\\/huntingeurope.be\\\/fr\\\/produit\\\/zeiss-rf-8x42\\\/#primaryimage\"},\"image\":{\"@id\":\"https:\\\/\\\/huntingeurope.be\\\/fr\\\/produit\\\/zeiss-rf-8x42\\\/#primaryimage\"},\"thumbnailUrl\":\"https:\\\/\\\/huntingeurope.be\\\/wp-content\\\/uploads\\\/2023\\\/03\\\/zeiss_victory_rf_8x421.jpg\",\"datePublished\":\"2023-03-08T15:50:40+00:00\",\"breadcrumb\":{\"@id\":\"https:\\\/\\\/huntingeurope.be\\\/fr\\\/produit\\\/zeiss-rf-8x42\\\/#breadcrumb\"},\"inLanguage\":\"fr-FR\",\"potentialAction\":[{\"@type\":\"ReadAction\",\"target\":[\"https:\\\/\\\/huntingeurope.be\\\/fr\\\/produit\\\/zeiss-rf-8x42\\\/\"]}]},{\"@type\":\"ImageObject\",\"inLanguage\":\"fr-FR\",\"@id\":\"https:\\\/\\\/huntingeurope.be\\\/fr\\\/produit\\\/zeiss-rf-8x42\\\/#primaryimage\",\"url\":\"https:\\\/\\\/huntingeurope.be\\\/wp-content\\\/uploads\\\/2023\\\/03\\\/zeiss_victory_rf_8x421.jpg\",\"contentUrl\":\"https:\\\/\\\/huntingeurope.be\\\/wp-content\\\/uploads\\\/2023\\\/03\\\/zeiss_victory_rf_8x421.jpg\",\"width\":590,\"height\":510},{\"@type\":\"BreadcrumbList\",\"@id\":\"https:\\\/\\\/huntingeurope.be\\\/fr\\\/produit\\\/zeiss-rf-8x42\\\/#breadcrumb\",\"itemListElement\":[{\"@type\":\"ListItem\",\"position\":1,\"name\":\"Home\",\"item\":\"https:\\\/\\\/huntingeurope.be\\\/fr\\\/\"},{\"@type\":\"ListItem\",\"position\":2,\"name\":\"Produits\",\"item\":\"https:\\\/\\\/huntingeurope.be\\\/fr\\\/shop\\\/\"},{\"@type\":\"ListItem\",\"position\":3,\"name\":\"Zeiss RF 8&#215;42\"}]},{\"@type\":\"WebSite\",\"@id\":\"https:\\\/\\\/huntingeurope.be\\\/fr\\\/?lang=en\\\/#website\",\"url\":\"https:\\\/\\\/huntingeurope.be\\\/fr\\\/?lang=en\\\/\",\"name\":\"Hunting Europe\",\"description\":\"Alles voor de jacht\",\"publisher\":{\"@id\":\"https:\\\/\\\/huntingeurope.be\\\/fr\\\/?lang=en\\\/#organization\"},\"potentialAction\":[{\"@type\":\"SearchAction\",\"target\":{\"@type\":\"EntryPoint\",\"urlTemplate\":\"https:\\\/\\\/huntingeurope.be\\\/fr\\\/?lang=en\\\/?s={search_term_string}\"},\"query-input\":{\"@type\":\"PropertyValueSpecification\",\"valueRequired\":true,\"valueName\":\"search_term_string\"}}],\"inLanguage\":\"fr-FR\"},{\"@type\":\"Organization\",\"@id\":\"https:\\\/\\\/huntingeurope.be\\\/fr\\\/?lang=en\\\/#organization\",\"name\":\"Hunting Europe\",\"url\":\"https:\\\/\\\/huntingeurope.be\\\/fr\\\/?lang=en\\\/\",\"logo\":{\"@type\":\"ImageObject\",\"inLanguage\":\"fr-FR\",\"@id\":\"https:\\\/\\\/huntingeurope.be\\\/fr\\\/?lang=en\\\/#\\\/schema\\\/logo\\\/image\\\/\",\"url\":\"https:\\\/\\\/huntingeurope.be\\\/wp-content\\\/uploads\\\/2021\\\/10\\\/Huntingeurope-1-1.png\",\"contentUrl\":\"https:\\\/\\\/huntingeurope.be\\\/wp-content\\\/uploads\\\/2021\\\/10\\\/Huntingeurope-1-1.png\",\"width\":280,\"height\":179,\"caption\":\"Hunting Europe\"},\"image\":{\"@id\":\"https:\\\/\\\/huntingeurope.be\\\/fr\\\/?lang=en\\\/#\\\/schema\\\/logo\\\/image\\\/\"},\"sameAs\":[\"https:\\\/\\\/www.facebook.com\\\/jachtwinkel.europe\\\/\",\"https:\\\/\\\/www.instagram.com\\\/huntingeurope\\\/\",\"https:\\\/\\\/www.youtube.com\\\/user\\\/NickolaySmet\\\/videos?view_as=subscriber\"]}]}<\/script>\n<!-- \/ Yoast SEO plugin. -->","yoast_head_json":{"title":"Zeiss RF 8x42 - Hunting Europe","robots":{"index":"index","follow":"follow","max-snippet":"max-snippet:-1","max-image-preview":"max-image-preview:large","max-video-preview":"max-video-preview:-1"},"canonical":"https:\/\/huntingeurope.be\/fr\/produit\/zeiss-rf-8x42\/","og_locale":"fr_FR","og_type":"article","og_title":"Zeiss RF 8x42 - Hunting Europe","og_description":"A propos de ces jumelles de la marque Zeiss Le t\u00e9l\u00e9m\u00e8tre du Zeiss RF 8x42 fonctionne avec une grande pr\u00e9cision jusqu'\u00e0 2300m. La mesure est effectu\u00e9e en 0,3 seconde. En un seul enregistrement, on obtient des donn\u00e9es pertinentes telles que la distance, la temp\u00e9rature et la pression atmosph\u00e9rique. Il est possible de personnaliser 9 donn\u00e9es balistiques qui peuvent \u00eatre r\u00e9gl\u00e9es via l'application de chasse Zeiss et transport\u00e9es par Bluetooth. Les jumelles Zeiss RF sont \u00e9galement disponibles en 10x42, 8x54 et 10x54. Garantie de 10 ans. Garantie de 2 ans sur les composants \u00e9lectroniques.","og_url":"https:\/\/huntingeurope.be\/fr\/produit\/zeiss-rf-8x42\/","og_site_name":"Hunting Europe","article_publisher":"https:\/\/www.facebook.com\/jachtwinkel.europe\/","og_image":[{"width":590,"height":510,"url":"https:\/\/huntingeurope.be\/wp-content\/uploads\/2023\/03\/zeiss_victory_rf_8x421.jpg","type":"image\/jpeg"}],"twitter_card":"summary_large_image","twitter_misc":{"Dur\u00e9e de lecture estim\u00e9e":"1 minute"},"schema":{"@context":"https:\/\/schema.org","@graph":[{"@type":"WebPage","@id":"https:\/\/huntingeurope.be\/fr\/produit\/zeiss-rf-8x42\/","url":"https:\/\/huntingeurope.be\/fr\/produit\/zeiss-rf-8x42\/","name":"Zeiss RF 8x42 - Hunting Europe","isPartOf":{"@id":"https:\/\/huntingeurope.be\/fr\/?lang=en\/#website"},"primaryImageOfPage":{"@id":"https:\/\/huntingeurope.be\/fr\/produit\/zeiss-rf-8x42\/#primaryimage"},"image":{"@id":"https:\/\/huntingeurope.be\/fr\/produit\/zeiss-rf-8x42\/#primaryimage"},"thumbnailUrl":"https:\/\/huntingeurope.be\/wp-content\/uploads\/2023\/03\/zeiss_victory_rf_8x421.jpg","datePublished":"2023-03-08T15:50:40+00:00","breadcrumb":{"@id":"https:\/\/huntingeurope.be\/fr\/produit\/zeiss-rf-8x42\/#breadcrumb"},"inLanguage":"fr-FR","potentialAction":[{"@type":"ReadAction","target":["https:\/\/huntingeurope.be\/fr\/produit\/zeiss-rf-8x42\/"]}]},{"@type":"ImageObject","inLanguage":"fr-FR","@id":"https:\/\/huntingeurope.be\/fr\/produit\/zeiss-rf-8x42\/#primaryimage","url":"https:\/\/huntingeurope.be\/wp-content\/uploads\/2023\/03\/zeiss_victory_rf_8x421.jpg","contentUrl":"https:\/\/huntingeurope.be\/wp-content\/uploads\/2023\/03\/zeiss_victory_rf_8x421.jpg","width":590,"height":510},{"@type":"BreadcrumbList","@id":"https:\/\/huntingeurope.be\/fr\/produit\/zeiss-rf-8x42\/#breadcrumb","itemListElement":[{"@type":"ListItem","position":1,"name":"Home","item":"https:\/\/huntingeurope.be\/fr\/"},{"@type":"ListItem","position":2,"name":"Produits","item":"https:\/\/huntingeurope.be\/fr\/shop\/"},{"@type":"ListItem","position":3,"name":"Zeiss RF 8&#215;42"}]},{"@type":"WebSite","@id":"https:\/\/huntingeurope.be\/fr\/?lang=en\/#website","url":"https:\/\/huntingeurope.be\/fr\/?lang=en\/","name":"Hunting Europe","description":"Alles voor de jacht","publisher":{"@id":"https:\/\/huntingeurope.be\/fr\/?lang=en\/#organization"},"potentialAction":[{"@type":"SearchAction","target":{"@type":"EntryPoint","urlTemplate":"https:\/\/huntingeurope.be\/fr\/?lang=en\/?s={search_term_string}"},"query-input":{"@type":"PropertyValueSpecification","valueRequired":true,"valueName":"search_term_string"}}],"inLanguage":"fr-FR"},{"@type":"Organization","@id":"https:\/\/huntingeurope.be\/fr\/?lang=en\/#organization","name":"Hunting Europe","url":"https:\/\/huntingeurope.be\/fr\/?lang=en\/","logo":{"@type":"ImageObject","inLanguage":"fr-FR","@id":"https:\/\/huntingeurope.be\/fr\/?lang=en\/#\/schema\/logo\/image\/","url":"https:\/\/huntingeurope.be\/wp-content\/uploads\/2021\/10\/Huntingeurope-1-1.png","contentUrl":"https:\/\/huntingeurope.be\/wp-content\/uploads\/2021\/10\/Huntingeurope-1-1.png","width":280,"height":179,"caption":"Hunting Europe"},"image":{"@id":"https:\/\/huntingeurope.be\/fr\/?lang=en\/#\/schema\/logo\/image\/"},"sameAs":["https:\/\/www.facebook.com\/jachtwinkel.europe\/","https:\/\/www.instagram.com\/huntingeurope\/","https:\/\/www.youtube.com\/user\/NickolaySmet\/videos?view_as=subscriber"]}]}},"df_price":3660,"df_sale_price":"","df_regular_price":3660,"df_image_link":"https:\/\/huntingeurope.be\/wp-content\/uploads\/2023\/03\/zeiss_victory_rf_8x421-300x259.jpg","_links":{"self":[{"href":"https:\/\/huntingeurope.be\/fr\/wp-json\/wp\/v2\/product\/41539","targetHints":{"allow":["GET"]}}],"collection":[{"href":"https:\/\/huntingeurope.be\/fr\/wp-json\/wp\/v2\/product"}],"about":[{"href":"https:\/\/huntingeurope.be\/fr\/wp-json\/wp\/v2\/types\/product"}],"wp:featuredmedia":[{"embeddable":true,"href":"https:\/\/huntingeurope.be\/fr\/wp-json\/wp\/v2\/media\/41530"}],"wp:attachment":[{"href":"https:\/\/huntingeurope.be\/fr\/wp-json\/wp\/v2\/media?parent=41539"}],"wp:term":[{"taxonomy":"product_brand","embeddable":true,"href":"https:\/\/huntingeurope.be\/fr\/wp-json\/wp\/v2\/product_brand?post=41539"},{"taxonomy":"product_cat","embeddable":true,"href":"https:\/\/huntingeurope.be\/fr\/wp-json\/wp\/v2\/product_cat?post=41539"},{"taxonomy":"product_tag","embeddable":true,"href":"https:\/\/huntingeurope.be\/fr\/wp-json\/wp\/v2\/product_tag?post=41539"}],"curies":[{"name":"wp","href":"https:\/\/api.w.org\/{rel}","templated":true}]}}