{"id":41446,"date":"2023-03-07T22:48:02","date_gmt":"2023-03-07T21:48:02","guid":{"rendered":"https:\/\/huntingeurope.be\/product\/swarovski-nl-pure-12x42\/"},"modified":"2026-02-12T21:10:51","modified_gmt":"2026-02-12T20:10:51","slug":"swarovski-nl-pure-12x42","status":"publish","type":"product","link":"https:\/\/huntingeurope.be\/fr\/produit\/swarovski-nl-pure-12x42\/","title":{"rendered":"Swarovski EN PURE"},"content":{"rendered":"<p>Le dernier mod\u00e8le NL Pure12X42 de Swarovski a une forme ergonomique am\u00e9lior\u00e9e et \u00e9quilibr\u00e9e avec un appui-t\u00eate (en option) qui am\u00e9liore la stabilit\u00e9. La molette de mise au point fonctionne en douceur et la distance minimale de mise au point est de 2,6 m. Le champ de vision de cette NL Pure 12&#215;42 est de 113m.  <\/p>\n","protected":false},"excerpt":{"rendered":"<div id=\"headingDetailSpecifications\" class=\"panel-heading\" role=\"tab\">\n<p class=\"p1\">Une technologie exceptionnelle dans un format compact &#8211; c&rsquo;est le NL Pure.<\/p>\n<p class=\"p1\">Leur conception compacte en fait des jumelles de voyage id\u00e9ales pour les chasseurs, les ornithologues et les amoureux de la nature.<\/p>\n<p>Les derniers mod\u00e8les NL Pure de Swarovski ont une forme ergonomique mieux \u00e9quilibr\u00e9e avec un appui-t\u00eate (en option) qui am\u00e9liore la stabilit\u00e9. La molette de mise au point fonctionne en douceur. La taille fine assure une prise en main ergonomique.  <\/p>\n<p>Souhaitez-vous un mod\u00e8le en couleur orange ? C&rsquo;est possible sur demande par mail \u00e0 <a href=\"mailto:info@huntingeurope.be\">info@huntingeurope.be<\/a> (seuls les mod\u00e8les 8&#215;32 et 10&#215;32 sont disponibles en orange). <\/p>\n<p>S\u00e9lectionnez d&rsquo;abord votre mod\u00e8le (grossissement x diam\u00e8tre de l&rsquo;objectif).<\/p>\n<\/div>\n","protected":false},"featured_media":41437,"template":"","meta":{"_joinchat":[]},"product_brand":[],"product_cat":[673,866],"product_tag":[688],"class_list":{"0":"post-41446","1":"product","2":"type-product","3":"status-publish","4":"has-post-thumbnail","6":"product_cat-jumelles","7":"product_cat-swarovski-fr","8":"product_tag-swarovski-nl-pure-12x42-fr","10":"first","11":"onbackorder","12":"taxable","13":"shipping-taxable","14":"purchasable","15":"product-type-variable"},"yoast_head":"<!-- This site is optimized with the Yoast SEO plugin v27.4 - https:\/\/yoast.com\/product\/yoast-seo-wordpress\/ -->\n<title>Swarovski EN PURE - Hunting Europe<\/title>\n<meta name=\"robots\" content=\"index, follow, max-snippet:-1, max-image-preview:large, max-video-preview:-1\" \/>\n<link rel=\"canonical\" href=\"https:\/\/huntingeurope.be\/fr\/produit\/swarovski-nl-pure-12x42\/\" \/>\n<meta property=\"og:locale\" content=\"fr_FR\" \/>\n<meta property=\"og:type\" content=\"article\" \/>\n<meta property=\"og:title\" content=\"Swarovski EN PURE - Hunting Europe\" \/>\n<meta property=\"og:description\" content=\"Une technologie exceptionnelle dans un format compact - c&#039;est le NL Pure. Leur conception compacte en fait des jumelles de voyage id\u00e9ales pour les chasseurs, les ornithologues et les amoureux de la nature. Les derniers mod\u00e8les NL Pure de Swarovski ont une forme ergonomique mieux \u00e9quilibr\u00e9e avec un appui-t\u00eate (en option) qui am\u00e9liore la stabilit\u00e9. La molette de mise au point fonctionne en douceur. La taille fine assure une prise en main ergonomique.  Souhaitez-vous un mod\u00e8le en couleur orange ? C&#039;est possible sur demande par mail \u00e0 info@huntingeurope.be (seuls les mod\u00e8les 8x32 et 10x32 sont disponibles en orange).  S\u00e9lectionnez d&#039;abord votre mod\u00e8le (grossissement x diam\u00e8tre de l&#039;objectif).\" \/>\n<meta property=\"og:url\" content=\"https:\/\/huntingeurope.be\/fr\/produit\/swarovski-nl-pure-12x42\/\" \/>\n<meta property=\"og:site_name\" content=\"Hunting Europe\" \/>\n<meta property=\"article:publisher\" content=\"https:\/\/www.facebook.com\/jachtwinkel.europe\/\" \/>\n<meta property=\"article:modified_time\" content=\"2026-02-12T20:10:51+00:00\" \/>\n<meta property=\"og:image\" content=\"https:\/\/huntingeurope.be\/wp-content\/uploads\/2023\/03\/swarovski_nl_pure_12x421.jpg\" \/>\n\t<meta property=\"og:image:width\" content=\"590\" \/>\n\t<meta property=\"og:image:height\" content=\"510\" \/>\n\t<meta property=\"og:image:type\" content=\"image\/jpeg\" \/>\n<meta name=\"twitter:card\" content=\"summary_large_image\" \/>\n<script type=\"application\/ld+json\" class=\"yoast-schema-graph\">{\"@context\":\"https:\\\/\\\/schema.org\",\"@graph\":[{\"@type\":\"WebPage\",\"@id\":\"https:\\\/\\\/huntingeurope.be\\\/fr\\\/produit\\\/swarovski-nl-pure-12x42\\\/\",\"url\":\"https:\\\/\\\/huntingeurope.be\\\/fr\\\/produit\\\/swarovski-nl-pure-12x42\\\/\",\"name\":\"Swarovski EN PURE - Hunting Europe\",\"isPartOf\":{\"@id\":\"https:\\\/\\\/huntingeurope.be\\\/fr\\\/?lang=en\\\/#website\"},\"primaryImageOfPage\":{\"@id\":\"https:\\\/\\\/huntingeurope.be\\\/fr\\\/produit\\\/swarovski-nl-pure-12x42\\\/#primaryimage\"},\"image\":{\"@id\":\"https:\\\/\\\/huntingeurope.be\\\/fr\\\/produit\\\/swarovski-nl-pure-12x42\\\/#primaryimage\"},\"thumbnailUrl\":\"https:\\\/\\\/huntingeurope.be\\\/wp-content\\\/uploads\\\/2023\\\/03\\\/swarovski_nl_pure_12x421.jpg\",\"datePublished\":\"2023-03-07T21:48:02+00:00\",\"dateModified\":\"2026-02-12T20:10:51+00:00\",\"breadcrumb\":{\"@id\":\"https:\\\/\\\/huntingeurope.be\\\/fr\\\/produit\\\/swarovski-nl-pure-12x42\\\/#breadcrumb\"},\"inLanguage\":\"fr-FR\",\"potentialAction\":[{\"@type\":\"ReadAction\",\"target\":[\"https:\\\/\\\/huntingeurope.be\\\/fr\\\/produit\\\/swarovski-nl-pure-12x42\\\/\"]}]},{\"@type\":\"ImageObject\",\"inLanguage\":\"fr-FR\",\"@id\":\"https:\\\/\\\/huntingeurope.be\\\/fr\\\/produit\\\/swarovski-nl-pure-12x42\\\/#primaryimage\",\"url\":\"https:\\\/\\\/huntingeurope.be\\\/wp-content\\\/uploads\\\/2023\\\/03\\\/swarovski_nl_pure_12x421.jpg\",\"contentUrl\":\"https:\\\/\\\/huntingeurope.be\\\/wp-content\\\/uploads\\\/2023\\\/03\\\/swarovski_nl_pure_12x421.jpg\",\"width\":590,\"height\":510},{\"@type\":\"BreadcrumbList\",\"@id\":\"https:\\\/\\\/huntingeurope.be\\\/fr\\\/produit\\\/swarovski-nl-pure-12x42\\\/#breadcrumb\",\"itemListElement\":[{\"@type\":\"ListItem\",\"position\":1,\"name\":\"Home\",\"item\":\"https:\\\/\\\/huntingeurope.be\\\/fr\\\/\"},{\"@type\":\"ListItem\",\"position\":2,\"name\":\"Produits\",\"item\":\"https:\\\/\\\/huntingeurope.be\\\/fr\\\/shop\\\/\"},{\"@type\":\"ListItem\",\"position\":3,\"name\":\"Swarovski EN PURE\"}]},{\"@type\":\"WebSite\",\"@id\":\"https:\\\/\\\/huntingeurope.be\\\/fr\\\/?lang=en\\\/#website\",\"url\":\"https:\\\/\\\/huntingeurope.be\\\/fr\\\/?lang=en\\\/\",\"name\":\"Hunting Europe\",\"description\":\"Alles voor de jacht\",\"publisher\":{\"@id\":\"https:\\\/\\\/huntingeurope.be\\\/fr\\\/?lang=en\\\/#organization\"},\"potentialAction\":[{\"@type\":\"SearchAction\",\"target\":{\"@type\":\"EntryPoint\",\"urlTemplate\":\"https:\\\/\\\/huntingeurope.be\\\/fr\\\/?lang=en\\\/?s={search_term_string}\"},\"query-input\":{\"@type\":\"PropertyValueSpecification\",\"valueRequired\":true,\"valueName\":\"search_term_string\"}}],\"inLanguage\":\"fr-FR\"},{\"@type\":\"Organization\",\"@id\":\"https:\\\/\\\/huntingeurope.be\\\/fr\\\/?lang=en\\\/#organization\",\"name\":\"Hunting Europe\",\"url\":\"https:\\\/\\\/huntingeurope.be\\\/fr\\\/?lang=en\\\/\",\"logo\":{\"@type\":\"ImageObject\",\"inLanguage\":\"fr-FR\",\"@id\":\"https:\\\/\\\/huntingeurope.be\\\/fr\\\/?lang=en\\\/#\\\/schema\\\/logo\\\/image\\\/\",\"url\":\"https:\\\/\\\/huntingeurope.be\\\/wp-content\\\/uploads\\\/2021\\\/10\\\/Huntingeurope-1-1.png\",\"contentUrl\":\"https:\\\/\\\/huntingeurope.be\\\/wp-content\\\/uploads\\\/2021\\\/10\\\/Huntingeurope-1-1.png\",\"width\":280,\"height\":179,\"caption\":\"Hunting Europe\"},\"image\":{\"@id\":\"https:\\\/\\\/huntingeurope.be\\\/fr\\\/?lang=en\\\/#\\\/schema\\\/logo\\\/image\\\/\"},\"sameAs\":[\"https:\\\/\\\/www.facebook.com\\\/jachtwinkel.europe\\\/\",\"https:\\\/\\\/www.instagram.com\\\/huntingeurope\\\/\",\"https:\\\/\\\/www.youtube.com\\\/user\\\/NickolaySmet\\\/videos?view_as=subscriber\"]}]}<\/script>\n<!-- \/ Yoast SEO plugin. -->","yoast_head_json":{"title":"Swarovski EN PURE - Hunting Europe","robots":{"index":"index","follow":"follow","max-snippet":"max-snippet:-1","max-image-preview":"max-image-preview:large","max-video-preview":"max-video-preview:-1"},"canonical":"https:\/\/huntingeurope.be\/fr\/produit\/swarovski-nl-pure-12x42\/","og_locale":"fr_FR","og_type":"article","og_title":"Swarovski EN PURE - Hunting Europe","og_description":"Une technologie exceptionnelle dans un format compact - c'est le NL Pure. Leur conception compacte en fait des jumelles de voyage id\u00e9ales pour les chasseurs, les ornithologues et les amoureux de la nature. Les derniers mod\u00e8les NL Pure de Swarovski ont une forme ergonomique mieux \u00e9quilibr\u00e9e avec un appui-t\u00eate (en option) qui am\u00e9liore la stabilit\u00e9. La molette de mise au point fonctionne en douceur. La taille fine assure une prise en main ergonomique.  Souhaitez-vous un mod\u00e8le en couleur orange ? C'est possible sur demande par mail \u00e0 info@huntingeurope.be (seuls les mod\u00e8les 8x32 et 10x32 sont disponibles en orange).  S\u00e9lectionnez d'abord votre mod\u00e8le (grossissement x diam\u00e8tre de l'objectif).","og_url":"https:\/\/huntingeurope.be\/fr\/produit\/swarovski-nl-pure-12x42\/","og_site_name":"Hunting Europe","article_publisher":"https:\/\/www.facebook.com\/jachtwinkel.europe\/","article_modified_time":"2026-02-12T20:10:51+00:00","og_image":[{"width":590,"height":510,"url":"https:\/\/huntingeurope.be\/wp-content\/uploads\/2023\/03\/swarovski_nl_pure_12x421.jpg","type":"image\/jpeg"}],"twitter_card":"summary_large_image","schema":{"@context":"https:\/\/schema.org","@graph":[{"@type":"WebPage","@id":"https:\/\/huntingeurope.be\/fr\/produit\/swarovski-nl-pure-12x42\/","url":"https:\/\/huntingeurope.be\/fr\/produit\/swarovski-nl-pure-12x42\/","name":"Swarovski EN PURE - Hunting Europe","isPartOf":{"@id":"https:\/\/huntingeurope.be\/fr\/?lang=en\/#website"},"primaryImageOfPage":{"@id":"https:\/\/huntingeurope.be\/fr\/produit\/swarovski-nl-pure-12x42\/#primaryimage"},"image":{"@id":"https:\/\/huntingeurope.be\/fr\/produit\/swarovski-nl-pure-12x42\/#primaryimage"},"thumbnailUrl":"https:\/\/huntingeurope.be\/wp-content\/uploads\/2023\/03\/swarovski_nl_pure_12x421.jpg","datePublished":"2023-03-07T21:48:02+00:00","dateModified":"2026-02-12T20:10:51+00:00","breadcrumb":{"@id":"https:\/\/huntingeurope.be\/fr\/produit\/swarovski-nl-pure-12x42\/#breadcrumb"},"inLanguage":"fr-FR","potentialAction":[{"@type":"ReadAction","target":["https:\/\/huntingeurope.be\/fr\/produit\/swarovski-nl-pure-12x42\/"]}]},{"@type":"ImageObject","inLanguage":"fr-FR","@id":"https:\/\/huntingeurope.be\/fr\/produit\/swarovski-nl-pure-12x42\/#primaryimage","url":"https:\/\/huntingeurope.be\/wp-content\/uploads\/2023\/03\/swarovski_nl_pure_12x421.jpg","contentUrl":"https:\/\/huntingeurope.be\/wp-content\/uploads\/2023\/03\/swarovski_nl_pure_12x421.jpg","width":590,"height":510},{"@type":"BreadcrumbList","@id":"https:\/\/huntingeurope.be\/fr\/produit\/swarovski-nl-pure-12x42\/#breadcrumb","itemListElement":[{"@type":"ListItem","position":1,"name":"Home","item":"https:\/\/huntingeurope.be\/fr\/"},{"@type":"ListItem","position":2,"name":"Produits","item":"https:\/\/huntingeurope.be\/fr\/shop\/"},{"@type":"ListItem","position":3,"name":"Swarovski EN PURE"}]},{"@type":"WebSite","@id":"https:\/\/huntingeurope.be\/fr\/?lang=en\/#website","url":"https:\/\/huntingeurope.be\/fr\/?lang=en\/","name":"Hunting Europe","description":"Alles voor de jacht","publisher":{"@id":"https:\/\/huntingeurope.be\/fr\/?lang=en\/#organization"},"potentialAction":[{"@type":"SearchAction","target":{"@type":"EntryPoint","urlTemplate":"https:\/\/huntingeurope.be\/fr\/?lang=en\/?s={search_term_string}"},"query-input":{"@type":"PropertyValueSpecification","valueRequired":true,"valueName":"search_term_string"}}],"inLanguage":"fr-FR"},{"@type":"Organization","@id":"https:\/\/huntingeurope.be\/fr\/?lang=en\/#organization","name":"Hunting Europe","url":"https:\/\/huntingeurope.be\/fr\/?lang=en\/","logo":{"@type":"ImageObject","inLanguage":"fr-FR","@id":"https:\/\/huntingeurope.be\/fr\/?lang=en\/#\/schema\/logo\/image\/","url":"https:\/\/huntingeurope.be\/wp-content\/uploads\/2021\/10\/Huntingeurope-1-1.png","contentUrl":"https:\/\/huntingeurope.be\/wp-content\/uploads\/2021\/10\/Huntingeurope-1-1.png","width":280,"height":179,"caption":"Hunting Europe"},"image":{"@id":"https:\/\/huntingeurope.be\/fr\/?lang=en\/#\/schema\/logo\/image\/"},"sameAs":["https:\/\/www.facebook.com\/jachtwinkel.europe\/","https:\/\/www.instagram.com\/huntingeurope\/","https:\/\/www.youtube.com\/user\/NickolaySmet\/videos?view_as=subscriber"]}]}},"df_price":3030,"df_sale_price":"","df_regular_price":3030,"df_image_link":"https:\/\/huntingeurope.be\/wp-content\/uploads\/2023\/03\/swarovski_nl_pure_12x421-300x259.jpg","_links":{"self":[{"href":"https:\/\/huntingeurope.be\/fr\/wp-json\/wp\/v2\/product\/41446","targetHints":{"allow":["GET"]}}],"collection":[{"href":"https:\/\/huntingeurope.be\/fr\/wp-json\/wp\/v2\/product"}],"about":[{"href":"https:\/\/huntingeurope.be\/fr\/wp-json\/wp\/v2\/types\/product"}],"wp:featuredmedia":[{"embeddable":true,"href":"https:\/\/huntingeurope.be\/fr\/wp-json\/wp\/v2\/media\/41437"}],"wp:attachment":[{"href":"https:\/\/huntingeurope.be\/fr\/wp-json\/wp\/v2\/media?parent=41446"}],"wp:term":[{"taxonomy":"product_brand","embeddable":true,"href":"https:\/\/huntingeurope.be\/fr\/wp-json\/wp\/v2\/product_brand?post=41446"},{"taxonomy":"product_cat","embeddable":true,"href":"https:\/\/huntingeurope.be\/fr\/wp-json\/wp\/v2\/product_cat?post=41446"},{"taxonomy":"product_tag","embeddable":true,"href":"https:\/\/huntingeurope.be\/fr\/wp-json\/wp\/v2\/product_tag?post=41446"}],"curies":[{"name":"wp","href":"https:\/\/api.w.org\/{rel}","templated":true}]}}