{"id":39502,"date":"2022-09-05T18:45:56","date_gmt":"2022-09-05T16:45:56","guid":{"rendered":"https:\/\/huntingeurope.be\/product\/viper-flex-styx-pro\/"},"modified":"2025-11-04T19:30:36","modified_gmt":"2025-11-04T18:30:36","slug":"viper-flex-styx-pro-2","status":"publish","type":"product","link":"https:\/\/huntingeurope.be\/fr\/produit\/viper-flex-styx-pro-2\/","title":{"rendered":"Viper Flex Styx PRO"},"content":{"rendered":"","protected":false},"excerpt":{"rendered":"<p>Viper-Flex\u00ae Styx PRO est un b\u00e2ton de tir solide et tr\u00e8s stable \u00e0 utiliser pour les positions de tir couch\u00e9, assis, \u00e0 genoux et debout.<br \/>\nSa conception unique vous offre un soutien ferme lors de la r\u00e9alisation de votre tir, r\u00e9duisant ainsi le risque de blessure au jeu.<\/p>\n<p>Le Viper-Flex\u00ae Styx PRO \u00e0 quatre pattes peut \u00e9galement \u00eatre utilis\u00e9 comme b\u00e2ton de tir \u00e0 une ou deux pattes pour la chasse \u00e0 l&rsquo;approche et la chasse en battue. Les cannes de tir peuvent \u00e9galement \u00eatre utilis\u00e9es pour soutenir des jumelles pendant la chasse. <\/p>\n<p>Faits concernant le Viper-Flex\u00ae Styx PRO :<\/p>\n<ul>\n<li> Conception l\u00e9g\u00e8re, tubes en carbone int\u00e9gral<\/li>\n<li> Utilisation d&rsquo;une seule main<\/li>\n<li> L&rsquo;avant large vous permet de couvrir une zone de 20 m\u00e8tres de large, \u00e0 100 m\u00e8tres, sans avoir \u00e0 d\u00e9placer le manche.<\/li>\n<li> Les pieds en caoutchouc sont con\u00e7us pour \u00eatre utilis\u00e9s sur des surfaces dures, plus lisses et aussi bonnes que la bande de roulement sur des surfaces molles<\/li>\n<li> Les pieds en caoutchouc r\u00e9duisent le bruit et offrent une meilleure prise et une meilleure manipulation.<\/li>\n<li> Convient aux tireurs jusqu&rsquo;\u00e0 2,10 m<\/li>\n<li> Longueur la plus courte (r\u00e9tract\u00e9e) 110 cm<\/li>\n<li> R\u00e9glage facile et rapide \u00e0 la hauteur souhait\u00e9e<\/li>\n<li> Poids : 0,85 kg<\/li>\n<li> Peut \u00eatre transport\u00e9 dans un \u00e9tui \u00e0 pistolet \u00e0 c\u00f4t\u00e9 de votre arme.<\/li>\n<\/ul>\n<p>Pour une stabilit\u00e9 encore meilleure, l&rsquo;achat du Styx PRO \u00e0 patte unique est recommand\u00e9.<\/p>\n","protected":false},"featured_media":38082,"template":"","meta":{"_joinchat":[]},"product_brand":[],"product_cat":[517],"product_tag":[],"class_list":{"0":"post-39502","1":"product","2":"type-product","3":"status-publish","4":"has-post-thumbnail","6":"product_cat-pirsh-et-affut","8":"first","9":"instock","10":"taxable","11":"shipping-taxable","12":"purchasable","13":"product-type-simple"},"yoast_head":"<!-- This site is optimized with the Yoast SEO plugin v27.4 - https:\/\/yoast.com\/product\/yoast-seo-wordpress\/ -->\n<title>Viper Flex Styx PRO - Hunting Europe<\/title>\n<meta name=\"robots\" content=\"index, follow, max-snippet:-1, max-image-preview:large, max-video-preview:-1\" \/>\n<link rel=\"canonical\" href=\"https:\/\/huntingeurope.be\/fr\/produit\/viper-flex-styx-pro-2\/\" \/>\n<meta property=\"og:locale\" content=\"fr_FR\" \/>\n<meta property=\"og:type\" content=\"article\" \/>\n<meta property=\"og:title\" content=\"Viper Flex Styx PRO - Hunting Europe\" \/>\n<meta property=\"og:description\" content=\"Viper-Flex\u00ae Styx PRO est un b\u00e2ton de tir solide et tr\u00e8s stable \u00e0 utiliser pour les positions de tir couch\u00e9, assis, \u00e0 genoux et debout. Sa conception unique vous offre un soutien ferme lors de la r\u00e9alisation de votre tir, r\u00e9duisant ainsi le risque de blessure au jeu. Le Viper-Flex\u00ae Styx PRO \u00e0 quatre pattes peut \u00e9galement \u00eatre utilis\u00e9 comme b\u00e2ton de tir \u00e0 une ou deux pattes pour la chasse \u00e0 l&#039;approche et la chasse en battue. Les cannes de tir peuvent \u00e9galement \u00eatre utilis\u00e9es pour soutenir des jumelles pendant la chasse.  Faits concernant le Viper-Flex\u00ae Styx PRO :   Conception l\u00e9g\u00e8re, tubes en carbone int\u00e9gral  Utilisation d&#039;une seule main  L&#039;avant large vous permet de couvrir une zone de 20 m\u00e8tres de large, \u00e0 100 m\u00e8tres, sans avoir \u00e0 d\u00e9placer le manche.  Les pieds en caoutchouc sont con\u00e7us pour \u00eatre utilis\u00e9s sur des surfaces dures, plus lisses et aussi bonnes que la bande de roulement sur des surfaces molles  Les pieds en caoutchouc r\u00e9duisent le bruit et offrent une meilleure prise et une meilleure manipulation.  Convient aux tireurs jusqu&#039;\u00e0 2,10 m  Longueur la plus courte (r\u00e9tract\u00e9e) 110 cm  R\u00e9glage facile et rapide \u00e0 la hauteur souhait\u00e9e  Poids : 0,85 kg  Peut \u00eatre transport\u00e9 dans un \u00e9tui \u00e0 pistolet \u00e0 c\u00f4t\u00e9 de votre arme. Pour une stabilit\u00e9 encore meilleure, l&#039;achat du Styx PRO \u00e0 patte unique est recommand\u00e9.\" \/>\n<meta property=\"og:url\" content=\"https:\/\/huntingeurope.be\/fr\/produit\/viper-flex-styx-pro-2\/\" \/>\n<meta property=\"og:site_name\" content=\"Hunting Europe\" \/>\n<meta property=\"article:publisher\" content=\"https:\/\/www.facebook.com\/jachtwinkel.europe\/\" \/>\n<meta property=\"article:modified_time\" content=\"2025-11-04T18:30:36+00:00\" \/>\n<meta property=\"og:image\" content=\"https:\/\/huntingeurope.be\/wp-content\/uploads\/2022\/09\/Viper-flex-styx-pro.png\" \/>\n\t<meta property=\"og:image:width\" content=\"1619\" \/>\n\t<meta property=\"og:image:height\" content=\"1080\" \/>\n\t<meta property=\"og:image:type\" content=\"image\/png\" \/>\n<meta name=\"twitter:card\" content=\"summary_large_image\" \/>\n<script type=\"application\/ld+json\" class=\"yoast-schema-graph\">{\"@context\":\"https:\\\/\\\/schema.org\",\"@graph\":[{\"@type\":\"WebPage\",\"@id\":\"https:\\\/\\\/huntingeurope.be\\\/fr\\\/produit\\\/viper-flex-styx-pro-2\\\/\",\"url\":\"https:\\\/\\\/huntingeurope.be\\\/fr\\\/produit\\\/viper-flex-styx-pro-2\\\/\",\"name\":\"Viper Flex Styx PRO - Hunting Europe\",\"isPartOf\":{\"@id\":\"https:\\\/\\\/huntingeurope.be\\\/fr\\\/?lang=en\\\/#website\"},\"primaryImageOfPage\":{\"@id\":\"https:\\\/\\\/huntingeurope.be\\\/fr\\\/produit\\\/viper-flex-styx-pro-2\\\/#primaryimage\"},\"image\":{\"@id\":\"https:\\\/\\\/huntingeurope.be\\\/fr\\\/produit\\\/viper-flex-styx-pro-2\\\/#primaryimage\"},\"thumbnailUrl\":\"https:\\\/\\\/huntingeurope.be\\\/wp-content\\\/uploads\\\/2022\\\/09\\\/Viper-flex-styx-pro.png\",\"datePublished\":\"2022-09-05T16:45:56+00:00\",\"dateModified\":\"2025-11-04T18:30:36+00:00\",\"breadcrumb\":{\"@id\":\"https:\\\/\\\/huntingeurope.be\\\/fr\\\/produit\\\/viper-flex-styx-pro-2\\\/#breadcrumb\"},\"inLanguage\":\"fr-FR\",\"potentialAction\":[{\"@type\":\"ReadAction\",\"target\":[\"https:\\\/\\\/huntingeurope.be\\\/fr\\\/produit\\\/viper-flex-styx-pro-2\\\/\"]}]},{\"@type\":\"ImageObject\",\"inLanguage\":\"fr-FR\",\"@id\":\"https:\\\/\\\/huntingeurope.be\\\/fr\\\/produit\\\/viper-flex-styx-pro-2\\\/#primaryimage\",\"url\":\"https:\\\/\\\/huntingeurope.be\\\/wp-content\\\/uploads\\\/2022\\\/09\\\/Viper-flex-styx-pro.png\",\"contentUrl\":\"https:\\\/\\\/huntingeurope.be\\\/wp-content\\\/uploads\\\/2022\\\/09\\\/Viper-flex-styx-pro.png\",\"width\":1619,\"height\":1080,\"caption\":\"Viper flex styx pro\"},{\"@type\":\"BreadcrumbList\",\"@id\":\"https:\\\/\\\/huntingeurope.be\\\/fr\\\/produit\\\/viper-flex-styx-pro-2\\\/#breadcrumb\",\"itemListElement\":[{\"@type\":\"ListItem\",\"position\":1,\"name\":\"Home\",\"item\":\"https:\\\/\\\/huntingeurope.be\\\/fr\\\/\"},{\"@type\":\"ListItem\",\"position\":2,\"name\":\"Produits\",\"item\":\"https:\\\/\\\/huntingeurope.be\\\/fr\\\/shop\\\/\"},{\"@type\":\"ListItem\",\"position\":3,\"name\":\"Viper Flex Styx PRO\"}]},{\"@type\":\"WebSite\",\"@id\":\"https:\\\/\\\/huntingeurope.be\\\/fr\\\/?lang=en\\\/#website\",\"url\":\"https:\\\/\\\/huntingeurope.be\\\/fr\\\/?lang=en\\\/\",\"name\":\"Hunting Europe\",\"description\":\"Alles voor de jacht\",\"publisher\":{\"@id\":\"https:\\\/\\\/huntingeurope.be\\\/fr\\\/?lang=en\\\/#organization\"},\"potentialAction\":[{\"@type\":\"SearchAction\",\"target\":{\"@type\":\"EntryPoint\",\"urlTemplate\":\"https:\\\/\\\/huntingeurope.be\\\/fr\\\/?lang=en\\\/?s={search_term_string}\"},\"query-input\":{\"@type\":\"PropertyValueSpecification\",\"valueRequired\":true,\"valueName\":\"search_term_string\"}}],\"inLanguage\":\"fr-FR\"},{\"@type\":\"Organization\",\"@id\":\"https:\\\/\\\/huntingeurope.be\\\/fr\\\/?lang=en\\\/#organization\",\"name\":\"Hunting Europe\",\"url\":\"https:\\\/\\\/huntingeurope.be\\\/fr\\\/?lang=en\\\/\",\"logo\":{\"@type\":\"ImageObject\",\"inLanguage\":\"fr-FR\",\"@id\":\"https:\\\/\\\/huntingeurope.be\\\/fr\\\/?lang=en\\\/#\\\/schema\\\/logo\\\/image\\\/\",\"url\":\"https:\\\/\\\/huntingeurope.be\\\/wp-content\\\/uploads\\\/2021\\\/10\\\/Huntingeurope-1-1.png\",\"contentUrl\":\"https:\\\/\\\/huntingeurope.be\\\/wp-content\\\/uploads\\\/2021\\\/10\\\/Huntingeurope-1-1.png\",\"width\":280,\"height\":179,\"caption\":\"Hunting Europe\"},\"image\":{\"@id\":\"https:\\\/\\\/huntingeurope.be\\\/fr\\\/?lang=en\\\/#\\\/schema\\\/logo\\\/image\\\/\"},\"sameAs\":[\"https:\\\/\\\/www.facebook.com\\\/jachtwinkel.europe\\\/\",\"https:\\\/\\\/www.instagram.com\\\/huntingeurope\\\/\",\"https:\\\/\\\/www.youtube.com\\\/user\\\/NickolaySmet\\\/videos?view_as=subscriber\"]}]}<\/script>\n<!-- \/ Yoast SEO plugin. -->","yoast_head_json":{"title":"Viper Flex Styx PRO - Hunting Europe","robots":{"index":"index","follow":"follow","max-snippet":"max-snippet:-1","max-image-preview":"max-image-preview:large","max-video-preview":"max-video-preview:-1"},"canonical":"https:\/\/huntingeurope.be\/fr\/produit\/viper-flex-styx-pro-2\/","og_locale":"fr_FR","og_type":"article","og_title":"Viper Flex Styx PRO - Hunting Europe","og_description":"Viper-Flex\u00ae Styx PRO est un b\u00e2ton de tir solide et tr\u00e8s stable \u00e0 utiliser pour les positions de tir couch\u00e9, assis, \u00e0 genoux et debout. Sa conception unique vous offre un soutien ferme lors de la r\u00e9alisation de votre tir, r\u00e9duisant ainsi le risque de blessure au jeu. Le Viper-Flex\u00ae Styx PRO \u00e0 quatre pattes peut \u00e9galement \u00eatre utilis\u00e9 comme b\u00e2ton de tir \u00e0 une ou deux pattes pour la chasse \u00e0 l'approche et la chasse en battue. Les cannes de tir peuvent \u00e9galement \u00eatre utilis\u00e9es pour soutenir des jumelles pendant la chasse.  Faits concernant le Viper-Flex\u00ae Styx PRO :   Conception l\u00e9g\u00e8re, tubes en carbone int\u00e9gral  Utilisation d'une seule main  L'avant large vous permet de couvrir une zone de 20 m\u00e8tres de large, \u00e0 100 m\u00e8tres, sans avoir \u00e0 d\u00e9placer le manche.  Les pieds en caoutchouc sont con\u00e7us pour \u00eatre utilis\u00e9s sur des surfaces dures, plus lisses et aussi bonnes que la bande de roulement sur des surfaces molles  Les pieds en caoutchouc r\u00e9duisent le bruit et offrent une meilleure prise et une meilleure manipulation.  Convient aux tireurs jusqu'\u00e0 2,10 m  Longueur la plus courte (r\u00e9tract\u00e9e) 110 cm  R\u00e9glage facile et rapide \u00e0 la hauteur souhait\u00e9e  Poids : 0,85 kg  Peut \u00eatre transport\u00e9 dans un \u00e9tui \u00e0 pistolet \u00e0 c\u00f4t\u00e9 de votre arme. Pour une stabilit\u00e9 encore meilleure, l'achat du Styx PRO \u00e0 patte unique est recommand\u00e9.","og_url":"https:\/\/huntingeurope.be\/fr\/produit\/viper-flex-styx-pro-2\/","og_site_name":"Hunting Europe","article_publisher":"https:\/\/www.facebook.com\/jachtwinkel.europe\/","article_modified_time":"2025-11-04T18:30:36+00:00","og_image":[{"width":1619,"height":1080,"url":"https:\/\/huntingeurope.be\/wp-content\/uploads\/2022\/09\/Viper-flex-styx-pro.png","type":"image\/png"}],"twitter_card":"summary_large_image","schema":{"@context":"https:\/\/schema.org","@graph":[{"@type":"WebPage","@id":"https:\/\/huntingeurope.be\/fr\/produit\/viper-flex-styx-pro-2\/","url":"https:\/\/huntingeurope.be\/fr\/produit\/viper-flex-styx-pro-2\/","name":"Viper Flex Styx PRO - Hunting Europe","isPartOf":{"@id":"https:\/\/huntingeurope.be\/fr\/?lang=en\/#website"},"primaryImageOfPage":{"@id":"https:\/\/huntingeurope.be\/fr\/produit\/viper-flex-styx-pro-2\/#primaryimage"},"image":{"@id":"https:\/\/huntingeurope.be\/fr\/produit\/viper-flex-styx-pro-2\/#primaryimage"},"thumbnailUrl":"https:\/\/huntingeurope.be\/wp-content\/uploads\/2022\/09\/Viper-flex-styx-pro.png","datePublished":"2022-09-05T16:45:56+00:00","dateModified":"2025-11-04T18:30:36+00:00","breadcrumb":{"@id":"https:\/\/huntingeurope.be\/fr\/produit\/viper-flex-styx-pro-2\/#breadcrumb"},"inLanguage":"fr-FR","potentialAction":[{"@type":"ReadAction","target":["https:\/\/huntingeurope.be\/fr\/produit\/viper-flex-styx-pro-2\/"]}]},{"@type":"ImageObject","inLanguage":"fr-FR","@id":"https:\/\/huntingeurope.be\/fr\/produit\/viper-flex-styx-pro-2\/#primaryimage","url":"https:\/\/huntingeurope.be\/wp-content\/uploads\/2022\/09\/Viper-flex-styx-pro.png","contentUrl":"https:\/\/huntingeurope.be\/wp-content\/uploads\/2022\/09\/Viper-flex-styx-pro.png","width":1619,"height":1080,"caption":"Viper flex styx pro"},{"@type":"BreadcrumbList","@id":"https:\/\/huntingeurope.be\/fr\/produit\/viper-flex-styx-pro-2\/#breadcrumb","itemListElement":[{"@type":"ListItem","position":1,"name":"Home","item":"https:\/\/huntingeurope.be\/fr\/"},{"@type":"ListItem","position":2,"name":"Produits","item":"https:\/\/huntingeurope.be\/fr\/shop\/"},{"@type":"ListItem","position":3,"name":"Viper Flex Styx PRO"}]},{"@type":"WebSite","@id":"https:\/\/huntingeurope.be\/fr\/?lang=en\/#website","url":"https:\/\/huntingeurope.be\/fr\/?lang=en\/","name":"Hunting Europe","description":"Alles voor de jacht","publisher":{"@id":"https:\/\/huntingeurope.be\/fr\/?lang=en\/#organization"},"potentialAction":[{"@type":"SearchAction","target":{"@type":"EntryPoint","urlTemplate":"https:\/\/huntingeurope.be\/fr\/?lang=en\/?s={search_term_string}"},"query-input":{"@type":"PropertyValueSpecification","valueRequired":true,"valueName":"search_term_string"}}],"inLanguage":"fr-FR"},{"@type":"Organization","@id":"https:\/\/huntingeurope.be\/fr\/?lang=en\/#organization","name":"Hunting Europe","url":"https:\/\/huntingeurope.be\/fr\/?lang=en\/","logo":{"@type":"ImageObject","inLanguage":"fr-FR","@id":"https:\/\/huntingeurope.be\/fr\/?lang=en\/#\/schema\/logo\/image\/","url":"https:\/\/huntingeurope.be\/wp-content\/uploads\/2021\/10\/Huntingeurope-1-1.png","contentUrl":"https:\/\/huntingeurope.be\/wp-content\/uploads\/2021\/10\/Huntingeurope-1-1.png","width":280,"height":179,"caption":"Hunting Europe"},"image":{"@id":"https:\/\/huntingeurope.be\/fr\/?lang=en\/#\/schema\/logo\/image\/"},"sameAs":["https:\/\/www.facebook.com\/jachtwinkel.europe\/","https:\/\/www.instagram.com\/huntingeurope\/","https:\/\/www.youtube.com\/user\/NickolaySmet\/videos?view_as=subscriber"]}]}},"df_price":399,"df_sale_price":"","df_regular_price":399,"df_image_link":"https:\/\/huntingeurope.be\/wp-content\/uploads\/2022\/09\/Viper-flex-styx-pro-300x200.png","_links":{"self":[{"href":"https:\/\/huntingeurope.be\/fr\/wp-json\/wp\/v2\/product\/39502","targetHints":{"allow":["GET"]}}],"collection":[{"href":"https:\/\/huntingeurope.be\/fr\/wp-json\/wp\/v2\/product"}],"about":[{"href":"https:\/\/huntingeurope.be\/fr\/wp-json\/wp\/v2\/types\/product"}],"wp:featuredmedia":[{"embeddable":true,"href":"https:\/\/huntingeurope.be\/fr\/wp-json\/wp\/v2\/media\/38082"}],"wp:attachment":[{"href":"https:\/\/huntingeurope.be\/fr\/wp-json\/wp\/v2\/media?parent=39502"}],"wp:term":[{"taxonomy":"product_brand","embeddable":true,"href":"https:\/\/huntingeurope.be\/fr\/wp-json\/wp\/v2\/product_brand?post=39502"},{"taxonomy":"product_cat","embeddable":true,"href":"https:\/\/huntingeurope.be\/fr\/wp-json\/wp\/v2\/product_cat?post=39502"},{"taxonomy":"product_tag","embeddable":true,"href":"https:\/\/huntingeurope.be\/fr\/wp-json\/wp\/v2\/product_tag?post=39502"}],"curies":[{"name":"wp","href":"https:\/\/api.w.org\/{rel}","templated":true}]}}