{"id":38882,"date":"2022-10-04T18:58:24","date_gmt":"2022-10-04T16:58:24","guid":{"rendered":"https:\/\/huntingeurope.be\/product\/alan-paine-streetly-pull-a-col-vee-nebula\/"},"modified":"2025-11-25T18:51:09","modified_gmt":"2025-11-25T17:51:09","slug":"alan-paine-streetly-pull-a-col-vee-nebula","status":"publish","type":"product","link":"https:\/\/huntingeurope.be\/fr\/produit\/alan-paine-streetly-pull-a-col-vee-nebula\/","title":{"rendered":"Alan Paine Streetly Pull \u00e0 col Vee &#8211; Nebula"},"content":{"rendered":"","protected":false},"excerpt":{"rendered":"<p>Notre pull classique \u00e0 col en V pour homme Streetly est un ajout intemporel \u00e0 la garde-robe de tout gentleman. Confectionn\u00e9 en laine d&rsquo;agneau ultra-douce, ce pull est con\u00e7u pour un maximum de confort. <\/p>\n<p>&#8211; Coupe classique<br \/>\n&#8211; Bordure de couleur sign\u00e9e Alan Paine \u00e0 l&rsquo;int\u00e9rieur du col arri\u00e8re<br \/>\n&#8211; 100 % laine d&rsquo;agneau<br \/>\n&#8211; Col en V<br \/>\n&#8211; Fil\u00e9 \u00e0 la main<br \/>\n&#8211; Finition \u00e0 la main au niveau du col et des poignets<br \/>\n&#8211; Boutonn\u00e9 \u00e0 la main au niveau des manches<br \/>\n&#8211; Lavable en machine<\/p>\n","protected":false},"featured_media":49666,"template":"","meta":{"_joinchat":[]},"product_brand":[],"product_cat":[554,874],"product_tag":[],"class_list":{"0":"post-38882","1":"product","2":"type-product","3":"status-publish","4":"has-post-thumbnail","6":"product_cat-pulls","7":"product_cat-vendredi-noir","9":"first","10":"instock","11":"sale","12":"taxable","13":"shipping-taxable","14":"purchasable","15":"product-type-variable"},"yoast_head":"<!-- This site is optimized with the Yoast SEO plugin v27.4 - https:\/\/yoast.com\/product\/yoast-seo-wordpress\/ -->\n<title>Alan Paine Streetly Pull \u00e0 col Vee - Nebula - Hunting Europe<\/title>\n<meta name=\"robots\" content=\"index, follow, max-snippet:-1, max-image-preview:large, max-video-preview:-1\" \/>\n<link rel=\"canonical\" href=\"https:\/\/huntingeurope.be\/fr\/produit\/alan-paine-streetly-pull-a-col-vee-nebula\/\" \/>\n<meta property=\"og:locale\" content=\"fr_FR\" \/>\n<meta property=\"og:type\" content=\"article\" \/>\n<meta property=\"og:title\" content=\"Alan Paine Streetly Pull \u00e0 col Vee - Nebula - Hunting Europe\" \/>\n<meta property=\"og:description\" content=\"Notre pull classique \u00e0 col en V pour homme Streetly est un ajout intemporel \u00e0 la garde-robe de tout gentleman. Confectionn\u00e9 en laine d&#039;agneau ultra-douce, ce pull est con\u00e7u pour un maximum de confort.  - Coupe classique - Bordure de couleur sign\u00e9e Alan Paine \u00e0 l&#039;int\u00e9rieur du col arri\u00e8re - 100 % laine d&#039;agneau - Col en V - Fil\u00e9 \u00e0 la main - Finition \u00e0 la main au niveau du col et des poignets - Boutonn\u00e9 \u00e0 la main au niveau des manches - Lavable en machine\" \/>\n<meta property=\"og:url\" content=\"https:\/\/huntingeurope.be\/fr\/produit\/alan-paine-streetly-pull-a-col-vee-nebula\/\" \/>\n<meta property=\"og:site_name\" content=\"Hunting Europe\" \/>\n<meta property=\"article:publisher\" content=\"https:\/\/www.facebook.com\/jachtwinkel.europe\/\" \/>\n<meta property=\"article:modified_time\" content=\"2025-11-25T17:51:09+00:00\" \/>\n<meta property=\"og:image\" content=\"https:\/\/huntingeurope.be\/wp-content\/uploads\/2022\/10\/Alan-Paine-Streetly-Vee-Neck-Trui-Nebula-768x1075-1.jpg\" \/>\n\t<meta property=\"og:image:width\" content=\"1066\" \/>\n\t<meta property=\"og:image:height\" content=\"1075\" \/>\n\t<meta property=\"og:image:type\" content=\"image\/jpeg\" \/>\n<meta name=\"twitter:card\" content=\"summary_large_image\" \/>\n<script type=\"application\/ld+json\" class=\"yoast-schema-graph\">{\"@context\":\"https:\\\/\\\/schema.org\",\"@graph\":[{\"@type\":\"WebPage\",\"@id\":\"https:\\\/\\\/huntingeurope.be\\\/fr\\\/produit\\\/alan-paine-streetly-pull-a-col-vee-nebula\\\/\",\"url\":\"https:\\\/\\\/huntingeurope.be\\\/fr\\\/produit\\\/alan-paine-streetly-pull-a-col-vee-nebula\\\/\",\"name\":\"Alan Paine Streetly Pull \u00e0 col Vee - Nebula - Hunting Europe\",\"isPartOf\":{\"@id\":\"https:\\\/\\\/huntingeurope.be\\\/fr\\\/?lang=en\\\/#website\"},\"primaryImageOfPage\":{\"@id\":\"https:\\\/\\\/huntingeurope.be\\\/fr\\\/produit\\\/alan-paine-streetly-pull-a-col-vee-nebula\\\/#primaryimage\"},\"image\":{\"@id\":\"https:\\\/\\\/huntingeurope.be\\\/fr\\\/produit\\\/alan-paine-streetly-pull-a-col-vee-nebula\\\/#primaryimage\"},\"thumbnailUrl\":\"https:\\\/\\\/huntingeurope.be\\\/wp-content\\\/uploads\\\/2022\\\/10\\\/Alan-Paine-Streetly-Vee-Neck-Trui-Nebula-768x1075-1.jpg\",\"datePublished\":\"2022-10-04T16:58:24+00:00\",\"dateModified\":\"2025-11-25T17:51:09+00:00\",\"breadcrumb\":{\"@id\":\"https:\\\/\\\/huntingeurope.be\\\/fr\\\/produit\\\/alan-paine-streetly-pull-a-col-vee-nebula\\\/#breadcrumb\"},\"inLanguage\":\"fr-FR\",\"potentialAction\":[{\"@type\":\"ReadAction\",\"target\":[\"https:\\\/\\\/huntingeurope.be\\\/fr\\\/produit\\\/alan-paine-streetly-pull-a-col-vee-nebula\\\/\"]}]},{\"@type\":\"ImageObject\",\"inLanguage\":\"fr-FR\",\"@id\":\"https:\\\/\\\/huntingeurope.be\\\/fr\\\/produit\\\/alan-paine-streetly-pull-a-col-vee-nebula\\\/#primaryimage\",\"url\":\"https:\\\/\\\/huntingeurope.be\\\/wp-content\\\/uploads\\\/2022\\\/10\\\/Alan-Paine-Streetly-Vee-Neck-Trui-Nebula-768x1075-1.jpg\",\"contentUrl\":\"https:\\\/\\\/huntingeurope.be\\\/wp-content\\\/uploads\\\/2022\\\/10\\\/Alan-Paine-Streetly-Vee-Neck-Trui-Nebula-768x1075-1.jpg\",\"width\":1066,\"height\":1075},{\"@type\":\"BreadcrumbList\",\"@id\":\"https:\\\/\\\/huntingeurope.be\\\/fr\\\/produit\\\/alan-paine-streetly-pull-a-col-vee-nebula\\\/#breadcrumb\",\"itemListElement\":[{\"@type\":\"ListItem\",\"position\":1,\"name\":\"Home\",\"item\":\"https:\\\/\\\/huntingeurope.be\\\/fr\\\/\"},{\"@type\":\"ListItem\",\"position\":2,\"name\":\"Produits\",\"item\":\"https:\\\/\\\/huntingeurope.be\\\/fr\\\/shop\\\/\"},{\"@type\":\"ListItem\",\"position\":3,\"name\":\"Alan Paine Streetly Pull \u00e0 col Vee &#8211; Nebula\"}]},{\"@type\":\"WebSite\",\"@id\":\"https:\\\/\\\/huntingeurope.be\\\/fr\\\/?lang=en\\\/#website\",\"url\":\"https:\\\/\\\/huntingeurope.be\\\/fr\\\/?lang=en\\\/\",\"name\":\"Hunting Europe\",\"description\":\"Alles voor de jacht\",\"publisher\":{\"@id\":\"https:\\\/\\\/huntingeurope.be\\\/fr\\\/?lang=en\\\/#organization\"},\"potentialAction\":[{\"@type\":\"SearchAction\",\"target\":{\"@type\":\"EntryPoint\",\"urlTemplate\":\"https:\\\/\\\/huntingeurope.be\\\/fr\\\/?lang=en\\\/?s={search_term_string}\"},\"query-input\":{\"@type\":\"PropertyValueSpecification\",\"valueRequired\":true,\"valueName\":\"search_term_string\"}}],\"inLanguage\":\"fr-FR\"},{\"@type\":\"Organization\",\"@id\":\"https:\\\/\\\/huntingeurope.be\\\/fr\\\/?lang=en\\\/#organization\",\"name\":\"Hunting Europe\",\"url\":\"https:\\\/\\\/huntingeurope.be\\\/fr\\\/?lang=en\\\/\",\"logo\":{\"@type\":\"ImageObject\",\"inLanguage\":\"fr-FR\",\"@id\":\"https:\\\/\\\/huntingeurope.be\\\/fr\\\/?lang=en\\\/#\\\/schema\\\/logo\\\/image\\\/\",\"url\":\"https:\\\/\\\/huntingeurope.be\\\/wp-content\\\/uploads\\\/2021\\\/10\\\/Huntingeurope-1-1.png\",\"contentUrl\":\"https:\\\/\\\/huntingeurope.be\\\/wp-content\\\/uploads\\\/2021\\\/10\\\/Huntingeurope-1-1.png\",\"width\":280,\"height\":179,\"caption\":\"Hunting Europe\"},\"image\":{\"@id\":\"https:\\\/\\\/huntingeurope.be\\\/fr\\\/?lang=en\\\/#\\\/schema\\\/logo\\\/image\\\/\"},\"sameAs\":[\"https:\\\/\\\/www.facebook.com\\\/jachtwinkel.europe\\\/\",\"https:\\\/\\\/www.instagram.com\\\/huntingeurope\\\/\",\"https:\\\/\\\/www.youtube.com\\\/user\\\/NickolaySmet\\\/videos?view_as=subscriber\"]}]}<\/script>\n<!-- \/ Yoast SEO plugin. -->","yoast_head_json":{"title":"Alan Paine Streetly Pull \u00e0 col Vee - Nebula - Hunting Europe","robots":{"index":"index","follow":"follow","max-snippet":"max-snippet:-1","max-image-preview":"max-image-preview:large","max-video-preview":"max-video-preview:-1"},"canonical":"https:\/\/huntingeurope.be\/fr\/produit\/alan-paine-streetly-pull-a-col-vee-nebula\/","og_locale":"fr_FR","og_type":"article","og_title":"Alan Paine Streetly Pull \u00e0 col Vee - Nebula - Hunting Europe","og_description":"Notre pull classique \u00e0 col en V pour homme Streetly est un ajout intemporel \u00e0 la garde-robe de tout gentleman. Confectionn\u00e9 en laine d'agneau ultra-douce, ce pull est con\u00e7u pour un maximum de confort.  - Coupe classique - Bordure de couleur sign\u00e9e Alan Paine \u00e0 l'int\u00e9rieur du col arri\u00e8re - 100 % laine d'agneau - Col en V - Fil\u00e9 \u00e0 la main - Finition \u00e0 la main au niveau du col et des poignets - Boutonn\u00e9 \u00e0 la main au niveau des manches - Lavable en machine","og_url":"https:\/\/huntingeurope.be\/fr\/produit\/alan-paine-streetly-pull-a-col-vee-nebula\/","og_site_name":"Hunting Europe","article_publisher":"https:\/\/www.facebook.com\/jachtwinkel.europe\/","article_modified_time":"2025-11-25T17:51:09+00:00","og_image":[{"width":1066,"height":1075,"url":"https:\/\/huntingeurope.be\/wp-content\/uploads\/2022\/10\/Alan-Paine-Streetly-Vee-Neck-Trui-Nebula-768x1075-1.jpg","type":"image\/jpeg"}],"twitter_card":"summary_large_image","schema":{"@context":"https:\/\/schema.org","@graph":[{"@type":"WebPage","@id":"https:\/\/huntingeurope.be\/fr\/produit\/alan-paine-streetly-pull-a-col-vee-nebula\/","url":"https:\/\/huntingeurope.be\/fr\/produit\/alan-paine-streetly-pull-a-col-vee-nebula\/","name":"Alan Paine Streetly Pull \u00e0 col Vee - Nebula - Hunting Europe","isPartOf":{"@id":"https:\/\/huntingeurope.be\/fr\/?lang=en\/#website"},"primaryImageOfPage":{"@id":"https:\/\/huntingeurope.be\/fr\/produit\/alan-paine-streetly-pull-a-col-vee-nebula\/#primaryimage"},"image":{"@id":"https:\/\/huntingeurope.be\/fr\/produit\/alan-paine-streetly-pull-a-col-vee-nebula\/#primaryimage"},"thumbnailUrl":"https:\/\/huntingeurope.be\/wp-content\/uploads\/2022\/10\/Alan-Paine-Streetly-Vee-Neck-Trui-Nebula-768x1075-1.jpg","datePublished":"2022-10-04T16:58:24+00:00","dateModified":"2025-11-25T17:51:09+00:00","breadcrumb":{"@id":"https:\/\/huntingeurope.be\/fr\/produit\/alan-paine-streetly-pull-a-col-vee-nebula\/#breadcrumb"},"inLanguage":"fr-FR","potentialAction":[{"@type":"ReadAction","target":["https:\/\/huntingeurope.be\/fr\/produit\/alan-paine-streetly-pull-a-col-vee-nebula\/"]}]},{"@type":"ImageObject","inLanguage":"fr-FR","@id":"https:\/\/huntingeurope.be\/fr\/produit\/alan-paine-streetly-pull-a-col-vee-nebula\/#primaryimage","url":"https:\/\/huntingeurope.be\/wp-content\/uploads\/2022\/10\/Alan-Paine-Streetly-Vee-Neck-Trui-Nebula-768x1075-1.jpg","contentUrl":"https:\/\/huntingeurope.be\/wp-content\/uploads\/2022\/10\/Alan-Paine-Streetly-Vee-Neck-Trui-Nebula-768x1075-1.jpg","width":1066,"height":1075},{"@type":"BreadcrumbList","@id":"https:\/\/huntingeurope.be\/fr\/produit\/alan-paine-streetly-pull-a-col-vee-nebula\/#breadcrumb","itemListElement":[{"@type":"ListItem","position":1,"name":"Home","item":"https:\/\/huntingeurope.be\/fr\/"},{"@type":"ListItem","position":2,"name":"Produits","item":"https:\/\/huntingeurope.be\/fr\/shop\/"},{"@type":"ListItem","position":3,"name":"Alan Paine Streetly Pull \u00e0 col Vee &#8211; Nebula"}]},{"@type":"WebSite","@id":"https:\/\/huntingeurope.be\/fr\/?lang=en\/#website","url":"https:\/\/huntingeurope.be\/fr\/?lang=en\/","name":"Hunting Europe","description":"Alles voor de jacht","publisher":{"@id":"https:\/\/huntingeurope.be\/fr\/?lang=en\/#organization"},"potentialAction":[{"@type":"SearchAction","target":{"@type":"EntryPoint","urlTemplate":"https:\/\/huntingeurope.be\/fr\/?lang=en\/?s={search_term_string}"},"query-input":{"@type":"PropertyValueSpecification","valueRequired":true,"valueName":"search_term_string"}}],"inLanguage":"fr-FR"},{"@type":"Organization","@id":"https:\/\/huntingeurope.be\/fr\/?lang=en\/#organization","name":"Hunting Europe","url":"https:\/\/huntingeurope.be\/fr\/?lang=en\/","logo":{"@type":"ImageObject","inLanguage":"fr-FR","@id":"https:\/\/huntingeurope.be\/fr\/?lang=en\/#\/schema\/logo\/image\/","url":"https:\/\/huntingeurope.be\/wp-content\/uploads\/2021\/10\/Huntingeurope-1-1.png","contentUrl":"https:\/\/huntingeurope.be\/wp-content\/uploads\/2021\/10\/Huntingeurope-1-1.png","width":280,"height":179,"caption":"Hunting Europe"},"image":{"@id":"https:\/\/huntingeurope.be\/fr\/?lang=en\/#\/schema\/logo\/image\/"},"sameAs":["https:\/\/www.facebook.com\/jachtwinkel.europe\/","https:\/\/www.instagram.com\/huntingeurope\/","https:\/\/www.youtube.com\/user\/NickolaySmet\/videos?view_as=subscriber"]}]}},"df_price":89.99,"df_sale_price":"","df_regular_price":89.99,"df_image_link":"https:\/\/huntingeurope.be\/wp-content\/uploads\/2022\/10\/Alan-Paine-Streetly-Vee-Neck-Trui-Nebula-768x1075-1-297x300.jpg","_links":{"self":[{"href":"https:\/\/huntingeurope.be\/fr\/wp-json\/wp\/v2\/product\/38882","targetHints":{"allow":["GET"]}}],"collection":[{"href":"https:\/\/huntingeurope.be\/fr\/wp-json\/wp\/v2\/product"}],"about":[{"href":"https:\/\/huntingeurope.be\/fr\/wp-json\/wp\/v2\/types\/product"}],"wp:featuredmedia":[{"embeddable":true,"href":"https:\/\/huntingeurope.be\/fr\/wp-json\/wp\/v2\/media\/49666"}],"wp:attachment":[{"href":"https:\/\/huntingeurope.be\/fr\/wp-json\/wp\/v2\/media?parent=38882"}],"wp:term":[{"taxonomy":"product_brand","embeddable":true,"href":"https:\/\/huntingeurope.be\/fr\/wp-json\/wp\/v2\/product_brand?post=38882"},{"taxonomy":"product_cat","embeddable":true,"href":"https:\/\/huntingeurope.be\/fr\/wp-json\/wp\/v2\/product_cat?post=38882"},{"taxonomy":"product_tag","embeddable":true,"href":"https:\/\/huntingeurope.be\/fr\/wp-json\/wp\/v2\/product_tag?post=38882"}],"curies":[{"name":"wp","href":"https:\/\/api.w.org\/{rel}","templated":true}]}}