{"id":37966,"date":"2022-09-02T15:39:27","date_gmt":"2022-09-02T13:39:27","guid":{"rendered":"https:\/\/huntingeurope.be\/product\/chemise-en-flanelle-blaser-theodor\/"},"modified":"2025-11-25T17:45:19","modified_gmt":"2025-11-25T16:45:19","slug":"chemise-en-flanelle-blaser-theodor","status":"publish","type":"product","link":"https:\/\/huntingeurope.be\/fr\/produit\/chemise-en-flanelle-blaser-theodor\/","title":{"rendered":"Chemise en flanelle Blaser &#8211; Theodor"},"content":{"rendered":"","protected":false},"excerpt":{"rendered":"<p>Chemise en flanelle avec tissu super doux et motif \u00e0 carreaux.<\/p>\n<p>Mati\u00e8re : 60% coton 40% polyester<\/p>\n<p>Conseils d&rsquo;entretien :<br \/>\n40 \u00b0C lavage fin\/laine<br \/>\nLaver s\u00e9par\u00e9ment<br \/>\nNe pas utiliser d&rsquo;assouplissant<br \/>\nUtiliser un d\u00e9tergent doux<br \/>\nFermer toutes les fermetures avant le nettoyage<br \/>\nNe pas blanchir<br \/>\nS\u00e9cher par culbutage \u00e0 basse temp\u00e9rature<br \/>\nRepasser \u00e0 froid<br \/>\nNe pas nettoyer \u00e0 sec<br \/>\nNe pas nettoyer \u00e0 l&rsquo;eau<br \/>\nTenir \u00e0 l&rsquo;\u00e9cart du feu.<\/p>\n","protected":false},"featured_media":49225,"template":"","meta":{"_joinchat":[]},"product_brand":[],"product_cat":[569,874],"product_tag":[],"class_list":{"0":"post-37966","1":"product","2":"type-product","3":"status-publish","4":"has-post-thumbnail","6":"product_cat-chemises","7":"product_cat-vendredi-noir","9":"first","10":"instock","11":"sale","12":"taxable","13":"shipping-taxable","14":"purchasable","15":"product-type-variable"},"yoast_head":"<!-- This site is optimized with the Yoast SEO plugin v27.6 - https:\/\/yoast.com\/product\/yoast-seo-wordpress\/ -->\n<title>Chemise en flanelle Blaser - Theodor - Hunting Europe<\/title>\n<meta name=\"robots\" content=\"index, follow, max-snippet:-1, max-image-preview:large, max-video-preview:-1\" \/>\n<link rel=\"canonical\" href=\"https:\/\/huntingeurope.be\/fr\/produit\/chemise-en-flanelle-blaser-theodor\/\" \/>\n<meta property=\"og:locale\" content=\"fr_FR\" \/>\n<meta property=\"og:type\" content=\"article\" \/>\n<meta property=\"og:title\" content=\"Chemise en flanelle Blaser - Theodor - Hunting Europe\" \/>\n<meta property=\"og:description\" content=\"Chemise en flanelle avec tissu super doux et motif \u00e0 carreaux. Mati\u00e8re : 60% coton 40% polyester Conseils d&#039;entretien : 40 \u00b0C lavage fin\/laine Laver s\u00e9par\u00e9ment Ne pas utiliser d&#039;assouplissant Utiliser un d\u00e9tergent doux Fermer toutes les fermetures avant le nettoyage Ne pas blanchir S\u00e9cher par culbutage \u00e0 basse temp\u00e9rature Repasser \u00e0 froid Ne pas nettoyer \u00e0 sec Ne pas nettoyer \u00e0 l&#039;eau Tenir \u00e0 l&#039;\u00e9cart du feu.\" \/>\n<meta property=\"og:url\" content=\"https:\/\/huntingeurope.be\/fr\/produit\/chemise-en-flanelle-blaser-theodor\/\" \/>\n<meta property=\"og:site_name\" content=\"Hunting Europe\" \/>\n<meta property=\"article:publisher\" content=\"https:\/\/www.facebook.com\/jachtwinkel.europe\/\" \/>\n<meta property=\"article:modified_time\" content=\"2025-11-25T16:45:19+00:00\" \/>\n<meta property=\"og:image\" content=\"https:\/\/huntingeurope.be\/wp-content\/uploads\/2022\/09\/121058-087-351-Blaser-Herren-Hemd-Theodor-frontal.jpg\" \/>\n\t<meta property=\"og:image:width\" content=\"451\" \/>\n\t<meta property=\"og:image:height\" content=\"600\" \/>\n\t<meta property=\"og:image:type\" content=\"image\/jpeg\" \/>\n<meta name=\"twitter:card\" content=\"summary_large_image\" \/>\n<script type=\"application\/ld+json\" class=\"yoast-schema-graph\">{\"@context\":\"https:\\\/\\\/schema.org\",\"@graph\":[{\"@type\":\"WebPage\",\"@id\":\"https:\\\/\\\/huntingeurope.be\\\/fr\\\/produit\\\/chemise-en-flanelle-blaser-theodor\\\/\",\"url\":\"https:\\\/\\\/huntingeurope.be\\\/fr\\\/produit\\\/chemise-en-flanelle-blaser-theodor\\\/\",\"name\":\"Chemise en flanelle Blaser - Theodor - Hunting Europe\",\"isPartOf\":{\"@id\":\"https:\\\/\\\/huntingeurope.be\\\/fr\\\/?lang=en\\\/#website\"},\"primaryImageOfPage\":{\"@id\":\"https:\\\/\\\/huntingeurope.be\\\/fr\\\/produit\\\/chemise-en-flanelle-blaser-theodor\\\/#primaryimage\"},\"image\":{\"@id\":\"https:\\\/\\\/huntingeurope.be\\\/fr\\\/produit\\\/chemise-en-flanelle-blaser-theodor\\\/#primaryimage\"},\"thumbnailUrl\":\"https:\\\/\\\/huntingeurope.be\\\/wp-content\\\/uploads\\\/2022\\\/09\\\/121058-087-351-Blaser-Herren-Hemd-Theodor-frontal.jpg\",\"datePublished\":\"2022-09-02T13:39:27+00:00\",\"dateModified\":\"2025-11-25T16:45:19+00:00\",\"breadcrumb\":{\"@id\":\"https:\\\/\\\/huntingeurope.be\\\/fr\\\/produit\\\/chemise-en-flanelle-blaser-theodor\\\/#breadcrumb\"},\"inLanguage\":\"fr-FR\",\"potentialAction\":[{\"@type\":\"ReadAction\",\"target\":[\"https:\\\/\\\/huntingeurope.be\\\/fr\\\/produit\\\/chemise-en-flanelle-blaser-theodor\\\/\"]}]},{\"@type\":\"ImageObject\",\"inLanguage\":\"fr-FR\",\"@id\":\"https:\\\/\\\/huntingeurope.be\\\/fr\\\/produit\\\/chemise-en-flanelle-blaser-theodor\\\/#primaryimage\",\"url\":\"https:\\\/\\\/huntingeurope.be\\\/wp-content\\\/uploads\\\/2022\\\/09\\\/121058-087-351-Blaser-Herren-Hemd-Theodor-frontal.jpg\",\"contentUrl\":\"https:\\\/\\\/huntingeurope.be\\\/wp-content\\\/uploads\\\/2022\\\/09\\\/121058-087-351-Blaser-Herren-Hemd-Theodor-frontal.jpg\",\"width\":451,\"height\":600},{\"@type\":\"BreadcrumbList\",\"@id\":\"https:\\\/\\\/huntingeurope.be\\\/fr\\\/produit\\\/chemise-en-flanelle-blaser-theodor\\\/#breadcrumb\",\"itemListElement\":[{\"@type\":\"ListItem\",\"position\":1,\"name\":\"Home\",\"item\":\"https:\\\/\\\/huntingeurope.be\\\/fr\\\/\"},{\"@type\":\"ListItem\",\"position\":2,\"name\":\"Produits\",\"item\":\"https:\\\/\\\/huntingeurope.be\\\/fr\\\/shop\\\/\"},{\"@type\":\"ListItem\",\"position\":3,\"name\":\"Chemise en flanelle Blaser &#8211; Theodor\"}]},{\"@type\":\"WebSite\",\"@id\":\"https:\\\/\\\/huntingeurope.be\\\/fr\\\/?lang=en\\\/#website\",\"url\":\"https:\\\/\\\/huntingeurope.be\\\/fr\\\/?lang=en\\\/\",\"name\":\"Hunting Europe\",\"description\":\"Alles voor de jacht\",\"publisher\":{\"@id\":\"https:\\\/\\\/huntingeurope.be\\\/fr\\\/?lang=en\\\/#organization\"},\"potentialAction\":[{\"@type\":\"SearchAction\",\"target\":{\"@type\":\"EntryPoint\",\"urlTemplate\":\"https:\\\/\\\/huntingeurope.be\\\/fr\\\/?lang=en\\\/?s={search_term_string}\"},\"query-input\":{\"@type\":\"PropertyValueSpecification\",\"valueRequired\":true,\"valueName\":\"search_term_string\"}}],\"inLanguage\":\"fr-FR\"},{\"@type\":\"Organization\",\"@id\":\"https:\\\/\\\/huntingeurope.be\\\/fr\\\/?lang=en\\\/#organization\",\"name\":\"Hunting Europe\",\"url\":\"https:\\\/\\\/huntingeurope.be\\\/fr\\\/?lang=en\\\/\",\"logo\":{\"@type\":\"ImageObject\",\"inLanguage\":\"fr-FR\",\"@id\":\"https:\\\/\\\/huntingeurope.be\\\/fr\\\/?lang=en\\\/#\\\/schema\\\/logo\\\/image\\\/\",\"url\":\"https:\\\/\\\/huntingeurope.be\\\/wp-content\\\/uploads\\\/2021\\\/10\\\/Huntingeurope-1-1.png\",\"contentUrl\":\"https:\\\/\\\/huntingeurope.be\\\/wp-content\\\/uploads\\\/2021\\\/10\\\/Huntingeurope-1-1.png\",\"width\":280,\"height\":179,\"caption\":\"Hunting Europe\"},\"image\":{\"@id\":\"https:\\\/\\\/huntingeurope.be\\\/fr\\\/?lang=en\\\/#\\\/schema\\\/logo\\\/image\\\/\"},\"sameAs\":[\"https:\\\/\\\/www.facebook.com\\\/jachtwinkel.europe\\\/\",\"https:\\\/\\\/www.instagram.com\\\/huntingeurope\\\/\",\"https:\\\/\\\/www.youtube.com\\\/user\\\/NickolaySmet\\\/videos?view_as=subscriber\"]}]}<\/script>\n<!-- \/ Yoast SEO plugin. -->","yoast_head_json":{"title":"Chemise en flanelle Blaser - Theodor - Hunting Europe","robots":{"index":"index","follow":"follow","max-snippet":"max-snippet:-1","max-image-preview":"max-image-preview:large","max-video-preview":"max-video-preview:-1"},"canonical":"https:\/\/huntingeurope.be\/fr\/produit\/chemise-en-flanelle-blaser-theodor\/","og_locale":"fr_FR","og_type":"article","og_title":"Chemise en flanelle Blaser - Theodor - Hunting Europe","og_description":"Chemise en flanelle avec tissu super doux et motif \u00e0 carreaux. Mati\u00e8re : 60% coton 40% polyester Conseils d'entretien : 40 \u00b0C lavage fin\/laine Laver s\u00e9par\u00e9ment Ne pas utiliser d'assouplissant Utiliser un d\u00e9tergent doux Fermer toutes les fermetures avant le nettoyage Ne pas blanchir S\u00e9cher par culbutage \u00e0 basse temp\u00e9rature Repasser \u00e0 froid Ne pas nettoyer \u00e0 sec Ne pas nettoyer \u00e0 l'eau Tenir \u00e0 l'\u00e9cart du feu.","og_url":"https:\/\/huntingeurope.be\/fr\/produit\/chemise-en-flanelle-blaser-theodor\/","og_site_name":"Hunting Europe","article_publisher":"https:\/\/www.facebook.com\/jachtwinkel.europe\/","article_modified_time":"2025-11-25T16:45:19+00:00","og_image":[{"width":451,"height":600,"url":"https:\/\/huntingeurope.be\/wp-content\/uploads\/2022\/09\/121058-087-351-Blaser-Herren-Hemd-Theodor-frontal.jpg","type":"image\/jpeg"}],"twitter_card":"summary_large_image","schema":{"@context":"https:\/\/schema.org","@graph":[{"@type":"WebPage","@id":"https:\/\/huntingeurope.be\/fr\/produit\/chemise-en-flanelle-blaser-theodor\/","url":"https:\/\/huntingeurope.be\/fr\/produit\/chemise-en-flanelle-blaser-theodor\/","name":"Chemise en flanelle Blaser - Theodor - Hunting Europe","isPartOf":{"@id":"https:\/\/huntingeurope.be\/fr\/?lang=en\/#website"},"primaryImageOfPage":{"@id":"https:\/\/huntingeurope.be\/fr\/produit\/chemise-en-flanelle-blaser-theodor\/#primaryimage"},"image":{"@id":"https:\/\/huntingeurope.be\/fr\/produit\/chemise-en-flanelle-blaser-theodor\/#primaryimage"},"thumbnailUrl":"https:\/\/huntingeurope.be\/wp-content\/uploads\/2022\/09\/121058-087-351-Blaser-Herren-Hemd-Theodor-frontal.jpg","datePublished":"2022-09-02T13:39:27+00:00","dateModified":"2025-11-25T16:45:19+00:00","breadcrumb":{"@id":"https:\/\/huntingeurope.be\/fr\/produit\/chemise-en-flanelle-blaser-theodor\/#breadcrumb"},"inLanguage":"fr-FR","potentialAction":[{"@type":"ReadAction","target":["https:\/\/huntingeurope.be\/fr\/produit\/chemise-en-flanelle-blaser-theodor\/"]}]},{"@type":"ImageObject","inLanguage":"fr-FR","@id":"https:\/\/huntingeurope.be\/fr\/produit\/chemise-en-flanelle-blaser-theodor\/#primaryimage","url":"https:\/\/huntingeurope.be\/wp-content\/uploads\/2022\/09\/121058-087-351-Blaser-Herren-Hemd-Theodor-frontal.jpg","contentUrl":"https:\/\/huntingeurope.be\/wp-content\/uploads\/2022\/09\/121058-087-351-Blaser-Herren-Hemd-Theodor-frontal.jpg","width":451,"height":600},{"@type":"BreadcrumbList","@id":"https:\/\/huntingeurope.be\/fr\/produit\/chemise-en-flanelle-blaser-theodor\/#breadcrumb","itemListElement":[{"@type":"ListItem","position":1,"name":"Home","item":"https:\/\/huntingeurope.be\/fr\/"},{"@type":"ListItem","position":2,"name":"Produits","item":"https:\/\/huntingeurope.be\/fr\/shop\/"},{"@type":"ListItem","position":3,"name":"Chemise en flanelle Blaser &#8211; Theodor"}]},{"@type":"WebSite","@id":"https:\/\/huntingeurope.be\/fr\/?lang=en\/#website","url":"https:\/\/huntingeurope.be\/fr\/?lang=en\/","name":"Hunting Europe","description":"Alles voor de jacht","publisher":{"@id":"https:\/\/huntingeurope.be\/fr\/?lang=en\/#organization"},"potentialAction":[{"@type":"SearchAction","target":{"@type":"EntryPoint","urlTemplate":"https:\/\/huntingeurope.be\/fr\/?lang=en\/?s={search_term_string}"},"query-input":{"@type":"PropertyValueSpecification","valueRequired":true,"valueName":"search_term_string"}}],"inLanguage":"fr-FR"},{"@type":"Organization","@id":"https:\/\/huntingeurope.be\/fr\/?lang=en\/#organization","name":"Hunting Europe","url":"https:\/\/huntingeurope.be\/fr\/?lang=en\/","logo":{"@type":"ImageObject","inLanguage":"fr-FR","@id":"https:\/\/huntingeurope.be\/fr\/?lang=en\/#\/schema\/logo\/image\/","url":"https:\/\/huntingeurope.be\/wp-content\/uploads\/2021\/10\/Huntingeurope-1-1.png","contentUrl":"https:\/\/huntingeurope.be\/wp-content\/uploads\/2021\/10\/Huntingeurope-1-1.png","width":280,"height":179,"caption":"Hunting Europe"},"image":{"@id":"https:\/\/huntingeurope.be\/fr\/?lang=en\/#\/schema\/logo\/image\/"},"sameAs":["https:\/\/www.facebook.com\/jachtwinkel.europe\/","https:\/\/www.instagram.com\/huntingeurope\/","https:\/\/www.youtube.com\/user\/NickolaySmet\/videos?view_as=subscriber"]}]}},"df_price":62.5,"df_sale_price":"","df_regular_price":62.5,"df_image_link":"https:\/\/huntingeurope.be\/wp-content\/uploads\/2022\/09\/121058-087-351-Blaser-Herren-Hemd-Theodor-frontal-226x300.jpg","_links":{"self":[{"href":"https:\/\/huntingeurope.be\/fr\/wp-json\/wp\/v2\/product\/37966","targetHints":{"allow":["GET"]}}],"collection":[{"href":"https:\/\/huntingeurope.be\/fr\/wp-json\/wp\/v2\/product"}],"about":[{"href":"https:\/\/huntingeurope.be\/fr\/wp-json\/wp\/v2\/types\/product"}],"wp:featuredmedia":[{"embeddable":true,"href":"https:\/\/huntingeurope.be\/fr\/wp-json\/wp\/v2\/media\/49225"}],"wp:attachment":[{"href":"https:\/\/huntingeurope.be\/fr\/wp-json\/wp\/v2\/media?parent=37966"}],"wp:term":[{"taxonomy":"product_brand","embeddable":true,"href":"https:\/\/huntingeurope.be\/fr\/wp-json\/wp\/v2\/product_brand?post=37966"},{"taxonomy":"product_cat","embeddable":true,"href":"https:\/\/huntingeurope.be\/fr\/wp-json\/wp\/v2\/product_cat?post=37966"},{"taxonomy":"product_tag","embeddable":true,"href":"https:\/\/huntingeurope.be\/fr\/wp-json\/wp\/v2\/product_tag?post=37966"}],"curies":[{"name":"wp","href":"https:\/\/api.w.org\/{rel}","templated":true}]}}