{"id":37310,"date":"2022-08-19T11:05:11","date_gmt":"2022-08-19T09:05:11","guid":{"rendered":"https:\/\/huntingeurope.be\/product\/gilet-barbour-polarquilt-doublure-zippee-marron-fonce\/"},"modified":"2026-01-03T16:15:48","modified_gmt":"2026-01-03T15:15:48","slug":"gilet-barbour-polarquilt-doublure-zippee-marron-fonce","status":"publish","type":"product","link":"https:\/\/huntingeurope.be\/fr\/produit\/gilet-barbour-polarquilt-doublure-zippee-marron-fonce\/","title":{"rendered":"Gilet Barbour Polarquilt \/ Doublure zipp\u00e9e &#8211; Marron fonc\u00e9"},"content":{"rendered":"","protected":false},"excerpt":{"rendered":"<p>Ce gilet polyvalent peut \u00eatre zipp\u00e9 dans une veste interactive pour une isolation suppl\u00e9mentaire, ou simplement port\u00e9 sur une chemise sportive pour un look classique.<br \/>\nLe gilet Polarquilt\/Zip-In Liner est fabriqu\u00e9 \u00e0 partir du quilt \u00e9cossais signature de Barbour avec une doublure en polaire incroyablement chaude et est une pi\u00e8ce de superposition essentielle pour l&rsquo;hiver. La veste est dot\u00e9e d&rsquo;une poche int\u00e9rieure et de poches plaqu\u00e9es spacieuses avec broderie Barbour contrast\u00e9e, parfaitement assorties aux vestes de la collection Classic.<br \/>\nPolar quilt interactive zip in liner<br \/>\nLongueur du dos : 71-76 cm<\/p>\n","protected":false},"featured_media":49079,"template":"","meta":{"_joinchat":[]},"product_brand":[],"product_cat":[563,556],"product_tag":[],"class_list":{"0":"post-37310","1":"product","2":"type-product","3":"status-publish","4":"has-post-thumbnail","6":"product_cat-gilets-vetements","7":"product_cat-vestes","9":"first","10":"instock","11":"taxable","12":"shipping-taxable","13":"purchasable","14":"product-type-variable"},"yoast_head":"<!-- This site is optimized with the Yoast SEO plugin v27.3 - https:\/\/yoast.com\/product\/yoast-seo-wordpress\/ -->\n<title>Gilet Barbour Polarquilt \/ Doublure zipp\u00e9e - Marron fonc\u00e9 - Hunting Europe<\/title>\n<meta name=\"robots\" content=\"index, follow, max-snippet:-1, max-image-preview:large, max-video-preview:-1\" \/>\n<link rel=\"canonical\" href=\"https:\/\/huntingeurope.be\/fr\/produit\/gilet-barbour-polarquilt-doublure-zippee-marron-fonce\/\" \/>\n<meta property=\"og:locale\" content=\"fr_FR\" \/>\n<meta property=\"og:type\" content=\"article\" \/>\n<meta property=\"og:title\" content=\"Gilet Barbour Polarquilt \/ Doublure zipp\u00e9e - Marron fonc\u00e9 - Hunting Europe\" \/>\n<meta property=\"og:description\" content=\"Ce gilet polyvalent peut \u00eatre zipp\u00e9 dans une veste interactive pour une isolation suppl\u00e9mentaire, ou simplement port\u00e9 sur une chemise sportive pour un look classique. Le gilet Polarquilt\/Zip-In Liner est fabriqu\u00e9 \u00e0 partir du quilt \u00e9cossais signature de Barbour avec une doublure en polaire incroyablement chaude et est une pi\u00e8ce de superposition essentielle pour l&#039;hiver. La veste est dot\u00e9e d&#039;une poche int\u00e9rieure et de poches plaqu\u00e9es spacieuses avec broderie Barbour contrast\u00e9e, parfaitement assorties aux vestes de la collection Classic. Polar quilt interactive zip in liner Longueur du dos : 71-76 cm\" \/>\n<meta property=\"og:url\" content=\"https:\/\/huntingeurope.be\/fr\/produit\/gilet-barbour-polarquilt-doublure-zippee-marron-fonce\/\" \/>\n<meta property=\"og:site_name\" content=\"Hunting Europe\" \/>\n<meta property=\"article:publisher\" content=\"https:\/\/www.facebook.com\/jachtwinkel.europe\/\" \/>\n<meta property=\"article:modified_time\" content=\"2026-01-03T15:15:48+00:00\" \/>\n<meta property=\"og:image\" content=\"https:\/\/huntingeurope.be\/wp-content\/uploads\/2022\/09\/Barbour-Polarquilt-Waistcoat-Zip-In-Liner-Donker-Bruin.jpg\" \/>\n\t<meta property=\"og:image:width\" content=\"1500\" \/>\n\t<meta property=\"og:image:height\" content=\"1836\" \/>\n\t<meta property=\"og:image:type\" content=\"image\/jpeg\" \/>\n<meta name=\"twitter:card\" content=\"summary_large_image\" \/>\n<script type=\"application\/ld+json\" class=\"yoast-schema-graph\">{\"@context\":\"https:\\\/\\\/schema.org\",\"@graph\":[{\"@type\":\"WebPage\",\"@id\":\"https:\\\/\\\/huntingeurope.be\\\/fr\\\/produit\\\/gilet-barbour-polarquilt-doublure-zippee-marron-fonce\\\/\",\"url\":\"https:\\\/\\\/huntingeurope.be\\\/fr\\\/produit\\\/gilet-barbour-polarquilt-doublure-zippee-marron-fonce\\\/\",\"name\":\"Gilet Barbour Polarquilt \\\/ Doublure zipp\u00e9e - Marron fonc\u00e9 - Hunting Europe\",\"isPartOf\":{\"@id\":\"https:\\\/\\\/huntingeurope.be\\\/fr\\\/?lang=en\\\/#website\"},\"primaryImageOfPage\":{\"@id\":\"https:\\\/\\\/huntingeurope.be\\\/fr\\\/produit\\\/gilet-barbour-polarquilt-doublure-zippee-marron-fonce\\\/#primaryimage\"},\"image\":{\"@id\":\"https:\\\/\\\/huntingeurope.be\\\/fr\\\/produit\\\/gilet-barbour-polarquilt-doublure-zippee-marron-fonce\\\/#primaryimage\"},\"thumbnailUrl\":\"https:\\\/\\\/huntingeurope.be\\\/wp-content\\\/uploads\\\/2022\\\/09\\\/Barbour-Polarquilt-Waistcoat-Zip-In-Liner-Donker-Bruin.jpg\",\"datePublished\":\"2022-08-19T09:05:11+00:00\",\"dateModified\":\"2026-01-03T15:15:48+00:00\",\"breadcrumb\":{\"@id\":\"https:\\\/\\\/huntingeurope.be\\\/fr\\\/produit\\\/gilet-barbour-polarquilt-doublure-zippee-marron-fonce\\\/#breadcrumb\"},\"inLanguage\":\"fr-FR\",\"potentialAction\":[{\"@type\":\"ReadAction\",\"target\":[\"https:\\\/\\\/huntingeurope.be\\\/fr\\\/produit\\\/gilet-barbour-polarquilt-doublure-zippee-marron-fonce\\\/\"]}]},{\"@type\":\"ImageObject\",\"inLanguage\":\"fr-FR\",\"@id\":\"https:\\\/\\\/huntingeurope.be\\\/fr\\\/produit\\\/gilet-barbour-polarquilt-doublure-zippee-marron-fonce\\\/#primaryimage\",\"url\":\"https:\\\/\\\/huntingeurope.be\\\/wp-content\\\/uploads\\\/2022\\\/09\\\/Barbour-Polarquilt-Waistcoat-Zip-In-Liner-Donker-Bruin.jpg\",\"contentUrl\":\"https:\\\/\\\/huntingeurope.be\\\/wp-content\\\/uploads\\\/2022\\\/09\\\/Barbour-Polarquilt-Waistcoat-Zip-In-Liner-Donker-Bruin.jpg\",\"width\":1500,\"height\":1836},{\"@type\":\"BreadcrumbList\",\"@id\":\"https:\\\/\\\/huntingeurope.be\\\/fr\\\/produit\\\/gilet-barbour-polarquilt-doublure-zippee-marron-fonce\\\/#breadcrumb\",\"itemListElement\":[{\"@type\":\"ListItem\",\"position\":1,\"name\":\"Home\",\"item\":\"https:\\\/\\\/huntingeurope.be\\\/fr\\\/\"},{\"@type\":\"ListItem\",\"position\":2,\"name\":\"Produits\",\"item\":\"https:\\\/\\\/huntingeurope.be\\\/fr\\\/shop\\\/\"},{\"@type\":\"ListItem\",\"position\":3,\"name\":\"Gilet Barbour Polarquilt \\\/ Doublure zipp\u00e9e &#8211; Marron fonc\u00e9\"}]},{\"@type\":\"WebSite\",\"@id\":\"https:\\\/\\\/huntingeurope.be\\\/fr\\\/?lang=en\\\/#website\",\"url\":\"https:\\\/\\\/huntingeurope.be\\\/fr\\\/?lang=en\\\/\",\"name\":\"Hunting Europe\",\"description\":\"Alles voor de jacht\",\"publisher\":{\"@id\":\"https:\\\/\\\/huntingeurope.be\\\/fr\\\/?lang=en\\\/#organization\"},\"potentialAction\":[{\"@type\":\"SearchAction\",\"target\":{\"@type\":\"EntryPoint\",\"urlTemplate\":\"https:\\\/\\\/huntingeurope.be\\\/fr\\\/?lang=en\\\/?s={search_term_string}\"},\"query-input\":{\"@type\":\"PropertyValueSpecification\",\"valueRequired\":true,\"valueName\":\"search_term_string\"}}],\"inLanguage\":\"fr-FR\"},{\"@type\":\"Organization\",\"@id\":\"https:\\\/\\\/huntingeurope.be\\\/fr\\\/?lang=en\\\/#organization\",\"name\":\"Hunting Europe\",\"url\":\"https:\\\/\\\/huntingeurope.be\\\/fr\\\/?lang=en\\\/\",\"logo\":{\"@type\":\"ImageObject\",\"inLanguage\":\"fr-FR\",\"@id\":\"https:\\\/\\\/huntingeurope.be\\\/fr\\\/?lang=en\\\/#\\\/schema\\\/logo\\\/image\\\/\",\"url\":\"https:\\\/\\\/huntingeurope.be\\\/wp-content\\\/uploads\\\/2021\\\/10\\\/Huntingeurope-1-1.png\",\"contentUrl\":\"https:\\\/\\\/huntingeurope.be\\\/wp-content\\\/uploads\\\/2021\\\/10\\\/Huntingeurope-1-1.png\",\"width\":280,\"height\":179,\"caption\":\"Hunting Europe\"},\"image\":{\"@id\":\"https:\\\/\\\/huntingeurope.be\\\/fr\\\/?lang=en\\\/#\\\/schema\\\/logo\\\/image\\\/\"},\"sameAs\":[\"https:\\\/\\\/www.facebook.com\\\/jachtwinkel.europe\\\/\",\"https:\\\/\\\/www.instagram.com\\\/huntingeurope\\\/\",\"https:\\\/\\\/www.youtube.com\\\/user\\\/NickolaySmet\\\/videos?view_as=subscriber\"]}]}<\/script>\n<!-- \/ Yoast SEO plugin. -->","yoast_head_json":{"title":"Gilet Barbour Polarquilt \/ Doublure zipp\u00e9e - Marron fonc\u00e9 - Hunting Europe","robots":{"index":"index","follow":"follow","max-snippet":"max-snippet:-1","max-image-preview":"max-image-preview:large","max-video-preview":"max-video-preview:-1"},"canonical":"https:\/\/huntingeurope.be\/fr\/produit\/gilet-barbour-polarquilt-doublure-zippee-marron-fonce\/","og_locale":"fr_FR","og_type":"article","og_title":"Gilet Barbour Polarquilt \/ Doublure zipp\u00e9e - Marron fonc\u00e9 - Hunting Europe","og_description":"Ce gilet polyvalent peut \u00eatre zipp\u00e9 dans une veste interactive pour une isolation suppl\u00e9mentaire, ou simplement port\u00e9 sur une chemise sportive pour un look classique. Le gilet Polarquilt\/Zip-In Liner est fabriqu\u00e9 \u00e0 partir du quilt \u00e9cossais signature de Barbour avec une doublure en polaire incroyablement chaude et est une pi\u00e8ce de superposition essentielle pour l'hiver. La veste est dot\u00e9e d'une poche int\u00e9rieure et de poches plaqu\u00e9es spacieuses avec broderie Barbour contrast\u00e9e, parfaitement assorties aux vestes de la collection Classic. Polar quilt interactive zip in liner Longueur du dos : 71-76 cm","og_url":"https:\/\/huntingeurope.be\/fr\/produit\/gilet-barbour-polarquilt-doublure-zippee-marron-fonce\/","og_site_name":"Hunting Europe","article_publisher":"https:\/\/www.facebook.com\/jachtwinkel.europe\/","article_modified_time":"2026-01-03T15:15:48+00:00","og_image":[{"width":1500,"height":1836,"url":"https:\/\/huntingeurope.be\/wp-content\/uploads\/2022\/09\/Barbour-Polarquilt-Waistcoat-Zip-In-Liner-Donker-Bruin.jpg","type":"image\/jpeg"}],"twitter_card":"summary_large_image","schema":{"@context":"https:\/\/schema.org","@graph":[{"@type":"WebPage","@id":"https:\/\/huntingeurope.be\/fr\/produit\/gilet-barbour-polarquilt-doublure-zippee-marron-fonce\/","url":"https:\/\/huntingeurope.be\/fr\/produit\/gilet-barbour-polarquilt-doublure-zippee-marron-fonce\/","name":"Gilet Barbour Polarquilt \/ Doublure zipp\u00e9e - Marron fonc\u00e9 - Hunting Europe","isPartOf":{"@id":"https:\/\/huntingeurope.be\/fr\/?lang=en\/#website"},"primaryImageOfPage":{"@id":"https:\/\/huntingeurope.be\/fr\/produit\/gilet-barbour-polarquilt-doublure-zippee-marron-fonce\/#primaryimage"},"image":{"@id":"https:\/\/huntingeurope.be\/fr\/produit\/gilet-barbour-polarquilt-doublure-zippee-marron-fonce\/#primaryimage"},"thumbnailUrl":"https:\/\/huntingeurope.be\/wp-content\/uploads\/2022\/09\/Barbour-Polarquilt-Waistcoat-Zip-In-Liner-Donker-Bruin.jpg","datePublished":"2022-08-19T09:05:11+00:00","dateModified":"2026-01-03T15:15:48+00:00","breadcrumb":{"@id":"https:\/\/huntingeurope.be\/fr\/produit\/gilet-barbour-polarquilt-doublure-zippee-marron-fonce\/#breadcrumb"},"inLanguage":"fr-FR","potentialAction":[{"@type":"ReadAction","target":["https:\/\/huntingeurope.be\/fr\/produit\/gilet-barbour-polarquilt-doublure-zippee-marron-fonce\/"]}]},{"@type":"ImageObject","inLanguage":"fr-FR","@id":"https:\/\/huntingeurope.be\/fr\/produit\/gilet-barbour-polarquilt-doublure-zippee-marron-fonce\/#primaryimage","url":"https:\/\/huntingeurope.be\/wp-content\/uploads\/2022\/09\/Barbour-Polarquilt-Waistcoat-Zip-In-Liner-Donker-Bruin.jpg","contentUrl":"https:\/\/huntingeurope.be\/wp-content\/uploads\/2022\/09\/Barbour-Polarquilt-Waistcoat-Zip-In-Liner-Donker-Bruin.jpg","width":1500,"height":1836},{"@type":"BreadcrumbList","@id":"https:\/\/huntingeurope.be\/fr\/produit\/gilet-barbour-polarquilt-doublure-zippee-marron-fonce\/#breadcrumb","itemListElement":[{"@type":"ListItem","position":1,"name":"Home","item":"https:\/\/huntingeurope.be\/fr\/"},{"@type":"ListItem","position":2,"name":"Produits","item":"https:\/\/huntingeurope.be\/fr\/shop\/"},{"@type":"ListItem","position":3,"name":"Gilet Barbour Polarquilt \/ Doublure zipp\u00e9e &#8211; Marron fonc\u00e9"}]},{"@type":"WebSite","@id":"https:\/\/huntingeurope.be\/fr\/?lang=en\/#website","url":"https:\/\/huntingeurope.be\/fr\/?lang=en\/","name":"Hunting Europe","description":"Alles voor de jacht","publisher":{"@id":"https:\/\/huntingeurope.be\/fr\/?lang=en\/#organization"},"potentialAction":[{"@type":"SearchAction","target":{"@type":"EntryPoint","urlTemplate":"https:\/\/huntingeurope.be\/fr\/?lang=en\/?s={search_term_string}"},"query-input":{"@type":"PropertyValueSpecification","valueRequired":true,"valueName":"search_term_string"}}],"inLanguage":"fr-FR"},{"@type":"Organization","@id":"https:\/\/huntingeurope.be\/fr\/?lang=en\/#organization","name":"Hunting Europe","url":"https:\/\/huntingeurope.be\/fr\/?lang=en\/","logo":{"@type":"ImageObject","inLanguage":"fr-FR","@id":"https:\/\/huntingeurope.be\/fr\/?lang=en\/#\/schema\/logo\/image\/","url":"https:\/\/huntingeurope.be\/wp-content\/uploads\/2021\/10\/Huntingeurope-1-1.png","contentUrl":"https:\/\/huntingeurope.be\/wp-content\/uploads\/2021\/10\/Huntingeurope-1-1.png","width":280,"height":179,"caption":"Hunting Europe"},"image":{"@id":"https:\/\/huntingeurope.be\/fr\/?lang=en\/#\/schema\/logo\/image\/"},"sameAs":["https:\/\/www.facebook.com\/jachtwinkel.europe\/","https:\/\/www.instagram.com\/huntingeurope\/","https:\/\/www.youtube.com\/user\/NickolaySmet\/videos?view_as=subscriber"]}]}},"df_price":139.95,"df_sale_price":"","df_regular_price":139.95,"df_image_link":"https:\/\/huntingeurope.be\/wp-content\/uploads\/2022\/09\/Barbour-Polarquilt-Waistcoat-Zip-In-Liner-Donker-Bruin-245x300.jpg","_links":{"self":[{"href":"https:\/\/huntingeurope.be\/fr\/wp-json\/wp\/v2\/product\/37310","targetHints":{"allow":["GET"]}}],"collection":[{"href":"https:\/\/huntingeurope.be\/fr\/wp-json\/wp\/v2\/product"}],"about":[{"href":"https:\/\/huntingeurope.be\/fr\/wp-json\/wp\/v2\/types\/product"}],"wp:featuredmedia":[{"embeddable":true,"href":"https:\/\/huntingeurope.be\/fr\/wp-json\/wp\/v2\/media\/49079"}],"wp:attachment":[{"href":"https:\/\/huntingeurope.be\/fr\/wp-json\/wp\/v2\/media?parent=37310"}],"wp:term":[{"taxonomy":"product_brand","embeddable":true,"href":"https:\/\/huntingeurope.be\/fr\/wp-json\/wp\/v2\/product_brand?post=37310"},{"taxonomy":"product_cat","embeddable":true,"href":"https:\/\/huntingeurope.be\/fr\/wp-json\/wp\/v2\/product_cat?post=37310"},{"taxonomy":"product_tag","embeddable":true,"href":"https:\/\/huntingeurope.be\/fr\/wp-json\/wp\/v2\/product_tag?post=37310"}],"curies":[{"name":"wp","href":"https:\/\/api.w.org\/{rel}","templated":true}]}}