{"id":36987,"date":"2022-08-12T12:29:32","date_gmt":"2022-08-12T10:29:32","guid":{"rendered":"https:\/\/huntingeurope.be\/product\/veste-barbour-classic-beaufort-wax-olive\/"},"modified":"2025-12-06T21:39:26","modified_gmt":"2025-12-06T20:39:26","slug":"veste-barbour-classic-beaufort-wax-olive","status":"publish","type":"product","link":"https:\/\/huntingeurope.be\/fr\/produit\/veste-barbour-classic-beaufort-wax-olive\/","title":{"rendered":"Barbour Classic Beaufort Wax jacket &#8211; Olive"},"content":{"rendered":"","protected":false},"excerpt":{"rendered":"<p>La veste Classic Beaufort est une veste cir\u00e9e \u00e9l\u00e9gante et pratique pour les hommes, avec un look campagnard intemporel et un ext\u00e9rieur en Sylkoil.<\/p>\n<p>Cette veste Barbour polyvalente est suffisamment r\u00e9sistante pour braver les intemp\u00e9ries, mais aussi pour \u00eatre port\u00e9e en ville. Sa coupe d\u00e9contract\u00e9e est parfaite pour \u00eatre port\u00e9e sur un costume pour aller au travail. Id\u00e9al pour une utilisation tout au long de l&rsquo;ann\u00e9e, il est dot\u00e9 d&rsquo;une doublure 100 % coton avec l&rsquo;imprim\u00e9 \u00e0 carreaux embl\u00e9matique de Barbour et d&rsquo;une fermeture \u00e0 glissi\u00e8re interactive con\u00e7ue pour s&rsquo;associer \u00e0 une doublure matelass\u00e9e en option lorsque vous avez besoin d&rsquo;une isolation suppl\u00e9mentaire.<\/p>\n<p>Le col en velours c\u00f4tel\u00e9 du Beaufort Classic est luxueusement doux au toucher et comporte des boutons-pression pour une capuche optionnelle, tandis que la fermeture \u00e0 glissi\u00e8re \u00e0 double sens, le rabat-temp\u00eate avec boutons-pression sur le devant et les poignets coupe-vent avec fermeture velcro emp\u00eachent les courants d&rsquo;air. Deux poches basses offrent suffisamment d&rsquo;espace pour les objets essentiels, et les poches chauffe-mains doubl\u00e9es de moleskine offrent une chaleur bienvenue les jours de grand froid. Un sac de jeu pratique \u00e0 l&rsquo;arri\u00e8re compl\u00e8te l&rsquo;impressionnante gamme de caract\u00e9ristiques fonctionnelles.<\/p>\n<p>Sylkoil Barbour de poids moyen<br \/>\nDoublure Barbour Tartan en pur coton<br \/>\nCol en velours c\u00f4tel\u00e9<br \/>\nDouble fermeture \u00e0 glissi\u00e8re<br \/>\nDeux grandes poches \u00e0 soufflet<br \/>\nDeux poches chauffe-mains<br \/>\nPoche arri\u00e8re matelass\u00e9e sur toute la largeur avec fermetures \u00e0 glissi\u00e8re lat\u00e9rales<br \/>\nPoignets coupe-vent avec fermeture velcro<br \/>\nPoche zipp\u00e9e suppl\u00e9mentaire sous le rabat temp\u00eate<br \/>\nBraguette temp\u00eate clout\u00e9e<br \/>\nLongueur : 33-34ins | 84-86.5cm<br \/>\nClout\u00e9 pour capuche optionnelle<br \/>\nFermeture \u00e0 glissi\u00e8re interactive<\/p>\n","protected":false},"featured_media":49392,"template":"","meta":{"_joinchat":[]},"product_brand":[],"product_cat":[556],"product_tag":[],"class_list":{"0":"post-36987","1":"product","2":"type-product","3":"status-publish","4":"has-post-thumbnail","6":"product_cat-vestes","8":"first","9":"instock","10":"taxable","11":"shipping-taxable","12":"purchasable","13":"product-type-variable"},"yoast_head":"<!-- This site is optimized with the Yoast SEO plugin v27.4 - https:\/\/yoast.com\/product\/yoast-seo-wordpress\/ -->\n<title>Barbour Classic Beaufort Wax jacket - Olive - Hunting Europe<\/title>\n<meta name=\"robots\" content=\"index, follow, max-snippet:-1, max-image-preview:large, max-video-preview:-1\" \/>\n<link rel=\"canonical\" href=\"https:\/\/huntingeurope.be\/fr\/produit\/veste-barbour-classic-beaufort-wax-olive\/\" \/>\n<meta property=\"og:locale\" content=\"fr_FR\" \/>\n<meta property=\"og:type\" content=\"article\" \/>\n<meta property=\"og:title\" content=\"Barbour Classic Beaufort Wax jacket - Olive - Hunting Europe\" \/>\n<meta property=\"og:description\" content=\"La veste Classic Beaufort est une veste cir\u00e9e \u00e9l\u00e9gante et pratique pour les hommes, avec un look campagnard intemporel et un ext\u00e9rieur en Sylkoil. Cette veste Barbour polyvalente est suffisamment r\u00e9sistante pour braver les intemp\u00e9ries, mais aussi pour \u00eatre port\u00e9e en ville. Sa coupe d\u00e9contract\u00e9e est parfaite pour \u00eatre port\u00e9e sur un costume pour aller au travail. Id\u00e9al pour une utilisation tout au long de l&#039;ann\u00e9e, il est dot\u00e9 d&#039;une doublure 100 % coton avec l&#039;imprim\u00e9 \u00e0 carreaux embl\u00e9matique de Barbour et d&#039;une fermeture \u00e0 glissi\u00e8re interactive con\u00e7ue pour s&#039;associer \u00e0 une doublure matelass\u00e9e en option lorsque vous avez besoin d&#039;une isolation suppl\u00e9mentaire. Le col en velours c\u00f4tel\u00e9 du Beaufort Classic est luxueusement doux au toucher et comporte des boutons-pression pour une capuche optionnelle, tandis que la fermeture \u00e0 glissi\u00e8re \u00e0 double sens, le rabat-temp\u00eate avec boutons-pression sur le devant et les poignets coupe-vent avec fermeture velcro emp\u00eachent les courants d&#039;air. Deux poches basses offrent suffisamment d&#039;espace pour les objets essentiels, et les poches chauffe-mains doubl\u00e9es de moleskine offrent une chaleur bienvenue les jours de grand froid. Un sac de jeu pratique \u00e0 l&#039;arri\u00e8re compl\u00e8te l&#039;impressionnante gamme de caract\u00e9ristiques fonctionnelles. Sylkoil Barbour de poids moyen Doublure Barbour Tartan en pur coton Col en velours c\u00f4tel\u00e9 Double fermeture \u00e0 glissi\u00e8re Deux grandes poches \u00e0 soufflet Deux poches chauffe-mains Poche arri\u00e8re matelass\u00e9e sur toute la largeur avec fermetures \u00e0 glissi\u00e8re lat\u00e9rales Poignets coupe-vent avec fermeture velcro Poche zipp\u00e9e suppl\u00e9mentaire sous le rabat temp\u00eate Braguette temp\u00eate clout\u00e9e Longueur : 33-34ins | 84-86.5cm Clout\u00e9 pour capuche optionnelle Fermeture \u00e0 glissi\u00e8re interactive\" \/>\n<meta property=\"og:url\" content=\"https:\/\/huntingeurope.be\/fr\/produit\/veste-barbour-classic-beaufort-wax-olive\/\" \/>\n<meta property=\"og:site_name\" content=\"Hunting Europe\" \/>\n<meta property=\"article:publisher\" content=\"https:\/\/www.facebook.com\/jachtwinkel.europe\/\" \/>\n<meta property=\"article:modified_time\" content=\"2025-12-06T20:39:26+00:00\" \/>\n<meta property=\"og:image\" content=\"https:\/\/huntingeurope.be\/wp-content\/uploads\/2022\/09\/Barbour-Classic-Beaufort-Wax-jas-Olive.jpg\" \/>\n\t<meta property=\"og:image:width\" content=\"1500\" \/>\n\t<meta property=\"og:image:height\" content=\"1836\" \/>\n\t<meta property=\"og:image:type\" content=\"image\/jpeg\" \/>\n<meta name=\"twitter:card\" content=\"summary_large_image\" \/>\n<script type=\"application\/ld+json\" class=\"yoast-schema-graph\">{\"@context\":\"https:\\\/\\\/schema.org\",\"@graph\":[{\"@type\":\"WebPage\",\"@id\":\"https:\\\/\\\/huntingeurope.be\\\/fr\\\/produit\\\/veste-barbour-classic-beaufort-wax-olive\\\/\",\"url\":\"https:\\\/\\\/huntingeurope.be\\\/fr\\\/produit\\\/veste-barbour-classic-beaufort-wax-olive\\\/\",\"name\":\"Barbour Classic Beaufort Wax jacket - Olive - Hunting Europe\",\"isPartOf\":{\"@id\":\"https:\\\/\\\/huntingeurope.be\\\/fr\\\/?lang=en\\\/#website\"},\"primaryImageOfPage\":{\"@id\":\"https:\\\/\\\/huntingeurope.be\\\/fr\\\/produit\\\/veste-barbour-classic-beaufort-wax-olive\\\/#primaryimage\"},\"image\":{\"@id\":\"https:\\\/\\\/huntingeurope.be\\\/fr\\\/produit\\\/veste-barbour-classic-beaufort-wax-olive\\\/#primaryimage\"},\"thumbnailUrl\":\"https:\\\/\\\/huntingeurope.be\\\/wp-content\\\/uploads\\\/2022\\\/09\\\/Barbour-Classic-Beaufort-Wax-jas-Olive.jpg\",\"datePublished\":\"2022-08-12T10:29:32+00:00\",\"dateModified\":\"2025-12-06T20:39:26+00:00\",\"breadcrumb\":{\"@id\":\"https:\\\/\\\/huntingeurope.be\\\/fr\\\/produit\\\/veste-barbour-classic-beaufort-wax-olive\\\/#breadcrumb\"},\"inLanguage\":\"fr-FR\",\"potentialAction\":[{\"@type\":\"ReadAction\",\"target\":[\"https:\\\/\\\/huntingeurope.be\\\/fr\\\/produit\\\/veste-barbour-classic-beaufort-wax-olive\\\/\"]}]},{\"@type\":\"ImageObject\",\"inLanguage\":\"fr-FR\",\"@id\":\"https:\\\/\\\/huntingeurope.be\\\/fr\\\/produit\\\/veste-barbour-classic-beaufort-wax-olive\\\/#primaryimage\",\"url\":\"https:\\\/\\\/huntingeurope.be\\\/wp-content\\\/uploads\\\/2022\\\/09\\\/Barbour-Classic-Beaufort-Wax-jas-Olive.jpg\",\"contentUrl\":\"https:\\\/\\\/huntingeurope.be\\\/wp-content\\\/uploads\\\/2022\\\/09\\\/Barbour-Classic-Beaufort-Wax-jas-Olive.jpg\",\"width\":1500,\"height\":1836},{\"@type\":\"BreadcrumbList\",\"@id\":\"https:\\\/\\\/huntingeurope.be\\\/fr\\\/produit\\\/veste-barbour-classic-beaufort-wax-olive\\\/#breadcrumb\",\"itemListElement\":[{\"@type\":\"ListItem\",\"position\":1,\"name\":\"Home\",\"item\":\"https:\\\/\\\/huntingeurope.be\\\/fr\\\/\"},{\"@type\":\"ListItem\",\"position\":2,\"name\":\"Produits\",\"item\":\"https:\\\/\\\/huntingeurope.be\\\/fr\\\/shop\\\/\"},{\"@type\":\"ListItem\",\"position\":3,\"name\":\"Barbour Classic Beaufort Wax jacket &#8211; Olive\"}]},{\"@type\":\"WebSite\",\"@id\":\"https:\\\/\\\/huntingeurope.be\\\/fr\\\/?lang=en\\\/#website\",\"url\":\"https:\\\/\\\/huntingeurope.be\\\/fr\\\/?lang=en\\\/\",\"name\":\"Hunting Europe\",\"description\":\"Alles voor de jacht\",\"publisher\":{\"@id\":\"https:\\\/\\\/huntingeurope.be\\\/fr\\\/?lang=en\\\/#organization\"},\"potentialAction\":[{\"@type\":\"SearchAction\",\"target\":{\"@type\":\"EntryPoint\",\"urlTemplate\":\"https:\\\/\\\/huntingeurope.be\\\/fr\\\/?lang=en\\\/?s={search_term_string}\"},\"query-input\":{\"@type\":\"PropertyValueSpecification\",\"valueRequired\":true,\"valueName\":\"search_term_string\"}}],\"inLanguage\":\"fr-FR\"},{\"@type\":\"Organization\",\"@id\":\"https:\\\/\\\/huntingeurope.be\\\/fr\\\/?lang=en\\\/#organization\",\"name\":\"Hunting Europe\",\"url\":\"https:\\\/\\\/huntingeurope.be\\\/fr\\\/?lang=en\\\/\",\"logo\":{\"@type\":\"ImageObject\",\"inLanguage\":\"fr-FR\",\"@id\":\"https:\\\/\\\/huntingeurope.be\\\/fr\\\/?lang=en\\\/#\\\/schema\\\/logo\\\/image\\\/\",\"url\":\"https:\\\/\\\/huntingeurope.be\\\/wp-content\\\/uploads\\\/2021\\\/10\\\/Huntingeurope-1-1.png\",\"contentUrl\":\"https:\\\/\\\/huntingeurope.be\\\/wp-content\\\/uploads\\\/2021\\\/10\\\/Huntingeurope-1-1.png\",\"width\":280,\"height\":179,\"caption\":\"Hunting Europe\"},\"image\":{\"@id\":\"https:\\\/\\\/huntingeurope.be\\\/fr\\\/?lang=en\\\/#\\\/schema\\\/logo\\\/image\\\/\"},\"sameAs\":[\"https:\\\/\\\/www.facebook.com\\\/jachtwinkel.europe\\\/\",\"https:\\\/\\\/www.instagram.com\\\/huntingeurope\\\/\",\"https:\\\/\\\/www.youtube.com\\\/user\\\/NickolaySmet\\\/videos?view_as=subscriber\"]}]}<\/script>\n<!-- \/ Yoast SEO plugin. -->","yoast_head_json":{"title":"Barbour Classic Beaufort Wax jacket - Olive - Hunting Europe","robots":{"index":"index","follow":"follow","max-snippet":"max-snippet:-1","max-image-preview":"max-image-preview:large","max-video-preview":"max-video-preview:-1"},"canonical":"https:\/\/huntingeurope.be\/fr\/produit\/veste-barbour-classic-beaufort-wax-olive\/","og_locale":"fr_FR","og_type":"article","og_title":"Barbour Classic Beaufort Wax jacket - Olive - Hunting Europe","og_description":"La veste Classic Beaufort est une veste cir\u00e9e \u00e9l\u00e9gante et pratique pour les hommes, avec un look campagnard intemporel et un ext\u00e9rieur en Sylkoil. Cette veste Barbour polyvalente est suffisamment r\u00e9sistante pour braver les intemp\u00e9ries, mais aussi pour \u00eatre port\u00e9e en ville. Sa coupe d\u00e9contract\u00e9e est parfaite pour \u00eatre port\u00e9e sur un costume pour aller au travail. Id\u00e9al pour une utilisation tout au long de l'ann\u00e9e, il est dot\u00e9 d'une doublure 100 % coton avec l'imprim\u00e9 \u00e0 carreaux embl\u00e9matique de Barbour et d'une fermeture \u00e0 glissi\u00e8re interactive con\u00e7ue pour s'associer \u00e0 une doublure matelass\u00e9e en option lorsque vous avez besoin d'une isolation suppl\u00e9mentaire. Le col en velours c\u00f4tel\u00e9 du Beaufort Classic est luxueusement doux au toucher et comporte des boutons-pression pour une capuche optionnelle, tandis que la fermeture \u00e0 glissi\u00e8re \u00e0 double sens, le rabat-temp\u00eate avec boutons-pression sur le devant et les poignets coupe-vent avec fermeture velcro emp\u00eachent les courants d'air. Deux poches basses offrent suffisamment d'espace pour les objets essentiels, et les poches chauffe-mains doubl\u00e9es de moleskine offrent une chaleur bienvenue les jours de grand froid. Un sac de jeu pratique \u00e0 l'arri\u00e8re compl\u00e8te l'impressionnante gamme de caract\u00e9ristiques fonctionnelles. Sylkoil Barbour de poids moyen Doublure Barbour Tartan en pur coton Col en velours c\u00f4tel\u00e9 Double fermeture \u00e0 glissi\u00e8re Deux grandes poches \u00e0 soufflet Deux poches chauffe-mains Poche arri\u00e8re matelass\u00e9e sur toute la largeur avec fermetures \u00e0 glissi\u00e8re lat\u00e9rales Poignets coupe-vent avec fermeture velcro Poche zipp\u00e9e suppl\u00e9mentaire sous le rabat temp\u00eate Braguette temp\u00eate clout\u00e9e Longueur : 33-34ins | 84-86.5cm Clout\u00e9 pour capuche optionnelle Fermeture \u00e0 glissi\u00e8re interactive","og_url":"https:\/\/huntingeurope.be\/fr\/produit\/veste-barbour-classic-beaufort-wax-olive\/","og_site_name":"Hunting Europe","article_publisher":"https:\/\/www.facebook.com\/jachtwinkel.europe\/","article_modified_time":"2025-12-06T20:39:26+00:00","og_image":[{"width":1500,"height":1836,"url":"https:\/\/huntingeurope.be\/wp-content\/uploads\/2022\/09\/Barbour-Classic-Beaufort-Wax-jas-Olive.jpg","type":"image\/jpeg"}],"twitter_card":"summary_large_image","schema":{"@context":"https:\/\/schema.org","@graph":[{"@type":"WebPage","@id":"https:\/\/huntingeurope.be\/fr\/produit\/veste-barbour-classic-beaufort-wax-olive\/","url":"https:\/\/huntingeurope.be\/fr\/produit\/veste-barbour-classic-beaufort-wax-olive\/","name":"Barbour Classic Beaufort Wax jacket - Olive - Hunting Europe","isPartOf":{"@id":"https:\/\/huntingeurope.be\/fr\/?lang=en\/#website"},"primaryImageOfPage":{"@id":"https:\/\/huntingeurope.be\/fr\/produit\/veste-barbour-classic-beaufort-wax-olive\/#primaryimage"},"image":{"@id":"https:\/\/huntingeurope.be\/fr\/produit\/veste-barbour-classic-beaufort-wax-olive\/#primaryimage"},"thumbnailUrl":"https:\/\/huntingeurope.be\/wp-content\/uploads\/2022\/09\/Barbour-Classic-Beaufort-Wax-jas-Olive.jpg","datePublished":"2022-08-12T10:29:32+00:00","dateModified":"2025-12-06T20:39:26+00:00","breadcrumb":{"@id":"https:\/\/huntingeurope.be\/fr\/produit\/veste-barbour-classic-beaufort-wax-olive\/#breadcrumb"},"inLanguage":"fr-FR","potentialAction":[{"@type":"ReadAction","target":["https:\/\/huntingeurope.be\/fr\/produit\/veste-barbour-classic-beaufort-wax-olive\/"]}]},{"@type":"ImageObject","inLanguage":"fr-FR","@id":"https:\/\/huntingeurope.be\/fr\/produit\/veste-barbour-classic-beaufort-wax-olive\/#primaryimage","url":"https:\/\/huntingeurope.be\/wp-content\/uploads\/2022\/09\/Barbour-Classic-Beaufort-Wax-jas-Olive.jpg","contentUrl":"https:\/\/huntingeurope.be\/wp-content\/uploads\/2022\/09\/Barbour-Classic-Beaufort-Wax-jas-Olive.jpg","width":1500,"height":1836},{"@type":"BreadcrumbList","@id":"https:\/\/huntingeurope.be\/fr\/produit\/veste-barbour-classic-beaufort-wax-olive\/#breadcrumb","itemListElement":[{"@type":"ListItem","position":1,"name":"Home","item":"https:\/\/huntingeurope.be\/fr\/"},{"@type":"ListItem","position":2,"name":"Produits","item":"https:\/\/huntingeurope.be\/fr\/shop\/"},{"@type":"ListItem","position":3,"name":"Barbour Classic Beaufort Wax jacket &#8211; Olive"}]},{"@type":"WebSite","@id":"https:\/\/huntingeurope.be\/fr\/?lang=en\/#website","url":"https:\/\/huntingeurope.be\/fr\/?lang=en\/","name":"Hunting Europe","description":"Alles voor de jacht","publisher":{"@id":"https:\/\/huntingeurope.be\/fr\/?lang=en\/#organization"},"potentialAction":[{"@type":"SearchAction","target":{"@type":"EntryPoint","urlTemplate":"https:\/\/huntingeurope.be\/fr\/?lang=en\/?s={search_term_string}"},"query-input":{"@type":"PropertyValueSpecification","valueRequired":true,"valueName":"search_term_string"}}],"inLanguage":"fr-FR"},{"@type":"Organization","@id":"https:\/\/huntingeurope.be\/fr\/?lang=en\/#organization","name":"Hunting Europe","url":"https:\/\/huntingeurope.be\/fr\/?lang=en\/","logo":{"@type":"ImageObject","inLanguage":"fr-FR","@id":"https:\/\/huntingeurope.be\/fr\/?lang=en\/#\/schema\/logo\/image\/","url":"https:\/\/huntingeurope.be\/wp-content\/uploads\/2021\/10\/Huntingeurope-1-1.png","contentUrl":"https:\/\/huntingeurope.be\/wp-content\/uploads\/2021\/10\/Huntingeurope-1-1.png","width":280,"height":179,"caption":"Hunting Europe"},"image":{"@id":"https:\/\/huntingeurope.be\/fr\/?lang=en\/#\/schema\/logo\/image\/"},"sameAs":["https:\/\/www.facebook.com\/jachtwinkel.europe\/","https:\/\/www.instagram.com\/huntingeurope\/","https:\/\/www.youtube.com\/user\/NickolaySmet\/videos?view_as=subscriber"]}]}},"df_price":399.95,"df_sale_price":"","df_regular_price":399.95,"df_image_link":"https:\/\/huntingeurope.be\/wp-content\/uploads\/2022\/09\/Barbour-Classic-Beaufort-Wax-jas-Olive-245x300.jpg","_links":{"self":[{"href":"https:\/\/huntingeurope.be\/fr\/wp-json\/wp\/v2\/product\/36987","targetHints":{"allow":["GET"]}}],"collection":[{"href":"https:\/\/huntingeurope.be\/fr\/wp-json\/wp\/v2\/product"}],"about":[{"href":"https:\/\/huntingeurope.be\/fr\/wp-json\/wp\/v2\/types\/product"}],"wp:featuredmedia":[{"embeddable":true,"href":"https:\/\/huntingeurope.be\/fr\/wp-json\/wp\/v2\/media\/49392"}],"wp:attachment":[{"href":"https:\/\/huntingeurope.be\/fr\/wp-json\/wp\/v2\/media?parent=36987"}],"wp:term":[{"taxonomy":"product_brand","embeddable":true,"href":"https:\/\/huntingeurope.be\/fr\/wp-json\/wp\/v2\/product_brand?post=36987"},{"taxonomy":"product_cat","embeddable":true,"href":"https:\/\/huntingeurope.be\/fr\/wp-json\/wp\/v2\/product_cat?post=36987"},{"taxonomy":"product_tag","embeddable":true,"href":"https:\/\/huntingeurope.be\/fr\/wp-json\/wp\/v2\/product_tag?post=36987"}],"curies":[{"name":"wp","href":"https:\/\/api.w.org\/{rel}","templated":true}]}}