{"id":34031,"date":"2022-03-24T12:13:47","date_gmt":"2022-03-24T11:13:47","guid":{"rendered":"https:\/\/huntingeurope.be\/product\/pulsar-axion-2-xq35-camera-thermique\/"},"modified":"2024-09-20T08:58:15","modified_gmt":"2024-09-20T06:58:15","slug":"pulsar-axion-2-xq35-camera-thermique","status":"publish","type":"product","link":"https:\/\/huntingeurope.be\/fr\/produit\/pulsar-axion-2-xq35-camera-thermique\/","title":{"rendered":"Pulsar Axion 2 XQ35 PRO Cam\u00e9ra thermique (nouveau)"},"content":{"rendered":"<p>Consultez la liste compl\u00e8te des sp\u00e9cifications <a href=\"https:\/\/www.pulsar-nv.com\/glo\/fr\/produits\/439\/lunettes-limagerie-thermique\/axion-2-xq\/\" target=\"_blank\" rel=\"noopener\">ICI<\/a><\/p>\n","protected":false},"excerpt":{"rendered":"<p>Axion 2 PRO a un design peu encombrant, de format de poche, et p\u00e8se 300 grammes. Il est facile \u00e0 prendre en main et \u00e0 utiliser, tant pour les droitiers que pour les gauchers, gr\u00e2ce \u00e0 sa conception sym\u00e9trique et \u00e0 l&#8217;emplacement des boutons en ligne sur le panneau sup\u00e9rieur.<\/p>\n<p>Les cam\u00e9ras thermiques Axion 2 XQ35 PRO utilisent une nouvelle approche d&rsquo;optimisation de l&rsquo;image, en fonction de la cible et des conditions d&rsquo;observation, et fournissent une image de haute qualit\u00e9 des objets cibles et de l&rsquo;arri\u00e8re-plan. Trois niveaux d&rsquo;amplification du signal combin\u00e9s \u00e0 un filtre de lissage connect\u00e9 et \u00e0 des r\u00e9glages fins de la luminosit\u00e9 et du contraste offrent au chasseur de grandes possibilit\u00e9s d&rsquo;observer l&rsquo;animal \u00e0 longue distance dans diff\u00e9rentes conditions m\u00e9t\u00e9orologiques et de temp\u00e9rature et de d\u00e9terminer ses qualit\u00e9s de troph\u00e9e.<\/p>\n<p>La lentille F35\/1.0 en germanium offre une transmission infrarouge \u00e9lev\u00e9e dans la gamme LWIR. Gr\u00e2ce \u00e0 la fabrication de haute pr\u00e9cision des \u00e9l\u00e9ments optiques de l&rsquo;objectif, l&rsquo;image g\u00e9n\u00e9r\u00e9e par le capteur d&rsquo;imagerie thermique Axion 2 se distingue par sa clart\u00e9 et ses d\u00e9tails.<\/p>\n<p>Une batterie rechargeable APS5 de haute capacit\u00e9 offre jusqu&rsquo;\u00e0 11 heures de fonctionnement continu de l&rsquo;imageur thermique sur une seule charge. La batterie est retir\u00e9e de son bo\u00eetier en quelques secondes et remplac\u00e9e par une nouvelle. La batterie est charg\u00e9e dans un chargeur d\u00e9di\u00e9 ou dans l&rsquo;appareil lui-m\u00eame \u00e0 partir d&rsquo;un PC, d&rsquo;un syst\u00e8me d&rsquo;alimentation domestique ou d&rsquo;une banque d&rsquo;alimentation via USB-C. Les m\u00eames sources sont utilis\u00e9es pour fournir une alimentation externe \u00e0 un dispositif d&rsquo;imagerie thermique.<\/p>\n<p>Un puissant objectif F35\/1.0 associ\u00e9 \u00e0 des capteurs d&rsquo;imagerie thermique tr\u00e8s sensibles assurent des capacit\u00e9s de d\u00e9tection exceptionnelles. Un objet standard de 1,8 m peut \u00eatre d\u00e9tect\u00e9 jusqu&rsquo;\u00e0 1 300 m de distance dans l&rsquo;obscurit\u00e9 totale.<\/p>\n<p>Garantie : 3 ans<\/p>\n<p><strong>Vous pouvez toujours tester toutes nos cam\u00e9ras thermiques dans notre salle d&rsquo;exposition. N&rsquo;h\u00e9sitez pas \u00e0 nous appeler 24 heures sur 24, 7 jours sur 7 ! +32 468128488<\/strong><\/p>\n","protected":false},"featured_media":49923,"template":"","meta":{"_joinchat":[]},"product_brand":[],"product_cat":[583],"product_tag":[],"class_list":{"0":"post-34031","1":"product","2":"type-product","3":"status-publish","4":"has-post-thumbnail","6":"product_cat-cameras-dimagerie-thermique","8":"first","9":"onbackorder","10":"taxable","11":"shipping-taxable","12":"purchasable","13":"product-type-simple"},"yoast_head":"<!-- This site is optimized with the Yoast SEO plugin v27.4 - https:\/\/yoast.com\/product\/yoast-seo-wordpress\/ -->\n<title>Pulsar Axion 2 XQ35 PRO Cam\u00e9ra thermique (nouveau) - Hunting Europe<\/title>\n<meta name=\"robots\" content=\"index, follow, max-snippet:-1, max-image-preview:large, max-video-preview:-1\" \/>\n<link rel=\"canonical\" href=\"https:\/\/huntingeurope.be\/fr\/produit\/pulsar-axion-2-xq35-camera-thermique\/\" \/>\n<meta property=\"og:locale\" content=\"fr_FR\" \/>\n<meta property=\"og:type\" content=\"article\" \/>\n<meta property=\"og:title\" content=\"Pulsar Axion 2 XQ35 PRO Cam\u00e9ra thermique (nouveau) - Hunting Europe\" \/>\n<meta property=\"og:description\" content=\"Axion 2 PRO a un design peu encombrant, de format de poche, et p\u00e8se 300 grammes. Il est facile \u00e0 prendre en main et \u00e0 utiliser, tant pour les droitiers que pour les gauchers, gr\u00e2ce \u00e0 sa conception sym\u00e9trique et \u00e0 l&#039;emplacement des boutons en ligne sur le panneau sup\u00e9rieur.  Les cam\u00e9ras thermiques Axion 2 XQ35 PRO utilisent une nouvelle approche d&#039;optimisation de l&#039;image, en fonction de la cible et des conditions d&#039;observation, et fournissent une image de haute qualit\u00e9 des objets cibles et de l&#039;arri\u00e8re-plan. Trois niveaux d&#039;amplification du signal combin\u00e9s \u00e0 un filtre de lissage connect\u00e9 et \u00e0 des r\u00e9glages fins de la luminosit\u00e9 et du contraste offrent au chasseur de grandes possibilit\u00e9s d&#039;observer l&#039;animal \u00e0 longue distance dans diff\u00e9rentes conditions m\u00e9t\u00e9orologiques et de temp\u00e9rature et de d\u00e9terminer ses qualit\u00e9s de troph\u00e9e.  La lentille F35\/1.0 en germanium offre une transmission infrarouge \u00e9lev\u00e9e dans la gamme LWIR. Gr\u00e2ce \u00e0 la fabrication de haute pr\u00e9cision des \u00e9l\u00e9ments optiques de l&#039;objectif, l&#039;image g\u00e9n\u00e9r\u00e9e par le capteur d&#039;imagerie thermique Axion 2 se distingue par sa clart\u00e9 et ses d\u00e9tails.  Une batterie rechargeable APS5 de haute capacit\u00e9 offre jusqu&#039;\u00e0 11 heures de fonctionnement continu de l&#039;imageur thermique sur une seule charge. La batterie est retir\u00e9e de son bo\u00eetier en quelques secondes et remplac\u00e9e par une nouvelle. La batterie est charg\u00e9e dans un chargeur d\u00e9di\u00e9 ou dans l&#039;appareil lui-m\u00eame \u00e0 partir d&#039;un PC, d&#039;un syst\u00e8me d&#039;alimentation domestique ou d&#039;une banque d&#039;alimentation via USB-C. Les m\u00eames sources sont utilis\u00e9es pour fournir une alimentation externe \u00e0 un dispositif d&#039;imagerie thermique.  Un puissant objectif F35\/1.0 associ\u00e9 \u00e0 des capteurs d&#039;imagerie thermique tr\u00e8s sensibles assurent des capacit\u00e9s de d\u00e9tection exceptionnelles. Un objet standard de 1,8 m peut \u00eatre d\u00e9tect\u00e9 jusqu&#039;\u00e0 1 300 m de distance dans l&#039;obscurit\u00e9 totale.  Garantie : 3 ans  Vous pouvez toujours tester toutes nos cam\u00e9ras thermiques dans notre salle d&#039;exposition. N&#039;h\u00e9sitez pas \u00e0 nous appeler 24 heures sur 24, 7 jours sur 7 ! +32 468128488\" \/>\n<meta property=\"og:url\" content=\"https:\/\/huntingeurope.be\/fr\/produit\/pulsar-axion-2-xq35-camera-thermique\/\" \/>\n<meta property=\"og:site_name\" content=\"Hunting Europe\" \/>\n<meta property=\"article:publisher\" content=\"https:\/\/www.facebook.com\/jachtwinkel.europe\/\" \/>\n<meta property=\"article:modified_time\" content=\"2024-09-20T06:58:15+00:00\" \/>\n<meta property=\"og:image\" content=\"https:\/\/huntingeurope.be\/wp-content\/uploads\/2022\/03\/Pulsar-Axion-2-XQ35.jpg\" \/>\n\t<meta property=\"og:image:width\" content=\"608\" \/>\n\t<meta property=\"og:image:height\" content=\"533\" \/>\n\t<meta property=\"og:image:type\" content=\"image\/jpeg\" \/>\n<meta name=\"twitter:card\" content=\"summary_large_image\" \/>\n<meta name=\"twitter:label1\" content=\"Dur\u00e9e de lecture estim\u00e9e\" \/>\n\t<meta name=\"twitter:data1\" content=\"1 minute\" \/>\n<script type=\"application\/ld+json\" class=\"yoast-schema-graph\">{\"@context\":\"https:\\\/\\\/schema.org\",\"@graph\":[{\"@type\":\"WebPage\",\"@id\":\"https:\\\/\\\/huntingeurope.be\\\/fr\\\/produit\\\/pulsar-axion-2-xq35-camera-thermique\\\/\",\"url\":\"https:\\\/\\\/huntingeurope.be\\\/fr\\\/produit\\\/pulsar-axion-2-xq35-camera-thermique\\\/\",\"name\":\"Pulsar Axion 2 XQ35 PRO Cam\u00e9ra thermique (nouveau) - Hunting Europe\",\"isPartOf\":{\"@id\":\"https:\\\/\\\/huntingeurope.be\\\/fr\\\/?lang=en\\\/#website\"},\"primaryImageOfPage\":{\"@id\":\"https:\\\/\\\/huntingeurope.be\\\/fr\\\/produit\\\/pulsar-axion-2-xq35-camera-thermique\\\/#primaryimage\"},\"image\":{\"@id\":\"https:\\\/\\\/huntingeurope.be\\\/fr\\\/produit\\\/pulsar-axion-2-xq35-camera-thermique\\\/#primaryimage\"},\"thumbnailUrl\":\"https:\\\/\\\/huntingeurope.be\\\/wp-content\\\/uploads\\\/2022\\\/03\\\/Pulsar-Axion-2-XQ35.jpg-1.webp\",\"datePublished\":\"2022-03-24T11:13:47+00:00\",\"dateModified\":\"2024-09-20T06:58:15+00:00\",\"breadcrumb\":{\"@id\":\"https:\\\/\\\/huntingeurope.be\\\/fr\\\/produit\\\/pulsar-axion-2-xq35-camera-thermique\\\/#breadcrumb\"},\"inLanguage\":\"fr-FR\",\"potentialAction\":[{\"@type\":\"ReadAction\",\"target\":[\"https:\\\/\\\/huntingeurope.be\\\/fr\\\/produit\\\/pulsar-axion-2-xq35-camera-thermique\\\/\"]}]},{\"@type\":\"ImageObject\",\"inLanguage\":\"fr-FR\",\"@id\":\"https:\\\/\\\/huntingeurope.be\\\/fr\\\/produit\\\/pulsar-axion-2-xq35-camera-thermique\\\/#primaryimage\",\"url\":\"https:\\\/\\\/huntingeurope.be\\\/wp-content\\\/uploads\\\/2022\\\/03\\\/Pulsar-Axion-2-XQ35.jpg-1.webp\",\"contentUrl\":\"https:\\\/\\\/huntingeurope.be\\\/wp-content\\\/uploads\\\/2022\\\/03\\\/Pulsar-Axion-2-XQ35.jpg-1.webp\",\"width\":608,\"height\":533},{\"@type\":\"BreadcrumbList\",\"@id\":\"https:\\\/\\\/huntingeurope.be\\\/fr\\\/produit\\\/pulsar-axion-2-xq35-camera-thermique\\\/#breadcrumb\",\"itemListElement\":[{\"@type\":\"ListItem\",\"position\":1,\"name\":\"Home\",\"item\":\"https:\\\/\\\/huntingeurope.be\\\/fr\\\/\"},{\"@type\":\"ListItem\",\"position\":2,\"name\":\"Produits\",\"item\":\"https:\\\/\\\/huntingeurope.be\\\/fr\\\/shop\\\/\"},{\"@type\":\"ListItem\",\"position\":3,\"name\":\"Pulsar Axion 2 XQ35 PRO Cam\u00e9ra thermique (nouveau)\"}]},{\"@type\":\"WebSite\",\"@id\":\"https:\\\/\\\/huntingeurope.be\\\/fr\\\/?lang=en\\\/#website\",\"url\":\"https:\\\/\\\/huntingeurope.be\\\/fr\\\/?lang=en\\\/\",\"name\":\"Hunting Europe\",\"description\":\"Alles voor de jacht\",\"publisher\":{\"@id\":\"https:\\\/\\\/huntingeurope.be\\\/fr\\\/?lang=en\\\/#organization\"},\"potentialAction\":[{\"@type\":\"SearchAction\",\"target\":{\"@type\":\"EntryPoint\",\"urlTemplate\":\"https:\\\/\\\/huntingeurope.be\\\/fr\\\/?lang=en\\\/?s={search_term_string}\"},\"query-input\":{\"@type\":\"PropertyValueSpecification\",\"valueRequired\":true,\"valueName\":\"search_term_string\"}}],\"inLanguage\":\"fr-FR\"},{\"@type\":\"Organization\",\"@id\":\"https:\\\/\\\/huntingeurope.be\\\/fr\\\/?lang=en\\\/#organization\",\"name\":\"Hunting Europe\",\"url\":\"https:\\\/\\\/huntingeurope.be\\\/fr\\\/?lang=en\\\/\",\"logo\":{\"@type\":\"ImageObject\",\"inLanguage\":\"fr-FR\",\"@id\":\"https:\\\/\\\/huntingeurope.be\\\/fr\\\/?lang=en\\\/#\\\/schema\\\/logo\\\/image\\\/\",\"url\":\"https:\\\/\\\/huntingeurope.be\\\/wp-content\\\/uploads\\\/2021\\\/10\\\/Huntingeurope-1-1.png\",\"contentUrl\":\"https:\\\/\\\/huntingeurope.be\\\/wp-content\\\/uploads\\\/2021\\\/10\\\/Huntingeurope-1-1.png\",\"width\":280,\"height\":179,\"caption\":\"Hunting Europe\"},\"image\":{\"@id\":\"https:\\\/\\\/huntingeurope.be\\\/fr\\\/?lang=en\\\/#\\\/schema\\\/logo\\\/image\\\/\"},\"sameAs\":[\"https:\\\/\\\/www.facebook.com\\\/jachtwinkel.europe\\\/\",\"https:\\\/\\\/www.instagram.com\\\/huntingeurope\\\/\",\"https:\\\/\\\/www.youtube.com\\\/user\\\/NickolaySmet\\\/videos?view_as=subscriber\"]}]}<\/script>\n<!-- \/ Yoast SEO plugin. -->","yoast_head_json":{"title":"Pulsar Axion 2 XQ35 PRO Cam\u00e9ra thermique (nouveau) - Hunting Europe","robots":{"index":"index","follow":"follow","max-snippet":"max-snippet:-1","max-image-preview":"max-image-preview:large","max-video-preview":"max-video-preview:-1"},"canonical":"https:\/\/huntingeurope.be\/fr\/produit\/pulsar-axion-2-xq35-camera-thermique\/","og_locale":"fr_FR","og_type":"article","og_title":"Pulsar Axion 2 XQ35 PRO Cam\u00e9ra thermique (nouveau) - Hunting Europe","og_description":"Axion 2 PRO a un design peu encombrant, de format de poche, et p\u00e8se 300 grammes. Il est facile \u00e0 prendre en main et \u00e0 utiliser, tant pour les droitiers que pour les gauchers, gr\u00e2ce \u00e0 sa conception sym\u00e9trique et \u00e0 l'emplacement des boutons en ligne sur le panneau sup\u00e9rieur.  Les cam\u00e9ras thermiques Axion 2 XQ35 PRO utilisent une nouvelle approche d'optimisation de l'image, en fonction de la cible et des conditions d'observation, et fournissent une image de haute qualit\u00e9 des objets cibles et de l'arri\u00e8re-plan. Trois niveaux d'amplification du signal combin\u00e9s \u00e0 un filtre de lissage connect\u00e9 et \u00e0 des r\u00e9glages fins de la luminosit\u00e9 et du contraste offrent au chasseur de grandes possibilit\u00e9s d'observer l'animal \u00e0 longue distance dans diff\u00e9rentes conditions m\u00e9t\u00e9orologiques et de temp\u00e9rature et de d\u00e9terminer ses qualit\u00e9s de troph\u00e9e.  La lentille F35\/1.0 en germanium offre une transmission infrarouge \u00e9lev\u00e9e dans la gamme LWIR. Gr\u00e2ce \u00e0 la fabrication de haute pr\u00e9cision des \u00e9l\u00e9ments optiques de l'objectif, l'image g\u00e9n\u00e9r\u00e9e par le capteur d'imagerie thermique Axion 2 se distingue par sa clart\u00e9 et ses d\u00e9tails.  Une batterie rechargeable APS5 de haute capacit\u00e9 offre jusqu'\u00e0 11 heures de fonctionnement continu de l'imageur thermique sur une seule charge. La batterie est retir\u00e9e de son bo\u00eetier en quelques secondes et remplac\u00e9e par une nouvelle. La batterie est charg\u00e9e dans un chargeur d\u00e9di\u00e9 ou dans l'appareil lui-m\u00eame \u00e0 partir d'un PC, d'un syst\u00e8me d'alimentation domestique ou d'une banque d'alimentation via USB-C. Les m\u00eames sources sont utilis\u00e9es pour fournir une alimentation externe \u00e0 un dispositif d'imagerie thermique.  Un puissant objectif F35\/1.0 associ\u00e9 \u00e0 des capteurs d'imagerie thermique tr\u00e8s sensibles assurent des capacit\u00e9s de d\u00e9tection exceptionnelles. Un objet standard de 1,8 m peut \u00eatre d\u00e9tect\u00e9 jusqu'\u00e0 1 300 m de distance dans l'obscurit\u00e9 totale.  Garantie : 3 ans  Vous pouvez toujours tester toutes nos cam\u00e9ras thermiques dans notre salle d'exposition. N'h\u00e9sitez pas \u00e0 nous appeler 24 heures sur 24, 7 jours sur 7 ! +32 468128488","og_url":"https:\/\/huntingeurope.be\/fr\/produit\/pulsar-axion-2-xq35-camera-thermique\/","og_site_name":"Hunting Europe","article_publisher":"https:\/\/www.facebook.com\/jachtwinkel.europe\/","article_modified_time":"2024-09-20T06:58:15+00:00","og_image":[{"width":608,"height":533,"url":"https:\/\/huntingeurope.be\/wp-content\/uploads\/2022\/03\/Pulsar-Axion-2-XQ35.jpg","type":"image\/jpeg"}],"twitter_card":"summary_large_image","twitter_misc":{"Dur\u00e9e de lecture estim\u00e9e":"1 minute"},"schema":{"@context":"https:\/\/schema.org","@graph":[{"@type":"WebPage","@id":"https:\/\/huntingeurope.be\/fr\/produit\/pulsar-axion-2-xq35-camera-thermique\/","url":"https:\/\/huntingeurope.be\/fr\/produit\/pulsar-axion-2-xq35-camera-thermique\/","name":"Pulsar Axion 2 XQ35 PRO Cam\u00e9ra thermique (nouveau) - Hunting Europe","isPartOf":{"@id":"https:\/\/huntingeurope.be\/fr\/?lang=en\/#website"},"primaryImageOfPage":{"@id":"https:\/\/huntingeurope.be\/fr\/produit\/pulsar-axion-2-xq35-camera-thermique\/#primaryimage"},"image":{"@id":"https:\/\/huntingeurope.be\/fr\/produit\/pulsar-axion-2-xq35-camera-thermique\/#primaryimage"},"thumbnailUrl":"https:\/\/huntingeurope.be\/wp-content\/uploads\/2022\/03\/Pulsar-Axion-2-XQ35.jpg-1.webp","datePublished":"2022-03-24T11:13:47+00:00","dateModified":"2024-09-20T06:58:15+00:00","breadcrumb":{"@id":"https:\/\/huntingeurope.be\/fr\/produit\/pulsar-axion-2-xq35-camera-thermique\/#breadcrumb"},"inLanguage":"fr-FR","potentialAction":[{"@type":"ReadAction","target":["https:\/\/huntingeurope.be\/fr\/produit\/pulsar-axion-2-xq35-camera-thermique\/"]}]},{"@type":"ImageObject","inLanguage":"fr-FR","@id":"https:\/\/huntingeurope.be\/fr\/produit\/pulsar-axion-2-xq35-camera-thermique\/#primaryimage","url":"https:\/\/huntingeurope.be\/wp-content\/uploads\/2022\/03\/Pulsar-Axion-2-XQ35.jpg-1.webp","contentUrl":"https:\/\/huntingeurope.be\/wp-content\/uploads\/2022\/03\/Pulsar-Axion-2-XQ35.jpg-1.webp","width":608,"height":533},{"@type":"BreadcrumbList","@id":"https:\/\/huntingeurope.be\/fr\/produit\/pulsar-axion-2-xq35-camera-thermique\/#breadcrumb","itemListElement":[{"@type":"ListItem","position":1,"name":"Home","item":"https:\/\/huntingeurope.be\/fr\/"},{"@type":"ListItem","position":2,"name":"Produits","item":"https:\/\/huntingeurope.be\/fr\/shop\/"},{"@type":"ListItem","position":3,"name":"Pulsar Axion 2 XQ35 PRO Cam\u00e9ra thermique (nouveau)"}]},{"@type":"WebSite","@id":"https:\/\/huntingeurope.be\/fr\/?lang=en\/#website","url":"https:\/\/huntingeurope.be\/fr\/?lang=en\/","name":"Hunting Europe","description":"Alles voor de jacht","publisher":{"@id":"https:\/\/huntingeurope.be\/fr\/?lang=en\/#organization"},"potentialAction":[{"@type":"SearchAction","target":{"@type":"EntryPoint","urlTemplate":"https:\/\/huntingeurope.be\/fr\/?lang=en\/?s={search_term_string}"},"query-input":{"@type":"PropertyValueSpecification","valueRequired":true,"valueName":"search_term_string"}}],"inLanguage":"fr-FR"},{"@type":"Organization","@id":"https:\/\/huntingeurope.be\/fr\/?lang=en\/#organization","name":"Hunting Europe","url":"https:\/\/huntingeurope.be\/fr\/?lang=en\/","logo":{"@type":"ImageObject","inLanguage":"fr-FR","@id":"https:\/\/huntingeurope.be\/fr\/?lang=en\/#\/schema\/logo\/image\/","url":"https:\/\/huntingeurope.be\/wp-content\/uploads\/2021\/10\/Huntingeurope-1-1.png","contentUrl":"https:\/\/huntingeurope.be\/wp-content\/uploads\/2021\/10\/Huntingeurope-1-1.png","width":280,"height":179,"caption":"Hunting Europe"},"image":{"@id":"https:\/\/huntingeurope.be\/fr\/?lang=en\/#\/schema\/logo\/image\/"},"sameAs":["https:\/\/www.facebook.com\/jachtwinkel.europe\/","https:\/\/www.instagram.com\/huntingeurope\/","https:\/\/www.youtube.com\/user\/NickolaySmet\/videos?view_as=subscriber"]}]}},"df_price":1790,"df_sale_price":"","df_regular_price":1790,"df_image_link":"https:\/\/huntingeurope.be\/wp-content\/uploads\/2022\/03\/Pulsar-Axion-2-XQ35.jpg-1-300x263.webp","_links":{"self":[{"href":"https:\/\/huntingeurope.be\/fr\/wp-json\/wp\/v2\/product\/34031","targetHints":{"allow":["GET"]}}],"collection":[{"href":"https:\/\/huntingeurope.be\/fr\/wp-json\/wp\/v2\/product"}],"about":[{"href":"https:\/\/huntingeurope.be\/fr\/wp-json\/wp\/v2\/types\/product"}],"wp:featuredmedia":[{"embeddable":true,"href":"https:\/\/huntingeurope.be\/fr\/wp-json\/wp\/v2\/media\/49923"}],"wp:attachment":[{"href":"https:\/\/huntingeurope.be\/fr\/wp-json\/wp\/v2\/media?parent=34031"}],"wp:term":[{"taxonomy":"product_brand","embeddable":true,"href":"https:\/\/huntingeurope.be\/fr\/wp-json\/wp\/v2\/product_brand?post=34031"},{"taxonomy":"product_cat","embeddable":true,"href":"https:\/\/huntingeurope.be\/fr\/wp-json\/wp\/v2\/product_cat?post=34031"},{"taxonomy":"product_tag","embeddable":true,"href":"https:\/\/huntingeurope.be\/fr\/wp-json\/wp\/v2\/product_tag?post=34031"}],"curies":[{"name":"wp","href":"https:\/\/api.w.org\/{rel}","templated":true}]}}