{"id":32789,"date":"2021-11-30T22:01:56","date_gmt":"2021-11-30T21:01:56","guid":{"rendered":"https:\/\/huntingeurope.be\/product\/chauffe-orteils\/"},"modified":"2021-11-30T22:11:42","modified_gmt":"2021-11-30T21:11:42","slug":"chauffe-orteils","status":"publish","type":"product","link":"https:\/\/huntingeurope.be\/fr\/produit\/chauffe-orteils\/","title":{"rendered":"chauffe-orteils"},"content":{"rendered":"","protected":false},"excerpt":{"rendered":"<p>Cette s\u00e9rie de coussins chauffants Thermopad est activ\u00e9e par l&rsquo;air. Ils d\u00e9gagent une chaleur naturelle gr\u00e2ce \u00e0 la composition unique de leur contenu. Ils se r\u00e9chauffent jusqu&rsquo;\u00e0 45 \u00b0C (113 \u00b0F) et maintiennent une temp\u00e9rature moyenne de 37 \u00b0C (98,6 \u00b0F) pendant 8 heures.<\/p>\n<p>Le chauffe-orteils poss\u00e8de un c\u00f4t\u00e9 adh\u00e9sif, ce qui vous permet de fixer les coussinets sur la zone proche des orteils, directement sur vos chaussettes.<\/p>\n<p>Il y a 2 chaufferettes dans un sac.<\/p>\n","protected":false},"featured_media":50547,"template":"","meta":{"_joinchat":[]},"product_brand":[],"product_cat":[516],"product_tag":[],"class_list":{"0":"post-32789","1":"product","2":"type-product","3":"status-publish","4":"has-post-thumbnail","6":"product_cat-battue-3","8":"first","9":"instock","10":"taxable","11":"shipping-taxable","12":"purchasable","13":"product-type-variable"},"yoast_head":"<!-- This site is optimized with the Yoast SEO plugin v27.5 - https:\/\/yoast.com\/product\/yoast-seo-wordpress\/ -->\n<title>chauffe-orteils - Hunting Europe<\/title>\n<meta name=\"robots\" content=\"index, follow, max-snippet:-1, max-image-preview:large, max-video-preview:-1\" \/>\n<link rel=\"canonical\" href=\"https:\/\/huntingeurope.be\/fr\/produit\/chauffe-orteils\/\" \/>\n<meta property=\"og:locale\" content=\"fr_FR\" \/>\n<meta property=\"og:type\" content=\"article\" \/>\n<meta property=\"og:title\" content=\"chauffe-orteils - Hunting Europe\" \/>\n<meta property=\"og:description\" content=\"Cette s\u00e9rie de coussins chauffants Thermopad est activ\u00e9e par l&#039;air. Ils d\u00e9gagent une chaleur naturelle gr\u00e2ce \u00e0 la composition unique de leur contenu. Ils se r\u00e9chauffent jusqu&#039;\u00e0 45 \u00b0C (113 \u00b0F) et maintiennent une temp\u00e9rature moyenne de 37 \u00b0C (98,6 \u00b0F) pendant 8 heures.  Le chauffe-orteils poss\u00e8de un c\u00f4t\u00e9 adh\u00e9sif, ce qui vous permet de fixer les coussinets sur la zone proche des orteils, directement sur vos chaussettes.  Il y a 2 chaufferettes dans un sac.\" \/>\n<meta property=\"og:url\" content=\"https:\/\/huntingeurope.be\/fr\/produit\/chauffe-orteils\/\" \/>\n<meta property=\"og:site_name\" content=\"Hunting Europe\" \/>\n<meta property=\"article:publisher\" content=\"https:\/\/www.facebook.com\/jachtwinkel.europe\/\" \/>\n<meta property=\"article:modified_time\" content=\"2021-11-30T21:11:42+00:00\" \/>\n<meta property=\"og:image\" content=\"https:\/\/huntingeurope.be\/wp-content\/uploads\/2021\/11\/thermopad-toe-warmer-5.jpg\" \/>\n\t<meta property=\"og:image:width\" content=\"659\" \/>\n\t<meta property=\"og:image:height\" content=\"416\" \/>\n\t<meta property=\"og:image:type\" content=\"image\/jpeg\" \/>\n<meta name=\"twitter:card\" content=\"summary_large_image\" \/>\n<script type=\"application\/ld+json\" class=\"yoast-schema-graph\">{\"@context\":\"https:\\\/\\\/schema.org\",\"@graph\":[{\"@type\":\"WebPage\",\"@id\":\"https:\\\/\\\/huntingeurope.be\\\/fr\\\/produit\\\/chauffe-orteils\\\/\",\"url\":\"https:\\\/\\\/huntingeurope.be\\\/fr\\\/produit\\\/chauffe-orteils\\\/\",\"name\":\"chauffe-orteils - Hunting Europe\",\"isPartOf\":{\"@id\":\"https:\\\/\\\/huntingeurope.be\\\/fr\\\/?lang=en\\\/#website\"},\"primaryImageOfPage\":{\"@id\":\"https:\\\/\\\/huntingeurope.be\\\/fr\\\/produit\\\/chauffe-orteils\\\/#primaryimage\"},\"image\":{\"@id\":\"https:\\\/\\\/huntingeurope.be\\\/fr\\\/produit\\\/chauffe-orteils\\\/#primaryimage\"},\"thumbnailUrl\":\"https:\\\/\\\/huntingeurope.be\\\/wp-content\\\/uploads\\\/2021\\\/11\\\/Toe-Warmer-Thermopad-Zehenwarmer.jpg\",\"datePublished\":\"2021-11-30T21:01:56+00:00\",\"dateModified\":\"2021-11-30T21:11:42+00:00\",\"breadcrumb\":{\"@id\":\"https:\\\/\\\/huntingeurope.be\\\/fr\\\/produit\\\/chauffe-orteils\\\/#breadcrumb\"},\"inLanguage\":\"fr-FR\",\"potentialAction\":[{\"@type\":\"ReadAction\",\"target\":[\"https:\\\/\\\/huntingeurope.be\\\/fr\\\/produit\\\/chauffe-orteils\\\/\"]}]},{\"@type\":\"ImageObject\",\"inLanguage\":\"fr-FR\",\"@id\":\"https:\\\/\\\/huntingeurope.be\\\/fr\\\/produit\\\/chauffe-orteils\\\/#primaryimage\",\"url\":\"https:\\\/\\\/huntingeurope.be\\\/wp-content\\\/uploads\\\/2021\\\/11\\\/Toe-Warmer-Thermopad-Zehenwarmer.jpg\",\"contentUrl\":\"https:\\\/\\\/huntingeurope.be\\\/wp-content\\\/uploads\\\/2021\\\/11\\\/Toe-Warmer-Thermopad-Zehenwarmer.jpg\",\"width\":900,\"height\":900},{\"@type\":\"BreadcrumbList\",\"@id\":\"https:\\\/\\\/huntingeurope.be\\\/fr\\\/produit\\\/chauffe-orteils\\\/#breadcrumb\",\"itemListElement\":[{\"@type\":\"ListItem\",\"position\":1,\"name\":\"Home\",\"item\":\"https:\\\/\\\/huntingeurope.be\\\/fr\\\/\"},{\"@type\":\"ListItem\",\"position\":2,\"name\":\"Produits\",\"item\":\"https:\\\/\\\/huntingeurope.be\\\/fr\\\/shop\\\/\"},{\"@type\":\"ListItem\",\"position\":3,\"name\":\"chauffe-orteils\"}]},{\"@type\":\"WebSite\",\"@id\":\"https:\\\/\\\/huntingeurope.be\\\/fr\\\/?lang=en\\\/#website\",\"url\":\"https:\\\/\\\/huntingeurope.be\\\/fr\\\/?lang=en\\\/\",\"name\":\"Hunting Europe\",\"description\":\"Alles voor de jacht\",\"publisher\":{\"@id\":\"https:\\\/\\\/huntingeurope.be\\\/fr\\\/?lang=en\\\/#organization\"},\"potentialAction\":[{\"@type\":\"SearchAction\",\"target\":{\"@type\":\"EntryPoint\",\"urlTemplate\":\"https:\\\/\\\/huntingeurope.be\\\/fr\\\/?lang=en\\\/?s={search_term_string}\"},\"query-input\":{\"@type\":\"PropertyValueSpecification\",\"valueRequired\":true,\"valueName\":\"search_term_string\"}}],\"inLanguage\":\"fr-FR\"},{\"@type\":\"Organization\",\"@id\":\"https:\\\/\\\/huntingeurope.be\\\/fr\\\/?lang=en\\\/#organization\",\"name\":\"Hunting Europe\",\"url\":\"https:\\\/\\\/huntingeurope.be\\\/fr\\\/?lang=en\\\/\",\"logo\":{\"@type\":\"ImageObject\",\"inLanguage\":\"fr-FR\",\"@id\":\"https:\\\/\\\/huntingeurope.be\\\/fr\\\/?lang=en\\\/#\\\/schema\\\/logo\\\/image\\\/\",\"url\":\"https:\\\/\\\/huntingeurope.be\\\/wp-content\\\/uploads\\\/2021\\\/10\\\/Huntingeurope-1-1.png\",\"contentUrl\":\"https:\\\/\\\/huntingeurope.be\\\/wp-content\\\/uploads\\\/2021\\\/10\\\/Huntingeurope-1-1.png\",\"width\":280,\"height\":179,\"caption\":\"Hunting Europe\"},\"image\":{\"@id\":\"https:\\\/\\\/huntingeurope.be\\\/fr\\\/?lang=en\\\/#\\\/schema\\\/logo\\\/image\\\/\"},\"sameAs\":[\"https:\\\/\\\/www.facebook.com\\\/jachtwinkel.europe\\\/\",\"https:\\\/\\\/www.instagram.com\\\/huntingeurope\\\/\",\"https:\\\/\\\/www.youtube.com\\\/user\\\/NickolaySmet\\\/videos?view_as=subscriber\"]}]}<\/script>\n<!-- \/ Yoast SEO plugin. -->","yoast_head_json":{"title":"chauffe-orteils - Hunting Europe","robots":{"index":"index","follow":"follow","max-snippet":"max-snippet:-1","max-image-preview":"max-image-preview:large","max-video-preview":"max-video-preview:-1"},"canonical":"https:\/\/huntingeurope.be\/fr\/produit\/chauffe-orteils\/","og_locale":"fr_FR","og_type":"article","og_title":"chauffe-orteils - Hunting Europe","og_description":"Cette s\u00e9rie de coussins chauffants Thermopad est activ\u00e9e par l'air. Ils d\u00e9gagent une chaleur naturelle gr\u00e2ce \u00e0 la composition unique de leur contenu. Ils se r\u00e9chauffent jusqu'\u00e0 45 \u00b0C (113 \u00b0F) et maintiennent une temp\u00e9rature moyenne de 37 \u00b0C (98,6 \u00b0F) pendant 8 heures.  Le chauffe-orteils poss\u00e8de un c\u00f4t\u00e9 adh\u00e9sif, ce qui vous permet de fixer les coussinets sur la zone proche des orteils, directement sur vos chaussettes.  Il y a 2 chaufferettes dans un sac.","og_url":"https:\/\/huntingeurope.be\/fr\/produit\/chauffe-orteils\/","og_site_name":"Hunting Europe","article_publisher":"https:\/\/www.facebook.com\/jachtwinkel.europe\/","article_modified_time":"2021-11-30T21:11:42+00:00","og_image":[{"width":659,"height":416,"url":"https:\/\/huntingeurope.be\/wp-content\/uploads\/2021\/11\/thermopad-toe-warmer-5.jpg","type":"image\/jpeg"}],"twitter_card":"summary_large_image","schema":{"@context":"https:\/\/schema.org","@graph":[{"@type":"WebPage","@id":"https:\/\/huntingeurope.be\/fr\/produit\/chauffe-orteils\/","url":"https:\/\/huntingeurope.be\/fr\/produit\/chauffe-orteils\/","name":"chauffe-orteils - Hunting Europe","isPartOf":{"@id":"https:\/\/huntingeurope.be\/fr\/?lang=en\/#website"},"primaryImageOfPage":{"@id":"https:\/\/huntingeurope.be\/fr\/produit\/chauffe-orteils\/#primaryimage"},"image":{"@id":"https:\/\/huntingeurope.be\/fr\/produit\/chauffe-orteils\/#primaryimage"},"thumbnailUrl":"https:\/\/huntingeurope.be\/wp-content\/uploads\/2021\/11\/Toe-Warmer-Thermopad-Zehenwarmer.jpg","datePublished":"2021-11-30T21:01:56+00:00","dateModified":"2021-11-30T21:11:42+00:00","breadcrumb":{"@id":"https:\/\/huntingeurope.be\/fr\/produit\/chauffe-orteils\/#breadcrumb"},"inLanguage":"fr-FR","potentialAction":[{"@type":"ReadAction","target":["https:\/\/huntingeurope.be\/fr\/produit\/chauffe-orteils\/"]}]},{"@type":"ImageObject","inLanguage":"fr-FR","@id":"https:\/\/huntingeurope.be\/fr\/produit\/chauffe-orteils\/#primaryimage","url":"https:\/\/huntingeurope.be\/wp-content\/uploads\/2021\/11\/Toe-Warmer-Thermopad-Zehenwarmer.jpg","contentUrl":"https:\/\/huntingeurope.be\/wp-content\/uploads\/2021\/11\/Toe-Warmer-Thermopad-Zehenwarmer.jpg","width":900,"height":900},{"@type":"BreadcrumbList","@id":"https:\/\/huntingeurope.be\/fr\/produit\/chauffe-orteils\/#breadcrumb","itemListElement":[{"@type":"ListItem","position":1,"name":"Home","item":"https:\/\/huntingeurope.be\/fr\/"},{"@type":"ListItem","position":2,"name":"Produits","item":"https:\/\/huntingeurope.be\/fr\/shop\/"},{"@type":"ListItem","position":3,"name":"chauffe-orteils"}]},{"@type":"WebSite","@id":"https:\/\/huntingeurope.be\/fr\/?lang=en\/#website","url":"https:\/\/huntingeurope.be\/fr\/?lang=en\/","name":"Hunting Europe","description":"Alles voor de jacht","publisher":{"@id":"https:\/\/huntingeurope.be\/fr\/?lang=en\/#organization"},"potentialAction":[{"@type":"SearchAction","target":{"@type":"EntryPoint","urlTemplate":"https:\/\/huntingeurope.be\/fr\/?lang=en\/?s={search_term_string}"},"query-input":{"@type":"PropertyValueSpecification","valueRequired":true,"valueName":"search_term_string"}}],"inLanguage":"fr-FR"},{"@type":"Organization","@id":"https:\/\/huntingeurope.be\/fr\/?lang=en\/#organization","name":"Hunting Europe","url":"https:\/\/huntingeurope.be\/fr\/?lang=en\/","logo":{"@type":"ImageObject","inLanguage":"fr-FR","@id":"https:\/\/huntingeurope.be\/fr\/?lang=en\/#\/schema\/logo\/image\/","url":"https:\/\/huntingeurope.be\/wp-content\/uploads\/2021\/10\/Huntingeurope-1-1.png","contentUrl":"https:\/\/huntingeurope.be\/wp-content\/uploads\/2021\/10\/Huntingeurope-1-1.png","width":280,"height":179,"caption":"Hunting Europe"},"image":{"@id":"https:\/\/huntingeurope.be\/fr\/?lang=en\/#\/schema\/logo\/image\/"},"sameAs":["https:\/\/www.facebook.com\/jachtwinkel.europe\/","https:\/\/www.instagram.com\/huntingeurope\/","https:\/\/www.youtube.com\/user\/NickolaySmet\/videos?view_as=subscriber"]}]}},"df_price":3.99,"df_sale_price":"","df_regular_price":3.99,"df_image_link":"https:\/\/huntingeurope.be\/wp-content\/uploads\/2021\/11\/Toe-Warmer-Thermopad-Zehenwarmer-300x300.jpg","_links":{"self":[{"href":"https:\/\/huntingeurope.be\/fr\/wp-json\/wp\/v2\/product\/32789","targetHints":{"allow":["GET"]}}],"collection":[{"href":"https:\/\/huntingeurope.be\/fr\/wp-json\/wp\/v2\/product"}],"about":[{"href":"https:\/\/huntingeurope.be\/fr\/wp-json\/wp\/v2\/types\/product"}],"wp:featuredmedia":[{"embeddable":true,"href":"https:\/\/huntingeurope.be\/fr\/wp-json\/wp\/v2\/media\/50547"}],"wp:attachment":[{"href":"https:\/\/huntingeurope.be\/fr\/wp-json\/wp\/v2\/media?parent=32789"}],"wp:term":[{"taxonomy":"product_brand","embeddable":true,"href":"https:\/\/huntingeurope.be\/fr\/wp-json\/wp\/v2\/product_brand?post=32789"},{"taxonomy":"product_cat","embeddable":true,"href":"https:\/\/huntingeurope.be\/fr\/wp-json\/wp\/v2\/product_cat?post=32789"},{"taxonomy":"product_tag","embeddable":true,"href":"https:\/\/huntingeurope.be\/fr\/wp-json\/wp\/v2\/product_tag?post=32789"}],"curies":[{"name":"wp","href":"https:\/\/api.w.org\/{rel}","templated":true}]}}