{"id":29534,"date":"2021-10-27T14:04:13","date_gmt":"2021-10-28T10:59:21","guid":{"rendered":"https:\/\/huntingeurope.be\/?post_type=product&#038;p=29534"},"modified":"2023-11-08T11:50:57","modified_gmt":"2023-11-08T10:50:57","slug":"spypoint-link-micro-lte-twin-pack","status":"publish","type":"product","link":"https:\/\/huntingeurope.be\/fr\/produit\/spypoint-link-micro-lte-twin-pack\/","title":{"rendered":"SPYPOINT LM2 Twin Pack"},"content":{"rendered":"<table class=\"table table-striped product-detail-properties-table\">\n<tbody>\n<tr class=\"properties-row\">\n<th class=\"properties-label\">12V connector:<\/th>\n<td class=\"properties-value\">Oui<\/td>\n<\/tr>\n<tr class=\"properties-row\">\n<th class=\"properties-label\">Plage de d\u00e9tection :<\/th>\n<td class=\"properties-value\">27 m\u00e8tres<\/td>\n<\/tr>\n<tr class=\"properties-row\">\n<th class=\"properties-label\">Affichage :<\/th>\n<td class=\"properties-value\">Non<\/td>\n<\/tr>\n<tr class=\"properties-row\">\n<th class=\"properties-label\">Port\u00e9e du flash :<\/th>\n<td class=\"properties-value\">27 m\u00e8tres<\/td>\n<\/tr>\n<tr class=\"properties-row\">\n<th class=\"properties-label\">Carte m\u00e9moire :<\/th>\n<td class=\"properties-value\">Carte microSD jusqu&rsquo;\u00e0 32 Go<\/td>\n<\/tr>\n<tr class=\"properties-row\">\n<th class=\"properties-label\">Prise de vue multiple :<\/th>\n<td class=\"properties-value\">Jusqu&rsquo;\u00e0 2 images par capture<\/td>\n<\/tr>\n<tr class=\"properties-row\">\n<th class=\"properties-label\">Nombre de LED :<\/th>\n<td class=\"properties-value\">4<\/td>\n<\/tr>\n<tr class=\"properties-row\">\n<th class=\"properties-label\">Alimentation \u00e9lectrique en option :<\/th>\n<td class=\"properties-value\">1x LIT-10 battery<\/td>\n<\/tr>\n<tr class=\"properties-row\">\n<th class=\"properties-label\">Alimentation \u00e9lectrique :<\/th>\n<td class=\"properties-value\">8x R6(AA) batteries<\/td>\n<\/tr>\n<tr class=\"properties-row\">\n<th class=\"properties-label\">R\u00e9solution :<\/th>\n<td class=\"properties-value\">20 m\u00e9gapixels<\/td>\n<\/tr>\n<tr class=\"properties-row\">\n<th class=\"properties-label\">Tampon sur les images :<\/th>\n<td class=\"properties-value\">Date, heure, phase lunaire et temp\u00e9rature (\u00b0C\/\u00b0F)<\/td>\n<\/tr>\n<tr class=\"properties-row\">\n<th class=\"properties-label\">Norme de transmission :<\/th>\n<td class=\"properties-value\">LTE<\/td>\n<\/tr>\n<tr class=\"properties-row\">\n<th class=\"properties-label\">Vitesse de d\u00e9clenchement :<\/th>\n<td class=\"properties-value\">0,5 seconds<\/td>\n<\/tr>\n<tr class=\"properties-row\">\n<th class=\"properties-label\">Enregistrement vid\u00e9o :<\/th>\n<td class=\"properties-value\">Nein<\/td>\n<\/tr>\n<\/tbody>\n<\/table>\n","protected":false},"excerpt":{"rendered":"<p>L&rsquo;\u00e9volution de la r\u00e9volution<\/p>\n<p>S&rsquo;appuyant sur l&rsquo;h\u00e9ritage du SPYPOINT LINK-MICRO-LTE, le LM2 d\u00e9passe les attentes des chasseurs. Des millions de cam\u00e9ras mobiles SPYPOINT plus tard, plus de chasseurs que jamais profitent de l&rsquo;observation mobile que les cam\u00e9ras mobiles rendent possible, et le LM2 porte cet engagement de valeur et de performance \u00e0 un niveau sup\u00e9rieur.<\/p>\n<p>Caract\u00e9ristiques principales :<\/p>\n<p>Toujours le meilleur r\u00e9seau partout en Europe<br \/>\nL&rsquo;antenne et le modem sont parfaitement adapt\u00e9s et choisissent automatiquement le r\u00e9seau le plus puissant.<\/p>\n<p>Vitesse d&rsquo;obturation flexible<br \/>\nR\u00e8gle la vitesse de r\u00e9action de l&rsquo;appareil photo en fonction de l&rsquo;environnement.<\/p>\n<p>Nouveau capteur d&rsquo;image et plus grande port\u00e9e<br \/>\nAm\u00e9lioration de la qualit\u00e9 de l&rsquo;image, du flash IR et de la port\u00e9e de d\u00e9tection.<\/p>\n<p>Photo :<br \/>\n&#8211; 20 megapixels<br \/>\n&#8211; Appareil photo mobile pour animaux sauvages 3 mallest (7,9 x 5,6 x 11,2 cm)<br \/>\n&#8211; Vitesse d&rsquo;obturation de 0,5 sec. Bouton d&rsquo;obturation flexible<br \/>\n&#8211; Port\u00e9e du flash IR jusqu&rsquo;\u00e0 28 m<br \/>\n&#8211; Prise de vue multiple avec jusqu&rsquo;\u00e0 2 images par prise de vue<\/p>\n<p>Mobile :<br \/>\n&#8211; Plan de donn\u00e9es gratuit avec 100 images*<br \/>\n&#8211; Transmission rapide d&rsquo;images LTE<br \/>\n&#8211; Carte SIM incluse et compatible avec la plupart des pays europ\u00e9ens<br \/>\n(L&rsquo;appareil photo ne peut \u00eatre utilis\u00e9 qu&rsquo;avec la carte SIM fournie (SIM-LOCK) !<br \/>\n&#8211; Cam\u00e9ra enti\u00e8rement configurable via l&rsquo;APP GRATUITE.<\/p>\n<p>M\u00e9moire\/puissance :<br \/>\n&#8211; N\u00e9cessite une carte m\u00e9moire MicroSD de 32 Go maximum (non fournie).<br \/>\n&#8211; Fonctionne avec 8 piles AA (non incluses)<br \/>\n&#8211; Connexion \u00e0 l&rsquo;alimentation 12V<\/p>\n<p>Autre :<br \/>\n&#8211; Port\u00e9e de d\u00e9tection jusqu&rsquo;\u00e0 28 m<br \/>\n&#8211; Configuration de la d\u00e9croissance sur 7 jours via l&rsquo;application<br \/>\n&#8211; Peut \u00eatre utilis\u00e9 avec la pile au lithium SPYPOINT LIT-10 (non incluse)<\/p>\n","protected":false},"featured_media":44061,"template":"","meta":{"_joinchat":[]},"product_brand":[],"product_cat":[579],"product_tag":[706,802],"class_list":{"0":"post-29534","1":"product","2":"type-product","3":"status-publish","4":"has-post-thumbnail","6":"product_cat-cameras-de-surveillance","7":"product_tag-camera-pour-animaux-sauvages","8":"product_tag-spypoint-fr","10":"first","11":"onbackorder","12":"taxable","13":"shipping-taxable","14":"purchasable","15":"product-type-simple"},"yoast_head":"<!-- This site is optimized with the Yoast SEO plugin v27.5 - https:\/\/yoast.com\/product\/yoast-seo-wordpress\/ -->\n<title>SPYPOINT LM2 Twin Pack - Hunting Europe<\/title>\n<meta name=\"robots\" content=\"index, follow, max-snippet:-1, max-image-preview:large, max-video-preview:-1\" \/>\n<link rel=\"canonical\" href=\"https:\/\/huntingeurope.be\/fr\/produit\/spypoint-link-micro-lte-twin-pack\/\" \/>\n<meta property=\"og:locale\" content=\"fr_FR\" \/>\n<meta property=\"og:type\" content=\"article\" \/>\n<meta property=\"og:title\" content=\"SPYPOINT LM2 Twin Pack - Hunting Europe\" \/>\n<meta property=\"og:description\" content=\"L&#039;\u00e9volution de la r\u00e9volution S&#039;appuyant sur l&#039;h\u00e9ritage du SPYPOINT LINK-MICRO-LTE, le LM2 d\u00e9passe les attentes des chasseurs. Des millions de cam\u00e9ras mobiles SPYPOINT plus tard, plus de chasseurs que jamais profitent de l&#039;observation mobile que les cam\u00e9ras mobiles rendent possible, et le LM2 porte cet engagement de valeur et de performance \u00e0 un niveau sup\u00e9rieur. Caract\u00e9ristiques principales : Toujours le meilleur r\u00e9seau partout en Europe L&#039;antenne et le modem sont parfaitement adapt\u00e9s et choisissent automatiquement le r\u00e9seau le plus puissant. Vitesse d&#039;obturation flexible R\u00e8gle la vitesse de r\u00e9action de l&#039;appareil photo en fonction de l&#039;environnement. Nouveau capteur d&#039;image et plus grande port\u00e9e Am\u00e9lioration de la qualit\u00e9 de l&#039;image, du flash IR et de la port\u00e9e de d\u00e9tection. Photo : - 20 megapixels - Appareil photo mobile pour animaux sauvages 3 mallest (7,9 x 5,6 x 11,2 cm) - Vitesse d&#039;obturation de 0,5 sec. Bouton d&#039;obturation flexible - Port\u00e9e du flash IR jusqu&#039;\u00e0 28 m - Prise de vue multiple avec jusqu&#039;\u00e0 2 images par prise de vue Mobile : - Plan de donn\u00e9es gratuit avec 100 images* - Transmission rapide d&#039;images LTE - Carte SIM incluse et compatible avec la plupart des pays europ\u00e9ens (L&#039;appareil photo ne peut \u00eatre utilis\u00e9 qu&#039;avec la carte SIM fournie (SIM-LOCK) ! - Cam\u00e9ra enti\u00e8rement configurable via l&#039;APP GRATUITE. M\u00e9moire\/puissance : - N\u00e9cessite une carte m\u00e9moire MicroSD de 32 Go maximum (non fournie). - Fonctionne avec 8 piles AA (non incluses) - Connexion \u00e0 l&#039;alimentation 12V Autre : - Port\u00e9e de d\u00e9tection jusqu&#039;\u00e0 28 m - Configuration de la d\u00e9croissance sur 7 jours via l&#039;application - Peut \u00eatre utilis\u00e9 avec la pile au lithium SPYPOINT LIT-10 (non incluse)\" \/>\n<meta property=\"og:url\" content=\"https:\/\/huntingeurope.be\/fr\/produit\/spypoint-link-micro-lte-twin-pack\/\" \/>\n<meta property=\"og:site_name\" content=\"Hunting Europe\" \/>\n<meta property=\"article:publisher\" content=\"https:\/\/www.facebook.com\/jachtwinkel.europe\/\" \/>\n<meta property=\"article:modified_time\" content=\"2023-11-08T10:50:57+00:00\" \/>\n<meta property=\"og:image\" content=\"https:\/\/huntingeurope.be\/wp-content\/uploads\/2021\/10\/680610_1_1920x1920.jpg\" \/>\n\t<meta property=\"og:image:width\" content=\"1800\" \/>\n\t<meta property=\"og:image:height\" content=\"1800\" \/>\n\t<meta property=\"og:image:type\" content=\"image\/jpeg\" \/>\n<meta name=\"twitter:card\" content=\"summary_large_image\" \/>\n<meta name=\"twitter:label1\" content=\"Dur\u00e9e de lecture estim\u00e9e\" \/>\n\t<meta name=\"twitter:data1\" content=\"1 minute\" \/>\n<script type=\"application\/ld+json\" class=\"yoast-schema-graph\">{\"@context\":\"https:\\\/\\\/schema.org\",\"@graph\":[{\"@type\":\"WebPage\",\"@id\":\"https:\\\/\\\/huntingeurope.be\\\/fr\\\/produit\\\/spypoint-link-micro-lte-twin-pack\\\/\",\"url\":\"https:\\\/\\\/huntingeurope.be\\\/fr\\\/produit\\\/spypoint-link-micro-lte-twin-pack\\\/\",\"name\":\"SPYPOINT LM2 Twin Pack - Hunting Europe\",\"isPartOf\":{\"@id\":\"https:\\\/\\\/huntingeurope.be\\\/fr\\\/?lang=en\\\/#website\"},\"primaryImageOfPage\":{\"@id\":\"https:\\\/\\\/huntingeurope.be\\\/fr\\\/produit\\\/spypoint-link-micro-lte-twin-pack\\\/#primaryimage\"},\"image\":{\"@id\":\"https:\\\/\\\/huntingeurope.be\\\/fr\\\/produit\\\/spypoint-link-micro-lte-twin-pack\\\/#primaryimage\"},\"thumbnailUrl\":\"https:\\\/\\\/huntingeurope.be\\\/wp-content\\\/uploads\\\/2021\\\/10\\\/680610_1_1920x1920.jpg\",\"datePublished\":\"2021-10-28T10:59:21+00:00\",\"dateModified\":\"2023-11-08T10:50:57+00:00\",\"breadcrumb\":{\"@id\":\"https:\\\/\\\/huntingeurope.be\\\/fr\\\/produit\\\/spypoint-link-micro-lte-twin-pack\\\/#breadcrumb\"},\"inLanguage\":\"fr-FR\",\"potentialAction\":[{\"@type\":\"ReadAction\",\"target\":[\"https:\\\/\\\/huntingeurope.be\\\/fr\\\/produit\\\/spypoint-link-micro-lte-twin-pack\\\/\"]}]},{\"@type\":\"ImageObject\",\"inLanguage\":\"fr-FR\",\"@id\":\"https:\\\/\\\/huntingeurope.be\\\/fr\\\/produit\\\/spypoint-link-micro-lte-twin-pack\\\/#primaryimage\",\"url\":\"https:\\\/\\\/huntingeurope.be\\\/wp-content\\\/uploads\\\/2021\\\/10\\\/680610_1_1920x1920.jpg\",\"contentUrl\":\"https:\\\/\\\/huntingeurope.be\\\/wp-content\\\/uploads\\\/2021\\\/10\\\/680610_1_1920x1920.jpg\",\"width\":1800,\"height\":1800},{\"@type\":\"BreadcrumbList\",\"@id\":\"https:\\\/\\\/huntingeurope.be\\\/fr\\\/produit\\\/spypoint-link-micro-lte-twin-pack\\\/#breadcrumb\",\"itemListElement\":[{\"@type\":\"ListItem\",\"position\":1,\"name\":\"Home\",\"item\":\"https:\\\/\\\/huntingeurope.be\\\/fr\\\/\"},{\"@type\":\"ListItem\",\"position\":2,\"name\":\"Produits\",\"item\":\"https:\\\/\\\/huntingeurope.be\\\/fr\\\/shop\\\/\"},{\"@type\":\"ListItem\",\"position\":3,\"name\":\"SPYPOINT LM2 Twin Pack\"}]},{\"@type\":\"WebSite\",\"@id\":\"https:\\\/\\\/huntingeurope.be\\\/fr\\\/?lang=en\\\/#website\",\"url\":\"https:\\\/\\\/huntingeurope.be\\\/fr\\\/?lang=en\\\/\",\"name\":\"Hunting Europe\",\"description\":\"Alles voor de jacht\",\"publisher\":{\"@id\":\"https:\\\/\\\/huntingeurope.be\\\/fr\\\/?lang=en\\\/#organization\"},\"potentialAction\":[{\"@type\":\"SearchAction\",\"target\":{\"@type\":\"EntryPoint\",\"urlTemplate\":\"https:\\\/\\\/huntingeurope.be\\\/fr\\\/?lang=en\\\/?s={search_term_string}\"},\"query-input\":{\"@type\":\"PropertyValueSpecification\",\"valueRequired\":true,\"valueName\":\"search_term_string\"}}],\"inLanguage\":\"fr-FR\"},{\"@type\":\"Organization\",\"@id\":\"https:\\\/\\\/huntingeurope.be\\\/fr\\\/?lang=en\\\/#organization\",\"name\":\"Hunting Europe\",\"url\":\"https:\\\/\\\/huntingeurope.be\\\/fr\\\/?lang=en\\\/\",\"logo\":{\"@type\":\"ImageObject\",\"inLanguage\":\"fr-FR\",\"@id\":\"https:\\\/\\\/huntingeurope.be\\\/fr\\\/?lang=en\\\/#\\\/schema\\\/logo\\\/image\\\/\",\"url\":\"https:\\\/\\\/huntingeurope.be\\\/wp-content\\\/uploads\\\/2021\\\/10\\\/Huntingeurope-1-1.png\",\"contentUrl\":\"https:\\\/\\\/huntingeurope.be\\\/wp-content\\\/uploads\\\/2021\\\/10\\\/Huntingeurope-1-1.png\",\"width\":280,\"height\":179,\"caption\":\"Hunting Europe\"},\"image\":{\"@id\":\"https:\\\/\\\/huntingeurope.be\\\/fr\\\/?lang=en\\\/#\\\/schema\\\/logo\\\/image\\\/\"},\"sameAs\":[\"https:\\\/\\\/www.facebook.com\\\/jachtwinkel.europe\\\/\",\"https:\\\/\\\/www.instagram.com\\\/huntingeurope\\\/\",\"https:\\\/\\\/www.youtube.com\\\/user\\\/NickolaySmet\\\/videos?view_as=subscriber\"]}]}<\/script>\n<!-- \/ Yoast SEO plugin. -->","yoast_head_json":{"title":"SPYPOINT LM2 Twin Pack - Hunting Europe","robots":{"index":"index","follow":"follow","max-snippet":"max-snippet:-1","max-image-preview":"max-image-preview:large","max-video-preview":"max-video-preview:-1"},"canonical":"https:\/\/huntingeurope.be\/fr\/produit\/spypoint-link-micro-lte-twin-pack\/","og_locale":"fr_FR","og_type":"article","og_title":"SPYPOINT LM2 Twin Pack - Hunting Europe","og_description":"L'\u00e9volution de la r\u00e9volution S'appuyant sur l'h\u00e9ritage du SPYPOINT LINK-MICRO-LTE, le LM2 d\u00e9passe les attentes des chasseurs. Des millions de cam\u00e9ras mobiles SPYPOINT plus tard, plus de chasseurs que jamais profitent de l'observation mobile que les cam\u00e9ras mobiles rendent possible, et le LM2 porte cet engagement de valeur et de performance \u00e0 un niveau sup\u00e9rieur. Caract\u00e9ristiques principales : Toujours le meilleur r\u00e9seau partout en Europe L'antenne et le modem sont parfaitement adapt\u00e9s et choisissent automatiquement le r\u00e9seau le plus puissant. Vitesse d'obturation flexible R\u00e8gle la vitesse de r\u00e9action de l'appareil photo en fonction de l'environnement. Nouveau capteur d'image et plus grande port\u00e9e Am\u00e9lioration de la qualit\u00e9 de l'image, du flash IR et de la port\u00e9e de d\u00e9tection. Photo : - 20 megapixels - Appareil photo mobile pour animaux sauvages 3 mallest (7,9 x 5,6 x 11,2 cm) - Vitesse d'obturation de 0,5 sec. Bouton d'obturation flexible - Port\u00e9e du flash IR jusqu'\u00e0 28 m - Prise de vue multiple avec jusqu'\u00e0 2 images par prise de vue Mobile : - Plan de donn\u00e9es gratuit avec 100 images* - Transmission rapide d'images LTE - Carte SIM incluse et compatible avec la plupart des pays europ\u00e9ens (L'appareil photo ne peut \u00eatre utilis\u00e9 qu'avec la carte SIM fournie (SIM-LOCK) ! - Cam\u00e9ra enti\u00e8rement configurable via l'APP GRATUITE. M\u00e9moire\/puissance : - N\u00e9cessite une carte m\u00e9moire MicroSD de 32 Go maximum (non fournie). - Fonctionne avec 8 piles AA (non incluses) - Connexion \u00e0 l'alimentation 12V Autre : - Port\u00e9e de d\u00e9tection jusqu'\u00e0 28 m - Configuration de la d\u00e9croissance sur 7 jours via l'application - Peut \u00eatre utilis\u00e9 avec la pile au lithium SPYPOINT LIT-10 (non incluse)","og_url":"https:\/\/huntingeurope.be\/fr\/produit\/spypoint-link-micro-lte-twin-pack\/","og_site_name":"Hunting Europe","article_publisher":"https:\/\/www.facebook.com\/jachtwinkel.europe\/","article_modified_time":"2023-11-08T10:50:57+00:00","og_image":[{"width":1800,"height":1800,"url":"https:\/\/huntingeurope.be\/wp-content\/uploads\/2021\/10\/680610_1_1920x1920.jpg","type":"image\/jpeg"}],"twitter_card":"summary_large_image","twitter_misc":{"Dur\u00e9e de lecture estim\u00e9e":"1 minute"},"schema":{"@context":"https:\/\/schema.org","@graph":[{"@type":"WebPage","@id":"https:\/\/huntingeurope.be\/fr\/produit\/spypoint-link-micro-lte-twin-pack\/","url":"https:\/\/huntingeurope.be\/fr\/produit\/spypoint-link-micro-lte-twin-pack\/","name":"SPYPOINT LM2 Twin Pack - Hunting Europe","isPartOf":{"@id":"https:\/\/huntingeurope.be\/fr\/?lang=en\/#website"},"primaryImageOfPage":{"@id":"https:\/\/huntingeurope.be\/fr\/produit\/spypoint-link-micro-lte-twin-pack\/#primaryimage"},"image":{"@id":"https:\/\/huntingeurope.be\/fr\/produit\/spypoint-link-micro-lte-twin-pack\/#primaryimage"},"thumbnailUrl":"https:\/\/huntingeurope.be\/wp-content\/uploads\/2021\/10\/680610_1_1920x1920.jpg","datePublished":"2021-10-28T10:59:21+00:00","dateModified":"2023-11-08T10:50:57+00:00","breadcrumb":{"@id":"https:\/\/huntingeurope.be\/fr\/produit\/spypoint-link-micro-lte-twin-pack\/#breadcrumb"},"inLanguage":"fr-FR","potentialAction":[{"@type":"ReadAction","target":["https:\/\/huntingeurope.be\/fr\/produit\/spypoint-link-micro-lte-twin-pack\/"]}]},{"@type":"ImageObject","inLanguage":"fr-FR","@id":"https:\/\/huntingeurope.be\/fr\/produit\/spypoint-link-micro-lte-twin-pack\/#primaryimage","url":"https:\/\/huntingeurope.be\/wp-content\/uploads\/2021\/10\/680610_1_1920x1920.jpg","contentUrl":"https:\/\/huntingeurope.be\/wp-content\/uploads\/2021\/10\/680610_1_1920x1920.jpg","width":1800,"height":1800},{"@type":"BreadcrumbList","@id":"https:\/\/huntingeurope.be\/fr\/produit\/spypoint-link-micro-lte-twin-pack\/#breadcrumb","itemListElement":[{"@type":"ListItem","position":1,"name":"Home","item":"https:\/\/huntingeurope.be\/fr\/"},{"@type":"ListItem","position":2,"name":"Produits","item":"https:\/\/huntingeurope.be\/fr\/shop\/"},{"@type":"ListItem","position":3,"name":"SPYPOINT LM2 Twin Pack"}]},{"@type":"WebSite","@id":"https:\/\/huntingeurope.be\/fr\/?lang=en\/#website","url":"https:\/\/huntingeurope.be\/fr\/?lang=en\/","name":"Hunting Europe","description":"Alles voor de jacht","publisher":{"@id":"https:\/\/huntingeurope.be\/fr\/?lang=en\/#organization"},"potentialAction":[{"@type":"SearchAction","target":{"@type":"EntryPoint","urlTemplate":"https:\/\/huntingeurope.be\/fr\/?lang=en\/?s={search_term_string}"},"query-input":{"@type":"PropertyValueSpecification","valueRequired":true,"valueName":"search_term_string"}}],"inLanguage":"fr-FR"},{"@type":"Organization","@id":"https:\/\/huntingeurope.be\/fr\/?lang=en\/#organization","name":"Hunting Europe","url":"https:\/\/huntingeurope.be\/fr\/?lang=en\/","logo":{"@type":"ImageObject","inLanguage":"fr-FR","@id":"https:\/\/huntingeurope.be\/fr\/?lang=en\/#\/schema\/logo\/image\/","url":"https:\/\/huntingeurope.be\/wp-content\/uploads\/2021\/10\/Huntingeurope-1-1.png","contentUrl":"https:\/\/huntingeurope.be\/wp-content\/uploads\/2021\/10\/Huntingeurope-1-1.png","width":280,"height":179,"caption":"Hunting Europe"},"image":{"@id":"https:\/\/huntingeurope.be\/fr\/?lang=en\/#\/schema\/logo\/image\/"},"sameAs":["https:\/\/www.facebook.com\/jachtwinkel.europe\/","https:\/\/www.instagram.com\/huntingeurope\/","https:\/\/www.youtube.com\/user\/NickolaySmet\/videos?view_as=subscriber"]}]}},"df_price":390,"df_sale_price":"","df_regular_price":390,"df_image_link":"https:\/\/huntingeurope.be\/wp-content\/uploads\/2021\/10\/680610_1_1920x1920-300x300.jpg","_links":{"self":[{"href":"https:\/\/huntingeurope.be\/fr\/wp-json\/wp\/v2\/product\/29534","targetHints":{"allow":["GET"]}}],"collection":[{"href":"https:\/\/huntingeurope.be\/fr\/wp-json\/wp\/v2\/product"}],"about":[{"href":"https:\/\/huntingeurope.be\/fr\/wp-json\/wp\/v2\/types\/product"}],"wp:featuredmedia":[{"embeddable":true,"href":"https:\/\/huntingeurope.be\/fr\/wp-json\/wp\/v2\/media\/44061"}],"wp:attachment":[{"href":"https:\/\/huntingeurope.be\/fr\/wp-json\/wp\/v2\/media?parent=29534"}],"wp:term":[{"taxonomy":"product_brand","embeddable":true,"href":"https:\/\/huntingeurope.be\/fr\/wp-json\/wp\/v2\/product_brand?post=29534"},{"taxonomy":"product_cat","embeddable":true,"href":"https:\/\/huntingeurope.be\/fr\/wp-json\/wp\/v2\/product_cat?post=29534"},{"taxonomy":"product_tag","embeddable":true,"href":"https:\/\/huntingeurope.be\/fr\/wp-json\/wp\/v2\/product_tag?post=29534"}],"curies":[{"name":"wp","href":"https:\/\/api.w.org\/{rel}","templated":true}]}}