{"id":28452,"date":"2021-10-27T13:39:40","date_gmt":"2021-10-28T10:31:16","guid":{"rendered":"https:\/\/huntingeurope.be\/?post_type=product&#038;p=28452"},"modified":"2021-12-16T11:16:03","modified_gmt":"2021-12-16T10:16:03","slug":"pinces-de-trophees-10-pieces","status":"publish","type":"product","link":"https:\/\/huntingeurope.be\/fr\/produit\/pinces-de-trophees-10-pieces\/","title":{"rendered":"Pinces de troph\u00e9es 10 pi\u00e8ces"},"content":{"rendered":"<p>Pinces de troph\u00e9es pour les chevreuils, les daims et les cerfs. Gr\u00e2ce \u00e0 ces pinces, vous pouvez rapidement et facilement visser le troph\u00e9e sur la planche \u00e0 troph\u00e9es.<\/p>\n<p>Attention : si le cr\u00e2ne s\u00e8che encore apr\u00e8s le montage, ou si le troph\u00e9e est accroch\u00e9 dans une pi\u00e8ce dont la temp\u00e9rature est diff\u00e9rente, le bois de la planche et le m\u00e9tal du fermoir peuvent encore bouger l\u00e9g\u00e8rement. Dans ce cas, v\u00e9rifiez que le boulon est toujours bien serr\u00e9. Faites-le \u00e9galement apr\u00e8s avoir transport\u00e9 le troph\u00e9e !<\/p>\n<p>Vendu par 10 pi\u00e8ces<\/p>\n","protected":false},"excerpt":{"rendered":"<p>Pinces de troph\u00e9es pour les chevreuils, les daims et les cerfs. Gr\u00e2ce \u00e0 ces pinces, vous pouvez rapidement et facilement visser le troph\u00e9e sur la&#8230;<\/p>\n","protected":false},"featured_media":18741,"template":"","meta":{"_joinchat":[]},"product_brand":[],"product_cat":[537],"product_tag":[],"class_list":{"0":"post-28452","1":"product","2":"type-product","3":"status-publish","4":"has-post-thumbnail","6":"product_cat-porte-trophee","8":"first","9":"instock","10":"taxable","11":"shipping-taxable","12":"purchasable","13":"product-type-variable"},"yoast_head":"<!-- This site is optimized with the Yoast SEO plugin v27.6 - https:\/\/yoast.com\/product\/yoast-seo-wordpress\/ -->\n<title>Pinces de troph\u00e9es 10 pi\u00e8ces - Hunting Europe<\/title>\n<meta name=\"robots\" content=\"index, follow, max-snippet:-1, max-image-preview:large, max-video-preview:-1\" \/>\n<link rel=\"canonical\" href=\"https:\/\/huntingeurope.be\/fr\/produit\/pinces-de-trophees-10-pieces\/\" \/>\n<meta property=\"og:locale\" content=\"fr_FR\" \/>\n<meta property=\"og:type\" content=\"article\" \/>\n<meta property=\"og:title\" content=\"Pinces de troph\u00e9es 10 pi\u00e8ces - Hunting Europe\" \/>\n<meta property=\"og:description\" content=\"Pinces de troph\u00e9es pour les chevreuils, les daims et les cerfs. Gr\u00e2ce \u00e0 ces pinces, vous pouvez rapidement et facilement visser le troph\u00e9e sur la...\" \/>\n<meta property=\"og:url\" content=\"https:\/\/huntingeurope.be\/fr\/produit\/pinces-de-trophees-10-pieces\/\" \/>\n<meta property=\"og:site_name\" content=\"Hunting Europe\" \/>\n<meta property=\"article:publisher\" content=\"https:\/\/www.facebook.com\/jachtwinkel.europe\/\" \/>\n<meta property=\"article:modified_time\" content=\"2021-12-16T10:16:03+00:00\" \/>\n<meta property=\"og:image\" content=\"https:\/\/huntingeurope.be\/wp-content\/uploads\/2021\/10\/Klem-trofee-Huntingeurope-2.jpg\" \/>\n\t<meta property=\"og:image:width\" content=\"600\" \/>\n\t<meta property=\"og:image:height\" content=\"600\" \/>\n\t<meta property=\"og:image:type\" content=\"image\/jpeg\" \/>\n<meta name=\"twitter:card\" content=\"summary_large_image\" \/>\n<meta name=\"twitter:label1\" content=\"Dur\u00e9e de lecture estim\u00e9e\" \/>\n\t<meta name=\"twitter:data1\" content=\"1 minute\" \/>\n<script type=\"application\/ld+json\" class=\"yoast-schema-graph\">{\"@context\":\"https:\\\/\\\/schema.org\",\"@graph\":[{\"@type\":\"WebPage\",\"@id\":\"https:\\\/\\\/huntingeurope.be\\\/fr\\\/produit\\\/pinces-de-trophees-10-pieces\\\/\",\"url\":\"https:\\\/\\\/huntingeurope.be\\\/fr\\\/produit\\\/pinces-de-trophees-10-pieces\\\/\",\"name\":\"Pinces de troph\u00e9es 10 pi\u00e8ces - Hunting Europe\",\"isPartOf\":{\"@id\":\"https:\\\/\\\/huntingeurope.be\\\/fr\\\/?lang=en\\\/#website\"},\"primaryImageOfPage\":{\"@id\":\"https:\\\/\\\/huntingeurope.be\\\/fr\\\/produit\\\/pinces-de-trophees-10-pieces\\\/#primaryimage\"},\"image\":{\"@id\":\"https:\\\/\\\/huntingeurope.be\\\/fr\\\/produit\\\/pinces-de-trophees-10-pieces\\\/#primaryimage\"},\"thumbnailUrl\":\"https:\\\/\\\/huntingeurope.be\\\/wp-content\\\/uploads\\\/2021\\\/10\\\/Klem-trofee-Huntingeurope-2.jpg\",\"datePublished\":\"2021-10-28T10:31:16+00:00\",\"dateModified\":\"2021-12-16T10:16:03+00:00\",\"breadcrumb\":{\"@id\":\"https:\\\/\\\/huntingeurope.be\\\/fr\\\/produit\\\/pinces-de-trophees-10-pieces\\\/#breadcrumb\"},\"inLanguage\":\"fr-FR\",\"potentialAction\":[{\"@type\":\"ReadAction\",\"target\":[\"https:\\\/\\\/huntingeurope.be\\\/fr\\\/produit\\\/pinces-de-trophees-10-pieces\\\/\"]}]},{\"@type\":\"ImageObject\",\"inLanguage\":\"fr-FR\",\"@id\":\"https:\\\/\\\/huntingeurope.be\\\/fr\\\/produit\\\/pinces-de-trophees-10-pieces\\\/#primaryimage\",\"url\":\"https:\\\/\\\/huntingeurope.be\\\/wp-content\\\/uploads\\\/2021\\\/10\\\/Klem-trofee-Huntingeurope-2.jpg\",\"contentUrl\":\"https:\\\/\\\/huntingeurope.be\\\/wp-content\\\/uploads\\\/2021\\\/10\\\/Klem-trofee-Huntingeurope-2.jpg\",\"width\":600,\"height\":600},{\"@type\":\"BreadcrumbList\",\"@id\":\"https:\\\/\\\/huntingeurope.be\\\/fr\\\/produit\\\/pinces-de-trophees-10-pieces\\\/#breadcrumb\",\"itemListElement\":[{\"@type\":\"ListItem\",\"position\":1,\"name\":\"Home\",\"item\":\"https:\\\/\\\/huntingeurope.be\\\/fr\\\/\"},{\"@type\":\"ListItem\",\"position\":2,\"name\":\"Produits\",\"item\":\"https:\\\/\\\/huntingeurope.be\\\/fr\\\/shop\\\/\"},{\"@type\":\"ListItem\",\"position\":3,\"name\":\"Pinces de troph\u00e9es 10 pi\u00e8ces\"}]},{\"@type\":\"WebSite\",\"@id\":\"https:\\\/\\\/huntingeurope.be\\\/fr\\\/?lang=en\\\/#website\",\"url\":\"https:\\\/\\\/huntingeurope.be\\\/fr\\\/?lang=en\\\/\",\"name\":\"Hunting Europe\",\"description\":\"Alles voor de jacht\",\"publisher\":{\"@id\":\"https:\\\/\\\/huntingeurope.be\\\/fr\\\/?lang=en\\\/#organization\"},\"potentialAction\":[{\"@type\":\"SearchAction\",\"target\":{\"@type\":\"EntryPoint\",\"urlTemplate\":\"https:\\\/\\\/huntingeurope.be\\\/fr\\\/?lang=en\\\/?s={search_term_string}\"},\"query-input\":{\"@type\":\"PropertyValueSpecification\",\"valueRequired\":true,\"valueName\":\"search_term_string\"}}],\"inLanguage\":\"fr-FR\"},{\"@type\":\"Organization\",\"@id\":\"https:\\\/\\\/huntingeurope.be\\\/fr\\\/?lang=en\\\/#organization\",\"name\":\"Hunting Europe\",\"url\":\"https:\\\/\\\/huntingeurope.be\\\/fr\\\/?lang=en\\\/\",\"logo\":{\"@type\":\"ImageObject\",\"inLanguage\":\"fr-FR\",\"@id\":\"https:\\\/\\\/huntingeurope.be\\\/fr\\\/?lang=en\\\/#\\\/schema\\\/logo\\\/image\\\/\",\"url\":\"https:\\\/\\\/huntingeurope.be\\\/wp-content\\\/uploads\\\/2021\\\/10\\\/Huntingeurope-1-1.png\",\"contentUrl\":\"https:\\\/\\\/huntingeurope.be\\\/wp-content\\\/uploads\\\/2021\\\/10\\\/Huntingeurope-1-1.png\",\"width\":280,\"height\":179,\"caption\":\"Hunting Europe\"},\"image\":{\"@id\":\"https:\\\/\\\/huntingeurope.be\\\/fr\\\/?lang=en\\\/#\\\/schema\\\/logo\\\/image\\\/\"},\"sameAs\":[\"https:\\\/\\\/www.facebook.com\\\/jachtwinkel.europe\\\/\",\"https:\\\/\\\/www.instagram.com\\\/huntingeurope\\\/\",\"https:\\\/\\\/www.youtube.com\\\/user\\\/NickolaySmet\\\/videos?view_as=subscriber\"]}]}<\/script>\n<!-- \/ Yoast SEO plugin. -->","yoast_head_json":{"title":"Pinces de troph\u00e9es 10 pi\u00e8ces - Hunting Europe","robots":{"index":"index","follow":"follow","max-snippet":"max-snippet:-1","max-image-preview":"max-image-preview:large","max-video-preview":"max-video-preview:-1"},"canonical":"https:\/\/huntingeurope.be\/fr\/produit\/pinces-de-trophees-10-pieces\/","og_locale":"fr_FR","og_type":"article","og_title":"Pinces de troph\u00e9es 10 pi\u00e8ces - Hunting Europe","og_description":"Pinces de troph\u00e9es pour les chevreuils, les daims et les cerfs. Gr\u00e2ce \u00e0 ces pinces, vous pouvez rapidement et facilement visser le troph\u00e9e sur la...","og_url":"https:\/\/huntingeurope.be\/fr\/produit\/pinces-de-trophees-10-pieces\/","og_site_name":"Hunting Europe","article_publisher":"https:\/\/www.facebook.com\/jachtwinkel.europe\/","article_modified_time":"2021-12-16T10:16:03+00:00","og_image":[{"width":600,"height":600,"url":"https:\/\/huntingeurope.be\/wp-content\/uploads\/2021\/10\/Klem-trofee-Huntingeurope-2.jpg","type":"image\/jpeg"}],"twitter_card":"summary_large_image","twitter_misc":{"Dur\u00e9e de lecture estim\u00e9e":"1 minute"},"schema":{"@context":"https:\/\/schema.org","@graph":[{"@type":"WebPage","@id":"https:\/\/huntingeurope.be\/fr\/produit\/pinces-de-trophees-10-pieces\/","url":"https:\/\/huntingeurope.be\/fr\/produit\/pinces-de-trophees-10-pieces\/","name":"Pinces de troph\u00e9es 10 pi\u00e8ces - Hunting Europe","isPartOf":{"@id":"https:\/\/huntingeurope.be\/fr\/?lang=en\/#website"},"primaryImageOfPage":{"@id":"https:\/\/huntingeurope.be\/fr\/produit\/pinces-de-trophees-10-pieces\/#primaryimage"},"image":{"@id":"https:\/\/huntingeurope.be\/fr\/produit\/pinces-de-trophees-10-pieces\/#primaryimage"},"thumbnailUrl":"https:\/\/huntingeurope.be\/wp-content\/uploads\/2021\/10\/Klem-trofee-Huntingeurope-2.jpg","datePublished":"2021-10-28T10:31:16+00:00","dateModified":"2021-12-16T10:16:03+00:00","breadcrumb":{"@id":"https:\/\/huntingeurope.be\/fr\/produit\/pinces-de-trophees-10-pieces\/#breadcrumb"},"inLanguage":"fr-FR","potentialAction":[{"@type":"ReadAction","target":["https:\/\/huntingeurope.be\/fr\/produit\/pinces-de-trophees-10-pieces\/"]}]},{"@type":"ImageObject","inLanguage":"fr-FR","@id":"https:\/\/huntingeurope.be\/fr\/produit\/pinces-de-trophees-10-pieces\/#primaryimage","url":"https:\/\/huntingeurope.be\/wp-content\/uploads\/2021\/10\/Klem-trofee-Huntingeurope-2.jpg","contentUrl":"https:\/\/huntingeurope.be\/wp-content\/uploads\/2021\/10\/Klem-trofee-Huntingeurope-2.jpg","width":600,"height":600},{"@type":"BreadcrumbList","@id":"https:\/\/huntingeurope.be\/fr\/produit\/pinces-de-trophees-10-pieces\/#breadcrumb","itemListElement":[{"@type":"ListItem","position":1,"name":"Home","item":"https:\/\/huntingeurope.be\/fr\/"},{"@type":"ListItem","position":2,"name":"Produits","item":"https:\/\/huntingeurope.be\/fr\/shop\/"},{"@type":"ListItem","position":3,"name":"Pinces de troph\u00e9es 10 pi\u00e8ces"}]},{"@type":"WebSite","@id":"https:\/\/huntingeurope.be\/fr\/?lang=en\/#website","url":"https:\/\/huntingeurope.be\/fr\/?lang=en\/","name":"Hunting Europe","description":"Alles voor de jacht","publisher":{"@id":"https:\/\/huntingeurope.be\/fr\/?lang=en\/#organization"},"potentialAction":[{"@type":"SearchAction","target":{"@type":"EntryPoint","urlTemplate":"https:\/\/huntingeurope.be\/fr\/?lang=en\/?s={search_term_string}"},"query-input":{"@type":"PropertyValueSpecification","valueRequired":true,"valueName":"search_term_string"}}],"inLanguage":"fr-FR"},{"@type":"Organization","@id":"https:\/\/huntingeurope.be\/fr\/?lang=en\/#organization","name":"Hunting Europe","url":"https:\/\/huntingeurope.be\/fr\/?lang=en\/","logo":{"@type":"ImageObject","inLanguage":"fr-FR","@id":"https:\/\/huntingeurope.be\/fr\/?lang=en\/#\/schema\/logo\/image\/","url":"https:\/\/huntingeurope.be\/wp-content\/uploads\/2021\/10\/Huntingeurope-1-1.png","contentUrl":"https:\/\/huntingeurope.be\/wp-content\/uploads\/2021\/10\/Huntingeurope-1-1.png","width":280,"height":179,"caption":"Hunting Europe"},"image":{"@id":"https:\/\/huntingeurope.be\/fr\/?lang=en\/#\/schema\/logo\/image\/"},"sameAs":["https:\/\/www.facebook.com\/jachtwinkel.europe\/","https:\/\/www.instagram.com\/huntingeurope\/","https:\/\/www.youtube.com\/user\/NickolaySmet\/videos?view_as=subscriber"]}]}},"df_price":49.5,"df_sale_price":"","df_regular_price":49.5,"df_image_link":"https:\/\/huntingeurope.be\/wp-content\/uploads\/2021\/10\/Klem-trofee-Huntingeurope-2-300x300.jpg","_links":{"self":[{"href":"https:\/\/huntingeurope.be\/fr\/wp-json\/wp\/v2\/product\/28452","targetHints":{"allow":["GET"]}}],"collection":[{"href":"https:\/\/huntingeurope.be\/fr\/wp-json\/wp\/v2\/product"}],"about":[{"href":"https:\/\/huntingeurope.be\/fr\/wp-json\/wp\/v2\/types\/product"}],"wp:featuredmedia":[{"embeddable":true,"href":"https:\/\/huntingeurope.be\/fr\/wp-json\/wp\/v2\/media\/18741"}],"wp:attachment":[{"href":"https:\/\/huntingeurope.be\/fr\/wp-json\/wp\/v2\/media?parent=28452"}],"wp:term":[{"taxonomy":"product_brand","embeddable":true,"href":"https:\/\/huntingeurope.be\/fr\/wp-json\/wp\/v2\/product_brand?post=28452"},{"taxonomy":"product_cat","embeddable":true,"href":"https:\/\/huntingeurope.be\/fr\/wp-json\/wp\/v2\/product_cat?post=28452"},{"taxonomy":"product_tag","embeddable":true,"href":"https:\/\/huntingeurope.be\/fr\/wp-json\/wp\/v2\/product_tag?post=28452"}],"curies":[{"name":"wp","href":"https:\/\/api.w.org\/{rel}","templated":true}]}}